{"id":6180,"date":"2025-11-19T01:56:39","date_gmt":"2025-11-18T22:56:39","guid":{"rendered":"https:\/\/hydrolite.eu\/?post_type=product&#038;p=6180"},"modified":"2025-11-19T01:56:39","modified_gmt":"2025-11-18T22:56:39","slug":"zgc858-specialkatjonbytarharts-for-jarnborttagning-och-vattenavhardning","status":"publish","type":"product","link":"https:\/\/hydrolite.eu\/sv\/product\/zgc858-specialkatjonbytarharts-for-jarnborttagning-och-vattenavhardning\/","title":{"rendered":"ZGC858 Specialkatjonbytarharts f\u00f6r j\u00e4rnborttagning och vattenavh\u00e4rdning"},"content":{"rendered":"<p><span style=\"vertical-align: inherit;\"><span style=\"vertical-align: inherit;\"><span dir=\"auto\" style=\"vertical-align: inherit;\"><span dir=\"auto\" style=\"vertical-align: inherit;\">ZGC858 \u00e4r ett starkt surt katjonbytarharts med en inert k\u00e4rna. Det \u00e4r utformat f\u00f6r effektiv och l\u00e5ngsiktig borttagning av j\u00e4rn och tungmetaller samt vattenavh\u00e4rdning. Det har h\u00f6g utbyteskapacitet och utm\u00e4rkt fysikalisk och kemisk stabilitet.<\/span><\/span><\/span><\/span><\/p>\n<p><span style=\"vertical-align: inherit;\"><span style=\"vertical-align: inherit;\"><span dir=\"auto\" style=\"vertical-align: inherit;\"><span dir=\"auto\" style=\"vertical-align: inherit;\">De funktionella grupperna \u00e4r endast bel\u00e4gna p\u00e5 hartsytan och \u00e4r mycket t\u00e4tt placerade. Som ett resultat sker alla jonbytesreaktioner uteslutande p\u00e5 hartsytan, vilket f\u00f6rhindrar jonl\u00e4ckage och s\u00e4kerst\u00e4ller fullst\u00e4ndig harts\u00e5tervinning.<\/span><\/span><\/span><\/span><\/p>\n<p><span style=\"vertical-align: inherit;\"><span style=\"vertical-align: inherit;\"><span dir=\"auto\" style=\"vertical-align: inherit;\"><span dir=\"auto\" style=\"vertical-align: inherit;\">Vid avl\u00e4gsnande av tungmetaller som j\u00e4rn och zink uppvisar ZGC858-harts \u00f6verl\u00e4gsen prestanda j\u00e4mf\u00f6rt med konventionella sulfonbyteshartser, inklusive h\u00f6g uttv\u00e4ttningseffektivitet, h\u00f6ga regenereringshastigheter, l\u00e5g vattenf\u00f6rbrukning och utm\u00e4rkta demineraliseringsegenskaper, vilket resulterar i \u00f6verl\u00e4gsen prestanda. J\u00e4mf\u00f6rt med konventionella katjonbyteshartser \u00e4r expansionen och utbytet av tungmetalljoner med detta harts dessutom l\u00e5ngsammare, vilket g\u00f6r ZGC858-harts idealiskt f\u00f6r att avl\u00e4gsna j\u00e4rn, zink och andra tungmetaller fr\u00e5n vattenhaltiga och icke-vattenhaltiga l\u00f6sningar.<\/span><\/span><\/span><\/span><\/p>\n<p><span style=\"vertical-align: inherit;\"><span style=\"vertical-align: inherit;\"><span dir=\"auto\" style=\"vertical-align: inherit;\"><span dir=\"auto\" style=\"vertical-align: inherit;\">Under regenerering, med kortare diffusionsv\u00e4gar, kan regenereringsl\u00f6sningen fritt och fullst\u00e4ndigt passera genom de interna hartslagren med h\u00f6g hastighet, vilket \u00f6kar regenereringshastigheten. Eftersom regenereringshastigheten \u00e4r tillr\u00e4ckligt h\u00f6g under denna process kan en h\u00f6g grad av demineralisering uppn\u00e5s och vattenl\u00e4ckage vid utloppet kan minskas. Dessutom underl\u00e4ttar urlakningsprocessen som utf\u00f6rs efter regenerering avl\u00e4gsnandet av f\u00e4llningar, vilket minskar vattenf\u00f6rbrukningen.<\/span><\/span><\/span><\/span><\/p>\n<p><span style=\"vertical-align: inherit;\"><span style=\"vertical-align: inherit;\"><span dir=\"auto\" style=\"vertical-align: inherit;\"><span dir=\"auto\" style=\"vertical-align: inherit;\">Tack vare sina unika egenskaper \u00e4r ZGC858 den b\u00e4sta produkten f\u00f6r att mjukg\u00f6ra vatten, avl\u00e4gsna j\u00e4rn och mangan.<\/span><\/span><\/span><\/span><\/p>\n<p><strong>\u00a0<\/strong><\/p>\n<p><strong><span style=\"vertical-align: inherit;\"><span style=\"vertical-align: inherit;\"><span dir=\"auto\" style=\"vertical-align: inherit;\"><span dir=\"auto\" style=\"vertical-align: inherit;\">Tekniska specifikationer<\/span><\/span><\/span><\/span><\/strong><\/p>\n<p>&nbsp;<\/p>\n<table>\n<tbody>\n<tr>\n<td><span style=\"vertical-align: inherit;\"><span style=\"vertical-align: inherit;\"><span dir=\"auto\" style=\"vertical-align: inherit;\"><span dir=\"auto\" style=\"vertical-align: inherit;\">Utseende<\/span><\/span><\/span><\/span><\/td>\n<td><span style=\"vertical-align: inherit;\"><span style=\"vertical-align: inherit;\"><span dir=\"auto\" style=\"vertical-align: inherit;\"><span dir=\"auto\" style=\"vertical-align: inherit;\">Svartbruna sf\u00e4riska granuler<\/span><\/span><\/span><\/span><\/td>\n<\/tr>\n<tr>\n<td><span style=\"vertical-align: inherit;\"><span style=\"vertical-align: inherit;\"><span dir=\"auto\" style=\"vertical-align: inherit;\"><span dir=\"auto\" style=\"vertical-align: inherit;\">Antal hela sf\u00e4riska partiklar<\/span><\/span><\/span><\/span><\/td>\n<td><span style=\"vertical-align: inherit;\"><span style=\"vertical-align: inherit;\"><span dir=\"auto\" style=\"vertical-align: inherit;\"><span dir=\"auto\" style=\"vertical-align: inherit;\">\u00a0&gt; 95 %<\/span><\/span><\/span><\/span><\/td>\n<\/tr>\n<tr>\n<td><span style=\"vertical-align: inherit;\"><span style=\"vertical-align: inherit;\"><span dir=\"auto\" style=\"vertical-align: inherit;\"><span dir=\"auto\" style=\"vertical-align: inherit;\">Jonisk form<\/span><\/span><\/span><\/span><\/td>\n<td><span style=\"vertical-align: inherit;\"><span style=\"vertical-align: inherit;\"><span dir=\"auto\" style=\"vertical-align: inherit;\"><span dir=\"auto\" style=\"vertical-align: inherit;\">Vad<\/span><\/span><\/span><\/span><\/td>\n<\/tr>\n<tr>\n<td><span style=\"vertical-align: inherit;\"><span style=\"vertical-align: inherit;\"><span dir=\"auto\" style=\"vertical-align: inherit;\"><span dir=\"auto\" style=\"vertical-align: inherit;\">Storlek p\u00e5 delar<\/span><\/span><\/span><\/span><\/td>\n<td><span dir=\"auto\" style=\"vertical-align: inherit;\"><span dir=\"auto\" style=\"vertical-align: inherit;\">0,315\u20131,250 mm &gt; 95 %<\/span><\/span><\/td>\n<\/tr>\n<tr>\n<td><span style=\"vertical-align: inherit;\"><span style=\"vertical-align: inherit;\"><span dir=\"auto\" style=\"vertical-align: inherit;\"><span dir=\"auto\" style=\"vertical-align: inherit;\">Fukthalt, %<\/span><\/span><\/span><\/span><\/td>\n<td><span style=\"vertical-align: inherit;\"><span style=\"vertical-align: inherit;\"><span dir=\"auto\" style=\"vertical-align: inherit;\"><span dir=\"auto\" style=\"vertical-align: inherit;\">48\u201356<\/span><\/span><\/span><\/span><\/td>\n<\/tr>\n<tr>\n<td><span style=\"vertical-align: inherit;\"><span style=\"vertical-align: inherit;\"><span dir=\"auto\" style=\"vertical-align: inherit;\"><span dir=\"auto\" style=\"vertical-align: inherit;\">Total utbyteskapacitet, mmol\/g<\/span><\/span><\/span><\/span><\/td>\n<td><span style=\"vertical-align: inherit;\"><span style=\"vertical-align: inherit;\"><span dir=\"auto\" style=\"vertical-align: inherit;\"><span dir=\"auto\" style=\"vertical-align: inherit;\">&gt;3,10<\/span><\/span><\/span><\/span><\/td>\n<\/tr>\n<tr>\n<td><span style=\"vertical-align: inherit;\"><span style=\"vertical-align: inherit;\"><span dir=\"auto\" style=\"vertical-align: inherit;\"><span dir=\"auto\" style=\"vertical-align: inherit;\">Total utbyteskapacitet, mmol\/ml<\/span><\/span><\/span><\/span><\/td>\n<td><span style=\"vertical-align: inherit;\"><span style=\"vertical-align: inherit;\"><span dir=\"auto\" style=\"vertical-align: inherit;\"><span dir=\"auto\" style=\"vertical-align: inherit;\">&gt;1,10<\/span><\/span><\/span><\/span><\/td>\n<\/tr>\n<tr>\n<td><span style=\"vertical-align: inherit;\"><span style=\"vertical-align: inherit;\"><span dir=\"auto\" style=\"vertical-align: inherit;\"><span dir=\"auto\" style=\"vertical-align: inherit;\">Rekommenderad ber\u00e4knad kapacitet mmol\/ml<\/span><\/span><\/span><\/span><\/td>\n<td><span style=\"vertical-align: inherit;\"><span style=\"vertical-align: inherit;\"><span dir=\"auto\" style=\"vertical-align: inherit;\"><span dir=\"auto\" style=\"vertical-align: inherit;\">0,8<\/span><\/span><\/span><\/span><\/td>\n<\/tr>\n<tr>\n<td><span style=\"vertical-align: inherit;\"><span style=\"vertical-align: inherit;\"><span dir=\"auto\" style=\"vertical-align: inherit;\"><span dir=\"auto\" style=\"vertical-align: inherit;\">Kapacitet f\u00f6r j\u00e4rnjoner, gram per 1 liter<\/span><\/span><\/span><\/span><\/td>\n<td><span style=\"vertical-align: inherit;\"><span style=\"vertical-align: inherit;\"><span dir=\"auto\" style=\"vertical-align: inherit;\"><span dir=\"auto\" style=\"vertical-align: inherit;\">14<\/span><\/span><\/span><\/span><\/td>\n<\/tr>\n<tr>\n<td><span style=\"vertical-align: inherit;\"><span style=\"vertical-align: inherit;\"><span dir=\"auto\" style=\"vertical-align: inherit;\"><span dir=\"auto\" style=\"vertical-align: inherit;\">Packning i plasthinkar, l.<\/span><\/span><\/span><\/span><\/td>\n<td><span style=\"vertical-align: inherit;\"><span style=\"vertical-align: inherit;\"><span dir=\"auto\" style=\"vertical-align: inherit;\"><span dir=\"auto\" style=\"vertical-align: inherit;\">25<\/span><\/span><\/span><\/span><\/td>\n<\/tr>\n<\/tbody>\n<\/table>\n","protected":false},"excerpt":{"rendered":"<p>ZGC858 \u00e4r ett starkt surt katjonbytarharts med en inert k\u00e4rna. Det \u00e4r utformat f\u00f6r effektiv och l\u00e5ngsiktig borttagning av j\u00e4rn och tungmetaller samt vattenavh\u00e4rdning. Det har h\u00f6g utbyteskapacitet och utm\u00e4rkt fysikalisk och kemisk stabilitet. De funktionella grupperna \u00e4r endast bel\u00e4gna p\u00e5 hartsytan och \u00e4r mycket t\u00e4tt placerade. Som ett resultat sker alla jonbytesreaktioner uteslutande p\u00e5&#8230;<\/p>\n","protected":false},"featured_media":6185,"comment_status":"closed","ping_status":"closed","template":"","meta":[],"product_cat":[749],"product_tag":[],"class_list":["post-6180","product","type-product","status-publish","has-post-thumbnail","hentry","product_cat-okategoriserad"],"_links":{"self":[{"href":"https:\/\/hydrolite.eu\/sv\/wp-json\/wp\/v2\/product\/6180","targetHints":{"allow":["GET"]}}],"collection":[{"href":"https:\/\/hydrolite.eu\/sv\/wp-json\/wp\/v2\/product"}],"about":[{"href":"https:\/\/hydrolite.eu\/sv\/wp-json\/wp\/v2\/types\/product"}],"replies":[{"embeddable":true,"href":"https:\/\/hydrolite.eu\/sv\/wp-json\/wp\/v2\/comments?post=6180"}],"wp:featuredmedia":[{"embeddable":true,"href":"https:\/\/hydrolite.eu\/sv\/wp-json\/wp\/v2\/media\/6185"}],"wp:attachment":[{"href":"https:\/\/hydrolite.eu\/sv\/wp-json\/wp\/v2\/media?parent=6180"}],"wp:term":[{"taxonomy":"product_cat","embeddable":true,"href":"https:\/\/hydrolite.eu\/sv\/wp-json\/wp\/v2\/product_cat?post=6180"},{"taxonomy":"product_tag","embeddable":true,"href":"https:\/\/hydrolite.eu\/sv\/wp-json\/wp\/v2\/product_tag?post=6180"}],"curies":[{"name":"wp","href":"https:\/\/api.w.org\/{rel}","templated":true}]}}