{"id":5976,"date":"2025-09-21T13:39:20","date_gmt":"2025-11-09T19:04:58","guid":{"rendered":"https:\/\/hydrolite.eu\/?post_type=product&#038;p=5976"},"modified":"2025-11-09T22:04:58","modified_gmt":"2025-11-09T19:04:58","slug":"zga-351-mb-styrenserien-makroporos-starkt-basisk-anjonharts","status":"publish","type":"product","link":"https:\/\/hydrolite.eu\/sv\/product\/zga-351-mb-styrenserien-makroporos-starkt-basisk-anjonharts\/","title":{"rendered":"ZGA 351 MB styrenserien makropor\u00f6s starkt basisk anjonharts"},"content":{"rendered":"<table border=\"0\" width=\"100%\" cellspacing=\"1\" cellpadding=\"0\" align=\"center\" bgcolor=\"dee8f3\">\n<tbody>\n<tr>\n<td align=\"left\" bgcolor=\"054696\" width=\"70%\" height=\"50\">\n<div class=\"zzzzz1\" align=\"center\"><span style=\"vertical-align: inherit;\"><span style=\"vertical-align: inherit;\"><span dir=\"auto\" style=\"vertical-align: inherit;\"><span dir=\"auto\" style=\"vertical-align: inherit;\">ZGA 351 MB styrenserien makropor\u00f6s starkt basisk anjonharts<\/span><\/span><\/span><\/span><\/div>\n<\/td>\n<\/tr>\n<tr>\n<td style=\"padding: 20px;\" align=\"left\" bgcolor=\"#FFFFFF\"><strong><span style=\"vertical-align: inherit;\"><span style=\"vertical-align: inherit;\"><span dir=\"auto\" style=\"vertical-align: inherit;\"><span dir=\"auto\" style=\"vertical-align: inherit;\">1. Beskrivning<\/span><\/span><\/span><\/span><\/strong><\/p>\n<p align=\"justify\"><span style=\"vertical-align: inherit;\"><span style=\"vertical-align: inherit;\"><span dir=\"auto\" style=\"vertical-align: inherit;\"><span dir=\"auto\" style=\"vertical-align: inherit;\">&#8221;Hydrolite&#8221; ZGA 351MB \u00e4r en typ av anjonbytarharts som inneh\u00e5ller en kvatern\u00e4r ammoniumgrupp [-N(CH3 <\/span><\/span><\/span><\/span><sub><span style=\"vertical-align: inherit;\"><span style=\"vertical-align: inherit;\"><span dir=\"auto\" style=\"vertical-align: inherit;\"><span dir=\"auto\" style=\"vertical-align: inherit;\">)<\/span><\/span><\/span><\/span><\/sub><span style=\"vertical-align: inherit;\"><span style=\"vertical-align: inherit;\"><span dir=\"auto\" style=\"vertical-align: inherit;\"><span dir=\"auto\" style=\"vertical-align: inherit;\"> 3OH <\/span><\/span><\/span><\/span><sub><span style=\"vertical-align: inherit;\"><span style=\"vertical-align: inherit;\"><span dir=\"auto\" style=\"vertical-align: inherit;\"><span dir=\"auto\" style=\"vertical-align: inherit;\">]<\/span><\/span><\/span><\/span><\/sub><span style=\"vertical-align: inherit;\"><span style=\"vertical-align: inherit;\"><span dir=\"auto\" style=\"vertical-align: inherit;\"><span dir=\"auto\" style=\"vertical-align: inherit;\"> i en dietylen-bensen-sampolymer av tv\u00e4ttkvalitet med en makropor\u00f6s struktur. Den anv\u00e4nds fr\u00e4mst f\u00f6r att producera rent och ultrarent vatten i blandade system och k\u00e4nnetecknas av utm\u00e4rkta hydrauliska egenskaper, fysikalisk stabilitet och antioxidativa egenskaper.<\/span><\/span><\/span><\/span><\/p>\n<p><strong><span style=\"vertical-align: inherit;\"><span style=\"vertical-align: inherit;\"><span dir=\"auto\" style=\"vertical-align: inherit;\"><span dir=\"auto\" style=\"vertical-align: inherit;\">2. Implementerade standarder:<\/span><\/span><\/span><\/span><\/strong><span style=\"vertical-align: inherit;\"><span style=\"vertical-align: inherit;\"><span dir=\"auto\" style=\"vertical-align: inherit;\"><span dir=\"auto\" style=\"vertical-align: inherit;\"> GB\/T16580-1996 DL\/T519-2004 SH2605.07-2003<\/span><\/span><\/span><\/span><\/p>\n<p><strong><span style=\"vertical-align: inherit;\"><span style=\"vertical-align: inherit;\"><span dir=\"auto\" style=\"vertical-align: inherit;\"><span dir=\"auto\" style=\"vertical-align: inherit;\">3. Typiska fysikaliska och kemiska egenskaper:<\/span><\/span><\/span><\/span><\/strong><\/p>\n<table class=\"big\" width=\"90%\" cellspacing=\"1\" cellpadding=\"0\" align=\"center\" bgcolor=\"#666666\">\n<tbody>\n<tr bgcolor=\"#fffaee\">\n<td>\n<p align=\"center\"><span dir=\"auto\" style=\"vertical-align: inherit;\"><span dir=\"auto\" style=\"vertical-align: inherit;\">PARAMETRAR<\/span><\/span><\/p>\n<\/td>\n<td>\n<p align=\"center\"><span style=\"vertical-align: inherit;\"><span style=\"vertical-align: inherit;\"><span dir=\"auto\" style=\"vertical-align: inherit;\"><span dir=\"auto\" style=\"vertical-align: inherit;\">DATA<\/span><\/span><\/span><\/span><\/p>\n<\/td>\n<\/tr>\n<tr bgcolor=\"#ffffff\">\n<td>\n<p align=\"center\"><span style=\"vertical-align: inherit;\"><span style=\"vertical-align: inherit;\"><span dir=\"auto\" style=\"vertical-align: inherit;\"><span dir=\"auto\" style=\"vertical-align: inherit;\">Utseende<\/span><\/span><\/span><\/span><\/p>\n<\/td>\n<td>\n<p align=\"center\"><span style=\"vertical-align: inherit;\"><span style=\"vertical-align: inherit;\"><span dir=\"auto\" style=\"vertical-align: inherit;\"><span dir=\"auto\" style=\"vertical-align: inherit;\">Mj\u00f6lkbrun ogenomskinlig sf\u00e4risk linfr\u00f6struktur<\/span><\/span><\/span><\/span><\/p>\n<\/td>\n<\/tr>\n<tr bgcolor=\"#ffffff\">\n<td>\n<p align=\"center\"><span style=\"vertical-align: inherit;\"><span style=\"vertical-align: inherit;\"><span dir=\"auto\" style=\"vertical-align: inherit;\"><span dir=\"auto\" style=\"vertical-align: inherit;\">Jonisk form<\/span><\/span><\/span><\/span><\/p>\n<\/td>\n<td>\n<p align=\"center\"><span style=\"vertical-align: inherit;\"><span style=\"vertical-align: inherit;\"><span dir=\"auto\" style=\"vertical-align: inherit;\"><span dir=\"auto\" style=\"vertical-align: inherit;\">Cl<\/span><\/span><\/span><\/span><\/p>\n<\/td>\n<\/tr>\n<tr bgcolor=\"#ffffff\">\n<td>\n<p align=\"center\"><span style=\"vertical-align: inherit;\"><span style=\"vertical-align: inherit;\"><span dir=\"auto\" style=\"vertical-align: inherit;\"><span dir=\"auto\" style=\"vertical-align: inherit;\">Luftfuktighet %<\/span><\/span><\/span><\/span><\/p>\n<\/td>\n<td>\n<p align=\"center\"><span style=\"vertical-align: inherit;\"><span style=\"vertical-align: inherit;\"><span dir=\"auto\" style=\"vertical-align: inherit;\"><span dir=\"auto\" style=\"vertical-align: inherit;\">50,00\u201360,00<\/span><\/span><\/span><\/span><\/p>\n<\/td>\n<\/tr>\n<tr bgcolor=\"#ffffff\">\n<td>\n<p align=\"center\"><span style=\"vertical-align: inherit;\"><span style=\"vertical-align: inherit;\"><span dir=\"auto\" style=\"vertical-align: inherit;\"><span dir=\"auto\" style=\"vertical-align: inherit;\">Maximal regenererad kapacitet mmol\/g<\/span><\/span><\/span><\/span><\/p>\n<\/td>\n<td>\n<p align=\"center\"><span style=\"vertical-align: inherit;\"><span style=\"vertical-align: inherit;\"><span dir=\"auto\" style=\"vertical-align: inherit;\"><span dir=\"auto\" style=\"vertical-align: inherit;\">\u22654,00<\/span><\/span><\/span><\/span><\/p>\n<\/td>\n<\/tr>\n<tr bgcolor=\"#ffffff\">\n<td>\n<p align=\"center\"><span style=\"vertical-align: inherit;\"><span style=\"vertical-align: inherit;\"><span dir=\"auto\" style=\"vertical-align: inherit;\"><span dir=\"auto\" style=\"vertical-align: inherit;\">Stark funktionell gruppkapacitet mmol\/g<\/span><\/span><\/span><\/span><\/p>\n<\/td>\n<td>\n<p align=\"center\"><span style=\"vertical-align: inherit;\"><span style=\"vertical-align: inherit;\"><span dir=\"auto\" style=\"vertical-align: inherit;\"><span dir=\"auto\" style=\"vertical-align: inherit;\">\u22653,70<\/span><\/span><\/span><\/span><\/p>\n<\/td>\n<\/tr>\n<tr bgcolor=\"#ffffff\">\n<td>\n<p align=\"center\"><span style=\"vertical-align: inherit;\"><span style=\"vertical-align: inherit;\"><span dir=\"auto\" style=\"vertical-align: inherit;\"><span dir=\"auto\" style=\"vertical-align: inherit;\">Total utbyteskapacitet mmol\/ml<\/span><\/span><\/span><\/span><\/p>\n<\/td>\n<td>\n<p align=\"center\"><span style=\"vertical-align: inherit;\"><span style=\"vertical-align: inherit;\"><span dir=\"auto\" style=\"vertical-align: inherit;\"><span dir=\"auto\" style=\"vertical-align: inherit;\">\u22651,20<\/span><\/span><\/span><\/span><\/p>\n<\/td>\n<\/tr>\n<tr bgcolor=\"#ffffff\">\n<td>\n<p align=\"center\"><span style=\"vertical-align: inherit;\"><span style=\"vertical-align: inherit;\"><span dir=\"auto\" style=\"vertical-align: inherit;\"><span dir=\"auto\" style=\"vertical-align: inherit;\">Fraktvikt g\/ml<\/span><\/span><\/span><\/span><\/p>\n<\/td>\n<td>\n<p align=\"center\"><span style=\"vertical-align: inherit;\"><span style=\"vertical-align: inherit;\"><span dir=\"auto\" style=\"vertical-align: inherit;\"><span dir=\"auto\" style=\"vertical-align: inherit;\">0,65\u20130,73<\/span><\/span><\/span><\/span><\/p>\n<\/td>\n<\/tr>\n<tr bgcolor=\"#ffffff\">\n<td>\n<p align=\"center\"><span style=\"vertical-align: inherit;\"><span style=\"vertical-align: inherit;\"><span dir=\"auto\" style=\"vertical-align: inherit;\"><span dir=\"auto\" style=\"vertical-align: inherit;\">Noggrann densitet g\/ml<\/span><\/span><\/span><\/span><\/p>\n<\/td>\n<td>\n<p align=\"center\"><span style=\"vertical-align: inherit;\"><span style=\"vertical-align: inherit;\"><span dir=\"auto\" style=\"vertical-align: inherit;\"><span dir=\"auto\" style=\"vertical-align: inherit;\">1.060\u20131.100<\/span><\/span><\/span><\/span><\/p>\n<\/td>\n<\/tr>\n<tr bgcolor=\"#ffffff\">\n<td>\n<p align=\"center\"><span style=\"vertical-align: inherit;\"><span style=\"vertical-align: inherit;\"><span dir=\"auto\" style=\"vertical-align: inherit;\"><span dir=\"auto\" style=\"vertical-align: inherit;\">Partikelstorlek %<\/span><\/span><\/span><\/span><\/p>\n<\/td>\n<td>\n<p align=\"center\"><span style=\"vertical-align: inherit;\"><span style=\"vertical-align: inherit;\"><span dir=\"auto\" style=\"vertical-align: inherit;\"><span dir=\"auto\" style=\"vertical-align: inherit;\">(0,400\u20130,900 mm) \u226595<\/span><\/span><\/span><\/span><\/p>\n<\/td>\n<\/tr>\n<tr bgcolor=\"#ffffff\">\n<td>\n<p align=\"center\"><span style=\"vertical-align: inherit;\"><span style=\"vertical-align: inherit;\"><span dir=\"auto\" style=\"vertical-align: inherit;\"><span dir=\"auto\" style=\"vertical-align: inherit;\">Minsta storlek %<\/span><\/span><\/span><\/span><\/p>\n<\/td>\n<td>\n<p align=\"center\"><span style=\"vertical-align: inherit;\"><span style=\"vertical-align: inherit;\"><span dir=\"auto\" style=\"vertical-align: inherit;\"><span dir=\"auto\" style=\"vertical-align: inherit;\">(&gt;0,900 mm) \u22641<\/span><\/span><\/span><\/span><\/p>\n<\/td>\n<\/tr>\n<tr bgcolor=\"#ffffff\">\n<td>\n<p align=\"center\"><span style=\"vertical-align: inherit;\"><span style=\"vertical-align: inherit;\"><span dir=\"auto\" style=\"vertical-align: inherit;\"><span dir=\"auto\" style=\"vertical-align: inherit;\">Effektiv storlek mm<\/span><\/span><\/span><\/span><\/p>\n<\/td>\n<td>\n<p align=\"center\"><span style=\"vertical-align: inherit;\"><span style=\"vertical-align: inherit;\"><span dir=\"auto\" style=\"vertical-align: inherit;\"><span dir=\"auto\" style=\"vertical-align: inherit;\">0 500\u20130 800<\/span><\/span><\/span><\/span><\/p>\n<\/td>\n<\/tr>\n<tr bgcolor=\"#ffffff\">\n<td>\n<p align=\"center\"><span style=\"vertical-align: inherit;\"><span style=\"vertical-align: inherit;\"><span dir=\"auto\" style=\"vertical-align: inherit;\"><span dir=\"auto\" style=\"vertical-align: inherit;\">Uniformitetskoefficient<\/span><\/span><\/span><\/span><\/p>\n<\/td>\n<td>\n<p align=\"center\"><span style=\"vertical-align: inherit;\"><span style=\"vertical-align: inherit;\"><span dir=\"auto\" style=\"vertical-align: inherit;\"><span dir=\"auto\" style=\"vertical-align: inherit;\">\u22641,40<\/span><\/span><\/span><\/span><\/p>\n<\/td>\n<\/tr>\n<tr bgcolor=\"#ffffff\">\n<td>\n<p align=\"center\"><span style=\"vertical-align: inherit;\"><span style=\"vertical-align: inherit;\"><span dir=\"auto\" style=\"vertical-align: inherit;\"><span dir=\"auto\" style=\"vertical-align: inherit;\">Sf\u00e4ricitet efter osmotiskt-slipande test %<\/span><\/span><\/span><\/span><\/p>\n<\/td>\n<td>\n<p align=\"center\"><span style=\"vertical-align: inherit;\"><span style=\"vertical-align: inherit;\"><span dir=\"auto\" style=\"vertical-align: inherit;\"><span dir=\"auto\" style=\"vertical-align: inherit;\">\u226590,00<\/span><\/span><\/span><\/span><\/p>\n<\/td>\n<\/tr>\n<\/tbody>\n<\/table>\n<p><strong><span style=\"vertical-align: inherit;\"><span style=\"vertical-align: inherit;\"><span dir=\"auto\" style=\"vertical-align: inherit;\"><span dir=\"auto\" style=\"vertical-align: inherit;\">4. Riktade indikatorer vid anv\u00e4ndning<\/span><\/span><\/span><\/span><\/strong><\/p>\n<table class=\"big\" width=\"90%\" cellspacing=\"1\" cellpadding=\"0\" align=\"center\" bgcolor=\"#666666\">\n<tbody>\n<tr bgcolor=\"#fffaee\">\n<td>\n<p align=\"center\"><span style=\"vertical-align: inherit;\"><span style=\"vertical-align: inherit;\"><span dir=\"auto\" style=\"vertical-align: inherit;\"><span dir=\"auto\" style=\"vertical-align: inherit;\">PARAMETRAR<\/span><\/span><\/span><\/span><\/p>\n<\/td>\n<td>\n<p align=\"center\"><span style=\"vertical-align: inherit;\"><span style=\"vertical-align: inherit;\"><span dir=\"auto\" style=\"vertical-align: inherit;\"><span dir=\"auto\" style=\"vertical-align: inherit;\">Orienterat v\u00e4rde<\/span><\/span><\/span><\/span><\/p>\n<\/td>\n<\/tr>\n<tr bgcolor=\"#ffffff\">\n<td>\n<p align=\"center\"><span style=\"vertical-align: inherit;\"><span style=\"vertical-align: inherit;\"><span dir=\"auto\" style=\"vertical-align: inherit;\"><span dir=\"auto\" style=\"vertical-align: inherit;\">pH-intervall<\/span><\/span><\/span><\/span><\/p>\n<\/td>\n<td>\n<p align=\"center\"><span style=\"vertical-align: inherit;\"><span style=\"vertical-align: inherit;\"><span dir=\"auto\" style=\"vertical-align: inherit;\"><span dir=\"auto\" style=\"vertical-align: inherit;\">1-14<\/span><\/span><\/span><\/span><\/p>\n<\/td>\n<\/tr>\n<tr bgcolor=\"#ffffff\">\n<td>\n<p align=\"center\"><span style=\"vertical-align: inherit;\"><span style=\"vertical-align: inherit;\"><span dir=\"auto\" style=\"vertical-align: inherit;\"><span dir=\"auto\" style=\"vertical-align: inherit;\">Max arbetstemperatur i kloridform \u00b0C<\/span><\/span><\/span><\/span><\/p>\n<\/td>\n<td>\n<p align=\"center\"><span style=\"vertical-align: inherit;\"><span style=\"vertical-align: inherit;\"><span dir=\"auto\" style=\"vertical-align: inherit;\"><span dir=\"auto\" style=\"vertical-align: inherit;\">80<\/span><\/span><\/span><\/span><\/p>\n<\/td>\n<\/tr>\n<tr bgcolor=\"#ffffff\">\n<td>\n<p align=\"center\"><span style=\"vertical-align: inherit;\"><span style=\"vertical-align: inherit;\"><span dir=\"auto\" style=\"vertical-align: inherit;\"><span dir=\"auto\" style=\"vertical-align: inherit;\">Svullnad vid full omvandling (Cl <\/span><\/span><\/span><\/span><span dir=\"auto\" style=\"vertical-align: inherit;\"><sup><span style=\"vertical-align: inherit;\"><span style=\"vertical-align: inherit;\"><span dir=\"auto\" style=\"vertical-align: inherit;\">&#8212; <\/span><\/span><\/span><\/sup><\/span><sup><span style=\"vertical-align: inherit;\"><span style=\"vertical-align: inherit;\"><span dir=\"auto\" style=\"vertical-align: inherit;\"><span dir=\"auto\" style=\"vertical-align: inherit;\">OH-<\/span><\/span><\/span><\/span><\/sup><span style=\"vertical-align: inherit;\"><span style=\"vertical-align: inherit;\"><span dir=\"auto\" style=\"vertical-align: inherit;\"><span dir=\"auto\" style=\"vertical-align: inherit;\"> ) <\/span><\/span><\/span><\/span><span dir=\"auto\" style=\"vertical-align: inherit;\"><span style=\"vertical-align: inherit;\"><span style=\"vertical-align: inherit;\"><span dir=\"auto\" style=\"vertical-align: inherit;\">%<\/span><\/span><\/span><\/span><\/p>\n<\/td>\n<td>\n<p align=\"center\"><span style=\"vertical-align: inherit;\"><span style=\"vertical-align: inherit;\"><span dir=\"auto\" style=\"vertical-align: inherit;\"><span dir=\"auto\" style=\"vertical-align: inherit;\">\u226420<\/span><\/span><\/span><\/span><\/p>\n<\/td>\n<\/tr>\n<tr bgcolor=\"#ffffff\">\n<td>\n<p align=\"center\"><span style=\"vertical-align: inherit;\"><span style=\"vertical-align: inherit;\"><span dir=\"auto\" style=\"vertical-align: inherit;\"><span dir=\"auto\" style=\"vertical-align: inherit;\">Arbetsv\u00e4xlingskapacitet mmol\/l<\/span><\/span><\/span><\/span><\/p>\n<\/td>\n<td>\n<p align=\"center\"><span style=\"vertical-align: inherit;\"><span style=\"vertical-align: inherit;\"><span dir=\"auto\" style=\"vertical-align: inherit;\"><span dir=\"auto\" style=\"vertical-align: inherit;\">\u2265400<\/span><\/span><\/span><\/span><\/p>\n<\/td>\n<\/tr>\n<tr bgcolor=\"#ffffff\">\n<td>\n<p align=\"center\"><span style=\"vertical-align: inherit;\"><span style=\"vertical-align: inherit;\"><span dir=\"auto\" style=\"vertical-align: inherit;\"><span dir=\"auto\" style=\"vertical-align: inherit;\">Arbetsfl\u00f6de m\/h<\/span><\/span><\/span><\/span><\/p>\n<\/td>\n<td>\n<p align=\"center\"><span style=\"vertical-align: inherit;\"><span style=\"vertical-align: inherit;\"><span dir=\"auto\" style=\"vertical-align: inherit;\"><span dir=\"auto\" style=\"vertical-align: inherit;\">20-100<\/span><\/span><\/span><\/span><\/p>\n<\/td>\n<\/tr>\n<\/tbody>\n<\/table>\n<\/td>\n<\/tr>\n<\/tbody>\n<\/table>\n","protected":false},"excerpt":{"rendered":"<p>ZGA 351 MB styrenserien makropor\u00f6s starkt basisk anjonharts 1. Beskrivning &#8221;Hydrolite&#8221; ZGA 351MB \u00e4r en typ av anjonbytarharts som inneh\u00e5ller en kvatern\u00e4r ammoniumgrupp [-N(CH3 ) 3OH ] i en dietylen-bensen-sampolymer av tv\u00e4ttkvalitet med en makropor\u00f6s struktur. Den anv\u00e4nds fr\u00e4mst f\u00f6r att producera rent och ultrarent vatten i blandade system och k\u00e4nnetecknas av utm\u00e4rkta hydrauliska egenskaper,&#8230;<\/p>\n","protected":false},"featured_media":1947,"comment_status":"closed","ping_status":"closed","template":"","meta":[],"product_cat":[709,514],"product_tag":[],"class_list":["post-5976","product","type-product","status-publish","has-post-thumbnail","hentry","product_cat-blandade-lagerhartser","product_cat-produkter"],"_links":{"self":[{"href":"https:\/\/hydrolite.eu\/sv\/wp-json\/wp\/v2\/product\/5976","targetHints":{"allow":["GET"]}}],"collection":[{"href":"https:\/\/hydrolite.eu\/sv\/wp-json\/wp\/v2\/product"}],"about":[{"href":"https:\/\/hydrolite.eu\/sv\/wp-json\/wp\/v2\/types\/product"}],"replies":[{"embeddable":true,"href":"https:\/\/hydrolite.eu\/sv\/wp-json\/wp\/v2\/comments?post=5976"}],"wp:featuredmedia":[{"embeddable":true,"href":"https:\/\/hydrolite.eu\/sv\/wp-json\/wp\/v2\/media\/1947"}],"wp:attachment":[{"href":"https:\/\/hydrolite.eu\/sv\/wp-json\/wp\/v2\/media?parent=5976"}],"wp:term":[{"taxonomy":"product_cat","embeddable":true,"href":"https:\/\/hydrolite.eu\/sv\/wp-json\/wp\/v2\/product_cat?post=5976"},{"taxonomy":"product_tag","embeddable":true,"href":"https:\/\/hydrolite.eu\/sv\/wp-json\/wp\/v2\/product_tag?post=5976"}],"curies":[{"name":"wp","href":"https:\/\/api.w.org\/{rel}","templated":true}]}}