{"id":3731,"date":"2025-09-21T13:38:31","date_gmt":"2025-10-15T08:35:31","guid":{"rendered":"https:\/\/hydrolite.eu\/?post_type=product&#038;p=3731"},"modified":"2025-10-15T11:35:31","modified_gmt":"2025-10-15T08:35:31","slug":"zg-bsh-fargforanderligt-katjoniskt-hartsmaterial-med-indikator","status":"publish","type":"product","link":"https:\/\/hydrolite.eu\/sv\/product\/zg-bsh-fargforanderligt-katjoniskt-hartsmaterial-med-indikator\/","title":{"rendered":"ZG BSH F\u00e4rgf\u00f6r\u00e4nderligt katjoniskt hartsmaterial med indikator"},"content":{"rendered":"<table border=\"0\" width=\"100%\" cellspacing=\"1\" cellpadding=\"0\" align=\"center\" bgcolor=\"dee8f3\">\n<tbody>\n<tr>\n<td align=\"left\" bgcolor=\"054696\" width=\"70%\" height=\"50\">\n<div class=\"zzzzz1\" align=\"center\"><span style=\"vertical-align: inherit;\"><span style=\"vertical-align: inherit;\"><span dir=\"auto\" style=\"vertical-align: inherit;\"><span dir=\"auto\" style=\"vertical-align: inherit;\">ZG BSH F\u00e4rgf\u00f6r\u00e4nderligt katjoniskt hartsmaterial med indikator<\/span><\/span><\/span><\/span><\/div>\n<\/td>\n<\/tr>\n<tr>\n<td style=\"padding: 20px;\" align=\"left\" bgcolor=\"#FFFFFF\">\n<ul style=\"list-style-type: square;\">\n<li><strong><span style=\"vertical-align: inherit;\"><span style=\"vertical-align: inherit;\"><span dir=\"auto\" style=\"vertical-align: inherit;\"><span dir=\"auto\" style=\"vertical-align: inherit;\">Beskrivning<\/span><\/span><\/span><\/span><\/strong><\/li>\n<\/ul>\n<p style=\"margin-left: 18.0000pt;\"><span style=\"vertical-align: inherit;\"><span style=\"vertical-align: inherit;\"><span dir=\"auto\" style=\"vertical-align: inherit;\"><span dir=\"auto\" style=\"vertical-align: inherit;\">Hydrolite ZG BSH \u00e4r ett katjoniskt harts med en indikator som reagerar med katjoner i vatten, vilket ger en synlig f\u00e4rgf\u00f6r\u00e4ndring. Regenereringstypen f\u00f6r detta harts \u00e4r gul; n\u00e4r det blir oanv\u00e4ndbart \u00e4ndras f\u00e4rgen till r\u00f6d, och f\u00e4rgskillnaden \u00e4r mycket m\u00e4rkbar.<\/span><\/span><\/span><\/span><\/p>\n<p style=\"margin-left: 18.0000pt;\"><span style=\"vertical-align: inherit;\"><span style=\"vertical-align: inherit;\"><span dir=\"auto\" style=\"vertical-align: inherit;\"><span dir=\"auto\" style=\"vertical-align: inherit;\">ZG BSH-hartsbytaren anv\u00e4nds fr\u00e4mst f\u00f6r att testa den katjoniska konduktiviteten hos matarvatten fr\u00e5n en blandad \u00e5ng- och kondensatkolonn. Det f\u00e4rgf\u00f6r\u00e4ndrande hartset fyller en transparent utbyteskolonn med en diameter p\u00e5 mindre \u00e4n 50 mm. Hartset omvandlar sp\u00e5r\u00e4mnen i vattnet till syra, vilket f\u00f6rb\u00e4ttrar noggrannheten vid katjontestning. Under denna process, n\u00e4r hartset blir oanv\u00e4ndbart, \u00e4ndras dess f\u00e4rg till r\u00f6d, vilket g\u00f6r att kolonnens driftsstatus kan verifieras genom denna f\u00e4rgf\u00f6r\u00e4ndring.<\/span><\/span><\/span><\/span><\/p>\n<p style=\"margin-left: 18.0000pt;\"><span style=\"vertical-align: inherit;\"><span style=\"vertical-align: inherit;\"><span dir=\"auto\" style=\"vertical-align: inherit;\"><span dir=\"auto\" style=\"vertical-align: inherit;\">ZG BSH f\u00e4rgf\u00f6r\u00e4nderligt hartsmaterial kan anv\u00e4ndas tillsammans med ZG BSY f\u00e4rgf\u00f6r\u00e4nderligt anjoniskt hartsmaterial (eller starkt basiskt anjoniskt hartsmaterial), och fylla den transparenta blandade utbyteskolonnen som ett blandat harts med en indikator, fr\u00e4mst f\u00f6r att testa den interna kylningen inom farmaceutisk industri.<\/span><\/span><\/span><\/span><\/p>\n<p>&nbsp;<\/p>\n<ul style=\"list-style-type: square;\">\n<li><strong><span style=\"vertical-align: inherit;\"><span style=\"vertical-align: inherit;\"><span dir=\"auto\" style=\"vertical-align: inherit;\"><span dir=\"auto\" style=\"vertical-align: inherit;\">Fysikalisk-kemiska egenskaper:<\/span><\/span><\/span><\/span><\/strong><\/li>\n<\/ul>\n<p>&nbsp;<\/p>\n<table style=\"width: 564px;\" border=\"1\" cellspacing=\"1\" align=\"center\">\n<tbody>\n<tr>\n<td style=\"width: 263px;\">\n<p align=\"center\"><span style=\"vertical-align: inherit;\"><span style=\"vertical-align: inherit;\"><span dir=\"auto\" style=\"vertical-align: inherit;\"><span dir=\"auto\" style=\"vertical-align: inherit;\">Index<\/span><\/span><\/span><\/span><\/p>\n<\/td>\n<td style=\"width: 298px;\">\n<p align=\"center\"><span style=\"vertical-align: inherit;\"><span style=\"vertical-align: inherit;\"><span dir=\"auto\" style=\"vertical-align: inherit;\"><span dir=\"auto\" style=\"vertical-align: inherit;\">Menande<\/span><\/span><\/span><\/span><\/p>\n<\/td>\n<\/tr>\n<tr>\n<td style=\"width: 263px;\">\n<p align=\"center\"><span style=\"vertical-align: inherit;\"><span style=\"vertical-align: inherit;\"><span dir=\"auto\" style=\"vertical-align: inherit;\"><span dir=\"auto\" style=\"vertical-align: inherit;\">Jonisk form<\/span><\/span><\/span><\/span><\/p>\n<\/td>\n<td style=\"width: 298px;\">\n<p align=\"center\"><span style=\"vertical-align: inherit;\"><span style=\"vertical-align: inherit;\"><span dir=\"auto\" style=\"vertical-align: inherit;\"><span dir=\"auto\" style=\"vertical-align: inherit;\">TID<\/span><\/span><\/span><\/span><\/p>\n<\/td>\n<\/tr>\n<tr>\n<td style=\"width: 263px;\">\n<p align=\"center\"><span style=\"vertical-align: inherit;\"><span style=\"vertical-align: inherit;\"><span dir=\"auto\" style=\"vertical-align: inherit;\"><span dir=\"auto\" style=\"vertical-align: inherit;\">Utseende<\/span><\/span><\/span><\/span><\/p>\n<\/td>\n<td style=\"width: 298px;\">\n<p align=\"center\"><span style=\"vertical-align: inherit;\"><span style=\"vertical-align: inherit;\"><span dir=\"auto\" style=\"vertical-align: inherit;\"><span dir=\"auto\" style=\"vertical-align: inherit;\">R\u00f6da granuler (ej l\u00e4mpliga)<\/span><\/span><\/span><\/span><\/p>\n<\/td>\n<\/tr>\n<tr>\n<td style=\"width: 263px;\">\n<p align=\"center\"><span style=\"vertical-align: inherit;\"><span style=\"vertical-align: inherit;\"><span dir=\"auto\" style=\"vertical-align: inherit;\"><span dir=\"auto\" style=\"vertical-align: inherit;\">Luftfuktighet %<\/span><\/span><\/span><\/span><\/p>\n<\/td>\n<td style=\"width: 298px;\">\n<p align=\"center\"><span style=\"vertical-align: inherit;\"><span style=\"vertical-align: inherit;\"><span dir=\"auto\" style=\"vertical-align: inherit;\"><span dir=\"auto\" style=\"vertical-align: inherit;\">45,0\u201352,0<\/span><\/span><\/span><\/span><\/p>\n<\/td>\n<\/tr>\n<tr>\n<td style=\"width: 263px;\">\n<p align=\"center\"><span style=\"vertical-align: inherit;\"><span style=\"vertical-align: inherit;\"><span dir=\"auto\" style=\"vertical-align: inherit;\"><span dir=\"auto\" style=\"vertical-align: inherit;\">Total utbyteskapacitet, mmol\/g<\/span><\/span><\/span><\/span><\/p>\n<\/td>\n<td style=\"width: 298px;\">\n<p align=\"center\"><span style=\"vertical-align: inherit;\"><span style=\"vertical-align: inherit;\"><span dir=\"auto\" style=\"vertical-align: inherit;\"><span dir=\"auto\" style=\"vertical-align: inherit;\">\u22654,40<\/span><\/span><\/span><\/span><\/p>\n<\/td>\n<\/tr>\n<tr>\n<td style=\"width: 263px;\">\n<p align=\"center\"><span style=\"vertical-align: inherit;\"><span style=\"vertical-align: inherit;\"><span dir=\"auto\" style=\"vertical-align: inherit;\"><span dir=\"auto\" style=\"vertical-align: inherit;\">Total utbyteskapacitet, mmol\/ml<\/span><\/span><\/span><\/span><\/p>\n<\/td>\n<td style=\"width: 298px;\">\n<p align=\"center\"><span style=\"vertical-align: inherit;\"><span style=\"vertical-align: inherit;\"><span dir=\"auto\" style=\"vertical-align: inherit;\"><span dir=\"auto\" style=\"vertical-align: inherit;\">\u22651,80<\/span><\/span><\/span><\/span><\/p>\n<\/td>\n<\/tr>\n<tr>\n<td style=\"width: 263px;\">\n<p align=\"center\"><span style=\"vertical-align: inherit;\"><span style=\"vertical-align: inherit;\"><span dir=\"auto\" style=\"vertical-align: inherit;\"><span dir=\"auto\" style=\"vertical-align: inherit;\">Massfraktion under transport, g\/ml<\/span><\/span><\/span><\/span><\/p>\n<\/td>\n<td style=\"width: 298px;\">\n<p align=\"center\"><span style=\"vertical-align: inherit;\"><span style=\"vertical-align: inherit;\"><span dir=\"auto\" style=\"vertical-align: inherit;\"><span dir=\"auto\" style=\"vertical-align: inherit;\">0,79\u20130,89<\/span><\/span><\/span><\/span><\/p>\n<\/td>\n<\/tr>\n<tr>\n<td style=\"width: 263px;\">\n<p align=\"center\"><span style=\"vertical-align: inherit;\"><span style=\"vertical-align: inherit;\"><span dir=\"auto\" style=\"vertical-align: inherit;\"><span dir=\"auto\" style=\"vertical-align: inherit;\">Partikelstorlek, mm<\/span><\/span><\/span><\/span><\/p>\n<\/td>\n<td style=\"width: 298px;\">\n<p align=\"center\"><span dir=\"auto\" style=\"vertical-align: inherit;\"><span dir=\"auto\" style=\"vertical-align: inherit;\">(0,315\u20131,25 mm) \u226595,0<\/span><\/span><\/p>\n<\/td>\n<\/tr>\n<\/tbody>\n<\/table>\n<div style=\"clear: both;\"><\/div>\n<div style=\"clear: both; text-align: center;\"><\/div>\n<\/td>\n<\/tr>\n<\/tbody>\n<\/table>\n","protected":false},"excerpt":{"rendered":"<p>ZG BSH F\u00e4rgf\u00f6r\u00e4nderligt katjoniskt hartsmaterial med indikator Beskrivning Hydrolite ZG BSH \u00e4r ett katjoniskt harts med en indikator som reagerar med katjoner i vatten, vilket ger en synlig f\u00e4rgf\u00f6r\u00e4ndring. Regenereringstypen f\u00f6r detta harts \u00e4r gul; n\u00e4r det blir oanv\u00e4ndbart \u00e4ndras f\u00e4rgen till r\u00f6d, och f\u00e4rgskillnaden \u00e4r mycket m\u00e4rkbar. ZG BSH-hartsbytaren anv\u00e4nds fr\u00e4mst f\u00f6r att testa&#8230;<\/p>\n","protected":false},"featured_media":1947,"comment_status":"closed","ping_status":"closed","template":"","meta":[],"product_cat":[514,631],"product_tag":[],"class_list":["post-3731","product","type-product","status-publish","has-post-thumbnail","hentry","product_cat-produkter","product_cat-vanliga-hartser"],"_links":{"self":[{"href":"https:\/\/hydrolite.eu\/sv\/wp-json\/wp\/v2\/product\/3731","targetHints":{"allow":["GET"]}}],"collection":[{"href":"https:\/\/hydrolite.eu\/sv\/wp-json\/wp\/v2\/product"}],"about":[{"href":"https:\/\/hydrolite.eu\/sv\/wp-json\/wp\/v2\/types\/product"}],"replies":[{"embeddable":true,"href":"https:\/\/hydrolite.eu\/sv\/wp-json\/wp\/v2\/comments?post=3731"}],"wp:featuredmedia":[{"embeddable":true,"href":"https:\/\/hydrolite.eu\/sv\/wp-json\/wp\/v2\/media\/1947"}],"wp:attachment":[{"href":"https:\/\/hydrolite.eu\/sv\/wp-json\/wp\/v2\/media?parent=3731"}],"wp:term":[{"taxonomy":"product_cat","embeddable":true,"href":"https:\/\/hydrolite.eu\/sv\/wp-json\/wp\/v2\/product_cat?post=3731"},{"taxonomy":"product_tag","embeddable":true,"href":"https:\/\/hydrolite.eu\/sv\/wp-json\/wp\/v2\/product_tag?post=3731"}],"curies":[{"name":"wp","href":"https:\/\/api.w.org\/{rel}","templated":true}]}}