{"id":3728,"date":"2025-09-21T13:38:31","date_gmt":"2025-10-15T08:33:49","guid":{"rendered":"https:\/\/hydrolite.eu\/?post_type=product&#038;p=3728"},"modified":"2025-10-15T11:33:49","modified_gmt":"2025-10-15T08:33:49","slug":"zg-a-398-specifik-makroporos-sampolymer-av-styren-och-dvb-med-kvarkammoniumradikal-nch33oh-anjonbytarharts","status":"publish","type":"product","link":"https:\/\/hydrolite.eu\/sv\/product\/zg-a-398-specifik-makroporos-sampolymer-av-styren-och-dvb-med-kvarkammoniumradikal-nch33oh-anjonbytarharts\/","title":{"rendered":"ZG A 398 specifik makropor\u00f6s sampolymer av styren och DVB med kvarkammoniumradikal [-N(CH3)3OH] anjonbytarharts"},"content":{"rendered":"<table border=\"0\" width=\"100%\" cellspacing=\"1\" cellpadding=\"0\" align=\"center\" bgcolor=\"dee8f3\">\n<tbody>\n<tr>\n<td align=\"left\" bgcolor=\"054696\" width=\"70%\" height=\"50\">\n<div class=\"zzzzz1\" align=\"center\"><span style=\"vertical-align: inherit;\"><span style=\"vertical-align: inherit;\"><span dir=\"auto\" style=\"vertical-align: inherit;\"><span dir=\"auto\" style=\"vertical-align: inherit;\">ZG A 398 specifik makropor\u00f6s sampolymer av styren och DVB med kvarkammoniumradikal [-N(CH3)3OH] anjonbytarharts<\/span><\/span><\/span><\/span><\/div>\n<\/td>\n<\/tr>\n<tr>\n<td style=\"padding: 20px;\" align=\"left\" bgcolor=\"#FFFFFF\">\n<p align=\"justify\"><span style=\"vertical-align: inherit;\"><span style=\"vertical-align: inherit;\"><span dir=\"auto\" style=\"vertical-align: inherit;\"><span dir=\"auto\" style=\"vertical-align: inherit;\">Zheng Guang-m\u00e4rket ZG A 398 \u00e4r en specifik makropor\u00f6s sampolymer med en katjonisk ammoniumradikal [-N(CH3 <\/span><\/span><\/span><\/span><sub><span style=\"vertical-align: inherit;\"><span style=\"vertical-align: inherit;\"><span dir=\"auto\" style=\"vertical-align: inherit;\"><span dir=\"auto\" style=\"vertical-align: inherit;\">)<\/span><\/span><\/span><\/span><\/sub><span style=\"vertical-align: inherit;\"><span style=\"vertical-align: inherit;\"><span dir=\"auto\" style=\"vertical-align: inherit;\"><span dir=\"auto\" style=\"vertical-align: inherit;\"> 3OH <\/span><\/span><\/span><\/span><sub><span style=\"vertical-align: inherit;\"><span style=\"vertical-align: inherit;\"><span dir=\"auto\" style=\"vertical-align: inherit;\"><span dir=\"auto\" style=\"vertical-align: inherit;\">]<\/span><\/span><\/span><\/span><\/sub><span style=\"vertical-align: inherit;\"><span style=\"vertical-align: inherit;\"><span dir=\"auto\" style=\"vertical-align: inherit;\"><span dir=\"auto\" style=\"vertical-align: inherit;\"> anjonbytarharts. Den har en specifik cellstruktur och en stor yta, vilket g\u00f6r att den kan adsorbera stora levermolekyler och uppvisa h\u00f6g resistens mot organisk kontaminering.<\/span><\/span><\/span><\/span><\/p>\n<p align=\"justify\"><strong><span style=\"vertical-align: inherit;\"><span style=\"vertical-align: inherit;\"><span dir=\"auto\" style=\"vertical-align: inherit;\"><span dir=\"auto\" style=\"vertical-align: inherit;\">1: HARTSENS EGENSKAPER<\/span><\/span><\/span><\/span><\/strong><\/p>\n<p align=\"justify\"><span style=\"vertical-align: inherit;\"><span style=\"vertical-align: inherit;\"><span dir=\"auto\" style=\"vertical-align: inherit;\"><span dir=\"auto\" style=\"vertical-align: inherit;\">Zheng Guang-m\u00e4rket ZG A 398 (Cl-typ) starkt basiskt anjonbytesharts har f\u00f6ljande f\u00f6rdelar:<\/span><\/span><\/span><\/span><\/p>\n<p align=\"justify\"><span style=\"vertical-align: inherit;\"><span style=\"vertical-align: inherit;\"><span dir=\"auto\" style=\"vertical-align: inherit;\"><span dir=\"auto\" style=\"vertical-align: inherit;\">1. Stark adsorption av hepatromolekyler. Genom att adsorbera samma antal hepatromolekyler blir massan av det anv\u00e4nda hartset mindre.<\/span><\/span><\/span><\/span><\/p>\n<p align=\"justify\"><span style=\"vertical-align: inherit;\"><span style=\"vertical-align: inherit;\"><span dir=\"auto\" style=\"vertical-align: inherit;\"><span dir=\"auto\" style=\"vertical-align: inherit;\">2. F\u00f6rbehandling f\u00f6re anv\u00e4ndning \u00e4r mycket enkel och sparar pengar. Sk\u00f6lj ny harts tre g\u00e5nger med rent vatten och l\u00e5t det ligga i rent vatten vid 25\u201330 \u00b0C \u00f6ver natten. N\u00e4sta dag, sk\u00f6lj och filtrera hartset flera g\u00e5nger. D\u00e4refter \u00e4r det klart f\u00f6r anv\u00e4ndning.<\/span><\/span><\/span><\/span><\/p>\n<p align=\"justify\"><span style=\"vertical-align: inherit;\"><span style=\"vertical-align: inherit;\"><span dir=\"auto\" style=\"vertical-align: inherit;\"><span dir=\"auto\" style=\"vertical-align: inherit;\">3. Hartset har en starkare f\u00f6rm\u00e5ga att bek\u00e4mpa organisk f\u00f6rorening, vilket g\u00f6r efterbehandlingen inte bara enkel utan ocks\u00e5 bekv\u00e4m. Ytf\u00f6roreningar avl\u00e4gsnas med rent vatten, varefter hartset marineras i en alkalisk l\u00f6sning (8 % NaOH + 20 % NaCl) dubbelt s\u00e5 stor som sin vikt (hartsvikt) i tv\u00e5 timmar vid 40\u201350 \u00b0C under konstant omr\u00f6rning. Sk\u00f6lj sedan med rent vatten (pH 7) och filtrera. D\u00e4refter \u00e4r hartset klart f\u00f6r anv\u00e4ndning.<\/span><\/span><\/span><\/span><\/p>\n<p align=\"justify\"><strong><span style=\"vertical-align: inherit;\"><span style=\"vertical-align: inherit;\"><span dir=\"auto\" style=\"vertical-align: inherit;\"><span dir=\"auto\" style=\"vertical-align: inherit;\">2: F\u00d6RVARING<\/span><\/span><\/span><\/span><\/strong><\/p>\n<p align=\"justify\"><span style=\"vertical-align: inherit;\"><span style=\"vertical-align: inherit;\"><span dir=\"auto\" style=\"vertical-align: inherit;\"><span dir=\"auto\" style=\"vertical-align: inherit;\">Hartset b\u00f6r f\u00f6rvaras inomhus, skyddat fr\u00e5n direkt solljus. Riv inte s\u00f6nder f\u00f6rpackningen f\u00f6r att f\u00f6rhindra vattenf\u00f6rlust. Om hartset har f\u00f6rlorat vatten, tills\u00e4tt gradvis en m\u00e4ttad saltl\u00f6sning och marinera i flera timmar, sp\u00e4d sedan gradvis med vatten f\u00f6r att f\u00f6rhindra skador.<\/span><\/span><\/span><\/span><\/p>\n<p align=\"justify\"><strong><span style=\"vertical-align: inherit;\"><span style=\"vertical-align: inherit;\"><span dir=\"auto\" style=\"vertical-align: inherit;\"><span dir=\"auto\" style=\"vertical-align: inherit;\">3: ANV\u00c4NDNINGS- OCH F\u00d6RVARINGSTEMPERATUR<\/span><\/span><\/span><\/span><\/strong><\/p>\n<p align=\"justify\"><span style=\"vertical-align: inherit;\"><span style=\"vertical-align: inherit;\"><span dir=\"auto\" style=\"vertical-align: inherit;\"><span dir=\"auto\" style=\"vertical-align: inherit;\">Temperaturen b\u00f6r inte \u00f6verstiga 60 \u2103. F\u00f6rvaras vid 0\u201325 \u00b0C. Om omgivningstemperaturen \u00e4r under 0 \u2103 b\u00f6r hartset f\u00f6rvaras i en m\u00e4ttad saltl\u00f6sning.<\/span><\/span><\/span><\/span><\/p>\n<\/td>\n<\/tr>\n<\/tbody>\n<\/table>\n","protected":false},"excerpt":{"rendered":"<p>ZG A 398 specifik makropor\u00f6s sampolymer av styren och DVB med kvarkammoniumradikal [-N(CH3)3OH] anjonbytarharts Zheng Guang-m\u00e4rket ZG A 398 \u00e4r en specifik makropor\u00f6s sampolymer med en katjonisk ammoniumradikal [-N(CH3 ) 3OH ] anjonbytarharts. Den har en specifik cellstruktur och en stor yta, vilket g\u00f6r att den kan adsorbera stora levermolekyler och uppvisa h\u00f6g resistens mot&#8230;<\/p>\n","protected":false},"featured_media":1947,"comment_status":"closed","ping_status":"closed","template":"","meta":[],"product_cat":[514,631],"product_tag":[],"class_list":["post-3728","product","type-product","status-publish","has-post-thumbnail","hentry","product_cat-produkter","product_cat-vanliga-hartser"],"_links":{"self":[{"href":"https:\/\/hydrolite.eu\/sv\/wp-json\/wp\/v2\/product\/3728","targetHints":{"allow":["GET"]}}],"collection":[{"href":"https:\/\/hydrolite.eu\/sv\/wp-json\/wp\/v2\/product"}],"about":[{"href":"https:\/\/hydrolite.eu\/sv\/wp-json\/wp\/v2\/types\/product"}],"replies":[{"embeddable":true,"href":"https:\/\/hydrolite.eu\/sv\/wp-json\/wp\/v2\/comments?post=3728"}],"wp:featuredmedia":[{"embeddable":true,"href":"https:\/\/hydrolite.eu\/sv\/wp-json\/wp\/v2\/media\/1947"}],"wp:attachment":[{"href":"https:\/\/hydrolite.eu\/sv\/wp-json\/wp\/v2\/media?parent=3728"}],"wp:term":[{"taxonomy":"product_cat","embeddable":true,"href":"https:\/\/hydrolite.eu\/sv\/wp-json\/wp\/v2\/product_cat?post=3728"},{"taxonomy":"product_tag","embeddable":true,"href":"https:\/\/hydrolite.eu\/sv\/wp-json\/wp\/v2\/product_tag?post=3728"}],"curies":[{"name":"wp","href":"https:\/\/api.w.org\/{rel}","templated":true}]}}