{"id":3724,"date":"2025-09-21T13:38:31","date_gmt":"2025-10-15T08:32:17","guid":{"rendered":"https:\/\/hydrolite.eu\/?post_type=product&#038;p=3724"},"modified":"2025-10-15T11:32:17","modified_gmt":"2025-10-15T08:32:17","slug":"zg-107so-bytesharts-har-fordelarna-med-lipofilicitet-och-hydrofobicitet","status":"publish","type":"product","link":"https:\/\/hydrolite.eu\/sv\/product\/zg-107so-bytesharts-har-fordelarna-med-lipofilicitet-och-hydrofobicitet\/","title":{"rendered":"ZG 107SO-bytesharts har f\u00f6rdelarna med lipofilicitet och hydrofobicitet."},"content":{"rendered":"<table border=\"0\" width=\"100%\" cellspacing=\"1\" cellpadding=\"0\" align=\"center\" bgcolor=\"dee8f3\">\n<tbody>\n<tr>\n<td align=\"left\" bgcolor=\"054696\" width=\"70%\" height=\"50\">\n<div class=\"zzzzz1\" align=\"center\"><span style=\"vertical-align: inherit;\"><span style=\"vertical-align: inherit;\"><span dir=\"auto\" style=\"vertical-align: inherit;\"><span dir=\"auto\" style=\"vertical-align: inherit;\">ZG 107SO-bytesharts har f\u00f6rdelarna med lipofilicitet och hydrofobicitet.<\/span><\/span><\/span><\/span><\/div>\n<\/td>\n<\/tr>\n<tr>\n<td style=\"padding: 20px;\" align=\"left\" bgcolor=\"#FFFFFF\">\n<ol>\n<li><strong><span style=\"vertical-align: inherit;\"><span style=\"vertical-align: inherit;\"><span dir=\"auto\" style=\"vertical-align: inherit;\"><span dir=\"auto\" style=\"vertical-align: inherit;\">Beskrivning:\u00a0<\/span><\/span><\/span><\/span><\/strong><\/li>\n<\/ol>\n<p><span style=\"vertical-align: inherit;\"><span style=\"vertical-align: inherit;\"><span dir=\"auto\" style=\"vertical-align: inherit;\"><span dir=\"auto\" style=\"vertical-align: inherit;\">Den tekniska grunden f\u00f6r oljeborttagning med hj\u00e4lp av utbytehartser \u00e4r att utnyttja de lipofila och hydrofoba egenskaperna hos specialiserade h\u00f6gtemperaturutbyteshartser f\u00f6r att separera emulgerade oljemolekyler fr\u00e5n oljel\u00f6sliga molekyler, samtidigt som oljan avl\u00e4gsnas. Installation av ett utbytesfilter p\u00e5 oljeborttagningsutrustningen g\u00f6r att utbytehartset kan samla upp oljemolekyler fr\u00e5n vatten och adsorbera dem p\u00e5 hartsytan. N\u00e4r oljeadsorptionen n\u00e5r sin gr\u00e4ns separeras den uppsamlade oljan naturligt som en oljegrupp, som sedan g\u00e5r in i maskinens olje-vattenseparationssektion. ZG 107 SO \u00e4r ett specialiserat h\u00f6gtemperaturutbytesharts f\u00f6r oljeborttagning med denna teknik.<\/span><\/span><\/span><\/span><\/p>\n<p><strong style=\"color: #555555; font-family: inherit; font-size: inherit;\"><span style=\"vertical-align: inherit;\"><span style=\"vertical-align: inherit;\"><span dir=\"auto\" style=\"vertical-align: inherit;\"><span dir=\"auto\" style=\"vertical-align: inherit;\">2. Kemiska och fysikaliska egenskaper:<\/span><\/span><\/span><\/span><\/strong><\/p>\n<table style=\"width: 451px;\" border=\"1\" cellspacing=\"0\">\n<tbody>\n<tr>\n<td style=\"width: 193px;\"><span style=\"vertical-align: inherit;\"><span style=\"vertical-align: inherit;\"><span dir=\"auto\" style=\"vertical-align: inherit;\"><span dir=\"auto\" style=\"vertical-align: inherit;\">Datatyp<\/span><\/span><\/span><\/span><\/td>\n<td style=\"width: 258px;\">\n<p align=\"center\"><span style=\"vertical-align: inherit;\"><span style=\"vertical-align: inherit;\"><span dir=\"auto\" style=\"vertical-align: inherit;\"><span dir=\"auto\" style=\"vertical-align: inherit;\">ZG107SO<\/span><\/span><\/span><\/span><\/p>\n<\/td>\n<\/tr>\n<tr>\n<td style=\"width: 193px;\"><span style=\"vertical-align: inherit;\"><span style=\"vertical-align: inherit;\"><span dir=\"auto\" style=\"vertical-align: inherit;\"><span dir=\"auto\" style=\"vertical-align: inherit;\">Luftfuktighet %<\/span><\/span><\/span><\/span><\/td>\n<td style=\"width: 258px;\">\n<p align=\"center\"><span style=\"vertical-align: inherit;\"><span style=\"vertical-align: inherit;\"><span dir=\"auto\" style=\"vertical-align: inherit;\"><span dir=\"auto\" style=\"vertical-align: inherit;\">40~55<\/span><\/span><\/span><\/span><\/p>\n<\/td>\n<\/tr>\n<tr>\n<td style=\"width: 193px;\"><span style=\"vertical-align: inherit;\"><span style=\"vertical-align: inherit;\"><span dir=\"auto\" style=\"vertical-align: inherit;\"><span dir=\"auto\" style=\"vertical-align: inherit;\">Fraktvikt g\/ml<\/span><\/span><\/span><\/span><\/td>\n<td style=\"width: 258px;\">\n<p align=\"center\"><span style=\"vertical-align: inherit;\"><span style=\"vertical-align: inherit;\"><span dir=\"auto\" style=\"vertical-align: inherit;\"><span dir=\"auto\" style=\"vertical-align: inherit;\">0,78~0,90<\/span><\/span><\/span><\/span><\/p>\n<\/td>\n<\/tr>\n<tr>\n<td style=\"width: 193px;\"><span style=\"vertical-align: inherit;\"><span style=\"vertical-align: inherit;\"><span dir=\"auto\" style=\"vertical-align: inherit;\"><span dir=\"auto\" style=\"vertical-align: inherit;\">Sann densitet g\/ml<\/span><\/span><\/span><\/span><\/td>\n<td style=\"width: 258px;\">\n<p align=\"center\"><span style=\"vertical-align: inherit;\"><span style=\"vertical-align: inherit;\"><span dir=\"auto\" style=\"vertical-align: inherit;\"><span dir=\"auto\" style=\"vertical-align: inherit;\">1,23~1,33<\/span><\/span><\/span><\/span><\/p>\n<\/td>\n<\/tr>\n<tr>\n<td style=\"width: 193px;\"><span style=\"vertical-align: inherit;\"><span style=\"vertical-align: inherit;\"><span dir=\"auto\" style=\"vertical-align: inherit;\"><span dir=\"auto\" style=\"vertical-align: inherit;\">Partikelstorlek mm<\/span><\/span><\/span><\/span><\/td>\n<td style=\"width: 258px;\">\n<p align=\"center\"><span style=\"vertical-align: inherit;\"><span style=\"vertical-align: inherit;\"><span dir=\"auto\" style=\"vertical-align: inherit;\"><span dir=\"auto\" style=\"vertical-align: inherit;\">0,450~1,25<\/span><\/span><\/span><\/span><\/p>\n<\/td>\n<\/tr>\n<\/tbody>\n<\/table>\n<p>&nbsp;<\/td>\n<\/tr>\n<\/tbody>\n<\/table>\n","protected":false},"excerpt":{"rendered":"<p>ZG 107SO-bytesharts har f\u00f6rdelarna med lipofilicitet och hydrofobicitet. Beskrivning:\u00a0 Den tekniska grunden f\u00f6r oljeborttagning med hj\u00e4lp av utbytehartser \u00e4r att utnyttja de lipofila och hydrofoba egenskaperna hos specialiserade h\u00f6gtemperaturutbyteshartser f\u00f6r att separera emulgerade oljemolekyler fr\u00e5n oljel\u00f6sliga molekyler, samtidigt som oljan avl\u00e4gsnas. Installation av ett utbytesfilter p\u00e5 oljeborttagningsutrustningen g\u00f6r att utbytehartset kan samla upp oljemolekyler fr\u00e5n&#8230;<\/p>\n","protected":false},"featured_media":1947,"comment_status":"closed","ping_status":"closed","template":"","meta":[],"product_cat":[514,631],"product_tag":[],"class_list":["post-3724","product","type-product","status-publish","has-post-thumbnail","hentry","product_cat-produkter","product_cat-vanliga-hartser"],"_links":{"self":[{"href":"https:\/\/hydrolite.eu\/sv\/wp-json\/wp\/v2\/product\/3724","targetHints":{"allow":["GET"]}}],"collection":[{"href":"https:\/\/hydrolite.eu\/sv\/wp-json\/wp\/v2\/product"}],"about":[{"href":"https:\/\/hydrolite.eu\/sv\/wp-json\/wp\/v2\/types\/product"}],"replies":[{"embeddable":true,"href":"https:\/\/hydrolite.eu\/sv\/wp-json\/wp\/v2\/comments?post=3724"}],"wp:featuredmedia":[{"embeddable":true,"href":"https:\/\/hydrolite.eu\/sv\/wp-json\/wp\/v2\/media\/1947"}],"wp:attachment":[{"href":"https:\/\/hydrolite.eu\/sv\/wp-json\/wp\/v2\/media?parent=3724"}],"wp:term":[{"taxonomy":"product_cat","embeddable":true,"href":"https:\/\/hydrolite.eu\/sv\/wp-json\/wp\/v2\/product_cat?post=3724"},{"taxonomy":"product_tag","embeddable":true,"href":"https:\/\/hydrolite.eu\/sv\/wp-json\/wp\/v2\/product_tag?post=3724"}],"curies":[{"name":"wp","href":"https:\/\/api.w.org\/{rel}","templated":true}]}}