{"id":2621,"date":"2025-09-21T13:39:04","date_gmt":"2025-09-29T19:48:28","guid":{"rendered":"https:\/\/hydrolite.eu\/?post_type=product&#038;p=2621"},"modified":"2025-09-29T22:48:28","modified_gmt":"2025-09-29T19:48:28","slug":"zga-307sf-styrenserie-anjonharts","status":"publish","type":"product","link":"https:\/\/hydrolite.eu\/sv\/product\/zga-307sf-styrenserie-anjonharts\/","title":{"rendered":"ZGA 307SF styrenserie anjonharts"},"content":{"rendered":"<table border=\"0\" width=\"100%\" cellspacing=\"1\" cellpadding=\"0\" align=\"center\" bgcolor=\"dee8f3\">\n<tbody>\n<tr>\n<td align=\"left\" bgcolor=\"054696\" width=\"70%\" height=\"50\">\n<div class=\"zzzzz1\" align=\"center\"><span style=\"vertical-align: inherit;\"><span style=\"vertical-align: inherit;\"><span dir=\"auto\" style=\"vertical-align: inherit;\"><span dir=\"auto\" style=\"vertical-align: inherit;\">ZGA 307SF styrenserie anjonharts<\/span><\/span><\/span><\/span><\/div>\n<\/td>\n<\/tr>\n<tr>\n<td style=\"padding: 20px;\" align=\"left\" bgcolor=\"#FFFFFF\"><strong><span style=\"vertical-align: inherit;\"><span style=\"vertical-align: inherit;\"><span dir=\"auto\" style=\"vertical-align: inherit;\"><span dir=\"auto\" style=\"vertical-align: inherit;\">1. Beskrivning:<\/span><\/span><\/span><\/span><\/strong><\/p>\n<p align=\"justify\"><span style=\"vertical-align: inherit;\"><span style=\"vertical-align: inherit;\"><span dir=\"auto\" style=\"vertical-align: inherit;\"><span dir=\"auto\" style=\"vertical-align: inherit;\">Hydrolite ZGA 307SF anjonharts \u00e4r en typ av anjonharts med en kvatern\u00e4r ammoniumgrupp [-N(CH3 <\/span><\/span><\/span><\/span><sub><span style=\"vertical-align: inherit;\"><span style=\"vertical-align: inherit;\"><span dir=\"auto\" style=\"vertical-align: inherit;\"><span dir=\"auto\" style=\"vertical-align: inherit;\">)<\/span><\/span><\/span><\/span><\/sub><span style=\"vertical-align: inherit;\"><span style=\"vertical-align: inherit;\"><span dir=\"auto\" style=\"vertical-align: inherit;\"><span dir=\"auto\" style=\"vertical-align: inherit;\"> 3OH <\/span><\/span><\/span><\/span><sub><span style=\"vertical-align: inherit;\"><span style=\"vertical-align: inherit;\"><span dir=\"auto\" style=\"vertical-align: inherit;\"><span dir=\"auto\" style=\"vertical-align: inherit;\">]<\/span><\/span><\/span><\/span><\/sub><span style=\"vertical-align: inherit;\"><span style=\"vertical-align: inherit;\"><span dir=\"auto\" style=\"vertical-align: inherit;\"><span dir=\"auto\" style=\"vertical-align: inherit;\"> i en styren-dietylenbensen-sampolymer med en tv\u00e4rbindningsgrad p\u00e5 7 %. Det anv\u00e4nds fr\u00e4mst f\u00f6r produktion av rent och ultrarent vatten i tv\u00e5skiktsanjonfilter, tv\u00e5facksanjonsystem, flytande b\u00e4ddanjonsystem och tv\u00e5facks flytande b\u00e4ddsystem.<\/span><\/span><\/span><\/span><\/p>\n<p><strong><span style=\"vertical-align: inherit;\"><span style=\"vertical-align: inherit;\"><span dir=\"auto\" style=\"vertical-align: inherit;\"><span dir=\"auto\" style=\"vertical-align: inherit;\">2. Implementerade standarder:<\/span><\/span><\/span><\/span><\/strong><span style=\"vertical-align: inherit;\"><span style=\"vertical-align: inherit;\"><span dir=\"auto\" style=\"vertical-align: inherit;\"><span dir=\"auto\" style=\"vertical-align: inherit;\"> GB\/T13660-1992 DL\/T519-2004 SH2605.06-2003<\/span><\/span><\/span><\/span><\/p>\n<p><strong><span style=\"vertical-align: inherit;\"><span style=\"vertical-align: inherit;\"><span dir=\"auto\" style=\"vertical-align: inherit;\"><span dir=\"auto\" style=\"vertical-align: inherit;\">3. Typiska fysikaliska och kemiska egenskaper<\/span><\/span><\/span><\/span><\/strong><\/p>\n<table class=\"big\" width=\"90%\" cellspacing=\"1\" cellpadding=\"0\" align=\"center\" bgcolor=\"#666666\">\n<tbody>\n<tr bgcolor=\"#fffaee\">\n<td>\n<p align=\"center\"><span dir=\"auto\" style=\"vertical-align: inherit;\"><span dir=\"auto\" style=\"vertical-align: inherit;\">Parametrar<\/span><\/span><\/p>\n<\/td>\n<td>\n<p align=\"center\"><span style=\"vertical-align: inherit;\"><span style=\"vertical-align: inherit;\"><span dir=\"auto\" style=\"vertical-align: inherit;\"><span dir=\"auto\" style=\"vertical-align: inherit;\">Data<\/span><\/span><\/span><\/span><\/p>\n<\/td>\n<\/tr>\n<tr bgcolor=\"#ffffff\">\n<td>\n<p align=\"center\"><span style=\"vertical-align: inherit;\"><span style=\"vertical-align: inherit;\"><span dir=\"auto\" style=\"vertical-align: inherit;\"><span dir=\"auto\" style=\"vertical-align: inherit;\">Utseende<\/span><\/span><\/span><\/span><\/p>\n<\/td>\n<td>\n<p align=\"center\"><span style=\"vertical-align: inherit;\"><span style=\"vertical-align: inherit;\"><span dir=\"auto\" style=\"vertical-align: inherit;\"><span dir=\"auto\" style=\"vertical-align: inherit;\">Lin-gyllene sf\u00e4riska korn<\/span><\/span><\/span><\/span><\/p>\n<\/td>\n<\/tr>\n<tr bgcolor=\"#ffffff\">\n<td>\n<p align=\"center\"><span style=\"vertical-align: inherit;\"><span style=\"vertical-align: inherit;\"><span dir=\"auto\" style=\"vertical-align: inherit;\"><span dir=\"auto\" style=\"vertical-align: inherit;\">Jonisk form<\/span><\/span><\/span><\/span><\/p>\n<\/td>\n<td>\n<p align=\"center\"><span style=\"vertical-align: inherit;\"><span style=\"vertical-align: inherit;\"><span dir=\"auto\" style=\"vertical-align: inherit;\"><span dir=\"auto\" style=\"vertical-align: inherit;\">Cl<\/span><\/span><\/span><\/span><\/p>\n<\/td>\n<\/tr>\n<tr bgcolor=\"#ffffff\">\n<td>\n<p align=\"center\"><span style=\"vertical-align: inherit;\"><span style=\"vertical-align: inherit;\"><span dir=\"auto\" style=\"vertical-align: inherit;\"><span dir=\"auto\" style=\"vertical-align: inherit;\">Fukthalt %<\/span><\/span><\/span><\/span><\/p>\n<\/td>\n<td>\n<p align=\"center\"><span style=\"vertical-align: inherit;\"><span style=\"vertical-align: inherit;\"><span dir=\"auto\" style=\"vertical-align: inherit;\"><span dir=\"auto\" style=\"vertical-align: inherit;\">42.00-48.00<\/span><\/span><\/span><\/span><\/p>\n<\/td>\n<\/tr>\n<tr bgcolor=\"#ffffff\">\n<td>\n<p align=\"center\"><span style=\"vertical-align: inherit;\"><span style=\"vertical-align: inherit;\"><span dir=\"auto\" style=\"vertical-align: inherit;\"><span dir=\"auto\" style=\"vertical-align: inherit;\">Maximal regenerativ kapacitet mmol\/g<\/span><\/span><\/span><\/span><\/p>\n<\/td>\n<td>\n<p align=\"center\"><span style=\"vertical-align: inherit;\"><span style=\"vertical-align: inherit;\"><span dir=\"auto\" style=\"vertical-align: inherit;\"><span dir=\"auto\" style=\"vertical-align: inherit;\">\u22653,80<\/span><\/span><\/span><\/span><\/p>\n<\/td>\n<\/tr>\n<tr bgcolor=\"#ffffff\">\n<td>\n<p align=\"center\"><span style=\"vertical-align: inherit;\"><span style=\"vertical-align: inherit;\"><span dir=\"auto\" style=\"vertical-align: inherit;\"><span dir=\"auto\" style=\"vertical-align: inherit;\">Kapacitet hos starka funktionella grupper mmol\/g<\/span><\/span><\/span><\/span><\/p>\n<\/td>\n<td>\n<p align=\"center\"><span style=\"vertical-align: inherit;\"><span style=\"vertical-align: inherit;\"><span dir=\"auto\" style=\"vertical-align: inherit;\"><span dir=\"auto\" style=\"vertical-align: inherit;\">\u22653,50<\/span><\/span><\/span><\/span><\/p>\n<\/td>\n<\/tr>\n<tr bgcolor=\"#ffffff\">\n<td>\n<p align=\"center\"><span style=\"vertical-align: inherit;\"><span style=\"vertical-align: inherit;\"><span dir=\"auto\" style=\"vertical-align: inherit;\"><span dir=\"auto\" style=\"vertical-align: inherit;\">Total utbyteskapacitet mmol\/ml<\/span><\/span><\/span><\/span><\/p>\n<\/td>\n<td>\n<p align=\"center\"><span style=\"vertical-align: inherit;\"><span style=\"vertical-align: inherit;\"><span dir=\"auto\" style=\"vertical-align: inherit;\"><span dir=\"auto\" style=\"vertical-align: inherit;\">\u22651,35<\/span><\/span><\/span><\/span><\/p>\n<\/td>\n<\/tr>\n<tr bgcolor=\"#ffffff\">\n<td>\n<p align=\"center\"><span style=\"vertical-align: inherit;\"><span style=\"vertical-align: inherit;\"><span dir=\"auto\" style=\"vertical-align: inherit;\"><span dir=\"auto\" style=\"vertical-align: inherit;\">Skrymdensitet, g\/ml<\/span><\/span><\/span><\/span><\/p>\n<\/td>\n<td>\n<p align=\"center\"><span style=\"vertical-align: inherit;\"><span style=\"vertical-align: inherit;\"><span dir=\"auto\" style=\"vertical-align: inherit;\"><span dir=\"auto\" style=\"vertical-align: inherit;\">0,67\u20130,73<\/span><\/span><\/span><\/span><\/p>\n<\/td>\n<\/tr>\n<tr bgcolor=\"#ffffff\">\n<td>\n<p align=\"center\"><span style=\"vertical-align: inherit;\"><span style=\"vertical-align: inherit;\"><span dir=\"auto\" style=\"vertical-align: inherit;\"><span dir=\"auto\" style=\"vertical-align: inherit;\">Sann densitet, g\/ml<\/span><\/span><\/span><\/span><\/p>\n<\/td>\n<td>\n<p align=\"center\"><span style=\"vertical-align: inherit;\"><span style=\"vertical-align: inherit;\"><span dir=\"auto\" style=\"vertical-align: inherit;\"><span dir=\"auto\" style=\"vertical-align: inherit;\">1,070\u20131,100<\/span><\/span><\/span><\/span><\/p>\n<\/td>\n<\/tr>\n<tr bgcolor=\"#ffffff\">\n<td>\n<p align=\"center\"><span style=\"vertical-align: inherit;\"><span style=\"vertical-align: inherit;\"><span dir=\"auto\" style=\"vertical-align: inherit;\"><span dir=\"auto\" style=\"vertical-align: inherit;\">Partikelstorlek %<\/span><\/span><\/span><\/span><\/p>\n<\/td>\n<td>\n<p align=\"center\"><span style=\"vertical-align: inherit;\"><span style=\"vertical-align: inherit;\"><span dir=\"auto\" style=\"vertical-align: inherit;\"><span dir=\"auto\" style=\"vertical-align: inherit;\">(0,60\u20131,25 mm) \u226595<\/span><\/span><\/span><\/span><\/p>\n<\/td>\n<\/tr>\n<tr bgcolor=\"#ffffff\">\n<td>\n<p align=\"center\"><span style=\"vertical-align: inherit;\"><span style=\"vertical-align: inherit;\"><span dir=\"auto\" style=\"vertical-align: inherit;\"><span dir=\"auto\" style=\"vertical-align: inherit;\">Nedre storleksgr\u00e4ns %<\/span><\/span><\/span><\/span><\/p>\n<\/td>\n<td>\n<p align=\"center\"><span style=\"vertical-align: inherit;\"><span style=\"vertical-align: inherit;\"><span dir=\"auto\" style=\"vertical-align: inherit;\"><span dir=\"auto\" style=\"vertical-align: inherit;\">(&lt;0,60 mm) \u22641<\/span><\/span><\/span><\/span><\/p>\n<\/td>\n<\/tr>\n<tr bgcolor=\"#ffffff\">\n<td>\n<p align=\"center\"><span style=\"vertical-align: inherit;\"><span style=\"vertical-align: inherit;\"><span dir=\"auto\" style=\"vertical-align: inherit;\"><span dir=\"auto\" style=\"vertical-align: inherit;\">Effektiv storlek, mm<\/span><\/span><\/span><\/span><\/p>\n<\/td>\n<td>\n<p align=\"center\"><span style=\"vertical-align: inherit;\"><span style=\"vertical-align: inherit;\"><span dir=\"auto\" style=\"vertical-align: inherit;\"><span dir=\"auto\" style=\"vertical-align: inherit;\">\u22650,630<\/span><\/span><\/span><\/span><\/p>\n<\/td>\n<\/tr>\n<tr bgcolor=\"#ffffff\">\n<td>\n<p align=\"center\"><span style=\"vertical-align: inherit;\"><span style=\"vertical-align: inherit;\"><span dir=\"auto\" style=\"vertical-align: inherit;\"><span dir=\"auto\" style=\"vertical-align: inherit;\">Homogenitetskoefficient<\/span><\/span><\/span><\/span><\/p>\n<\/td>\n<td>\n<p align=\"center\"><span style=\"vertical-align: inherit;\"><span style=\"vertical-align: inherit;\"><span dir=\"auto\" style=\"vertical-align: inherit;\"><span dir=\"auto\" style=\"vertical-align: inherit;\">\u22641,60<\/span><\/span><\/span><\/span><\/p>\n<\/td>\n<\/tr>\n<tr bgcolor=\"#ffffff\">\n<td>\n<p align=\"center\"><span style=\"vertical-align: inherit;\"><span style=\"vertical-align: inherit;\"><span dir=\"auto\" style=\"vertical-align: inherit;\"><span dir=\"auto\" style=\"vertical-align: inherit;\">Sf\u00e4riskhet efter radering %<\/span><\/span><\/span><\/span><\/p>\n<\/td>\n<td>\n<p align=\"center\"><span style=\"vertical-align: inherit;\"><span style=\"vertical-align: inherit;\"><span dir=\"auto\" style=\"vertical-align: inherit;\"><span dir=\"auto\" style=\"vertical-align: inherit;\">\u226590,00<\/span><\/span><\/span><\/span><\/p>\n<\/td>\n<\/tr>\n<\/tbody>\n<\/table>\n<p><strong><span style=\"vertical-align: inherit;\"><span style=\"vertical-align: inherit;\"><span dir=\"auto\" style=\"vertical-align: inherit;\"><span dir=\"auto\" style=\"vertical-align: inherit;\">4. Referensanv\u00e4ndningsindikatorer<\/span><\/span><\/span><\/span><\/strong><\/p>\n<table class=\"big\" width=\"90%\" cellspacing=\"1\" cellpadding=\"0\" align=\"center\" bgcolor=\"#666666\">\n<tbody>\n<tr bgcolor=\"#fffaee\">\n<td>\n<p align=\"center\"><span style=\"vertical-align: inherit;\"><span style=\"vertical-align: inherit;\"><span dir=\"auto\" style=\"vertical-align: inherit;\"><span dir=\"auto\" style=\"vertical-align: inherit;\">Parametrar<\/span><\/span><\/span><\/span><\/p>\n<\/td>\n<td>\n<p align=\"center\"><span style=\"vertical-align: inherit;\"><span style=\"vertical-align: inherit;\"><span dir=\"auto\" style=\"vertical-align: inherit;\"><span dir=\"auto\" style=\"vertical-align: inherit;\">Referensv\u00e4rde<\/span><\/span><\/span><\/span><\/p>\n<\/td>\n<\/tr>\n<tr bgcolor=\"#ffffff\">\n<td>\n<p align=\"center\"><span style=\"vertical-align: inherit;\"><span style=\"vertical-align: inherit;\"><span dir=\"auto\" style=\"vertical-align: inherit;\"><span dir=\"auto\" style=\"vertical-align: inherit;\">pH-intervall<\/span><\/span><\/span><\/span><\/p>\n<\/td>\n<td>\n<p align=\"center\"><span style=\"vertical-align: inherit;\"><span style=\"vertical-align: inherit;\"><span dir=\"auto\" style=\"vertical-align: inherit;\"><span dir=\"auto\" style=\"vertical-align: inherit;\">1-14<\/span><\/span><\/span><\/span><\/p>\n<\/td>\n<\/tr>\n<tr bgcolor=\"#ffffff\">\n<td>\n<p align=\"center\"><span style=\"vertical-align: inherit;\"><span style=\"vertical-align: inherit;\"><span dir=\"auto\" style=\"vertical-align: inherit;\"><span dir=\"auto\" style=\"vertical-align: inherit;\">Max driftstemperatur i klorform, \u00b0C<\/span><\/span><\/span><\/span><\/p>\n<\/td>\n<td>\n<p align=\"center\"><span style=\"vertical-align: inherit;\"><span style=\"vertical-align: inherit;\"><span dir=\"auto\" style=\"vertical-align: inherit;\"><span dir=\"auto\" style=\"vertical-align: inherit;\">80<\/span><\/span><\/span><\/span><\/p>\n<\/td>\n<\/tr>\n<tr bgcolor=\"#ffffff\">\n<td>\n<p align=\"center\"><span style=\"vertical-align: inherit;\"><span style=\"vertical-align: inherit;\"><span dir=\"auto\" style=\"vertical-align: inherit;\"><span dir=\"auto\" style=\"vertical-align: inherit;\">Svullnad vid full omvandling (Cl <\/span><\/span><\/span><\/span><sup><span style=\"vertical-align: inherit;\"><span style=\"vertical-align: inherit;\"><span dir=\"auto\" style=\"vertical-align: inherit;\"><span dir=\"auto\" style=\"vertical-align: inherit;\">&#8212;<\/span><\/span><\/span><\/span><\/sup><span style=\"vertical-align: inherit;\"><span style=\"vertical-align: inherit;\"><span dir=\"auto\" style=\"vertical-align: inherit;\"><span dir=\"auto\" style=\"vertical-align: inherit;\"> OH- <\/span><\/span><\/span><\/span><sup><span style=\"vertical-align: inherit;\"><span style=\"vertical-align: inherit;\"><span dir=\"auto\" style=\"vertical-align: inherit;\"><span dir=\"auto\" style=\"vertical-align: inherit;\">)<\/span><\/span><\/span><\/span><\/sup><span style=\"vertical-align: inherit;\"><span style=\"vertical-align: inherit;\"><span dir=\"auto\" style=\"vertical-align: inherit;\"><span dir=\"auto\" style=\"vertical-align: inherit;\"> , %<\/span><\/span><\/span><\/span><\/p>\n<\/td>\n<td>\n<p align=\"center\"><span style=\"vertical-align: inherit;\"><span style=\"vertical-align: inherit;\"><span dir=\"auto\" style=\"vertical-align: inherit;\"><span dir=\"auto\" style=\"vertical-align: inherit;\">\u226425<\/span><\/span><\/span><\/span><\/p>\n<\/td>\n<\/tr>\n<tr bgcolor=\"#ffffff\">\n<td>\n<p align=\"center\"><span style=\"vertical-align: inherit;\"><span style=\"vertical-align: inherit;\"><span dir=\"auto\" style=\"vertical-align: inherit;\"><span dir=\"auto\" style=\"vertical-align: inherit;\">Arbetsv\u00e4xlingskapacitet, mmol\/l<\/span><\/span><\/span><\/span><\/p>\n<\/td>\n<td>\n<p align=\"center\"><span style=\"vertical-align: inherit;\"><span style=\"vertical-align: inherit;\"><span dir=\"auto\" style=\"vertical-align: inherit;\"><span dir=\"auto\" style=\"vertical-align: inherit;\">\u2265450<\/span><\/span><\/span><\/span><\/p>\n<\/td>\n<\/tr>\n<tr bgcolor=\"#ffffff\">\n<td>\n<p align=\"center\"><span style=\"vertical-align: inherit;\"><span style=\"vertical-align: inherit;\"><span dir=\"auto\" style=\"vertical-align: inherit;\"><span dir=\"auto\" style=\"vertical-align: inherit;\">Driftsfl\u00f6deshastighet, m\/h<\/span><\/span><\/span><\/span><\/p>\n<\/td>\n<td>\n<p align=\"center\"><span style=\"vertical-align: inherit;\"><span style=\"vertical-align: inherit;\"><span dir=\"auto\" style=\"vertical-align: inherit;\"><span dir=\"auto\" style=\"vertical-align: inherit;\">20-40<\/span><\/span><\/span><\/span><\/p>\n<\/td>\n<\/tr>\n<\/tbody>\n<\/table>\n<\/td>\n<\/tr>\n<\/tbody>\n<\/table>\n<div id=\"gtx-trans\" style=\"position: absolute; left: 226px; top: 1.63068px;\">\n<div class=\"gtx-trans-icon\"><\/div>\n<\/div>\n","protected":false},"excerpt":{"rendered":"<p>ZGA 307SF styrenserie anjonharts 1. Beskrivning: Hydrolite ZGA 307SF anjonharts \u00e4r en typ av anjonharts med en kvatern\u00e4r ammoniumgrupp [-N(CH3 ) 3OH ] i en styren-dietylenbensen-sampolymer med en tv\u00e4rbindningsgrad p\u00e5 7 %. Det anv\u00e4nds fr\u00e4mst f\u00f6r produktion av rent och ultrarent vatten i tv\u00e5skiktsanjonfilter, tv\u00e5facksanjonsystem, flytande b\u00e4ddanjonsystem och tv\u00e5facks flytande b\u00e4ddsystem. 2. Implementerade standarder: GB\/T13660-1992&#8230;<\/p>\n","protected":false},"featured_media":1947,"comment_status":"closed","ping_status":"closed","template":"","meta":[],"product_cat":[514,553],"product_tag":[],"class_list":["post-2621","product","type-product","status-publish","has-post-thumbnail","hentry","product_cat-produkter","product_cat-tvakammar-och-flytande-hartser"],"_links":{"self":[{"href":"https:\/\/hydrolite.eu\/sv\/wp-json\/wp\/v2\/product\/2621","targetHints":{"allow":["GET"]}}],"collection":[{"href":"https:\/\/hydrolite.eu\/sv\/wp-json\/wp\/v2\/product"}],"about":[{"href":"https:\/\/hydrolite.eu\/sv\/wp-json\/wp\/v2\/types\/product"}],"replies":[{"embeddable":true,"href":"https:\/\/hydrolite.eu\/sv\/wp-json\/wp\/v2\/comments?post=2621"}],"wp:featuredmedia":[{"embeddable":true,"href":"https:\/\/hydrolite.eu\/sv\/wp-json\/wp\/v2\/media\/1947"}],"wp:attachment":[{"href":"https:\/\/hydrolite.eu\/sv\/wp-json\/wp\/v2\/media?parent=2621"}],"wp:term":[{"taxonomy":"product_cat","embeddable":true,"href":"https:\/\/hydrolite.eu\/sv\/wp-json\/wp\/v2\/product_cat?post=2621"},{"taxonomy":"product_tag","embeddable":true,"href":"https:\/\/hydrolite.eu\/sv\/wp-json\/wp\/v2\/product_tag?post=2621"}],"curies":[{"name":"wp","href":"https:\/\/api.w.org\/{rel}","templated":true}]}}