{"id":6195,"date":"2025-11-20T01:04:28","date_gmt":"2025-11-19T22:04:28","guid":{"rendered":"https:\/\/hydrolite.eu\/?page_id=6195"},"modified":"2025-11-20T01:23:13","modified_gmt":"2025-11-19T22:23:13","slug":"foretag","status":"publish","type":"page","link":"https:\/\/hydrolite.eu\/sv\/foretag\/","title":{"rendered":"F\u00f6retag"},"content":{"rendered":"\t<div id=\"gap-1088573986\" class=\"gap-element clearfix\" style=\"display:block; height:auto;\">\n\t\t\n<style>\n#gap-1088573986 {\n  padding-top: 30px;\n}\n<\/style>\n\t<\/div>\n\t\n<div class=\"row row-large row-full-width\"  id=\"row-1955839541\">\n\n\t<div id=\"col-526635065\" class=\"col medium-8 small-12 large-8\"  >\n\t\t<div class=\"col-inner\"  >\n\t\t\t\n\t\t\t\n<h2 class=\"uppercase\">Om oss<\/h2>\n<h3>Detta \u00e4r webbplatsen f\u00f6r den europeiska \u00e5terf\u00f6rs\u00e4ljaren EuroEcoTech (Tyskland).<\/h3>\n<p>Jonbytarhartser TM NIDROLIGHT &#8211; Innovativ och modern produkt.<\/p>\n<p>V\u00e5r tillverkare, Ningbo Zhengguang Resin Co., Ltd., \u00e4gs helt av Zhejiang Zhengguang Industrial Co., Ltd.s produktionsbas. Zhengguang \u00e4r ett av Kinas mest inflytelserika f\u00f6retag inom produktion och till\u00e4mpning av jonbytarhartser. F\u00f6retaget grundades i oktober 1969 och har \u00f6ver 43 \u00e5rs erfarenhet av forskning, utveckling och produktion av jonbytarhartser. Zhengguang \u00e4r ocks\u00e5 vice ordf\u00f6rande i China Ion-Exchange Resin Committee och medlem i World Quality Association.<\/p>\n<p>Ningbo Zhengguang Resin Co., Ltd. ligger i NINGBO PETROCHEMICAL ECONOMIC DEVELOPMENT ZONE. Planeringszonen t\u00e4cker en total yta p\u00e5 56,22 kvadratkilometer och uts\u00e5gs officiellt till nationell utvecklingszon av Kinas statsr\u00e5d den 30 december 2011. NINGBO PETROCHEMICAL ECONOMIC DEVELOPMENT ZONE \u00e4r hemvist f\u00f6r landets st\u00f6rsta docka f\u00f6r flytande kemikalier, de st\u00f6rsta petrokemiska bearbetningsanl\u00e4ggningarna i landet, Zhenhai, oljeraffinaderier, samt ett flertal kemif\u00f6retag. Dessa kemif\u00f6retag erbjuder bekv\u00e4m tillg\u00e5ng till r\u00e5varuanskaffning, medan den n\u00e4rliggande Beilong-hamnen ocks\u00e5 erbjuder gynnsamma f\u00f6rh\u00e5llanden f\u00f6r import och export av r\u00e5varor och produkter.<\/p>\n<p>Ningbo Zhengguang Resin Co., Ltd h\u00f6ll det f\u00f6rsta spadtaget i november 2007 och startade testproduktionen i september 2010. I slutet av 2011 hade Ningbo Zhengguang Resin Co., Ltd \u00e5teruppt\u00e4ckt normal produktion och erh\u00e5llit licens f\u00f6r s\u00e4ker produktion och godk\u00e4nnande fr\u00e5n milj\u00f6inspektion.<\/p>\n\t\t<\/div>\n\t\t\t<\/div>\n\n\t\n\n\t<div id=\"col-2044234019\" class=\"col medium-4 small-12 large-4 small-col-first\"  >\n\t\t<div class=\"col-inner\"  >\n\t\t\t\n\t\t\t\n\t<div class=\"img has-hover x md-x lg-x y md-y lg-y\" id=\"image_923515380\">\n\t\t\t\t\t\t\t\t<div class=\"img-inner dark\" >\n\t\t\t<img loading=\"lazy\" decoding=\"async\" width=\"1254\" height=\"841\" src=\"https:\/\/hydrolite.eu\/wp-content\/uploads\/2022\/05\/outside-of-workshop.jpg\" class=\"attachment-original size-original\" alt=\"hydrolite\" srcset=\"https:\/\/hydrolite.eu\/wp-content\/uploads\/2022\/05\/outside-of-workshop.jpg 1254w, https:\/\/hydrolite.eu\/wp-content\/uploads\/2022\/05\/outside-of-workshop-300x201.jpg 300w, https:\/\/hydrolite.eu\/wp-content\/uploads\/2022\/05\/outside-of-workshop-1024x687.jpg 1024w, https:\/\/hydrolite.eu\/wp-content\/uploads\/2022\/05\/outside-of-workshop-200x134.jpg 200w, https:\/\/hydrolite.eu\/wp-content\/uploads\/2022\/05\/outside-of-workshop-400x268.jpg 400w\" sizes=\"auto, (max-width: 1254px) 100vw, 1254px\" \/>\t\t\t\t\t\t\n\t\t\t\t\t<\/div>\n\t\t\t\t\t\t\t\t\n<style>\n#image_923515380 {\n  width: 100%;\n}\n<\/style>\n\t<\/div>\n\t\n\t<div class=\"img has-hover x md-x lg-x y md-y lg-y\" id=\"image_1405344133\">\n\t\t\t\t\t\t\t\t<div class=\"img-inner dark\" >\n\t\t\t<img loading=\"lazy\" decoding=\"async\" width=\"1502\" height=\"973\" src=\"https:\/\/hydrolite.eu\/wp-content\/uploads\/2022\/05\/material-farm.jpg\" class=\"attachment-original size-original\" alt=\"Company\" srcset=\"https:\/\/hydrolite.eu\/wp-content\/uploads\/2022\/05\/material-farm.jpg 1502w, https:\/\/hydrolite.eu\/wp-content\/uploads\/2022\/05\/material-farm-300x194.jpg 300w, https:\/\/hydrolite.eu\/wp-content\/uploads\/2022\/05\/material-farm-1024x663.jpg 1024w, https:\/\/hydrolite.eu\/wp-content\/uploads\/2022\/05\/material-farm-200x130.jpg 200w, https:\/\/hydrolite.eu\/wp-content\/uploads\/2022\/05\/material-farm-400x259.jpg 400w\" sizes=\"auto, (max-width: 1502px) 100vw, 1502px\" \/>\t\t\t\t\t\t\n\t\t\t\t\t<\/div>\n\t\t\t\t\t\t\t\t\n<style>\n#image_1405344133 {\n  width: 100%;\n}\n<\/style>\n\t<\/div>\n\t\n\t\t<\/div>\n\t\t\t<\/div>\n\n\t\n<\/div>\n<div class=\"row row-large row-full-width\"  id=\"row-1822810340\">\n\n\t<div id=\"col-794720428\" class=\"col medium-4 small-12 large-4\"  >\n\t\t<div class=\"col-inner\"  >\n\t\t\t\n\t\t\t\n\t<div class=\"img has-hover x md-x lg-x y md-y lg-y\" id=\"image_1357589735\">\n\t\t\t\t\t\t\t\t<div class=\"img-inner dark\" >\n\t\t\t<img loading=\"lazy\" decoding=\"async\" width=\"1020\" height=\"639\" src=\"https:\/\/hydrolite.eu\/wp-content\/uploads\/2022\/05\/workshop-1-1024x642.jpg\" class=\"attachment-large size-large\" alt=\"hydrolite\" srcset=\"https:\/\/hydrolite.eu\/wp-content\/uploads\/2022\/05\/workshop-1-1024x642.jpg 1024w, https:\/\/hydrolite.eu\/wp-content\/uploads\/2022\/05\/workshop-1-300x188.jpg 300w, https:\/\/hydrolite.eu\/wp-content\/uploads\/2022\/05\/workshop-1-200x125.jpg 200w, https:\/\/hydrolite.eu\/wp-content\/uploads\/2022\/05\/workshop-1-400x251.jpg 400w, https:\/\/hydrolite.eu\/wp-content\/uploads\/2022\/05\/workshop-1.jpg 1502w\" sizes=\"auto, (max-width: 1020px) 100vw, 1020px\" \/>\t\t\t\t\t\t\n\t\t\t\t\t<\/div>\n\t\t\t\t\t\t\t\t\n<style>\n#image_1357589735 {\n  width: 100%;\n}\n<\/style>\n\t<\/div>\n\t\n\t<div class=\"img has-hover x md-x lg-x y md-y lg-y\" id=\"image_1337486579\">\n\t\t\t\t\t\t\t\t<div class=\"img-inner dark\" >\n\t\t\t<img loading=\"lazy\" decoding=\"async\" width=\"1020\" height=\"680\" src=\"https:\/\/hydrolite.eu\/wp-content\/uploads\/2022\/05\/part-of-qc-1024x683.jpg\" class=\"attachment-large size-large\" alt=\"hydrolite\" srcset=\"https:\/\/hydrolite.eu\/wp-content\/uploads\/2022\/05\/part-of-qc-1024x683.jpg 1024w, https:\/\/hydrolite.eu\/wp-content\/uploads\/2022\/05\/part-of-qc-300x200.jpg 300w, https:\/\/hydrolite.eu\/wp-content\/uploads\/2022\/05\/part-of-qc-200x133.jpg 200w, https:\/\/hydrolite.eu\/wp-content\/uploads\/2022\/05\/part-of-qc-400x267.jpg 400w, https:\/\/hydrolite.eu\/wp-content\/uploads\/2022\/05\/part-of-qc.jpg 1180w\" sizes=\"auto, (max-width: 1020px) 100vw, 1020px\" \/>\t\t\t\t\t\t\n\t\t\t\t\t<\/div>\n\t\t\t\t\t\t\t\t\n<style>\n#image_1337486579 {\n  width: 100%;\n}\n<\/style>\n\t<\/div>\n\t\n\t\t<\/div>\n\t\t\t<\/div>\n\n\t\n\n\t<div id=\"col-1986677894\" class=\"col medium-8 small-12 large-8\"  >\n\t\t<div class=\"col-inner\"  >\n\t\t\t\n\t\t\t\n<p>Zhengguang specialiserar sig p\u00e5 produktion av jonbyteshartser, biokemiska separationsmedier och makropor\u00f6sa adsorbenter. Produktlinjen f\u00f6r jonbyteshartser omfattar fyra huvudserier: styrenserien, akrylsyraserien, fenolaldehydserien och ringsyreserien. Biokemiska separationsmedier inkluderar jonbyteskromatografimedia, hydrofob interaktionskromatografimedia, affinitetskromatografimedia, gelkromatografimedia och aktiverade intermedi\u00e4rer, best\u00e5ende av fem typer och n\u00e4stan 100 varianter. Makropor\u00f6sa sorbenter inkluderar opol\u00e4ra, m\u00e5ttligt pol\u00e4ra och pol\u00e4ra sorbenter av tre typer och n\u00e4stan ett dussin varianter. Registrerade varum\u00e4rken inkluderar &#8221;Zhengguang&#8221; och &#8221;Hydorlite&#8221;.<\/p>\n<p>Zhengguang \u00e5tnjuter ett gott rykte bland kunder och inom branschen f\u00f6r sin utm\u00e4rkta produktkvalitet, avancerade teknologi och uppriktiga tekniska tj\u00e4nster. Zhengguang har ett antal produkter utvecklade p\u00e5 Kinas initiativ och har bland annat f\u00e5tt utm\u00e4rkelserna &#8221;National Key New Product Certificate&#8221;, &#8221;Technology Innovation Fund Certificate&#8221;, &#8221;National Torch Plan&#8221;, &#8221;China Electric Power Science and Technology Award&#8221;, &#8221;Utility Model Patents&#8221; och &#8221;Invention Patents&#8221;. Zhengguangs jonbytarharts har upprepade g\u00e5nger utn\u00e4mnts till &#8221;Famous Product of Zhejiang Province&#8221; och dess varum\u00e4rke har utn\u00e4mnts till &#8221;Famous Brand of Zhejiang Province&#8221;. Baserat p\u00e5 dessa utm\u00e4rkelser har Zhengguang utn\u00e4mnts till &#8221;National Key High-Tech Enterprise Support&#8221;, &#8221;High-Tech Enterprise of Zhejiang Province&#8221; och &#8221;Zhejiang Provincial Enterprise Technology Center&#8221;.<\/p>\n<p>Jonbytarhartser av m\u00e4rken Zhengguang och Hydrlite s\u00e4ljs f\u00f6r n\u00e4rvarande i hela Kinas provinser och regioner inom elkraft, elektronik, k\u00e4rnkraft, kemi, l\u00e4ttindustri, l\u00e4kemedel, livsmedel, drycker, metallurgi och milj\u00f6skyddsindustrin. De s\u00e4ljs ocks\u00e5 till Amerika, Europa, Afrika och Sydostasien. Zhengguang-hartser spelar en viktig roll i behandling av pannvatten och kondensat, prim\u00e4r- och sekund\u00e4rvattenrening f\u00f6r k\u00e4rnkraftverk, processvatten och ultrarent vatten av elektronikkvalitet, samt inom livsmedels-, medicin- och biokemiska omr\u00e5den, tack vare sina utm\u00e4rkta prestanda. De har \u00e5tnjutit en utbredd anv\u00e4ndning \u00f6ver hela v\u00e4rlden.<\/p>\n\t\t<\/div>\n\t\t\t<\/div>\n\n\t\n<\/div>\n<div class=\"row row-large row-full-width\"  id=\"row-1426007619\">\n\n\t<div id=\"col-513468359\" class=\"col medium-4 small-12 large-4\"  >\n\t\t<div class=\"col-inner\"  >\n\t\t\t\n\t\t\t\n<div role=\"form\" class=\"wpcf7\" id=\"wpcf7-f27-o1\" lang=\"ru-RU\" dir=\"ltr\">\n<div class=\"screen-reader-response\"><p role=\"status\" aria-live=\"polite\" aria-atomic=\"true\"><\/p> <ul><\/ul><\/div>\n<form action=\"\/sv\/wp-json\/wp\/v2\/pages\/6195#wpcf7-f27-o1\" method=\"post\" class=\"wpcf7-form init\" novalidate=\"novalidate\" data-status=\"init\">\n<div style=\"display: none;\">\n<input type=\"hidden\" name=\"_wpcf7\" value=\"27\" \/>\n<input type=\"hidden\" name=\"_wpcf7_version\" value=\"5.5.5\" \/>\n<input type=\"hidden\" name=\"_wpcf7_locale\" value=\"ru_RU\" \/>\n<input type=\"hidden\" name=\"_wpcf7_unit_tag\" value=\"wpcf7-f27-o1\" \/>\n<input type=\"hidden\" name=\"_wpcf7_container_post\" value=\"0\" \/>\n<input type=\"hidden\" name=\"_wpcf7_posted_data_hash\" value=\"\" \/>\n<\/div>\n<div class=\"form-flat\">\n<span class=\"wpcf7-form-control-wrap your-name\"><input type=\"text\" name=\"your-name\" value=\"\" size=\"40\" class=\"wpcf7-form-control wpcf7-text wpcf7-validates-as-required\" aria-required=\"true\" aria-invalid=\"false\" placeholder=\"Your Name\" \/><\/span><\/p>\n<p><span class=\"wpcf7-form-control-wrap tel-640\"><input type=\"tel\" name=\"tel-640\" value=\"\" size=\"40\" class=\"wpcf7-form-control wpcf7-text wpcf7-tel wpcf7-validates-as-required wpcf7-validates-as-tel\" aria-required=\"true\" aria-invalid=\"false\" placeholder=\"Phone\" \/><\/span><\/p>\n<p><span class=\"wpcf7-form-control-wrap your-email\"><input type=\"email\" name=\"your-email\" value=\"\" size=\"40\" class=\"wpcf7-form-control wpcf7-text wpcf7-email wpcf7-validates-as-required wpcf7-validates-as-email\" aria-required=\"true\" aria-invalid=\"false\" placeholder=\"Your Email\" \/><\/span> <\/p>\n<p><span class=\"wpcf7-form-control-wrap your-message\"><textarea name=\"your-message\" cols=\"40\" rows=\"10\" class=\"wpcf7-form-control wpcf7-textarea\" aria-invalid=\"false\" placeholder=\"Your Message\"><\/textarea><\/span> <\/p>\n<p><input type=\"submit\" value=\"Submit\" class=\"wpcf7-form-control has-spinner wpcf7-submit button\" \/>\n<\/p><\/div>\n<div class=\"wpcf7-response-output\" aria-hidden=\"true\"><\/div><\/form><\/div>\n\t\t<\/div>\n\t\t\t<\/div>\n\n\t\n\n\t<div id=\"col-1365505093\" class=\"col medium-8 small-12 large-8\"  >\n\t\t<div class=\"col-inner\"  >\n\t\t\t\n\t\t\t\n\t<div id=\"text-2430412628\" class=\"text\">\n\t\t\n<h2 class=\"uppercase\">Vill du arbeta med oss?<\/h2>\n\t\t\n<style>\n#text-2430412628 {\n  text-align: center;\n}\n<\/style>\n\t<\/div>\n\t\n<p class=\"lead\">Skriv bara till oss.<\/p>\n\t\t<\/div>\n\t\t\t<\/div>\n\n\t\n<\/div>\n","protected":false},"excerpt":{"rendered":"","protected":false},"author":1,"featured_media":4990,"parent":0,"menu_order":0,"comment_status":"closed","ping_status":"closed","template":"page-blank.php","meta":{"footnotes":""},"class_list":["post-6195","page","type-page","status-publish","has-post-thumbnail","hentry"],"_links":{"self":[{"href":"https:\/\/hydrolite.eu\/sv\/wp-json\/wp\/v2\/pages\/6195","targetHints":{"allow":["GET"]}}],"collection":[{"href":"https:\/\/hydrolite.eu\/sv\/wp-json\/wp\/v2\/pages"}],"about":[{"href":"https:\/\/hydrolite.eu\/sv\/wp-json\/wp\/v2\/types\/page"}],"author":[{"embeddable":true,"href":"https:\/\/hydrolite.eu\/sv\/wp-json\/wp\/v2\/users\/1"}],"replies":[{"embeddable":true,"href":"https:\/\/hydrolite.eu\/sv\/wp-json\/wp\/v2\/comments?post=6195"}],"version-history":[{"count":2,"href":"https:\/\/hydrolite.eu\/sv\/wp-json\/wp\/v2\/pages\/6195\/revisions"}],"predecessor-version":[{"id":6211,"href":"https:\/\/hydrolite.eu\/sv\/wp-json\/wp\/v2\/pages\/6195\/revisions\/6211"}],"wp:featuredmedia":[{"embeddable":true,"href":"https:\/\/hydrolite.eu\/sv\/wp-json\/wp\/v2\/media\/4990"}],"wp:attachment":[{"href":"https:\/\/hydrolite.eu\/sv\/wp-json\/wp\/v2\/media?parent=6195"}],"curies":[{"name":"wp","href":"https:\/\/api.w.org\/{rel}","templated":true}]}}