{"id":676,"date":"2022-05-19T22:29:52","date_gmt":"2022-05-19T19:29:52","guid":{"rendered":"https:\/\/hydrolite.eu\/product\/zga-352-macroporous-styrene-series-strongly-basic-typeii-anion-exchange-resin\/"},"modified":"2022-05-24T23:22:30","modified_gmt":"2022-05-24T20:22:30","slug":"silnoosnovnaya-anionoobmennaya-smola-serii-zga-352-iz-stirola-ii-tipa","status":"publish","type":"product","link":"https:\/\/hydrolite.eu\/ru\/product\/silnoosnovnaya-anionoobmennaya-smola-serii-zga-352-iz-stirola-ii-tipa\/","title":{"rendered":"\u0421\u0438\u043b\u044c\u043d\u043e\u043e\u0441\u043d\u043e\u0432\u043d\u0430\u044f \u0430\u043d\u0438\u043e\u043d\u043e\u043e\u0431\u043c\u0435\u043d\u043d\u0430\u044f \u0441\u043c\u043e\u043b\u0430 \u0441\u0435\u0440\u0438\u0438 ZGA 352 \u0438\u0437 \u0441\u0442\u0438\u0440\u043e\u043b\u0430 II \u0442\u0438\u043f\u0430"},"content":{"rendered":"<h2 align=\"center\"><strong class=\"proname\"><span style=\"vertical-align: inherit;\"><span style=\"vertical-align: inherit;\">\u0421\u0438\u043b\u044c\u043d\u043e\u043e\u0441\u043d\u043e\u0432\u043d\u0430\u044f \u0430\u043d\u0438\u043e\u043d\u043e\u043e\u0431\u043c\u0435\u043d\u043d\u0430\u044f \u0441\u043c\u043e\u043b\u0430 \u0441\u0435\u0440\u0438\u0438 ZGA 352 \u0438\u0437 \u0441\u0442\u0438\u0440\u043e\u043b\u0430 II \u0442\u0438\u043f\u0430<\/span><\/span><\/strong><\/h2>\n<p>&nbsp;<\/p>\n<div class=\"xxx\">\n<p><strong><span style=\"vertical-align: inherit;\"><span style=\"vertical-align: inherit;\">1. \u041e\u043f\u0438\u0441\u0430\u043d\u0438\u0435<\/span><\/span><\/strong><\/p>\n<p align=\"justify\"><span style=\"vertical-align: inherit;\"><span class=\"\" style=\"vertical-align: inherit;\">&#171;Hydrolite&#187; ZGA 352 \u043f\u0440\u0435\u0434\u0441\u0442\u0430\u0432\u043b\u044f\u0435\u0442 \u0441\u043e\u0431\u043e\u0439 \u0430\u043d\u0438\u043e\u043d\u043e\u043e\u0431\u043c\u0435\u043d\u043d\u0443\u044e \u0441\u043c\u043e\u043b\u0443 \u0441 \u0447\u0435\u0442\u0432\u0435\u0440\u0442\u0438\u0447\u043d\u043e\u0439 \u0430\u043c\u043c\u043e\u043d\u0438\u0435\u0432\u043e\u0439 \u0433\u0440\u0443\u043f\u043f\u043e\u0439 [N-(CH <\/span><\/span><sub><span style=\"vertical-align: inherit;\"><span class=\"\" style=\"vertical-align: inherit;\">3<\/span><\/span><\/sub><span style=\"vertical-align: inherit;\"><span class=\"\" style=\"vertical-align: inherit;\"> ) <\/span><\/span><sub><span style=\"vertical-align: inherit;\"><span class=\"\" style=\"vertical-align: inherit;\">2<\/span><\/span><\/sub><span style=\"vertical-align: inherit;\"><span class=\"\" style=\"vertical-align: inherit;\"> C <\/span><\/span><sub><span style=\"vertical-align: inherit;\"><span class=\"\" style=\"vertical-align: inherit;\">2<\/span><\/span><\/sub><span style=\"vertical-align: inherit;\"><span class=\"\" style=\"vertical-align: inherit;\"> H <\/span><\/span><sub><span style=\"vertical-align: inherit;\"><span class=\"\" style=\"vertical-align: inherit;\">4<\/span><\/span><\/sub><span style=\"vertical-align: inherit;\"><span class=\"\" style=\"vertical-align: inherit;\"> OH] \u0432 \u0441\u043e\u043f\u043e\u043b\u0438\u043c\u0435\u0440\u0435 \u0441\u0442\u0438\u0440\u043e\u043b-\u0434\u0438\u044d\u0442\u0438\u043b\u0435\u043d\u0431\u0435\u043d\u0437\u043e\u043b\u0430 \u0441 \u043c\u0430\u043a\u0440\u043e\u043f\u043e\u0440\u0438\u0441\u0442\u043e\u0439 \u0441\u0442\u0440\u0443\u043a\u0442\u0443\u0440\u043e\u0439. <\/span><span class=\"\" style=\"vertical-align: inherit;\">\u041e\u043d \u0438\u0441\u043f\u043e\u043b\u044c\u0437\u0443\u0435\u0442\u0441\u044f \u0432 \u043e\u0441\u043d\u043e\u0432\u043d\u043e\u043c \u0434\u043b\u044f \u043f\u0440\u043e\u0438\u0437\u0432\u043e\u0434\u0441\u0442\u0432\u0430 \u0447\u0438\u0441\u0442\u043e\u0439 \u0432\u043e\u0434\u044b \u0441 \u0442\u0430\u043a\u0438\u043c\u0438 \u0445\u0430\u0440\u0430\u043a\u0442\u0435\u0440\u0438\u0441\u0442\u0438\u043a\u0430\u043c\u0438, \u043a\u0430\u043a \u0432\u044b\u0441\u043e\u043a\u0430\u044f \u044d\u0444\u0444\u0435\u043a\u0442\u0438\u0432\u043d\u043e\u0441\u0442\u044c \u0440\u0435\u0433\u0435\u043d\u0435\u0440\u0430\u0446\u0438\u0438 \u0438 \u0431\u043e\u043b\u044c\u0448\u0430\u044f \u043e\u0431\u043c\u0435\u043d\u043d\u0430\u044f \u0435\u043c\u043a\u043e\u0441\u0442\u044c \u0438 \u0442. \u0414., \u041e\u0441\u043e\u0431\u0435\u043d\u043d\u043e \u043f\u043e\u0434\u0445\u043e\u0434\u0438\u0442 \u0434\u043b\u044f \u0432\u043e\u0434\u043d\u044b\u0445 \u0440\u0435\u0441\u0443\u0440\u0441\u043e\u0432 \u0441 \u0432\u044b\u0441\u043e\u043a\u0438\u043c \u0441\u043e\u0434\u0435\u0440\u0436\u0430\u043d\u0438\u0435\u043c \u0441\u043e\u043b\u0438.<\/span><\/span><\/p>\n<p><strong><span style=\"vertical-align: inherit;\"><span style=\"vertical-align: inherit;\">2. \u0421\u0442\u0430\u043d\u0434\u0430\u0440\u0442\u044b \u0438\u0441\u043f\u043e\u043b\u043d\u0435\u043d\u0438\u044f:<\/span><\/span><\/strong><span style=\"vertical-align: inherit;\"><span style=\"vertical-align: inherit;\"> \u00a0HG\/T2754-1996 DL\/T519-2004 SH2605.08-2003<\/span><\/span><\/p>\n<p><strong><span style=\"vertical-align: inherit;\"><span class=\"\" style=\"vertical-align: inherit;\">3. \u0422\u0438\u043f\u0438\u0447\u043d\u044b\u0435 \u0444\u0438\u0437\u0438\u0447\u0435\u0441\u043a\u0438\u0435 \u0438 \u0445\u0438\u043c\u0438\u0447\u0435\u0441\u043a\u0438\u0435 \u0441\u0432\u043e\u0439\u0441\u0442\u0432\u0430:<\/span><\/span><\/strong><\/p>\n<table class=\"big\" style=\"line-height: 25px; font-family: \u00cb\u00ce\u00cc\u00e5; color: #000000; width: 90%; height: 792px;\" width=\"90%\" cellspacing=\"1\" cellpadding=\"0\" align=\"center\" bgcolor=\"#666666\">\n<tbody>\n<tr style=\"height: 53px;\" bgcolor=\"#fffaee\">\n<td style=\"height: 53px;\">\n<p align=\"center\"><span style=\"vertical-align: inherit;\"><span style=\"vertical-align: inherit;\">\u041f\u0410\u0420\u0410\u041c\u0415\u0422\u0420\u042b<\/span><\/span><\/p>\n<\/td>\n<td style=\"height: 53px;\">\n<p align=\"center\"><span style=\"vertical-align: inherit;\"><span style=\"vertical-align: inherit;\">\u0414\u0410\u041d\u041d\u042b\u0415<\/span><\/span><\/p>\n<\/td>\n<\/tr>\n<tr style=\"height: 78px;\" bgcolor=\"#ffffff\">\n<td style=\"height: 78px;\">\n<p align=\"center\"><span style=\"vertical-align: inherit;\"><span style=\"vertical-align: inherit;\">\u041f\u043e\u044f\u0432\u043b\u0435\u043d\u0438\u0435<\/span><\/span><\/p>\n<\/td>\n<td style=\"height: 78px;\">\n<p align=\"center\"><span style=\"vertical-align: inherit;\"><span style=\"vertical-align: inherit;\">\u041d\u0435\u043f\u0440\u043e\u0437\u0440\u0430\u0447\u043d\u043e\u0435 \u0441\u0444\u0435\u0440\u0438\u0447\u0435\u0441\u043a\u043e\u0435 \u0437\u0435\u0440\u043d\u043e \u043e\u0442 \u043c\u043e\u043b\u043e\u0447\u043d\u043e\u0433\u043e \u0434\u043e \u043b\u044c\u043d\u044f\u043d\u043e\u0433\u043e \u0446\u0432\u0435\u0442\u0430<\/span><\/span><\/p>\n<\/td>\n<\/tr>\n<tr style=\"height: 53px;\" bgcolor=\"#ffffff\">\n<td style=\"height: 53px;\">\n<p align=\"center\"><span style=\"vertical-align: inherit;\"><span style=\"vertical-align: inherit;\">\u0418\u043e\u043d\u043d\u0430\u044f \u0444\u043e\u0440\u043c\u0430<\/span><\/span><\/p>\n<\/td>\n<td style=\"height: 53px;\">\n<p align=\"center\"><span style=\"vertical-align: inherit;\"><span style=\"vertical-align: inherit;\">\u041a\u043b<\/span><\/span><\/p>\n<\/td>\n<\/tr>\n<tr style=\"height: 53px;\" bgcolor=\"#ffffff\">\n<td style=\"height: 53px;\">\n<p align=\"center\"><span style=\"vertical-align: inherit;\"><span style=\"vertical-align: inherit;\">\u0421\u043e\u0434\u0435\u0440\u0436\u0430\u043d\u0438\u0435 \u0432\u043b\u0430\u0433\u0438 %<\/span><\/span><\/p>\n<\/td>\n<td style=\"height: 53px;\">\n<p align=\"center\">47.00-57.00<\/p>\n<\/td>\n<\/tr>\n<tr style=\"height: 53px;\" bgcolor=\"#ffffff\">\n<td style=\"height: 53px;\">\n<p align=\"center\"><span style=\"vertical-align: inherit;\"><span style=\"vertical-align: inherit;\">\u041c\u0430\u043a\u0441\u0438\u043c\u0430\u043b\u044c\u043d\u0430\u044f \u0440\u0435\u0433\u0435\u043d\u0435\u0440\u0438\u0440\u0443\u0435\u043c\u0430\u044f \u043c\u043e\u0449\u043d\u043e\u0441\u0442\u044c \u043c\u043c\u043e\u043b\u044c\/\u0433<\/span><\/span><\/p>\n<\/td>\n<td style=\"height: 53px;\">\n<p align=\"center\">\u22653.70<\/p>\n<\/td>\n<\/tr>\n<tr style=\"height: 78px;\" bgcolor=\"#ffffff\">\n<td style=\"height: 78px;\">\n<p align=\"center\"><span style=\"vertical-align: inherit;\"><span style=\"vertical-align: inherit;\">\u0413\u0440\u0443\u043f\u043f\u043e\u0432\u0430\u044f \u043e\u0431\u043c\u0435\u043d\u043d\u0430\u044f \u0435\u043c\u043a\u043e\u0441\u0442\u044c \u0441\u0438\u043b\u044c\u043d\u043e\u0439 \u0444\u0443\u043d\u043a\u0446\u0438\u043e\u043d\u0430\u043b\u044c\u043d\u043e\u0439 \u0433\u0440\u0443\u043f\u043f\u044b \u043c\u043c\u043e\u043b\u044c\/\u0433<\/span><\/span><\/p>\n<\/td>\n<td style=\"height: 78px;\">\n<p align=\"center\">\u22653.40<\/p>\n<\/td>\n<\/tr>\n<tr style=\"height: 53px;\" bgcolor=\"#ffffff\">\n<td style=\"height: 53px;\">\n<p align=\"center\"><span style=\"vertical-align: inherit;\"><span style=\"vertical-align: inherit;\">\u041e\u0431\u0449\u0430\u044f \u043e\u0431\u043c\u0435\u043d\u043d\u0430\u044f \u0435\u043c\u043a\u043e\u0441\u0442\u044c \u043c\u043c\u043e\u043b\u044c\/\u043c\u043b<\/span><\/span><\/p>\n<\/td>\n<td style=\"height: 53px;\">\n<p align=\"center\">\u22651.20<\/p>\n<\/td>\n<\/tr>\n<tr style=\"height: 53px;\" bgcolor=\"#ffffff\">\n<td style=\"height: 53px;\">\n<p align=\"center\"><span style=\"vertical-align: inherit;\"><span style=\"vertical-align: inherit;\">\u0412\u0435\u0441 \u0432 \u0443\u043f\u0430\u043a\u043e\u0432\u043a\u0435 \u0433\/\u043c\u043b<\/span><\/span><\/p>\n<\/td>\n<td style=\"height: 53px;\">\n<p align=\"center\">0.68-0.74<\/p>\n<\/td>\n<\/tr>\n<tr style=\"height: 53px;\" bgcolor=\"#ffffff\">\n<td style=\"height: 53px;\">\n<p align=\"center\"><span style=\"vertical-align: inherit;\"><span style=\"vertical-align: inherit;\">\u0418\u0441\u0442\u0438\u043d\u043d\u0430\u044f \u043f\u043b\u043e\u0442\u043d\u043e\u0441\u0442\u044c \u0433\/\u043c\u043b<\/span><\/span><\/p>\n<\/td>\n<td style=\"height: 53px;\">\n<p align=\"center\">1.070-1.120<\/p>\n<\/td>\n<\/tr>\n<tr style=\"height: 53px;\" bgcolor=\"#ffffff\">\n<td style=\"height: 53px;\">\n<p align=\"center\"><span style=\"vertical-align: inherit;\"><span style=\"vertical-align: inherit;\">\u0414\u0438\u0430\u043f\u0430\u0437\u043e\u043d \u0440\u0430\u0437\u043c\u0435\u0440\u043e\u0432 \u0447\u0430\u0441\u0442\u0438\u0446 %<\/span><\/span><\/p>\n<\/td>\n<td style=\"height: 53px;\">\n<p align=\"center\"><span style=\"vertical-align: inherit;\"><span style=\"vertical-align: inherit;\">(0,315-1,25 \u043c\u043c)\u226595<\/span><\/span><\/p>\n<\/td>\n<\/tr>\n<tr style=\"height: 53px;\" bgcolor=\"#ffffff\">\n<td style=\"height: 53px;\">\n<p align=\"center\"><span style=\"vertical-align: inherit;\"><span style=\"vertical-align: inherit;\">\u0420\u0430\u0437\u043c\u0435\u0440 \u043d\u0438\u0436\u043d\u0435\u0433\u043e \u043f\u0440\u0435\u0434\u0435\u043b\u0430 %<\/span><\/span><\/p>\n<\/td>\n<td style=\"height: 53px;\">\n<p align=\"center\"><span style=\"vertical-align: inherit;\"><span style=\"vertical-align: inherit;\">(&lt;0,315 \u043c\u043c)\u22641<\/span><\/span><\/p>\n<\/td>\n<\/tr>\n<tr style=\"height: 53px;\" bgcolor=\"#ffffff\">\n<td style=\"height: 53px;\">\n<p align=\"center\"><span style=\"vertical-align: inherit;\"><span style=\"vertical-align: inherit;\">\u042d\u0444\u0444\u0435\u043a\u0442\u0438\u0432\u043d\u044b\u0439 \u0440\u0430\u0437\u043c\u0435\u0440 \u043c\u043c<\/span><\/span><\/p>\n<\/td>\n<td style=\"height: 53px;\">\n<p align=\"center\">0.400-0.700<\/p>\n<\/td>\n<\/tr>\n<tr style=\"height: 53px;\" bgcolor=\"#ffffff\">\n<td style=\"height: 53px;\">\n<p align=\"center\"><span style=\"vertical-align: inherit;\"><span style=\"vertical-align: inherit;\">\u041a\u043e\u044d\u0444\u0444\u0438\u0446\u0438\u0435\u043d\u0442 \u043e\u0434\u043d\u043e\u0440\u043e\u0434\u043d\u043e\u0441\u0442\u0438<\/span><\/span><\/p>\n<\/td>\n<td style=\"height: 53px;\">\n<p align=\"center\">\u22641.60<\/p>\n<\/td>\n<\/tr>\n<tr style=\"height: 53px;\" bgcolor=\"#ffffff\">\n<td style=\"height: 53px;\">\n<p align=\"center\"><span style=\"vertical-align: inherit;\"><span style=\"vertical-align: inherit;\">\u0421\u0444\u0435\u0440\u0438\u0447\u043d\u043e\u0441\u0442\u044c \u043f\u043e\u0441\u043b\u0435 \u043e\u0441\u043c\u043e\u0441\u0430-\u0438\u0441\u0442\u0438\u0440\u0430\u043d\u0438\u044f %<\/span><\/span><\/p>\n<\/td>\n<td style=\"height: 53px;\">\n<p align=\"center\">\u226590.00<\/p>\n<\/td>\n<\/tr>\n<\/tbody>\n<\/table>\n<p><strong><span style=\"vertical-align: inherit;\"><span style=\"vertical-align: inherit;\">4. \u0421\u043f\u0440\u0430\u0432\u043e\u0447\u043d\u044b\u0435 \u0438\u043d\u0434\u0435\u043a\u0441\u044b \u043f\u0440\u0438 \u0438\u0441\u043f\u043e\u043b\u044c\u0437\u043e\u0432\u0430\u043d\u0438\u0438<\/span><\/span><\/strong><\/p>\n<table class=\"big\" style=\"line-height: 25px; font-family: \u00cb\u00ce\u00cc\u00e5; color: #000000;\" width=\"90%\" cellspacing=\"1\" cellpadding=\"0\" align=\"center\" bgcolor=\"#666666\">\n<tbody>\n<tr bgcolor=\"#fffaee\">\n<td>\n<p align=\"center\"><span style=\"vertical-align: inherit;\">\u041f\u0410\u0420\u0410\u041c\u0415\u0422\u0420\u042b<\/span><\/p>\n<\/td>\n<td>\n<p align=\"center\"><span style=\"vertical-align: inherit;\"><span style=\"vertical-align: inherit;\">\u0418\u0441\u0445\u043e\u0434\u043d\u0430\u044f \u0432\u0435\u043b\u0438\u0447\u0438\u043d\u0430<\/span><\/span><\/p>\n<\/td>\n<\/tr>\n<tr bgcolor=\"#ffffff\">\n<td>\n<p align=\"center\"><span style=\"vertical-align: inherit;\"><span style=\"vertical-align: inherit;\">\u0414\u0438\u0430\u043f\u0430\u0437\u043e\u043d \u0440\u041d<\/span><\/span><\/p>\n<\/td>\n<td>\n<p align=\"center\">1-14<\/p>\n<\/td>\n<\/tr>\n<tr bgcolor=\"#ffffff\">\n<td>\n<p align=\"center\"><span style=\"vertical-align: inherit;\"><span style=\"vertical-align: inherit;\">\u041c\u0430\u043a\u0441\u0438\u043c\u0443\u043c. <\/span><span style=\"vertical-align: inherit;\">\u0440\u0430\u0431\u043e\u0447\u0430\u044f \u0442\u0435\u043c\u043f\u0435\u0440\u0430\u0442\u0443\u0440\u0430 \u0432 \u0444\u043e\u0440\u043c\u0435 \u0445\u043b\u043e\u0440\u0430 \u00b0C<\/span><\/span><\/p>\n<\/td>\n<td>\n<p align=\"center\">60<\/p>\n<\/td>\n<\/tr>\n<tr bgcolor=\"#ffffff\">\n<td>\n<p align=\"center\"><span style=\"vertical-align: inherit;\"><span style=\"vertical-align: inherit;\">\u041d\u0430\u0431\u0443\u0445\u0430\u043d\u0438\u0435 \u043f\u0440\u0438 \u043f\u043e\u043b\u043d\u043e\u0439 \u043a\u043e\u043d\u0432\u0435\u0440\u0441\u0438\u0438 (Cl <\/span><\/span><sup><span style=\"vertical-align: inherit;\"><span style=\"vertical-align: inherit;\">&#8212;<\/span><\/span><\/sup><span style=\"vertical-align: inherit;\"><span style=\"vertical-align: inherit;\"> -OH <\/span><\/span><sup><span style=\"vertical-align: inherit;\"><span style=\"vertical-align: inherit;\">&#8212;<\/span><\/span><\/sup><span style=\"vertical-align: inherit;\"><span style=\"vertical-align: inherit;\"> ) %<\/span><\/span><\/p>\n<\/td>\n<td>\n<p align=\"center\">\u226412<\/p>\n<\/td>\n<\/tr>\n<tr bgcolor=\"#ffffff\">\n<td>\n<p align=\"center\"><span style=\"vertical-align: inherit;\"><span style=\"vertical-align: inherit;\">\u0420\u0430\u0431\u043e\u0447\u0430\u044f \u043e\u0431\u043c\u0435\u043d\u043d\u0430\u044f \u0435\u043c\u043a\u043e\u0441\u0442\u044c \u043c\u043c\u043e\u043b\u044c\/\u043b<\/span><\/span><\/p>\n<\/td>\n<td>\n<p align=\"center\">\u2265650<\/p>\n<\/td>\n<\/tr>\n<tr bgcolor=\"#ffffff\">\n<td>\n<p align=\"center\"><span style=\"vertical-align: inherit;\"><span style=\"vertical-align: inherit;\">\u0420\u0430\u0431\u043e\u0447\u0438\u0439 \u0440\u0430\u0441\u0445\u043e\u0434 \u043c\/\u0447<\/span><\/span><\/p>\n<\/td>\n<td>\n<p align=\"center\">15-30<\/p>\n<\/td>\n<\/tr>\n<\/tbody>\n<\/table>\n<\/div>\n","protected":false},"excerpt":{"rendered":"<p><strong><span style=\"vertical-align: inherit;\"><span style=\"vertical-align: inherit;\">&#171;Hydrolite&#187; ZGA 352<\/span><\/span><\/strong><span style=\"vertical-align: inherit;\"><span style=\"vertical-align: inherit;\"> \u043f\u0440\u0435\u0434\u0441\u0442\u0430\u0432\u043b\u044f\u0435\u0442 \u0441\u043e\u0431\u043e\u0439 \u0430\u043d\u0438\u043e\u043d\u043e\u043e\u0431\u043c\u0435\u043d\u043d\u0443\u044e \u0441\u043c\u043e\u043b\u0443 \u0441 \u0447\u0435\u0442\u0432\u0435\u0440\u0442\u0438\u0447\u043d\u043e\u0439 \u0430\u043c\u043c\u043e\u043d\u0438\u0435\u0432\u043e\u0439 \u0433\u0440\u0443\u043f\u043f\u043e\u0439 [N-(CH <\/span><\/span><sub><span style=\"vertical-align: inherit;\"><span style=\"vertical-align: inherit;\">3<\/span><\/span><\/sub><span style=\"vertical-align: inherit;\"><span style=\"vertical-align: inherit;\"> ) <\/span><\/span><sub><span style=\"vertical-align: inherit;\"><span style=\"vertical-align: inherit;\">2<\/span><\/span><\/sub><span style=\"vertical-align: inherit;\"><span style=\"vertical-align: inherit;\"> C <\/span><\/span><sub><span style=\"vertical-align: inherit;\"><span style=\"vertical-align: inherit;\">2<\/span><\/span><\/sub><span style=\"vertical-align: inherit;\"><span style=\"vertical-align: inherit;\"> H <\/span><\/span><sub><span style=\"vertical-align: inherit;\"><span style=\"vertical-align: inherit;\">4<\/span><\/span><\/sub><span style=\"vertical-align: inherit;\"><span style=\"vertical-align: inherit;\"> OH] \u0432 \u0441\u0442\u0438\u0440\u043e\u043b-\u0434\u0438\u044d\u0442\u0438\u043b\u0435\u043d\u0431\u0435\u043d\u0437\u043e\u043b\u044c\u043d\u043e\u043c \u0441\u043e\u043f\u043e\u043b\u0438\u043c\u0435\u0440\u0435 \u0441 \u043c\u0430\u043a\u0440\u043e\u043f\u043e\u0440\u0438\u0441\u0442\u043e\u0439 \u0441\u0442\u0440\u0443\u043a\u0442\u0443\u0440\u043e\u0439. <\/span><span style=\"vertical-align: inherit;\">\u041e\u043d \u0438\u0441\u043f\u043e\u043b\u044c\u0437\u0443\u0435\u0442\u0441\u044f \u0432 \u043e\u0441\u043d\u043e\u0432\u043d\u043e\u043c \u0434\u043b\u044f \u043f\u0440\u043e\u0438\u0437\u0432\u043e\u0434\u0441\u0442\u0432\u0430 \u0447\u0438\u0441\u0442\u043e\u0439 \u0432\u043e\u0434\u044b \u0441 \u0442\u0430\u043a\u0438\u043c\u0438 \u0445\u0430\u0440\u0430\u043a\u0442\u0435\u0440\u0438\u0441\u0442\u0438\u043a\u0430\u043c\u0438, \u043a\u0430\u043a \u0432\u044b\u0441\u043e\u043a\u0430\u044f \u044d\u0444\u0444\u0435\u043a\u0442\u0438\u0432\u043d\u043e\u0441\u0442\u044c \u0440\u0435\u0433\u0435\u043d\u0435\u0440\u0430\u0446\u0438\u0438 \u0438 \u0431\u043e\u043b\u044c\u0448\u0430\u044f \u043e\u0431\u043c\u0435\u043d\u043d\u0430\u044f \u0435\u043c\u043a\u043e\u0441\u0442\u044c \u0438 \u0442. \u0414., \u041e\u0441\u043e\u0431\u0435\u043d\u043d\u043e \u043f\u043e\u0434\u0445\u043e\u0434\u0438\u0442 \u0434\u043b\u044f \u0432\u043e\u0434\u043d\u044b\u0445 \u0440\u0435\u0441\u0443\u0440\u0441\u043e\u0432 \u0441 \u0432\u044b\u0441\u043e\u043a\u0438\u043c \u0441\u043e\u0434\u0435\u0440\u0436\u0430\u043d\u0438\u0435\u043c \u0441\u043e\u043b\u0438.<\/span><\/span><\/p>\n","protected":false},"featured_media":299,"comment_status":"closed","ping_status":"closed","template":"","meta":[],"product_cat":[93],"product_tag":[],"class_list":["post-676","product","type-product","status-publish","has-post-thumbnail","hentry","product_cat-smoly-obshchego-naznacheniya"],"_links":{"self":[{"href":"https:\/\/hydrolite.eu\/ru\/wp-json\/wp\/v2\/product\/676","targetHints":{"allow":["GET"]}}],"collection":[{"href":"https:\/\/hydrolite.eu\/ru\/wp-json\/wp\/v2\/product"}],"about":[{"href":"https:\/\/hydrolite.eu\/ru\/wp-json\/wp\/v2\/types\/product"}],"replies":[{"embeddable":true,"href":"https:\/\/hydrolite.eu\/ru\/wp-json\/wp\/v2\/comments?post=676"}],"wp:featuredmedia":[{"embeddable":true,"href":"https:\/\/hydrolite.eu\/ru\/wp-json\/wp\/v2\/media\/299"}],"wp:attachment":[{"href":"https:\/\/hydrolite.eu\/ru\/wp-json\/wp\/v2\/media?parent=676"}],"wp:term":[{"taxonomy":"product_cat","embeddable":true,"href":"https:\/\/hydrolite.eu\/ru\/wp-json\/wp\/v2\/product_cat?post=676"},{"taxonomy":"product_tag","embeddable":true,"href":"https:\/\/hydrolite.eu\/ru\/wp-json\/wp\/v2\/product_tag?post=676"}],"curies":[{"name":"wp","href":"https:\/\/api.w.org\/{rel}","templated":true}]}}