{"id":554,"date":"2022-05-08T15:31:48","date_gmt":"2022-05-23T18:22:50","guid":{"rendered":"https:\/\/hydrolite.eu\/?post_type=product&#038;p=554"},"modified":"2022-05-23T21:24:27","modified_gmt":"2022-05-23T18:24:27","slug":"silnokislotnaya-kationoobmennaya-smola-serii-zgc-107-so-stirolom","status":"publish","type":"product","link":"https:\/\/hydrolite.eu\/ru\/product\/silnokislotnaya-kationoobmennaya-smola-serii-zgc-107-so-stirolom\/","title":{"rendered":"\u0421\u0438\u043b\u044c\u043d\u043e\u043a\u0438\u0441\u043b\u043e\u0442\u043d\u0430\u044f \u043a\u0430\u0442\u0438\u043e\u043d\u043e\u043e\u0431\u043c\u0435\u043d\u043d\u0430\u044f \u0441\u043c\u043e\u043b\u0430 \u0441\u0435\u0440\u0438\u0438 ZGC 107 \u0441\u043e \u0441\u0442\u0438\u0440\u043e\u043b\u043e\u043c"},"content":{"rendered":"<h2 align=\"center\"><strong class=\"proname\"><span style=\"vertical-align: inherit;\"><span style=\"vertical-align: inherit;\">\u0421\u0438\u043b\u044c\u043d\u043e\u043a\u0438\u0441\u043b\u043e\u0442\u043d\u0430\u044f \u043a\u0430\u0442\u0438\u043e\u043d\u043e\u043e\u0431\u043c\u0435\u043d\u043d\u0430\u044f \u0441\u043c\u043e\u043b\u0430 \u0441\u0435\u0440\u0438\u0438 ZGC 107 \u0441\u043e \u0441\u0442\u0438\u0440\u043e\u043b\u043e\u043c<\/span><\/span><\/strong><\/h2>\n<p>&nbsp;<\/p>\n<div class=\"xxx\">\n<p><strong><span style=\"vertical-align: inherit;\"><span style=\"vertical-align: inherit;\">1. \u041e\u043f\u0438\u0441\u0430\u043d\u0438\u0435<\/span><\/span><\/strong><\/p>\n<p align=\"justify\"><span style=\"vertical-align: inherit;\"><span style=\"vertical-align: inherit;\">\u041c\u0430\u0440\u043a\u0430 \u00abHydrolite\u00bb ZGC107 \u043f\u0440\u0435\u0434\u0441\u0442\u0430\u0432\u043b\u044f\u0435\u0442 \u0441\u043e\u0431\u043e\u0439 \u043a\u0430\u0442\u0438\u043e\u043d\u043e\u043e\u0431\u043c\u0435\u043d\u043d\u0443\u044e \u0441\u043c\u043e\u043b\u0443 \u0441 \u0441\u0443\u043b\u044c\u0444\u043e\u0433\u0440\u0443\u043f\u043f\u043e\u0439 (-SO <\/span><\/span><sub><span style=\"vertical-align: inherit;\"><span style=\"vertical-align: inherit;\">3<\/span><\/span><\/sub><span style=\"vertical-align: inherit;\"><span style=\"vertical-align: inherit;\"> H) \u0432 \u0441\u043e\u043f\u043e\u043b\u0438\u043c\u0435\u0440\u0435 \u0441\u0442\u0438\u0440\u043e\u043b\u0430 \u0438 \u0434\u0438\u044d\u0442\u0438\u043b\u0435\u043d\u0431\u0435\u043d\u0437\u043e\u043b\u0430 \u0441\u043e \u0441\u0442\u0435\u043f\u0435\u043d\u044c\u044e \u0441\u0448\u0438\u0432\u043a\u0438 7%. <\/span><span style=\"vertical-align: inherit;\">\u041e\u043d \u0438\u0441\u043f\u043e\u043b\u044c\u0437\u0443\u0435\u0442\u0441\u044f \u0432 \u043e\u0441\u043d\u043e\u0432\u043d\u043e\u043c \u0434\u043b\u044f \u0441\u043c\u044f\u0433\u0447\u0435\u043d\u0438\u044f \u0436\u0435\u0441\u0442\u043a\u043e\u0439 \u0432\u043e\u0434\u044b \u0438 \u043f\u043e\u043b\u0443\u0447\u0435\u043d\u0438\u044f \u0447\u0438\u0441\u0442\u043e\u0439 \u0432\u043e\u0434\u044b, \u0430 \u0442\u0430\u043a\u0436\u0435 \u0438\u0441\u043f\u043e\u043b\u044c\u0437\u0443\u0435\u0442\u0441\u044f \u0432 \u0433\u0438\u0434\u0440\u043e\u043c\u0435\u0442\u0430\u043b\u043b\u0443\u0440\u0433\u0438\u0438 \u0438 \u043f\u0440\u043e\u0438\u0437\u0432\u043e\u0434\u0441\u0442\u0432\u0435 \u0441\u0430\u0445\u0430\u0440\u0430, \u0430 \u0442\u0430\u043a\u0436\u0435 \u0432 \u043c\u0435\u0434\u0438\u0446\u0438\u043d\u0435 \u0438 \u043f\u0440\u043e\u043c\u044b\u0448\u043b\u0435\u043d\u043d\u043e\u0441\u0442\u0438 \u0433\u043b\u0443\u0442\u0430\u043c\u0430\u0442\u0430 \u043d\u0430\u0442\u0440\u0438\u044f, \u0435\u0433\u043e \u043c\u043e\u0436\u043d\u043e \u0438\u0441\u043f\u043e\u043b\u044c\u0437\u043e\u0432\u0430\u0442\u044c \u0432 \u043a\u0430\u0447\u0435\u0441\u0442\u0432\u0435 \u043a\u0430\u0442\u0430\u043b\u0438\u0437\u0430\u0442\u043e\u0440\u0430 \u0438 \u0434\u0435\u0433\u0438\u0434\u0440\u0430\u0442\u0438\u0440\u0443\u044e\u0449\u0435\u0433\u043e \u0430\u0433\u0435\u043d\u0442\u0430.<\/span><\/span><\/p>\n<p><strong><span style=\"vertical-align: inherit;\"><span style=\"vertical-align: inherit;\">2. \u0421\u0442\u0430\u043d\u0434\u0430\u0440\u0442 \u0438\u0441\u043f\u043e\u043b\u043d\u0435\u043d\u0438\u044f:<\/span><\/span><\/strong><span style=\"vertical-align: inherit;\"><span style=\"vertical-align: inherit;\"> \u00a0GB13659-1992 DL\/T 519-2004 SH2605.01-2003<\/span><\/span><\/p>\n<p><strong><span style=\"vertical-align: inherit;\"><span style=\"vertical-align: inherit;\">3. \u0422\u0438\u043f\u0438\u0447\u043d\u044b\u0435 \u0444\u0438\u0437\u0438\u0447\u0435\u0441\u043a\u0438\u0435 \u0438 \u0445\u0438\u043c\u0438\u0447\u0435\u0441\u043a\u0438\u0435 \u0441\u0432\u043e\u0439\u0441\u0442\u0432\u0430:<\/span><\/span><\/strong><\/p>\n<table class=\"bige\" style=\"line-height: 24px; font-family: Arial, Helvetica, sans-serif;\" width=\"90%\" cellspacing=\"1\" cellpadding=\"0\" align=\"center\" bgcolor=\"#666666\">\n<tbody>\n<tr bgcolor=\"#fffaee\">\n<td>\n<p align=\"center\"><span style=\"vertical-align: inherit;\"><span style=\"vertical-align: inherit;\">\u0412\u043d\u0435\u0448\u043d\u0438\u0439 \u0432\u0438\u0434<\/span><\/span><\/p>\n<\/td>\n<td>\n<p align=\"center\"><span style=\"vertical-align: inherit;\"><span style=\"vertical-align: inherit;\">\u0414\u0410\u041d\u041d\u042b\u0415<\/span><\/span><\/p>\n<\/td>\n<\/tr>\n<tr bgcolor=\"#ffffff\">\n<td>\n<p align=\"center\"><span style=\"vertical-align: inherit;\"><span style=\"vertical-align: inherit;\">\u041f\u043e\u044f\u0432\u043b\u0435\u043d\u0438\u0435<\/span><\/span><\/p>\n<\/td>\n<td>\n<p align=\"center\"><span style=\"vertical-align: inherit;\"><span style=\"vertical-align: inherit;\">\u0428\u0430\u0440\u043e\u0432\u0438\u0434\u043d\u043e\u0435 \u0437\u0435\u0440\u043d\u043e \u043e\u0442 \u043f\u0430\u043b\u044c\u043c\u043e\u0432\u043e\u0433\u043e \u0434\u043e \u0436\u0435\u043b\u0442\u043e-\u043a\u043e\u0440\u0438\u0447\u043d\u0435\u0432\u043e\u0433\u043e \u0446\u0432\u0435\u0442\u0430<\/span><\/span><\/p>\n<\/td>\n<\/tr>\n<tr bgcolor=\"#ffffff\">\n<td>\n<p align=\"center\"><span style=\"vertical-align: inherit;\"><span style=\"vertical-align: inherit;\">\u0418\u043e\u043d\u043d\u0430\u044f \u0444\u043e\u0440\u043c\u0430<\/span><\/span><\/p>\n<\/td>\n<td>\n<p align=\"center\"><span style=\"vertical-align: inherit;\"><span style=\"vertical-align: inherit;\">\u041d\u0430<\/span><\/span><\/p>\n<\/td>\n<\/tr>\n<tr bgcolor=\"#ffffff\">\n<td>\n<p align=\"center\"><span style=\"vertical-align: inherit;\"><span style=\"vertical-align: inherit;\">\u0421\u043e\u0434\u0435\u0440\u0436\u0430\u043d\u0438\u0435 \u0432\u043b\u0430\u0433\u0438 %<\/span><\/span><\/p>\n<\/td>\n<td>\n<p align=\"center\"><span style=\"vertical-align: inherit;\"><span style=\"vertical-align: inherit;\">45.00-50.00<\/span><\/span><\/p>\n<\/td>\n<\/tr>\n<tr bgcolor=\"#ffffff\">\n<td>\n<p align=\"center\"><span style=\"vertical-align: inherit;\"><span style=\"vertical-align: inherit;\">\u0421\u0443\u043c\u043c\u0430\u0440\u043d\u0430\u044f \u043e\u0431\u043c\u0435\u043d\u043d\u0430\u044f \u0435\u043c\u043a\u043e\u0441\u0442\u044c \u043c\u043c\u043e\u043b\u044c\/\u0433<\/span><\/span><\/p>\n<\/td>\n<td>\n<p align=\"center\"><span style=\"vertical-align: inherit;\"><span style=\"vertical-align: inherit;\">\u22654,50<\/span><\/span><\/p>\n<\/td>\n<\/tr>\n<tr bgcolor=\"#ffffff\">\n<td>\n<p align=\"center\"><span style=\"vertical-align: inherit;\"><span style=\"vertical-align: inherit;\">\u041e\u0431\u0449\u0430\u044f \u043e\u0431\u043c\u0435\u043d\u043d\u0430\u044f \u0435\u043c\u043a\u043e\u0441\u0442\u044c \u043c\u043c\u043e\u043b\u044c\/\u043c\u043b<\/span><\/span><\/p>\n<\/td>\n<td>\n<p align=\"center\"><span style=\"vertical-align: inherit;\"><span style=\"vertical-align: inherit;\">\u22651,90<\/span><\/span><\/p>\n<\/td>\n<\/tr>\n<tr bgcolor=\"#ffffff\">\n<td>\n<p align=\"center\"><span style=\"vertical-align: inherit;\"><span style=\"vertical-align: inherit;\">\u0412\u0435\u0441 \u0432 \u0443\u043f\u0430\u043a\u043e\u0432\u043a\u0435 \u0433\/\u043c\u043b<\/span><\/span><\/p>\n<\/td>\n<td>\n<p align=\"center\"><span style=\"vertical-align: inherit;\"><span style=\"vertical-align: inherit;\">0,77-0,87<\/span><\/span><\/p>\n<\/td>\n<\/tr>\n<tr bgcolor=\"#ffffff\">\n<td>\n<p align=\"center\"><span style=\"vertical-align: inherit;\"><span style=\"vertical-align: inherit;\">\u0418\u0441\u0442\u0438\u043d\u043d\u0430\u044f \u043f\u043b\u043e\u0442\u043d\u043e\u0441\u0442\u044c \u0433\/\u043c\u043b<\/span><\/span><\/p>\n<\/td>\n<td>\n<p align=\"center\"><span style=\"vertical-align: inherit;\"><span style=\"vertical-align: inherit;\">1.250-1.290<\/span><\/span><\/p>\n<\/td>\n<\/tr>\n<tr bgcolor=\"#ffffff\">\n<td>\n<p align=\"center\"><span style=\"vertical-align: inherit;\"><span style=\"vertical-align: inherit;\">\u0414\u0438\u0430\u043f\u0430\u0437\u043e\u043d \u0440\u0430\u0437\u043c\u0435\u0440\u043e\u0432 \u0447\u0430\u0441\u0442\u0438\u0446 %<\/span><\/span><\/p>\n<\/td>\n<td>\n<p align=\"center\"><span style=\"vertical-align: inherit;\"><span style=\"vertical-align: inherit;\">(0,315\u20131,250 \u043c\u043c) \u226595,0<\/span><\/span><\/p>\n<\/td>\n<\/tr>\n<tr bgcolor=\"#ffffff\">\n<td>\n<p align=\"center\"><span style=\"vertical-align: inherit;\"><span style=\"vertical-align: inherit;\">\u0420\u0430\u0437\u043c\u0435\u0440 \u043d\u0438\u0436\u043d\u0435\u0433\u043e \u043f\u0440\u0435\u0434\u0435\u043b\u0430 %<\/span><\/span><\/p>\n<\/td>\n<td>\n<p align=\"center\"><span style=\"vertical-align: inherit;\"><span style=\"vertical-align: inherit;\">(&lt;0,315 \u043c\u043c) \u22641,0<\/span><\/span><\/p>\n<\/td>\n<\/tr>\n<tr bgcolor=\"#ffffff\">\n<td>\n<p align=\"center\"><span style=\"vertical-align: inherit;\"><span style=\"vertical-align: inherit;\">\u042d\u0444\u0444\u0435\u043a\u0442\u0438\u0432\u043d\u044b\u0439 \u0440\u0430\u0437\u043c\u0435\u0440 \u043c\u043c<\/span><\/span><\/p>\n<\/td>\n<td>\n<p align=\"center\"><span style=\"vertical-align: inherit;\"><span style=\"vertical-align: inherit;\">0,400-0,700<\/span><\/span><\/p>\n<\/td>\n<\/tr>\n<tr bgcolor=\"#ffffff\">\n<td>\n<p align=\"center\"><span style=\"vertical-align: inherit;\"><span style=\"vertical-align: inherit;\">\u041a\u043e\u044d\u0444\u0444\u0438\u0446\u0438\u0435\u043d\u0442 \u043e\u0434\u043d\u043e\u0440\u043e\u0434\u043d\u043e\u0441\u0442\u0438<\/span><\/span><\/p>\n<\/td>\n<td>\n<p align=\"center\"><span style=\"vertical-align: inherit;\"><span style=\"vertical-align: inherit;\">\u22641,60<\/span><\/span><\/p>\n<\/td>\n<\/tr>\n<tr bgcolor=\"#ffffff\">\n<td>\n<p align=\"center\"><span style=\"vertical-align: inherit;\"><span style=\"vertical-align: inherit;\">\u0421\u0444\u0435\u0440\u0438\u0447\u043d\u043e\u0441\u0442\u044c \u043f\u043e\u0441\u043b\u0435 \u0438\u0441\u0442\u0438\u0440\u0430\u043d\u0438\u044f %<\/span><\/span><\/p>\n<\/td>\n<td>\n<p align=\"center\"><span style=\"vertical-align: inherit;\"><span style=\"vertical-align: inherit;\">\u226590,00<\/span><\/span><\/p>\n<\/td>\n<\/tr>\n<\/tbody>\n<\/table>\n<p><strong><span style=\"vertical-align: inherit;\"><span style=\"vertical-align: inherit;\">4. \u0421\u043f\u0440\u0430\u0432\u043e\u0447\u043d\u044b\u0435 \u0438\u043d\u0434\u0435\u043a\u0441\u044b \u043f\u0440\u0438 \u0438\u0441\u043f\u043e\u043b\u044c\u0437\u043e\u0432\u0430\u043d\u0438\u0438<\/span><\/span><\/strong><\/p>\n<table class=\"big\" style=\"line-height: 25px; font-family: \u00cb\u00ce\u00cc\u00e5; color: #000000;\" width=\"90%\" cellspacing=\"1\" cellpadding=\"0\" align=\"center\" bgcolor=\"#666666\">\n<tbody>\n<tr bgcolor=\"#fffaee\">\n<td>\n<p align=\"center\"><span style=\"vertical-align: inherit;\"><span style=\"vertical-align: inherit;\">\u041f\u0430\u0440\u0430\u043c\u0435\u0442\u0440\u044b<\/span><\/span><\/p>\n<\/td>\n<td>\n<p align=\"center\"><span style=\"vertical-align: inherit;\"><span style=\"vertical-align: inherit;\">\u0418\u0441\u0445\u043e\u0434\u043d\u0430\u044f \u0432\u0435\u043b\u0438\u0447\u0438\u043d\u0430<\/span><\/span><\/p>\n<\/td>\n<\/tr>\n<tr bgcolor=\"#ffffff\">\n<td>\n<p align=\"center\"><span style=\"vertical-align: inherit;\"><span style=\"vertical-align: inherit;\">\u0414\u0438\u0430\u043f\u0430\u0437\u043e\u043d \u0440\u041d<\/span><\/span><\/p>\n<\/td>\n<td>\n<p align=\"center\"><span style=\"vertical-align: inherit;\"><span style=\"vertical-align: inherit;\">1-14<\/span><\/span><\/p>\n<\/td>\n<\/tr>\n<tr bgcolor=\"#ffffff\">\n<td>\n<p align=\"center\"><span style=\"vertical-align: inherit;\"><span style=\"vertical-align: inherit;\">\u041c\u0430\u043a\u0441\u0438\u043c\u0443\u043c. <\/span><span style=\"vertical-align: inherit;\">\u0440\u0430\u0431\u043e\u0447\u0430\u044f \u0442\u0435\u043c\u043f\u0435\u0440\u0430\u0442\u0443\u0440\u0430 \u0432 \u043d\u0430\u0442\u0440\u0438\u0435\u0432\u043e\u0439 \u0444\u043e\u0440\u043c\u0435 \u00b0C<\/span><\/span><\/p>\n<\/td>\n<td>\n<p align=\"center\"><span style=\"vertical-align: inherit;\"><span style=\"vertical-align: inherit;\">120<\/span><\/span><\/p>\n<\/td>\n<\/tr>\n<tr bgcolor=\"#ffffff\">\n<td>\n<p align=\"center\"><span style=\"vertical-align: inherit;\"><span style=\"vertical-align: inherit;\">\u041d\u0430\u0431\u0443\u0445\u0430\u043d\u0438\u0435 \u043f\u0440\u0438 \u043f\u043e\u043b\u043d\u043e\u0439 \u043a\u043e\u043d\u0432\u0435\u0440\u0441\u0438\u0438 (Na <\/span><\/span><sup><span style=\"vertical-align: inherit;\"><span style=\"vertical-align: inherit;\">+<\/span><\/span><\/sup><span style=\"vertical-align: inherit;\"><span style=\"vertical-align: inherit;\"> -H <\/span><\/span><sup><span style=\"vertical-align: inherit;\"><span style=\"vertical-align: inherit;\">+<\/span><\/span><\/sup><span style=\"vertical-align: inherit;\"><span style=\"vertical-align: inherit;\"> ) %<\/span><\/span><\/p>\n<\/td>\n<td>\n<p align=\"center\"><span style=\"vertical-align: inherit;\"><span style=\"vertical-align: inherit;\">\u226410<\/span><\/span><\/p>\n<\/td>\n<\/tr>\n<tr bgcolor=\"#ffffff\">\n<td>\n<p align=\"center\"><span style=\"vertical-align: inherit;\"><span style=\"vertical-align: inherit;\">\u0420\u0430\u0431\u043e\u0447\u0430\u044f \u043e\u0431\u043c\u0435\u043d\u043d\u0430\u044f \u0435\u043c\u043a\u043e\u0441\u0442\u044c \u043c\u043c\u043e\u043b\u044c\/\u043b<\/span><\/span><\/p>\n<\/td>\n<td>\n<p align=\"center\"><span style=\"vertical-align: inherit;\"><span style=\"vertical-align: inherit;\">\u22651200<\/span><\/span><\/p>\n<\/td>\n<\/tr>\n<tr bgcolor=\"#ffffff\">\n<td>\n<p align=\"center\"><span style=\"vertical-align: inherit;\"><span style=\"vertical-align: inherit;\">\u0420\u0430\u0431\u043e\u0447\u0438\u0439 \u0440\u0430\u0441\u0445\u043e\u0434 \u043c\/\u0447<\/span><\/span><\/p>\n<\/td>\n<td>\n<p align=\"center\"><span style=\"vertical-align: inherit;\"><span style=\"vertical-align: inherit;\">15-30<\/span><\/span><\/p>\n<\/td>\n<\/tr>\n<\/tbody>\n<\/table>\n<\/div>\n","protected":false},"excerpt":{"rendered":"<p align=\"justify\"><strong>\u041c\u0430\u0440\u043a\u0430 \u00abHydrolite\u00bb ZGC107<\/strong> \u043f\u0440\u0435\u0434\u0441\u0442\u0430\u0432\u043b\u044f\u0435\u0442 \u0441\u043e\u0431\u043e\u0439 \u043a\u0430\u0442\u0438\u043e\u043d\u043e\u043e\u0431\u043c\u0435\u043d\u043d\u0443\u044e \u0441\u043c\u043e\u043b\u0443 \u0441 \u0441\u0443\u043b\u044c\u0444\u043e\u0433\u0440\u0443\u043f\u043f\u043e\u0439 (-SO <sub>3<\/sub> H) \u0432 \u0441\u043e\u043f\u043e\u043b\u0438\u043c\u0435\u0440\u0435 \u0441\u0442\u0438\u0440\u043e\u043b\u0430 \u0438 \u0434\u0438\u044d\u0442\u0438\u043b\u0435\u043d\u0431\u0435\u043d\u0437\u043e\u043b\u0430 \u0441\u043e \u0441\u0442\u0435\u043f\u0435\u043d\u044c\u044e \u0441\u0448\u0438\u0432\u043a\u0438 7%. \u041e\u043d \u0438\u0441\u043f\u043e\u043b\u044c\u0437\u0443\u0435\u0442\u0441\u044f \u0432 \u043e\u0441\u043d\u043e\u0432\u043d\u043e\u043c \u0434\u043b\u044f \u0441\u043c\u044f\u0433\u0447\u0435\u043d\u0438\u044f \u0436\u0435\u0441\u0442\u043a\u043e\u0439 \u0432\u043e\u0434\u044b \u0438 \u043f\u043e\u043b\u0443\u0447\u0435\u043d\u0438\u044f \u0447\u0438\u0441\u0442\u043e\u0439 \u0432\u043e\u0434\u044b, \u0430 \u0442\u0430\u043a\u0436\u0435 \u0438\u0441\u043f\u043e\u043b\u044c\u0437\u0443\u0435\u0442\u0441\u044f \u0432 \u0433\u0438\u0434\u0440\u043e\u043c\u0435\u0442\u0430\u043b\u043b\u0443\u0440\u0433\u0438\u0438 \u0438 \u043f\u0440\u043e\u0438\u0437\u0432\u043e\u0434\u0441\u0442\u0432\u0435 \u0441\u0430\u0445\u0430\u0440\u0430, \u0430 \u0442\u0430\u043a\u0436\u0435 \u0432 \u043c\u0435\u0434\u0438\u0446\u0438\u043d\u0435 \u0438 \u043f\u0440\u043e\u043c\u044b\u0448\u043b\u0435\u043d\u043d\u043e\u0441\u0442\u0438 \u0433\u043b\u0443\u0442\u0430\u043c\u0430\u0442\u0430 \u043d\u0430\u0442\u0440\u0438\u044f, \u0435\u0433\u043e \u043c\u043e\u0436\u043d\u043e \u0438\u0441\u043f\u043e\u043b\u044c\u0437\u043e\u0432\u0430\u0442\u044c \u0432 \u043a\u0430\u0447\u0435\u0441\u0442\u0432\u0435 \u043a\u0430\u0442\u0430\u043b\u0438\u0437\u0430\u0442\u043e\u0440\u0430 \u0438 \u0434\u0435\u0433\u0438\u0434\u0440\u0430\u0442\u0438\u0440\u0443\u044e\u0449\u0435\u0433\u043e \u0430\u0433\u0435\u043d\u0442\u0430.<\/p>\n<p><strong>2. \u0421\u0442\u0430\u043d\u0434\u0430\u0440\u0442 \u0438\u0441\u043f\u043e\u043b\u043d\u0435\u043d\u0438\u044f:<\/strong> \u00a0GB13659-1992 DL\/T 519-2004 SH2605.01-2003<\/p>\n","protected":false},"featured_media":299,"comment_status":"closed","ping_status":"closed","template":"","meta":[],"product_cat":[93],"product_tag":[],"class_list":["post-554","product","type-product","status-publish","has-post-thumbnail","hentry","product_cat-smoly-obshchego-naznacheniya"],"_links":{"self":[{"href":"https:\/\/hydrolite.eu\/ru\/wp-json\/wp\/v2\/product\/554","targetHints":{"allow":["GET"]}}],"collection":[{"href":"https:\/\/hydrolite.eu\/ru\/wp-json\/wp\/v2\/product"}],"about":[{"href":"https:\/\/hydrolite.eu\/ru\/wp-json\/wp\/v2\/types\/product"}],"replies":[{"embeddable":true,"href":"https:\/\/hydrolite.eu\/ru\/wp-json\/wp\/v2\/comments?post=554"}],"wp:featuredmedia":[{"embeddable":true,"href":"https:\/\/hydrolite.eu\/ru\/wp-json\/wp\/v2\/media\/299"}],"wp:attachment":[{"href":"https:\/\/hydrolite.eu\/ru\/wp-json\/wp\/v2\/media?parent=554"}],"wp:term":[{"taxonomy":"product_cat","embeddable":true,"href":"https:\/\/hydrolite.eu\/ru\/wp-json\/wp\/v2\/product_cat?post=554"},{"taxonomy":"product_tag","embeddable":true,"href":"https:\/\/hydrolite.eu\/ru\/wp-json\/wp\/v2\/product_tag?post=554"}],"curies":[{"name":"wp","href":"https:\/\/api.w.org\/{rel}","templated":true}]}}