{"id":4734,"date":"2022-05-20T11:11:46","date_gmt":"2025-10-27T16:46:21","guid":{"rendered":"https:\/\/hydrolite.eu\/?post_type=product&#038;p=4734"},"modified":"2025-10-27T19:46:21","modified_gmt":"2025-10-27T16:46:21","slug":"hydrolite-zgc858-rasina-schimbatoare-de-cationi-speciala-pentru-indepartarea-fierului-si-dedurizarea-apei","status":"publish","type":"product","link":"https:\/\/hydrolite.eu\/ro\/product\/hydrolite-zgc858-rasina-schimbatoare-de-cationi-speciala-pentru-indepartarea-fierului-si-dedurizarea-apei\/","title":{"rendered":"HYDROLITE ZGC858 R\u0103\u0219in\u0103 schimb\u0103toare de cationi special\u0103 pentru \u00eendep\u0103rtarea fierului \u0219i dedurizarea apei"},"content":{"rendered":"<h2 class=\"MsoNormal\" style=\"text-align: center;\" align=\"center\"><span style=\"font-size: 14.0pt; font-family: 'Arial','sans-serif';\"><span dir=\"auto\" style=\"vertical-align: inherit;\"><span dir=\"auto\" style=\"vertical-align: inherit;\">HYDROLITE ZGC858 R\u0103\u0219in\u0103 schimb\u0103toare de cationi special\u0103 pentru \u00eendep\u0103rtarea fierului \u0219i dedurizarea apei<\/span><\/span><\/span><\/h2>\n<p class=\"MsoNormal\" style=\"text-align: justify; text-indent: 35.4pt;\"><span class=\"GramE\"><span style=\"font-family: 'Arial','sans-serif';\"><strong><span dir=\"auto\" style=\"vertical-align: inherit;\"><span dir=\"auto\" style=\"vertical-align: inherit;\">ZGC858 este o r\u0103\u0219in\u0103 schimb\u0103toare de cationi puternic acid\u0103, cu un miez inert<\/span><\/span><\/strong><span dir=\"auto\" style=\"vertical-align: inherit;\"><span dir=\"auto\" style=\"vertical-align: inherit;\"> .<\/span><\/span><\/span><\/span><span style=\"font-family: 'Arial','sans-serif';\"><span dir=\"auto\" style=\"vertical-align: inherit;\"><span dir=\"auto\" style=\"vertical-align: inherit;\"> Este conceput\u0103 pentru \u00eendep\u0103rtarea eficient\u0103 \u0219i pe termen lung<\/span><\/span><br \/>\n<span dir=\"auto\" style=\"vertical-align: inherit;\"><span dir=\"auto\" style=\"vertical-align: inherit;\">a fierului \u0219i a metalelor grele, precum \u0219i pentru dedurizarea apei. Are o capacitate mare de schimb \u0219i<\/span><\/span><span style=\"mso-spacerun: yes;\"><br \/>\n<\/span><span dir=\"auto\" style=\"vertical-align: inherit;\"><span dir=\"auto\" style=\"vertical-align: inherit;\">o stabilitate fizic\u0103 \u0219i chimic\u0103 excelent\u0103.<\/span><\/span><\/span><\/p>\n<p class=\"MsoNormal\" style=\"text-align: justify; text-indent: 35.4pt;\"><span style=\"font-family: 'Arial','sans-serif';\"><span dir=\"auto\" style=\"vertical-align: inherit;\"><span dir=\"auto\" style=\"vertical-align: inherit;\">Grupele func\u021bionale sunt situate doar pe suprafa\u021ba r\u0103\u0219inii \u0219i sunt foarte apropiate una de cealalt\u0103. Prin urmare, toate reac\u021biile de schimb <\/span><\/span><span class=\"GramE\"><span dir=\"auto\" style=\"vertical-align: inherit;\"><span dir=\"auto\" style=\"vertical-align: inherit;\">ionic<\/span><\/span><\/span><span dir=\"auto\" style=\"vertical-align: inherit;\"><span dir=\"auto\" style=\"vertical-align: inherit;\"> au loc exclusiv pe suprafa\u021ba r\u0103\u0219inii, prevenind scurgerea ionilor \u0219i asigur\u00e2nd recuperarea complet\u0103 a r\u0103\u0219inii.<\/span><\/span><span style=\"mso-spacerun: yes;\"><br \/>\n<\/span><\/span><\/p>\n<p class=\"MsoNormal\" style=\"text-align: justify; text-indent: 35.4pt;\"><span style=\"font-family: 'Arial','sans-serif';\"><span dir=\"auto\" style=\"vertical-align: inherit;\"><span dir=\"auto\" style=\"vertical-align: inherit;\">Datorit\u0103 propriet\u0103\u021bilor sale unice, <\/span><\/span><\/span><span lang=\"EN-US\" style=\"font-family: 'Arial','sans-serif'; mso-ansi-language: EN-US;\"><span dir=\"auto\" style=\"vertical-align: inherit;\"><span dir=\"auto\" style=\"vertical-align: inherit;\">ZGC <\/span><\/span><\/span><span style=\"font-family: 'Arial','sans-serif';\"><span dir=\"auto\" style=\"vertical-align: inherit;\"><span dir=\"auto\" style=\"vertical-align: inherit;\">858 este cel mai bun produs pentru dedurizarea apei, <\/span><\/span><span style=\"mso-spacerun: yes;\">\u00a0 <\/span><span dir=\"auto\" style=\"vertical-align: inherit;\"><span dir=\"auto\" style=\"vertical-align: inherit;\">\u00eendep\u0103rtarea fierului \u0219i manganului.<\/span><\/span><\/span><\/p>\n<p class=\"MsoNormal\" style=\"text-align: justify;\"><b style=\"mso-bidi-font-weight: normal;\"><span style=\"font-family: 'Arial','sans-serif';\">\u00a0<\/span><\/b><\/p>\n<p class=\"MsoNormal\" style=\"text-align: justify;\"><b style=\"mso-bidi-font-weight: normal;\"><span style=\"font-family: 'Arial','sans-serif';\">\u00a0<\/span><\/b><\/p>\n<p class=\"MsoNormal\" style=\"text-align: justify;\"><b style=\"mso-bidi-font-weight: normal;\"><span style=\"font-family: 'Arial','sans-serif';\">\u00a0<\/span><\/b><\/p>\n<p class=\"MsoNormal\" style=\"text-align: justify;\"><b style=\"mso-bidi-font-weight: normal;\"><span style=\"font-family: 'Arial','sans-serif';\"><br \/>\n<span dir=\"auto\" style=\"vertical-align: inherit;\"><span dir=\"auto\" style=\"vertical-align: inherit;\">Propriet\u0103\u021bi <\/span><span dir=\"auto\" style=\"vertical-align: inherit;\">fizice, chimice \u0219i tehnologice tipice :<\/span><\/span><\/span><\/b><\/p>\n<p class=\"MsoNormal\" style=\"text-align: justify;\"><span style=\"font-family: 'Arial','sans-serif';\">\u00a0<\/span><\/p>\n<table class=\"MsoNormalTable\" style=\"border-collapse: collapse; border: none; mso-border-alt: solid windowtext .5pt; mso-yfti-tbllook: 480; mso-padding-alt: 0cm 5.4pt 0cm 5.4pt; mso-border-insideh: .5pt solid windowtext; mso-border-insidev: .5pt solid windowtext;\" border=\"1\" cellspacing=\"0\" cellpadding=\"0\">\n<tbody>\n<tr style=\"mso-yfti-irow: 0; mso-yfti-firstrow: yes;\">\n<td style=\"width: 274.75pt; border: solid windowtext 1.0pt; mso-border-alt: solid windowtext .5pt; padding: 0cm 5.4pt 0cm 5.4pt;\" valign=\"top\" width=\"366\">\n<p class=\"MsoNormal\" style=\"text-align: justify;\"><span style=\"font-family: 'Arial','sans-serif';\"><br \/>\n<span dir=\"auto\" style=\"vertical-align: inherit;\"><span dir=\"auto\" style=\"vertical-align: inherit;\">Aspect<\/span><\/span><\/span><\/p>\n<\/td>\n<td style=\"width: 203.8pt; border: solid windowtext 1.0pt; border-left: none; mso-border-left-alt: solid windowtext .5pt; mso-border-alt: solid windowtext .5pt; padding: 0cm 5.4pt 0cm 5.4pt;\" valign=\"top\" width=\"272\">\n<p class=\"MsoNormal\"><span style=\"font-family: 'Arial','sans-serif';\"><br \/>\n<span dir=\"auto\" style=\"vertical-align: inherit;\"><span dir=\"auto\" style=\"vertical-align: inherit;\">Granule sferice <\/span><span dir=\"auto\" style=\"vertical-align: inherit;\">negru-brun<\/span><\/span><\/span><\/p>\n<\/td>\n<\/tr>\n<tr style=\"mso-yfti-irow: 1;\">\n<td style=\"width: 274.75pt; border: solid windowtext 1.0pt; border-top: none; mso-border-top-alt: solid windowtext .5pt; mso-border-alt: solid windowtext .5pt; padding: 0cm 5.4pt 0cm 5.4pt;\" valign=\"top\" width=\"366\">\n<p class=\"MsoNormal\" style=\"text-align: justify;\"><span style=\"font-family: 'Arial','sans-serif';\"><span dir=\"auto\" style=\"vertical-align: inherit;\"><span dir=\"auto\" style=\"vertical-align: inherit;\">Num\u0103rul de <\/span><\/span><br \/>\n<span dir=\"auto\" style=\"vertical-align: inherit;\"><span dir=\"auto\" style=\"vertical-align: inherit;\">particule sferice \u00eentregi<\/span><\/span><\/span><\/p>\n<\/td>\n<td style=\"width: 203.8pt; border-top: none; border-left: none; border-bottom: solid windowtext 1.0pt; border-right: solid windowtext 1.0pt; mso-border-top-alt: solid windowtext .5pt; mso-border-left-alt: solid windowtext .5pt; mso-border-alt: solid windowtext .5pt; padding: 0cm 5.4pt 0cm 5.4pt;\" valign=\"top\" width=\"272\">\n<p class=\"MsoNormal\"><span style=\"font-family: 'Arial','sans-serif';\"><span style=\"mso-spacerun: yes;\">\u00a0<\/span><\/span><span lang=\"EN-US\" style=\"font-family: 'Arial','sans-serif'; mso-ansi-language: EN-US;\"><span dir=\"auto\" style=\"vertical-align: inherit;\"><span dir=\"auto\" style=\"vertical-align: inherit;\">&gt; 95%<\/span><\/span><\/span><\/p>\n<\/td>\n<\/tr>\n<tr style=\"mso-yfti-irow: 2;\">\n<td style=\"width: 274.75pt; border: solid windowtext 1.0pt; border-top: none; mso-border-top-alt: solid windowtext .5pt; mso-border-alt: solid windowtext .5pt; padding: 0cm 5.4pt 0cm 5.4pt;\" valign=\"top\" width=\"366\">\n<p class=\"MsoNormal\" style=\"text-align: justify;\"><span style=\"font-family: 'Arial','sans-serif';\"><br \/>\n<span dir=\"auto\" style=\"vertical-align: inherit;\"><span dir=\"auto\" style=\"vertical-align: inherit;\">Form\u0103 <\/span><span dir=\"auto\" style=\"vertical-align: inherit;\">ionic\u0103<\/span><\/span><\/span><\/p>\n<\/td>\n<td style=\"width: 203.8pt; border-top: none; border-left: none; border-bottom: solid windowtext 1.0pt; border-right: solid windowtext 1.0pt; mso-border-top-alt: solid windowtext .5pt; mso-border-left-alt: solid windowtext .5pt; mso-border-alt: solid windowtext .5pt; padding: 0cm 5.4pt 0cm 5.4pt;\" valign=\"top\" width=\"272\">\n<p class=\"MsoNormal\"><span lang=\"EN-US\" style=\"font-family: 'Arial','sans-serif'; mso-ansi-language: EN-US;\"><span dir=\"auto\" style=\"vertical-align: inherit;\"><span dir=\"auto\" style=\"vertical-align: inherit;\">C\u0103<\/span><\/span><\/span><\/p>\n<\/td>\n<\/tr>\n<tr style=\"mso-yfti-irow: 3;\">\n<td style=\"width: 274.75pt; border: solid windowtext 1.0pt; border-top: none; mso-border-top-alt: solid windowtext .5pt; mso-border-alt: solid windowtext .5pt; padding: 0cm 5.4pt 0cm 5.4pt;\" valign=\"top\" width=\"366\">\n<p class=\"MsoNormal\" style=\"text-align: justify;\"><span style=\"font-family: 'Arial','sans-serif';\"><span dir=\"auto\" style=\"vertical-align: inherit;\"><span dir=\"auto\" style=\"vertical-align: inherit;\">Dimensiunea <\/span><\/span><br \/>\n<span dir=\"auto\" style=\"vertical-align: inherit;\"><span dir=\"auto\" style=\"vertical-align: inherit;\">particulelor<\/span><\/span><\/span><\/p>\n<\/td>\n<td style=\"width: 203.8pt; border-top: none; border-left: none; border-bottom: solid windowtext 1.0pt; border-right: solid windowtext 1.0pt; mso-border-top-alt: solid windowtext .5pt; mso-border-left-alt: solid windowtext .5pt; mso-border-alt: solid windowtext .5pt; padding: 0cm 5.4pt 0cm 5.4pt;\" valign=\"top\" width=\"272\">\n<p class=\"MsoNormal\"><span style=\"font-family: 'Arial','sans-serif';\"><span dir=\"auto\" style=\"vertical-align: inherit;\"><span dir=\"auto\" style=\"vertical-align: inherit;\">0,315 <\/span><\/span><\/span><span dir=\"auto\" style=\"vertical-align: inherit;\"><span lang=\"EN-US\" style=\"font-family: 'Arial','sans-serif'; mso-ansi-language: EN-US;\"><span dir=\"auto\" style=\"vertical-align: inherit;\">\u2013 <\/span><\/span><span style=\"font-family: 'Arial','sans-serif';\"><span dir=\"auto\" style=\"vertical-align: inherit;\">1,250 <\/span><\/span><span style=\"font-family: 'Arial','sans-serif';\"><span dir=\"auto\" style=\"vertical-align: inherit;\">mm <\/span><\/span><\/span><span lang=\"EN-US\" style=\"font-family: 'Arial','sans-serif'; mso-ansi-language: EN-US;\"><span dir=\"auto\" style=\"vertical-align: inherit;\"><span dir=\"auto\" style=\"vertical-align: inherit;\">&gt; <\/span><\/span><\/span><span dir=\"auto\" style=\"vertical-align: inherit;\"><span lang=\"EN-US\" style=\"font-family: 'Arial','sans-serif'; mso-ansi-language: EN-US;\"><span dir=\"auto\" style=\"vertical-align: inherit;\">95 <\/span><\/span><span style=\"font-family: 'Arial','sans-serif';\"><span dir=\"auto\" style=\"vertical-align: inherit;\">%<\/span><\/span><\/span><\/p>\n<\/td>\n<\/tr>\n<tr style=\"mso-yfti-irow: 4;\">\n<td style=\"width: 274.75pt; border: solid windowtext 1.0pt; border-top: none; mso-border-top-alt: solid windowtext .5pt; mso-border-alt: solid windowtext .5pt; padding: 0cm 5.4pt 0cm 5.4pt;\" valign=\"top\" width=\"366\">\n<p class=\"MsoNormal\" style=\"text-align: justify;\"><span style=\"font-family: 'Arial','sans-serif';\"><span dir=\"auto\" style=\"vertical-align: inherit;\"><span dir=\"auto\" style=\"vertical-align: inherit;\">Con\u021binut de umiditate <\/span><\/span><br \/>\n<span dir=\"auto\" style=\"vertical-align: inherit;\"><span dir=\"auto\" style=\"vertical-align: inherit;\">, %<\/span><\/span><\/span><\/p>\n<\/td>\n<td style=\"width: 203.8pt; border-top: none; border-left: none; border-bottom: solid windowtext 1.0pt; border-right: solid windowtext 1.0pt; mso-border-top-alt: solid windowtext .5pt; mso-border-left-alt: solid windowtext .5pt; mso-border-alt: solid windowtext .5pt; padding: 0cm 5.4pt 0cm 5.4pt;\" valign=\"top\" width=\"272\">\n<p class=\"MsoNormal\"><span lang=\"EN-US\" style=\"font-family: 'Arial','sans-serif'; mso-ansi-language: EN-US;\"><span dir=\"auto\" style=\"vertical-align: inherit;\"><span dir=\"auto\" style=\"vertical-align: inherit;\">4 <\/span><\/span><\/span><span style=\"font-family: 'Arial','sans-serif';\"><span dir=\"auto\" style=\"vertical-align: inherit;\"><span dir=\"auto\" style=\"vertical-align: inherit;\">8 <\/span><\/span><br \/>\n<span dir=\"auto\" style=\"vertical-align: inherit;\"><span dir=\"auto\" style=\"vertical-align: inherit;\">\u2013 <\/span><\/span><\/span><span lang=\"EN-US\" style=\"font-family: 'Arial','sans-serif'; mso-ansi-language: EN-US;\"><span dir=\"auto\" style=\"vertical-align: inherit;\"><span dir=\"auto\" style=\"vertical-align: inherit;\">5 <\/span><\/span><\/span><span style=\"font-family: 'Arial','sans-serif';\"><span dir=\"auto\" style=\"vertical-align: inherit;\"><span dir=\"auto\" style=\"vertical-align: inherit;\">6<\/span><\/span><\/span><\/p>\n<\/td>\n<\/tr>\n<tr style=\"mso-yfti-irow: 5;\">\n<td style=\"width: 274.75pt; border: solid windowtext 1.0pt; border-top: none; mso-border-top-alt: solid windowtext .5pt; mso-border-alt: solid windowtext .5pt; padding: 0cm 5.4pt 0cm 5.4pt;\" valign=\"top\" width=\"366\">\n<p class=\"MsoNormal\" style=\"text-align: justify;\"><span style=\"font-family: 'Arial','sans-serif';\"><br \/>\n<span dir=\"auto\" style=\"vertical-align: inherit;\"><span dir=\"auto\" style=\"vertical-align: inherit;\">Capacitate <\/span><span dir=\"auto\" style=\"vertical-align: inherit;\">total\u0103 de schimb, <\/span><\/span><span class=\"SpellE\"><span dir=\"auto\" style=\"vertical-align: inherit;\"><span dir=\"auto\" style=\"vertical-align: inherit;\">mmol<\/span><\/span><\/span><span dir=\"auto\" style=\"vertical-align: inherit;\"><span dir=\"auto\" style=\"vertical-align: inherit;\"> \/g<\/span><\/span><\/span><\/p>\n<\/td>\n<td style=\"width: 203.8pt; border-top: none; border-left: none; border-bottom: solid windowtext 1.0pt; border-right: solid windowtext 1.0pt; mso-border-top-alt: solid windowtext .5pt; mso-border-left-alt: solid windowtext .5pt; mso-border-alt: solid windowtext .5pt; padding: 0cm 5.4pt 0cm 5.4pt;\" valign=\"top\" width=\"272\">\n<p class=\"MsoNormal\"><span style=\"font-family: 'Arial','sans-serif';\"><span dir=\"auto\" style=\"vertical-align: inherit;\"><span dir=\"auto\" style=\"vertical-align: inherit;\">&gt;3,10<\/span><\/span><\/span><\/p>\n<\/td>\n<\/tr>\n<tr style=\"mso-yfti-irow: 6;\">\n<td style=\"width: 274.75pt; border: solid windowtext 1.0pt; border-top: none; mso-border-top-alt: solid windowtext .5pt; mso-border-alt: solid windowtext .5pt; padding: 0cm 5.4pt 0cm 5.4pt;\" valign=\"top\" width=\"366\">\n<p class=\"MsoNormal\" style=\"text-align: justify;\"><span style=\"font-family: 'Arial','sans-serif';\"><span dir=\"auto\" style=\"vertical-align: inherit;\"><span dir=\"auto\" style=\"vertical-align: inherit;\">Capacitate total\u0103 <\/span><\/span><br \/>\n<span dir=\"auto\" style=\"vertical-align: inherit;\"><span dir=\"auto\" style=\"vertical-align: inherit;\">de schimb, <\/span><\/span><span class=\"SpellE\"><span dir=\"auto\" style=\"vertical-align: inherit;\"><span dir=\"auto\" style=\"vertical-align: inherit;\">mmol<\/span><\/span><\/span><span dir=\"auto\" style=\"vertical-align: inherit;\"><span dir=\"auto\" style=\"vertical-align: inherit;\"> \/ml<\/span><\/span><\/span><\/p>\n<\/td>\n<td style=\"width: 203.8pt; border-top: none; border-left: none; border-bottom: solid windowtext 1.0pt; border-right: solid windowtext 1.0pt; mso-border-top-alt: solid windowtext .5pt; mso-border-left-alt: solid windowtext .5pt; mso-border-alt: solid windowtext .5pt; padding: 0cm 5.4pt 0cm 5.4pt;\" valign=\"top\" width=\"272\">\n<p class=\"MsoNormal\"><span lang=\"EN-US\" style=\"font-family: 'Arial','sans-serif'; mso-ansi-language: EN-US;\"><span dir=\"auto\" style=\"vertical-align: inherit;\"><span dir=\"auto\" style=\"vertical-align: inherit;\">&gt;1,10<\/span><\/span><\/span><\/p>\n<\/td>\n<\/tr>\n<tr style=\"mso-yfti-irow: 7;\">\n<td style=\"width: 274.75pt; border: solid windowtext 1.0pt; border-top: none; mso-border-top-alt: solid windowtext .5pt; mso-border-alt: solid windowtext .5pt; padding: 0cm 5.4pt 0cm 5.4pt;\" valign=\"top\" width=\"366\">\n<p class=\"MsoNormal\" style=\"text-align: justify;\"><span style=\"font-family: 'Arial','sans-serif';\"><br \/>\n<span dir=\"auto\" style=\"vertical-align: inherit;\"><span dir=\"auto\" style=\"vertical-align: inherit;\">Capacitate calculat\u0103 <\/span><span dir=\"auto\" style=\"vertical-align: inherit;\">recomandat\u0103 , <\/span><\/span><span class=\"SpellE\"><span dir=\"auto\" style=\"vertical-align: inherit;\"><span dir=\"auto\" style=\"vertical-align: inherit;\">mmol<\/span><\/span><\/span><span dir=\"auto\" style=\"vertical-align: inherit;\"><span dir=\"auto\" style=\"vertical-align: inherit;\"> \/ml<\/span><\/span><\/span><\/p>\n<\/td>\n<td style=\"width: 203.8pt; border-top: none; border-left: none; border-bottom: solid windowtext 1.0pt; border-right: solid windowtext 1.0pt; mso-border-top-alt: solid windowtext .5pt; mso-border-left-alt: solid windowtext .5pt; mso-border-alt: solid windowtext .5pt; padding: 0cm 5.4pt 0cm 5.4pt;\" valign=\"top\" width=\"272\">\n<p class=\"MsoNormal\"><span lang=\"EN-US\" style=\"font-family: 'Arial','sans-serif'; mso-ansi-language: EN-US;\"><span dir=\"auto\" style=\"vertical-align: inherit;\"><span dir=\"auto\" style=\"vertical-align: inherit;\">0,8<\/span><\/span><\/span><\/p>\n<\/td>\n<\/tr>\n<tr style=\"mso-yfti-irow: 8;\">\n<td style=\"width: 274.75pt; border: solid windowtext 1.0pt; border-top: none; mso-border-top-alt: solid windowtext .5pt; mso-border-alt: solid windowtext .5pt; padding: 0cm 5.4pt 0cm 5.4pt;\" valign=\"top\" width=\"366\">\n<p class=\"MsoNormal\" style=\"text-align: justify;\"><span style=\"font-family: 'Arial','sans-serif';\"><span dir=\"auto\" style=\"vertical-align: inherit;\"><span dir=\"auto\" style=\"vertical-align: inherit;\">Capacitate <\/span><\/span><br \/>\n<span dir=\"auto\" style=\"vertical-align: inherit;\"><span dir=\"auto\" style=\"vertical-align: inherit;\">pentru ioni de fier, <\/span><\/span><span class=\"SpellE\"><span dir=\"auto\" style=\"vertical-align: inherit;\"><span dir=\"auto\" style=\"vertical-align: inherit;\">grame<\/span><\/span><\/span><span dir=\"auto\" style=\"vertical-align: inherit;\"><span dir=\"auto\" style=\"vertical-align: inherit;\"> pe 1 litru<\/span><\/span><\/span><\/p>\n<\/td>\n<td style=\"width: 203.8pt; border-top: none; border-left: none; border-bottom: solid windowtext 1.0pt; border-right: solid windowtext 1.0pt; mso-border-top-alt: solid windowtext .5pt; mso-border-left-alt: solid windowtext .5pt; mso-border-alt: solid windowtext .5pt; padding: 0cm 5.4pt 0cm 5.4pt;\" valign=\"top\" width=\"272\">\n<p class=\"MsoNormal\"><span style=\"font-family: 'Arial','sans-serif';\"><span dir=\"auto\" style=\"vertical-align: inherit;\"><span dir=\"auto\" style=\"vertical-align: inherit;\">14<\/span><\/span><\/span><\/p>\n<\/td>\n<\/tr>\n<tr style=\"mso-yfti-irow: 9; mso-yfti-lastrow: yes;\">\n<td style=\"width: 274.75pt; border: solid windowtext 1.0pt; border-top: none; mso-border-top-alt: solid windowtext .5pt; mso-border-alt: solid windowtext .5pt; padding: 0cm 5.4pt 0cm 5.4pt;\" valign=\"top\" width=\"366\">\n<p class=\"MsoNormal\" style=\"text-align: justify;\"><span style=\"font-family: 'Arial','sans-serif';\"><span dir=\"auto\" style=\"vertical-align: inherit;\"><span dir=\"auto\" style=\"vertical-align: inherit;\">Ambalare <\/span><\/span><br \/>\n<span dir=\"auto\" style=\"vertical-align: inherit;\"><span dir=\"auto\" style=\"vertical-align: inherit;\">\u00een saci PE, <\/span><\/span><span class=\"GramE\"><span dir=\"auto\" style=\"vertical-align: inherit;\"><span dir=\"auto\" style=\"vertical-align: inherit;\">l<\/span><\/span><\/span><\/span><\/p>\n<\/td>\n<td style=\"width: 203.8pt; border-top: none; border-left: none; border-bottom: solid windowtext 1.0pt; border-right: solid windowtext 1.0pt; mso-border-top-alt: solid windowtext .5pt; mso-border-left-alt: solid windowtext .5pt; mso-border-alt: solid windowtext .5pt; padding: 0cm 5.4pt 0cm 5.4pt;\" valign=\"top\" width=\"272\">\n<p class=\"MsoNormal\"><span style=\"font-family: 'Arial','sans-serif';\"><span dir=\"auto\" style=\"vertical-align: inherit;\"><span dir=\"auto\" style=\"vertical-align: inherit;\">25<\/span><\/span><\/span><\/p>\n<\/td>\n<\/tr>\n<\/tbody>\n<\/table>\n","protected":false},"excerpt":{"rendered":"<p><strong><span dir=\"auto\" style=\"vertical-align: inherit;\"><span dir=\"auto\" style=\"vertical-align: inherit;\">ZGC858 este o r\u0103\u0219in\u0103 schimb\u0103toare de cationi puternic acid\u0103, cu un miez inert<\/span><\/span><\/strong><span dir=\"auto\" style=\"vertical-align: inherit;\"><span dir=\"auto\" style=\"vertical-align: inherit;\"> . Este conceput\u0103 pentru \u00eendep\u0103rtarea eficient\u0103 \u0219i pe termen lung a fierului \u0219i a metalelor grele, precum \u0219i pentru dedurizarea apei. Are o capacitate mare de schimb \u0219i o stabilitate fizic\u0103 \u0219i chimic\u0103 excelent\u0103.<\/span><\/span><\/p>\n","protected":false},"featured_media":2228,"comment_status":"closed","ping_status":"closed","template":"","meta":[],"product_cat":[473],"product_tag":[],"class_list":["post-4734","product","type-product","status-publish","has-post-thumbnail","hentry","product_cat-tratarea-apei-potabile"],"_links":{"self":[{"href":"https:\/\/hydrolite.eu\/ro\/wp-json\/wp\/v2\/product\/4734","targetHints":{"allow":["GET"]}}],"collection":[{"href":"https:\/\/hydrolite.eu\/ro\/wp-json\/wp\/v2\/product"}],"about":[{"href":"https:\/\/hydrolite.eu\/ro\/wp-json\/wp\/v2\/types\/product"}],"replies":[{"embeddable":true,"href":"https:\/\/hydrolite.eu\/ro\/wp-json\/wp\/v2\/comments?post=4734"}],"wp:featuredmedia":[{"embeddable":true,"href":"https:\/\/hydrolite.eu\/ro\/wp-json\/wp\/v2\/media\/2228"}],"wp:attachment":[{"href":"https:\/\/hydrolite.eu\/ro\/wp-json\/wp\/v2\/media?parent=4734"}],"wp:term":[{"taxonomy":"product_cat","embeddable":true,"href":"https:\/\/hydrolite.eu\/ro\/wp-json\/wp\/v2\/product_cat?post=4734"},{"taxonomy":"product_tag","embeddable":true,"href":"https:\/\/hydrolite.eu\/ro\/wp-json\/wp\/v2\/product_tag?post=4734"}],"curies":[{"name":"wp","href":"https:\/\/api.w.org\/{rel}","templated":true}]}}