{"id":4424,"date":"2025-09-21T13:38:29","date_gmt":"2025-10-26T17:25:28","guid":{"rendered":"https:\/\/hydrolite.eu\/?post_type=product&#038;p=4424"},"modified":"2025-10-26T20:25:29","modified_gmt":"2025-10-26T17:25:29","slug":"rasina-schimbatoare-de-anioni-cu-grad-inalt-de-bazicitate-din-seria-stirenului-zga-307","status":"publish","type":"product","link":"https:\/\/hydrolite.eu\/ro\/product\/rasina-schimbatoare-de-anioni-cu-grad-inalt-de-bazicitate-din-seria-stirenului-zga-307\/","title":{"rendered":"R\u0103\u0219in\u0103 schimb\u0103toare de anioni cu grad \u00eenalt de bazicitate din seria stirenului ZGA 307"},"content":{"rendered":"<table border=\"0\" width=\"100%\" cellspacing=\"1\" cellpadding=\"0\" align=\"center\" bgcolor=\"dee8f3\">\n<tbody>\n<tr>\n<td align=\"left\" bgcolor=\"054696\" width=\"70%\" height=\"50\">\n<div class=\"zzzzz1\" align=\"center\"><span style=\"vertical-align: inherit;\"><span style=\"vertical-align: inherit;\"><span dir=\"auto\" style=\"vertical-align: inherit;\"><span dir=\"auto\" style=\"vertical-align: inherit;\">R\u0103\u0219in\u0103 schimb\u0103toare de anioni cu grad \u00eenalt de bazicitate din seria stirenului ZGA 307<\/span><\/span><\/span><\/span><\/div>\n<\/td>\n<\/tr>\n<tr>\n<td style=\"padding: 20px;\" align=\"left\" bgcolor=\"#FFFFFF\"><strong><span style=\"vertical-align: inherit;\"><span style=\"vertical-align: inherit;\"><span dir=\"auto\" style=\"vertical-align: inherit;\"><span dir=\"auto\" style=\"vertical-align: inherit;\">1. Descriere<\/span><\/span><\/span><\/span><\/strong><\/p>\n<p align=\"justify\"><span style=\"vertical-align: inherit;\"><span style=\"vertical-align: inherit;\"><span dir=\"auto\" style=\"vertical-align: inherit;\"><span dir=\"auto\" style=\"vertical-align: inherit;\">\u201eHydrolite\u201d ZGA 307 este un tip de r\u0103\u0219in\u0103 schimb\u0103toare de anioni care con\u021bine o grupare cuaternar\u0103 de amoniu [-N(CH3 <\/span><\/span><\/span><\/span><sub><span style=\"vertical-align: inherit;\"><span style=\"vertical-align: inherit;\"><span dir=\"auto\" style=\"vertical-align: inherit;\"><span dir=\"auto\" style=\"vertical-align: inherit;\">)<\/span><\/span><\/span><\/span><\/sub><span style=\"vertical-align: inherit;\"><span style=\"vertical-align: inherit;\"><span dir=\"auto\" style=\"vertical-align: inherit;\"><span dir=\"auto\" style=\"vertical-align: inherit;\"> 3OH <\/span><\/span><\/span><\/span><sub><span style=\"vertical-align: inherit;\"><span style=\"vertical-align: inherit;\"><span dir=\"auto\" style=\"vertical-align: inherit;\"><span dir=\"auto\" style=\"vertical-align: inherit;\">]<\/span><\/span><\/span><\/span><\/sub><span style=\"vertical-align: inherit;\"><span style=\"vertical-align: inherit;\"><span dir=\"auto\" style=\"vertical-align: inherit;\"><span dir=\"auto\" style=\"vertical-align: inherit;\"> \u00eentr-un copolimer stiren-dietilenbenzen cu un grad de reticulare de 7%. Se utilizeaz\u0103 \u00een principal pentru producerea de ap\u0103 curat\u0103, tratarea apelor uzate \u0219i \u00eendep\u0103rtarea tungstenului \u0219i molibdenului din produsele biochimice \u0219i hidrometalurgie.<\/span><\/span><\/span><\/span><\/p>\n<p><strong><span style=\"vertical-align: inherit;\"><span style=\"vertical-align: inherit;\"><span dir=\"auto\" style=\"vertical-align: inherit;\"><span dir=\"auto\" style=\"vertical-align: inherit;\">2. Standard de implementare:<\/span><\/span><\/span><\/span><\/strong><span style=\"vertical-align: inherit;\"><span style=\"vertical-align: inherit;\"><span dir=\"auto\" style=\"vertical-align: inherit;\"><span dir=\"auto\" style=\"vertical-align: inherit;\"> GB\/T13660-1992 DL\/T519-2004 SH2605.06-2003<\/span><\/span><\/span><\/span><\/p>\n<p><strong><span style=\"vertical-align: inherit;\"><span style=\"vertical-align: inherit;\"><span dir=\"auto\" style=\"vertical-align: inherit;\"><span dir=\"auto\" style=\"vertical-align: inherit;\">3. Propriet\u0103\u021bi fizice \u0219i chimice tipice:<\/span><\/span><\/span><\/span><\/strong><\/p>\n<table class=\"big\" width=\"90%\" cellspacing=\"1\" cellpadding=\"0\" align=\"center\" bgcolor=\"#666666\">\n<tbody>\n<tr bgcolor=\"#fffaee\">\n<td>\n<p align=\"center\"><span dir=\"auto\" style=\"vertical-align: inherit;\"><span dir=\"auto\" style=\"vertical-align: inherit;\">PARAMETRI<\/span><\/span><\/p>\n<\/td>\n<td>\n<p align=\"center\"><span style=\"vertical-align: inherit;\"><span style=\"vertical-align: inherit;\"><span dir=\"auto\" style=\"vertical-align: inherit;\"><span dir=\"auto\" style=\"vertical-align: inherit;\">DATE<\/span><\/span><\/span><\/span><\/p>\n<\/td>\n<\/tr>\n<tr bgcolor=\"#ffffff\">\n<td>\n<p align=\"center\"><span style=\"vertical-align: inherit;\"><span style=\"vertical-align: inherit;\"><span dir=\"auto\" style=\"vertical-align: inherit;\"><span dir=\"auto\" style=\"vertical-align: inherit;\">Aspect<\/span><\/span><\/span><\/span><\/p>\n<\/td>\n<td>\n<p align=\"center\"><span style=\"vertical-align: inherit;\"><span style=\"vertical-align: inherit;\"><span dir=\"auto\" style=\"vertical-align: inherit;\"><span dir=\"auto\" style=\"vertical-align: inherit;\">Granularitate sferic\u0103 de crizantem\u0103 g\u0103lbuie<\/span><\/span><\/span><\/span><\/p>\n<\/td>\n<\/tr>\n<tr bgcolor=\"#ffffff\">\n<td>\n<p align=\"center\"><span style=\"vertical-align: inherit;\"><span style=\"vertical-align: inherit;\"><span dir=\"auto\" style=\"vertical-align: inherit;\"><span dir=\"auto\" style=\"vertical-align: inherit;\">Form\u0103 ionic\u0103<\/span><\/span><\/span><\/span><\/p>\n<\/td>\n<td>\n<p align=\"center\"><span style=\"vertical-align: inherit;\"><span style=\"vertical-align: inherit;\"><span dir=\"auto\" style=\"vertical-align: inherit;\"><span dir=\"auto\" style=\"vertical-align: inherit;\">Cl<\/span><\/span><\/span><\/span><\/p>\n<\/td>\n<\/tr>\n<tr bgcolor=\"#ffffff\">\n<td>\n<p align=\"center\"><span style=\"vertical-align: inherit;\"><span style=\"vertical-align: inherit;\"><span dir=\"auto\" style=\"vertical-align: inherit;\"><span dir=\"auto\" style=\"vertical-align: inherit;\">Umiditate %<\/span><\/span><\/span><\/span><\/p>\n<\/td>\n<td>\n<p align=\"center\"><span style=\"vertical-align: inherit;\"><span style=\"vertical-align: inherit;\"><span dir=\"auto\" style=\"vertical-align: inherit;\"><span dir=\"auto\" style=\"vertical-align: inherit;\">42.00-48.00<\/span><\/span><\/span><\/span><\/p>\n<\/td>\n<\/tr>\n<tr bgcolor=\"#ffffff\">\n<td>\n<p align=\"center\"><span style=\"vertical-align: inherit;\"><span style=\"vertical-align: inherit;\"><span dir=\"auto\" style=\"vertical-align: inherit;\"><span dir=\"auto\" style=\"vertical-align: inherit;\">Capacitate maxim\u0103 regenerat\u0103 mmol\/g<\/span><\/span><\/span><\/span><\/p>\n<\/td>\n<td>\n<p align=\"center\"><span style=\"vertical-align: inherit;\"><span style=\"vertical-align: inherit;\"><span dir=\"auto\" style=\"vertical-align: inherit;\"><span dir=\"auto\" style=\"vertical-align: inherit;\">\u22653,80<\/span><\/span><\/span><\/span><\/p>\n<\/td>\n<\/tr>\n<tr bgcolor=\"#ffffff\">\n<td>\n<div align=\"center\"><span style=\"vertical-align: inherit;\"><span style=\"vertical-align: inherit;\"><span dir=\"auto\" style=\"vertical-align: inherit;\"><span dir=\"auto\" style=\"vertical-align: inherit;\">Capacitatea de schimb a unui grup func\u021bional puternic mmol\/g<\/span><\/span><\/span><\/span><\/div>\n<\/td>\n<td>\n<p align=\"center\"><span style=\"vertical-align: inherit;\"><span style=\"vertical-align: inherit;\"><span dir=\"auto\" style=\"vertical-align: inherit;\"><span dir=\"auto\" style=\"vertical-align: inherit;\">\u22653,50<\/span><\/span><\/span><\/span><\/p>\n<\/td>\n<\/tr>\n<tr bgcolor=\"#ffffff\">\n<td>\n<p align=\"center\"><span style=\"vertical-align: inherit;\"><span style=\"vertical-align: inherit;\"><span dir=\"auto\" style=\"vertical-align: inherit;\"><span dir=\"auto\" style=\"vertical-align: inherit;\">Capacitate total\u0103 de schimb mmol\/ml<\/span><\/span><\/span><\/span><\/p>\n<\/td>\n<td>\n<p align=\"center\"><span style=\"vertical-align: inherit;\"><span style=\"vertical-align: inherit;\"><span dir=\"auto\" style=\"vertical-align: inherit;\"><span dir=\"auto\" style=\"vertical-align: inherit;\">\u22651,35<\/span><\/span><\/span><\/span><\/p>\n<\/td>\n<\/tr>\n<tr bgcolor=\"#ffffff\">\n<td>\n<p align=\"center\"><span style=\"vertical-align: inherit;\"><span style=\"vertical-align: inherit;\"><span dir=\"auto\" style=\"vertical-align: inherit;\"><span dir=\"auto\" style=\"vertical-align: inherit;\">Densitatea masei \u00een timpul transportului g\/ml<\/span><\/span><\/span><\/span><\/p>\n<\/td>\n<td>\n<p align=\"center\"><span style=\"vertical-align: inherit;\"><span style=\"vertical-align: inherit;\"><span dir=\"auto\" style=\"vertical-align: inherit;\"><span dir=\"auto\" style=\"vertical-align: inherit;\">0,67-0,73<\/span><\/span><\/span><\/span><\/p>\n<\/td>\n<\/tr>\n<tr bgcolor=\"#ffffff\">\n<td>\n<p align=\"center\"><span style=\"vertical-align: inherit;\"><span style=\"vertical-align: inherit;\"><span dir=\"auto\" style=\"vertical-align: inherit;\"><span dir=\"auto\" style=\"vertical-align: inherit;\">Densitate real\u0103 g\/ml<\/span><\/span><\/span><\/span><\/p>\n<\/td>\n<td>\n<p align=\"center\"><span style=\"vertical-align: inherit;\"><span style=\"vertical-align: inherit;\"><span dir=\"auto\" style=\"vertical-align: inherit;\"><span dir=\"auto\" style=\"vertical-align: inherit;\">1.070-1.100<\/span><\/span><\/span><\/span><\/p>\n<\/td>\n<\/tr>\n<tr bgcolor=\"#ffffff\">\n<td>\n<p align=\"center\"><span style=\"vertical-align: inherit;\"><span style=\"vertical-align: inherit;\"><span dir=\"auto\" style=\"vertical-align: inherit;\"><span dir=\"auto\" style=\"vertical-align: inherit;\">Dimensiunea particulelor (%)<\/span><\/span><\/span><\/span><\/p>\n<\/td>\n<td>\n<p align=\"center\"><span dir=\"auto\" style=\"vertical-align: inherit;\"><span dir=\"auto\" style=\"vertical-align: inherit;\">(0,315-1,25 mm)\u226595<\/span><\/span><\/p>\n<\/td>\n<\/tr>\n<tr bgcolor=\"#ffffff\">\n<td>\n<p align=\"center\"><span style=\"vertical-align: inherit;\"><span style=\"vertical-align: inherit;\"><span dir=\"auto\" style=\"vertical-align: inherit;\"><span dir=\"auto\" style=\"vertical-align: inherit;\">Limita inferioar\u0103 a dimensiunii %<\/span><\/span><\/span><\/span><\/p>\n<\/td>\n<td>\n<p align=\"center\"><span dir=\"auto\" style=\"vertical-align: inherit;\"><span dir=\"auto\" style=\"vertical-align: inherit;\">(&lt;0,315 mm)\u22641<\/span><\/span><\/p>\n<\/td>\n<\/tr>\n<tr bgcolor=\"#ffffff\">\n<td>\n<p align=\"center\"><span style=\"vertical-align: inherit;\"><span style=\"vertical-align: inherit;\"><span dir=\"auto\" style=\"vertical-align: inherit;\"><span dir=\"auto\" style=\"vertical-align: inherit;\">Dimensiune efectiv\u0103 mm<\/span><\/span><\/span><\/span><\/p>\n<\/td>\n<td>\n<p align=\"center\"><span style=\"vertical-align: inherit;\"><span style=\"vertical-align: inherit;\"><span dir=\"auto\" style=\"vertical-align: inherit;\"><span dir=\"auto\" style=\"vertical-align: inherit;\">0,400-0,700<\/span><\/span><\/span><\/span><\/p>\n<\/td>\n<\/tr>\n<tr bgcolor=\"#ffffff\">\n<td>\n<p align=\"center\"><span style=\"vertical-align: inherit;\"><span style=\"vertical-align: inherit;\"><span dir=\"auto\" style=\"vertical-align: inherit;\"><span dir=\"auto\" style=\"vertical-align: inherit;\">Coeficientul de omogenitate<\/span><\/span><\/span><\/span><\/p>\n<\/td>\n<td>\n<p align=\"center\"><span style=\"vertical-align: inherit;\"><span style=\"vertical-align: inherit;\"><span dir=\"auto\" style=\"vertical-align: inherit;\"><span dir=\"auto\" style=\"vertical-align: inherit;\">\u22641,60<\/span><\/span><\/span><\/span><\/p>\n<\/td>\n<\/tr>\n<tr bgcolor=\"#ffffff\">\n<td>\n<p align=\"center\"><span style=\"vertical-align: inherit;\"><span style=\"vertical-align: inherit;\"><span dir=\"auto\" style=\"vertical-align: inherit;\"><span dir=\"auto\" style=\"vertical-align: inherit;\">Sfericitate dup\u0103 uzur\u0103 %<\/span><\/span><\/span><\/span><\/p>\n<\/td>\n<td>\n<p align=\"center\"><span style=\"vertical-align: inherit;\"><span style=\"vertical-align: inherit;\"><span dir=\"auto\" style=\"vertical-align: inherit;\"><span dir=\"auto\" style=\"vertical-align: inherit;\">\u226590,00<\/span><\/span><\/span><\/span><\/p>\n<\/td>\n<\/tr>\n<\/tbody>\n<\/table>\n<p><strong><span style=\"vertical-align: inherit;\"><span style=\"vertical-align: inherit;\"><span dir=\"auto\" style=\"vertical-align: inherit;\"><span dir=\"auto\" style=\"vertical-align: inherit;\">4. Valori de referin\u021b\u0103 pentru utilizare<\/span><\/span><\/span><\/span><\/strong><\/p>\n<table class=\"big\" width=\"90%\" cellspacing=\"1\" cellpadding=\"0\" align=\"center\" bgcolor=\"#666666\">\n<tbody>\n<tr bgcolor=\"#fffaee\">\n<td>\n<p align=\"center\"><span style=\"vertical-align: inherit;\"><span style=\"vertical-align: inherit;\"><span dir=\"auto\" style=\"vertical-align: inherit;\"><span dir=\"auto\" style=\"vertical-align: inherit;\">PARAMETRI<\/span><\/span><\/span><\/span><\/p>\n<\/td>\n<td>\n<p align=\"center\"><span style=\"vertical-align: inherit;\"><span style=\"vertical-align: inherit;\"><span dir=\"auto\" style=\"vertical-align: inherit;\"><span dir=\"auto\" style=\"vertical-align: inherit;\">Valoare de referin\u021b\u0103<\/span><\/span><\/span><\/span><\/p>\n<\/td>\n<\/tr>\n<tr bgcolor=\"#ffffff\">\n<td>\n<p align=\"center\"><span style=\"vertical-align: inherit;\"><span style=\"vertical-align: inherit;\"><span dir=\"auto\" style=\"vertical-align: inherit;\"><span dir=\"auto\" style=\"vertical-align: inherit;\">intervalul de pH<\/span><\/span><\/span><\/span><\/p>\n<\/td>\n<td>\n<p align=\"center\"><span style=\"vertical-align: inherit;\"><span style=\"vertical-align: inherit;\"><span dir=\"auto\" style=\"vertical-align: inherit;\"><span dir=\"auto\" style=\"vertical-align: inherit;\">1-14<\/span><\/span><\/span><\/span><\/p>\n<\/td>\n<\/tr>\n<tr bgcolor=\"#ffffff\">\n<td>\n<p align=\"center\"><span style=\"vertical-align: inherit;\"><span style=\"vertical-align: inherit;\"><span dir=\"auto\" style=\"vertical-align: inherit;\"><span dir=\"auto\" style=\"vertical-align: inherit;\">Temperatura maxim\u0103 de lucru sub form\u0103 de clor \u00b0C<\/span><\/span><\/span><\/span><\/p>\n<\/td>\n<td>\n<p align=\"center\"><span style=\"vertical-align: inherit;\"><span style=\"vertical-align: inherit;\"><span dir=\"auto\" style=\"vertical-align: inherit;\"><span dir=\"auto\" style=\"vertical-align: inherit;\">80<\/span><\/span><\/span><\/span><\/p>\n<\/td>\n<\/tr>\n<tr bgcolor=\"#ffffff\">\n<td>\n<p align=\"center\"><span style=\"vertical-align: inherit;\"><span style=\"vertical-align: inherit;\"><span dir=\"auto\" style=\"vertical-align: inherit;\"><span dir=\"auto\" style=\"vertical-align: inherit;\">Expansiune la conversia complet\u0103 (Cl\u207b\u207b <\/span><\/span><\/span><\/span><sup><span style=\"vertical-align: inherit;\"><span style=\"vertical-align: inherit;\"><span dir=\"auto\" style=\"vertical-align: inherit;\"><span dir=\"auto\" style=\"vertical-align: inherit;\">&#8211;<\/span><\/span><\/span><\/span><\/sup><span style=\"vertical-align: inherit;\"><span style=\"vertical-align: inherit;\"><span dir=\"auto\" style=\"vertical-align: inherit;\"><span dir=\"auto\" style=\"vertical-align: inherit;\"> OH\u207b <\/span><\/span><\/span><\/span><sup><span style=\"vertical-align: inherit;\"><span style=\"vertical-align: inherit;\"><span dir=\"auto\" style=\"vertical-align: inherit;\"><span dir=\"auto\" style=\"vertical-align: inherit;\">)<\/span><\/span><\/span><\/span><\/sup><span style=\"vertical-align: inherit;\"><span style=\"vertical-align: inherit;\"><span dir=\"auto\" style=\"vertical-align: inherit;\"><span dir=\"auto\" style=\"vertical-align: inherit;\"> %<\/span><\/span><\/span><\/span><\/p>\n<\/td>\n<td>\n<p align=\"center\"><span style=\"vertical-align: inherit;\"><span style=\"vertical-align: inherit;\"><span dir=\"auto\" style=\"vertical-align: inherit;\"><span dir=\"auto\" style=\"vertical-align: inherit;\">\u226425<\/span><\/span><\/span><\/span><\/p>\n<\/td>\n<\/tr>\n<tr bgcolor=\"#ffffff\">\n<td>\n<p align=\"center\"><span style=\"vertical-align: inherit;\"><span style=\"vertical-align: inherit;\"><span dir=\"auto\" style=\"vertical-align: inherit;\"><span dir=\"auto\" style=\"vertical-align: inherit;\">Capacitate de schimb de lucru mmol\/l<\/span><\/span><\/span><\/span><\/p>\n<\/td>\n<td>\n<p align=\"center\"><span style=\"vertical-align: inherit;\"><span style=\"vertical-align: inherit;\"><span dir=\"auto\" style=\"vertical-align: inherit;\"><span dir=\"auto\" style=\"vertical-align: inherit;\">\u2265450<\/span><\/span><\/span><\/span><\/p>\n<\/td>\n<\/tr>\n<tr bgcolor=\"#ffffff\">\n<td>\n<p align=\"center\"><span style=\"vertical-align: inherit;\"><span style=\"vertical-align: inherit;\"><span dir=\"auto\" style=\"vertical-align: inherit;\"><span dir=\"auto\" style=\"vertical-align: inherit;\">Debit de func\u021bionare m\/h<\/span><\/span><\/span><\/span><\/p>\n<\/td>\n<td>\n<p align=\"center\"><span style=\"vertical-align: inherit;\"><span style=\"vertical-align: inherit;\"><span dir=\"auto\" style=\"vertical-align: inherit;\"><span dir=\"auto\" style=\"vertical-align: inherit;\">15-30<\/span><\/span><\/span><\/span><\/p>\n<\/td>\n<\/tr>\n<\/tbody>\n<\/table>\n<\/td>\n<\/tr>\n<\/tbody>\n<\/table>\n","protected":false},"excerpt":{"rendered":"<p>R\u0103\u0219in\u0103 schimb\u0103toare de anioni cu grad \u00eenalt de bazicitate din seria stirenului ZGA 307 1. Descriere \u201eHydrolite\u201d ZGA 307 este un tip de r\u0103\u0219in\u0103 schimb\u0103toare de anioni care con\u021bine o grupare cuaternar\u0103 de amoniu [-N(CH3 ) 3OH ] \u00eentr-un copolimer stiren-dietilenbenzen cu un grad de reticulare de 7%. Se utilizeaz\u0103 \u00een principal pentru producerea de&#8230;<\/p>\n","protected":false},"featured_media":1944,"comment_status":"closed","ping_status":"closed","template":"","meta":[],"product_cat":[512,629],"product_tag":[],"class_list":["post-4424","product","type-product","status-publish","has-post-thumbnail","hentry","product_cat-produse","product_cat-rasini-comune"],"_links":{"self":[{"href":"https:\/\/hydrolite.eu\/ro\/wp-json\/wp\/v2\/product\/4424","targetHints":{"allow":["GET"]}}],"collection":[{"href":"https:\/\/hydrolite.eu\/ro\/wp-json\/wp\/v2\/product"}],"about":[{"href":"https:\/\/hydrolite.eu\/ro\/wp-json\/wp\/v2\/types\/product"}],"replies":[{"embeddable":true,"href":"https:\/\/hydrolite.eu\/ro\/wp-json\/wp\/v2\/comments?post=4424"}],"wp:featuredmedia":[{"embeddable":true,"href":"https:\/\/hydrolite.eu\/ro\/wp-json\/wp\/v2\/media\/1944"}],"wp:attachment":[{"href":"https:\/\/hydrolite.eu\/ro\/wp-json\/wp\/v2\/media?parent=4424"}],"wp:term":[{"taxonomy":"product_cat","embeddable":true,"href":"https:\/\/hydrolite.eu\/ro\/wp-json\/wp\/v2\/product_cat?post=4424"},{"taxonomy":"product_tag","embeddable":true,"href":"https:\/\/hydrolite.eu\/ro\/wp-json\/wp\/v2\/product_tag?post=4424"}],"curies":[{"name":"wp","href":"https:\/\/api.w.org\/{rel}","templated":true}]}}