{"id":4412,"date":"2025-09-21T13:38:31","date_gmt":"2025-10-26T17:18:55","guid":{"rendered":"https:\/\/hydrolite.eu\/?post_type=product&#038;p=4412"},"modified":"2025-10-26T20:18:55","modified_gmt":"2025-10-26T17:18:55","slug":"material-rasina-cationica-cu-culoare-schimbatoare-zg-bsh-cu-indicator","status":"publish","type":"product","link":"https:\/\/hydrolite.eu\/ro\/product\/material-rasina-cationica-cu-culoare-schimbatoare-zg-bsh-cu-indicator\/","title":{"rendered":"Material r\u0103\u0219in\u0103 cationic\u0103 cu culoare schimb\u0103toare ZG BSH cu indicator"},"content":{"rendered":"<table border=\"0\" width=\"100%\" cellspacing=\"1\" cellpadding=\"0\" align=\"center\" bgcolor=\"dee8f3\">\n<tbody>\n<tr>\n<td align=\"left\" bgcolor=\"054696\" width=\"70%\" height=\"50\">\n<div class=\"zzzzz1\" align=\"center\"><span style=\"vertical-align: inherit;\"><span style=\"vertical-align: inherit;\"><span dir=\"auto\" style=\"vertical-align: inherit;\"><span dir=\"auto\" style=\"vertical-align: inherit;\">Material r\u0103\u0219in\u0103 cationic\u0103 cu culoare schimb\u0103toare ZG BSH cu indicator<\/span><\/span><\/span><\/span><\/div>\n<\/td>\n<\/tr>\n<tr>\n<td style=\"padding: 20px;\" align=\"left\" bgcolor=\"#FFFFFF\">\n<ul style=\"list-style-type: square;\">\n<li><strong><span style=\"vertical-align: inherit;\"><span style=\"vertical-align: inherit;\"><span dir=\"auto\" style=\"vertical-align: inherit;\"><span dir=\"auto\" style=\"vertical-align: inherit;\">Descriere<\/span><\/span><\/span><\/span><\/strong><\/li>\n<\/ul>\n<p style=\"margin-left: 18.0000pt;\"><span style=\"vertical-align: inherit;\"><span style=\"vertical-align: inherit;\"><span dir=\"auto\" style=\"vertical-align: inherit;\"><span dir=\"auto\" style=\"vertical-align: inherit;\">Hydrolite ZG BSH este o r\u0103\u0219in\u0103 cationic\u0103 cu un indicator care reac\u021bioneaz\u0103 cu cationii din ap\u0103, produc\u00e2nd o schimbare vizibil\u0103 a culorii. Tipul de regenerare al acestei r\u0103\u0219ini este galben; c\u00e2nd devine inutilizabil\u0103, culoarea se schimb\u0103 \u00een ro\u0219u, iar diferen\u021ba de culoare este foarte sesizabil\u0103.<\/span><\/span><\/span><\/span><\/p>\n<p style=\"margin-left: 18.0000pt;\"><span style=\"vertical-align: inherit;\"><span style=\"vertical-align: inherit;\"><span dir=\"auto\" style=\"vertical-align: inherit;\"><span dir=\"auto\" style=\"vertical-align: inherit;\">Schimb\u0103torul de r\u0103\u0219in\u0103 ZG BSH este utilizat \u00een principal pentru a testa conductivitatea cationic\u0103 a apei de alimentare dintr-o coloan\u0103 mixt\u0103 de abur \u0219i condensat. R\u0103\u0219ina care \u00ee\u0219i schimb\u0103 culoarea umple o coloan\u0103 de schimb transparent\u0103 cu un diametru mai mic de 50 mm. R\u0103\u0219ina transform\u0103 mineralele din ap\u0103 \u00een acid, \u00eembun\u0103t\u0103\u021bind precizia test\u0103rii cationilor. \u00cen timpul acestui proces, c\u00e2nd r\u0103\u0219ina devine inutilizabil\u0103, culoarea sa se schimb\u0103 \u00een ro\u0219u, permi\u021b\u00e2nd verificarea st\u0103rii de func\u021bionare a coloanei prin aceast\u0103 schimbare de culoare.<\/span><\/span><\/span><\/span><\/p>\n<p style=\"margin-left: 18.0000pt;\"><span style=\"vertical-align: inherit;\"><span style=\"vertical-align: inherit;\"><span dir=\"auto\" style=\"vertical-align: inherit;\"><span dir=\"auto\" style=\"vertical-align: inherit;\">R\u0103\u0219ina ZG BSH cu culoare schimb\u0103toare poate fi utilizat\u0103 \u00eempreun\u0103 cu r\u0103\u0219ina anionic\u0103 cu culoare schimb\u0103toare ZG BSY (sau r\u0103\u0219ina anionic\u0103 bazic\u0103 puternic\u0103), umpl\u00e2nd coloana transparent\u0103 de schimb mixt ca r\u0103\u0219in\u0103 mixt\u0103 cu un indicator, \u00een principal pentru testarea r\u0103cirii interne \u00een industria farmaceutic\u0103.<\/span><\/span><\/span><\/span><\/p>\n<p>&nbsp;<\/p>\n<ul style=\"list-style-type: square;\">\n<li><strong><span style=\"vertical-align: inherit;\"><span style=\"vertical-align: inherit;\"><span dir=\"auto\" style=\"vertical-align: inherit;\"><span dir=\"auto\" style=\"vertical-align: inherit;\">Propriet\u0103\u021bi fizico-chimice:<\/span><\/span><\/span><\/span><\/strong><\/li>\n<\/ul>\n<p>&nbsp;<\/p>\n<table style=\"width: 564px;\" border=\"1\" cellspacing=\"1\" align=\"center\">\n<tbody>\n<tr>\n<td style=\"width: 263px;\">\n<p align=\"center\"><span style=\"vertical-align: inherit;\"><span style=\"vertical-align: inherit;\"><span dir=\"auto\" style=\"vertical-align: inherit;\"><span dir=\"auto\" style=\"vertical-align: inherit;\">Index<\/span><\/span><\/span><\/span><\/p>\n<\/td>\n<td style=\"width: 298px;\">\n<p align=\"center\"><span style=\"vertical-align: inherit;\"><span style=\"vertical-align: inherit;\"><span dir=\"auto\" style=\"vertical-align: inherit;\"><span dir=\"auto\" style=\"vertical-align: inherit;\">Sens<\/span><\/span><\/span><\/span><\/p>\n<\/td>\n<\/tr>\n<tr>\n<td style=\"width: 263px;\">\n<p align=\"center\"><span style=\"vertical-align: inherit;\"><span style=\"vertical-align: inherit;\"><span dir=\"auto\" style=\"vertical-align: inherit;\"><span dir=\"auto\" style=\"vertical-align: inherit;\">Form\u0103 ionic\u0103<\/span><\/span><\/span><\/span><\/p>\n<\/td>\n<td style=\"width: 298px;\">\n<p align=\"center\"><span style=\"vertical-align: inherit;\"><span style=\"vertical-align: inherit;\"><span dir=\"auto\" style=\"vertical-align: inherit;\"><span dir=\"auto\" style=\"vertical-align: inherit;\">TIMP<\/span><\/span><\/span><\/span><\/p>\n<\/td>\n<\/tr>\n<tr>\n<td style=\"width: 263px;\">\n<p align=\"center\"><span style=\"vertical-align: inherit;\"><span style=\"vertical-align: inherit;\"><span dir=\"auto\" style=\"vertical-align: inherit;\"><span dir=\"auto\" style=\"vertical-align: inherit;\">Aspect<\/span><\/span><\/span><\/span><\/p>\n<\/td>\n<td style=\"width: 298px;\">\n<p align=\"center\"><span style=\"vertical-align: inherit;\"><span style=\"vertical-align: inherit;\"><span dir=\"auto\" style=\"vertical-align: inherit;\"><span dir=\"auto\" style=\"vertical-align: inherit;\">Granule ro\u0219ii (nu sunt potrivite)<\/span><\/span><\/span><\/span><\/p>\n<\/td>\n<\/tr>\n<tr>\n<td style=\"width: 263px;\">\n<p align=\"center\"><span style=\"vertical-align: inherit;\"><span style=\"vertical-align: inherit;\"><span dir=\"auto\" style=\"vertical-align: inherit;\"><span dir=\"auto\" style=\"vertical-align: inherit;\">Umiditate %<\/span><\/span><\/span><\/span><\/p>\n<\/td>\n<td style=\"width: 298px;\">\n<p align=\"center\"><span style=\"vertical-align: inherit;\"><span style=\"vertical-align: inherit;\"><span dir=\"auto\" style=\"vertical-align: inherit;\"><span dir=\"auto\" style=\"vertical-align: inherit;\">45,0-52,0<\/span><\/span><\/span><\/span><\/p>\n<\/td>\n<\/tr>\n<tr>\n<td style=\"width: 263px;\">\n<p align=\"center\"><span style=\"vertical-align: inherit;\"><span style=\"vertical-align: inherit;\"><span dir=\"auto\" style=\"vertical-align: inherit;\"><span dir=\"auto\" style=\"vertical-align: inherit;\">Capacitate total\u0103 de schimb, mmol\/g<\/span><\/span><\/span><\/span><\/p>\n<\/td>\n<td style=\"width: 298px;\">\n<p align=\"center\"><span style=\"vertical-align: inherit;\"><span style=\"vertical-align: inherit;\"><span dir=\"auto\" style=\"vertical-align: inherit;\"><span dir=\"auto\" style=\"vertical-align: inherit;\">\u22654,40<\/span><\/span><\/span><\/span><\/p>\n<\/td>\n<\/tr>\n<tr>\n<td style=\"width: 263px;\">\n<p align=\"center\"><span style=\"vertical-align: inherit;\"><span style=\"vertical-align: inherit;\"><span dir=\"auto\" style=\"vertical-align: inherit;\"><span dir=\"auto\" style=\"vertical-align: inherit;\">Capacitate total\u0103 de schimb, mmol\/ml<\/span><\/span><\/span><\/span><\/p>\n<\/td>\n<td style=\"width: 298px;\">\n<p align=\"center\"><span style=\"vertical-align: inherit;\"><span style=\"vertical-align: inherit;\"><span dir=\"auto\" style=\"vertical-align: inherit;\"><span dir=\"auto\" style=\"vertical-align: inherit;\">\u22651,80<\/span><\/span><\/span><\/span><\/p>\n<\/td>\n<\/tr>\n<tr>\n<td style=\"width: 263px;\">\n<p align=\"center\"><span style=\"vertical-align: inherit;\"><span style=\"vertical-align: inherit;\"><span dir=\"auto\" style=\"vertical-align: inherit;\"><span dir=\"auto\" style=\"vertical-align: inherit;\">Frac\u021bie de mas\u0103 \u00een timpul transportului, g\/ml<\/span><\/span><\/span><\/span><\/p>\n<\/td>\n<td style=\"width: 298px;\">\n<p align=\"center\"><span style=\"vertical-align: inherit;\"><span style=\"vertical-align: inherit;\"><span dir=\"auto\" style=\"vertical-align: inherit;\"><span dir=\"auto\" style=\"vertical-align: inherit;\">0,79-0,89<\/span><\/span><\/span><\/span><\/p>\n<\/td>\n<\/tr>\n<tr>\n<td style=\"width: 263px;\">\n<p align=\"center\"><span style=\"vertical-align: inherit;\"><span style=\"vertical-align: inherit;\"><span dir=\"auto\" style=\"vertical-align: inherit;\"><span dir=\"auto\" style=\"vertical-align: inherit;\">Dimensiunea particulelor, mm<\/span><\/span><\/span><\/span><\/p>\n<\/td>\n<td style=\"width: 298px;\">\n<p align=\"center\"><span dir=\"auto\" style=\"vertical-align: inherit;\"><span dir=\"auto\" style=\"vertical-align: inherit;\">(0,315-1,25 mm) \u226595,0<\/span><\/span><\/p>\n<\/td>\n<\/tr>\n<\/tbody>\n<\/table>\n<div style=\"clear: both;\"><\/div>\n<div style=\"clear: both; text-align: center;\"><\/div>\n<\/td>\n<\/tr>\n<\/tbody>\n<\/table>\n","protected":false},"excerpt":{"rendered":"<p>Material r\u0103\u0219in\u0103 cationic\u0103 cu culoare schimb\u0103toare ZG BSH cu indicator Descriere Hydrolite ZG BSH este o r\u0103\u0219in\u0103 cationic\u0103 cu un indicator care reac\u021bioneaz\u0103 cu cationii din ap\u0103, produc\u00e2nd o schimbare vizibil\u0103 a culorii. Tipul de regenerare al acestei r\u0103\u0219ini este galben; c\u00e2nd devine inutilizabil\u0103, culoarea se schimb\u0103 \u00een ro\u0219u, iar diferen\u021ba de culoare este foarte&#8230;<\/p>\n","protected":false},"featured_media":1944,"comment_status":"closed","ping_status":"closed","template":"","meta":[],"product_cat":[512,629],"product_tag":[],"class_list":["post-4412","product","type-product","status-publish","has-post-thumbnail","hentry","product_cat-produse","product_cat-rasini-comune"],"_links":{"self":[{"href":"https:\/\/hydrolite.eu\/ro\/wp-json\/wp\/v2\/product\/4412","targetHints":{"allow":["GET"]}}],"collection":[{"href":"https:\/\/hydrolite.eu\/ro\/wp-json\/wp\/v2\/product"}],"about":[{"href":"https:\/\/hydrolite.eu\/ro\/wp-json\/wp\/v2\/types\/product"}],"replies":[{"embeddable":true,"href":"https:\/\/hydrolite.eu\/ro\/wp-json\/wp\/v2\/comments?post=4412"}],"wp:featuredmedia":[{"embeddable":true,"href":"https:\/\/hydrolite.eu\/ro\/wp-json\/wp\/v2\/media\/1944"}],"wp:attachment":[{"href":"https:\/\/hydrolite.eu\/ro\/wp-json\/wp\/v2\/media?parent=4412"}],"wp:term":[{"taxonomy":"product_cat","embeddable":true,"href":"https:\/\/hydrolite.eu\/ro\/wp-json\/wp\/v2\/product_cat?post=4412"},{"taxonomy":"product_tag","embeddable":true,"href":"https:\/\/hydrolite.eu\/ro\/wp-json\/wp\/v2\/product_tag?post=4412"}],"curies":[{"name":"wp","href":"https:\/\/api.w.org\/{rel}","templated":true}]}}