{"id":4407,"date":"2025-09-21T13:38:31","date_gmt":"2025-10-26T17:16:08","guid":{"rendered":"https:\/\/hydrolite.eu\/?post_type=product&#038;p=4407"},"modified":"2025-10-26T20:16:08","modified_gmt":"2025-10-26T17:16:08","slug":"adsorbant-macroporos-zg-sd300-cu-un-diametru-special-al-porilor","status":"publish","type":"product","link":"https:\/\/hydrolite.eu\/ro\/product\/adsorbant-macroporos-zg-sd300-cu-un-diametru-special-al-porilor\/","title":{"rendered":"Adsorbant macroporos ZG SD300 cu un diametru special al porilor"},"content":{"rendered":"<table border=\"0\" width=\"100%\" cellspacing=\"1\" cellpadding=\"0\" align=\"center\" bgcolor=\"dee8f3\">\n<tbody>\n<tr>\n<td align=\"left\" bgcolor=\"054696\" width=\"70%\" height=\"50\">\n<div class=\"zzzzz1\" align=\"center\"><span style=\"vertical-align: inherit;\"><span style=\"vertical-align: inherit;\"><span dir=\"auto\" style=\"vertical-align: inherit;\"><span dir=\"auto\" style=\"vertical-align: inherit;\">Adsorbant macroporos ZG SD300 cu un diametru special al porilor<\/span><\/span><\/span><\/span><\/div>\n<\/td>\n<\/tr>\n<tr>\n<td style=\"padding: 20px;\" align=\"left\" bgcolor=\"#FFFFFF\">\n<p style=\"margin-left: 20.2500pt;\"><strong><span style=\"vertical-align: inherit;\"><span style=\"vertical-align: inherit;\"><span dir=\"auto\" style=\"vertical-align: inherit;\"><span dir=\"auto\" style=\"vertical-align: inherit;\">1. <\/span><\/span><\/span><\/span><\/strong>\u00a0<strong><span style=\"vertical-align: inherit;\"><span style=\"vertical-align: inherit;\"><span dir=\"auto\" style=\"vertical-align: inherit;\"><span dir=\"auto\" style=\"vertical-align: inherit;\">Descriere:<\/span><\/span><\/span><\/span><\/strong><\/p>\n<p style=\"margin-left: 19.6000pt;\"><span style=\"vertical-align: inherit;\"><span style=\"vertical-align: inherit;\"><span dir=\"auto\" style=\"vertical-align: inherit;\"><span dir=\"auto\" style=\"vertical-align: inherit;\">Hydrolite ZG SD330 este un adsorbant macroporos cu un diametru special al porilor; are o suprafa\u021b\u0103 specific\u0103 mare \u0219i dimensiuni optime \u00een compara\u021bie cu adsorben\u021bii conven\u021bionali, ceea ce asigur\u0103 o capacitate de adsorb\u021bie \u0219i o rat\u0103 de elu\u021bie mai bune a substan\u021belor organice \u0219i a coloran\u021bilor organici \u0219i este potrivit \u00een special pentru \u00eendep\u0103rtarea mirosului \u0219i gustului siropului cu con\u021binut ridicat de fructoz\u0103.<\/span><\/span><\/span><\/span><\/p>\n<p style=\"margin-left: 20.2500pt;\"><span style=\"vertical-align: inherit;\"><span style=\"vertical-align: inherit;\"><span dir=\"auto\" style=\"vertical-align: inherit;\"><span dir=\"auto\" style=\"vertical-align: inherit;\">Datorit\u0103 dimensiunii speciale a porilor, nu numai c\u0103 poate elimina mirosul din sirop, dar \u00eei poate \u0219i men\u021bine pH-ul. Dac\u0103 materialul surs\u0103 are un pH ridicat, pH-ul poate fi u\u0219or redus dup\u0103 utilizarea SD300.<\/span><\/span><\/span><\/span><\/p>\n<p style=\"margin-left: 19.9500pt;\"><span style=\"vertical-align: inherit;\"><span style=\"vertical-align: inherit;\"><span dir=\"auto\" style=\"vertical-align: inherit;\"><span dir=\"auto\" style=\"vertical-align: inherit;\">Acest produs poate, de asemenea, s\u0103 absoarb\u0103 \u0219i s\u0103 separe substan\u021be polare \u00een solu\u021bii apoase \u0219i neapoase \u0219i s\u0103 elimine mirosurile din maltoz\u0103.<\/span><\/span><\/span><\/span><\/p>\n<p style=\"margin-left: 19.6500pt;\"><strong><span style=\"vertical-align: inherit;\"><span style=\"vertical-align: inherit;\"><span dir=\"auto\" style=\"vertical-align: inherit;\"><span dir=\"auto\" style=\"vertical-align: inherit;\">2. <\/span><\/span><\/span><\/span><\/strong>\u00a0\u00a0\u00a0<span dir=\"auto\" style=\"vertical-align: inherit;\"><strong><span style=\"vertical-align: inherit;\"><span style=\"vertical-align: inherit;\"><span dir=\"auto\" style=\"vertical-align: inherit;\">Propriet\u0103\u021bi <\/span><\/span><\/span><\/strong><\/span><strong><span style=\"vertical-align: inherit;\"><span style=\"vertical-align: inherit;\"><span dir=\"auto\" style=\"vertical-align: inherit;\"><span dir=\"auto\" style=\"vertical-align: inherit;\">fizice <\/span><\/span><\/span><\/span><\/strong>\u00a0<strong><span style=\"vertical-align: inherit;\"><span style=\"vertical-align: inherit;\"><span dir=\"auto\" style=\"vertical-align: inherit;\"><span dir=\"auto\" style=\"vertical-align: inherit;\">\u0219i <\/span><\/span><\/span><\/span><\/strong>\u00a0<strong><span style=\"vertical-align: inherit;\"><span style=\"vertical-align: inherit;\"><span dir=\"auto\" style=\"vertical-align: inherit;\"><span dir=\"auto\" style=\"vertical-align: inherit;\">chimice :<\/span><\/span><\/span><\/span><\/strong><\/p>\n<table style=\"width: 100%;\" border=\"1\" cellspacing=\"0\">\n<tbody>\n<tr>\n<td style=\"width: 211px;\" colspan=\"2\">\n<p style=\"margin-left: 51.85pt; text-align: center;\"><span dir=\"auto\" style=\"vertical-align: inherit;\"><span dir=\"auto\" style=\"vertical-align: inherit;\">Parametri<\/span><\/span><\/p>\n<\/td>\n<td style=\"width: 191px;\">\n<p style=\"margin-left: 59.6pt; text-align: center;\"><span style=\"vertical-align: inherit;\"><span style=\"vertical-align: inherit;\"><span dir=\"auto\" style=\"vertical-align: inherit;\"><span dir=\"auto\" style=\"vertical-align: inherit;\">Sens<\/span><\/span><\/span><\/span><\/p>\n<\/td>\n<\/tr>\n<tr>\n<td style=\"width: 211px;\" colspan=\"2\">\n<p style=\"margin-left: 5.9pt; text-align: center;\"><span style=\"vertical-align: inherit;\"><span style=\"vertical-align: inherit;\"><span dir=\"auto\" style=\"vertical-align: inherit;\"><span dir=\"auto\" style=\"vertical-align: inherit;\">Categorie<\/span><\/span><\/span><\/span><\/p>\n<\/td>\n<td style=\"width: 191px;\">\n<p style=\"margin-left: 33.95pt; text-align: center;\"><span style=\"vertical-align: inherit;\"><span style=\"vertical-align: inherit;\"><span dir=\"auto\" style=\"vertical-align: inherit;\"><span dir=\"auto\" style=\"vertical-align: inherit;\">Compu\u0219i aromatici<\/span><\/span><\/span><\/span><\/p>\n<\/td>\n<\/tr>\n<tr>\n<td style=\"width: 211px;\" colspan=\"2\">\n<p style=\"margin-left: 6.15pt; text-align: center;\"><span style=\"vertical-align: inherit;\"><span style=\"vertical-align: inherit;\"><span dir=\"auto\" style=\"vertical-align: inherit;\"><span dir=\"auto\" style=\"vertical-align: inherit;\">Matrice<\/span><\/span><\/span><\/span><\/p>\n<\/td>\n<td style=\"width: 191px;\">\n<p style=\"margin-left: 53.8pt; text-align: center;\"><span dir=\"auto\" style=\"vertical-align: inherit;\"><span dir=\"auto\" style=\"vertical-align: inherit;\">Stiren<\/span><\/span><\/p>\n<\/td>\n<\/tr>\n<tr>\n<td style=\"width: 211px;\" colspan=\"2\">\n<p style=\"margin-left: 6.15pt; text-align: center;\"><span style=\"vertical-align: inherit;\"><span style=\"vertical-align: inherit;\"><span dir=\"auto\" style=\"vertical-align: inherit;\"><span dir=\"auto\" style=\"vertical-align: inherit;\">Con\u021binut de umiditate %<\/span><\/span><\/span><\/span><\/p>\n<\/td>\n<td style=\"width: 191px;\">\n<p style=\"margin-left: 54.95pt; text-align: center;\"><span style=\"vertical-align: inherit;\"><span style=\"vertical-align: inherit;\"><span dir=\"auto\" style=\"vertical-align: inherit;\"><span dir=\"auto\" style=\"vertical-align: inherit;\">50~60<\/span><\/span><\/span><\/span><\/p>\n<\/td>\n<\/tr>\n<tr>\n<td style=\"width: 140px;\">\n<p style=\"margin-left: 5.85pt; text-align: center;\"><span style=\"vertical-align: inherit;\"><span style=\"vertical-align: inherit;\"><span dir=\"auto\" style=\"vertical-align: inherit;\"><span dir=\"auto\" style=\"vertical-align: inherit;\">Suprafa\u021b\u0103 specific\u0103<\/span><\/span><\/span><\/span><\/p>\n<\/td>\n<td style=\"width: 71px;\">\n<p style=\"margin-left: 23.85pt; text-align: center;\"><span dir=\"auto\" style=\"vertical-align: inherit;\"><span dir=\"auto\" style=\"vertical-align: inherit;\">m\u00b2\/g<\/span><\/span><\/p>\n<\/td>\n<td style=\"width: 191px;\">\n<p style=\"margin-left: 46.2pt; text-align: center;\"><span style=\"vertical-align: inherit;\"><span style=\"vertical-align: inherit;\"><span dir=\"auto\" style=\"vertical-align: inherit;\"><span dir=\"auto\" style=\"vertical-align: inherit;\">800~1500<\/span><\/span><\/span><\/span><\/p>\n<\/td>\n<\/tr>\n<tr>\n<td style=\"width: 211px;\" colspan=\"2\">\n<p style=\"margin-left: 6.2pt; text-align: center;\"><span style=\"vertical-align: inherit;\"><span style=\"vertical-align: inherit;\"><span dir=\"auto\" style=\"vertical-align: inherit;\"><span dir=\"auto\" style=\"vertical-align: inherit;\">Volumul porilor, ml\/g<\/span><\/span><\/span><\/span><\/p>\n<\/td>\n<td style=\"width: 191px;\">\n<p style=\"margin-left: 60.3pt; text-align: center;\"><span style=\"vertical-align: inherit;\"><span style=\"vertical-align: inherit;\"><span dir=\"auto\" style=\"vertical-align: inherit;\"><span dir=\"auto\" style=\"vertical-align: inherit;\">\u22650,5<\/span><\/span><\/span><\/span><\/p>\n<\/td>\n<\/tr>\n<tr>\n<td style=\"width: 140px;\">\n<p style=\"margin-left: 6.2pt; text-align: center;\"><span style=\"vertical-align: inherit;\"><span style=\"vertical-align: inherit;\"><span dir=\"auto\" style=\"vertical-align: inherit;\"><span dir=\"auto\" style=\"vertical-align: inherit;\">Dimensiunea porilor<\/span><\/span><\/span><\/span><\/p>\n<\/td>\n<td style=\"width: 71px;\">\n<p style=\"margin-left: 4.05pt; text-align: center;\"><span dir=\"auto\" style=\"vertical-align: inherit;\"><span dir=\"auto\" style=\"vertical-align: inherit;\">nm<\/span><\/span><\/p>\n<\/td>\n<td style=\"width: 191px;\">\n<p style=\"margin-left: 60.3pt; text-align: center;\"><span style=\"vertical-align: inherit;\"><span style=\"vertical-align: inherit;\"><span dir=\"auto\" style=\"vertical-align: inherit;\"><span dir=\"auto\" style=\"vertical-align: inherit;\">\u22653,2<\/span><\/span><\/span><\/span><\/p>\n<\/td>\n<\/tr>\n<tr>\n<td style=\"width: 211px;\" colspan=\"2\">\n<p style=\"margin-left: 5.85pt; text-align: center;\"><span style=\"vertical-align: inherit;\"><span style=\"vertical-align: inherit;\"><span dir=\"auto\" style=\"vertical-align: inherit;\"><span dir=\"auto\" style=\"vertical-align: inherit;\">Greutate de transport, g\/ml<\/span><\/span><\/span><\/span><\/p>\n<\/td>\n<td style=\"width: 191px;\">\n<p style=\"margin-left: 49.7pt; text-align: center;\"><span style=\"vertical-align: inherit;\"><span style=\"vertical-align: inherit;\"><span dir=\"auto\" style=\"vertical-align: inherit;\"><span dir=\"auto\" style=\"vertical-align: inherit;\">0,65-0,75<\/span><\/span><\/span><\/span><\/p>\n<\/td>\n<\/tr>\n<\/tbody>\n<\/table>\n<p>&nbsp;<\/td>\n<\/tr>\n<\/tbody>\n<\/table>\n<div id=\"gtx-trans\" style=\"position: absolute; left: 102px; top: 46.0852px;\">\n<div class=\"gtx-trans-icon\"><\/div>\n<\/div>\n","protected":false},"excerpt":{"rendered":"<p>Adsorbant macroporos ZG SD300 cu un diametru special al porilor 1. \u00a0Descriere: Hydrolite ZG SD330 este un adsorbant macroporos cu un diametru special al porilor; are o suprafa\u021b\u0103 specific\u0103 mare \u0219i dimensiuni optime \u00een compara\u021bie cu adsorben\u021bii conven\u021bionali, ceea ce asigur\u0103 o capacitate de adsorb\u021bie \u0219i o rat\u0103 de elu\u021bie mai bune a substan\u021belor organice&#8230;<\/p>\n","protected":false},"featured_media":1944,"comment_status":"closed","ping_status":"closed","template":"","meta":[],"product_cat":[512,629],"product_tag":[],"class_list":["post-4407","product","type-product","status-publish","has-post-thumbnail","hentry","product_cat-produse","product_cat-rasini-comune"],"_links":{"self":[{"href":"https:\/\/hydrolite.eu\/ro\/wp-json\/wp\/v2\/product\/4407","targetHints":{"allow":["GET"]}}],"collection":[{"href":"https:\/\/hydrolite.eu\/ro\/wp-json\/wp\/v2\/product"}],"about":[{"href":"https:\/\/hydrolite.eu\/ro\/wp-json\/wp\/v2\/types\/product"}],"replies":[{"embeddable":true,"href":"https:\/\/hydrolite.eu\/ro\/wp-json\/wp\/v2\/comments?post=4407"}],"wp:featuredmedia":[{"embeddable":true,"href":"https:\/\/hydrolite.eu\/ro\/wp-json\/wp\/v2\/media\/1944"}],"wp:attachment":[{"href":"https:\/\/hydrolite.eu\/ro\/wp-json\/wp\/v2\/media?parent=4407"}],"wp:term":[{"taxonomy":"product_cat","embeddable":true,"href":"https:\/\/hydrolite.eu\/ro\/wp-json\/wp\/v2\/product_cat?post=4407"},{"taxonomy":"product_tag","embeddable":true,"href":"https:\/\/hydrolite.eu\/ro\/wp-json\/wp\/v2\/product_tag?post=4407"}],"curies":[{"name":"wp","href":"https:\/\/api.w.org\/{rel}","templated":true}]}}