{"id":3453,"date":"2025-09-21T13:39:51","date_gmt":"2025-10-12T19:01:23","guid":{"rendered":"https:\/\/hydrolite.eu\/?post_type=product&#038;p=3453"},"modified":"2025-10-12T22:02:52","modified_gmt":"2025-10-12T19:02:52","slug":"rasina-de-adsorbtie-macroporoasa-aromatica-sd200","status":"publish","type":"product","link":"https:\/\/hydrolite.eu\/ro\/product\/rasina-de-adsorbtie-macroporoasa-aromatica-sd200\/","title":{"rendered":"R\u0103\u0219in\u0103 de adsorb\u021bie macroporoas\u0103 aromatic\u0103 SD200"},"content":{"rendered":"<p><strong><span style=\"vertical-align: inherit;\"><span style=\"vertical-align: inherit;\"><span dir=\"auto\" style=\"vertical-align: inherit;\"><span dir=\"auto\" style=\"vertical-align: inherit;\">1. Introducere<\/span><\/span><\/span><\/span><\/strong><\/p>\n<p align=\"justify\"><span style=\"vertical-align: inherit;\"><span class=\"\" style=\"vertical-align: inherit;\"><span dir=\"auto\" style=\"vertical-align: inherit;\"><span dir=\"auto\" style=\"vertical-align: inherit;\">R\u0103\u0219ina Hydrolite SD200 este o r\u0103\u0219in\u0103 de adsorb\u021bie aromatic\u0103, macroporoas\u0103, pe baz\u0103 de stiren, care \u00eendep\u0103rteaz\u0103 eficient compu\u0219ii organici complexan\u021bi din solu\u021biile polare. Este potrivit\u0103 pentru adsorb\u021bia antibioticelor, \u00een special pentru absorb\u021bia \u0219i extrac\u021bia clorhidratului de lincomicin\u0103.<\/span><\/span><\/span><\/span><\/p>\n<p><strong><span style=\"vertical-align: inherit;\"><span style=\"vertical-align: inherit;\"><span dir=\"auto\" style=\"vertical-align: inherit;\"><span dir=\"auto\" style=\"vertical-align: inherit;\">2. Propriet\u0103\u021bi fizice \u0219i chimice<\/span><\/span><\/span><\/span><\/strong><\/p>\n<table class=\"big\" width=\"90%\" cellspacing=\"1\" cellpadding=\"0\" align=\"center\" bgcolor=\"#666666\">\n<tbody>\n<tr bgcolor=\"#fffaee\">\n<td>\n<p align=\"center\"><span style=\"vertical-align: inherit;\"><span style=\"vertical-align: inherit;\"><span dir=\"auto\" style=\"vertical-align: inherit;\"><span dir=\"auto\" style=\"vertical-align: inherit;\">Numele indicatorului<\/span><\/span><\/span><\/span><\/p>\n<\/td>\n<td>\n<p align=\"center\"><span style=\"vertical-align: inherit;\"><span style=\"vertical-align: inherit;\"><span dir=\"auto\" style=\"vertical-align: inherit;\"><span dir=\"auto\" style=\"vertical-align: inherit;\">Sens<\/span><\/span><\/span><\/span><\/p>\n<\/td>\n<\/tr>\n<tr bgcolor=\"#ffffff\">\n<td>\n<p align=\"center\"><span style=\"vertical-align: inherit;\"><span style=\"vertical-align: inherit;\"><span dir=\"auto\" style=\"vertical-align: inherit;\"><span dir=\"auto\" style=\"vertical-align: inherit;\">Matrice<\/span><\/span><\/span><\/span><\/p>\n<\/td>\n<td>\n<p align=\"center\"><span style=\"vertical-align: inherit;\"><span style=\"vertical-align: inherit;\"><span dir=\"auto\" style=\"vertical-align: inherit;\"><span dir=\"auto\" style=\"vertical-align: inherit;\">Seria stirenului<\/span><\/span><\/span><\/span><\/p>\n<\/td>\n<\/tr>\n<tr bgcolor=\"#ffffff\">\n<td>\n<p align=\"center\"><span style=\"vertical-align: inherit;\"><span style=\"vertical-align: inherit;\"><span dir=\"auto\" style=\"vertical-align: inherit;\"><span dir=\"auto\" style=\"vertical-align: inherit;\">Con\u021binut de umiditate %<\/span><\/span><\/span><\/span><\/p>\n<\/td>\n<td>\n<p align=\"center\"><span style=\"vertical-align: inherit;\"><span style=\"vertical-align: inherit;\"><span dir=\"auto\" style=\"vertical-align: inherit;\"><span dir=\"auto\" style=\"vertical-align: inherit;\">55,00-65,00<\/span><\/span><\/span><\/span><\/p>\n<\/td>\n<\/tr>\n<tr bgcolor=\"#ffffff\">\n<td>\n<p align=\"center\"><span style=\"vertical-align: inherit;\"><span style=\"vertical-align: inherit;\"><span dir=\"auto\" style=\"vertical-align: inherit;\"><span dir=\"auto\" style=\"vertical-align: inherit;\">Suprafa\u021b\u0103 specific\u0103, m2 <\/span><\/span><\/span><\/span><sup><span style=\"vertical-align: inherit;\"><span style=\"vertical-align: inherit;\"><span dir=\"auto\" style=\"vertical-align: inherit;\"><span dir=\"auto\" style=\"vertical-align: inherit;\">\/<\/span><\/span><\/span><\/span><\/sup><span style=\"vertical-align: inherit;\"><span style=\"vertical-align: inherit;\"><span dir=\"auto\" style=\"vertical-align: inherit;\"><span dir=\"auto\" style=\"vertical-align: inherit;\"> h<\/span><\/span><\/span><\/span><\/p>\n<\/td>\n<td>\n<p align=\"center\"><span style=\"vertical-align: inherit;\"><span style=\"vertical-align: inherit;\"><span dir=\"auto\" style=\"vertical-align: inherit;\"><span dir=\"auto\" style=\"vertical-align: inherit;\">600-800<\/span><\/span><\/span><\/span><\/p>\n<\/td>\n<\/tr>\n<tr bgcolor=\"#ffffff\">\n<td>\n<p align=\"center\"><span style=\"vertical-align: inherit;\"><span style=\"vertical-align: inherit;\"><span dir=\"auto\" style=\"vertical-align: inherit;\"><span dir=\"auto\" style=\"vertical-align: inherit;\">Volumul porilor, ml\/g<\/span><\/span><\/span><\/span><\/p>\n<\/td>\n<td>\n<p align=\"center\"><span style=\"vertical-align: inherit;\"><span style=\"vertical-align: inherit;\"><span dir=\"auto\" style=\"vertical-align: inherit;\"><span dir=\"auto\" style=\"vertical-align: inherit;\">\u22650,90<\/span><\/span><\/span><\/span><\/p>\n<\/td>\n<\/tr>\n<\/tbody>\n<\/table>\n","protected":false},"excerpt":{"rendered":"<p>1. Introducere R\u0103\u0219ina Hydrolite SD200 este o r\u0103\u0219in\u0103 de adsorb\u021bie aromatic\u0103, macroporoas\u0103, pe baz\u0103 de stiren, care \u00eendep\u0103rteaz\u0103 eficient compu\u0219ii organici complexan\u021bi din solu\u021biile polare. Este potrivit\u0103 pentru adsorb\u021bia antibioticelor, \u00een special pentru absorb\u021bia \u0219i extrac\u021bia clorhidratului de lincomicin\u0103. 2. Propriet\u0103\u021bi fizice \u0219i chimice Numele indicatorului Sens Matrice Seria stirenului Con\u021binut de umiditate % 55,00-65,00&#8230;<\/p>\n","protected":false},"featured_media":1944,"comment_status":"closed","ping_status":"closed","template":"","meta":[],"product_cat":[603,512],"product_tag":[],"class_list":["post-3453","product","type-product","status-publish","has-post-thumbnail","hentry","product_cat-adsorbanti-macroporosi","product_cat-produse"],"_links":{"self":[{"href":"https:\/\/hydrolite.eu\/ro\/wp-json\/wp\/v2\/product\/3453","targetHints":{"allow":["GET"]}}],"collection":[{"href":"https:\/\/hydrolite.eu\/ro\/wp-json\/wp\/v2\/product"}],"about":[{"href":"https:\/\/hydrolite.eu\/ro\/wp-json\/wp\/v2\/types\/product"}],"replies":[{"embeddable":true,"href":"https:\/\/hydrolite.eu\/ro\/wp-json\/wp\/v2\/comments?post=3453"}],"wp:featuredmedia":[{"embeddable":true,"href":"https:\/\/hydrolite.eu\/ro\/wp-json\/wp\/v2\/media\/1944"}],"wp:attachment":[{"href":"https:\/\/hydrolite.eu\/ro\/wp-json\/wp\/v2\/media?parent=3453"}],"wp:term":[{"taxonomy":"product_cat","embeddable":true,"href":"https:\/\/hydrolite.eu\/ro\/wp-json\/wp\/v2\/product_cat?post=3453"},{"taxonomy":"product_tag","embeddable":true,"href":"https:\/\/hydrolite.eu\/ro\/wp-json\/wp\/v2\/product_tag?post=3453"}],"curies":[{"name":"wp","href":"https:\/\/api.w.org\/{rel}","templated":true}]}}