{"id":6019,"date":"2025-11-10T22:49:29","date_gmt":"2025-11-10T19:49:29","guid":{"rendered":"https:\/\/hydrolite.eu\/?page_id=6019"},"modified":"2025-11-10T22:49:29","modified_gmt":"2025-11-10T19:49:29","slug":"companie","status":"publish","type":"page","link":"https:\/\/hydrolite.eu\/ro\/companie\/","title":{"rendered":"Companie"},"content":{"rendered":"\t<div id=\"gap-498282008\" class=\"gap-element clearfix\" style=\"display:block; height:auto;\">\n\t\t\n<style>\n#gap-498282008 {\n  padding-top: 30px;\n}\n<\/style>\n\t<\/div>\n\t\n<div class=\"row row-large row-full-width\"  id=\"row-2065357469\">\n\n\t<div id=\"col-2139922530\" class=\"col medium-8 small-12 large-8\"  >\n\t\t<div class=\"col-inner\"  >\n\t\t\t\n\t\t\t\n<h2 class=\"uppercase\">Despre noi<\/h2>\n<h3>Acesta este site-ul web al distribuitorului european, EuroEcoTech (Germania).<\/h3>\n<p>R\u0103\u0219ini schimb\u0103toare de ioni TM NIDROLIGHT &#8211; Produs inovator \u0219i modern.<\/p>\n<p>Produc\u0103torul nostru, Ningbo Zhengguang Resin Co., Ltd., este de\u021binut \u00een totalitate de baza de produc\u021bie a Zhejiang Zhengguang Industrial Co., Ltd. Zhengguang este una dintre cele mai influente companii din China \u00een produc\u021bia \u0219i aplicarea r\u0103\u0219inilor schimb\u0103toare de ioni. Fondat\u0103 \u00een octombrie 1969, are peste 43 de ani de experien\u021b\u0103 \u00een cercetarea, dezvoltarea \u0219i produc\u021bia de r\u0103\u0219ini schimb\u0103toare de ioni. Zhengguang este, de asemenea, vicepre\u0219edinte al Comitetului pentru R\u0103\u0219ini Schimb\u0103toare de Ioni din China \u0219i membru al Asocia\u021biei Mondiale a Calit\u0103\u021bii.<\/p>\n<p>Ningbo Zhengguang Resin Co., Ltd. este situat\u0103 \u00een ZONA DE DEZVOLTARE ECONOMIC\u0102 PETROCHIMIC\u0102 NINGBO. Zona de planificare acoper\u0103 o suprafa\u021b\u0103 total\u0103 de 56,22 kilometri p\u0103tra\u021bi \u0219i a fost desemnat\u0103 oficial zon\u0103 na\u021bional\u0103 de dezvoltare de c\u0103tre Consiliul de Stat al Chinei la 30 decembrie 2011. ZONA DE DEZVOLTARE ECONOMIC\u0102 PETROCHIMIC\u0102 NINGBO g\u0103zduie\u0219te cel mai mare doc pentru produse chimice lichide din \u021bar\u0103, cele mai mari uzine de procesare petrochimic\u0103 din \u021bar\u0103, Zhenhai, \u0219i rafin\u0103rii de petrol, precum \u0219i numeroase companii chimice. Aceste companii chimice ofer\u0103 acces convenabil la achizi\u021bionarea de materii prime, \u00een timp ce portul Beilong din apropiere ofer\u0103, de asemenea, condi\u021bii convenabile pentru importul \u0219i exportul de materii prime \u0219i produse.<\/p>\n<p>Ningbo Zhengguang Resin Co., Ltd a organizat ceremonia de inaugurare a lucr\u0103rilor \u00een noiembrie 2007 \u0219i a \u00eenceput produc\u021bia de prob\u0103 \u00een septembrie 2010. P\u00e2n\u0103 la sf\u00e2r\u0219itul anului 2011, Ningbo Zhengguang Resin Co., Ltd a intrat \u00een produc\u021bia normal\u0103 \u0219i a ob\u021binut licen\u021ba de produc\u021bie \u00een condi\u021bii de siguran\u021b\u0103 \u0219i acceptarea inspec\u021biei de mediu.<\/p>\n\t\t<\/div>\n\t\t\t<\/div>\n\n\t\n\n\t<div id=\"col-153360040\" class=\"col medium-4 small-12 large-4 small-col-first\"  >\n\t\t<div class=\"col-inner\"  >\n\t\t\t\n\t\t\t\n\t<div class=\"img has-hover x md-x lg-x y md-y lg-y\" id=\"image_1955450927\">\n\t\t\t\t\t\t\t\t<div class=\"img-inner dark\" >\n\t\t\t<img loading=\"lazy\" decoding=\"async\" width=\"1254\" height=\"841\" src=\"https:\/\/hydrolite.eu\/wp-content\/uploads\/2022\/05\/outside-of-workshop.jpg\" class=\"attachment-original size-original\" alt=\"hydrolite\" srcset=\"https:\/\/hydrolite.eu\/wp-content\/uploads\/2022\/05\/outside-of-workshop.jpg 1254w, https:\/\/hydrolite.eu\/wp-content\/uploads\/2022\/05\/outside-of-workshop-300x201.jpg 300w, https:\/\/hydrolite.eu\/wp-content\/uploads\/2022\/05\/outside-of-workshop-1024x687.jpg 1024w, https:\/\/hydrolite.eu\/wp-content\/uploads\/2022\/05\/outside-of-workshop-200x134.jpg 200w, https:\/\/hydrolite.eu\/wp-content\/uploads\/2022\/05\/outside-of-workshop-400x268.jpg 400w\" sizes=\"auto, (max-width: 1254px) 100vw, 1254px\" \/>\t\t\t\t\t\t\n\t\t\t\t\t<\/div>\n\t\t\t\t\t\t\t\t\n<style>\n#image_1955450927 {\n  width: 100%;\n}\n<\/style>\n\t<\/div>\n\t\n\t<div class=\"img has-hover x md-x lg-x y md-y lg-y\" id=\"image_267648461\">\n\t\t\t\t\t\t\t\t<div class=\"img-inner dark\" >\n\t\t\t<img loading=\"lazy\" decoding=\"async\" width=\"1502\" height=\"973\" src=\"https:\/\/hydrolite.eu\/wp-content\/uploads\/2022\/05\/material-farm.jpg\" class=\"attachment-original size-original\" alt=\"Company\" srcset=\"https:\/\/hydrolite.eu\/wp-content\/uploads\/2022\/05\/material-farm.jpg 1502w, https:\/\/hydrolite.eu\/wp-content\/uploads\/2022\/05\/material-farm-300x194.jpg 300w, https:\/\/hydrolite.eu\/wp-content\/uploads\/2022\/05\/material-farm-1024x663.jpg 1024w, https:\/\/hydrolite.eu\/wp-content\/uploads\/2022\/05\/material-farm-200x130.jpg 200w, https:\/\/hydrolite.eu\/wp-content\/uploads\/2022\/05\/material-farm-400x259.jpg 400w\" sizes=\"auto, (max-width: 1502px) 100vw, 1502px\" \/>\t\t\t\t\t\t\n\t\t\t\t\t<\/div>\n\t\t\t\t\t\t\t\t\n<style>\n#image_267648461 {\n  width: 100%;\n}\n<\/style>\n\t<\/div>\n\t\n\t\t<\/div>\n\t\t\t<\/div>\n\n\t\n<\/div>\n<div class=\"row row-large row-full-width\"  id=\"row-194089855\">\n\n\t<div id=\"col-587783138\" class=\"col medium-4 small-12 large-4\"  >\n\t\t<div class=\"col-inner\"  >\n\t\t\t\n\t\t\t\n\t<div class=\"img has-hover x md-x lg-x y md-y lg-y\" id=\"image_1197499158\">\n\t\t\t\t\t\t\t\t<div class=\"img-inner dark\" >\n\t\t\t<img loading=\"lazy\" decoding=\"async\" width=\"1020\" height=\"639\" src=\"https:\/\/hydrolite.eu\/wp-content\/uploads\/2022\/05\/workshop-1-1024x642.jpg\" class=\"attachment-large size-large\" alt=\"hydrolite\" srcset=\"https:\/\/hydrolite.eu\/wp-content\/uploads\/2022\/05\/workshop-1-1024x642.jpg 1024w, https:\/\/hydrolite.eu\/wp-content\/uploads\/2022\/05\/workshop-1-300x188.jpg 300w, https:\/\/hydrolite.eu\/wp-content\/uploads\/2022\/05\/workshop-1-200x125.jpg 200w, https:\/\/hydrolite.eu\/wp-content\/uploads\/2022\/05\/workshop-1-400x251.jpg 400w, https:\/\/hydrolite.eu\/wp-content\/uploads\/2022\/05\/workshop-1.jpg 1502w\" sizes=\"auto, (max-width: 1020px) 100vw, 1020px\" \/>\t\t\t\t\t\t\n\t\t\t\t\t<\/div>\n\t\t\t\t\t\t\t\t\n<style>\n#image_1197499158 {\n  width: 100%;\n}\n<\/style>\n\t<\/div>\n\t\n\t<div class=\"img has-hover x md-x lg-x y md-y lg-y\" id=\"image_1317332835\">\n\t\t\t\t\t\t\t\t<div class=\"img-inner dark\" >\n\t\t\t<img loading=\"lazy\" decoding=\"async\" width=\"1020\" height=\"680\" src=\"https:\/\/hydrolite.eu\/wp-content\/uploads\/2022\/05\/part-of-qc-1024x683.jpg\" class=\"attachment-large size-large\" alt=\"hydrolite\" srcset=\"https:\/\/hydrolite.eu\/wp-content\/uploads\/2022\/05\/part-of-qc-1024x683.jpg 1024w, https:\/\/hydrolite.eu\/wp-content\/uploads\/2022\/05\/part-of-qc-300x200.jpg 300w, https:\/\/hydrolite.eu\/wp-content\/uploads\/2022\/05\/part-of-qc-200x133.jpg 200w, https:\/\/hydrolite.eu\/wp-content\/uploads\/2022\/05\/part-of-qc-400x267.jpg 400w, https:\/\/hydrolite.eu\/wp-content\/uploads\/2022\/05\/part-of-qc.jpg 1180w\" sizes=\"auto, (max-width: 1020px) 100vw, 1020px\" \/>\t\t\t\t\t\t\n\t\t\t\t\t<\/div>\n\t\t\t\t\t\t\t\t\n<style>\n#image_1317332835 {\n  width: 100%;\n}\n<\/style>\n\t<\/div>\n\t\n\t\t<\/div>\n\t\t\t<\/div>\n\n\t\n\n\t<div id=\"col-903266804\" class=\"col medium-8 small-12 large-8\"  >\n\t\t<div class=\"col-inner\"  >\n\t\t\t\n\t\t\t\n<p>Zhengguang este specializat\u0103 \u00een produc\u021bia de r\u0103\u0219ini schimb\u0103toare de ioni, medii de separare biochimic\u0103 \u0219i adsorben\u021bi macroporo\u0219i. Linia de produse de r\u0103\u0219ini schimb\u0103toare de ioni cuprinde patru serii principale: seria stirenului, seria acidului acrilic, seria fenolaldehidei \u0219i seria oxigenului inelar. Mediile de separare biochimic\u0103 includ medii de cromatografie cu schimb de ioni, medii de cromatografie cu interac\u021biune hidrofob\u0103, medii de cromatografie cu afinitate, medii de cromatografie pe gel \u0219i intermediari activa\u021bi, cuprinz\u00e2nd cinci tipuri \u0219i aproape 100 de variet\u0103\u021bi. Sorben\u021bii macroporo\u0219i includ sorben\u021bi nepolari, moderat polari \u0219i polari de trei tipuri \u0219i aproape o duzin\u0103 de variet\u0103\u021bi. M\u0103rcile \u00eenregistrate includ \u201eZhengguang\u201d \u0219i \u201eHydorlite\u201d.<\/p>\n<p>Zhengguang se bucur\u0103 de o reputa\u021bie excelent\u0103 \u00een r\u00e2ndul clien\u021bilor \u0219i \u00een industrie pentru calitatea excelent\u0103 a produselor, tehnologia avansat\u0103 \u0219i serviciile tehnice sincere. Zhengguang a dezvoltat o serie de produse sub ini\u021biativa Chinei \u0219i a primit \u201eCertificat Na\u021bional pentru Produs Nou Cheie\u201d, \u201eCertificat al Fondului pentru Inova\u021bie Tehnologic\u0103\u201d, \u201ePlanul Na\u021bional pentru Tor\u021be\u201d, \u201ePremiul pentru \u0218tiin\u021b\u0103 \u0219i Tehnologie a Energiei Electrice din China\u201d, \u201eBrevete de Model Utilitar\u201d \u0219i \u201eBrevete de Inven\u021bie\u201d, printre alte premii. R\u0103\u0219ina schimb\u0103toare de ioni Zhengguang a fost numit\u0103 \u00een repetate r\u00e2nduri \u201eProdus Faimos al Provinciei Zhejiang\u201d, iar marca sa a fost numit\u0103 \u201eMarc\u0103 Faimoas\u0103 a Provinciei Zhejiang\u201d. Pe baza acestor premii, Zhengguang a fost numit\u0103 \u201eSuport Na\u021bional Cheie pentru \u00centreprinderi de \u00cenalt\u0103 Tehnologie\u201d, \u201e\u00centreprindere de \u00cenalt\u0103 Tehnologie a Provinciei Zhejiang\u201d \u0219i \u201eCentrul Tehnologic pentru \u00centreprinderi din Provincia Zhejiang\u201d.<\/p>\n<p>R\u0103\u0219inile schimb\u0103toare de ioni de m\u0103rcile Zhengguang \u0219i Hydrlite sunt v\u00e2ndute \u00een prezent \u00een provinciile \u0219i regiunile Chinei \u00een industriile energiei electrice, electronice, energiei nucleare, chimice, industriei u\u0219oare, farmaceutice, alimentare, a b\u0103uturilor, metalurgie \u0219i protec\u021biei mediului. De asemenea, sunt v\u00e2ndute \u00een America, Europa, Africa \u0219i Asia de Sud-Est. R\u0103\u0219inile Zhengguang joac\u0103 un rol important \u00een tratarea apei de alimentare \u0219i a condensului din cazane, tratarea apei din circuitele primare \u0219i secundare pentru centralele nucleare, apa de proces \u0219i apa ultrapur\u0103 de calitate electronic\u0103, precum \u0219i \u00een domeniile alimentar, medical \u0219i biochimic, datorit\u0103 performan\u021belor lor excelente. Se bucur\u0103 de o utilizare pe scar\u0103 larg\u0103 \u00een \u00eentreaga lume.<\/p>\n\t\t<\/div>\n\t\t\t<\/div>\n\n\t\n<\/div>\n<div class=\"row row-large row-full-width\"  id=\"row-788619924\">\n\n\t<div id=\"col-1340564718\" class=\"col medium-4 small-12 large-4\"  >\n\t\t<div class=\"col-inner\"  >\n\t\t\t\n\t\t\t\n<div role=\"form\" class=\"wpcf7\" id=\"wpcf7-f27-o1\" lang=\"ru-RU\" dir=\"ltr\">\n<div class=\"screen-reader-response\"><p role=\"status\" aria-live=\"polite\" aria-atomic=\"true\"><\/p> <ul><\/ul><\/div>\n<form action=\"\/ro\/wp-json\/wp\/v2\/pages\/6019#wpcf7-f27-o1\" method=\"post\" class=\"wpcf7-form init\" novalidate=\"novalidate\" data-status=\"init\">\n<div style=\"display: none;\">\n<input type=\"hidden\" name=\"_wpcf7\" value=\"27\" \/>\n<input type=\"hidden\" name=\"_wpcf7_version\" value=\"5.5.5\" \/>\n<input type=\"hidden\" name=\"_wpcf7_locale\" value=\"ru_RU\" \/>\n<input type=\"hidden\" name=\"_wpcf7_unit_tag\" value=\"wpcf7-f27-o1\" \/>\n<input type=\"hidden\" name=\"_wpcf7_container_post\" value=\"0\" \/>\n<input type=\"hidden\" name=\"_wpcf7_posted_data_hash\" value=\"\" \/>\n<\/div>\n<div class=\"form-flat\">\n<span class=\"wpcf7-form-control-wrap your-name\"><input type=\"text\" name=\"your-name\" value=\"\" size=\"40\" class=\"wpcf7-form-control wpcf7-text wpcf7-validates-as-required\" aria-required=\"true\" aria-invalid=\"false\" placeholder=\"Your Name\" \/><\/span><\/p>\n<p><span class=\"wpcf7-form-control-wrap tel-640\"><input type=\"tel\" name=\"tel-640\" value=\"\" size=\"40\" class=\"wpcf7-form-control wpcf7-text wpcf7-tel wpcf7-validates-as-required wpcf7-validates-as-tel\" aria-required=\"true\" aria-invalid=\"false\" placeholder=\"Phone\" \/><\/span><\/p>\n<p><span class=\"wpcf7-form-control-wrap your-email\"><input type=\"email\" name=\"your-email\" value=\"\" size=\"40\" class=\"wpcf7-form-control wpcf7-text wpcf7-email wpcf7-validates-as-required wpcf7-validates-as-email\" aria-required=\"true\" aria-invalid=\"false\" placeholder=\"Your Email\" \/><\/span> <\/p>\n<p><span class=\"wpcf7-form-control-wrap your-message\"><textarea name=\"your-message\" cols=\"40\" rows=\"10\" class=\"wpcf7-form-control wpcf7-textarea\" aria-invalid=\"false\" placeholder=\"Your Message\"><\/textarea><\/span> <\/p>\n<p><input type=\"submit\" value=\"Submit\" class=\"wpcf7-form-control has-spinner wpcf7-submit button\" \/>\n<\/p><\/div>\n<div class=\"wpcf7-response-output\" aria-hidden=\"true\"><\/div><\/form><\/div>\n\t\t<\/div>\n\t\t\t<\/div>\n\n\t\n\n\t<div id=\"col-1712581369\" class=\"col medium-8 small-12 large-8\"  >\n\t\t<div class=\"col-inner\"  >\n\t\t\t\n\t\t\t\n\t<div id=\"text-604665830\" class=\"text\">\n\t\t\n<h2 class=\"uppercase\">Vrei s\u0103 lucrezi cu noi?<\/h2>\n\t\t\n<style>\n#text-604665830 {\n  text-align: center;\n}\n<\/style>\n\t<\/div>\n\t\n<p class=\"lead\">Scrie\u021bi-ne doar.<\/p>\n\t\t<\/div>\n\t\t\t<\/div>\n\n\t\n<\/div>\n","protected":false},"excerpt":{"rendered":"","protected":false},"author":1,"featured_media":4957,"parent":0,"menu_order":0,"comment_status":"closed","ping_status":"closed","template":"page-blank.php","meta":{"footnotes":""},"class_list":["post-6019","page","type-page","status-publish","has-post-thumbnail","hentry"],"_links":{"self":[{"href":"https:\/\/hydrolite.eu\/ro\/wp-json\/wp\/v2\/pages\/6019","targetHints":{"allow":["GET"]}}],"collection":[{"href":"https:\/\/hydrolite.eu\/ro\/wp-json\/wp\/v2\/pages"}],"about":[{"href":"https:\/\/hydrolite.eu\/ro\/wp-json\/wp\/v2\/types\/page"}],"author":[{"embeddable":true,"href":"https:\/\/hydrolite.eu\/ro\/wp-json\/wp\/v2\/users\/1"}],"replies":[{"embeddable":true,"href":"https:\/\/hydrolite.eu\/ro\/wp-json\/wp\/v2\/comments?post=6019"}],"version-history":[{"count":3,"href":"https:\/\/hydrolite.eu\/ro\/wp-json\/wp\/v2\/pages\/6019\/revisions"}],"predecessor-version":[{"id":6022,"href":"https:\/\/hydrolite.eu\/ro\/wp-json\/wp\/v2\/pages\/6019\/revisions\/6022"}],"wp:featuredmedia":[{"embeddable":true,"href":"https:\/\/hydrolite.eu\/ro\/wp-json\/wp\/v2\/media\/4957"}],"wp:attachment":[{"href":"https:\/\/hydrolite.eu\/ro\/wp-json\/wp\/v2\/media?parent=6019"}],"curies":[{"name":"wp","href":"https:\/\/api.w.org\/{rel}","templated":true}]}}