{"id":4384,"date":"2022-05-19T21:55:00","date_gmt":"2025-10-26T13:13:21","guid":{"rendered":"https:\/\/hydrolite.eu\/?post_type=product&#038;p=4384"},"modified":"2025-10-26T16:13:21","modified_gmt":"2025-10-26T13:13:21","slug":"zgc-151-resina-de-troca-cationica-macroporosa-fortemente-acida-de-grau-alimenticio","status":"publish","type":"product","link":"https:\/\/hydrolite.eu\/pt-pt\/product\/zgc-151-resina-de-troca-cationica-macroporosa-fortemente-acida-de-grau-alimenticio\/","title":{"rendered":"ZGC 151 Resina de troca cati\u00f4nica macroporosa fortemente \u00e1cida de grau aliment\u00edcio"},"content":{"rendered":"<h2 class=\"MsoNormal\" style=\"text-align: center;\" align=\"center\"><span style=\"font-size: 14.0pt; font-family: 'Arial','sans-serif';\"><span lang=\"EN-US\"><span dir=\"auto\" style=\"vertical-align: inherit;\"><span dir=\"auto\" style=\"vertical-align: inherit;\">ZGC<\/span><\/span><\/span><span dir=\"auto\" style=\"vertical-align: inherit;\"><span dir=\"auto\" style=\"vertical-align: inherit;\"> 151 Resina de troca cati\u00f4nica macroporosa fortemente \u00e1cida de grau aliment\u00edcio<\/span><\/span><\/span><\/h2>\n<p class=\"MsoNormal\" style=\"text-align: justify; text-indent: 35.4pt;\"><span style=\"font-family: 'Arial','sans-serif';\">\u00a0<\/span><span style=\"font-family: 'Arial','sans-serif';\">\u00a0<\/span><strong><span lang=\"EN-US\" style=\"font-family: 'Arial','sans-serif';\"><span dir=\"auto\" style=\"vertical-align: inherit;\"><span dir=\"auto\" style=\"vertical-align: inherit;\">A ZGC <\/span><\/span><\/span><\/strong><span style=\"font-family: 'Arial','sans-serif';\"><strong><span dir=\"auto\" style=\"vertical-align: inherit;\"><span dir=\"auto\" style=\"vertical-align: inherit;\">151 \u00e9 uma resina de troca cati\u00f4nica macroporosa e fortemente \u00e1cida<\/span><\/span><\/strong><span dir=\"auto\" style=\"vertical-align: inherit;\"><span dir=\"auto\" style=\"vertical-align: inherit;\"> . Possui alta capacidade de troca e excelente estabilidade f\u00edsica e qu\u00edmica. A estrutura macroporosa da <\/span><\/span><\/span><span lang=\"EN-US\" style=\"font-family: 'Arial','sans-serif';\"><span dir=\"auto\" style=\"vertical-align: inherit;\"><span dir=\"auto\" style=\"vertical-align: inherit;\">ZGC <\/span><\/span><\/span><span style=\"font-family: 'Arial','sans-serif';\"><span dir=\"auto\" style=\"vertical-align: inherit;\"><span dir=\"auto\" style=\"vertical-align: inherit;\">151 garante boa cin\u00e9tica de troca i\u00f4nica e melhor difus\u00e3o para dentro e para fora das part\u00edculas. \u00c9 utilizada para amaciamento e dessaliniza\u00e7\u00e3o de \u00e1gua, tratamento de condensado, tratamento de \u00e1guas residuais, recupera\u00e7\u00e3o de metais, hidrometalurgia e nas ind\u00fastrias aliment\u00edcia e qu\u00edmica. Apresenta alt\u00edssima resist\u00eancia a danos mec\u00e2nicos e <\/span><\/span><br \/>\n<span dir=\"auto\" style=\"vertical-align: inherit;\"><span dir=\"auto\" style=\"vertical-align: inherit;\">contamina\u00e7\u00e3o por ferro, mangan\u00eas e compostos org\u00e2nicos.<\/span><\/span><\/span><\/p>\n<p class=\"MsoNormal\" style=\"text-align: justify;\"><b><span style=\"font-family: 'Arial','sans-serif';\"><span dir=\"auto\" style=\"vertical-align: inherit;\"><span dir=\"auto\" style=\"vertical-align: inherit;\">Propriedades f\u00edsicas, qu\u00edmicas e tecnol\u00f3gicas t\u00edpicas:<\/span><\/span><\/span><\/b><\/p>\n<table class=\"MsoNormalTable\" style=\"border-collapse: collapse; border: none;\" border=\"1\" cellspacing=\"0\" cellpadding=\"0\">\n<tbody>\n<tr>\n<td style=\"width: 274.75pt; border: solid windowtext 1.0pt; padding: 0cm 5.4pt 0cm 5.4pt;\" valign=\"top\" width=\"366\">\n<p class=\"MsoNormal\" style=\"text-align: justify;\"><span style=\"font-family: 'Arial','sans-serif';\"><span dir=\"auto\" style=\"vertical-align: inherit;\"><span dir=\"auto\" style=\"vertical-align: inherit;\">Apar\u00eancia<\/span><\/span><\/span><\/p>\n<\/td>\n<td style=\"width: 203.8pt; border: solid windowtext 1.0pt; border-left: none; padding: 0cm 5.4pt 0cm 5.4pt;\" valign=\"top\" width=\"272\">\n<p class=\"MsoNormal\"><span style=\"font-family: 'Arial','sans-serif';\"><span dir=\"auto\" style=\"vertical-align: inherit;\"><span dir=\"auto\" style=\"vertical-align: inherit;\">Gr\u00e2nulos esf\u00e9ricos opacos marrons<\/span><\/span><\/span><\/p>\n<\/td>\n<\/tr>\n<tr>\n<td style=\"width: 274.75pt; border: solid windowtext 1.0pt; border-top: none; padding: 0cm 5.4pt 0cm 5.4pt;\" valign=\"top\" width=\"366\">\n<p class=\"MsoNormal\" style=\"text-align: justify;\"><span style=\"font-family: 'Arial','sans-serif';\"><span dir=\"auto\" style=\"vertical-align: inherit;\"><span dir=\"auto\" style=\"vertical-align: inherit;\">N\u00famero de part\u00edculas esf\u00e9ricas inteiras<\/span><\/span><\/span><\/p>\n<\/td>\n<td style=\"width: 203.8pt; border-top: none; border-left: none; border-bottom: solid windowtext 1.0pt; border-right: solid windowtext 1.0pt; padding: 0cm 5.4pt 0cm 5.4pt;\" valign=\"top\" width=\"272\">\n<p class=\"MsoNormal\"><span style=\"font-family: 'Arial','sans-serif';\">\u00a0<\/span><span lang=\"EN-US\" style=\"font-family: 'Arial','sans-serif';\"><span dir=\"auto\" style=\"vertical-align: inherit;\"><span dir=\"auto\" style=\"vertical-align: inherit;\">&gt; 95%<\/span><\/span><\/span><\/p>\n<\/td>\n<\/tr>\n<tr>\n<td style=\"width: 274.75pt; border: solid windowtext 1.0pt; border-top: none; padding: 0cm 5.4pt 0cm 5.4pt;\" valign=\"top\" width=\"366\">\n<p class=\"MsoNormal\" style=\"text-align: justify;\"><span style=\"font-family: 'Arial','sans-serif';\"><span dir=\"auto\" style=\"vertical-align: inherit;\"><span dir=\"auto\" style=\"vertical-align: inherit;\">Forma i\u00f4nica<\/span><\/span><\/span><\/p>\n<\/td>\n<td style=\"width: 203.8pt; border-top: none; border-left: none; border-bottom: solid windowtext 1.0pt; border-right: solid windowtext 1.0pt; padding: 0cm 5.4pt 0cm 5.4pt;\" valign=\"top\" width=\"272\">\n<p class=\"MsoNormal\"><span lang=\"EN-US\" style=\"font-family: 'Arial','sans-serif';\"><span dir=\"auto\" style=\"vertical-align: inherit;\"><span dir=\"auto\" style=\"vertical-align: inherit;\">Que<\/span><\/span><\/span><\/p>\n<\/td>\n<\/tr>\n<tr>\n<td style=\"width: 274.75pt; border: solid windowtext 1.0pt; border-top: none; padding: 0cm 5.4pt 0cm 5.4pt;\" valign=\"top\" width=\"366\">\n<p class=\"MsoNormal\" style=\"text-align: justify;\"><span style=\"font-family: 'Arial','sans-serif';\"><span dir=\"auto\" style=\"vertical-align: inherit;\"><span dir=\"auto\" style=\"vertical-align: inherit;\">Tamanho de part\u00edcula<\/span><\/span><\/span><\/p>\n<\/td>\n<td style=\"width: 203.8pt; border-top: none; border-left: none; border-bottom: solid windowtext 1.0pt; border-right: solid windowtext 1.0pt; padding: 0cm 5.4pt 0cm 5.4pt;\" valign=\"top\" width=\"272\">\n<p class=\"MsoNormal\"><span style=\"font-family: 'Arial','sans-serif';\"><span dir=\"auto\" style=\"vertical-align: inherit;\"><span dir=\"auto\" style=\"vertical-align: inherit;\">0,315 <\/span><\/span><\/span><span dir=\"auto\" style=\"vertical-align: inherit;\"><span lang=\"EN-US\" style=\"font-family: 'Arial','sans-serif';\"><span dir=\"auto\" style=\"vertical-align: inherit;\">\u2013 <\/span><\/span><span style=\"font-family: 'Arial','sans-serif';\"><span dir=\"auto\" style=\"vertical-align: inherit;\">1,250 <\/span><\/span><span style=\"font-family: 'Arial','sans-serif';\"><span dir=\"auto\" style=\"vertical-align: inherit;\">mm <\/span><\/span><\/span><span lang=\"EN-US\" style=\"font-family: 'Arial','sans-serif';\"><span dir=\"auto\" style=\"vertical-align: inherit;\"><span dir=\"auto\" style=\"vertical-align: inherit;\">&gt; <\/span><\/span><\/span><span dir=\"auto\" style=\"vertical-align: inherit;\"><span lang=\"EN-US\" style=\"font-family: 'Arial','sans-serif';\"><span dir=\"auto\" style=\"vertical-align: inherit;\">95 <\/span><\/span><span style=\"font-family: 'Arial','sans-serif';\"><span dir=\"auto\" style=\"vertical-align: inherit;\">%<\/span><\/span><\/span><\/p>\n<\/td>\n<\/tr>\n<tr>\n<td style=\"width: 274.75pt; border: solid windowtext 1.0pt; border-top: none; padding: 0cm 5.4pt 0cm 5.4pt;\" valign=\"top\" width=\"366\">\n<p class=\"MsoNormal\" style=\"text-align: justify;\"><span style=\"font-family: 'Arial','sans-serif';\"><span dir=\"auto\" style=\"vertical-align: inherit;\"><span dir=\"auto\" style=\"vertical-align: inherit;\">Tamanho efetivo de part\u00edcula, mm<\/span><\/span><\/span><\/p>\n<\/td>\n<td style=\"width: 203.8pt; border-top: none; border-left: none; border-bottom: solid windowtext 1.0pt; border-right: solid windowtext 1.0pt; padding: 0cm 5.4pt 0cm 5.4pt;\" valign=\"top\" width=\"272\">\n<p class=\"MsoNormal\"><span style=\"font-family: 'Arial','sans-serif';\"><span dir=\"auto\" style=\"vertical-align: inherit;\"><span dir=\"auto\" style=\"vertical-align: inherit;\">0,4 \u2013 0,7<\/span><\/span><\/span><\/p>\n<\/td>\n<\/tr>\n<tr>\n<td style=\"width: 274.75pt; border: solid windowtext 1.0pt; border-top: none; padding: 0cm 5.4pt 0cm 5.4pt;\" valign=\"top\" width=\"366\">\n<p class=\"MsoNormal\" style=\"text-align: justify;\"><span style=\"font-family: 'Arial','sans-serif';\"><span dir=\"auto\" style=\"vertical-align: inherit;\"><span dir=\"auto\" style=\"vertical-align: inherit;\">Teor de umidade, %<\/span><\/span><\/span><\/p>\n<\/td>\n<td style=\"width: 203.8pt; border-top: none; border-left: none; border-bottom: solid windowtext 1.0pt; border-right: solid windowtext 1.0pt; padding: 0cm 5.4pt 0cm 5.4pt;\" valign=\"top\" width=\"272\">\n<p class=\"MsoNormal\"><span lang=\"EN-US\" style=\"font-family: 'Arial','sans-serif';\"><span dir=\"auto\" style=\"vertical-align: inherit;\"><span dir=\"auto\" style=\"vertical-align: inherit;\">4 <\/span><\/span><\/span><span style=\"font-family: 'Arial','sans-serif';\"><span dir=\"auto\" style=\"vertical-align: inherit;\"><span dir=\"auto\" style=\"vertical-align: inherit;\">5 \u2013 <\/span><\/span><\/span><span lang=\"EN-US\" style=\"font-family: 'Arial','sans-serif';\"><span dir=\"auto\" style=\"vertical-align: inherit;\"><span dir=\"auto\" style=\"vertical-align: inherit;\">5 <\/span><\/span><\/span><span style=\"font-family: 'Arial','sans-serif';\"><span dir=\"auto\" style=\"vertical-align: inherit;\"><span dir=\"auto\" style=\"vertical-align: inherit;\">5<\/span><\/span><\/span><\/p>\n<\/td>\n<\/tr>\n<tr>\n<td style=\"width: 274.75pt; border: solid windowtext 1.0pt; border-top: none; padding: 0cm 5.4pt 0cm 5.4pt;\" valign=\"top\" width=\"366\">\n<p class=\"MsoNormal\" style=\"text-align: justify;\"><span style=\"font-family: 'Arial','sans-serif';\"><span dir=\"auto\" style=\"vertical-align: inherit;\"><span dir=\"auto\" style=\"vertical-align: inherit;\">Peso de envio, g\/ml<\/span><\/span><\/span><\/p>\n<\/td>\n<td style=\"width: 203.8pt; border-top: none; border-left: none; border-bottom: solid windowtext 1.0pt; border-right: solid windowtext 1.0pt; padding: 0cm 5.4pt 0cm 5.4pt;\" valign=\"top\" width=\"272\">\n<p class=\"MsoNormal\"><span style=\"font-family: 'Arial','sans-serif';\"><span dir=\"auto\" style=\"vertical-align: inherit;\"><span dir=\"auto\" style=\"vertical-align: inherit;\">0, <\/span><\/span><\/span><span lang=\"EN-US\" style=\"font-family: 'Arial','sans-serif';\"><span dir=\"auto\" style=\"vertical-align: inherit;\"><span dir=\"auto\" style=\"vertical-align: inherit;\">77 <\/span><\/span><\/span><span style=\"font-family: 'Arial','sans-serif';\"><span dir=\"auto\" style=\"vertical-align: inherit;\"><span dir=\"auto\" style=\"vertical-align: inherit;\">\u2013 0, <\/span><\/span><\/span><span lang=\"EN-US\" style=\"font-family: 'Arial','sans-serif';\"><span dir=\"auto\" style=\"vertical-align: inherit;\"><span dir=\"auto\" style=\"vertical-align: inherit;\">85<\/span><\/span><\/span><\/p>\n<\/td>\n<\/tr>\n<tr>\n<td style=\"width: 274.75pt; border: solid windowtext 1.0pt; border-top: none; padding: 0cm 5.4pt 0cm 5.4pt;\" valign=\"top\" width=\"366\">\n<p class=\"MsoNormal\" style=\"text-align: justify;\"><span style=\"font-family: 'Arial','sans-serif';\"><span dir=\"auto\" style=\"vertical-align: inherit;\"><span dir=\"auto\" style=\"vertical-align: inherit;\">Densidade espec\u00edfica, g\/ml<\/span><\/span><\/span><\/p>\n<\/td>\n<td style=\"width: 203.8pt; border-top: none; border-left: none; border-bottom: solid windowtext 1.0pt; border-right: solid windowtext 1.0pt; padding: 0cm 5.4pt 0cm 5.4pt;\" valign=\"top\" width=\"272\">\n<p class=\"MsoNormal\"><span style=\"font-family: 'Arial','sans-serif';\"><span dir=\"auto\" style=\"vertical-align: inherit;\"><span dir=\"auto\" style=\"vertical-align: inherit;\">1,25 &#8211; 1,28<\/span><\/span><br \/>\n<\/span><\/p>\n<\/td>\n<\/tr>\n<tr>\n<td style=\"width: 274.75pt; border: solid windowtext 1.0pt; border-top: none; padding: 0cm 5.4pt 0cm 5.4pt;\" valign=\"top\" width=\"366\">\n<p class=\"MsoNormal\" style=\"text-align: justify;\"><span style=\"font-family: 'Arial','sans-serif';\"><span dir=\"auto\" style=\"vertical-align: inherit;\"><span dir=\"auto\" style=\"vertical-align: inherit;\">Coeficiente de homogeneidade,<\/span><\/span><\/span><\/p>\n<\/td>\n<td style=\"width: 203.8pt; border-top: none; border-left: none; border-bottom: solid windowtext 1.0pt; border-right: solid windowtext 1.0pt; padding: 0cm 5.4pt 0cm 5.4pt;\" valign=\"top\" width=\"272\">\n<p class=\"MsoNormal\"><span style=\"font-family: 'Arial','sans-serif';\"><span dir=\"auto\" style=\"vertical-align: inherit;\"><span dir=\"auto\" style=\"vertical-align: inherit;\">\u2264 1,6<\/span><\/span><\/span><\/p>\n<\/td>\n<\/tr>\n<tr>\n<td style=\"width: 274.75pt; border: solid windowtext 1.0pt; border-top: none; padding: 0cm 5.4pt 0cm 5.4pt;\" valign=\"top\" width=\"366\">\n<p class=\"MsoNormal\" style=\"text-align: justify;\"><span style=\"font-family: 'Arial','sans-serif';\"><span dir=\"auto\" style=\"vertical-align: inherit;\"><span dir=\"auto\" style=\"vertical-align: inherit;\">Capacidade total de troca:<\/span><\/span><\/span><\/p>\n<p class=\"MsoNormal\" style=\"text-align: justify;\"><span style=\"font-family: 'Arial','sans-serif';\"><span dir=\"auto\" style=\"vertical-align: inherit;\"><span dir=\"auto\" style=\"vertical-align: inherit;\">mmol\/g<\/span><\/span><\/span><\/p>\n<p class=\"MsoNormal\" style=\"text-align: justify;\"><span style=\"font-family: 'Arial','sans-serif';\"><span dir=\"auto\" style=\"vertical-align: inherit;\"><span dir=\"auto\" style=\"vertical-align: inherit;\">mmol\/ml<\/span><\/span><\/span><\/p>\n<\/td>\n<td style=\"width: 203.8pt; border-top: none; border-left: none; border-bottom: solid windowtext 1.0pt; border-right: solid windowtext 1.0pt; padding: 0cm 5.4pt 0cm 5.4pt;\" valign=\"top\" width=\"272\">\n<p class=\"MsoNormal\"><span style=\"font-family: 'Arial','sans-serif';\">\u00a0<\/span><\/p>\n<p class=\"MsoNormal\"><span style=\"font-family: 'Arial','sans-serif';\"><span dir=\"auto\" style=\"vertical-align: inherit;\"><span dir=\"auto\" style=\"vertical-align: inherit;\">&gt;4,35<\/span><\/span><\/span><\/p>\n<p class=\"MsoNormal\"><span style=\"font-family: 'Arial','sans-serif';\"><span dir=\"auto\" style=\"vertical-align: inherit;\"><span dir=\"auto\" style=\"vertical-align: inherit;\">&gt;1,80<\/span><\/span><\/span><\/p>\n<\/td>\n<\/tr>\n<tr>\n<td style=\"width: 274.75pt; border: solid windowtext 1.0pt; border-top: none; padding: 0cm 5.4pt 0cm 5.4pt;\" valign=\"top\" width=\"366\">\n<p class=\"MsoNormal\" style=\"text-align: justify;\"><span style=\"font-family: 'Arial','sans-serif';\"><span dir=\"auto\" style=\"vertical-align: inherit;\"><span dir=\"auto\" style=\"vertical-align: inherit;\">Faixa de pH de trabalho<\/span><\/span><\/span><\/p>\n<\/td>\n<td style=\"width: 203.8pt; border-top: none; border-left: none; border-bottom: solid windowtext 1.0pt; border-right: solid windowtext 1.0pt; padding: 0cm 5.4pt 0cm 5.4pt;\" valign=\"top\" width=\"272\">\n<p class=\"MsoNormal\"><span style=\"font-family: 'Arial','sans-serif';\"><span dir=\"auto\" style=\"vertical-align: inherit;\"><span dir=\"auto\" style=\"vertical-align: inherit;\">1 \u2013 14<\/span><\/span><\/span><\/p>\n<\/td>\n<\/tr>\n<tr>\n<td style=\"width: 274.75pt; border: solid windowtext 1.0pt; border-top: none; padding: 0cm 5.4pt 0cm 5.4pt;\" valign=\"top\" width=\"366\">\n<p class=\"MsoNormal\" style=\"text-align: justify;\"><span style=\"font-family: 'Arial','sans-serif';\"><span dir=\"auto\" style=\"vertical-align: inherit;\"><span dir=\"auto\" style=\"vertical-align: inherit;\">Temperatura de opera\u00e7\u00e3o, graus C<\/span><\/span><\/span><\/p>\n<\/td>\n<td style=\"width: 203.8pt; border-top: none; border-left: none; border-bottom: solid windowtext 1.0pt; border-right: solid windowtext 1.0pt; padding: 0cm 5.4pt 0cm 5.4pt;\" valign=\"top\" width=\"272\">\n<p class=\"MsoNormal\"><span style=\"font-family: 'Arial','sans-serif';\"><span dir=\"auto\" style=\"vertical-align: inherit;\"><span dir=\"auto\" style=\"vertical-align: inherit;\">120<\/span><\/span><\/span><\/p>\n<\/td>\n<\/tr>\n<tr>\n<td style=\"width: 274.75pt; border: solid windowtext 1.0pt; border-top: none; padding: 0cm 5.4pt 0cm 5.4pt;\" valign=\"top\" width=\"366\">\n<p class=\"MsoNormal\" style=\"text-align: justify;\"><span style=\"font-family: 'Arial','sans-serif';\"><span dir=\"auto\" style=\"vertical-align: inherit;\"><span dir=\"auto\" style=\"vertical-align: inherit;\">Incha\u00e7o durante a transi\u00e7\u00e3o para a forma H, %<\/span><\/span><\/span><\/p>\n<\/td>\n<td style=\"width: 203.8pt; border-top: none; border-left: none; border-bottom: solid windowtext 1.0pt; border-right: solid windowtext 1.0pt; padding: 0cm 5.4pt 0cm 5.4pt;\" valign=\"top\" width=\"272\">\n<p class=\"MsoNormal\"><span style=\"font-family: 'Arial','sans-serif';\"><span dir=\"auto\" style=\"vertical-align: inherit;\"><span dir=\"auto\" style=\"vertical-align: inherit;\">\u2264 10<\/span><\/span><\/span><\/p>\n<\/td>\n<\/tr>\n<tr>\n<td style=\"width: 274.75pt; border: solid windowtext 1.0pt; border-top: none; padding: 0cm 5.4pt 0cm 5.4pt;\" valign=\"top\" width=\"366\">\n<p class=\"MsoNormal\" style=\"text-align: justify;\"><span style=\"font-family: 'Arial','sans-serif';\"><span dir=\"auto\" style=\"vertical-align: inherit;\"><span dir=\"auto\" style=\"vertical-align: inherit;\">Capacidade de troca de trabalho, mmol\/l<\/span><\/span><\/span><\/p>\n<\/td>\n<td style=\"width: 203.8pt; border-top: none; border-left: none; border-bottom: solid windowtext 1.0pt; border-right: solid windowtext 1.0pt; padding: 0cm 5.4pt 0cm 5.4pt;\" valign=\"top\" width=\"272\">\n<p class=\"MsoNormal\"><span style=\"font-family: 'Arial','sans-serif';\"><span dir=\"auto\" style=\"vertical-align: inherit;\"><span dir=\"auto\" style=\"vertical-align: inherit;\">\u2265 <\/span><\/span><br \/>\n<span dir=\"auto\" style=\"vertical-align: inherit;\"><span dir=\"auto\" style=\"vertical-align: inherit;\">1100<\/span><\/span><\/span><\/p>\n<\/td>\n<\/tr>\n<tr>\n<td style=\"width: 274.75pt; border: solid windowtext 1.0pt; border-top: none; padding: 0cm 5.4pt 0cm 5.4pt;\" valign=\"top\" width=\"366\">\n<p class=\"MsoNormal\" style=\"text-align: justify;\"><span style=\"font-family: 'Arial','sans-serif';\"><span dir=\"auto\" style=\"vertical-align: inherit;\"><span dir=\"auto\" style=\"vertical-align: inherit;\">Fluxo de trabalho, m\/hora<\/span><\/span><\/span><\/p>\n<\/td>\n<td style=\"width: 203.8pt; border-top: none; border-left: none; border-bottom: solid windowtext 1.0pt; border-right: solid windowtext 1.0pt; padding: 0cm 5.4pt 0cm 5.4pt;\" valign=\"top\" width=\"272\">\n<p class=\"MsoNormal\"><span style=\"font-family: 'Arial','sans-serif';\"><span dir=\"auto\" style=\"vertical-align: inherit;\"><span dir=\"auto\" style=\"vertical-align: inherit;\">15 \u2013 30<\/span><\/span><\/span><\/p>\n<\/td>\n<\/tr>\n<tr>\n<td style=\"width: 274.75pt; border: solid windowtext 1.0pt; border-top: none; padding: 0cm 5.4pt 0cm 5.4pt;\" valign=\"top\" width=\"366\">\n<p class=\"MsoNormal\" style=\"text-align: justify;\"><span style=\"font-family: 'Arial','sans-serif';\"><span dir=\"auto\" style=\"vertical-align: inherit;\"><span dir=\"auto\" style=\"vertical-align: inherit;\">Embalagem em sacos de PE, l<\/span><\/span><\/span><\/p>\n<\/td>\n<td style=\"width: 203.8pt; border-top: none; border-left: none; border-bottom: solid windowtext 1.0pt; border-right: solid windowtext 1.0pt; padding: 0cm 5.4pt 0cm 5.4pt;\" valign=\"top\" width=\"272\">\n<p class=\"MsoNormal\"><span style=\"font-family: 'Arial','sans-serif';\"><span dir=\"auto\" style=\"vertical-align: inherit;\"><span dir=\"auto\" style=\"vertical-align: inherit;\">25<\/span><\/span><\/span><\/p>\n<\/td>\n<\/tr>\n<\/tbody>\n<\/table>\n<div id=\"gtx-trans\" style=\"position: absolute; left: -13px; top: 9.28693px;\">\n<div class=\"gtx-trans-icon\"><\/div>\n<\/div>\n","protected":false},"excerpt":{"rendered":"<p><strong><span lang=\"EN-US\"><span dir=\"auto\" style=\"vertical-align: inherit;\"><span dir=\"auto\" style=\"vertical-align: inherit;\">A ZGC<\/span><\/span><\/span><\/strong><strong><span dir=\"auto\" style=\"vertical-align: inherit;\"><span dir=\"auto\" style=\"vertical-align: inherit;\"> 151 \u00e9 uma<\/span><\/span><\/strong><span dir=\"auto\" style=\"vertical-align: inherit;\"><span dir=\"auto\" style=\"vertical-align: inherit;\"> resina de troca cati\u00f4nica macroporosa e fortemente \u00e1cida. Possui alta capacidade de troca e excelente estabilidade f\u00edsica e qu\u00edmica. A estrutura macroporosa da<\/span><\/span><span lang=\"EN-US\"><span dir=\"auto\" style=\"vertical-align: inherit;\"><span dir=\"auto\" style=\"vertical-align: inherit;\"> ZGC<\/span><\/span><\/span><span dir=\"auto\" style=\"vertical-align: inherit;\"><span dir=\"auto\" style=\"vertical-align: inherit;\"> 151 garante boa cin\u00e9tica de troca i\u00f4nica e melhor difus\u00e3o para dentro e para fora das part\u00edculas. \u00c9 utilizada para amaciamento e dessaliniza\u00e7\u00e3o de \u00e1gua, tratamento de condensado, tratamento de \u00e1guas residuais, recupera\u00e7\u00e3o de metais, hidrometalurgia e nas ind\u00fastrias aliment\u00edcia e qu\u00edmica. Apresenta alt\u00edssima resist\u00eancia a danos mec\u00e2nicos e contamina\u00e7\u00e3o por ferro, mangan\u00eas e compostos org\u00e2nicos.<\/span><\/span><\/p>\n","protected":false},"featured_media":2173,"comment_status":"closed","ping_status":"closed","template":"","meta":[],"product_cat":[385],"product_tag":[],"class_list":["post-4384","product","type-product","status-publish","has-post-thumbnail","hentry","product_cat-resinas-gerais"],"_links":{"self":[{"href":"https:\/\/hydrolite.eu\/pt-pt\/wp-json\/wp\/v2\/product\/4384","targetHints":{"allow":["GET"]}}],"collection":[{"href":"https:\/\/hydrolite.eu\/pt-pt\/wp-json\/wp\/v2\/product"}],"about":[{"href":"https:\/\/hydrolite.eu\/pt-pt\/wp-json\/wp\/v2\/types\/product"}],"replies":[{"embeddable":true,"href":"https:\/\/hydrolite.eu\/pt-pt\/wp-json\/wp\/v2\/comments?post=4384"}],"wp:featuredmedia":[{"embeddable":true,"href":"https:\/\/hydrolite.eu\/pt-pt\/wp-json\/wp\/v2\/media\/2173"}],"wp:attachment":[{"href":"https:\/\/hydrolite.eu\/pt-pt\/wp-json\/wp\/v2\/media?parent=4384"}],"wp:term":[{"taxonomy":"product_cat","embeddable":true,"href":"https:\/\/hydrolite.eu\/pt-pt\/wp-json\/wp\/v2\/product_cat?post=4384"},{"taxonomy":"product_tag","embeddable":true,"href":"https:\/\/hydrolite.eu\/pt-pt\/wp-json\/wp\/v2\/product_tag?post=4384"}],"curies":[{"name":"wp","href":"https:\/\/api.w.org\/{rel}","templated":true}]}}