{"id":4362,"date":"2025-09-21T13:38:31","date_gmt":"2025-10-26T13:19:12","guid":{"rendered":"https:\/\/hydrolite.eu\/?post_type=product&#038;p=4362"},"modified":"2025-10-26T16:19:12","modified_gmt":"2025-10-26T13:19:12","slug":"zg-a-398-copolimero-macroporoso-especifico-de-estireno-e-dvb-com-resina-de-troca-anionica-radical-quark-amonio-nch33oh","status":"publish","type":"product","link":"https:\/\/hydrolite.eu\/pt-pt\/product\/zg-a-398-copolimero-macroporoso-especifico-de-estireno-e-dvb-com-resina-de-troca-anionica-radical-quark-amonio-nch33oh\/","title":{"rendered":"ZG A 398 copol\u00edmero macroporoso espec\u00edfico de estireno e DVB com resina de troca ani\u00f4nica radical quark am\u00f4nio [-N(CH3)3OH]"},"content":{"rendered":"<table border=\"0\" width=\"100%\" cellspacing=\"1\" cellpadding=\"0\" align=\"center\" bgcolor=\"dee8f3\">\n<tbody>\n<tr>\n<td align=\"left\" bgcolor=\"054696\" width=\"70%\" height=\"50\">\n<div class=\"zzzzz1\" align=\"center\"><span style=\"vertical-align: inherit;\"><span style=\"vertical-align: inherit;\"><span dir=\"auto\" style=\"vertical-align: inherit;\"><span dir=\"auto\" style=\"vertical-align: inherit;\">ZG A 398 copol\u00edmero macroporoso espec\u00edfico de estireno e DVB com resina de troca ani\u00f4nica radical quark am\u00f4nio [-N(CH3)3OH]<\/span><\/span><\/span><\/span><\/div>\n<\/td>\n<\/tr>\n<tr>\n<td style=\"padding: 20px;\" align=\"left\" bgcolor=\"#FFFFFF\">\n<p align=\"justify\"><span style=\"vertical-align: inherit;\"><span style=\"vertical-align: inherit;\"><span dir=\"auto\" style=\"vertical-align: inherit;\"><span dir=\"auto\" style=\"vertical-align: inherit;\">O ZG A 398 da marca Zheng Guang \u00e9 um copol\u00edmero macroporoso espec\u00edfico com uma resina de troca ani\u00f4nica de radical am\u00f4nio cati\u00f4nico [-N(CH3 <\/span><\/span><\/span><\/span><sub><span style=\"vertical-align: inherit;\"><span style=\"vertical-align: inherit;\"><span dir=\"auto\" style=\"vertical-align: inherit;\"><span dir=\"auto\" style=\"vertical-align: inherit;\">)<\/span><\/span><\/span><\/span><\/sub><span style=\"vertical-align: inherit;\"><span style=\"vertical-align: inherit;\"><span dir=\"auto\" style=\"vertical-align: inherit;\"><span dir=\"auto\" style=\"vertical-align: inherit;\"> 3OH <\/span><\/span><\/span><\/span><sub><span style=\"vertical-align: inherit;\"><span style=\"vertical-align: inherit;\"><span dir=\"auto\" style=\"vertical-align: inherit;\"><span dir=\"auto\" style=\"vertical-align: inherit;\">]<\/span><\/span><\/span><\/span><\/sub><span style=\"vertical-align: inherit;\"><span style=\"vertical-align: inherit;\"><span dir=\"auto\" style=\"vertical-align: inherit;\"><span dir=\"auto\" style=\"vertical-align: inherit;\"> . Possui uma estrutura celular espec\u00edfica e uma grande \u00e1rea de superf\u00edcie, permitindo a adsor\u00e7\u00e3o de grandes mol\u00e9culas hep\u00e1ticas e apresentando alta resist\u00eancia \u00e0 contamina\u00e7\u00e3o org\u00e2nica.<\/span><\/span><\/span><\/span><\/p>\n<p align=\"justify\"><strong><span style=\"vertical-align: inherit;\"><span style=\"vertical-align: inherit;\"><span dir=\"auto\" style=\"vertical-align: inherit;\"><span dir=\"auto\" style=\"vertical-align: inherit;\">1: CARACTER\u00cdSTICAS DA RESINA<\/span><\/span><\/span><\/span><\/strong><\/p>\n<p align=\"justify\"><span style=\"vertical-align: inherit;\"><span style=\"vertical-align: inherit;\"><span dir=\"auto\" style=\"vertical-align: inherit;\"><span dir=\"auto\" style=\"vertical-align: inherit;\">A resina de troca ani\u00f4nica b\u00e1sica forte ZG A 398 (tipo Cl) da marca Zheng Guang tem as seguintes vantagens:<\/span><\/span><\/span><\/span><\/p>\n<p align=\"justify\"><span style=\"vertical-align: inherit;\"><span style=\"vertical-align: inherit;\"><span dir=\"auto\" style=\"vertical-align: inherit;\"><span dir=\"auto\" style=\"vertical-align: inherit;\">1. Forte adsor\u00e7\u00e3o de mol\u00e9culas de hepatroma. Ao adsorver o mesmo n\u00famero de mol\u00e9culas de hepatroma, a massa de resina utilizada \u00e9 menor.<\/span><\/span><\/span><\/span><\/p>\n<p align=\"justify\"><span style=\"vertical-align: inherit;\"><span style=\"vertical-align: inherit;\"><span dir=\"auto\" style=\"vertical-align: inherit;\"><span dir=\"auto\" style=\"vertical-align: inherit;\">2. O pr\u00e9-tratamento antes do uso \u00e9 muito simples e econ\u00f4mico. Enx\u00e1gue a resina nova tr\u00eas vezes com \u00e1gua limpa e deixe-a em \u00e1gua limpa a 25-30 \u00b0C durante a noite. No dia seguinte, enx\u00e1gue e filtre a resina v\u00e1rias vezes. Depois disso, ela estar\u00e1 pronta para uso.<\/span><\/span><\/span><\/span><\/p>\n<p align=\"justify\"><span style=\"vertical-align: inherit;\"><span style=\"vertical-align: inherit;\"><span dir=\"auto\" style=\"vertical-align: inherit;\"><span dir=\"auto\" style=\"vertical-align: inherit;\">3. A resina possui maior capacidade de combater a polui\u00e7\u00e3o org\u00e2nica, tornando o tratamento p\u00f3s-uso n\u00e3o apenas simples, mas tamb\u00e9m conveniente. A contamina\u00e7\u00e3o da superf\u00edcie \u00e9 removida com \u00e1gua limpa, ap\u00f3s o que a resina \u00e9 marinada em uma solu\u00e7\u00e3o alcalina (8% NaOH + 20% NaCl) com o dobro do seu peso (peso da resina) por duas horas a 40~50\u00b0C, com agita\u00e7\u00e3o constante. Em seguida, enx\u00e1gue com \u00e1gua limpa (pH 7) e filtre. Ap\u00f3s isso, a resina est\u00e1 pronta para uso.<\/span><\/span><\/span><\/span><\/p>\n<p align=\"justify\"><strong><span style=\"vertical-align: inherit;\"><span style=\"vertical-align: inherit;\"><span dir=\"auto\" style=\"vertical-align: inherit;\"><span dir=\"auto\" style=\"vertical-align: inherit;\">2: ARMAZENAMENTO<\/span><\/span><\/span><\/span><\/strong><\/p>\n<p align=\"justify\"><span style=\"vertical-align: inherit;\"><span style=\"vertical-align: inherit;\"><span dir=\"auto\" style=\"vertical-align: inherit;\"><span dir=\"auto\" style=\"vertical-align: inherit;\">A resina deve ser armazenada em local fechado, longe da luz solar direta. N\u00e3o rasgue a embalagem para evitar perda de \u00e1gua. Se a resina tiver perdido \u00e1gua, adicione gradualmente uma solu\u00e7\u00e3o salina saturada e deixe marinar por v\u00e1rias horas, depois dilua gradualmente com \u00e1gua para evitar danos.<\/span><\/span><\/span><\/span><\/p>\n<p align=\"justify\"><strong><span style=\"vertical-align: inherit;\"><span style=\"vertical-align: inherit;\"><span dir=\"auto\" style=\"vertical-align: inherit;\"><span dir=\"auto\" style=\"vertical-align: inherit;\">3: USO E TEMPERATURA DE ARMAZENAMENTO<\/span><\/span><\/span><\/span><\/strong><\/p>\n<p align=\"justify\"><span style=\"vertical-align: inherit;\"><span style=\"vertical-align: inherit;\"><span dir=\"auto\" style=\"vertical-align: inherit;\"><span dir=\"auto\" style=\"vertical-align: inherit;\">A temperatura n\u00e3o deve exceder 60\u00b0C. Armazene entre 0\u00b0C e 25\u00b0C. Se a temperatura ambiente estiver abaixo de 0\u00b0C, a resina deve ser armazenada em uma solu\u00e7\u00e3o salina saturada.<\/span><\/span><\/span><\/span><\/p>\n<\/td>\n<\/tr>\n<\/tbody>\n<\/table>\n<div id=\"gtx-trans\" style=\"position: absolute; left: -2px; top: -9.16477px;\">\n<div class=\"gtx-trans-icon\"><\/div>\n<\/div>\n","protected":false},"excerpt":{"rendered":"<p>ZG A 398 copol\u00edmero macroporoso espec\u00edfico de estireno e DVB com resina de troca ani\u00f4nica radical quark am\u00f4nio [-N(CH3)3OH] O ZG A 398 da marca Zheng Guang \u00e9 um copol\u00edmero macroporoso espec\u00edfico com uma resina de troca ani\u00f4nica de radical am\u00f4nio cati\u00f4nico [-N(CH3 ) 3OH ] . Possui uma estrutura celular espec\u00edfica e uma grande&#8230;<\/p>\n","protected":false},"featured_media":1942,"comment_status":"closed","ping_status":"closed","template":"","meta":[],"product_cat":[511,628],"product_tag":[],"class_list":["post-4362","product","type-product","status-publish","has-post-thumbnail","hentry","product_cat-produtos","product_cat-resinas-comuns"],"_links":{"self":[{"href":"https:\/\/hydrolite.eu\/pt-pt\/wp-json\/wp\/v2\/product\/4362","targetHints":{"allow":["GET"]}}],"collection":[{"href":"https:\/\/hydrolite.eu\/pt-pt\/wp-json\/wp\/v2\/product"}],"about":[{"href":"https:\/\/hydrolite.eu\/pt-pt\/wp-json\/wp\/v2\/types\/product"}],"replies":[{"embeddable":true,"href":"https:\/\/hydrolite.eu\/pt-pt\/wp-json\/wp\/v2\/comments?post=4362"}],"wp:featuredmedia":[{"embeddable":true,"href":"https:\/\/hydrolite.eu\/pt-pt\/wp-json\/wp\/v2\/media\/1942"}],"wp:attachment":[{"href":"https:\/\/hydrolite.eu\/pt-pt\/wp-json\/wp\/v2\/media?parent=4362"}],"wp:term":[{"taxonomy":"product_cat","embeddable":true,"href":"https:\/\/hydrolite.eu\/pt-pt\/wp-json\/wp\/v2\/product_cat?post=4362"},{"taxonomy":"product_tag","embeddable":true,"href":"https:\/\/hydrolite.eu\/pt-pt\/wp-json\/wp\/v2\/product_tag?post=4362"}],"curies":[{"name":"wp","href":"https:\/\/api.w.org\/{rel}","templated":true}]}}