{"id":4356,"date":"2025-09-21T13:38:50","date_gmt":"2025-10-26T13:05:53","guid":{"rendered":"https:\/\/hydrolite.eu\/?post_type=product&#038;p=4356"},"modified":"2025-10-26T16:05:53","modified_gmt":"2025-10-26T13:05:53","slug":"zg-bsl-e-uma-resina-indicadora-altamente-cationica-que-pode-reagir-com-cations-na-agua-para-produzir-uma-mudanca-de-cor-pronunciada","status":"publish","type":"product","link":"https:\/\/hydrolite.eu\/pt-pt\/product\/zg-bsl-e-uma-resina-indicadora-altamente-cationica-que-pode-reagir-com-cations-na-agua-para-produzir-uma-mudanca-de-cor-pronunciada\/","title":{"rendered":"ZG BSL \u00e9 uma resina indicadora altamente cati\u00f4nica que pode reagir com c\u00e1tions na \u00e1gua para produzir uma mudan\u00e7a de cor pronunciada."},"content":{"rendered":"<table border=\"0\" width=\"100%\" cellspacing=\"1\" cellpadding=\"0\" align=\"center\" bgcolor=\"dee8f3\">\n<tbody>\n<tr>\n<td align=\"left\" bgcolor=\"054696\" width=\"70%\" height=\"50\">\n<div class=\"zzzzz1\" align=\"center\"><span style=\"vertical-align: inherit;\"><span style=\"vertical-align: inherit;\"><span dir=\"auto\" style=\"vertical-align: inherit;\"><span dir=\"auto\" style=\"vertical-align: inherit;\">ZG BSL \u00e9 uma resina indicadora altamente cati\u00f4nica que pode reagir com c\u00e1tions na \u00e1gua para produzir uma mudan\u00e7a de cor pronunciada.<\/span><\/span><\/span><\/span><\/div>\n<\/td>\n<\/tr>\n<tr>\n<td style=\"padding: 20px;\" align=\"left\" bgcolor=\"#FFFFFF\">\n<ul style=\"list-style-type: square;\">\n<li><strong><span style=\"vertical-align: inherit;\"><span style=\"vertical-align: inherit;\"><span dir=\"auto\" style=\"vertical-align: inherit;\"><span dir=\"auto\" style=\"vertical-align: inherit;\">Descri\u00e7\u00e3o<\/span><\/span><\/span><\/span><\/strong><\/li>\n<\/ul>\n<p style=\"margin-left: 18.0000pt;\"><span style=\"vertical-align: inherit;\"><span style=\"vertical-align: inherit;\"><span dir=\"auto\" style=\"vertical-align: inherit;\"><span dir=\"auto\" style=\"vertical-align: inherit;\">Hydrolite ZG BSL \u00e9 uma resina indicadora altamente cati\u00f4nica que pode reagir com c\u00e1tions na \u00e1gua, causando uma mudan\u00e7a de cor percept\u00edvel. Inicialmente, essa resina \u00e9 verde, mas quando perde sua efic\u00e1cia, muda para azul \u2014 uma diferen\u00e7a de cor bastante percept\u00edvel.<\/span><\/span><\/span><\/span><\/p>\n<p style=\"margin-left: 18.0000pt;\"><span style=\"vertical-align: inherit;\"><span style=\"vertical-align: inherit;\"><span dir=\"auto\" style=\"vertical-align: inherit;\"><span dir=\"auto\" style=\"vertical-align: inherit;\">A resina colorida ZG BSL \u00e9 usada principalmente para testar a condutividade de c\u00e1tions na \u00e1gua que sai de uma coluna de leito misto de vapor e condensado. A resina \u00e9 inserida em uma coluna de troca i\u00f4nica transparente com di\u00e2metro inferior a 50 mm. A resina converte oligoelementos presentes na \u00e1gua em \u00e1cido, melhorando a precis\u00e3o das medi\u00e7\u00f5es de c\u00e1tions. Quando a resina se torna ineficaz, sua cor muda para azul, permitindo monitorar o desempenho da coluna observando essa mudan\u00e7a de cor.<\/span><\/span><\/span><\/span><\/p>\n<p style=\"margin-left: 18.0000pt;\"><span style=\"vertical-align: inherit;\"><span style=\"vertical-align: inherit;\"><span dir=\"auto\" style=\"vertical-align: inherit;\"><span dir=\"auto\" style=\"vertical-align: inherit;\">A resina colorida ZG BSL pode ser usada junto com a resina ani\u00f4nica ZG BSY (ou resina ani\u00f4nica b\u00e1sica forte) para embalar a coluna de troca i\u00f4nica de leito misto transparente como uma resina indicadora na coluna de leito misto.<\/span><\/span><\/span><\/span><\/p>\n<ul style=\"list-style-type: square;\">\n<li><strong><span style=\"vertical-align: inherit;\"><span style=\"vertical-align: inherit;\"><span dir=\"auto\" style=\"vertical-align: inherit;\"><span dir=\"auto\" style=\"vertical-align: inherit;\">Propriedades f\u00edsico-qu\u00edmicas:<\/span><\/span><\/span><\/span><\/strong><\/li>\n<\/ul>\n<table style=\"width: 564px;\" border=\"1\" cellspacing=\"1\" align=\"center\">\n<tbody>\n<tr>\n<td style=\"width: 263px;\">\n<p align=\"center\"><span style=\"vertical-align: inherit;\"><span style=\"vertical-align: inherit;\"><span dir=\"auto\" style=\"vertical-align: inherit;\"><span dir=\"auto\" style=\"vertical-align: inherit;\">Nome do par\u00e2metro<\/span><\/span><\/span><\/span><\/p>\n<\/td>\n<td style=\"width: 298px;\">\n<p align=\"center\"><span style=\"vertical-align: inherit;\"><span style=\"vertical-align: inherit;\"><span dir=\"auto\" style=\"vertical-align: inherit;\"><span dir=\"auto\" style=\"vertical-align: inherit;\">\u00cdndice<\/span><\/span><\/span><\/span><\/p>\n<\/td>\n<\/tr>\n<tr>\n<td style=\"width: 263px;\">\n<p align=\"center\"><span style=\"vertical-align: inherit;\"><span style=\"vertical-align: inherit;\"><span dir=\"auto\" style=\"vertical-align: inherit;\"><span dir=\"auto\" style=\"vertical-align: inherit;\">Forma i\u00f4nica<\/span><\/span><\/span><\/span><\/p>\n<\/td>\n<td style=\"width: 298px;\">\n<p align=\"center\"><span style=\"vertical-align: inherit;\"><span style=\"vertical-align: inherit;\"><span dir=\"auto\" style=\"vertical-align: inherit;\"><span dir=\"auto\" style=\"vertical-align: inherit;\">O que<\/span><\/span><\/span><\/span><\/p>\n<\/td>\n<\/tr>\n<tr>\n<td style=\"width: 263px;\">\n<p align=\"center\"><span style=\"vertical-align: inherit;\"><span style=\"vertical-align: inherit;\"><span dir=\"auto\" style=\"vertical-align: inherit;\"><span dir=\"auto\" style=\"vertical-align: inherit;\">Apar\u00eancia<\/span><\/span><\/span><\/span><\/p>\n<\/td>\n<td style=\"width: 298px;\">\n<p align=\"center\"><span style=\"vertical-align: inherit;\"><span style=\"vertical-align: inherit;\"><span dir=\"auto\" style=\"vertical-align: inherit;\"><span dir=\"auto\" style=\"vertical-align: inherit;\">Gr\u00e2nulos azuis (ineficazes)<\/span><\/span><\/span><\/span><\/p>\n<\/td>\n<\/tr>\n<tr>\n<td style=\"width: 263px;\">\n<p align=\"center\"><span style=\"vertical-align: inherit;\"><span style=\"vertical-align: inherit;\"><span dir=\"auto\" style=\"vertical-align: inherit;\"><span dir=\"auto\" style=\"vertical-align: inherit;\">Teor de umidade %<\/span><\/span><\/span><\/span><\/p>\n<\/td>\n<td style=\"width: 298px;\">\n<p align=\"center\"><span style=\"vertical-align: inherit;\"><span style=\"vertical-align: inherit;\"><span dir=\"auto\" style=\"vertical-align: inherit;\"><span dir=\"auto\" style=\"vertical-align: inherit;\">45,0-52,0<\/span><\/span><\/span><\/span><\/p>\n<\/td>\n<\/tr>\n<tr>\n<td style=\"width: 263px;\">\n<p align=\"center\"><span style=\"vertical-align: inherit;\"><span style=\"vertical-align: inherit;\"><span dir=\"auto\" style=\"vertical-align: inherit;\"><span dir=\"auto\" style=\"vertical-align: inherit;\">Capacidade total de troca (mmol\/g)<\/span><\/span><\/span><\/span><\/p>\n<\/td>\n<td style=\"width: 298px;\">\n<p align=\"center\"><span style=\"vertical-align: inherit;\"><span style=\"vertical-align: inherit;\"><span dir=\"auto\" style=\"vertical-align: inherit;\"><span dir=\"auto\" style=\"vertical-align: inherit;\">\u22654,40<\/span><\/span><\/span><\/span><\/p>\n<\/td>\n<\/tr>\n<tr>\n<td style=\"width: 263px;\">\n<p align=\"center\"><span style=\"vertical-align: inherit;\"><span style=\"vertical-align: inherit;\"><span dir=\"auto\" style=\"vertical-align: inherit;\"><span dir=\"auto\" style=\"vertical-align: inherit;\">Capacidade total de troca (mmol\/ml)<\/span><\/span><\/span><\/span><\/p>\n<\/td>\n<td style=\"width: 298px;\">\n<p align=\"center\"><span style=\"vertical-align: inherit;\"><span style=\"vertical-align: inherit;\"><span dir=\"auto\" style=\"vertical-align: inherit;\"><span dir=\"auto\" style=\"vertical-align: inherit;\">\u22651,80<\/span><\/span><\/span><\/span><\/p>\n<\/td>\n<\/tr>\n<tr>\n<td style=\"width: 263px;\">\n<p align=\"center\"><span style=\"vertical-align: inherit;\"><span style=\"vertical-align: inherit;\"><span dir=\"auto\" style=\"vertical-align: inherit;\"><span dir=\"auto\" style=\"vertical-align: inherit;\">Peso de envio (g\/ml)<\/span><\/span><\/span><\/span><\/p>\n<\/td>\n<td style=\"width: 298px;\">\n<p align=\"center\"><span style=\"vertical-align: inherit;\"><span style=\"vertical-align: inherit;\"><span dir=\"auto\" style=\"vertical-align: inherit;\"><span dir=\"auto\" style=\"vertical-align: inherit;\">0,79-0,89<\/span><\/span><\/span><\/span><\/p>\n<\/td>\n<\/tr>\n<tr>\n<td style=\"width: 263px;\">\n<p align=\"center\"><span style=\"vertical-align: inherit;\"><span style=\"vertical-align: inherit;\"><span dir=\"auto\" style=\"vertical-align: inherit;\"><span dir=\"auto\" style=\"vertical-align: inherit;\">Tamanho de part\u00edcula (intervalo) %<\/span><\/span><\/span><\/span><\/p>\n<\/td>\n<td style=\"width: 298px;\">\n<p align=\"center\"><span dir=\"auto\" style=\"vertical-align: inherit;\"><span dir=\"auto\" style=\"vertical-align: inherit;\">(0,315-1,25 mm) \u226595,0<\/span><\/span><\/p>\n<\/td>\n<\/tr>\n<\/tbody>\n<\/table>\n<div style=\"clear: both;\"><\/div>\n<p>&nbsp;<\/td>\n<\/tr>\n<\/tbody>\n<\/table>\n<div id=\"gtx-trans\" style=\"position: absolute; left: -72px; top: -9.16477px;\">\n<div class=\"gtx-trans-icon\"><\/div>\n<\/div>\n","protected":false},"excerpt":{"rendered":"<p>ZG BSL \u00e9 uma resina indicadora altamente cati\u00f4nica que pode reagir com c\u00e1tions na \u00e1gua para produzir uma mudan\u00e7a de cor pronunciada. Descri\u00e7\u00e3o Hydrolite ZG BSL \u00e9 uma resina indicadora altamente cati\u00f4nica que pode reagir com c\u00e1tions na \u00e1gua, causando uma mudan\u00e7a de cor percept\u00edvel. Inicialmente, essa resina \u00e9 verde, mas quando perde sua efic\u00e1cia,&#8230;<\/p>\n","protected":false},"featured_media":1942,"comment_status":"closed","ping_status":"closed","template":"","meta":[],"product_cat":[511,628],"product_tag":[],"class_list":["post-4356","product","type-product","status-publish","has-post-thumbnail","hentry","product_cat-produtos","product_cat-resinas-comuns"],"_links":{"self":[{"href":"https:\/\/hydrolite.eu\/pt-pt\/wp-json\/wp\/v2\/product\/4356","targetHints":{"allow":["GET"]}}],"collection":[{"href":"https:\/\/hydrolite.eu\/pt-pt\/wp-json\/wp\/v2\/product"}],"about":[{"href":"https:\/\/hydrolite.eu\/pt-pt\/wp-json\/wp\/v2\/types\/product"}],"replies":[{"embeddable":true,"href":"https:\/\/hydrolite.eu\/pt-pt\/wp-json\/wp\/v2\/comments?post=4356"}],"wp:featuredmedia":[{"embeddable":true,"href":"https:\/\/hydrolite.eu\/pt-pt\/wp-json\/wp\/v2\/media\/1942"}],"wp:attachment":[{"href":"https:\/\/hydrolite.eu\/pt-pt\/wp-json\/wp\/v2\/media?parent=4356"}],"wp:term":[{"taxonomy":"product_cat","embeddable":true,"href":"https:\/\/hydrolite.eu\/pt-pt\/wp-json\/wp\/v2\/product_cat?post=4356"},{"taxonomy":"product_tag","embeddable":true,"href":"https:\/\/hydrolite.eu\/pt-pt\/wp-json\/wp\/v2\/product_tag?post=4356"}],"curies":[{"name":"wp","href":"https:\/\/api.w.org\/{rel}","templated":true}]}}