{"id":3274,"date":"2025-09-21T13:39:39","date_gmt":"2025-10-07T16:52:11","guid":{"rendered":"https:\/\/hydrolite.eu\/?post_type=product&#038;p=3274"},"modified":"2025-10-07T19:52:11","modified_gmt":"2025-10-07T16:52:11","slug":"resina-de-troca-cationica-zg-bsl-com-indicacao-de-cor","status":"publish","type":"product","link":"https:\/\/hydrolite.eu\/pt-pt\/product\/resina-de-troca-cationica-zg-bsl-com-indicacao-de-cor\/","title":{"rendered":"Resina de troca cati\u00f3nica ZG BSL com indica\u00e7\u00e3o de cor"},"content":{"rendered":"<p><strong><span style=\"vertical-align: inherit;\"><span style=\"vertical-align: inherit;\">1. \u0412\u0432\u0435\u0434\u0435\u043d\u0438\u0435<\/span><\/span><\/strong><\/p>\n<p align=\"justify\"><span style=\"vertical-align: inherit;\"><span class=\"\" style=\"vertical-align: inherit;\">\u041a\u0430\u0442\u0438\u043e\u043d\u043d\u0430\u044f \u0441\u043c\u043e\u043b\u0430 \u0438\u043d\u0434\u0438\u043a\u0430\u0442\u043e\u0440\u043d\u043e\u0433\u043e \u0446\u0432\u0435\u0442\u0430 &#8220;Hydrolite&#8221; ZG BSL \u044f\u0432\u043b\u044f\u0435\u0442\u0441\u044f \u0441\u0438\u043b\u044c\u043d\u043e \u043a\u0438\u0441\u043b\u043e\u0439 \u043a\u0430\u0442\u0438\u043e\u043d\u043d\u043e\u0439 \u0441\u043c\u043e\u043b\u043e\u0439 \u0441 \u0438\u043d\u0434\u0438\u043a\u0430\u0442\u043e\u0440\u043e\u043c, \u043a\u043e\u0442\u043e\u0440\u0430\u044f \u043d\u0435 \u0442\u043e\u043b\u044c\u043a\u043e \u043c\u043e\u0436\u0435\u0442 \u043e\u0431\u043c\u0435\u043d\u0438\u0432\u0430\u0442\u044c\u0441\u044f \u0441 \u043a\u0430\u0442\u0438\u043e\u043d\u0430\u043c\u0438 \u0432 \u0440\u0430\u0441\u0442\u0432\u043e\u0440\u0435, \u043d\u043e \u0438 \u0438\u043c\u0435\u0435\u0442 \u044f\u0432\u043d\u044b\u0435 \u0446\u0432\u0435\u0442\u043e\u0432\u044b\u0435 \u0438\u043d\u0434\u0438\u043a\u0430\u0442\u043e\u0440\u043d\u044b\u0435 \u0445\u0430\u0440\u0430\u043a\u0442\u0435\u0440\u0438\u0441\u0442\u0438\u043a\u0438. \u042d\u0442\u0430 \u0441\u043c\u043e\u043b\u0430 \u0438\u043c\u0435\u0435\u0442 \u0438\u0437\u0443\u043c\u0440\u0443\u0434\u043d\u043e-\u0437\u0435\u043b\u0435\u043d\u044b\u0439 \u0446\u0432\u0435\u0442, \u043a\u043e\u0433\u0434\u0430 \u043e\u043d\u0430 \u0432 \u0432\u043e\u0441\u0441\u0442\u0430\u043d\u043e\u0432\u043b\u0435\u043d\u043d\u043e\u043c \u0442\u0438\u043f\u0435 (H), \u0438 \u0441\u0442\u0430\u043d\u043e\u0432\u0438\u0442\u0441\u044f \u0442\u0435\u043c\u043d\u043e-\u0441\u0438\u043d\u0435\u0439, \u043a\u043e\u0433\u0434\u0430 \u043e\u043d\u0430 \u0432\u044b\u0432\u0435\u0434\u0435\u043d\u0430 \u0438\u0437 \u0438\u0441\u043f\u043e\u043b\u044c\u0437\u043e\u0432\u0430\u043d\u0438\u044f (Na). \u0421\u043c\u0435\u043d\u0430 \u0446\u0432\u0435\u0442\u0430 \u043e\u0447\u0435\u043d\u044c \u0432\u044b\u0440\u0430\u0436\u0435\u043d\u0430. \u0421\u043c\u043e\u043b\u0430 \u0438\u043d\u0434\u0438\u043a\u0430\u0442\u043e\u0440\u043d\u043e\u0433\u043e \u0446\u0432\u0435\u0442\u0430 ZG BSL \u0438\u0441\u043f\u043e\u043b\u044c\u0437\u0443\u0435\u0442\u0441\u044f \u0432 \u043e\u0441\u043d\u043e\u0432\u043d\u043e\u043c \u0434\u043b\u044f \u0438\u0437\u043c\u0435\u0440\u0435\u043d\u0438\u044f \u043a\u0430\u0442\u0438\u043e\u043d\u043d\u043e\u0439 \u043f\u0440\u043e\u0432\u043e\u0434\u0438\u043c\u043e\u0441\u0442\u0438 \u043f\u0430\u0440\u043e\u0432\u043e\u0439 \u0438 \u043a\u043e\u043d\u0434\u0435\u043d\u0441\u0430\u0442\u043d\u043e\u0439 \u0432\u043e\u0434\u044b \u0432 \u0441\u043c\u0435\u0448\u0430\u043d\u043d\u044b\u0445 \u043e\u0441\u0430\u0434\u043e\u0447\u043d\u044b\u0445 \u0444\u0438\u043b\u044c\u0442\u0440\u0430\u0445 \u043d\u0430 \u0432\u044b\u0445\u043e\u0434\u0435. \u0421\u043c\u043e\u043b\u0430 \u0438\u043d\u0434\u0438\u043a\u0430\u0442\u043e\u0440\u0430 \u0437\u0430\u0433\u0440\u0443\u0436\u0430\u0435\u0442\u0441\u044f \u0432 \u043f\u0440\u043e\u0437\u0440\u0430\u0447\u043d\u044b\u0439 \u043e\u0431\u043c\u0435\u043d\u043d\u044b\u0439 \u043a\u043e\u0442\u0435\u043b \u0434\u0438\u0430\u043c\u0435\u0442\u0440\u043e\u043c \u043c\u0435\u043d\u0435\u0435 50 \u043c\u043c, \u0433\u0434\u0435 \u043c\u0438\u043a\u0440\u043e\u043c\u0438\u043d\u0435\u0440\u0430\u043b\u044b \u0432 \u0432\u043e\u0434\u0435 \u043c\u043e\u0433\u0443\u0442 \u043e\u0431\u043c\u0435\u043d\u0438\u0432\u0430\u0442\u044c\u0441\u044f \u043a\u0438\u0441\u043b\u043e\u0442\u043e\u0439, \u0447\u0442\u043e \u0437\u043d\u0430\u0447\u0438\u0442\u0435\u043b\u044c\u043d\u043e \u043f\u043e\u0432\u044b\u0448\u0430\u0435\u0442 \u0447\u0443\u0432\u0441\u0442\u0432\u0438\u0442\u0435\u043b\u044c\u043d\u043e\u0441\u0442\u044c \u043a \u043c\u043e\u043d\u0438\u0442\u043e\u0440\u0438\u043d\u0433\u0443 \u043a\u0430\u0442\u0438\u043e\u043d\u043e\u0432. \u041e\u0434\u043d\u043e\u0432\u0440\u0435\u043c\u0435\u043d\u043d\u043e \u0446\u0432\u0435\u0442 \u0441\u043c\u043e\u043b\u044b \u0438\u0437\u043c\u0435\u043d\u044f\u0435\u0442\u0441\u044f \u043d\u0430 \u0442\u0435\u043c\u043d\u043e-\u0441\u0438\u043d\u0438\u0439, \u043a\u043e\u0433\u0434\u0430 \u0441\u043c\u043e\u043b\u0430 \u0432\u044b\u0432\u0435\u0434\u0435\u043d\u0430 \u0438\u0437 \u0438\u0441\u043f\u043e\u043b\u044c\u0437\u043e\u0432\u0430\u043d\u0438\u044f, \u0447\u0442\u043e \u0443\u043a\u0430\u0437\u044b\u0432\u0430\u0435\u0442 \u043d\u0430 \u0440\u0430\u0431\u043e\u0447\u0435\u0435 \u0441\u043e\u0441\u0442\u043e\u044f\u043d\u0438\u0435 \u043e\u0431\u043c\u0435\u043d\u043d\u043e\u0433\u043e \u043a\u043e\u0442\u043b\u0430. \u041a\u0430\u0442\u0456\u043e\u043d\u043d\u0430 \u0441\u043c\u043e\u043b\u0430 \u0456\u043d\u0434\u0438\u043a\u0430\u0442\u043e\u0440\u043d\u043e\u0433\u043e \u043a\u043e\u043b\u044c\u043e\u0440\u0443 ZG BSL \u043c\u043e\u0436\u0435 \u0442\u0430\u043a\u043e\u0436 \u0432\u0438\u043a\u043e\u0440\u0438\u0441\u0442\u043e\u0432\u0443\u0432\u0430\u0442\u0438\u0441\u044f \u0440\u0430\u0437\u043e\u043c \u0456\u0437 \u0430\u043d\u0456\u043e\u043d\u043d\u043e\u044e \u0441\u043c\u043e\u043b\u043e\u044e \u0456\u043d\u0434\u0438\u043a\u0430\u0442\u043e\u0440\u043d\u043e\u0433\u043e \u043a\u043e\u043b\u044c\u043e\u0440\u0443 ZG BSY (\u0430\u0431\u043e \u0441\u0438\u043b\u044c\u043d\u043e \u043e\u0441\u043d\u043e\u0432\u043d\u043e\u044e \u0430\u043d\u0456\u043e\u043d\u043d\u043e\u044e \u0441\u043c\u043e\u043b\u043e\u044e), \u0437\u0430\u0432\u0430\u043d\u0442\u0430\u0436\u0435\u043d\u043e\u044e \u0432 \u043f\u0440\u043e\u0437\u043e\u0440\u0438\u0439 \u043e\u0431\u043c\u0456\u043d\u043d\u0438\u0439 \u043a\u043e\u0442\u0435\u043b, \u044f\u043a \u0437\u043c\u0456\u0448\u0430\u043d\u0430 \u0441\u043c\u043e\u043b\u0430 \u0437 \u0456\u043d\u0434\u0438\u043a\u0430\u0442\u043e\u0440\u043e\u043c \u0434\u043b\u044f \u043c\u043e\u043d\u0456\u0442\u043e\u0440\u0438\u043d\u0433\u0443 \u0432\u043d\u0443\u0442\u0440\u0456\u0448\u043d\u044c\u043e\u0457 \u043e\u0445\u043e\u043b\u043e\u0434\u0436\u0443\u0432\u0430\u043b\u044c\u043d\u043e\u0457 \u0432\u043e\u0434\u0438 \u0433\u0435\u043d\u0435\u0440\u0430\u0442\u043e\u0440\u0430 \u043d\u0430 \u0435\u043b\u0435\u043a\u0442\u0440\u043e\u0441\u0442\u0430\u043d\u0446\u0456\u044f\u0445 \u0430\u0431\u043e \u0432 \u0435\u043b\u0435\u043a\u0442\u0440\u043e\u043d\u043d\u0438\u0445 \u043f\u0440\u0438\u043b\u0430\u0434\u0430\u0445 \u0442\u0430 \u0445\u0430\u0440\u0447\u043e\u0432\u0456\u0439 \u0442\u0430 \u043c\u0435\u0434\u0438\u0447\u043d\u0456\u0439 \u043f\u0440\u043e\u043c\u0438\u0441\u043b\u043e\u0432\u043e\u0441\u0442\u0456.<\/span><\/span><\/p>\n<p><strong><span style=\"vertical-align: inherit;\"><span style=\"vertical-align: inherit;\">2. \u0424\u0438\u0437\u0438\u0447\u0435\u0441\u043a\u0438\u0435 \u0438 \u0445\u0438\u043c\u0438\u0447\u0435\u0441\u043a\u0438\u0435 \u0441\u0432\u043e\u0439\u0441\u0442\u0432\u0430<\/span><\/span><\/strong><\/p>\n<table class=\"big\" width=\"90%\" cellspacing=\"1\" cellpadding=\"0\" align=\"center\" bgcolor=\"#666666\">\n<tbody>\n<tr bgcolor=\"#fffaee\">\n<td>\n<p align=\"center\"><span style=\"vertical-align: inherit;\"><span style=\"vertical-align: inherit;\">\u041d\u0430\u0437\u0432\u0430\u043d\u0438\u0435 \u043f\u043e\u043a\u0430\u0437\u0430\u0442\u0435\u043b\u044f<\/span><\/span><\/p>\n<\/td>\n<td>\n<p align=\"center\"><span style=\"vertical-align: inherit;\"><span style=\"vertical-align: inherit;\">\u041f\u043e\u043a\u0430\u0437\u0430\u0442\u0435\u043b\u044c<\/span><\/span><\/p>\n<\/td>\n<\/tr>\n<tr bgcolor=\"#ffffff\">\n<td>\n<p align=\"center\"><span style=\"vertical-align: inherit;\"><span style=\"vertical-align: inherit;\">\u0424\u043e\u0440\u043c\u0430 \u043f\u0440\u0438 \u043f\u0440\u043e\u0434\u0430\u0436\u0435<\/span><\/span><\/p>\n<\/td>\n<td>\n<p align=\"center\"><span style=\"vertical-align: inherit;\"><span style=\"vertical-align: inherit;\">\u0427\u0442\u043e<\/span><\/span><\/p>\n<\/td>\n<\/tr>\n<tr bgcolor=\"#ffffff\">\n<td>\n<p align=\"center\"><span style=\"vertical-align: inherit;\"><span style=\"vertical-align: inherit;\">\u0412\u043d\u0435\u0448\u043d\u0438\u0439 \u0432\u0438\u0434<\/span><\/span><\/p>\n<\/td>\n<td>\n<p align=\"center\"><span style=\"vertical-align: inherit;\"><span style=\"vertical-align: inherit;\">\u0422\u0435\u043c\u043d\u043e-\u0441\u0438\u043d\u0438\u0435 \u0441\u0444\u0435\u0440\u0438\u0447\u0435\u0441\u043a\u0438\u0435 \u0433\u0440\u0430\u043d\u0443\u043b\u044b<\/span><\/span><\/p>\n<\/td>\n<\/tr>\n<tr bgcolor=\"#ffffff\">\n<td>\n<p align=\"center\"><span style=\"vertical-align: inherit;\"><span style=\"vertical-align: inherit;\">\u0421\u043e\u0434\u0435\u0440\u0436\u0430\u043d\u0438\u0435 \u0432\u043e\u0434\u044b %<\/span><\/span><\/p>\n<\/td>\n<td>\n<p align=\"center\"><span style=\"vertical-align: inherit;\"><span style=\"vertical-align: inherit;\">45,0-52,0<\/span><\/span><\/p>\n<\/td>\n<\/tr>\n<tr bgcolor=\"#ffffff\">\n<td>\n<p align=\"center\"><span style=\"vertical-align: inherit;\"><span style=\"vertical-align: inherit;\">\u041e\u0431\u0449\u0430\u044f \u0435\u043c\u043a\u043e\u0441\u0442\u044c \u043e\u0431\u043c\u0435\u043d\u0430 \u043f\u043e \u043a\u0430\u0447\u0435\u0441\u0442\u0432\u0443, \u043c\u043c\u043e\u043b\u044c\/\u0433<\/span><\/span><\/p>\n<\/td>\n<td>\n<p align=\"center\"><span style=\"vertical-align: inherit;\"><span style=\"vertical-align: inherit;\">\u22654.40<\/span><\/span><\/p>\n<\/td>\n<\/tr>\n<tr bgcolor=\"#ffffff\">\n<td>\n<p align=\"center\"><span style=\"vertical-align: inherit;\"><span style=\"vertical-align: inherit;\">\u0415\u043c\u043a\u043e\u0441\u0442\u044c \u043e\u0431\u043c\u0435\u043d\u0430 \u043f\u043e \u043e\u0431\u044a\u0435\u043c\u0443, \u043c\u043c\u043e\u043b\u044c\/\u043c\u043b<\/span><\/span><\/p>\n<\/td>\n<td>\n<p align=\"center\"><span style=\"vertical-align: inherit;\"><span style=\"vertical-align: inherit;\">\u22651,80<\/span><\/span><\/p>\n<\/td>\n<\/tr>\n<tr bgcolor=\"#ffffff\">\n<td>\n<p align=\"center\"><span style=\"vertical-align: inherit;\"><span style=\"vertical-align: inherit;\">\u041f\u043b\u043e\u0442\u043d\u043e\u0441\u0442\u044c \u043f\u043e \u043e\u0431\u044a\u0435\u043c\u0443, \u0433\/\u043c\u043b<\/span><\/span><\/p>\n<\/td>\n<td>\n<p align=\"center\"><span style=\"vertical-align: inherit;\"><span style=\"vertical-align: inherit;\">0,79-0,89<\/span><\/span><\/p>\n<\/td>\n<\/tr>\n<tr bgcolor=\"#ffffff\">\n<td>\n<p align=\"center\"><span style=\"vertical-align: inherit;\"><span style=\"vertical-align: inherit;\">\u0420\u0430\u0437\u043c\u0435\u0440 \u0433\u0440\u0430\u043d\u0443\u043b, %<\/span><\/span><\/p>\n<\/td>\n<td>\n<p align=\"center\">(0.600-1.25 \u043c\u043c) \u226595.0<\/p>\n<\/td>\n<\/tr>\n<\/tbody>\n<\/table>\n","protected":false},"excerpt":{"rendered":"<p>1. \u0412\u0432\u0435\u0434\u0435\u043d\u0438\u0435 \u041a\u0430\u0442\u0438\u043e\u043d\u043d\u0430\u044f \u0441\u043c\u043e\u043b\u0430 \u0438\u043d\u0434\u0438\u043a\u0430\u0442\u043e\u0440\u043d\u043e\u0433\u043e \u0446\u0432\u0435\u0442\u0430 &#8220;Hydrolite&#8221; ZG BSL \u044f\u0432\u043b\u044f\u0435\u0442\u0441\u044f \u0441\u0438\u043b\u044c\u043d\u043e \u043a\u0438\u0441\u043b\u043e\u0439 \u043a\u0430\u0442\u0438\u043e\u043d\u043d\u043e\u0439 \u0441\u043c\u043e\u043b\u043e\u0439 \u0441 \u0438\u043d\u0434\u0438\u043a\u0430\u0442\u043e\u0440\u043e\u043c, \u043a\u043e\u0442\u043e\u0440\u0430\u044f \u043d\u0435 \u0442\u043e\u043b\u044c\u043a\u043e \u043c\u043e\u0436\u0435\u0442 \u043e\u0431\u043c\u0435\u043d\u0438\u0432\u0430\u0442\u044c\u0441\u044f \u0441 \u043a\u0430\u0442\u0438\u043e\u043d\u0430\u043c\u0438 \u0432 \u0440\u0430\u0441\u0442\u0432\u043e\u0440\u0435, \u043d\u043e \u0438 \u0438\u043c\u0435\u0435\u0442 \u044f\u0432\u043d\u044b\u0435 \u0446\u0432\u0435\u0442\u043e\u0432\u044b\u0435 \u0438\u043d\u0434\u0438\u043a\u0430\u0442\u043e\u0440\u043d\u044b\u0435 \u0445\u0430\u0440\u0430\u043a\u0442\u0435\u0440\u0438\u0441\u0442\u0438\u043a\u0438. \u042d\u0442\u0430 \u0441\u043c\u043e\u043b\u0430 \u0438\u043c\u0435\u0435\u0442 \u0438\u0437\u0443\u043c\u0440\u0443\u0434\u043d\u043e-\u0437\u0435\u043b\u0435\u043d\u044b\u0439 \u0446\u0432\u0435\u0442, \u043a\u043e\u0433\u0434\u0430 \u043e\u043d\u0430 \u0432 \u0432\u043e\u0441\u0441\u0442\u0430\u043d\u043e\u0432\u043b\u0435\u043d\u043d\u043e\u043c \u0442\u0438\u043f\u0435 (H), \u0438 \u0441\u0442\u0430\u043d\u043e\u0432\u0438\u0442\u0441\u044f \u0442\u0435\u043c\u043d\u043e-\u0441\u0438\u043d\u0435\u0439, \u043a\u043e\u0433\u0434\u0430 \u043e\u043d\u0430 \u0432\u044b\u0432\u0435\u0434\u0435\u043d\u0430 \u0438\u0437 \u0438\u0441\u043f\u043e\u043b\u044c\u0437\u043e\u0432\u0430\u043d\u0438\u044f (Na). \u0421\u043c\u0435\u043d\u0430 \u0446\u0432\u0435\u0442\u0430 \u043e\u0447\u0435\u043d\u044c&#8230;<\/p>\n","protected":false},"featured_media":1942,"comment_status":"closed","ping_status":"closed","template":"","meta":[],"product_cat":[511,576],"product_tag":[],"class_list":["post-3274","product","type-product","status-publish","has-post-thumbnail","hentry","product_cat-produtos","product_cat-resinas-indicadoras-pt-pt-2"],"_links":{"self":[{"href":"https:\/\/hydrolite.eu\/pt-pt\/wp-json\/wp\/v2\/product\/3274","targetHints":{"allow":["GET"]}}],"collection":[{"href":"https:\/\/hydrolite.eu\/pt-pt\/wp-json\/wp\/v2\/product"}],"about":[{"href":"https:\/\/hydrolite.eu\/pt-pt\/wp-json\/wp\/v2\/types\/product"}],"replies":[{"embeddable":true,"href":"https:\/\/hydrolite.eu\/pt-pt\/wp-json\/wp\/v2\/comments?post=3274"}],"wp:featuredmedia":[{"embeddable":true,"href":"https:\/\/hydrolite.eu\/pt-pt\/wp-json\/wp\/v2\/media\/1942"}],"wp:attachment":[{"href":"https:\/\/hydrolite.eu\/pt-pt\/wp-json\/wp\/v2\/media?parent=3274"}],"wp:term":[{"taxonomy":"product_cat","embeddable":true,"href":"https:\/\/hydrolite.eu\/pt-pt\/wp-json\/wp\/v2\/product_cat?post=3274"},{"taxonomy":"product_tag","embeddable":true,"href":"https:\/\/hydrolite.eu\/pt-pt\/wp-json\/wp\/v2\/product_tag?post=3274"}],"curies":[{"name":"wp","href":"https:\/\/api.w.org\/{rel}","templated":true}]}}