{"id":6212,"date":"2025-11-20T02:12:12","date_gmt":"2025-11-19T23:12:12","guid":{"rendered":"https:\/\/hydrolite.eu\/?page_id=6212"},"modified":"2025-11-20T02:12:12","modified_gmt":"2025-11-19T23:12:12","slug":"empresa","status":"publish","type":"page","link":"https:\/\/hydrolite.eu\/pt-pt\/empresa\/","title":{"rendered":"Empresa"},"content":{"rendered":"\t<div id=\"gap-1560664370\" class=\"gap-element clearfix\" style=\"display:block; height:auto;\">\n\t\t\n<style>\n#gap-1560664370 {\n  padding-top: 30px;\n}\n<\/style>\n\t<\/div>\n\t\n<div class=\"row row-large row-full-width\"  id=\"row-363042245\">\n\n\t<div id=\"col-1528744991\" class=\"col medium-8 small-12 large-8\"  >\n\t\t<div class=\"col-inner\"  >\n\t\t\t\n\t\t\t\n<h2 class=\"uppercase\">Sobre n\u00f3s<\/h2>\n<h3>Este \u00e9 o site do distribuidor europeu, EuroEcoTech (Alemanha).<\/h3>\n<p>Resinas de permuta i\u00f3nica TM NIDROLIGHT &#8211; Produto inovador e moderno.<\/p>\n<p>O nosso fabricante, Ningbo Zhengguang Resin Co., Ltd., \u00e9 uma subsidi\u00e1ria integral da base de produ\u00e7\u00e3o da Zhejiang Zhengguang Industrial Co., Ltd. A Zhengguang \u00e9 uma das empresas mais influentes da China na produ\u00e7\u00e3o e aplica\u00e7\u00e3o de resinas de troca i\u00f3nica. Fundada em outubro de 1969, conta com mais de 43 anos de experi\u00eancia na investiga\u00e7\u00e3o, desenvolvimento e produ\u00e7\u00e3o de resinas de troca i\u00f3nica. A Zhengguang ocupa tamb\u00e9m a vice-presid\u00eancia do Comit\u00e9 Chin\u00eas de Resinas de Troca I\u00f3nica e \u00e9 membro da Associa\u00e7\u00e3o Mundial da Qualidade.<\/p>\n<p>A Ningbo Zhengguang Resin Co., Ltd. est\u00e1 localizada na ZONA DE DESENVOLVIMENTO ECON\u00d3MICO PETROQU\u00cdMICO DE NINGBO. A zona de planeamento abrange uma \u00e1rea total de 56,22 quil\u00f3metros quadrados e foi oficialmente designada como zona de desenvolvimento nacional pelo Conselho de Estado da China a 30 de Dezembro de 2011. A ZONA DE DESENVOLVIMENTO ECON\u00d3MICO PETROQU\u00cdMICO DE NINGBO alberga o maior terminal de produtos qu\u00edmicos l\u00edquidos do pa\u00eds, as maiores f\u00e1bricas de processamento petroqu\u00edmico do pa\u00eds, Zhenhai, e refinarias de petr\u00f3leo, bem como in\u00fameras empresas qu\u00edmicas. Estas empresas qu\u00edmicas proporcionam um f\u00e1cil acesso \u00e0 aquisi\u00e7\u00e3o de mat\u00e9rias-primas, enquanto o Porto de Beilong, nas proximidades, tamb\u00e9m oferece condi\u00e7\u00f5es favor\u00e1veis \u200b\u200bpara a importa\u00e7\u00e3o e exporta\u00e7\u00e3o de mat\u00e9rias-primas e produtos.<\/p>\n<p>A Ningbo Zhengguang Resin Co., Ltd. realizou a cerim\u00f3nia de inaugura\u00e7\u00e3o em novembro de 2007 e iniciou a produ\u00e7\u00e3o experimental em setembro de 2010. No final de 2011, a Ningbo Zhengguang Resin Co., Ltd. entrou em produ\u00e7\u00e3o normal e obteve a licen\u00e7a de produ\u00e7\u00e3o segura e a aprova\u00e7\u00e3o da inspe\u00e7\u00e3o ambiental.<\/p>\n\t\t<\/div>\n\t\t\t<\/div>\n\n\t\n\n\t<div id=\"col-2111384404\" class=\"col medium-4 small-12 large-4 small-col-first\"  >\n\t\t<div class=\"col-inner\"  >\n\t\t\t\n\t\t\t\n\t<div class=\"img has-hover x md-x lg-x y md-y lg-y\" id=\"image_918820908\">\n\t\t\t\t\t\t\t\t<div class=\"img-inner dark\" >\n\t\t\t<img loading=\"lazy\" decoding=\"async\" width=\"1254\" height=\"841\" src=\"https:\/\/hydrolite.eu\/wp-content\/uploads\/2022\/05\/outside-of-workshop.jpg\" class=\"attachment-original size-original\" alt=\"hydrolite\" srcset=\"https:\/\/hydrolite.eu\/wp-content\/uploads\/2022\/05\/outside-of-workshop.jpg 1254w, https:\/\/hydrolite.eu\/wp-content\/uploads\/2022\/05\/outside-of-workshop-300x201.jpg 300w, https:\/\/hydrolite.eu\/wp-content\/uploads\/2022\/05\/outside-of-workshop-1024x687.jpg 1024w, https:\/\/hydrolite.eu\/wp-content\/uploads\/2022\/05\/outside-of-workshop-200x134.jpg 200w, https:\/\/hydrolite.eu\/wp-content\/uploads\/2022\/05\/outside-of-workshop-400x268.jpg 400w\" sizes=\"auto, (max-width: 1254px) 100vw, 1254px\" \/>\t\t\t\t\t\t\n\t\t\t\t\t<\/div>\n\t\t\t\t\t\t\t\t\n<style>\n#image_918820908 {\n  width: 100%;\n}\n<\/style>\n\t<\/div>\n\t\n\t<div class=\"img has-hover x md-x lg-x y md-y lg-y\" id=\"image_2084549084\">\n\t\t\t\t\t\t\t\t<div class=\"img-inner dark\" >\n\t\t\t<img loading=\"lazy\" decoding=\"async\" width=\"1502\" height=\"973\" src=\"https:\/\/hydrolite.eu\/wp-content\/uploads\/2022\/05\/material-farm.jpg\" class=\"attachment-original size-original\" alt=\"Company\" srcset=\"https:\/\/hydrolite.eu\/wp-content\/uploads\/2022\/05\/material-farm.jpg 1502w, https:\/\/hydrolite.eu\/wp-content\/uploads\/2022\/05\/material-farm-300x194.jpg 300w, https:\/\/hydrolite.eu\/wp-content\/uploads\/2022\/05\/material-farm-1024x663.jpg 1024w, https:\/\/hydrolite.eu\/wp-content\/uploads\/2022\/05\/material-farm-200x130.jpg 200w, https:\/\/hydrolite.eu\/wp-content\/uploads\/2022\/05\/material-farm-400x259.jpg 400w\" sizes=\"auto, (max-width: 1502px) 100vw, 1502px\" \/>\t\t\t\t\t\t\n\t\t\t\t\t<\/div>\n\t\t\t\t\t\t\t\t\n<style>\n#image_2084549084 {\n  width: 100%;\n}\n<\/style>\n\t<\/div>\n\t\n\t\t<\/div>\n\t\t\t<\/div>\n\n\t\n<\/div>\n<div class=\"row row-large row-full-width\"  id=\"row-2086463536\">\n\n\t<div id=\"col-1828310970\" class=\"col medium-4 small-12 large-4\"  >\n\t\t<div class=\"col-inner\"  >\n\t\t\t\n\t\t\t\n\t<div class=\"img has-hover x md-x lg-x y md-y lg-y\" id=\"image_1522785151\">\n\t\t\t\t\t\t\t\t<div class=\"img-inner dark\" >\n\t\t\t<img loading=\"lazy\" decoding=\"async\" width=\"1020\" height=\"639\" src=\"https:\/\/hydrolite.eu\/wp-content\/uploads\/2022\/05\/workshop-1-1024x642.jpg\" class=\"attachment-large size-large\" alt=\"hydrolite\" srcset=\"https:\/\/hydrolite.eu\/wp-content\/uploads\/2022\/05\/workshop-1-1024x642.jpg 1024w, https:\/\/hydrolite.eu\/wp-content\/uploads\/2022\/05\/workshop-1-300x188.jpg 300w, https:\/\/hydrolite.eu\/wp-content\/uploads\/2022\/05\/workshop-1-200x125.jpg 200w, https:\/\/hydrolite.eu\/wp-content\/uploads\/2022\/05\/workshop-1-400x251.jpg 400w, https:\/\/hydrolite.eu\/wp-content\/uploads\/2022\/05\/workshop-1.jpg 1502w\" sizes=\"auto, (max-width: 1020px) 100vw, 1020px\" \/>\t\t\t\t\t\t\n\t\t\t\t\t<\/div>\n\t\t\t\t\t\t\t\t\n<style>\n#image_1522785151 {\n  width: 100%;\n}\n<\/style>\n\t<\/div>\n\t\n\t<div class=\"img has-hover x md-x lg-x y md-y lg-y\" id=\"image_831137519\">\n\t\t\t\t\t\t\t\t<div class=\"img-inner dark\" >\n\t\t\t<img loading=\"lazy\" decoding=\"async\" width=\"1020\" height=\"680\" src=\"https:\/\/hydrolite.eu\/wp-content\/uploads\/2022\/05\/part-of-qc-1024x683.jpg\" class=\"attachment-large size-large\" alt=\"hydrolite\" srcset=\"https:\/\/hydrolite.eu\/wp-content\/uploads\/2022\/05\/part-of-qc-1024x683.jpg 1024w, https:\/\/hydrolite.eu\/wp-content\/uploads\/2022\/05\/part-of-qc-300x200.jpg 300w, https:\/\/hydrolite.eu\/wp-content\/uploads\/2022\/05\/part-of-qc-200x133.jpg 200w, https:\/\/hydrolite.eu\/wp-content\/uploads\/2022\/05\/part-of-qc-400x267.jpg 400w, https:\/\/hydrolite.eu\/wp-content\/uploads\/2022\/05\/part-of-qc.jpg 1180w\" sizes=\"auto, (max-width: 1020px) 100vw, 1020px\" \/>\t\t\t\t\t\t\n\t\t\t\t\t<\/div>\n\t\t\t\t\t\t\t\t\n<style>\n#image_831137519 {\n  width: 100%;\n}\n<\/style>\n\t<\/div>\n\t\n\t\t<\/div>\n\t\t\t<\/div>\n\n\t\n\n\t<div id=\"col-883560880\" class=\"col medium-8 small-12 large-8\"  >\n\t\t<div class=\"col-inner\"  >\n\t\t\t\n\t\t\t\n<p>A Zhengguang \u00e9 especializada na produ\u00e7\u00e3o de resinas de troca i\u00f3nica, meios de separa\u00e7\u00e3o bioqu\u00edmica e adsorventes macroporosos. A linha de resinas de troca i\u00f3nica \u00e9 composta por quatro s\u00e9ries principais: s\u00e9rie de estireno, s\u00e9rie de \u00e1cido acr\u00edlico, s\u00e9rie de fenolalde\u00eddo e s\u00e9rie de oxig\u00e9nio c\u00edclico. Os meios de separa\u00e7\u00e3o bioqu\u00edmica incluem meios de cromatografia de troca i\u00f3nica, meios de cromatografia de intera\u00e7\u00e3o hidrof\u00f3bica, meios de cromatografia de afinidade, meios de cromatografia em gel e intermedi\u00e1rios ativados, abrangendo cinco tipos e quase 100 variedades. Os adsorventes macroporosos incluem adsorventes apolares, moderadamente polares e polares de tr\u00eas tipos e quase uma d\u00fazia de variedades. As marcas registadas incluem &#8220;Zhengguang&#8221; e &#8220;Hydorlite&#8221;.<\/p>\n<p>A Zhengguang goza de uma elevada reputa\u00e7\u00e3o entre os clientes e no setor pela sua excelente qualidade de produto, tecnologia avan\u00e7ada e servi\u00e7os t\u00e9cnicos de excel\u00eancia. A empresa desenvolveu v\u00e1rios produtos no \u00e2mbito da iniciativa chinesa e recebeu, entre outros, o &#8220;Certificado Nacional de Novo Produto Chave&#8221;, o &#8220;Certificado do Fundo de Inova\u00e7\u00e3o Tecnol\u00f3gica&#8221;, o &#8220;Plano Nacional Tocha&#8221;, o &#8220;Pr\u00e9mio de Ci\u00eancia e Tecnologia da China Electric Power&#8221;, &#8220;Patentes de Modelo de Utilidade&#8221; e &#8220;Patentes de Inven\u00e7\u00e3o&#8221;. A resina de troca i\u00f3nica da Zhengguang foi repetidamente nomeada &#8220;Produto Famoso da Prov\u00edncia de Zhejiang&#8221;, e a sua marca foi reconhecida como &#8220;Marca Famosa da Prov\u00edncia de Zhejiang&#8221;. Com base nestes pr\u00e9mios, a Zhengguang recebeu os t\u00edtulos de &#8220;Empresa Nacional de Alta Tecnologia Apoiada&#8221;, &#8220;Empresa de Alta Tecnologia da Prov\u00edncia de Zhejiang&#8221; e &#8220;Centro de Tecnologia Empresarial da Prov\u00edncia de Zhejiang&#8221;.<\/p>\n<p>As resinas de troca i\u00f3nica das marcas Zhengguang e Hydrlite s\u00e3o atualmente comercializadas em todas as prov\u00edncias e regi\u00f5es da China, nos setores da energia el\u00e9trica, eletr\u00f3nica, energia nuclear, qu\u00edmica, ind\u00fastria ligeira, farmac\u00eautica, alimentar, bebidas, metalurgia e prote\u00e7\u00e3o ambiental. S\u00e3o tamb\u00e9m exportadas para a Am\u00e9rica, Europa, \u00c1frica e Sudeste Asi\u00e1tico. Gra\u00e7as ao seu excelente desempenho, as resinas Zhengguang desempenham um papel importante no tratamento de \u00e1gua de alimenta\u00e7\u00e3o e condensado de caldeiras, no tratamento de \u00e1gua dos circuitos prim\u00e1rio e secund\u00e1rio de centrais nucleares, na produ\u00e7\u00e3o de \u00e1gua de processo e \u00e1gua ultrapura para a ind\u00fastria eletr\u00f3nica, bem como nos setores alimentar, m\u00e9dico e bioqu\u00edmico. T\u00eam ampla utiliza\u00e7\u00e3o em todo o mundo.<\/p>\n\t\t<\/div>\n\t\t\t<\/div>\n\n\t\n<\/div>\n<div class=\"row row-large row-full-width\"  id=\"row-1585460197\">\n\n\t<div id=\"col-12655377\" class=\"col medium-4 small-12 large-4\"  >\n\t\t<div class=\"col-inner\"  >\n\t\t\t\n\t\t\t\n<div role=\"form\" class=\"wpcf7\" id=\"wpcf7-f27-o1\" lang=\"ru-RU\" dir=\"ltr\">\n<div class=\"screen-reader-response\"><p role=\"status\" aria-live=\"polite\" aria-atomic=\"true\"><\/p> <ul><\/ul><\/div>\n<form action=\"\/pt-pt\/wp-json\/wp\/v2\/pages\/6212#wpcf7-f27-o1\" method=\"post\" class=\"wpcf7-form init\" novalidate=\"novalidate\" data-status=\"init\">\n<div style=\"display: none;\">\n<input type=\"hidden\" name=\"_wpcf7\" value=\"27\" \/>\n<input type=\"hidden\" name=\"_wpcf7_version\" value=\"5.5.5\" \/>\n<input type=\"hidden\" name=\"_wpcf7_locale\" value=\"ru_RU\" \/>\n<input type=\"hidden\" name=\"_wpcf7_unit_tag\" value=\"wpcf7-f27-o1\" \/>\n<input type=\"hidden\" name=\"_wpcf7_container_post\" value=\"0\" \/>\n<input type=\"hidden\" name=\"_wpcf7_posted_data_hash\" value=\"\" \/>\n<\/div>\n<div class=\"form-flat\">\n<span class=\"wpcf7-form-control-wrap your-name\"><input type=\"text\" name=\"your-name\" value=\"\" size=\"40\" class=\"wpcf7-form-control wpcf7-text wpcf7-validates-as-required\" aria-required=\"true\" aria-invalid=\"false\" placeholder=\"Your Name\" \/><\/span><\/p>\n<p><span class=\"wpcf7-form-control-wrap tel-640\"><input type=\"tel\" name=\"tel-640\" value=\"\" size=\"40\" class=\"wpcf7-form-control wpcf7-text wpcf7-tel wpcf7-validates-as-required wpcf7-validates-as-tel\" aria-required=\"true\" aria-invalid=\"false\" placeholder=\"Phone\" \/><\/span><\/p>\n<p><span class=\"wpcf7-form-control-wrap your-email\"><input type=\"email\" name=\"your-email\" value=\"\" size=\"40\" class=\"wpcf7-form-control wpcf7-text wpcf7-email wpcf7-validates-as-required wpcf7-validates-as-email\" aria-required=\"true\" aria-invalid=\"false\" placeholder=\"Your Email\" \/><\/span> <\/p>\n<p><span class=\"wpcf7-form-control-wrap your-message\"><textarea name=\"your-message\" cols=\"40\" rows=\"10\" class=\"wpcf7-form-control wpcf7-textarea\" aria-invalid=\"false\" placeholder=\"Your Message\"><\/textarea><\/span> <\/p>\n<p><input type=\"submit\" value=\"Submit\" class=\"wpcf7-form-control has-spinner wpcf7-submit button\" \/>\n<\/p><\/div>\n<div class=\"wpcf7-response-output\" aria-hidden=\"true\"><\/div><\/form><\/div>\n\t\t<\/div>\n\t\t\t<\/div>\n\n\t\n\n\t<div id=\"col-625528483\" class=\"col medium-8 small-12 large-8\"  >\n\t\t<div class=\"col-inner\"  >\n\t\t\t\n\t\t\t\n\t<div id=\"text-2610298564\" class=\"text\">\n\t\t\n<h2 class=\"uppercase\">Quer trabalhar connosco?<\/h2>\n\t\t\n<style>\n#text-2610298564 {\n  text-align: center;\n}\n<\/style>\n\t<\/div>\n\t\n<p class=\"lead\">Basta escrever-nos.<\/p>\n\t\t<\/div>\n\t\t\t<\/div>\n\n\t\n<\/div>\n","protected":false},"excerpt":{"rendered":"","protected":false},"author":1,"featured_media":5064,"parent":0,"menu_order":0,"comment_status":"closed","ping_status":"closed","template":"page-blank.php","meta":{"footnotes":""},"class_list":["post-6212","page","type-page","status-publish","has-post-thumbnail","hentry"],"_links":{"self":[{"href":"https:\/\/hydrolite.eu\/pt-pt\/wp-json\/wp\/v2\/pages\/6212","targetHints":{"allow":["GET"]}}],"collection":[{"href":"https:\/\/hydrolite.eu\/pt-pt\/wp-json\/wp\/v2\/pages"}],"about":[{"href":"https:\/\/hydrolite.eu\/pt-pt\/wp-json\/wp\/v2\/types\/page"}],"author":[{"embeddable":true,"href":"https:\/\/hydrolite.eu\/pt-pt\/wp-json\/wp\/v2\/users\/1"}],"replies":[{"embeddable":true,"href":"https:\/\/hydrolite.eu\/pt-pt\/wp-json\/wp\/v2\/comments?post=6212"}],"version-history":[{"count":2,"href":"https:\/\/hydrolite.eu\/pt-pt\/wp-json\/wp\/v2\/pages\/6212\/revisions"}],"predecessor-version":[{"id":6229,"href":"https:\/\/hydrolite.eu\/pt-pt\/wp-json\/wp\/v2\/pages\/6212\/revisions\/6229"}],"wp:featuredmedia":[{"embeddable":true,"href":"https:\/\/hydrolite.eu\/pt-pt\/wp-json\/wp\/v2\/media\/5064"}],"wp:attachment":[{"href":"https:\/\/hydrolite.eu\/pt-pt\/wp-json\/wp\/v2\/media?parent=6212"}],"curies":[{"name":"wp","href":"https:\/\/api.w.org\/{rel}","templated":true}]}}