{"id":745,"date":"2022-05-20T11:11:46","date_gmt":"2022-05-20T08:11:46","guid":{"rendered":"https:\/\/hydrolite.eu\/product\/zgc-858-iron-removing-resin\/"},"modified":"2022-05-25T22:40:03","modified_gmt":"2022-05-25T19:40:03","slug":"zywica-usuwajaca-zelazo-zgc-858","status":"publish","type":"product","link":"https:\/\/hydrolite.eu\/pl\/product\/zywica-usuwajaca-zelazo-zgc-858\/","title":{"rendered":"\u017bywica usuwaj\u0105ca \u017celazo ZGC 858"},"content":{"rendered":"<h2 align=\"center\"><strong class=\"proname\"><span style=\"vertical-align: inherit;\"><span style=\"vertical-align: inherit;\">\u017bywica usuwaj\u0105ca \u017celazo ZGC 858<\/span><\/span><\/strong><\/h2>\n<p>&nbsp;<\/p>\n<div class=\"xxx\">\n<p><strong><span style=\"vertical-align: inherit;\"><span style=\"vertical-align: inherit;\">\u201eHydrolite\u201d <\/span><\/span><\/strong><strong><span style=\"vertical-align: inherit;\"><span style=\"vertical-align: inherit;\">ZGC 858<\/span><\/span><\/strong><span style=\"vertical-align: inherit;\"><span style=\"vertical-align: inherit;\"> to usieciowana styren-DVB silna kwasowa \u017cywica kationowa z oboj\u0119tnym rdzeniem, p\u0142ytk\u0105 sulfonowan\u0105 struktur\u0105 pow\u0142oki. <\/span><span style=\"vertical-align: inherit;\">Jest to wysoce wydajna \u017cywica usuwaj\u0105ca \u017celazo, zmi\u0119kczaj\u0105ca wod\u0119. <\/span><span style=\"vertical-align: inherit;\">Ze wzgl\u0119du na kr\u00f3tkie odst\u0119py mi\u0119dzy grupami funkcyjnymi 90% grup funkcyjnych rozprowadza si\u0119 na powierzchni kulek \u017cywicy, co pomaga \u017cywicy z du\u017c\u0105 szybko\u015bci\u0105 wymiany. <\/span><span style=\"vertical-align: inherit;\">Ca\u0142a reakcja wymiany zachodzi\u0142a na powierzchni kulek \u017cywicy, bez potrzeby rozprzestrzeniania si\u0119 do wn\u0119trza \u017cywicy. <\/span><span style=\"vertical-align: inherit;\">Zapobiega wyciekom jon\u00f3w i zapewnia pe\u0142n\u0105 regeneracj\u0119.<\/span><\/span><\/p>\n<p><span style=\"vertical-align: inherit;\"><span style=\"vertical-align: inherit;\">Ze wzgl\u0119du na swoj\u0105 specjaln\u0105 struktur\u0119 i unikalne w\u0142a\u015bciwo\u015bci fizykochemiczne, <\/span><\/span><strong><span style=\"vertical-align: inherit;\"><span style=\"vertical-align: inherit;\">ZGC 858<\/span><\/span><\/strong><span style=\"vertical-align: inherit;\"><span style=\"vertical-align: inherit;\"> jest najlepszym produktem do usuwania \u017celaza, wapnia i magnezu z wody pitnej.<\/span><\/span><\/p>\n<p align=\"center\"><strong><span style=\"vertical-align: inherit;\"><span style=\"vertical-align: inherit;\">W\u0142a\u015bciwo\u015bci fizyczne i chemiczne \u201eHydrolitu\u201d ZGC 858<\/span><\/span><\/strong><\/p>\n<table style=\"width: 561px;\" border=\"1\" width=\"561\" cellspacing=\"0\" cellpadding=\"0\" align=\"center\">\n<tbody>\n<tr>\n<td style=\"width: 312px; height: 25px;\">\n<p align=\"center\"><strong><span style=\"vertical-align: inherit;\"><span style=\"vertical-align: inherit;\">Nazwa indeksu<\/span><\/span><\/strong><\/p>\n<\/td>\n<td style=\"width: 249px; height: 25px;\">\n<p align=\"center\"><strong><span style=\"vertical-align: inherit;\"><span style=\"vertical-align: inherit;\">Indeks<\/span><\/span><\/strong><\/p>\n<\/td>\n<\/tr>\n<tr>\n<td style=\"width: 312px; height: 14px;\"><span style=\"vertical-align: inherit;\"><span style=\"vertical-align: inherit;\">Wygl\u0105d zewn\u0119trzny<\/span><\/span><\/td>\n<td style=\"width: 249px; height: 14px;\">\n<p align=\"center\"><span style=\"vertical-align: inherit;\"><span style=\"vertical-align: inherit;\">Koraliki od br\u0105zowego do czarnego<\/span><\/span><\/p>\n<\/td>\n<\/tr>\n<tr>\n<td style=\"width: 312px; height: 14px;\"><span style=\"vertical-align: inherit;\"><span style=\"vertical-align: inherit;\">forma jonowa<\/span><\/span><\/td>\n<td style=\"width: 249px; height: 14px;\">\n<p align=\"center\"><span style=\"vertical-align: inherit;\"><span style=\"vertical-align: inherit;\">Na<\/span><\/span><\/p>\n<\/td>\n<\/tr>\n<tr>\n<td style=\"width: 312px; height: 14px;\"><span style=\"vertical-align: inherit;\"><span style=\"vertical-align: inherit;\">Zawarto\u015b\u0107 wilgoci %<\/span><\/span><\/td>\n<td style=\"width: 249px; height: 14px;\">\n<p align=\"center\"><span style=\"vertical-align: inherit;\"><span style=\"vertical-align: inherit;\">48,0~56,0<\/span><\/span><\/p>\n<\/td>\n<\/tr>\n<tr>\n<td style=\"width: 312px; height: 14px;\"><span style=\"vertical-align: inherit;\"><span style=\"vertical-align: inherit;\">Pojemno\u015b\u0107 wymiany na podstawie wagi mmol\/g<\/span><\/span><\/td>\n<td style=\"width: 249px; height: 14px;\">\n<p align=\"center\"><span style=\"vertical-align: inherit;\"><span style=\"vertical-align: inherit;\">\u22653,10<\/span><\/span><\/p>\n<\/td>\n<\/tr>\n<tr>\n<td style=\"width: 312px; height: 14px;\"><span style=\"vertical-align: inherit;\"><span style=\"vertical-align: inherit;\">Pojemno\u015b\u0107 adsorbentu \u017celaza g\/L<\/span><\/span><\/td>\n<td style=\"width: 249px; height: 14px;\">\n<p align=\"center\"><span style=\"vertical-align: inherit;\"><span style=\"vertical-align: inherit;\">\u2265 14,5<\/span><\/span><\/p>\n<\/td>\n<\/tr>\n<tr>\n<td style=\"width: 312px; height: 14px;\"><span style=\"vertical-align: inherit;\"><span style=\"vertical-align: inherit;\">Zakres wielko\u015bci cz\u0105stek %<\/span><\/span><\/td>\n<td style=\"width: 249px; height: 14px;\">\n<p align=\"center\"><span style=\"vertical-align: inherit;\"><span style=\"vertical-align: inherit;\">\uff080,315~1,25 mm\uff09\u2265 95,0<\/span><\/span><\/p>\n<\/td>\n<\/tr>\n<tr>\n<td style=\"width: 312px; height: 14px;\"><span style=\"vertical-align: inherit;\"><span style=\"vertical-align: inherit;\">Ca\u0142e koraliki %<\/span><\/span><\/td>\n<td style=\"width: 249px; height: 14px;\">\n<p align=\"center\"><span style=\"vertical-align: inherit;\"><span style=\"vertical-align: inherit;\">\u2265 95,0<\/span><\/span><\/p>\n<\/td>\n<\/tr>\n<\/tbody>\n<\/table>\n<\/div>\n","protected":false},"excerpt":{"rendered":"<p><strong><span style=\"vertical-align: inherit;\"><span style=\"vertical-align: inherit;\">\u201eHydrolite\u201d <\/span><\/span><\/strong><strong><span style=\"vertical-align: inherit;\"><span style=\"vertical-align: inherit;\">ZGC 858<\/span><\/span><\/strong><span style=\"vertical-align: inherit;\"><span style=\"vertical-align: inherit;\"> to usieciowana styren-DVB silna kwasowa \u017cywica kationowa z oboj\u0119tnym rdzeniem, p\u0142ytk\u0105 sulfonowan\u0105 struktur\u0105 pow\u0142oki. <\/span><span style=\"vertical-align: inherit;\">Jest to wysoce wydajna \u017cywica usuwaj\u0105ca \u017celazo, zmi\u0119kczaj\u0105ca wod\u0119. <\/span><span style=\"vertical-align: inherit;\">Ze wzgl\u0119du na kr\u00f3tkie odst\u0119py mi\u0119dzy grupami funkcyjnymi 90% grup funkcyjnych rozprowadza si\u0119 na powierzchni kulek \u017cywicy, co pomaga \u017cywicy z du\u017c\u0105 szybko\u015bci\u0105 wymiany. <\/span><span style=\"vertical-align: inherit;\">Ca\u0142a reakcja wymiany zachodzi\u0142a na powierzchni kulek \u017cywicy, bez potrzeby rozprzestrzeniania si\u0119 do wn\u0119trza \u017cywicy. <\/span><span style=\"vertical-align: inherit;\">Zapobiega wyciekom jon\u00f3w i zapewnia pe\u0142n\u0105 regeneracj\u0119.<\/span><\/span><\/p>\n<p><span style=\"vertical-align: inherit;\"><span style=\"vertical-align: inherit;\">Ze wzgl\u0119du na swoj\u0105 specjaln\u0105 struktur\u0119 i unikalne w\u0142a\u015bciwo\u015bci fizykochemiczne, <\/span><\/span><strong><span style=\"vertical-align: inherit;\"><span style=\"vertical-align: inherit;\">ZGC 858<\/span><\/span><\/strong><span style=\"vertical-align: inherit;\"><span style=\"vertical-align: inherit;\"> jest najlepszym produktem do usuwania \u017celaza, wapnia i magnezu z wody pitnej.<\/span><\/span><\/p>\n","protected":false},"featured_media":304,"comment_status":"closed","ping_status":"closed","template":"","meta":[],"product_cat":[106],"product_tag":[],"class_list":["post-745","product","type-product","status-publish","has-post-thumbnail","hentry","product_cat-uzdatnianie-wody-pitnej"],"_links":{"self":[{"href":"https:\/\/hydrolite.eu\/pl\/wp-json\/wp\/v2\/product\/745","targetHints":{"allow":["GET"]}}],"collection":[{"href":"https:\/\/hydrolite.eu\/pl\/wp-json\/wp\/v2\/product"}],"about":[{"href":"https:\/\/hydrolite.eu\/pl\/wp-json\/wp\/v2\/types\/product"}],"replies":[{"embeddable":true,"href":"https:\/\/hydrolite.eu\/pl\/wp-json\/wp\/v2\/comments?post=745"}],"wp:featuredmedia":[{"embeddable":true,"href":"https:\/\/hydrolite.eu\/pl\/wp-json\/wp\/v2\/media\/304"}],"wp:attachment":[{"href":"https:\/\/hydrolite.eu\/pl\/wp-json\/wp\/v2\/media?parent=745"}],"wp:term":[{"taxonomy":"product_cat","embeddable":true,"href":"https:\/\/hydrolite.eu\/pl\/wp-json\/wp\/v2\/product_cat?post=745"},{"taxonomy":"product_tag","embeddable":true,"href":"https:\/\/hydrolite.eu\/pl\/wp-json\/wp\/v2\/product_tag?post=745"}],"curies":[{"name":"wp","href":"https:\/\/api.w.org\/{rel}","templated":true}]}}