{"id":735,"date":"2022-05-20T11:01:59","date_gmt":"2022-05-20T08:01:59","guid":{"rendered":"https:\/\/hydrolite.eu\/product\/zg-f860-fluorine-remove-ion-exchange-resin\/"},"modified":"2022-05-25T22:08:04","modified_gmt":"2022-05-25T19:08:04","slug":"zg-f860-fluor-usun-zywice-jonowymienna","status":"publish","type":"product","link":"https:\/\/hydrolite.eu\/pl\/product\/zg-f860-fluor-usun-zywice-jonowymienna\/","title":{"rendered":"ZG F860 Fluor Usu\u0144 \u017cywic\u0119 jonowymienn\u0105"},"content":{"rendered":"<h2 align=\"center\"><strong class=\"proname\"><span style=\"vertical-align: inherit;\"><span class=\"\" style=\"vertical-align: inherit;\">ZG F860 Fluor Usu\u0144 \u017cywic\u0119 jonowymienn\u0105<\/span><\/span><\/strong><\/h2>\n<p>&nbsp;<\/p>\n<div class=\"xxx\">\n<p><strong><span style=\"vertical-align: inherit;\"><span style=\"vertical-align: inherit;\">ZG F 860<\/span><\/span><\/strong><span style=\"vertical-align: inherit;\"><span style=\"vertical-align: inherit;\"> to specjalna \u017cywica o makroporowatej strukturze. <\/span><span style=\"vertical-align: inherit;\">Jest to kopolimer makrocz\u0105steczkowy z aktywn\u0105 grup\u0105 aluminiow\u0105 na swojej matrycy styren-DVB. <\/span><span style=\"vertical-align: inherit;\">Ten rodzaj struktury chemicznej jest \u0142atwy dla rodnika kwasu fluorowego w wodzie do utworzenia stabilnego zwi\u0105zku z\u0142o\u017conego, a tym samym ma na celu usuni\u0119cie i zmniejszenie st\u0119\u017cenia fluoru w wodzie, ostatecznie osi\u0105gaj\u0105c krajowy standard wody pitnej, kt\u00f3ry wynosi poni\u017cej 1 mg\/L.<\/span><\/span><\/p>\n<p align=\"left\"><strong><span style=\"vertical-align: inherit;\"><span style=\"vertical-align: inherit;\">ZG F 860<\/span><\/span><\/strong><span style=\"vertical-align: inherit;\"><span style=\"vertical-align: inherit;\"> mo\u017ce wype\u0142ni\u0107 filtr usuwaj\u0105cy fluor i s\u0142u\u017cy\u0107 jako \u015brodek do usuwania fluoru, a wi\u0119c do usuwania fluoru bezpo\u015brednio w domowych instalacjach wodnych. <\/span><span style=\"vertical-align: inherit;\">Ponadto, zgodnie z konkretnymi wymaganiami klient\u00f3w, mo\u017ce by\u0107 u\u017cywany razem z innymi materia\u0142ami filtracyjnymi (np. w\u0119glem aktywnym lub innymi \u017cywicami zmi\u0119kczaj\u0105cymi wod\u0119).<\/span><\/span><\/p>\n<table border=\"1\" width=\"540\" cellspacing=\"0\" cellpadding=\"0\" align=\"center\">\n<tbody>\n<tr>\n<td style=\"width: 276px; height: 68px;\">\n<p style=\"text-align: center;\"><strong><span style=\"vertical-align: inherit;\"><span style=\"vertical-align: inherit;\">Nazwa indeksu<\/span><\/span><\/strong><\/p>\n<\/td>\n<td style=\"width: 264px; height: 68px;\">\n<p style=\"text-align: center;\"><strong><span style=\"vertical-align: inherit;\"><span style=\"vertical-align: inherit;\">Indeks<\/span><\/span><\/strong><\/p>\n<\/td>\n<\/tr>\n<tr>\n<td style=\"width: 276px; height: 66px;\">\n<p style=\"text-align: center;\"><span style=\"vertical-align: inherit;\"><span style=\"vertical-align: inherit;\">Wygl\u0105d zewn\u0119trzny<\/span><\/span><\/p>\n<\/td>\n<td style=\"width: 264px; height: 66px;\">\n<p style=\"text-align: center;\"><span style=\"vertical-align: inherit;\"><span style=\"vertical-align: inherit;\">Jasno\u017c\u00f3\u0142te do \u017c\u00f3\u0142tych koralik\u00f3w<\/span><\/span><\/p>\n<\/td>\n<\/tr>\n<tr>\n<td style=\"width: 276px;\">\n<p style=\"text-align: center;\"><span style=\"vertical-align: inherit;\"><span style=\"vertical-align: inherit;\">jonowy od<\/span><\/span><\/p>\n<\/td>\n<td style=\"width: 264px;\">\n<p style=\"text-align: center;\"><span style=\"vertical-align: inherit;\"><span style=\"vertical-align: inherit;\">\u2014\u2014<\/span><\/span><\/p>\n<\/td>\n<\/tr>\n<tr>\n<td style=\"width: 276px;\">\n<p style=\"text-align: center;\"><span style=\"vertical-align: inherit;\"><span style=\"vertical-align: inherit;\">Zawarto\u015b\u0107 wilgoci %<\/span><\/span><\/p>\n<\/td>\n<td style=\"width: 264px;\">\n<p style=\"text-align: center;\"><span style=\"vertical-align: inherit;\"><span style=\"vertical-align: inherit;\">50,0~65,0<\/span><\/span><\/p>\n<\/td>\n<\/tr>\n<tr>\n<td style=\"width: 276px;\">\n<p style=\"text-align: center;\"><span style=\"vertical-align: inherit;\"><span style=\"vertical-align: inherit;\">Pojemno\u015b\u0107 adsorpcyjna g\/LR<\/span><\/span><\/p>\n<\/td>\n<td style=\"width: 264px;\">\n<p style=\"text-align: center;\"><span style=\"vertical-align: inherit;\"><span style=\"vertical-align: inherit;\">fluor<\/span><\/span><\/p>\n<p style=\"text-align: center;\"><span style=\"vertical-align: inherit;\"><span style=\"vertical-align: inherit;\">\u22652,0<\/span><\/span><\/p>\n<\/td>\n<\/tr>\n<tr>\n<td style=\"width: 276px;\">\n<p style=\"text-align: center;\"><span style=\"vertical-align: inherit;\"><span style=\"vertical-align: inherit;\">Zakres wielko\u015bci cz\u0105stek %<\/span><\/span><\/p>\n<\/td>\n<td style=\"width: 264px;\">\n<p style=\"text-align: center;\"><span style=\"vertical-align: inherit;\"><span style=\"vertical-align: inherit;\">\uff080,315~1,25mm\uff09 \u226595,0<\/span><\/span><\/p>\n<p style=\"text-align: center;\">\n<\/td>\n<\/tr>\n<tr>\n<td style=\"width: 276px;\">\n<p style=\"text-align: center;\"><span style=\"vertical-align: inherit;\"><span style=\"vertical-align: inherit;\">Ca\u0142e koraliki %<\/span><\/span><\/p>\n<\/td>\n<td style=\"width: 264px;\">\n<p style=\"text-align: center;\"><span style=\"vertical-align: inherit;\"><span style=\"vertical-align: inherit;\">\u226595,0<\/span><\/span><\/p>\n<\/td>\n<\/tr>\n<tr>\n<td style=\"width: 276px;\">\n<p style=\"text-align: center;\"><span style=\"vertical-align: inherit;\"><span style=\"vertical-align: inherit;\">Robocze pH<\/span><\/span><\/p>\n<\/td>\n<td style=\"width: 264px;\">\n<p style=\"text-align: center;\"><span style=\"vertical-align: inherit;\"><span style=\"vertical-align: inherit;\">5.0~9.0<\/span><\/span><\/p>\n<\/td>\n<\/tr>\n<tr>\n<td style=\"width: 276px;\">\n<p style=\"text-align: center;\"><span style=\"vertical-align: inherit;\"><span style=\"vertical-align: inherit;\">Temperatura aplikacji \u2103<\/span><\/span><\/p>\n<\/td>\n<td style=\"width: 264px;\">\n<p style=\"text-align: center;\"><span style=\"vertical-align: inherit;\"><span style=\"vertical-align: inherit;\">~40<\/span><\/span><\/p>\n<\/td>\n<\/tr>\n<tr>\n<td style=\"width: 276px;\">\n<p style=\"text-align: center;\"><span style=\"vertical-align: inherit;\"><span style=\"vertical-align: inherit;\">Ograniczona temperatura \u2103<\/span><\/span><\/p>\n<\/td>\n<td style=\"width: 264px;\">\n<p style=\"text-align: center;\"><span style=\"vertical-align: inherit;\"><span style=\"vertical-align: inherit;\">90,0<\/span><\/span><\/p>\n<\/td>\n<\/tr>\n<tr>\n<td style=\"width: 276px;\">\n<p style=\"text-align: center;\"><span style=\"vertical-align: inherit;\"><span style=\"vertical-align: inherit;\">Przep\u0142yw BV\/h<\/span><\/span><\/p>\n<\/td>\n<td style=\"width: 264px;\">\n<p style=\"text-align: center;\"><span style=\"vertical-align: inherit;\"><span style=\"vertical-align: inherit;\">5~10<\/span><\/span><\/p>\n<\/td>\n<\/tr>\n<tr>\n<td style=\"width: 276px;\">\n<p style=\"text-align: center;\"><span style=\"vertical-align: inherit;\"><span style=\"vertical-align: inherit;\">Rozpuszczalno\u015b\u0107<\/span><\/span><\/p>\n<\/td>\n<td style=\"width: 264px;\">\n<p style=\"text-align: center;\"><span style=\"vertical-align: inherit;\"><span style=\"vertical-align: inherit;\">Nierozpuszczalny w wodzie, kwasie, roztworze alkalicznym<\/span><\/span><\/p>\n<\/td>\n<\/tr>\n<\/tbody>\n<\/table>\n<\/div>\n","protected":false},"excerpt":{"rendered":"<p><strong><span style=\"vertical-align: inherit;\"><span style=\"vertical-align: inherit;\">ZG F 860<\/span><\/span><\/strong><span style=\"vertical-align: inherit;\"><span style=\"vertical-align: inherit;\"> to specjalna \u017cywica o makroporowatej strukturze. <\/span><span style=\"vertical-align: inherit;\">Jest to kopolimer makrocz\u0105steczkowy z aktywn\u0105 grup\u0105 aluminiow\u0105 na swojej matrycy styren-DVB. <\/span><span style=\"vertical-align: inherit;\">Ten rodzaj struktury chemicznej jest \u0142atwy dla rodnika kwasu fluorowego w wodzie do utworzenia stabilnego zwi\u0105zku z\u0142o\u017conego, a tym samym ma na celu usuni\u0119cie i zmniejszenie st\u0119\u017cenia fluoru w wodzie, ostatecznie osi\u0105gaj\u0105c krajowy standard wody pitnej, kt\u00f3ry wynosi poni\u017cej 1 mg\/L.<\/span><\/span><\/p>\n<p align=\"left\"><strong><span style=\"vertical-align: inherit;\"><span style=\"vertical-align: inherit;\">ZG F 860<\/span><\/span><\/strong><span style=\"vertical-align: inherit;\"><span style=\"vertical-align: inherit;\"> mo\u017ce wype\u0142ni\u0107 filtr usuwaj\u0105cy fluor i s\u0142u\u017cy\u0107 jako \u015brodek do usuwania fluoru, a wi\u0119c do usuwania fluoru bezpo\u015brednio w domowych instalacjach wodnych. <\/span><span style=\"vertical-align: inherit;\">Ponadto, zgodnie z konkretnymi wymaganiami klient\u00f3w, mo\u017ce by\u0107 u\u017cywany razem z innymi materia\u0142ami filtracyjnymi (np. w\u0119glem aktywnym lub innymi \u017cywicami zmi\u0119kczaj\u0105cymi wod\u0119).<\/span><\/span><\/p>\n","protected":false},"featured_media":304,"comment_status":"closed","ping_status":"closed","template":"","meta":[],"product_cat":[106],"product_tag":[],"class_list":["post-735","product","type-product","status-publish","has-post-thumbnail","hentry","product_cat-uzdatnianie-wody-pitnej"],"_links":{"self":[{"href":"https:\/\/hydrolite.eu\/pl\/wp-json\/wp\/v2\/product\/735","targetHints":{"allow":["GET"]}}],"collection":[{"href":"https:\/\/hydrolite.eu\/pl\/wp-json\/wp\/v2\/product"}],"about":[{"href":"https:\/\/hydrolite.eu\/pl\/wp-json\/wp\/v2\/types\/product"}],"replies":[{"embeddable":true,"href":"https:\/\/hydrolite.eu\/pl\/wp-json\/wp\/v2\/comments?post=735"}],"wp:featuredmedia":[{"embeddable":true,"href":"https:\/\/hydrolite.eu\/pl\/wp-json\/wp\/v2\/media\/304"}],"wp:attachment":[{"href":"https:\/\/hydrolite.eu\/pl\/wp-json\/wp\/v2\/media?parent=735"}],"wp:term":[{"taxonomy":"product_cat","embeddable":true,"href":"https:\/\/hydrolite.eu\/pl\/wp-json\/wp\/v2\/product_cat?post=735"},{"taxonomy":"product_tag","embeddable":true,"href":"https:\/\/hydrolite.eu\/pl\/wp-json\/wp\/v2\/product_tag?post=735"}],"curies":[{"name":"wp","href":"https:\/\/api.w.org\/{rel}","templated":true}]}}