{"id":568,"date":"2022-05-23T21:22:31","date_gmt":"2022-05-23T18:22:31","guid":{"rendered":"https:\/\/hydrolite.eu\/product\/zga455fd-h18\/"},"modified":"2024-04-22T16:47:48","modified_gmt":"2024-04-22T13:47:48","slug":"zga455fd-h18","status":"publish","type":"product","link":"https:\/\/hydrolite.eu\/pl\/product\/zga455fd-h18\/","title":{"rendered":"ZGA455FD-H18 polistyrenowy makroporowaty, \u017cywica anionitowa s\u0142abo zasadowa, forma wolnej zasady, du\u017ca pojemno\u015b\u0107, Sweetener Grade"},"content":{"rendered":"<h2 align=\"center\"><strong class=\"proname\"><span style=\"vertical-align: inherit;\"><span style=\"vertical-align: inherit;\">ZGA455FD-H18 polistyrenowy makroporowaty, \u017cywica anionitowa s\u0142abo zasadowa, forma wolnej zasady, du\u017ca pojemno\u015b\u0107, Sweetener Grade<br \/>\n<\/span><\/span><\/strong><\/h2>\n<p>&nbsp;<\/p>\n<div class=\"xxx\">\n<p><span style=\"vertical-align: inherit;\"><span style=\"vertical-align: inherit;\">ZGA455FD-H18 S\u0142aby podstawowy anion o du\u017cej pojemno\u015bci<\/span><\/span><\/p>\n<p><strong><span style=\"vertical-align: inherit;\"><span style=\"vertical-align: inherit;\">1. Wst\u0119p:<\/span><\/span><\/strong><\/p>\n<p><span style=\"vertical-align: inherit;\"><span style=\"vertical-align: inherit;\">\u201eHydrolite\u201d ZGA455FD-H18 to makroporowata styrenowa s\u0142abo zasadowa \u017cywica anionowymienna opracowana przez ZG dla przemys\u0142u spo\u017cywczego. <\/span><span style=\"vertical-align: inherit;\">W por\u00f3wnaniu do innych s\u0142abych anion\u00f3w zasadowych, ZGA455FD-H18 ma wi\u0119ksz\u0105 pojemno\u015b\u0107 i szybsz\u0105 wymian\u0119, jest bardzo odpowiedni do adsorpcji substancji organicznych i usuwania silnych anion\u00f3w kwasowych w roztworach wodnych i niewodnych. <\/span><span style=\"vertical-align: inherit;\">W tych samych warunkach koszt wody i \u015brodka regeneruj\u0105cego b\u0119dzie mniejszy.<\/span><\/span><\/p>\n<p><span style=\"vertical-align: inherit;\"><span style=\"vertical-align: inherit;\">ZGA 455FD-H18 ma wi\u0119kszy rozmiar por\u00f3w i powierzchni\u0119 w\u0142a\u015bciw\u0105, mo\u017ce adsorbowa\u0107 du\u017co substancji organicznych makrocz\u0105steczek, szybko\u015b\u0107 adsorbentu mo\u017ce osi\u0105gn\u0105\u0107 80-95%, a szybko\u015b\u0107 elucji przekracza 95%, dzi\u0119ki czemu jest bardzo odpowiedni do odsalania i odbarwiania skrobi cukrowej.<\/span><\/span><\/p>\n<p><span style=\"vertical-align: inherit;\"><span style=\"vertical-align: inherit;\">ZGA455FD-H18 posiada kilka mocnych grup podstawowych, w procesie eksploatacji nie adsorbuje ma\u0142ych cz\u0105steczek, charakteryzuje si\u0119 du\u017c\u0105 wytrzyma\u0142o\u015bci\u0105 mechaniczn\u0105, du\u017c\u0105 pojemno\u015bci\u0105 i niskim stopniem p\u0119cznienia, dzi\u0119ki czemu doskonale nadaje si\u0119 do aplikacji sok\u00f3w, napoj\u00f3w, woda pitna i przemys\u0142 spo\u017cywczy, taki jak cukier skrobiowy, piwo, sorbitol, ksylitol, aminokwasy i kwas mlekowy itp., aby poprawi\u0107 smak i przejrzysto\u015b\u0107 swoich produkt\u00f3w.<\/span><\/span><\/p>\n<p><strong><span style=\"vertical-align: inherit;\"><span style=\"vertical-align: inherit;\">2. W\u0142a\u015bciwo\u015bci fizyczne i chemiczne:<\/span><\/span><\/strong><\/p>\n<table border=\"1\" width=\"80%\" align=\"center\">\n<tbody>\n<tr>\n<td align=\"center\" valign=\"top\"><span style=\"vertical-align: inherit;\"><span style=\"vertical-align: inherit;\">Rzeczy<\/span><\/span><\/td>\n<td align=\"center\" valign=\"top\"><span style=\"vertical-align: inherit;\"><span style=\"vertical-align: inherit;\">Indeks<\/span><\/span><\/td>\n<\/tr>\n<tr>\n<td align=\"center\" valign=\"top\"><span style=\"vertical-align: inherit;\"><span style=\"vertical-align: inherit;\">Wygl\u0105d zewn\u0119trzny<\/span><\/span><\/td>\n<td align=\"center\" valign=\"top\"><span style=\"vertical-align: inherit;\"><span style=\"vertical-align: inherit;\">Mleczno-bia\u0142e do jasno\u017c\u00f3\u0142tych koralik\u00f3w kryj\u0105cych<\/span><\/span><\/td>\n<\/tr>\n<tr>\n<td align=\"center\" valign=\"top\"><span style=\"vertical-align: inherit;\"><span style=\"vertical-align: inherit;\">Matryca<\/span><\/span><\/td>\n<td align=\"center\" valign=\"top\"><span style=\"vertical-align: inherit;\"><span style=\"vertical-align: inherit;\">Styren<\/span><\/span><\/td>\n<\/tr>\n<tr>\n<td align=\"center\" valign=\"top\"><span style=\"vertical-align: inherit;\"><span style=\"vertical-align: inherit;\">Forma jonowa<\/span><\/span><\/td>\n<td align=\"center\" valign=\"top\"><span style=\"vertical-align: inherit;\"><span style=\"vertical-align: inherit;\">Wolna amina<\/span><\/span><\/td>\n<\/tr>\n<tr>\n<td align=\"center\" valign=\"top\"><span style=\"vertical-align: inherit;\"><span style=\"vertical-align: inherit;\">Zawarto\u015b\u0107 wilgoci %<\/span><\/span><\/td>\n<td align=\"center\" valign=\"top\"><span style=\"vertical-align: inherit;\"><span style=\"vertical-align: inherit;\">42\uff5e50<\/span><\/span><\/td>\n<\/tr>\n<tr>\n<td align=\"center\" valign=\"top\"><span style=\"vertical-align: inherit;\"><span style=\"vertical-align: inherit;\">Pojemno\u015b\u0107 mmol\/ml<\/span><\/span><\/td>\n<td align=\"center\" valign=\"top\"><span style=\"vertical-align: inherit;\"><span style=\"vertical-align: inherit;\">\u22651,80<\/span><\/span><\/td>\n<\/tr>\n<tr>\n<td align=\"center\" valign=\"top\"><span style=\"vertical-align: inherit;\"><span style=\"vertical-align: inherit;\">G\u0119sto\u015b\u0107 rzeczywista (na mokro) g\/ml<\/span><\/span><\/td>\n<td align=\"center\" valign=\"top\"><span style=\"vertical-align: inherit;\"><span style=\"vertical-align: inherit;\">1,03\uff5e1,06<\/span><\/span><\/td>\n<\/tr>\n<tr>\n<td align=\"center\" valign=\"top\"><span style=\"vertical-align: inherit;\"><span style=\"vertical-align: inherit;\">Waga przesy\u0142ki g\/ml<\/span><\/span><\/td>\n<td align=\"center\" valign=\"top\"><span style=\"vertical-align: inherit;\"><span style=\"vertical-align: inherit;\">0,65\uff5e0,75<\/span><\/span><\/td>\n<\/tr>\n<tr>\n<td align=\"center\" valign=\"top\"><span style=\"vertical-align: inherit;\"><span style=\"vertical-align: inherit;\">Ca\u0142e koraliki %<\/span><\/span><\/td>\n<td align=\"center\" valign=\"top\"><span style=\"vertical-align: inherit;\"><span style=\"vertical-align: inherit;\">\u226590<\/span><\/span><\/td>\n<\/tr>\n<tr>\n<td align=\"center\" valign=\"top\"><span style=\"vertical-align: inherit;\"><span style=\"vertical-align: inherit;\">Obrz\u0119k %<\/span><\/span><\/td>\n<td align=\"center\" valign=\"top\"><span style=\"vertical-align: inherit;\"><span style=\"vertical-align: inherit;\">\u226420<\/span><\/span><\/td>\n<\/tr>\n<tr>\n<td align=\"center\" valign=\"center\"><span style=\"vertical-align: inherit;\"><span style=\"vertical-align: inherit;\">Zakres wielko\u015bci cz\u0105stek %<\/span><\/span><\/td>\n<td align=\"center\" valign=\"center\"><span style=\"vertical-align: inherit;\"><span style=\"vertical-align: inherit;\">(0,45\uff5e1,25mm) \u226595<\/span><\/span><\/td>\n<\/tr>\n<\/tbody>\n<\/table>\n<p><strong><span style=\"vertical-align: inherit;\"><span style=\"vertical-align: inherit;\">3. Odniesienie:<\/span><\/span><\/strong><\/p>\n<table border=\"1\" width=\"80%\" align=\"center\">\n<tbody>\n<tr>\n<td align=\"center\" valign=\"top\" width=\"50%\"><span style=\"vertical-align: inherit;\"><span style=\"vertical-align: inherit;\">Rzeczy<\/span><\/span><\/td>\n<td align=\"center\" valign=\"top\" width=\"50%\"><span style=\"vertical-align: inherit;\"><span style=\"vertical-align: inherit;\">Indeks<\/span><\/span><\/td>\n<\/tr>\n<tr>\n<td align=\"center\" valign=\"top\"><span style=\"vertical-align: inherit;\"><span style=\"vertical-align: inherit;\">Wysoko\u015b\u0107 z\u0142o\u017ca \u017cywicy m<\/span><\/span><\/td>\n<td align=\"center\" valign=\"top\"><span style=\"vertical-align: inherit;\"><span style=\"vertical-align: inherit;\">1,5\uff5e3,0<\/span><\/span><\/td>\n<\/tr>\n<tr>\n<td align=\"center\" valign=\"top\"><span style=\"vertical-align: inherit;\"><span style=\"vertical-align: inherit;\">Zaprojektowana przestrze\u0144 do mycia plec\u00f3w %<\/span><\/span><\/td>\n<td align=\"center\" valign=\"top\"><span style=\"vertical-align: inherit;\"><span style=\"vertical-align: inherit;\">80\uff5e100<\/span><\/span><\/td>\n<\/tr>\n<tr>\n<td align=\"center\" valign=\"top\"><span style=\"vertical-align: inherit;\"><span style=\"vertical-align: inherit;\">Pranie plec\u00f3w %<\/span><\/span><\/td>\n<td align=\"center\" valign=\"top\"><span style=\"vertical-align: inherit;\"><span style=\"vertical-align: inherit;\">50\uff5e85<\/span><\/span><\/td>\n<\/tr>\n<tr>\n<td align=\"center\" valign=\"top\"><span style=\"vertical-align: inherit;\"><span style=\"vertical-align: inherit;\">Regeneruj agenta<\/span><\/span><\/td>\n<td align=\"center\" valign=\"top\"><span style=\"vertical-align: inherit;\"><span style=\"vertical-align: inherit;\">NaOH<\/span><\/span><\/td>\n<\/tr>\n<tr>\n<td align=\"center\" valign=\"top\"><span style=\"vertical-align: inherit;\"><span style=\"vertical-align: inherit;\">G\u0119sto\u015b\u0107 \u015brodka regeneruj\u0105cego %<\/span><\/span><\/td>\n<td align=\"center\" valign=\"top\"><span style=\"vertical-align: inherit;\"><span style=\"vertical-align: inherit;\">4\uff5e5<\/span><\/span><\/td>\n<\/tr>\n<tr>\n<td align=\"center\" valign=\"top\"><span style=\"vertical-align: inherit;\"><span style=\"vertical-align: inherit;\">Dozowanie \u015brodka regeneruj\u0105cego m3\/m3-R<\/span><\/span><\/td>\n<td align=\"center\" valign=\"top\"><span style=\"vertical-align: inherit;\"><span style=\"vertical-align: inherit;\">2,2\uff5e2,5<\/span><\/span><\/td>\n<\/tr>\n<tr>\n<td align=\"center\" valign=\"top\"><span style=\"vertical-align: inherit;\"><span style=\"vertical-align: inherit;\">Regeneruj czas kontaktu min<\/span><\/span><\/td>\n<td align=\"center\" valign=\"top\"><span style=\"vertical-align: inherit;\"><span style=\"vertical-align: inherit;\">50\uff5e70<\/span><\/span><\/td>\n<\/tr>\n<tr>\n<td align=\"center\" valign=\"top\"><span style=\"vertical-align: inherit;\"><span style=\"vertical-align: inherit;\">Czas wymiany min<\/span><\/span><\/td>\n<td align=\"center\" valign=\"top\"><span style=\"vertical-align: inherit;\"><span style=\"vertical-align: inherit;\">30\uff5e50<\/span><\/span><\/td>\n<\/tr>\n<tr>\n<td align=\"center\" valign=\"top\"><span style=\"vertical-align: inherit;\"><span style=\"vertical-align: inherit;\">Przep\u0142yw p\u0142ukania m\/h<\/span><\/span><\/td>\n<td align=\"center\" valign=\"top\"><span style=\"vertical-align: inherit;\"><span style=\"vertical-align: inherit;\">10\uff5e15<\/span><\/span><\/td>\n<\/tr>\n<tr>\n<td align=\"center\" valign=\"top\"><span style=\"vertical-align: inherit;\"><span style=\"vertical-align: inherit;\">Temperatura pracy \u00b0C<\/span><\/span><\/td>\n<td align=\"center\" valign=\"top\"><span style=\"vertical-align: inherit;\"><span style=\"vertical-align: inherit;\">30\uff5e60<\/span><\/span><\/td>\n<\/tr>\n<tr>\n<td align=\"center\" valign=\"top\"><span style=\"vertical-align: inherit;\"><span style=\"vertical-align: inherit;\">Zakres pH<\/span><\/span><\/td>\n<td align=\"center\" valign=\"top\"><span style=\"vertical-align: inherit;\"><span style=\"vertical-align: inherit;\">0\uff5e7<\/span><\/span><\/td>\n<\/tr>\n<\/tbody>\n<\/table>\n<p><strong><span style=\"vertical-align: inherit;\"><span style=\"vertical-align: inherit;\">4. Instrukcja obs\u0142ugi<\/span><\/span><\/strong><\/p>\n<table border=\"1\" width=\"80%\" align=\"center\">\n<tbody>\n<tr>\n<td align=\"center\" width=\"120\"><span style=\"vertical-align: inherit;\"><span style=\"vertical-align: inherit;\">Operacja<\/span><\/span><\/td>\n<td align=\"center\" width=\"132\"><span style=\"vertical-align: inherit;\"><span style=\"vertical-align: inherit;\">Rozwi\u0105zanie<\/span><\/span><\/td>\n<td align=\"center\" width=\"120\"><span style=\"vertical-align: inherit;\"><span style=\"vertical-align: inherit;\">Nat\u0119\u017cenie przep\u0142ywu (BV\/h)<\/span><\/span><\/td>\n<td align=\"center\" width=\"131\"><span style=\"vertical-align: inherit;\"><span style=\"vertical-align: inherit;\">Dawkowanie (BV)<\/span><\/span><\/td>\n<\/tr>\n<tr>\n<td align=\"center\" width=\"120\"><span style=\"vertical-align: inherit;\"><span style=\"vertical-align: inherit;\">Odzyskiwanie cukru<\/span><\/span><\/td>\n<td align=\"center\" width=\"132\"><span style=\"vertical-align: inherit;\"><span style=\"vertical-align: inherit;\">Czystej wody<\/span><\/span><\/td>\n<td align=\"center\" width=\"120\"><span style=\"vertical-align: inherit;\"><span style=\"vertical-align: inherit;\">2.0\uff5e4.0<\/span><\/span><\/td>\n<td align=\"center\" width=\"131\"><span style=\"vertical-align: inherit;\"><span style=\"vertical-align: inherit;\">2,0\uff5e3,0<\/span><\/span><\/td>\n<\/tr>\n<tr>\n<td align=\"center\" width=\"120\"><span style=\"vertical-align: inherit;\"><span style=\"vertical-align: inherit;\">Mycie plec\u00f3w<\/span><\/span><\/td>\n<td align=\"center\" width=\"132\"><span style=\"vertical-align: inherit;\"><span style=\"vertical-align: inherit;\">Czystej wody<\/span><\/span><\/td>\n<td align=\"center\" width=\"120\"><span style=\"vertical-align: inherit;\"><span style=\"vertical-align: inherit;\">2.0\uff5e4.0<\/span><\/span><\/td>\n<td align=\"center\" width=\"131\"><span style=\"vertical-align: inherit;\"><span style=\"vertical-align: inherit;\">2,5\uff5e3,0<\/span><\/span><\/td>\n<\/tr>\n<tr>\n<td align=\"center\" width=\"120\"><span style=\"vertical-align: inherit;\"><span style=\"vertical-align: inherit;\">Zregenerowa\u0107<\/span><\/span><\/td>\n<td align=\"center\" width=\"132\"><span style=\"vertical-align: inherit;\"><span style=\"vertical-align: inherit;\">4\uff5e5% roztw\u00f3r NaOH<\/span><\/span><\/td>\n<td align=\"center\" width=\"120\"><span style=\"vertical-align: inherit;\"><span style=\"vertical-align: inherit;\">1,5\uff5e2,0<\/span><\/span><\/td>\n<td align=\"center\" width=\"131\"><span style=\"vertical-align: inherit;\"><span style=\"vertical-align: inherit;\">2,2\uff5e2,5<\/span><\/span><\/td>\n<\/tr>\n<tr>\n<td align=\"center\" width=\"120\"><span style=\"vertical-align: inherit;\"><span style=\"vertical-align: inherit;\">Zast\u0105pienie<\/span><\/span><\/td>\n<td align=\"center\" width=\"132\"><span style=\"vertical-align: inherit;\"><span style=\"vertical-align: inherit;\">DI lub czysta woda<\/span><\/span><\/td>\n<td align=\"center\" width=\"120\"><span style=\"vertical-align: inherit;\"><span style=\"vertical-align: inherit;\">1,0\uff5e2,0<\/span><\/span><\/td>\n<td align=\"center\" width=\"131\"><span style=\"vertical-align: inherit;\"><span style=\"vertical-align: inherit;\">1,5\uff5e2,0<\/span><\/span><\/td>\n<\/tr>\n<tr>\n<td align=\"center\" width=\"120\"><span style=\"vertical-align: inherit;\"><span style=\"vertical-align: inherit;\">P\u0142ukanie<\/span><\/span><\/td>\n<td align=\"center\" width=\"132\"><span style=\"vertical-align: inherit;\"><span style=\"vertical-align: inherit;\">DI lub czysta woda<\/span><\/span><\/td>\n<td align=\"center\" width=\"120\"><span style=\"vertical-align: inherit;\"><span style=\"vertical-align: inherit;\">10\uff5e15<\/span><\/span><\/td>\n<td align=\"center\" width=\"131\"><span style=\"vertical-align: inherit;\"><span style=\"vertical-align: inherit;\">5.0\uff5e8.0<\/span><\/span><\/td>\n<\/tr>\n<tr>\n<td align=\"center\" width=\"120\"><span style=\"vertical-align: inherit;\"><span style=\"vertical-align: inherit;\">P\u0142ukanie<\/span><\/span><\/td>\n<td align=\"center\" width=\"132\"><span style=\"vertical-align: inherit;\"><span style=\"vertical-align: inherit;\">W wodzie<\/span><\/span><\/td>\n<td align=\"center\" width=\"120\"><span style=\"vertical-align: inherit;\"><span style=\"vertical-align: inherit;\">10\uff5e15<\/span><\/span><\/td>\n<td align=\"center\" width=\"131\"><span style=\"vertical-align: inherit;\"><span style=\"vertical-align: inherit;\">5.0\uff5e10.0<\/span><\/span><\/td>\n<\/tr>\n<tr>\n<td align=\"center\" width=\"120\"><span style=\"vertical-align: inherit;\"><span style=\"vertical-align: inherit;\">Operacyjny<\/span><\/span><\/td>\n<td align=\"center\" width=\"132\"><span style=\"vertical-align: inherit;\"><span style=\"vertical-align: inherit;\">Likier cukrowy<\/span><\/span><\/td>\n<td align=\"center\" width=\"120\"><span style=\"vertical-align: inherit;\"><span style=\"vertical-align: inherit;\">2.0\uff5e4.0<\/span><\/span><\/td>\n<td align=\"center\" width=\"131\"><span style=\"vertical-align: inherit;\"><span style=\"vertical-align: inherit;\">50\uff5e100<\/span><\/span><\/td>\n<\/tr>\n<\/tbody>\n<\/table>\n<p><span style=\"vertical-align: inherit;\"><span style=\"vertical-align: inherit;\">Uwaga: Po rozpocz\u0119ciu p\u0142ukania wstecznego szybko\u015b\u0107 przep\u0142ywu powinna by\u0107 niska, po tym jak wszystkie \u017cywice stan\u0105 si\u0119 elastyczne, nale\u017cy zwi\u0119ksza\u0107 szybko\u015b\u0107 przep\u0142ywu wstecznego krok po kroku, po pe\u0142nym dzia\u0142aniu \u017cywic, stabilne nat\u0119\u017cenie przep\u0142ywu p\u0142ukania wstecznego do momentu wyp\u0142yni\u0119cia wody z p\u0142ukania wstecznego to czyste.<\/span><\/span><\/p>\n<p><strong><span style=\"vertical-align: inherit;\"><span style=\"vertical-align: inherit;\">5. Krzywa przecieku operacyjnego anion\u00f3w<\/span><\/span><\/strong><\/p>\n<p><strong><span style=\"vertical-align: inherit;\"><span style=\"vertical-align: inherit;\">Miejsce produkcji: miasto Ningbo, Chiny.<\/span><\/span><\/strong><\/p>\n<p><strong><span style=\"vertical-align: inherit;\"><span style=\"vertical-align: inherit;\">Dystrybucja: Wysy\u0142ane z fabryki ZG Ningbo do wszystkich prowincji w Chinach i za granic\u0105.<\/span><\/span><\/strong><\/p>\n<\/div>\n","protected":false},"excerpt":{"rendered":"<p>\u201cHydrolite\u201d ZGA455FD-H18 is a macroporous styrene series weak basic anion exchange resin that ZG developed for food industry. Compare to other weak basic anions, ZGA455FD-H18 has larger capacity and faster exchange speed, it is very suitable to adsorb organics and remove strong acid anion in water and non-water solutions. Under the same condition, the cost of water and regenerate agent will be less.<\/p>\n<p>ZGA 455FD-H18 is with larger pore size and specific surface area, it could adsorb a lot of macromolecule organics, adsorbent rate could reach to 80-95%, and the elution rate is more than 95%, thus very suitable for desalination and decoloration of sugar starch.<\/p>\n<p><span style=\"vertical-align: inherit;\"><span style=\"vertical-align: inherit;\">ZGA455FD-H18 posiada kilka mocnych grup podstawowych, w procesie eksploatacji nie adsorbuje ma\u0142ych cz\u0105steczek, charakteryzuje si\u0119 du\u017c\u0105 wytrzyma\u0142o\u015bci\u0105 mechaniczn\u0105, du\u017c\u0105 pojemno\u015bci\u0105 i niskim stopniem p\u0119cznienia, dzi\u0119ki czemu doskonale nadaje si\u0119 do aplikacji sok\u00f3w, napoj\u00f3w, woda pitna i przemys\u0142 spo\u017cywczy, taki jak cukier skrobiowy, piwo, sorbitol, ksylitol, aminokwasy i kwas mlekowy itp., aby poprawi\u0107 smak i przejrzysto\u015b\u0107 swoich produkt\u00f3w.<\/span><\/span><\/p>\n","protected":false},"featured_media":304,"comment_status":"closed","ping_status":"closed","template":"","meta":[],"product_cat":[105],"product_tag":[],"class_list":["post-568","product","type-product","status-publish","has-post-thumbnail","hentry","product_cat-zywice-do-produkcji-slodzikow"],"_links":{"self":[{"href":"https:\/\/hydrolite.eu\/pl\/wp-json\/wp\/v2\/product\/568","targetHints":{"allow":["GET"]}}],"collection":[{"href":"https:\/\/hydrolite.eu\/pl\/wp-json\/wp\/v2\/product"}],"about":[{"href":"https:\/\/hydrolite.eu\/pl\/wp-json\/wp\/v2\/types\/product"}],"replies":[{"embeddable":true,"href":"https:\/\/hydrolite.eu\/pl\/wp-json\/wp\/v2\/comments?post=568"}],"wp:featuredmedia":[{"embeddable":true,"href":"https:\/\/hydrolite.eu\/pl\/wp-json\/wp\/v2\/media\/304"}],"wp:attachment":[{"href":"https:\/\/hydrolite.eu\/pl\/wp-json\/wp\/v2\/media?parent=568"}],"wp:term":[{"taxonomy":"product_cat","embeddable":true,"href":"https:\/\/hydrolite.eu\/pl\/wp-json\/wp\/v2\/product_cat?post=568"},{"taxonomy":"product_tag","embeddable":true,"href":"https:\/\/hydrolite.eu\/pl\/wp-json\/wp\/v2\/product_tag?post=568"}],"curies":[{"name":"wp","href":"https:\/\/api.w.org\/{rel}","templated":true}]}}