{"id":549,"date":"2022-05-23T21:17:13","date_gmt":"2022-05-23T18:17:13","guid":{"rendered":"https:\/\/hydrolite.eu\/product\/zgd750-macroporous-strong-basic-anion-exchange-resin\/"},"modified":"2024-05-14T22:46:22","modified_gmt":"2024-05-14T19:46:22","slug":"zgd750-macroporous-strong-basic-anion-exchange-resin","status":"publish","type":"product","link":"https:\/\/hydrolite.eu\/pl\/product\/zgd750-macroporous-strong-basic-anion-exchange-resin\/","title":{"rendered":"ZGD750 polistyrenowy makroporowaty, \u017cywica anionitowa silnie zasadowa typu I, forma chlorkowa"},"content":{"rendered":"<h2 align=\"center\"><strong class=\"proname\"><span style=\"vertical-align: inherit;\"><span class=\"\" style=\"vertical-align: inherit;\">ZGD750 polistyrenowy makroporowaty, \u017cywica anionitowa silnie zasadowa typu I, forma chlorkowa<br \/>\n<\/span><\/span><\/strong><\/h2>\n<p>&nbsp;<\/p>\n<div class=\"xxx\">\n<p><strong><span style=\"vertical-align: inherit;\"><span style=\"vertical-align: inherit;\">1. Wst\u0119p:<\/span><\/span><\/strong><\/p>\n<p><span style=\"vertical-align: inherit;\"><span style=\"vertical-align: inherit;\">\u201eHydrolite\u201d ZGD750 to makroporowata, silna zasadowa styrenowa \u017cywica anionowymienna. <\/span><span style=\"vertical-align: inherit;\">Mo\u017ce skutecznie usuwa\u0107 substancje organiczne o du\u017cej masie cz\u0105steczkowej i organiczne substancje barwi\u0105ce z ujemn\u0105 elektryczno\u015bci\u0105 i elektrycznie oboj\u0119tne. <\/span><span style=\"vertical-align: inherit;\">Szczeg\u00f3lnie nadaje si\u0119 do odbarwiania cukru skrobiowego z du\u017c\u0105 szybko\u015bci\u0105 wymiany i doskona\u0142\u0105 zdolno\u015bci\u0105 adsorpcji, ponadto ma du\u017c\u0105 zdolno\u015b\u0107 odbarwiania i ma siln\u0105 zdolno\u015b\u0107 do przeciwdzia\u0142ania zanieczyszczeniom. <\/span><span style=\"vertical-align: inherit;\">Odpowiednia wielko\u015b\u0107 por\u00f3w i obj\u0119to\u015b\u0107 por\u00f3w sprawiaj\u0105, \u017ce ZGD750 ma stosunkowo du\u017c\u0105 powierzchni\u0119 w\u0142a\u015bciw\u0105, a tym samym wi\u0119ksz\u0105 pojemno\u015b\u0107 adsorpcyjn\u0105 i w\u0142a\u015bciwo\u015bci zapobiegaj\u0105ce zanieczyszczeniom.<\/span><\/span><\/p>\n<p><strong><span style=\"vertical-align: inherit;\"><span style=\"vertical-align: inherit;\">2. W\u0142a\u015bciwo\u015bci fizyczne i chemiczne:<\/span><\/span><\/strong><\/p>\n<table border=\"1\" width=\"80%\" align=\"center\">\n<tbody>\n<tr>\n<td align=\"center\" valign=\"center\" width=\"252\"><span style=\"vertical-align: inherit;\"><span style=\"vertical-align: inherit;\">Rzeczy<\/span><\/span><\/td>\n<td align=\"center\" valign=\"center\" width=\"252\"><span style=\"vertical-align: inherit;\"><span style=\"vertical-align: inherit;\">Indeks<\/span><\/span><\/td>\n<\/tr>\n<tr>\n<td align=\"center\" valign=\"center\" width=\"252\"><span style=\"vertical-align: inherit;\"><span style=\"vertical-align: inherit;\">Wygl\u0105d zewn\u0119trzny<\/span><\/span><\/td>\n<td align=\"center\" valign=\"center\" width=\"252\"><span style=\"vertical-align: inherit;\"><span style=\"vertical-align: inherit;\">Mleczno-bia\u0142e koraliki<\/span><\/span><\/td>\n<\/tr>\n<tr>\n<td align=\"center\" valign=\"center\" width=\"252\"><span style=\"vertical-align: inherit;\"><span style=\"vertical-align: inherit;\">Matryca<\/span><\/span><\/td>\n<td align=\"center\" valign=\"top\" width=\"252\"><span style=\"vertical-align: inherit;\"><span style=\"vertical-align: inherit;\">Styren<\/span><\/span><\/td>\n<\/tr>\n<tr>\n<td align=\"center\" valign=\"center\" width=\"252\"><span style=\"vertical-align: inherit;\"><span style=\"vertical-align: inherit;\">Forma jonowa<\/span><\/span><\/td>\n<td align=\"center\" valign=\"top\" width=\"252\"><span style=\"vertical-align: inherit;\"><span style=\"vertical-align: inherit;\">CL+<\/span><\/span><\/td>\n<\/tr>\n<tr>\n<td align=\"center\" valign=\"center\" width=\"252\"><span style=\"vertical-align: inherit;\"><span style=\"vertical-align: inherit;\">Zawarto\u015b\u0107 wilgoci %<\/span><\/span><\/td>\n<td align=\"center\" valign=\"center\" width=\"252\"><span style=\"vertical-align: inherit;\"><span style=\"vertical-align: inherit;\">62,0 ~ 70,0<\/span><\/span><\/td>\n<\/tr>\n<tr>\n<td align=\"center\" valign=\"center\" width=\"252\"><span style=\"vertical-align: inherit;\"><span style=\"vertical-align: inherit;\">Pojemno\u015b\u0107 na podstawie obj\u0119to\u015bci mmol\/ml<\/span><\/span><\/td>\n<td align=\"center\" valign=\"center\" width=\"252\"><span style=\"vertical-align: inherit;\"><span style=\"vertical-align: inherit;\">\u2265 0,80<\/span><\/span><\/td>\n<\/tr>\n<tr>\n<td align=\"center\" valign=\"center\" width=\"252\"><span style=\"vertical-align: inherit;\"><span style=\"vertical-align: inherit;\">Waga przesy\u0142ki g\/ml<\/span><\/span><\/td>\n<td align=\"center\" valign=\"center\" width=\"252\"><span style=\"vertical-align: inherit;\"><span style=\"vertical-align: inherit;\">0,66 ~ 0,72<\/span><\/span><\/td>\n<\/tr>\n<tr>\n<td align=\"center\" valign=\"center\" width=\"252\"><span style=\"vertical-align: inherit;\"><span style=\"vertical-align: inherit;\">G\u0119sto\u015b\u0107 rzeczywista (na mokro) g\/ml<\/span><\/span><\/td>\n<td align=\"center\" valign=\"center\" width=\"252\"><span style=\"vertical-align: inherit;\"><span style=\"vertical-align: inherit;\">1,04 ~ 1,10<\/span><\/span><\/td>\n<\/tr>\n<tr>\n<td align=\"center\" valign=\"center\" width=\"252\"><span style=\"vertical-align: inherit;\"><span style=\"vertical-align: inherit;\">Zakres wielko\u015bci cz\u0105stek %<\/span><\/span><\/td>\n<td align=\"center\" valign=\"center\" width=\"252\"><span style=\"vertical-align: inherit;\"><span style=\"vertical-align: inherit;\">\uff080,45\uff5e1,25mm\uff09\u226595,0<\/span><\/span><\/td>\n<\/tr>\n<tr>\n<td align=\"center\" valign=\"center\" width=\"252\"><span style=\"vertical-align: inherit;\"><span style=\"vertical-align: inherit;\">Niski Ograniczony %<\/span><\/span><\/td>\n<td align=\"center\" valign=\"center\" width=\"252\"><span style=\"vertical-align: inherit;\"><span style=\"vertical-align: inherit;\">\uff08\uff1c0,45 mm\uff09 \u2264 1,0<\/span><\/span><\/td>\n<\/tr>\n<tr>\n<td align=\"center\" valign=\"center\" width=\"252\"><span style=\"vertical-align: inherit;\"><span style=\"vertical-align: inherit;\">Wsp\u00f3\u0142czynnik jednorodny<\/span><\/span><\/td>\n<td align=\"center\" valign=\"center\" width=\"252\"><span style=\"vertical-align: inherit;\"><span style=\"vertical-align: inherit;\">\u2264 1,60<\/span><\/span><\/td>\n<\/tr>\n<tr>\n<td align=\"center\" valign=\"center\" width=\"252\"><span style=\"vertical-align: inherit;\"><span style=\"vertical-align: inherit;\">Ca\u0142e koraliki %<\/span><\/span><\/td>\n<td align=\"center\" valign=\"center\" width=\"252\"><span style=\"vertical-align: inherit;\"><span style=\"vertical-align: inherit;\">\u2265 95,0<\/span><\/span><\/td>\n<\/tr>\n<\/tbody>\n<\/table>\n<p><strong><span style=\"vertical-align: inherit;\"><span style=\"vertical-align: inherit;\">3. Odniesienie:<\/span><\/span><\/strong><\/p>\n<table border=\"1\" width=\"80%\" align=\"center\">\n<tbody>\n<tr>\n<td align=\"center\" valign=\"center\" width=\"264\"><span style=\"vertical-align: inherit;\"><span style=\"vertical-align: inherit;\">Rzeczy<\/span><\/span><\/td>\n<td align=\"center\" valign=\"center\" width=\"228\"><span style=\"vertical-align: inherit;\"><span style=\"vertical-align: inherit;\">Odniesienie<\/span><\/span><\/td>\n<\/tr>\n<tr>\n<td align=\"center\" valign=\"center\" width=\"264\"><span style=\"vertical-align: inherit;\"><span style=\"vertical-align: inherit;\">Temperatura \u00b0C<\/span><\/span><\/td>\n<td align=\"center\" valign=\"center\" width=\"228\"><span style=\"vertical-align: inherit;\"><span style=\"vertical-align: inherit;\">\u2264 80\uff08CL\uff09<\/span><\/span><\/td>\n<\/tr>\n<tr>\n<td align=\"center\" valign=\"center\" width=\"264\"><span style=\"vertical-align: inherit;\"><span style=\"vertical-align: inherit;\">Wysoko\u015b\u0107 \u0142\u00f3\u017cka mm<\/span><\/span><\/td>\n<td align=\"center\" valign=\"center\" width=\"228\"><span style=\"vertical-align: inherit;\"><span style=\"vertical-align: inherit;\">\u2265 700<\/span><\/span><\/td>\n<\/tr>\n<tr>\n<td align=\"center\" valign=\"center\" width=\"264\"><span style=\"vertical-align: inherit;\"><span style=\"vertical-align: inherit;\">Elastyczna stawka za pranie wsteczne %<\/span><\/span><\/td>\n<td align=\"center\" valign=\"center\" width=\"228\"><span style=\"vertical-align: inherit;\"><span style=\"vertical-align: inherit;\">50 ~ 75<\/span><\/span><\/td>\n<\/tr>\n<tr>\n<td align=\"center\" valign=\"center\" width=\"264\"><span style=\"vertical-align: inherit;\"><span style=\"vertical-align: inherit;\">Obs\u0142uguj nat\u0119\u017cenie przep\u0142ywu BV\/h<\/span><\/span><\/td>\n<td align=\"center\" valign=\"center\" width=\"228\"><span style=\"vertical-align: inherit;\"><span style=\"vertical-align: inherit;\">5~10<\/span><\/span><\/td>\n<\/tr>\n<\/tbody>\n<\/table>\n<p><strong><span style=\"vertical-align: inherit;\"><span style=\"vertical-align: inherit;\">4. Instrukcja obs\u0142ugi<\/span><\/span><\/strong><\/p>\n<table border=\"1\" width=\"80%\" align=\"center\">\n<tbody>\n<tr>\n<td align=\"center\" valign=\"center\" width=\"105\" height=\"25\"><span style=\"vertical-align: inherit;\"><span style=\"vertical-align: inherit;\">Obs\u0142ugiwa\u0107<\/span><\/span><\/td>\n<td align=\"center\" valign=\"center\" width=\"143\"><span style=\"vertical-align: inherit;\"><span style=\"vertical-align: inherit;\">Rozwi\u0105zanie<\/span><\/span><\/td>\n<td align=\"center\" valign=\"center\" width=\"138\"><span style=\"vertical-align: inherit;\"><span style=\"vertical-align: inherit;\">Przep\u0142yw (BV\/h)<\/span><\/span><\/td>\n<td align=\"center\" valign=\"center\" width=\"124\"><span style=\"vertical-align: inherit;\"><span style=\"vertical-align: inherit;\">Dawkowanie (BV)<\/span><\/span><\/td>\n<\/tr>\n<tr>\n<td align=\"center\" valign=\"center\" width=\"105\"><span style=\"vertical-align: inherit;\"><span style=\"vertical-align: inherit;\">Odzyskiwanie cukru<\/span><\/span><\/td>\n<td align=\"center\" valign=\"center\" width=\"143\"><span style=\"vertical-align: inherit;\"><span style=\"vertical-align: inherit;\">Czystej wody<\/span><\/span><\/td>\n<td align=\"center\" valign=\"center\" width=\"138\"><span style=\"vertical-align: inherit;\"><span style=\"vertical-align: inherit;\">2.0~4.0<\/span><\/span><\/td>\n<td align=\"center\" valign=\"center\" width=\"124\"><span style=\"vertical-align: inherit;\"><span style=\"vertical-align: inherit;\">2,0 ~ 3,0<\/span><\/span><\/td>\n<\/tr>\n<tr>\n<td align=\"center\" valign=\"center\" width=\"105\"><span style=\"vertical-align: inherit;\"><span style=\"vertical-align: inherit;\">Mycie plec\u00f3w<\/span><\/span><\/td>\n<td align=\"center\" valign=\"center\" width=\"143\"><span style=\"vertical-align: inherit;\"><span style=\"vertical-align: inherit;\">Czystej wody<\/span><\/span><\/td>\n<td align=\"center\" valign=\"center\" width=\"138\"><span style=\"vertical-align: inherit;\"><span style=\"vertical-align: inherit;\">2.0~4.0<\/span><\/span><\/td>\n<td align=\"center\" valign=\"center\" width=\"124\"><span style=\"vertical-align: inherit;\"><span style=\"vertical-align: inherit;\">1,5~2,0<\/span><\/span><\/td>\n<\/tr>\n<tr>\n<td align=\"center\" valign=\"center\" width=\"105\"><span style=\"vertical-align: inherit;\"><span style=\"vertical-align: inherit;\">Zregenerowa\u0107<\/span><\/span><\/td>\n<td align=\"center\" valign=\"top\" width=\"143\"><span style=\"vertical-align: inherit;\"><span style=\"vertical-align: inherit;\">8~10% NaCl + 0,5<\/span><\/span><\/p>\n<p><span style=\"vertical-align: inherit;\"><span style=\"vertical-align: inherit;\">~2% roztw\u00f3r mieszany NaOH<\/span><\/span><\/td>\n<td align=\"center\" valign=\"center\" width=\"138\"><span style=\"vertical-align: inherit;\"><span style=\"vertical-align: inherit;\">1,5~2,0<\/span><\/span><\/td>\n<td align=\"center\" valign=\"center\" width=\"124\"><span style=\"vertical-align: inherit;\"><span style=\"vertical-align: inherit;\">2,5~3,5<\/span><\/span><\/td>\n<\/tr>\n<tr>\n<td align=\"center\" valign=\"center\" width=\"105\"><span style=\"vertical-align: inherit;\"><span style=\"vertical-align: inherit;\">Zast\u0105pienie<\/span><\/span><\/td>\n<td align=\"center\" valign=\"top\" width=\"143\"><span style=\"vertical-align: inherit;\"><span style=\"vertical-align: inherit;\">Czysta woda<\/span><\/span><\/td>\n<td align=\"center\" valign=\"top\" width=\"138\"><span style=\"vertical-align: inherit;\"><span style=\"vertical-align: inherit;\">1,0~2,0<\/span><\/span><\/td>\n<td align=\"center\" valign=\"top\" width=\"124\"><span style=\"vertical-align: inherit;\"><span style=\"vertical-align: inherit;\">1,5~2,0<\/span><\/span><\/td>\n<\/tr>\n<tr>\n<td align=\"center\" valign=\"center\" width=\"105\"><span style=\"vertical-align: inherit;\"><span style=\"vertical-align: inherit;\">P\u0142ukanie<\/span><\/span><\/td>\n<td align=\"center\" valign=\"top\" width=\"143\"><span style=\"vertical-align: inherit;\"><span style=\"vertical-align: inherit;\">Czysta woda<\/span><\/span><\/td>\n<td align=\"center\" valign=\"top\" width=\"138\"><span style=\"vertical-align: inherit;\"><span style=\"vertical-align: inherit;\">10~15<\/span><\/span><\/td>\n<td align=\"center\" valign=\"top\" width=\"124\"><span style=\"vertical-align: inherit;\"><span style=\"vertical-align: inherit;\">4.0~6.0<\/span><\/span><\/td>\n<\/tr>\n<tr>\n<td align=\"center\" valign=\"center\" width=\"105\"><span style=\"vertical-align: inherit;\"><span style=\"vertical-align: inherit;\">P\u0142ukanie<\/span><\/span><\/td>\n<td align=\"center\" valign=\"top\" width=\"143\"><span style=\"vertical-align: inherit;\"><span style=\"vertical-align: inherit;\">Oryginalny Likier<\/span><\/span><\/td>\n<td align=\"center\" valign=\"top\" width=\"138\"><span style=\"vertical-align: inherit;\"><span style=\"vertical-align: inherit;\">2.0~4.0<\/span><\/span><\/td>\n<td align=\"center\" valign=\"top\" width=\"124\"><span style=\"vertical-align: inherit;\"><span style=\"vertical-align: inherit;\">30~60<\/span><\/span><\/td>\n<\/tr>\n<\/tbody>\n<\/table>\n<p><span style=\"vertical-align: inherit;\"><span style=\"vertical-align: inherit;\">Uwaga: Po rozpocz\u0119ciu p\u0142ukania wstecznego szybko\u015b\u0107 przep\u0142ywu powinna by\u0107 niska, po tym jak wszystkie \u017cywice stan\u0105 si\u0119 elastyczne, nale\u017cy zwi\u0119ksza\u0107 szybko\u015b\u0107 przep\u0142ywu wstecznego krok po kroku, po pe\u0142nym dzia\u0142aniu \u017cywic, stabilne nat\u0119\u017cenie przep\u0142ywu p\u0142ukania wstecznego do momentu wyp\u0142yni\u0119cia wody z p\u0142ukania wstecznego to czyste.<\/span><\/span><\/p>\n<p><strong><span style=\"vertical-align: inherit;\"><span style=\"vertical-align: inherit;\">6. Krzywa wsp\u00f3\u0142czynnika odbarwiania wysuwu podczas pracy<\/span><\/span><\/strong><\/p>\n<p><strong><span style=\"vertical-align: inherit;\"><span style=\"vertical-align: inherit;\">Miejsce produkcji: miasto Ningbo, Chiny.<\/span><\/span><\/strong><\/p>\n<p><strong><span style=\"vertical-align: inherit;\"><span style=\"vertical-align: inherit;\">Dystrybucja: Wysy\u0142ane z fabryki ZG Ningbo do wszystkich prowincji w Chinach i za granic\u0105.<\/span><\/span><\/strong><\/p>\n<\/div>\n","protected":false},"excerpt":{"rendered":"<p><span style=\"vertical-align: inherit;\"><span style=\"vertical-align: inherit;\">\u201eHydrolite\u201d ZGD750 to makroporowata, silna zasadowa styrenowa \u017cywica anionowymienna. <\/span><span style=\"vertical-align: inherit;\">Mo\u017ce skutecznie usuwa\u0107 substancje organiczne o du\u017cej masie cz\u0105steczkowej i organiczne substancje barwi\u0105ce z ujemn\u0105 elektryczno\u015bci\u0105 i elektrycznie oboj\u0119tne. <\/span><span style=\"vertical-align: inherit;\">Szczeg\u00f3lnie nadaje si\u0119 do odbarwiania cukru skrobiowego z du\u017c\u0105 szybko\u015bci\u0105 wymiany i doskona\u0142\u0105 zdolno\u015bci\u0105 adsorpcji, ponadto ma du\u017c\u0105 zdolno\u015b\u0107 odbarwiania i ma siln\u0105 zdolno\u015b\u0107 do przeciwdzia\u0142ania zanieczyszczeniom. <\/span><span style=\"vertical-align: inherit;\">Odpowiednia wielko\u015b\u0107 por\u00f3w i obj\u0119to\u015b\u0107 por\u00f3w sprawiaj\u0105, \u017ce ZGD750 ma stosunkowo du\u017c\u0105 powierzchni\u0119 w\u0142a\u015bciw\u0105, a tym samym wi\u0119ksz\u0105 pojemno\u015b\u0107 adsorpcyjn\u0105 i w\u0142a\u015bciwo\u015bci zapobiegaj\u0105ce zanieczyszczeniom.<\/span><\/span><\/p>\n","protected":false},"featured_media":304,"comment_status":"closed","ping_status":"closed","template":"","meta":[],"product_cat":[105],"product_tag":[],"class_list":["post-549","product","type-product","status-publish","has-post-thumbnail","hentry","product_cat-zywice-do-produkcji-slodzikow"],"_links":{"self":[{"href":"https:\/\/hydrolite.eu\/pl\/wp-json\/wp\/v2\/product\/549","targetHints":{"allow":["GET"]}}],"collection":[{"href":"https:\/\/hydrolite.eu\/pl\/wp-json\/wp\/v2\/product"}],"about":[{"href":"https:\/\/hydrolite.eu\/pl\/wp-json\/wp\/v2\/types\/product"}],"replies":[{"embeddable":true,"href":"https:\/\/hydrolite.eu\/pl\/wp-json\/wp\/v2\/comments?post=549"}],"wp:featuredmedia":[{"embeddable":true,"href":"https:\/\/hydrolite.eu\/pl\/wp-json\/wp\/v2\/media\/304"}],"wp:attachment":[{"href":"https:\/\/hydrolite.eu\/pl\/wp-json\/wp\/v2\/media?parent=549"}],"wp:term":[{"taxonomy":"product_cat","embeddable":true,"href":"https:\/\/hydrolite.eu\/pl\/wp-json\/wp\/v2\/product_cat?post=549"},{"taxonomy":"product_tag","embeddable":true,"href":"https:\/\/hydrolite.eu\/pl\/wp-json\/wp\/v2\/product_tag?post=549"}],"curies":[{"name":"wp","href":"https:\/\/api.w.org\/{rel}","templated":true}]}}