{"id":5381,"date":"2025-09-21T13:39:41","date_gmt":"2025-11-05T08:51:11","guid":{"rendered":"https:\/\/hydrolite.eu\/?post_type=product&#038;p=5381"},"modified":"2025-11-05T11:53:23","modified_gmt":"2025-11-05T08:53:23","slug":"zgc-800w-to-makroporowata-zywica-jonowymienna-o-slabej-kwasowosci-i-jednorodnej-wielkosci-czastek","status":"publish","type":"product","link":"https:\/\/hydrolite.eu\/pl\/product\/zgc-800w-to-makroporowata-zywica-jonowymienna-o-slabej-kwasowosci-i-jednorodnej-wielkosci-czastek\/","title":{"rendered":"ZGC 800W to makroporowata \u017cywica jonowymienna o s\u0142abej kwasowo\u015bci i jednorodnej wielko\u015bci cz\u0105stek."},"content":{"rendered":"<table border=\"0\" width=\"100%\" cellspacing=\"1\" cellpadding=\"0\" align=\"center\" bgcolor=\"dee8f3\">\n<tbody>\n<tr>\n<td align=\"left\" bgcolor=\"054696\" width=\"70%\" height=\"50\">\n<div class=\"zzzzz1\" align=\"center\"><span style=\"vertical-align: inherit;\"><span class=\"\" style=\"vertical-align: inherit;\"><span dir=\"auto\" style=\"vertical-align: inherit;\"><span dir=\"auto\" style=\"vertical-align: inherit;\">ZGC 800W to makroporowata \u017cywica jonowymienna o s\u0142abej kwasowo\u015bci i jednorodnej wielko\u015bci cz\u0105stek.<\/span><\/span><\/span><\/span><\/div>\n<\/td>\n<\/tr>\n<tr>\n<td style=\"padding: 20px;\" align=\"left\" bgcolor=\"#FFFFFF\"><strong><span style=\"vertical-align: inherit;\"><span style=\"vertical-align: inherit;\"><span dir=\"auto\" style=\"vertical-align: inherit;\"><span dir=\"auto\" style=\"vertical-align: inherit;\">1. Opis:<\/span><\/span><\/span><\/span><\/strong><\/p>\n<p align=\"justify\"><span style=\"vertical-align: inherit;\"><span style=\"vertical-align: inherit;\"><span dir=\"auto\" style=\"vertical-align: inherit;\"><span dir=\"auto\" style=\"vertical-align: inherit;\">Hydrolite ZGC 800W to makroporowata, lekko kwa\u015bna \u017cywica kationowymienna o jednorodnej wielko\u015bci cz\u0105stek (800 \u00b5m). Charakteryzuje si\u0119 bardzo wysok\u0105 pojemno\u015bci\u0105 wymienn\u0105, dobr\u0105 stabilno\u015bci\u0105 fizyczn\u0105 i odporno\u015bci\u0105 na obci\u0105\u017cenia osmotyczne. Jej r\u00f3wnomierny rozk\u0142ad cz\u0105stek zapewnia szybk\u0105 wymian\u0119 jonow\u0105 i zmniejszon\u0105 odporno\u015b\u0107 z\u0142o\u017ca \u017cywicy. ZGC <\/span><\/span><\/span><\/span><br \/>\n<span style=\"vertical-align: inherit;\"><span style=\"vertical-align: inherit;\"><span dir=\"auto\" style=\"vertical-align: inherit;\"><span dir=\"auto\" style=\"vertical-align: inherit;\">800W idealnie nadaje si\u0119 do zmi\u0119kczania, odsalania i redukcji alkaliczno\u015bci wody, a tak\u017ce do usuwania \u015bciek\u00f3w o wysokiej zawarto\u015bci cynku lub niklu, szczeg\u00f3lnie w postaci g\u0119stych roztwor\u00f3w.<\/span><\/span><\/span><\/span><\/p>\n<p><strong><span style=\"vertical-align: inherit;\"><span style=\"vertical-align: inherit;\"><span dir=\"auto\" style=\"vertical-align: inherit;\"><span dir=\"auto\" style=\"vertical-align: inherit;\">2. Typowe w\u0142a\u015bciwo\u015bci fizyczne i chemiczne:<\/span><\/span><\/span><\/span><\/strong><\/p>\n<table class=\"big\" width=\"90%\" cellspacing=\"1\" cellpadding=\"0\" align=\"center\" bgcolor=\"#666666\">\n<tbody>\n<tr bgcolor=\"#fffaee\">\n<td>\n<p align=\"center\"><span dir=\"auto\" style=\"vertical-align: inherit;\"><span dir=\"auto\" style=\"vertical-align: inherit;\">Parametry<\/span><\/span><\/p>\n<\/td>\n<td>\n<p align=\"center\"><span style=\"vertical-align: inherit;\"><span style=\"vertical-align: inherit;\"><span dir=\"auto\" style=\"vertical-align: inherit;\"><span dir=\"auto\" style=\"vertical-align: inherit;\">Dane<\/span><\/span><\/span><\/span><\/p>\n<\/td>\n<\/tr>\n<tr bgcolor=\"#ffffff\">\n<td>\n<p align=\"center\"><span style=\"vertical-align: inherit;\"><span style=\"vertical-align: inherit;\"><span dir=\"auto\" style=\"vertical-align: inherit;\"><span dir=\"auto\" style=\"vertical-align: inherit;\">Matryca<\/span><\/span><\/span><\/span><\/p>\n<\/td>\n<td>\n<p align=\"center\"><span style=\"vertical-align: inherit;\"><span style=\"vertical-align: inherit;\"><span dir=\"auto\" style=\"vertical-align: inherit;\"><span dir=\"auto\" style=\"vertical-align: inherit;\">Kopolimer kwasu akrylowego<\/span><\/span><\/span><\/span><\/p>\n<\/td>\n<\/tr>\n<tr bgcolor=\"#ffffff\">\n<td>\n<p align=\"center\"><span style=\"vertical-align: inherit;\"><span style=\"vertical-align: inherit;\"><span dir=\"auto\" style=\"vertical-align: inherit;\"><span dir=\"auto\" style=\"vertical-align: inherit;\">Grupa funkcyjna<\/span><\/span><\/span><\/span><\/p>\n<\/td>\n<td>\n<p align=\"center\"><span style=\"vertical-align: inherit;\"><span style=\"vertical-align: inherit;\"><span dir=\"auto\" style=\"vertical-align: inherit;\"><span dir=\"auto\" style=\"vertical-align: inherit;\">-COOH<\/span><\/span><\/span><\/span><\/p>\n<\/td>\n<\/tr>\n<tr bgcolor=\"#ffffff\">\n<td>\n<p align=\"center\"><span style=\"vertical-align: inherit;\"><span style=\"vertical-align: inherit;\"><span dir=\"auto\" style=\"vertical-align: inherit;\"><span dir=\"auto\" style=\"vertical-align: inherit;\">Forma jonowa<\/span><\/span><\/span><\/span><\/p>\n<\/td>\n<td>\n<p align=\"center\"><span style=\"vertical-align: inherit;\"><span style=\"vertical-align: inherit;\"><span dir=\"auto\" style=\"vertical-align: inherit;\"><span dir=\"auto\" style=\"vertical-align: inherit;\">Kszta\u0142t litery H<\/span><\/span><\/span><\/span><\/p>\n<\/td>\n<\/tr>\n<tr bgcolor=\"#ffffff\">\n<td>\n<p align=\"center\"><span style=\"vertical-align: inherit;\"><span style=\"vertical-align: inherit;\"><span dir=\"auto\" style=\"vertical-align: inherit;\"><span dir=\"auto\" style=\"vertical-align: inherit;\">Zawarto\u015b\u0107 wilgoci %<\/span><\/span><\/span><\/span><\/p>\n<\/td>\n<td>\n<p align=\"center\"><span style=\"vertical-align: inherit;\"><span style=\"vertical-align: inherit;\"><span dir=\"auto\" style=\"vertical-align: inherit;\"><span dir=\"auto\" style=\"vertical-align: inherit;\">45,00-52,00<\/span><\/span><\/span><\/span><\/p>\n<\/td>\n<\/tr>\n<tr bgcolor=\"#ffffff\">\n<td>\n<p align=\"center\"><span style=\"vertical-align: inherit;\"><span style=\"vertical-align: inherit;\"><span dir=\"auto\" style=\"vertical-align: inherit;\"><span dir=\"auto\" style=\"vertical-align: inherit;\">Ca\u0142kowita pojemno\u015b\u0107 wymiany, mmol\/ml<\/span><\/span><\/span><\/span><\/p>\n<\/td>\n<td>\n<p align=\"center\"><span style=\"vertical-align: inherit;\"><span style=\"vertical-align: inherit;\"><span dir=\"auto\" style=\"vertical-align: inherit;\"><span dir=\"auto\" style=\"vertical-align: inherit;\">\u22654,40<\/span><\/span><\/span><\/span><\/p>\n<\/td>\n<\/tr>\n<tr bgcolor=\"#ffffff\">\n<td>\n<p align=\"center\"><span style=\"vertical-align: inherit;\"><span style=\"vertical-align: inherit;\"><span dir=\"auto\" style=\"vertical-align: inherit;\"><span dir=\"auto\" style=\"vertical-align: inherit;\">G\u0119sto\u015b\u0107 nasypowa, g\/ml<\/span><\/span><\/span><\/span><\/p>\n<\/td>\n<td>\n<p align=\"center\"><span style=\"vertical-align: inherit;\"><span style=\"vertical-align: inherit;\"><span dir=\"auto\" style=\"vertical-align: inherit;\"><span dir=\"auto\" style=\"vertical-align: inherit;\">0,72-0,80<\/span><\/span><\/span><\/span><\/p>\n<\/td>\n<\/tr>\n<tr bgcolor=\"#ffffff\">\n<td>\n<p align=\"center\"><span style=\"vertical-align: inherit;\"><span style=\"vertical-align: inherit;\"><span dir=\"auto\" style=\"vertical-align: inherit;\"><span dir=\"auto\" style=\"vertical-align: inherit;\">\u015arednia wielko\u015b\u0107 cz\u0105stek, \u00b5m<\/span><\/span><\/span><\/span><\/p>\n<\/td>\n<td>\n<p align=\"center\"><span style=\"vertical-align: inherit;\"><span style=\"vertical-align: inherit;\"><span dir=\"auto\" style=\"vertical-align: inherit;\"><span dir=\"auto\" style=\"vertical-align: inherit;\">800\u00b1100<\/span><\/span><\/span><\/span><\/p>\n<\/td>\n<\/tr>\n<tr bgcolor=\"#ffffff\">\n<td>\n<p align=\"center\"><span style=\"vertical-align: inherit;\"><span style=\"vertical-align: inherit;\"><span dir=\"auto\" style=\"vertical-align: inherit;\"><span dir=\"auto\" style=\"vertical-align: inherit;\">Wsp\u00f3\u0142czynnik jednorodno\u015bci<\/span><\/span><\/span><\/span><\/p>\n<\/td>\n<td>\n<p align=\"center\"><span style=\"vertical-align: inherit;\"><span style=\"vertical-align: inherit;\"><span dir=\"auto\" style=\"vertical-align: inherit;\"><span dir=\"auto\" style=\"vertical-align: inherit;\">\u22641,20<\/span><\/span><\/span><\/span><\/p>\n<\/td>\n<\/tr>\n<tr bgcolor=\"#ffffff\">\n<td>\n<p align=\"center\"><span style=\"vertical-align: inherit;\"><span style=\"vertical-align: inherit;\"><span dir=\"auto\" style=\"vertical-align: inherit;\"><span dir=\"auto\" style=\"vertical-align: inherit;\">Kulisto\u015b\u0107 po sortowaniu, %<\/span><\/span><\/span><\/span><\/p>\n<\/td>\n<td>\n<p align=\"center\"><span style=\"vertical-align: inherit;\"><span style=\"vertical-align: inherit;\"><span dir=\"auto\" style=\"vertical-align: inherit;\"><span dir=\"auto\" style=\"vertical-align: inherit;\">\u226595,00<\/span><\/span><\/span><\/span><\/p>\n<\/td>\n<\/tr>\n<tr bgcolor=\"#ffffff\">\n<td>\n<p align=\"center\"><span style=\"vertical-align: inherit;\"><span style=\"vertical-align: inherit;\"><span dir=\"auto\" style=\"vertical-align: inherit;\"><span dir=\"auto\" style=\"vertical-align: inherit;\">Konwersja do formy jonowej H <\/span><\/span><\/span><\/span><sup><span style=\"vertical-align: inherit;\"><span style=\"vertical-align: inherit;\"><span dir=\"auto\" style=\"vertical-align: inherit;\"><span dir=\"auto\" style=\"vertical-align: inherit;\">+<\/span><\/span><\/span><\/span><\/sup><span style=\"vertical-align: inherit;\"><span style=\"vertical-align: inherit;\"><span dir=\"auto\" style=\"vertical-align: inherit;\"><span dir=\"auto\" style=\"vertical-align: inherit;\"> , %<\/span><\/span><\/span><\/span><\/p>\n<\/td>\n<td>\n<p align=\"center\"><span style=\"vertical-align: inherit;\"><span style=\"vertical-align: inherit;\"><span dir=\"auto\" style=\"vertical-align: inherit;\"><span dir=\"auto\" style=\"vertical-align: inherit;\">\u226598,00<\/span><\/span><\/span><\/span><\/p>\n<\/td>\n<\/tr>\n<\/tbody>\n<\/table>\n<\/td>\n<\/tr>\n<\/tbody>\n<\/table>\n","protected":false},"excerpt":{"rendered":"<p>ZGC 800W to makroporowata \u017cywica jonowymienna o s\u0142abej kwasowo\u015bci i jednorodnej wielko\u015bci cz\u0105stek. 1. Opis: Hydrolite ZGC 800W to makroporowata, lekko kwa\u015bna \u017cywica kationowymienna o jednorodnej wielko\u015bci cz\u0105stek (800 \u00b5m). Charakteryzuje si\u0119 bardzo wysok\u0105 pojemno\u015bci\u0105 wymienn\u0105, dobr\u0105 stabilno\u015bci\u0105 fizyczn\u0105 i odporno\u015bci\u0105 na obci\u0105\u017cenia osmotyczne. Jej r\u00f3wnomierny rozk\u0142ad cz\u0105stek zapewnia szybk\u0105 wymian\u0119 jonow\u0105 i zmniejszon\u0105 odporno\u015b\u0107&#8230;<\/p>\n","protected":false},"featured_media":1272,"comment_status":"closed","ping_status":"closed","template":"","meta":[],"product_cat":[510,718],"product_tag":[],"class_list":["post-5381","product","type-product","status-publish","has-post-thumbnail","hentry","product_cat-produkty-cs-pl","product_cat-zywice-o-jednorodnej-wielkosci-czastek"],"_links":{"self":[{"href":"https:\/\/hydrolite.eu\/pl\/wp-json\/wp\/v2\/product\/5381","targetHints":{"allow":["GET"]}}],"collection":[{"href":"https:\/\/hydrolite.eu\/pl\/wp-json\/wp\/v2\/product"}],"about":[{"href":"https:\/\/hydrolite.eu\/pl\/wp-json\/wp\/v2\/types\/product"}],"replies":[{"embeddable":true,"href":"https:\/\/hydrolite.eu\/pl\/wp-json\/wp\/v2\/comments?post=5381"}],"wp:featuredmedia":[{"embeddable":true,"href":"https:\/\/hydrolite.eu\/pl\/wp-json\/wp\/v2\/media\/1272"}],"wp:attachment":[{"href":"https:\/\/hydrolite.eu\/pl\/wp-json\/wp\/v2\/media?parent=5381"}],"wp:term":[{"taxonomy":"product_cat","embeddable":true,"href":"https:\/\/hydrolite.eu\/pl\/wp-json\/wp\/v2\/product_cat?post=5381"},{"taxonomy":"product_tag","embeddable":true,"href":"https:\/\/hydrolite.eu\/pl\/wp-json\/wp\/v2\/product_tag?post=5381"}],"curies":[{"name":"wp","href":"https:\/\/api.w.org\/{rel}","templated":true}]}}