{"id":4695,"date":"2025-09-21T13:38:51","date_gmt":"2025-10-27T15:52:48","guid":{"rendered":"https:\/\/hydrolite.eu\/?post_type=product&#038;p=4695"},"modified":"2025-10-27T18:52:48","modified_gmt":"2025-10-27T15:52:48","slug":"zg-d890-makroporowata-wysoce-zasadowa-zywica-jonowymienna-styrenowa","status":"publish","type":"product","link":"https:\/\/hydrolite.eu\/pl\/product\/zg-d890-makroporowata-wysoce-zasadowa-zywica-jonowymienna-styrenowa\/","title":{"rendered":"ZG D890 makroporowata, wysoce zasadowa \u017cywica jonowymienna styrenowa"},"content":{"rendered":"<table border=\"0\" width=\"100%\" cellspacing=\"1\" cellpadding=\"0\" align=\"center\" bgcolor=\"dee8f3\">\n<tbody>\n<tr>\n<td align=\"left\" bgcolor=\"054696\" width=\"70%\" height=\"50\">\n<div class=\"zzzzz1\" align=\"center\"><span style=\"vertical-align: inherit;\"><span style=\"vertical-align: inherit;\"><span dir=\"auto\" style=\"vertical-align: inherit;\"><span dir=\"auto\" style=\"vertical-align: inherit;\">ZG D890 makroporowata, wysoce zasadowa \u017cywica jonowymienna styrenowa<\/span><\/span><\/span><\/span><\/div>\n<\/td>\n<\/tr>\n<tr>\n<td style=\"padding: 20px;\" align=\"left\" bgcolor=\"#FFFFFF\">\n<p align=\"left\"><strong><span style=\"vertical-align: inherit;\"><span style=\"vertical-align: inherit;\"><span dir=\"auto\" style=\"vertical-align: inherit;\"><span dir=\"auto\" style=\"vertical-align: inherit;\">1. Wprowadzenie<\/span><\/span><\/span><\/span><\/strong><\/p>\n<p align=\"left\"><span style=\"vertical-align: inherit;\"><span style=\"vertical-align: inherit;\"><span dir=\"auto\" style=\"vertical-align: inherit;\"><span dir=\"auto\" style=\"vertical-align: inherit;\">Hydrolite ZG D890 to \u017cywica anionowymienna zawieraj\u0105ca czterowarto\u015bciow\u0105 grup\u0119 amoniow\u0105 [-N(CH3 <\/span><\/span><\/span><\/span><sub><span style=\"vertical-align: inherit;\"><span style=\"vertical-align: inherit;\"><span dir=\"auto\" style=\"vertical-align: inherit;\"><span dir=\"auto\" style=\"vertical-align: inherit;\">)<\/span><\/span><\/span><\/span><\/sub><span style=\"vertical-align: inherit;\"><span style=\"vertical-align: inherit;\"><span dir=\"auto\" style=\"vertical-align: inherit;\"><span dir=\"auto\" style=\"vertical-align: inherit;\"> 3OH <\/span><\/span><\/span><\/span><sub><span style=\"vertical-align: inherit;\"><span style=\"vertical-align: inherit;\"><span dir=\"auto\" style=\"vertical-align: inherit;\"><span dir=\"auto\" style=\"vertical-align: inherit;\">]<\/span><\/span><\/span><\/span><\/sub><span style=\"vertical-align: inherit;\"><span style=\"vertical-align: inherit;\"><span dir=\"auto\" style=\"vertical-align: inherit;\"><span dir=\"auto\" style=\"vertical-align: inherit;\"> w kopolimerze styrenu i dietylenobenzenu o strukturze makroporowatej. Produkt ten jest stosowany g\u0142\u00f3wnie do usuwania azotan\u00f3w i azotyn\u00f3w z wody pitnej i charakteryzuje si\u0119 dobr\u0105 selektywno\u015bci\u0105 wzgl\u0119dem azotan\u00f3w. Mo\u017ce by\u0107 r\u00f3wnie\u017c stosowany w przemy\u015ble cukrowniczym, gdzie wysoce zasadowa grupa jonowymienna i makroporowata struktura u\u0142atwiaj\u0105 absorpcj\u0119 pigment\u00f3w i zanieczyszcze\u0144 z roztwor\u00f3w cukru.<\/span><\/span><\/span><\/span><\/p>\n<p align=\"left\"><strong><span style=\"vertical-align: inherit;\"><span style=\"vertical-align: inherit;\"><span dir=\"auto\" style=\"vertical-align: inherit;\"><span dir=\"auto\" style=\"vertical-align: inherit;\">2. W\u0142a\u015bciwo\u015bci fizykochemiczne<\/span><\/span><\/span><\/span><\/strong><\/p>\n<table style=\"width: 90%;\" border=\"0\" width=\"90%\" cellspacing=\"1\" cellpadding=\"0\" align=\"center\">\n<tbody>\n<tr>\n<td>\n<p align=\"center\"><span dir=\"auto\" style=\"vertical-align: inherit;\"><span dir=\"auto\" style=\"vertical-align: inherit;\">Parametr<\/span><\/span><\/p>\n<\/td>\n<td>\n<p align=\"center\"><span style=\"vertical-align: inherit;\"><span style=\"vertical-align: inherit;\"><span dir=\"auto\" style=\"vertical-align: inherit;\"><span dir=\"auto\" style=\"vertical-align: inherit;\">Oznaczaj\u0105cy<\/span><\/span><\/span><\/span><\/p>\n<\/td>\n<\/tr>\n<tr>\n<td>\n<p align=\"center\"><span style=\"vertical-align: inherit;\"><span style=\"vertical-align: inherit;\"><span dir=\"auto\" style=\"vertical-align: inherit;\"><span dir=\"auto\" style=\"vertical-align: inherit;\">Wygl\u0105d<\/span><\/span><\/span><\/span><\/p>\n<\/td>\n<td>\n<p align=\"center\"><span style=\"vertical-align: inherit;\"><span style=\"vertical-align: inherit;\"><span dir=\"auto\" style=\"vertical-align: inherit;\"><span dir=\"auto\" style=\"vertical-align: inherit;\">Ziarno nieprzezroczyste, kuliste, kremowobia\u0142e do s\u0142omkowo\u017c\u00f3\u0142tego<\/span><\/span><\/span><\/span><\/p>\n<\/td>\n<\/tr>\n<tr>\n<td>\n<p align=\"center\"><span style=\"vertical-align: inherit;\"><span style=\"vertical-align: inherit;\"><span dir=\"auto\" style=\"vertical-align: inherit;\"><span dir=\"auto\" style=\"vertical-align: inherit;\">Formularz sprzeda\u017cy<\/span><\/span><\/span><\/span><\/p>\n<\/td>\n<td>\n<p align=\"center\"><span style=\"vertical-align: inherit;\"><span style=\"vertical-align: inherit;\"><span dir=\"auto\" style=\"vertical-align: inherit;\"><span dir=\"auto\" style=\"vertical-align: inherit;\">Cl<\/span><\/span><\/span><\/span><\/p>\n<\/td>\n<\/tr>\n<tr>\n<td>\n<p align=\"center\"><span style=\"vertical-align: inherit;\"><span style=\"vertical-align: inherit;\"><span dir=\"auto\" style=\"vertical-align: inherit;\"><span dir=\"auto\" style=\"vertical-align: inherit;\">Pojemno\u015b\u0107 wodna %<\/span><\/span><\/span><\/span><\/p>\n<\/td>\n<td>\n<p align=\"center\"><span style=\"vertical-align: inherit;\"><span style=\"vertical-align: inherit;\"><span dir=\"auto\" style=\"vertical-align: inherit;\"><span dir=\"auto\" style=\"vertical-align: inherit;\">50,0-60,0<\/span><\/span><\/span><\/span><\/p>\n<\/td>\n<\/tr>\n<tr>\n<td>\n<p align=\"center\"><span style=\"vertical-align: inherit;\"><span style=\"vertical-align: inherit;\"><span dir=\"auto\" style=\"vertical-align: inherit;\"><span dir=\"auto\" style=\"vertical-align: inherit;\">Jako\u015bciowa ca\u0142kowita pojemno\u015b\u0107 wymiany, mmol\/g<\/span><\/span><\/span><\/span><\/p>\n<\/td>\n<td>\n<p align=\"center\"><span style=\"vertical-align: inherit;\"><span style=\"vertical-align: inherit;\"><span dir=\"auto\" style=\"vertical-align: inherit;\"><span dir=\"auto\" style=\"vertical-align: inherit;\">\u22652,90<\/span><\/span><\/span><\/span><\/p>\n<\/td>\n<\/tr>\n<tr>\n<td>\n<p align=\"center\"><span style=\"vertical-align: inherit;\"><span style=\"vertical-align: inherit;\"><span dir=\"auto\" style=\"vertical-align: inherit;\"><span dir=\"auto\" style=\"vertical-align: inherit;\">G\u0119sto\u015b\u0107 nasypowa, g\/ml<\/span><\/span><\/span><\/span><\/p>\n<\/td>\n<td>\n<p align=\"center\"><span style=\"vertical-align: inherit;\"><span style=\"vertical-align: inherit;\"><span dir=\"auto\" style=\"vertical-align: inherit;\"><span dir=\"auto\" style=\"vertical-align: inherit;\">\u22651,10<\/span><\/span><\/span><\/span><\/p>\n<\/td>\n<\/tr>\n<tr>\n<td>\n<p align=\"center\"><span style=\"vertical-align: inherit;\"><span style=\"vertical-align: inherit;\"><span dir=\"auto\" style=\"vertical-align: inherit;\"><span dir=\"auto\" style=\"vertical-align: inherit;\">G\u0119sto\u015b\u0107 rzeczywista, g\/ml<\/span><\/span><\/span><\/span><\/p>\n<\/td>\n<td>\n<p align=\"center\"><span style=\"vertical-align: inherit;\"><span style=\"vertical-align: inherit;\"><span dir=\"auto\" style=\"vertical-align: inherit;\"><span dir=\"auto\" style=\"vertical-align: inherit;\">0,66-0,72<\/span><\/span><\/span><\/span><\/p>\n<\/td>\n<\/tr>\n<tr>\n<td>\n<p align=\"center\"><span style=\"vertical-align: inherit;\"><span style=\"vertical-align: inherit;\"><span dir=\"auto\" style=\"vertical-align: inherit;\"><span dir=\"auto\" style=\"vertical-align: inherit;\">Wielko\u015b\u0107 cz\u0105stek<\/span><\/span><\/span><\/span><\/p>\n<\/td>\n<td>\n<p align=\"center\"><span style=\"vertical-align: inherit;\"><span style=\"vertical-align: inherit;\"><span dir=\"auto\" style=\"vertical-align: inherit;\"><span dir=\"auto\" style=\"vertical-align: inherit;\">(0,315-1,25 mm) \u226595,0<\/span><\/span><\/span><\/span><\/p>\n<\/td>\n<\/tr>\n<tr>\n<td>\n<p align=\"center\"><span style=\"vertical-align: inherit;\"><span style=\"vertical-align: inherit;\"><span dir=\"auto\" style=\"vertical-align: inherit;\"><span dir=\"auto\" style=\"vertical-align: inherit;\">Sferyczno\u015b\u0107 po abrazji osmotycznej %<\/span><\/span><\/span><\/span><\/p>\n<\/td>\n<td>\n<p align=\"center\"><span style=\"vertical-align: inherit;\"><span style=\"vertical-align: inherit;\"><span dir=\"auto\" style=\"vertical-align: inherit;\"><span dir=\"auto\" style=\"vertical-align: inherit;\">\u226590,0<\/span><\/span><\/span><\/span><\/p>\n<\/td>\n<\/tr>\n<\/tbody>\n<\/table>\n<\/td>\n<\/tr>\n<\/tbody>\n<\/table>\n","protected":false},"excerpt":{"rendered":"<p>ZG D890 makroporowata, wysoce zasadowa \u017cywica jonowymienna styrenowa 1. Wprowadzenie Hydrolite ZG D890 to \u017cywica anionowymienna zawieraj\u0105ca czterowarto\u015bciow\u0105 grup\u0119 amoniow\u0105 [-N(CH3 ) 3OH ] w kopolimerze styrenu i dietylenobenzenu o strukturze makroporowatej. Produkt ten jest stosowany g\u0142\u00f3wnie do usuwania azotan\u00f3w i azotyn\u00f3w z wody pitnej i charakteryzuje si\u0119 dobr\u0105 selektywno\u015bci\u0105 wzgl\u0119dem azotan\u00f3w. Mo\u017ce by\u0107 r\u00f3wnie\u017c&#8230;<\/p>\n","protected":false},"featured_media":1272,"comment_status":"closed","ping_status":"closed","template":"","meta":[],"product_cat":[510,640],"product_tag":[],"class_list":["post-4695","product","type-product","status-publish","has-post-thumbnail","hentry","product_cat-produkty-cs-pl","product_cat-przemysl-wody-pitnej-i-spozywczy"],"_links":{"self":[{"href":"https:\/\/hydrolite.eu\/pl\/wp-json\/wp\/v2\/product\/4695","targetHints":{"allow":["GET"]}}],"collection":[{"href":"https:\/\/hydrolite.eu\/pl\/wp-json\/wp\/v2\/product"}],"about":[{"href":"https:\/\/hydrolite.eu\/pl\/wp-json\/wp\/v2\/types\/product"}],"replies":[{"embeddable":true,"href":"https:\/\/hydrolite.eu\/pl\/wp-json\/wp\/v2\/comments?post=4695"}],"wp:featuredmedia":[{"embeddable":true,"href":"https:\/\/hydrolite.eu\/pl\/wp-json\/wp\/v2\/media\/1272"}],"wp:attachment":[{"href":"https:\/\/hydrolite.eu\/pl\/wp-json\/wp\/v2\/media?parent=4695"}],"wp:term":[{"taxonomy":"product_cat","embeddable":true,"href":"https:\/\/hydrolite.eu\/pl\/wp-json\/wp\/v2\/product_cat?post=4695"},{"taxonomy":"product_tag","embeddable":true,"href":"https:\/\/hydrolite.eu\/pl\/wp-json\/wp\/v2\/product_tag?post=4695"}],"curies":[{"name":"wp","href":"https:\/\/api.w.org\/{rel}","templated":true}]}}