{"id":4689,"date":"2025-09-21T13:38:52","date_gmt":"2025-10-27T15:46:56","guid":{"rendered":"https:\/\/hydrolite.eu\/?post_type=product&#038;p=4689"},"modified":"2026-05-07T18:09:52","modified_gmt":"2026-05-07T15:09:52","slug":"zywice-kationowymienne-o-silnym-kwasie-styrenowym-zgc-107dq","status":"publish","type":"product","link":"https:\/\/hydrolite.eu\/pl\/product\/zywice-kationowymienne-o-silnym-kwasie-styrenowym-zgc-107dq\/","title":{"rendered":"\u017bywice kationowymienne o silnym kwasie styrenowym ZGC 107DQ"},"content":{"rendered":"<table border=\"0\" width=\"100%\" cellspacing=\"1\" cellpadding=\"0\" align=\"center\" bgcolor=\"dee8f3\">\n<tbody>\n<tr>\n<td align=\"left\" bgcolor=\"054696\" width=\"70%\" height=\"50\">\n<div class=\"zzzzz1\" align=\"center\"><span style=\"vertical-align: inherit;\"><span style=\"vertical-align: inherit;\"><span dir=\"auto\" style=\"vertical-align: inherit;\"><span dir=\"auto\" style=\"vertical-align: inherit;\">ZGC 107DQ silnie kwa\u015bne kationitowe \u017cywice jonowymienne serii styrenowej<\/span><\/span><\/span><\/span><\/div>\n<\/td>\n<\/tr>\n<tr>\n<td style=\"padding: 20px;\" align=\"left\" bgcolor=\"#FFFFFF\"><strong><span style=\"vertical-align: inherit;\"><span style=\"vertical-align: inherit;\"><span dir=\"auto\" style=\"vertical-align: inherit;\"><span dir=\"auto\" style=\"vertical-align: inherit;\">1. Opis<\/span><\/span><\/span><\/span><\/strong><\/p>\n<p><span style=\"vertical-align: inherit;\"><span style=\"vertical-align: inherit;\"><span dir=\"auto\" style=\"vertical-align: inherit;\"><span dir=\"auto\" style=\"vertical-align: inherit;\">Hydrolite ZGC107DQ to \u017cywica kationowymienna zawieraj\u0105ca grup\u0119 sulfonow\u0105 (-SO3H <\/span><\/span><\/span><\/span><sub><span style=\"vertical-align: inherit;\"><span style=\"vertical-align: inherit;\"><span dir=\"auto\" style=\"vertical-align: inherit;\"><span dir=\"auto\" style=\"vertical-align: inherit;\">)<\/span><\/span><\/span><\/span><\/sub><span style=\"vertical-align: inherit;\"><span style=\"vertical-align: inherit;\"><span dir=\"auto\" style=\"vertical-align: inherit;\"><span dir=\"auto\" style=\"vertical-align: inherit;\"> w kopolimerze styrenowo-dietylobenzenowym o stopniu usieciowania 7%. Stosowana jest g\u0142\u00f3wnie do zmi\u0119kczania twardej wody i produkcji wody czystej, a tak\u017ce w hydrometalurgii, produkcji cukru, farmacji oraz produkcji glutaminianu sodu. Mo\u017ce by\u0107 r\u00f3wnie\u017c stosowana jako katalizator i \u015brodek odwadniaj\u0105cy.<\/span><\/span><\/span><\/span><\/p>\n<p>&nbsp;<\/p>\n<p align=\"left\"><strong><span style=\"vertical-align: inherit;\"><span style=\"vertical-align: inherit;\"><span dir=\"auto\" style=\"vertical-align: inherit;\"><span dir=\"auto\" style=\"vertical-align: inherit;\">2. Typowe w\u0142a\u015bciwo\u015bci fizyczne i chemiczne:<\/span><\/span><\/span><\/span><\/strong><\/p>\n<table style=\"width: 90%;\" border=\"0\" width=\"90%\" cellspacing=\"1\" cellpadding=\"0\" align=\"center\">\n<tbody>\n<tr>\n<td>PARAMETRY<\/td>\n<td>DANE<\/td>\n<\/tr>\n<tr>\n<td>Wygl\u0105d<\/td>\n<td>Kuliste granulki o barwie od \u017c\u00f3\u0142tej (palma) do ciemnobr\u0105zowej<\/td>\n<\/tr>\n<tr>\n<td>Forma jonowa<\/td>\n<td>Na<\/td>\n<\/tr>\n<tr>\n<td>Zawarto\u015b\u0107 wilgoci %<\/td>\n<td>48.00-52.00<\/td>\n<\/tr>\n<tr>\n<td>Ca\u0142kowita zdolno\u015b\u0107 wymienna, mmol\/g<\/td>\n<td>\u22654.50<\/td>\n<\/tr>\n<tr>\n<td>Ca\u0142kowita zdolno\u015b\u0107 wymienna, mmol\/ml<br \/>\nmmol\/sm3<\/td>\n<td>\u22651,90<\/td>\n<\/tr>\n<tr>\n<td>Ci\u0119\u017car nasypowy g\/ml<\/td>\n<td>0,77-0,87<\/td>\n<\/tr>\n<tr>\n<td>G\u0119sto\u015b\u0107 g\/ml<\/td>\n<td>1.250-1.290<\/td>\n<\/tr>\n<tr>\n<td>Rozmiar cz\u0105stek, %<\/td>\n<td>(0.315 mm-1.250 mm) \u226595.0<\/td>\n<\/tr>\n<tr>\n<td>Minimalny rozmiar, %<\/td>\n<td>(&lt;0.315 mm) \u22641.0<\/td>\n<\/tr>\n<tr>\n<td>Rozmiar efektywny, mm<\/td>\n<td>0,350-0,550 \/ 0,400-0,700 \/ 0,450-0,850<\/td>\n<\/tr>\n<tr>\n<td>Wsp\u00f3\u0142czynnik jednorodno\u015bci<\/td>\n<td>\u22641,60<\/td>\n<\/tr>\n<tr>\n<td>Stabilno\u015b\u0107 osmotyczna, %<\/td>\n<td>\u226585<\/td>\n<\/tr>\n<tr>\n<td>Sferyczno\u015b\u0107 po \u015bcieraniu, %<\/td>\n<td>\u226590.00<\/td>\n<\/tr>\n<tr>\n<td>Obj\u0119to\u015b\u0107 w\u0142a\u015bciwa w formie H, cm3\/g<\/td>\n<td>\u22642,8<\/td>\n<\/tr>\n<\/tbody>\n<\/table>\n<div style=\"clear: both;\"><\/div>\n<p align=\"left\"><strong><span style=\"vertical-align: inherit;\"><span style=\"vertical-align: inherit;\"><span dir=\"auto\" style=\"vertical-align: inherit;\"><span dir=\"auto\" style=\"vertical-align: inherit;\">3. Wska\u017aniki referencyjne stosowania<\/span><\/span><\/span><\/span><\/strong><\/p>\n<table style=\"width: 90%;\" border=\"0\" width=\"90%\" cellspacing=\"1\" cellpadding=\"0\" align=\"center\">\n<tbody>\n<tr>\n<td>PARAMETRY<\/td>\n<td>Warto\u015b\u0107 referencyjna<\/td>\n<\/tr>\n<tr>\n<td>Zakres pH<\/td>\n<td>1-14<\/td>\n<\/tr>\n<tr>\n<td>Maks. temperatura pracy w formie sodowej \u00b0C<\/td>\n<td>120<\/td>\n<\/tr>\n<tr>\n<td>P\u0119cznienie przy pe\u0142nej konwersji (Na <sup>+<\/sup> -H <sup>+<\/sup> ) %<\/td>\n<td>\u226410<\/td>\n<\/tr>\n<tr>\n<td>Robocza zdolno\u015b\u0107 wymienna mmol\/l<\/td>\n<td>\u22651200<\/td>\n<\/tr>\n<tr>\n<td>Robocze nat\u0119\u017cenie przep\u0142ywu m\/h<\/td>\n<td>15-30<\/td>\n<\/tr>\n<\/tbody>\n<\/table>\n<\/td>\n<\/tr>\n<\/tbody>\n<\/table>\n<div id=\"gtx-trans\" style=\"position: absolute; left: 73px; top: 1.63068px;\">\n<div class=\"gtx-trans-icon\"><\/div>\n<\/div>\n","protected":false},"excerpt":{"rendered":"<p>ZGC 107DQ silnie kwa\u015bne kationitowe \u017cywice jonowymienne serii styrenowej 1. Opis Hydrolite ZGC107DQ to \u017cywica kationowymienna zawieraj\u0105ca grup\u0119 sulfonow\u0105 (-SO3H ) w kopolimerze styrenowo-dietylobenzenowym o stopniu usieciowania 7%. Stosowana jest g\u0142\u00f3wnie do zmi\u0119kczania twardej wody i produkcji wody czystej, a tak\u017ce w hydrometalurgii, produkcji cukru, farmacji oraz produkcji glutaminianu sodu. Mo\u017ce by\u0107 r\u00f3wnie\u017c stosowana jako&#8230;<\/p>\n","protected":false},"featured_media":1272,"comment_status":"closed","ping_status":"closed","template":"","meta":[],"product_cat":[510,640],"product_tag":[],"class_list":["post-4689","product","type-product","status-publish","has-post-thumbnail","hentry","product_cat-produkty-cs-pl","product_cat-przemysl-wody-pitnej-i-spozywczy"],"_links":{"self":[{"href":"https:\/\/hydrolite.eu\/pl\/wp-json\/wp\/v2\/product\/4689","targetHints":{"allow":["GET"]}}],"collection":[{"href":"https:\/\/hydrolite.eu\/pl\/wp-json\/wp\/v2\/product"}],"about":[{"href":"https:\/\/hydrolite.eu\/pl\/wp-json\/wp\/v2\/types\/product"}],"replies":[{"embeddable":true,"href":"https:\/\/hydrolite.eu\/pl\/wp-json\/wp\/v2\/comments?post=4689"}],"wp:featuredmedia":[{"embeddable":true,"href":"https:\/\/hydrolite.eu\/pl\/wp-json\/wp\/v2\/media\/1272"}],"wp:attachment":[{"href":"https:\/\/hydrolite.eu\/pl\/wp-json\/wp\/v2\/media?parent=4689"}],"wp:term":[{"taxonomy":"product_cat","embeddable":true,"href":"https:\/\/hydrolite.eu\/pl\/wp-json\/wp\/v2\/product_cat?post=4689"},{"taxonomy":"product_tag","embeddable":true,"href":"https:\/\/hydrolite.eu\/pl\/wp-json\/wp\/v2\/product_tag?post=4689"}],"curies":[{"name":"wp","href":"https:\/\/api.w.org\/{rel}","templated":true}]}}