{"id":4337,"date":"2025-09-21T13:38:30","date_gmt":"2025-10-26T12:46:34","guid":{"rendered":"https:\/\/hydrolite.eu\/?post_type=product&#038;p=4337"},"modified":"2025-10-26T15:46:35","modified_gmt":"2025-10-26T12:46:35","slug":"zgnr8715-zelowa-zywica-jonowymienna","status":"publish","type":"product","link":"https:\/\/hydrolite.eu\/pl\/product\/zgnr8715-zelowa-zywica-jonowymienna\/","title":{"rendered":"ZGNR8715 \u017belowa \u017cywica jonowymienna"},"content":{"rendered":"<table border=\"0\" width=\"100%\" cellspacing=\"1\" cellpadding=\"0\" align=\"center\" bgcolor=\"dee8f3\">\n<tbody>\n<tr>\n<td align=\"left\" bgcolor=\"054696\" width=\"70%\" height=\"50\">\n<div class=\"zzzzz1\" align=\"center\"><span style=\"vertical-align: inherit;\"><span style=\"vertical-align: inherit;\"><span dir=\"auto\" style=\"vertical-align: inherit;\"><span class=\"\" dir=\"auto\" style=\"vertical-align: inherit;\">ZGNR8715 \u017belowa \u017cywica jonowymienna<\/span><\/span><\/span><\/span><\/div>\n<\/td>\n<\/tr>\n<tr>\n<td style=\"padding: 20px;\" align=\"left\" bgcolor=\"#FFFFFF\"><strong><span style=\"vertical-align: inherit;\"><span style=\"vertical-align: inherit;\"><span dir=\"auto\" style=\"vertical-align: inherit;\"><span dir=\"auto\" style=\"vertical-align: inherit;\">OPIS PRODUKTU<\/span><\/span><\/span><\/span><\/strong><br \/>\n<span style=\"vertical-align: inherit;\"><span style=\"vertical-align: inherit;\"><span dir=\"auto\" style=\"vertical-align: inherit;\"><span dir=\"auto\" style=\"vertical-align: inherit;\"> ZGNR 8715 to gotowa do u\u017cycia \u017cywica mieszana, sk\u0142adaj\u0105ca si\u0119 z silnie kwa\u015bnej i silnie zasadowej (typ 1) \u017celowej \u017cywicy kationowymiennej i anionowymiennej. Oba sk\u0142adniki s\u0105 wysoce zredukowane i specjalnie oczyszczone, aby spe\u0142ni\u0107 wymagania przemys\u0142u p\u00f3\u0142przewodnikowego. ZGNR8715 charakteryzuje si\u0119 niskim uwalnianiem TOC i niskim zu\u017cyciem jon\u00f3w, co czyni go produktem jednorazowego u\u017cytku. <\/span><\/span><\/span><\/span><br \/>\n<span style=\"vertical-align: inherit;\"><span style=\"vertical-align: inherit;\"><span dir=\"auto\" style=\"vertical-align: inherit;\"><span dir=\"auto\" style=\"vertical-align: inherit;\">ZGNR8715 jest dostosowany do ca\u0142kowitej wydajno\u015bci komponent\u00f3w ZGCNR50 i ZGANR170 w stosunku 1:1,5. <\/span><\/span><\/span><span style=\"vertical-align: inherit;\"><span dir=\"auto\" style=\"vertical-align: inherit;\"><span dir=\"auto\" style=\"vertical-align: inherit;\">ZGNR 8715 to gotowa do u\u017cycia \u017cywica mieszana <\/span><\/span><\/span><\/span><strong><span style=\"vertical-align: inherit;\"><span style=\"vertical-align: inherit;\"><span dir=\"auto\" style=\"vertical-align: inherit;\"><span dir=\"auto\" style=\"vertical-align: inherit;\">.<\/span><\/span><\/span><\/span><\/strong><br \/>\n<span style=\"vertical-align: inherit;\"><span style=\"vertical-align: inherit;\"><span dir=\"auto\" style=\"vertical-align: inherit;\"><span dir=\"auto\" style=\"vertical-align: inherit;\"> Nadaje si\u0119 do przygotowywania wody o ultra wysokiej czysto\u015bci oraz najnowszych, nieprocesowych, wyka\u0144czaj\u0105cych, ultraoczyszczonych polerek wodnych w przemy\u015ble p\u00f3\u0142przewodnikowym. Charakteryzuje si\u0119 wy\u017csz\u0105 pojemno\u015bci\u0105 wymienn\u0105 i doskona\u0142\u0105 stabilno\u015bci\u0105 antyosmotyczn\u0105. <\/span><\/span><\/span><\/span><strong><span style=\"vertical-align: inherit;\"><span style=\"vertical-align: inherit;\"><span dir=\"auto\" style=\"vertical-align: inherit;\"><span dir=\"auto\" style=\"vertical-align: inherit;\">W\u0141A\u015aCIWO\u015aCI FIZYCZNE I CHEMICZNE<\/span><\/span><\/span><\/span><\/strong><\/p>\n<table border=\"0\" width=\"100%\" cellspacing=\"1\" bgcolor=\"#CCCCCC\">\n<tbody>\n<tr>\n<td valign=\"center\" bgcolor=\"fffaee\" height=\"50\">\n<p align=\"center\"><span style=\"vertical-align: inherit;\"><span style=\"vertical-align: inherit;\"><span dir=\"auto\" style=\"vertical-align: inherit;\"><span dir=\"auto\" style=\"vertical-align: inherit;\">Wygl\u0105d<\/span><\/span><\/span><\/span><\/p>\n<\/td>\n<td valign=\"center\" bgcolor=\"fffaee\" height=\"50\">\n<p align=\"center\"><span dir=\"auto\" style=\"vertical-align: inherit;\"><span dir=\"auto\" style=\"vertical-align: inherit;\">Forma \u017celu<\/span><\/span><\/p>\n<\/td>\n<\/tr>\n<tr>\n<td valign=\"center\" bgcolor=\"#FFFFFF\" height=\"50\">\n<p align=\"center\"><span style=\"vertical-align: inherit;\"><span style=\"vertical-align: inherit;\"><span dir=\"auto\" style=\"vertical-align: inherit;\"><span dir=\"auto\" style=\"vertical-align: inherit;\">Matryca<\/span><\/span><\/span><\/span><\/p>\n<\/td>\n<td valign=\"center\" bgcolor=\"#FFFFFF\" height=\"50\">\n<p align=\"center\"><span style=\"vertical-align: inherit;\"><span style=\"vertical-align: inherit;\"><span dir=\"auto\" style=\"vertical-align: inherit;\"><span dir=\"auto\" style=\"vertical-align: inherit;\">Styren &#8211; DVB<\/span><\/span><\/span><\/span><\/p>\n<\/td>\n<\/tr>\n<tr>\n<td valign=\"center\" bgcolor=\"#FFFFFF\" height=\"50\">\n<p align=\"center\"><span style=\"vertical-align: inherit;\"><span style=\"vertical-align: inherit;\"><span dir=\"auto\" style=\"vertical-align: inherit;\"><span dir=\"auto\" style=\"vertical-align: inherit;\">Grupa funkcyjna<\/span><\/span><\/span><\/span><\/p>\n<\/td>\n<td valign=\"center\" bgcolor=\"#FFFFFF\" height=\"50\">\n<p align=\"center\"><span style=\"vertical-align: inherit;\"><span style=\"vertical-align: inherit;\"><span dir=\"auto\" style=\"vertical-align: inherit;\"><span dir=\"auto\" style=\"vertical-align: inherit;\">Kwas siarkowy\/amina czwartorz\u0119dowa<\/span><\/span><\/span><\/span><\/p>\n<\/td>\n<\/tr>\n<tr>\n<td valign=\"center\" bgcolor=\"#FFFFFF\" height=\"50\">\n<p align=\"center\"><span style=\"vertical-align: inherit;\"><span style=\"vertical-align: inherit;\"><span dir=\"auto\" style=\"vertical-align: inherit;\"><span dir=\"auto\" style=\"vertical-align: inherit;\">Forma jonowa<\/span><\/span><\/span><\/span><\/p>\n<\/td>\n<td valign=\"center\" bgcolor=\"#FFFFFF\" height=\"50\">\n<p align=\"center\"><span style=\"vertical-align: inherit;\"><span style=\"vertical-align: inherit;\"><span dir=\"auto\" style=\"vertical-align: inherit;\"><span dir=\"auto\" style=\"vertical-align: inherit;\">H+\/OH-<\/span><\/span><\/span><\/span><\/p>\n<\/td>\n<\/tr>\n<tr>\n<td valign=\"center\" bgcolor=\"#FFFFFF\" height=\"50\">\n<p align=\"center\"><span style=\"vertical-align: inherit;\"><span style=\"vertical-align: inherit;\"><span dir=\"auto\" style=\"vertical-align: inherit;\"><span dir=\"auto\" style=\"vertical-align: inherit;\">Zawarto\u015b\u0107 wilgoci %<\/span><\/span><\/span><\/span><\/p>\n<\/td>\n<td valign=\"center\" bgcolor=\"#FFFFFF\" height=\"50\">\n<p align=\"center\"><span style=\"vertical-align: inherit;\"><span style=\"vertical-align: inherit;\"><span dir=\"auto\" style=\"vertical-align: inherit;\"><span dir=\"auto\" style=\"vertical-align: inherit;\">53 &#8211; 63<\/span><\/span><\/span><\/span><\/p>\n<\/td>\n<\/tr>\n<tr>\n<td valign=\"center\" bgcolor=\"#FFFFFF\" height=\"50\">\n<p align=\"center\"><span style=\"vertical-align: inherit;\"><span style=\"vertical-align: inherit;\"><span dir=\"auto\" style=\"vertical-align: inherit;\"><span dir=\"auto\" style=\"vertical-align: inherit;\">Waga wysy\u0142kowa g\/ml<\/span><\/span><\/span><\/span><\/p>\n<\/td>\n<td valign=\"center\" bgcolor=\"#FFFFFF\" height=\"50\">\n<p align=\"center\"><span style=\"vertical-align: inherit;\"><span style=\"vertical-align: inherit;\"><span dir=\"auto\" style=\"vertical-align: inherit;\"><span dir=\"auto\" style=\"vertical-align: inherit;\">0,68\u20130,78<\/span><\/span><\/span><\/span><\/p>\n<\/td>\n<\/tr>\n<tr>\n<td valign=\"center\" bgcolor=\"#FFFFFF\" height=\"50\">\n<p align=\"center\"><span style=\"vertical-align: inherit;\"><span style=\"vertical-align: inherit;\"><span dir=\"auto\" style=\"vertical-align: inherit;\"><span dir=\"auto\" style=\"vertical-align: inherit;\">Sk\u0142ad granulometryczny (0,45-1,25 mm) min. %<\/span><\/span><\/span><\/span><\/p>\n<\/td>\n<td valign=\"center\" bgcolor=\"#FFFFFF\" height=\"50\">\n<p align=\"center\"><span style=\"vertical-align: inherit;\"><span style=\"vertical-align: inherit;\"><span dir=\"auto\" style=\"vertical-align: inherit;\"><span dir=\"auto\" style=\"vertical-align: inherit;\">95<\/span><\/span><\/span><\/span><\/p>\n<\/td>\n<\/tr>\n<tr>\n<td valign=\"center\" bgcolor=\"#FFFFFF\" height=\"50\">\n<p align=\"center\"><span style=\"vertical-align: inherit;\"><span style=\"vertical-align: inherit;\"><span dir=\"auto\" style=\"vertical-align: inherit;\"><span dir=\"auto\" style=\"vertical-align: inherit;\">Wsp\u00f3\u0142czynnik jednorodno\u015bci min<\/span><\/span><\/span><\/span><\/p>\n<\/td>\n<td valign=\"center\" bgcolor=\"#FFFFFF\" height=\"50\">\n<p align=\"center\"><span style=\"vertical-align: inherit;\"><span style=\"vertical-align: inherit;\"><span dir=\"auto\" style=\"vertical-align: inherit;\"><span dir=\"auto\" style=\"vertical-align: inherit;\">1,60<\/span><\/span><\/span><\/span><\/p>\n<\/td>\n<\/tr>\n<tr>\n<td valign=\"center\" bgcolor=\"#FFFFFF\" height=\"50\">\n<p align=\"center\"><span style=\"vertical-align: inherit;\"><span style=\"vertical-align: inherit;\"><span dir=\"auto\" style=\"vertical-align: inherit;\"><span dir=\"auto\" style=\"vertical-align: inherit;\">Poziom regeneracji min %<\/span><\/span><\/span><\/span><\/p>\n<\/td>\n<td valign=\"center\" bgcolor=\"#FFFFFF\" height=\"50\">\n<p align=\"center\"><span style=\"vertical-align: inherit;\"><span style=\"vertical-align: inherit;\"><span dir=\"auto\" style=\"vertical-align: inherit;\"><span dir=\"auto\" style=\"vertical-align: inherit;\">99\/85<\/span><\/span><\/span><\/span><\/p>\n<\/td>\n<\/tr>\n<\/tbody>\n<\/table>\n<\/td>\n<\/tr>\n<\/tbody>\n<\/table>\n<div id=\"gtx-trans\" style=\"position: absolute; left: 213px; top: 46.0852px;\">\n<div class=\"gtx-trans-icon\"><\/div>\n<\/div>\n","protected":false},"excerpt":{"rendered":"<p>ZGNR8715 \u017belowa \u017cywica jonowymienna OPIS PRODUKTU ZGNR 8715 to gotowa do u\u017cycia \u017cywica mieszana, sk\u0142adaj\u0105ca si\u0119 z silnie kwa\u015bnej i silnie zasadowej (typ 1) \u017celowej \u017cywicy kationowymiennej i anionowymiennej. Oba sk\u0142adniki s\u0105 wysoce zredukowane i specjalnie oczyszczone, aby spe\u0142ni\u0107 wymagania przemys\u0142u p\u00f3\u0142przewodnikowego. ZGNR8715 charakteryzuje si\u0119 niskim uwalnianiem TOC i niskim zu\u017cyciem jon\u00f3w, co czyni go&#8230;<\/p>\n","protected":false},"featured_media":1272,"comment_status":"closed","ping_status":"closed","template":"","meta":[],"product_cat":[449,510,302,289,627],"product_tag":[],"class_list":["post-4337","product","type-product","status-publish","has-post-thumbnail","hentry","product_cat-energia-jadrowa","product_cat-produkty-cs-pl","product_cat-przemysl","product_cat-ultraczysta-woda","product_cat-zywice-powszechne"],"_links":{"self":[{"href":"https:\/\/hydrolite.eu\/pl\/wp-json\/wp\/v2\/product\/4337","targetHints":{"allow":["GET"]}}],"collection":[{"href":"https:\/\/hydrolite.eu\/pl\/wp-json\/wp\/v2\/product"}],"about":[{"href":"https:\/\/hydrolite.eu\/pl\/wp-json\/wp\/v2\/types\/product"}],"replies":[{"embeddable":true,"href":"https:\/\/hydrolite.eu\/pl\/wp-json\/wp\/v2\/comments?post=4337"}],"wp:featuredmedia":[{"embeddable":true,"href":"https:\/\/hydrolite.eu\/pl\/wp-json\/wp\/v2\/media\/1272"}],"wp:attachment":[{"href":"https:\/\/hydrolite.eu\/pl\/wp-json\/wp\/v2\/media?parent=4337"}],"wp:term":[{"taxonomy":"product_cat","embeddable":true,"href":"https:\/\/hydrolite.eu\/pl\/wp-json\/wp\/v2\/product_cat?post=4337"},{"taxonomy":"product_tag","embeddable":true,"href":"https:\/\/hydrolite.eu\/pl\/wp-json\/wp\/v2\/product_tag?post=4337"}],"curies":[{"name":"wp","href":"https:\/\/api.w.org\/{rel}","templated":true}]}}