{"id":4330,"date":"2025-09-21T13:38:31","date_gmt":"2025-10-26T12:41:15","guid":{"rendered":"https:\/\/hydrolite.eu\/?post_type=product&#038;p=4330"},"modified":"2025-10-26T15:41:15","modified_gmt":"2025-10-26T12:41:15","slug":"zg-a-398-specyficzny-makroporowaty-kopolimer-styrenu-i-dvb-z-zywica-anionowymienna-z-rodnikiem-kwarkowo-amoniowym-nch33oh","status":"publish","type":"product","link":"https:\/\/hydrolite.eu\/pl\/product\/zg-a-398-specyficzny-makroporowaty-kopolimer-styrenu-i-dvb-z-zywica-anionowymienna-z-rodnikiem-kwarkowo-amoniowym-nch33oh\/","title":{"rendered":"ZG A 398 specyficzny makroporowaty kopolimer styrenu i DVB z \u017cywic\u0105 anionowymienn\u0105 z rodnikiem kwarkowo-amoniowym [-N(CH3)3OH]"},"content":{"rendered":"<table border=\"0\" width=\"100%\" cellspacing=\"1\" cellpadding=\"0\" align=\"center\" bgcolor=\"dee8f3\">\n<tbody>\n<tr>\n<td align=\"left\" bgcolor=\"054696\" width=\"70%\" height=\"50\">\n<div class=\"zzzzz1\" align=\"center\"><span style=\"vertical-align: inherit;\"><span style=\"vertical-align: inherit;\"><span dir=\"auto\" style=\"vertical-align: inherit;\"><span class=\"\" dir=\"auto\" style=\"vertical-align: inherit;\">ZG A 398 specyficzny makroporowaty kopolimer styrenu i DVB z \u017cywic\u0105 anionowymienn\u0105 z rodnikiem kwarkowo-amoniowym [-N(CH3)3OH]<\/span><\/span><\/span><\/span><\/div>\n<\/td>\n<\/tr>\n<tr>\n<td style=\"padding: 20px;\" align=\"left\" bgcolor=\"#FFFFFF\">\n<p align=\"justify\"><span style=\"vertical-align: inherit;\"><span style=\"vertical-align: inherit;\"><span dir=\"auto\" style=\"vertical-align: inherit;\"><span dir=\"auto\" style=\"vertical-align: inherit;\">Zheng Guang ZG A 398 to specyficzny makroporowaty kopolimer z kationow\u0105 \u017cywic\u0105 anionowymienn\u0105 z rodnikiem amoniowym [-N(CH3 <\/span><\/span><\/span><\/span><sub><span style=\"vertical-align: inherit;\"><span style=\"vertical-align: inherit;\"><span dir=\"auto\" style=\"vertical-align: inherit;\"><span dir=\"auto\" style=\"vertical-align: inherit;\">)<\/span><\/span><\/span><\/span><\/sub><span style=\"vertical-align: inherit;\"><span style=\"vertical-align: inherit;\"><span dir=\"auto\" style=\"vertical-align: inherit;\"><span dir=\"auto\" style=\"vertical-align: inherit;\"> 3OH <\/span><\/span><\/span><\/span><sub><span style=\"vertical-align: inherit;\"><span style=\"vertical-align: inherit;\"><span dir=\"auto\" style=\"vertical-align: inherit;\"><span dir=\"auto\" style=\"vertical-align: inherit;\">]<\/span><\/span><\/span><\/span><\/sub><span style=\"vertical-align: inherit;\"><span style=\"vertical-align: inherit;\"><span dir=\"auto\" style=\"vertical-align: inherit;\"><span dir=\"auto\" style=\"vertical-align: inherit;\"> . Posiada specyficzn\u0105 struktur\u0119 kom\u00f3rkow\u0105 i du\u017c\u0105 powierzchni\u0119, co pozwala mu adsorbowa\u0107 du\u017ce cz\u0105steczki w\u0105trobowe i wykazuje wysok\u0105 odporno\u015b\u0107 na zanieczyszczenia organiczne.<\/span><\/span><\/span><\/span><\/p>\n<p align=\"justify\"><strong><span style=\"vertical-align: inherit;\"><span style=\"vertical-align: inherit;\"><span dir=\"auto\" style=\"vertical-align: inherit;\"><span dir=\"auto\" style=\"vertical-align: inherit;\">1: CHARAKTERYSTYKA \u017bYWICY<\/span><\/span><\/span><\/span><\/strong><\/p>\n<p align=\"justify\"><span style=\"vertical-align: inherit;\"><span style=\"vertical-align: inherit;\"><span dir=\"auto\" style=\"vertical-align: inherit;\"><span dir=\"auto\" style=\"vertical-align: inherit;\">\u017bywica anionowymienna ZG A 398 (typ Cl) marki Zheng Guang charakteryzuje si\u0119 nast\u0119puj\u0105cymi zaletami:<\/span><\/span><\/span><\/span><\/p>\n<p align=\"justify\"><span style=\"vertical-align: inherit;\"><span style=\"vertical-align: inherit;\"><span dir=\"auto\" style=\"vertical-align: inherit;\"><span dir=\"auto\" style=\"vertical-align: inherit;\">1. Silna adsorpcja cz\u0105steczek hepatromu. Adsorpcja tej samej liczby cz\u0105steczek hepatromu powoduje zmniejszenie masy u\u017cytej \u017cywicy.<\/span><\/span><\/span><\/span><\/p>\n<p align=\"justify\"><span style=\"vertical-align: inherit;\"><span style=\"vertical-align: inherit;\"><span dir=\"auto\" style=\"vertical-align: inherit;\"><span dir=\"auto\" style=\"vertical-align: inherit;\">2. Przygotowanie \u017cywicy przed u\u017cyciem jest bardzo proste i pozwala zaoszcz\u0119dzi\u0107 pieni\u0105dze. Wyp\u0142ucz now\u0105 \u017cywic\u0119 trzy razy czyst\u0105 wod\u0105 i pozostaw j\u0105 w czystej wodzie o temperaturze 25\u201330\u00b0C na noc. Nast\u0119pnego dnia przep\u0142ucz i przefiltruj \u017cywic\u0119 kilka razy. Po tym czasie \u017cywica jest gotowa do u\u017cycia.<\/span><\/span><\/span><\/span><\/p>\n<p align=\"justify\"><span style=\"vertical-align: inherit;\"><span style=\"vertical-align: inherit;\"><span dir=\"auto\" style=\"vertical-align: inherit;\"><span dir=\"auto\" style=\"vertical-align: inherit;\">3. \u017bywica ma silniejsz\u0105 zdolno\u015b\u0107 do zwalczania zanieczyszcze\u0144 organicznych, co sprawia, \u017ce \u200b\u200boczyszczanie po u\u017cyciu jest nie tylko proste, ale i wygodne. Zanieczyszczenia powierzchni usuwa si\u0119 czyst\u0105 wod\u0105, po czym \u017cywic\u0119 marynuje si\u0119 w roztworze alkalicznym (8% NaOH + 20% NaCl) o st\u0119\u017ceniu dwukrotnie wi\u0119kszym ni\u017c jej masa (masa \u017cywicy) przez dwie godziny w temperaturze 40\u201350\u00b0C, stale mieszaj\u0105c. Nast\u0119pnie nale\u017cy sp\u0142uka\u0107 czyst\u0105 wod\u0105 (pH 7) i przefiltrowa\u0107. Po tym czasie \u017cywica jest gotowa do u\u017cycia.<\/span><\/span><\/span><\/span><\/p>\n<p align=\"justify\"><strong><span style=\"vertical-align: inherit;\"><span style=\"vertical-align: inherit;\"><span dir=\"auto\" style=\"vertical-align: inherit;\"><span dir=\"auto\" style=\"vertical-align: inherit;\">2: PRZECHOWYWANIE<\/span><\/span><\/span><\/span><\/strong><\/p>\n<p align=\"justify\"><span style=\"vertical-align: inherit;\"><span style=\"vertical-align: inherit;\"><span dir=\"auto\" style=\"vertical-align: inherit;\"><span dir=\"auto\" style=\"vertical-align: inherit;\">\u017bywic\u0119 nale\u017cy przechowywa\u0107 w pomieszczeniu zamkni\u0119tym, z dala od bezpo\u015bredniego \u015bwiat\u0142a s\u0142onecznego. Nie rozrywaj opakowania, aby zapobiec utracie wody. Je\u015bli \u017cywica utraci\u0142a wod\u0119, stopniowo dodawaj nasycony roztw\u00f3r soli i marynuj przez kilka godzin, a nast\u0119pnie stopniowo rozcie\u0144czaj wod\u0105, aby zapobiec jej uszkodzeniu.<\/span><\/span><\/span><\/span><\/p>\n<p align=\"justify\"><strong><span style=\"vertical-align: inherit;\"><span style=\"vertical-align: inherit;\"><span dir=\"auto\" style=\"vertical-align: inherit;\"><span dir=\"auto\" style=\"vertical-align: inherit;\">3: TEMPERATURA U\u017bYTKOWANIA I PRZECHOWYWANIA<\/span><\/span><\/span><\/span><\/strong><\/p>\n<p align=\"justify\"><span style=\"vertical-align: inherit;\"><span style=\"vertical-align: inherit;\"><span dir=\"auto\" style=\"vertical-align: inherit;\"><span dir=\"auto\" style=\"vertical-align: inherit;\">Temperatura nie powinna przekracza\u0107 60\u00b0C. Przechowywa\u0107 w temperaturze 0\u201325\u00b0C. Je\u015bli temperatura otoczenia jest ni\u017csza ni\u017c 0\u00b0C, \u017cywic\u0119 nale\u017cy przechowywa\u0107 w nasyconym roztworze soli.<\/span><\/span><\/span><\/span><\/p>\n<\/td>\n<\/tr>\n<\/tbody>\n<\/table>\n","protected":false},"excerpt":{"rendered":"<p>ZG A 398 specyficzny makroporowaty kopolimer styrenu i DVB z \u017cywic\u0105 anionowymienn\u0105 z rodnikiem kwarkowo-amoniowym [-N(CH3)3OH] Zheng Guang ZG A 398 to specyficzny makroporowaty kopolimer z kationow\u0105 \u017cywic\u0105 anionowymienn\u0105 z rodnikiem amoniowym [-N(CH3 ) 3OH ] . Posiada specyficzn\u0105 struktur\u0119 kom\u00f3rkow\u0105 i du\u017c\u0105 powierzchni\u0119, co pozwala mu adsorbowa\u0107 du\u017ce cz\u0105steczki w\u0105trobowe i wykazuje wysok\u0105 odporno\u015b\u0107&#8230;<\/p>\n","protected":false},"featured_media":1272,"comment_status":"closed","ping_status":"closed","template":"","meta":[],"product_cat":[510,627],"product_tag":[],"class_list":["post-4330","product","type-product","status-publish","has-post-thumbnail","hentry","product_cat-produkty-cs-pl","product_cat-zywice-powszechne"],"_links":{"self":[{"href":"https:\/\/hydrolite.eu\/pl\/wp-json\/wp\/v2\/product\/4330","targetHints":{"allow":["GET"]}}],"collection":[{"href":"https:\/\/hydrolite.eu\/pl\/wp-json\/wp\/v2\/product"}],"about":[{"href":"https:\/\/hydrolite.eu\/pl\/wp-json\/wp\/v2\/types\/product"}],"replies":[{"embeddable":true,"href":"https:\/\/hydrolite.eu\/pl\/wp-json\/wp\/v2\/comments?post=4330"}],"wp:featuredmedia":[{"embeddable":true,"href":"https:\/\/hydrolite.eu\/pl\/wp-json\/wp\/v2\/media\/1272"}],"wp:attachment":[{"href":"https:\/\/hydrolite.eu\/pl\/wp-json\/wp\/v2\/media?parent=4330"}],"wp:term":[{"taxonomy":"product_cat","embeddable":true,"href":"https:\/\/hydrolite.eu\/pl\/wp-json\/wp\/v2\/product_cat?post=4330"},{"taxonomy":"product_tag","embeddable":true,"href":"https:\/\/hydrolite.eu\/pl\/wp-json\/wp\/v2\/product_tag?post=4330"}],"curies":[{"name":"wp","href":"https:\/\/api.w.org\/{rel}","templated":true}]}}