{"id":3373,"date":"2025-09-21T13:39:51","date_gmt":"2025-10-11T21:09:15","guid":{"rendered":"https:\/\/hydrolite.eu\/?post_type=product&#038;p=3373"},"modified":"2025-10-12T00:09:16","modified_gmt":"2025-10-11T21:09:16","slug":"adsorbent-makroporowaty-zg-sd300-o-specjalnej-srednicy-porow","status":"publish","type":"product","link":"https:\/\/hydrolite.eu\/pl\/product\/adsorbent-makroporowaty-zg-sd300-o-specjalnej-srednicy-porow\/","title":{"rendered":"Adsorbent makroporowaty ZG SD300 o specjalnej \u015brednicy por\u00f3w"},"content":{"rendered":"<p><span style=\"vertical-align: inherit;\"><span style=\"vertical-align: inherit;\"><span dir=\"auto\" style=\"vertical-align: inherit;\"><span dir=\"auto\" style=\"vertical-align: inherit;\">1. Wst\u0119p:<\/span><\/span><\/span><\/span><\/p>\n<p><span style=\"vertical-align: inherit;\"><span class=\"\" style=\"vertical-align: inherit;\"><span dir=\"auto\" style=\"vertical-align: inherit;\"><span dir=\"auto\" style=\"vertical-align: inherit;\">\u017bywica Hydrolite ZG SD300 to makroporowaty adsorbent o specjalnej \u015brednicy por\u00f3w. W por\u00f3wnaniu z konwencjonalnymi adsorbentami charakteryzuje si\u0119 du\u017c\u0105 powierzchni\u0105 w\u0142a\u015bciw\u0105 i optymalnym rozmiarem por\u00f3w, zapewniaj\u0105c doskona\u0142\u0105 adsorpcj\u0119 i elucj\u0119 zwi\u0105zk\u00f3w organicznych i barwnik\u00f3w organicznych. Jest szczeg\u00f3lnie odpowiednia do usuwania zapach\u00f3w i poprawy smaku syropu fruktozowego.<\/span><\/span><\/span><\/span><\/p>\n<p><span style=\"vertical-align: inherit;\"><span class=\"\" style=\"vertical-align: inherit;\"><span dir=\"auto\" style=\"vertical-align: inherit;\"><span dir=\"auto\" style=\"vertical-align: inherit;\">Dzi\u0119ki specjalnej wielko\u015bci por\u00f3w nie tylko eliminuje zapachy w syropie, ale tak\u017ce utrzymuje jego pH. Je\u015bli pierwotny surowiec ma wysokie pH, mo\u017ce ono zosta\u0107 nieznacznie obni\u017cone po zastosowaniu SD300.<\/span><\/span><\/span><\/span><\/p>\n<p><span style=\"vertical-align: inherit;\"><span style=\"vertical-align: inherit;\"><span dir=\"auto\" style=\"vertical-align: inherit;\"><span dir=\"auto\" style=\"vertical-align: inherit;\">Produkt ten mo\u017ce r\u00f3wnie\u017c absorbowa\u0107 i rozdziela\u0107 substancje polarne w roztworach wodnych i niewodnych oraz eliminowa\u0107 zapach maltozy.<\/span><\/span><\/span><\/span><\/p>\n<p><span style=\"vertical-align: inherit;\"><span style=\"vertical-align: inherit;\"><span dir=\"auto\" style=\"vertical-align: inherit;\"><span dir=\"auto\" style=\"vertical-align: inherit;\">2. W\u0142a\u015bciwo\u015bci fizyczne i chemiczne:<\/span><\/span><\/span><\/span><\/p>\n<table border=\"1\" cellspacing=\"0\">\n<tbody>\n<tr>\n<td colspan=\"2\"><strong><span style=\"vertical-align: inherit;\"><span style=\"vertical-align: inherit;\"><span dir=\"auto\" style=\"vertical-align: inherit;\"><span dir=\"auto\" style=\"vertical-align: inherit;\">Nazwa wska\u017anika<\/span><\/span><\/span><\/span><\/strong><\/td>\n<td><strong><span style=\"vertical-align: inherit;\"><span style=\"vertical-align: inherit;\"><span dir=\"auto\" style=\"vertical-align: inherit;\"><span dir=\"auto\" style=\"vertical-align: inherit;\">Oznaczaj\u0105cy<\/span><\/span><\/span><\/span><\/strong><\/td>\n<\/tr>\n<tr>\n<td colspan=\"2\"><span style=\"vertical-align: inherit;\"><span style=\"vertical-align: inherit;\"><span dir=\"auto\" style=\"vertical-align: inherit;\"><span dir=\"auto\" style=\"vertical-align: inherit;\">Kategoria<\/span><\/span><\/span><\/span><\/td>\n<td><span style=\"vertical-align: inherit;\"><span style=\"vertical-align: inherit;\"><span dir=\"auto\" style=\"vertical-align: inherit;\"><span dir=\"auto\" style=\"vertical-align: inherit;\">Seria aromatyczna<\/span><\/span><\/span><\/span><\/td>\n<\/tr>\n<tr>\n<td colspan=\"2\"><span style=\"vertical-align: inherit;\"><span style=\"vertical-align: inherit;\"><span dir=\"auto\" style=\"vertical-align: inherit;\"><span dir=\"auto\" style=\"vertical-align: inherit;\">Matryca<\/span><\/span><\/span><\/span><\/td>\n<td><span dir=\"auto\" style=\"vertical-align: inherit;\"><span dir=\"auto\" style=\"vertical-align: inherit;\">Styren<\/span><\/span><\/td>\n<\/tr>\n<tr>\n<td colspan=\"2\"><span style=\"vertical-align: inherit;\"><span style=\"vertical-align: inherit;\"><span dir=\"auto\" style=\"vertical-align: inherit;\"><span dir=\"auto\" style=\"vertical-align: inherit;\">Zawarto\u015b\u0107 wilgoci, %<\/span><\/span><\/span><\/span><\/td>\n<td><span style=\"vertical-align: inherit;\"><span style=\"vertical-align: inherit;\"><span dir=\"auto\" style=\"vertical-align: inherit;\"><span dir=\"auto\" style=\"vertical-align: inherit;\">50~60<\/span><\/span><\/span><\/span><\/td>\n<\/tr>\n<tr>\n<td colspan=\"2\"><span style=\"vertical-align: inherit;\"><span style=\"vertical-align: inherit;\"><span dir=\"auto\" style=\"vertical-align: inherit;\"><span dir=\"auto\" style=\"vertical-align: inherit;\">Powierzchnia w\u0142a\u015bciwa m\/g<\/span><\/span><\/span><\/span><\/td>\n<td><span style=\"vertical-align: inherit;\"><span style=\"vertical-align: inherit;\"><span dir=\"auto\" style=\"vertical-align: inherit;\"><span dir=\"auto\" style=\"vertical-align: inherit;\">800~1500<\/span><\/span><\/span><\/span><\/td>\n<\/tr>\n<tr>\n<td colspan=\"2\"><span style=\"vertical-align: inherit;\"><span style=\"vertical-align: inherit;\"><span dir=\"auto\" style=\"vertical-align: inherit;\"><span dir=\"auto\" style=\"vertical-align: inherit;\">Obj\u0119to\u015b\u0107 por\u00f3w, ml\/g<\/span><\/span><\/span><\/span><\/td>\n<td><span style=\"vertical-align: inherit;\"><span style=\"vertical-align: inherit;\"><span dir=\"auto\" style=\"vertical-align: inherit;\"><span dir=\"auto\" style=\"vertical-align: inherit;\">\u22650,5<\/span><\/span><\/span><\/span><\/td>\n<\/tr>\n<tr>\n<td><span style=\"vertical-align: inherit;\"><span style=\"vertical-align: inherit;\"><span dir=\"auto\" style=\"vertical-align: inherit;\"><span dir=\"auto\" style=\"vertical-align: inherit;\">Wielko\u015b\u0107 por\u00f3w<\/span><\/span><\/span><\/span><\/td>\n<td><span dir=\"auto\" style=\"vertical-align: inherit;\"><span dir=\"auto\" style=\"vertical-align: inherit;\">nm<\/span><\/span><\/td>\n<td><span style=\"vertical-align: inherit;\"><span style=\"vertical-align: inherit;\"><span dir=\"auto\" style=\"vertical-align: inherit;\"><span dir=\"auto\" style=\"vertical-align: inherit;\">\u22653,2<\/span><\/span><\/span><\/span><\/td>\n<\/tr>\n<tr>\n<td colspan=\"2\"><span style=\"vertical-align: inherit;\"><span style=\"vertical-align: inherit;\"><span dir=\"auto\" style=\"vertical-align: inherit;\"><span dir=\"auto\" style=\"vertical-align: inherit;\">G\u0119sto\u015b\u0107 nasypowa, g\/ml<\/span><\/span><\/span><\/span><\/td>\n<td><span style=\"vertical-align: inherit;\"><span style=\"vertical-align: inherit;\"><span dir=\"auto\" style=\"vertical-align: inherit;\"><span dir=\"auto\" style=\"vertical-align: inherit;\">0,65-0,75<\/span><\/span><\/span><\/span><\/td>\n<\/tr>\n<\/tbody>\n<\/table>\n<div id=\"gtx-trans\" style=\"position: absolute; left: 151px; top: 79.3906px;\">\n<div class=\"gtx-trans-icon\"><\/div>\n<\/div>\n","protected":false},"excerpt":{"rendered":"<p>1. Wst\u0119p: \u017bywica Hydrolite ZG SD300 to makroporowaty adsorbent o specjalnej \u015brednicy por\u00f3w. W por\u00f3wnaniu z konwencjonalnymi adsorbentami charakteryzuje si\u0119 du\u017c\u0105 powierzchni\u0105 w\u0142a\u015bciw\u0105 i optymalnym rozmiarem por\u00f3w, zapewniaj\u0105c doskona\u0142\u0105 adsorpcj\u0119 i elucj\u0119 zwi\u0105zk\u00f3w organicznych i barwnik\u00f3w organicznych. Jest szczeg\u00f3lnie odpowiednia do usuwania zapach\u00f3w i poprawy smaku syropu fruktozowego. Dzi\u0119ki specjalnej wielko\u015bci por\u00f3w nie tylko eliminuje&#8230;<\/p>\n","protected":false},"featured_media":1272,"comment_status":"closed","ping_status":"closed","template":"","meta":[],"product_cat":[601,510],"product_tag":[],"class_list":["post-3373","product","type-product","status-publish","has-post-thumbnail","hentry","product_cat-adsorbenty-makroporowate-pl","product_cat-produkty-cs-pl"],"_links":{"self":[{"href":"https:\/\/hydrolite.eu\/pl\/wp-json\/wp\/v2\/product\/3373","targetHints":{"allow":["GET"]}}],"collection":[{"href":"https:\/\/hydrolite.eu\/pl\/wp-json\/wp\/v2\/product"}],"about":[{"href":"https:\/\/hydrolite.eu\/pl\/wp-json\/wp\/v2\/types\/product"}],"replies":[{"embeddable":true,"href":"https:\/\/hydrolite.eu\/pl\/wp-json\/wp\/v2\/comments?post=3373"}],"wp:featuredmedia":[{"embeddable":true,"href":"https:\/\/hydrolite.eu\/pl\/wp-json\/wp\/v2\/media\/1272"}],"wp:attachment":[{"href":"https:\/\/hydrolite.eu\/pl\/wp-json\/wp\/v2\/media?parent=3373"}],"wp:term":[{"taxonomy":"product_cat","embeddable":true,"href":"https:\/\/hydrolite.eu\/pl\/wp-json\/wp\/v2\/product_cat?post=3373"},{"taxonomy":"product_tag","embeddable":true,"href":"https:\/\/hydrolite.eu\/pl\/wp-json\/wp\/v2\/product_tag?post=3373"}],"curies":[{"name":"wp","href":"https:\/\/api.w.org\/{rel}","templated":true}]}}