{"id":3096,"date":"2025-09-21T13:39:31","date_gmt":"2025-10-05T14:45:06","guid":{"rendered":"https:\/\/hydrolite.eu\/?post_type=product&#038;p=3096"},"modified":"2025-10-05T17:45:06","modified_gmt":"2025-10-05T14:45:06","slug":"zga-304-silnie-zasadowa-zywica-anionowymienna","status":"publish","type":"product","link":"https:\/\/hydrolite.eu\/pl\/product\/zga-304-silnie-zasadowa-zywica-anionowymienna\/","title":{"rendered":"ZGA 304 Silnie zasadowa \u017cywica anionowymienna"},"content":{"rendered":"<table border=\"0\" width=\"100%\" cellspacing=\"1\" cellpadding=\"0\" align=\"center\" bgcolor=\"dee8f3\">\n<tbody>\n<tr>\n<td align=\"left\" bgcolor=\"054696\" width=\"70%\" height=\"50\">\n<div class=\"zzzzz1\" align=\"center\"><span style=\"vertical-align: inherit;\"><span style=\"vertical-align: inherit;\"><span dir=\"auto\" style=\"vertical-align: inherit;\"><span dir=\"auto\" style=\"vertical-align: inherit;\">ZGA 304 Silnie zasadowa \u017cywica anionowymienna<\/span><\/span><\/span><\/span><\/div>\n<\/td>\n<\/tr>\n<tr>\n<td style=\"padding: 20px;\" align=\"left\" bgcolor=\"#FFFFFF\"><span style=\"vertical-align: inherit;\"><span style=\"vertical-align: inherit;\"><span dir=\"auto\" style=\"vertical-align: inherit;\"><span dir=\"auto\" style=\"vertical-align: inherit;\">OPIS PRODUKTU<\/span><\/span><\/span><\/span><span style=\"vertical-align: inherit;\"><span style=\"vertical-align: inherit;\"><span dir=\"auto\" style=\"vertical-align: inherit;\"><span dir=\"auto\" style=\"vertical-align: inherit;\">ZGA 304 to silnie zasadowa \u017cywica anionowymienna typu I o strukturze czwartorz\u0119dowego jonu amoniowego na bazie polistyrenu. Charakteryzuje si\u0119 doskona\u0142\u0105 wydajno\u015bci\u0105 regeneracji i w\u0142a\u015bciwo\u015bciami przep\u0142ukuj\u0105cymi. \u017bywica charakteryzuje si\u0119 wyj\u0105tkow\u0105 stabilno\u015bci\u0105 fizyczn\u0105 i chemiczn\u0105. Charakteryzuje si\u0119 r\u00f3wnie\u017c dobr\u0105 kinetyk\u0105 wymiany, osi\u0105gaj\u0105c bardzo niskie st\u0119\u017cenia zar\u00f3wno silnych, jak i s\u0142abych anion\u00f3w kwasowych przy praktycznych pr\u0119dko\u015bciach przep\u0142ywu. \u017bywica jest dost\u0119pna w formie chlorkowej lub wodorotlenkowej.<\/span><\/span><\/span><\/span><\/p>\n<p><span style=\"vertical-align: inherit;\"><span style=\"vertical-align: inherit;\"><span dir=\"auto\" style=\"vertical-align: inherit;\"><span dir=\"auto\" style=\"vertical-align: inherit;\">ZGA 304 jest powszechnie stosowany do produkcji czystej i ultraczystej wody, oczyszczania cukru oraz do oddzielania i oczyszczania pierwiastk\u00f3w biochemicznych i radioaktywnych.<\/span><\/span><\/span><\/span><\/p>\n<p>&nbsp;<\/p>\n<p><span style=\"vertical-align: inherit;\"><span style=\"vertical-align: inherit;\"><span dir=\"auto\" style=\"vertical-align: inherit;\"><span dir=\"auto\" style=\"vertical-align: inherit;\">ZALETY I CECHY<\/span><\/span><\/span><\/span><\/p>\n<p><span style=\"vertical-align: inherit;\"><span style=\"vertical-align: inherit;\"><span dir=\"auto\" style=\"vertical-align: inherit;\"><span dir=\"auto\" style=\"vertical-align: inherit;\">\u25cf DROBNY ROZMIAR CZ\u0104STEK<\/span><\/span><\/span><\/span><\/p>\n<p><span style=\"vertical-align: inherit;\"><span style=\"vertical-align: inherit;\"><span dir=\"auto\" style=\"vertical-align: inherit;\"><span dir=\"auto\" style=\"vertical-align: inherit;\">95% wszystkich cz\u0105stek mie\u015bci si\u0119 w okre\u015blonym zakresie, co skutkuje mniejszym spadkiem ci\u015bnienia i lepsz\u0105 kinetyk\u0105.<\/span><\/span><\/span><\/span><\/p>\n<p><span style=\"vertical-align: inherit;\"><span style=\"vertical-align: inherit;\"><span dir=\"auto\" style=\"vertical-align: inherit;\"><span dir=\"auto\" style=\"vertical-align: inherit;\">\u25cf WYSOKA STABILNO\u015a\u0106 CHEMICZNA I FIZYCZNA<\/span><\/span><\/span><\/span><\/p>\n<p><span style=\"vertical-align: inherit;\"><span style=\"vertical-align: inherit;\"><span dir=\"auto\" style=\"vertical-align: inherit;\"><span dir=\"auto\" style=\"vertical-align: inherit;\">Ponad 93% kulisto\u015bci w po\u0142\u0105czeniu z wysok\u0105 wytrzyma\u0142o\u015bci\u0105 na \u015bciskanie i jednolitym rozmiarem cz\u0105steczek zapewniaj\u0105 wi\u0119ksz\u0105 odporno\u015b\u0107 na p\u0119kanie cz\u0105steczek, co przek\u0142ada si\u0119 na d\u0142u\u017csz\u0105 \u017cywotno\u015b\u0107 i mniejszy spadek ci\u015bnienia.<\/span><\/span><\/span><\/span><\/p>\n<p><span style=\"vertical-align: inherit;\"><span style=\"vertical-align: inherit;\"><span dir=\"auto\" style=\"vertical-align: inherit;\"><span dir=\"auto\" style=\"vertical-align: inherit;\">\u25cf ODPORNO\u015a\u0106 NA ZANIECZYSZCZENIA ORGANICZNE I WYSOKA WYDAJNO\u015a\u0106 OPERACYJNA Wysoce porowata struktura ZGA 304 umo\u017cliwia skuteczne usuwanie i elucj\u0119 du\u017cych cz\u0105steczek organicznych. Wysoka ca\u0142kowita wydajno\u015b\u0107 zapewnia wysok\u0105 wydajno\u015b\u0107 operacyjn\u0105 podczas demineralizacji.<\/span><\/span><\/span><\/span><\/p>\n<p><span style=\"vertical-align: inherit;\"><span style=\"vertical-align: inherit;\"><span dir=\"auto\" style=\"vertical-align: inherit;\"><span dir=\"auto\" style=\"vertical-align: inherit;\">W\u0141A\u015aCIWO\u015aCI FIZYCZNE I CHEMICZNE<\/span><\/span><\/span><\/span><\/p>\n<div>\n<table style=\"width: 569px;\" border=\"1\" cellspacing=\"0\">\n<tbody>\n<tr>\n<td style=\"width: 283px;\" colspan=\"2\">\n<p style=\"margin-left: 5.3500pt;\"><span style=\"vertical-align: inherit;\"><span style=\"vertical-align: inherit;\"><span dir=\"auto\" style=\"vertical-align: inherit;\"><span dir=\"auto\" style=\"vertical-align: inherit;\">Wygl\u0105d<\/span><\/span><\/span><\/span><\/p>\n<\/td>\n<td style=\"width: 285px;\" colspan=\"2\">\n<p style=\"margin-left: 17.6500pt;\"><span style=\"vertical-align: inherit;\"><span style=\"vertical-align: inherit;\"><span dir=\"auto\" style=\"vertical-align: inherit;\"><span dir=\"auto\" style=\"vertical-align: inherit;\">Bia\u0142e lub jasno\u017c\u00f3\u0142te kuliste cz\u0105stki.<\/span><\/span><\/span><\/span><\/p>\n<\/td>\n<\/tr>\n<tr>\n<td style=\"width: 283px;\" colspan=\"2\">\n<p style=\"margin-left: 6.1500pt;\"><span style=\"vertical-align: inherit;\"><span style=\"vertical-align: inherit;\"><span dir=\"auto\" style=\"vertical-align: inherit;\"><span dir=\"auto\" style=\"vertical-align: inherit;\">Struktura polimeru<\/span><\/span><\/span><\/span><\/p>\n<\/td>\n<td style=\"width: 285px;\" colspan=\"2\">\n<p style=\"margin-left: 72.1000pt;\"><span dir=\"auto\" style=\"vertical-align: inherit;\"><span dir=\"auto\" style=\"vertical-align: inherit;\">Styren &#8211; DVB<\/span><\/span><\/p>\n<\/td>\n<\/tr>\n<tr>\n<td style=\"width: 283px;\" colspan=\"2\">\n<p style=\"margin-left: 5.6000pt;\"><span dir=\"auto\" style=\"vertical-align: inherit;\"><span dir=\"auto\" style=\"vertical-align: inherit;\">Typ<\/span><\/span><\/p>\n<\/td>\n<td style=\"width: 285px;\" colspan=\"2\">\n<p style=\"margin-left: 69.1500pt;\"><span dir=\"auto\" style=\"vertical-align: inherit;\"><span dir=\"auto\" style=\"vertical-align: inherit;\">\u017bel, mocny kwas<\/span><\/span><\/p>\n<\/td>\n<\/tr>\n<tr>\n<td style=\"width: 283px;\" colspan=\"2\">\n<p style=\"margin-left: 6.1500pt;\"><span style=\"vertical-align: inherit;\"><span style=\"vertical-align: inherit;\"><span dir=\"auto\" style=\"vertical-align: inherit;\"><span dir=\"auto\" style=\"vertical-align: inherit;\">Grupa funkcyjna<\/span><\/span><\/span><\/span><\/p>\n<\/td>\n<td style=\"width: 285px;\" colspan=\"2\">\n<p style=\"margin-left: 70.7000pt;\"><span style=\"vertical-align: inherit;\"><span style=\"vertical-align: inherit;\"><span dir=\"auto\" style=\"vertical-align: inherit;\"><span dir=\"auto\" style=\"vertical-align: inherit;\">\u0420\u2014 \u041d+(CHR 3R )R 3RP-X-<\/span><\/span><\/span><\/span><\/p>\n<\/td>\n<\/tr>\n<tr>\n<td style=\"width: 283px;\" colspan=\"2\">\n<p style=\"margin-left: 6.1000pt;\"><span style=\"vertical-align: inherit;\"><span style=\"vertical-align: inherit;\"><span dir=\"auto\" style=\"vertical-align: inherit;\"><span dir=\"auto\" style=\"vertical-align: inherit;\">Forma jonowa<\/span><\/span><\/span><\/span><\/p>\n<\/td>\n<td style=\"width: 156px;\">\n<p style=\"margin-left: 52.4500pt;\"><span style=\"vertical-align: inherit;\"><span style=\"vertical-align: inherit;\"><span dir=\"auto\" style=\"vertical-align: inherit;\"><span dir=\"auto\" style=\"vertical-align: inherit;\">Cl-<\/span><\/span><\/span><\/span><\/p>\n<\/td>\n<td style=\"width: 130px;\">\n<p style=\"margin-left: 39.7500pt;\"><span style=\"vertical-align: inherit;\"><span style=\"vertical-align: inherit;\"><span dir=\"auto\" style=\"vertical-align: inherit;\"><span dir=\"auto\" style=\"vertical-align: inherit;\">My\u015bl\u0119, \u017ce-<\/span><\/span><\/span><\/span><\/p>\n<\/td>\n<\/tr>\n<tr>\n<td style=\"width: 283px;\" colspan=\"2\">\n<p style=\"margin-left: 6.1000pt;\"><span style=\"vertical-align: inherit;\"><span style=\"vertical-align: inherit;\"><span dir=\"auto\" style=\"vertical-align: inherit;\"><span dir=\"auto\" style=\"vertical-align: inherit;\">Wilgotno\u015b\u0107 %<\/span><\/span><\/span><\/span><\/p>\n<\/td>\n<td style=\"width: 156px;\">\n<p style=\"margin-left: 45.1000pt;\"><span style=\"vertical-align: inherit;\"><span style=\"vertical-align: inherit;\"><span dir=\"auto\" style=\"vertical-align: inherit;\"><span dir=\"auto\" style=\"vertical-align: inherit;\">50 &#8211; 60<\/span><\/span><\/span><\/span><\/p>\n<\/td>\n<td style=\"width: 130px;\">\n<p style=\"margin-left: 35.1500pt;\"><span style=\"vertical-align: inherit;\"><span style=\"vertical-align: inherit;\"><span dir=\"auto\" style=\"vertical-align: inherit;\"><span dir=\"auto\" style=\"vertical-align: inherit;\">60 &#8211; 70<\/span><\/span><\/span><\/span><\/p>\n<\/td>\n<\/tr>\n<tr>\n<td style=\"width: 283px;\" colspan=\"2\">\n<p style=\"margin-left: 5.8500pt;\"><span style=\"vertical-align: inherit;\"><span style=\"vertical-align: inherit;\"><span dir=\"auto\" style=\"vertical-align: inherit;\"><span dir=\"auto\" style=\"vertical-align: inherit;\">Pojemno\u015b\u0107 obj\u0119to\u015bciowa (mmol\/ml)<\/span><\/span><\/span><\/span><\/p>\n<\/td>\n<td style=\"width: 156px;\">\n<p style=\"margin-left: 46.9500pt;\"><span style=\"vertical-align: inherit;\"><span style=\"vertical-align: inherit;\"><span dir=\"auto\" style=\"vertical-align: inherit;\"><span dir=\"auto\" style=\"vertical-align: inherit;\">\u2265 1,1<\/span><\/span><\/span><\/span><\/p>\n<\/td>\n<td style=\"width: 130px;\">\n<p style=\"margin-left: 34.0500pt;\"><span style=\"vertical-align: inherit;\"><span style=\"vertical-align: inherit;\"><span dir=\"auto\" style=\"vertical-align: inherit;\"><span dir=\"auto\" style=\"vertical-align: inherit;\">\u2265 0,90<\/span><\/span><\/span><\/span><\/p>\n<\/td>\n<\/tr>\n<tr>\n<td style=\"width: 283px;\" colspan=\"2\">\n<p style=\"margin-left: 5.7500pt;\"><span style=\"vertical-align: inherit;\"><span style=\"vertical-align: inherit;\"><span dir=\"auto\" style=\"vertical-align: inherit;\"><span dir=\"auto\" style=\"vertical-align: inherit;\">G\u0119sto\u015b\u0107 masy (g\/ml)<\/span><\/span><\/span><\/span><\/p>\n<\/td>\n<td style=\"width: 156px;\">\n<p style=\"margin-left: 33.9000pt;\"><span style=\"vertical-align: inherit;\"><span style=\"vertical-align: inherit;\"><span dir=\"auto\" style=\"vertical-align: inherit;\"><span dir=\"auto\" style=\"vertical-align: inherit;\">0,66\u20130,71<\/span><\/span><\/span><\/span><\/p>\n<\/td>\n<td style=\"width: 130px;\">\n<p style=\"margin-left: 24.0000pt;\"><span style=\"vertical-align: inherit;\"><span style=\"vertical-align: inherit;\"><span dir=\"auto\" style=\"vertical-align: inherit;\"><span dir=\"auto\" style=\"vertical-align: inherit;\">0,65\u20130,70<\/span><\/span><\/span><\/span><\/p>\n<\/td>\n<\/tr>\n<tr>\n<td style=\"width: 136px;\">\n<p style=\"margin-left: 6.1500pt;\"><span style=\"vertical-align: inherit;\"><span style=\"vertical-align: inherit;\"><span dir=\"auto\" style=\"vertical-align: inherit;\"><span dir=\"auto\" style=\"vertical-align: inherit;\">G\u0119sto\u015b\u0107<\/span><\/span><\/span><\/span><\/p>\n<\/td>\n<td style=\"width: 148px;\">\n<p style=\"margin-left: 58.0000pt;\"><span style=\"vertical-align: inherit;\"><span style=\"vertical-align: inherit;\"><span dir=\"auto\" style=\"vertical-align: inherit;\"><span dir=\"auto\" style=\"vertical-align: inherit;\">g\/ml<\/span><\/span><\/span><\/span><\/p>\n<\/td>\n<td style=\"width: 156px;\">\n<p style=\"margin-left: 34.3000pt;\"><span style=\"vertical-align: inherit;\"><span style=\"vertical-align: inherit;\"><span dir=\"auto\" style=\"vertical-align: inherit;\"><span dir=\"auto\" style=\"vertical-align: inherit;\">1,06\u2013 1,10<\/span><\/span><\/span><\/span><\/p>\n<\/td>\n<td style=\"width: 130px;\">\n<p style=\"margin-left: 24.4000pt;\"><span style=\"vertical-align: inherit;\"><span style=\"vertical-align: inherit;\"><span dir=\"auto\" style=\"vertical-align: inherit;\"><span dir=\"auto\" style=\"vertical-align: inherit;\">1,05\u2013 1,09<\/span><\/span><\/span><\/span><\/p>\n<\/td>\n<\/tr>\n<tr>\n<td style=\"width: 283px;\" colspan=\"2\">\n<p style=\"margin-left: 5.8500pt;\"><span style=\"vertical-align: inherit;\"><span style=\"vertical-align: inherit;\"><span dir=\"auto\" style=\"vertical-align: inherit;\"><span dir=\"auto\" style=\"vertical-align: inherit;\">Granulometria (0,315-1,25 mm)%<\/span><\/span><\/span><\/span><\/p>\n<\/td>\n<td style=\"width: 285px;\" colspan=\"2\">\n<p style=\"margin-left: 98.4500pt;\"><span style=\"vertical-align: inherit;\"><span style=\"vertical-align: inherit;\"><span dir=\"auto\" style=\"vertical-align: inherit;\"><span dir=\"auto\" style=\"vertical-align: inherit;\">\u226595<\/span><\/span><\/span><\/span><\/p>\n<\/td>\n<\/tr>\n<\/tbody>\n<\/table>\n<\/div>\n<div>\n<p>&nbsp;<\/p>\n<table style=\"width: 569px;\" border=\"1\" cellspacing=\"0\">\n<tbody>\n<tr>\n<td style=\"width: 283px;\">\n<p style=\"margin-left: 6.1500pt;\"><span style=\"vertical-align: inherit;\"><span style=\"vertical-align: inherit;\"><span dir=\"auto\" style=\"vertical-align: inherit;\"><span dir=\"auto\" style=\"vertical-align: inherit;\">Efektywny zakres wielko\u015bci cz\u0105stek mm<\/span><\/span><\/span><\/span><\/p>\n<\/td>\n<td style=\"width: 285px;\">\n<p style=\"margin-left: 87.1000pt;\"><span style=\"vertical-align: inherit;\"><span style=\"vertical-align: inherit;\"><span dir=\"auto\" style=\"vertical-align: inherit;\"><span dir=\"auto\" style=\"vertical-align: inherit;\">0,315\u20131,00<\/span><\/span><\/span><\/span><\/p>\n<\/td>\n<\/tr>\n<tr>\n<td style=\"width: 283px;\">\n<p style=\"margin-left: 6.1500pt;\"><span style=\"vertical-align: inherit;\"><span style=\"vertical-align: inherit;\"><span dir=\"auto\" style=\"vertical-align: inherit;\"><span dir=\"auto\" style=\"vertical-align: inherit;\">Temperatura pracy<\/span><\/span><\/span><\/span><\/p>\n<\/td>\n<td style=\"width: 285px;\">\n<p style=\"margin-left: 87.1000pt;\"><span style=\"vertical-align: inherit;\"><span style=\"vertical-align: inherit;\"><span dir=\"auto\" style=\"vertical-align: inherit;\"><span dir=\"auto\" style=\"vertical-align: inherit;\">&lt; 60\u00b0C<\/span><\/span><\/span><\/span><\/p>\n<\/td>\n<\/tr>\n<tr>\n<td style=\"width: 283px;\">\n<p style=\"margin-left: 6.1500pt;\"><span style=\"vertical-align: inherit;\"><span style=\"vertical-align: inherit;\"><span dir=\"auto\" style=\"vertical-align: inherit;\"><span dir=\"auto\" style=\"vertical-align: inherit;\">pH robocze<\/span><\/span><\/span><\/span><\/p>\n<\/td>\n<td style=\"width: 285px;\">\n<p style=\"margin-left: 87.1000pt;\"><span style=\"vertical-align: inherit;\"><span style=\"vertical-align: inherit;\"><span dir=\"auto\" style=\"vertical-align: inherit;\"><span dir=\"auto\" style=\"vertical-align: inherit;\">1\u201314<\/span><\/span><\/span><\/span><\/p>\n<\/td>\n<\/tr>\n<\/tbody>\n<\/table>\n<\/div>\n<\/td>\n<\/tr>\n<\/tbody>\n<\/table>\n<div id=\"gtx-trans\" style=\"position: absolute; left: 124px; top: 46.0852px;\">\n<div class=\"gtx-trans-icon\"><\/div>\n<\/div>\n","protected":false},"excerpt":{"rendered":"<p>ZGA 304 Silnie zasadowa \u017cywica anionowymienna OPIS PRODUKTUZGA 304 to silnie zasadowa \u017cywica anionowymienna typu I o strukturze czwartorz\u0119dowego jonu amoniowego na bazie polistyrenu. Charakteryzuje si\u0119 doskona\u0142\u0105 wydajno\u015bci\u0105 regeneracji i w\u0142a\u015bciwo\u015bciami przep\u0142ukuj\u0105cymi. \u017bywica charakteryzuje si\u0119 wyj\u0105tkow\u0105 stabilno\u015bci\u0105 fizyczn\u0105 i chemiczn\u0105. Charakteryzuje si\u0119 r\u00f3wnie\u017c dobr\u0105 kinetyk\u0105 wymiany, osi\u0105gaj\u0105c bardzo niskie st\u0119\u017cenia zar\u00f3wno silnych, jak i s\u0142abych&#8230;<\/p>\n","protected":false},"featured_media":1272,"comment_status":"closed","ping_status":"closed","template":"","meta":[],"product_cat":[562,510],"product_tag":[],"class_list":["post-3096","product","type-product","status-publish","has-post-thumbnail","hentry","product_cat-inne-zywice","product_cat-produkty-cs-pl"],"_links":{"self":[{"href":"https:\/\/hydrolite.eu\/pl\/wp-json\/wp\/v2\/product\/3096","targetHints":{"allow":["GET"]}}],"collection":[{"href":"https:\/\/hydrolite.eu\/pl\/wp-json\/wp\/v2\/product"}],"about":[{"href":"https:\/\/hydrolite.eu\/pl\/wp-json\/wp\/v2\/types\/product"}],"replies":[{"embeddable":true,"href":"https:\/\/hydrolite.eu\/pl\/wp-json\/wp\/v2\/comments?post=3096"}],"wp:featuredmedia":[{"embeddable":true,"href":"https:\/\/hydrolite.eu\/pl\/wp-json\/wp\/v2\/media\/1272"}],"wp:attachment":[{"href":"https:\/\/hydrolite.eu\/pl\/wp-json\/wp\/v2\/media?parent=3096"}],"wp:term":[{"taxonomy":"product_cat","embeddable":true,"href":"https:\/\/hydrolite.eu\/pl\/wp-json\/wp\/v2\/product_cat?post=3096"},{"taxonomy":"product_tag","embeddable":true,"href":"https:\/\/hydrolite.eu\/pl\/wp-json\/wp\/v2\/product_tag?post=3096"}],"curies":[{"name":"wp","href":"https:\/\/api.w.org\/{rel}","templated":true}]}}