{"id":579,"date":"2022-02-22T02:12:05","date_gmt":"2022-02-21T23:12:05","guid":{"rendered":"https:\/\/hydrolite.eu\/about-us\/"},"modified":"2023-07-11T22:09:33","modified_gmt":"2023-07-11T19:09:33","slug":"company","status":"publish","type":"page","link":"https:\/\/hydrolite.eu\/pl\/company\/","title":{"rendered":"Firma"},"content":{"rendered":"\t<div id=\"gap-512033752\" class=\"gap-element clearfix\" style=\"display:block; height:auto;\">\n\t\t\n<style>\n#gap-512033752 {\n  padding-top: 30px;\n}\n<\/style>\n\t<\/div>\n\t\n<div class=\"row row-large row-full-width\"  id=\"row-201021610\">\n\n\t<div id=\"col-947272959\" class=\"col medium-8 small-12 large-8\"  >\n\t\t<div class=\"col-inner\"  >\n\t\t\t\n\t\t\t\n<h2 class=\"uppercase\">O nas<\/h2>\n<h3>Ta strona jest witryn\u0105 europejskiego dealera, firmy EuroEcoTech (Niemcy).<\/h3>\n<p>\u017bywice jonowymienne TM NIDROLIGHT &#8211; Innowacyjny i nowoczesny produkt.<\/p>\n<p>Nasz producent Ningbo Zhengguang Resin Co., Ltd. jest w ca\u0142o\u015bci w\u0142asno\u015bci\u0105 produkcyjn\u0105 Bazy firmy Zhejiang Zhengguang Industrial Co., Ltd. \u201eZhengguang\u201d jest jedn\u0105 z najbardziej wp\u0142ywowych chi\u0144skich firm produkuj\u0105cych i aplikuj\u0105cych \u017cywice jonowymienne. Zosta\u0142 znaleziony w pa\u017adzierniku 1969 i ma ponad 43-letnie do\u015bwiadczenie w badaniach, rozwoju i produkcji \u017cywic jonowymiennych. Zhengguang jest r\u00f3wnie\u017c wiceprzewodnicz\u0105cym Chi\u0144skiego Komitetu ds. \u017bywicy Wymiany Jonowej i cz\u0142onkiem WQA.<\/p>\n<p>Ningbo Zhengguang Resin CO., Ltd znajduje si\u0119 w NINGBO PETROCHEMICZNEJ STREFIE ROZWOJU GOSPODARCZEGO. Ca\u0142kowity obszar planowania Strefy wynosi 56,22 km2 i zosta\u0142 formalnie zatwierdzony przez Chi\u0144sk\u0105 Rad\u0119 Pa\u0144stwow\u0105 jako krajowa strefa rozwoju w dniu 30 grudnia 2011 r. STREFA ROZWOJU PETROCHEMICZNEGO EKONOMICZNEGO NINGBO ma najwi\u0119kszy w kraju dok ciek\u0142ych chemikali\u00f3w, najwi\u0119ksze w kraju przedsi\u0119biorstwa rafinacji petrochemicznej Zhenhai Rafineria i wiele firm chemicznych. Te firmy chemiczne zapewniaj\u0105 dogodne podej\u015bcie do zakupu surowca, a jednocze\u015bnie pobliski port BEILUN zapewnia r\u00f3wnie\u017c dogodne warunki dla importu i eksportu surowca i produkt\u00f3w.<\/p>\n<p>Ningbo Zhengguang Resin Co., Ltd rozpoczyna ceremoni\u0119 wmurowania kamienia w\u0119gielnego w listopadzie 2007 r. i rozpoczyna produkcj\u0119 testow\u0105 we wrze\u015bniu 2010 r. Do ko\u0144ca 2011 r. Ningbo Zhengguang Resin Co., Ltd przesz\u0142a na normaln\u0105 produkcj\u0119 i uzyska\u0142a bezpieczn\u0105 licencj\u0119 na produkcj\u0119, zd. odbiory inspekcji obiekt\u00f3w ochrony \u015brodowiska.<\/p>\n\t\t<\/div>\n\t\t\t<\/div>\n\n\t\n\n\t<div id=\"col-519112208\" class=\"col medium-4 small-12 large-4 small-col-first\"  >\n\t\t<div class=\"col-inner\"  >\n\t\t\t\n\t\t\t\n\t<div class=\"img has-hover x md-x lg-x y md-y lg-y\" id=\"image_1710407653\">\n\t\t\t\t\t\t\t\t<div class=\"img-inner dark\" >\n\t\t\t<img loading=\"lazy\" decoding=\"async\" width=\"1254\" height=\"841\" src=\"https:\/\/hydrolite.eu\/wp-content\/uploads\/2022\/05\/outside-of-workshop.jpg\" class=\"attachment-original size-original\" alt=\"hydrolite\" srcset=\"https:\/\/hydrolite.eu\/wp-content\/uploads\/2022\/05\/outside-of-workshop.jpg 1254w, https:\/\/hydrolite.eu\/wp-content\/uploads\/2022\/05\/outside-of-workshop-300x201.jpg 300w, https:\/\/hydrolite.eu\/wp-content\/uploads\/2022\/05\/outside-of-workshop-1024x687.jpg 1024w, https:\/\/hydrolite.eu\/wp-content\/uploads\/2022\/05\/outside-of-workshop-200x134.jpg 200w, https:\/\/hydrolite.eu\/wp-content\/uploads\/2022\/05\/outside-of-workshop-400x268.jpg 400w\" sizes=\"auto, (max-width: 1254px) 100vw, 1254px\" \/>\t\t\t\t\t\t\n\t\t\t\t\t<\/div>\n\t\t\t\t\t\t\t\t\n<style>\n#image_1710407653 {\n  width: 100%;\n}\n<\/style>\n\t<\/div>\n\t\n\t<div class=\"img has-hover x md-x lg-x y md-y lg-y\" id=\"image_355359167\">\n\t\t\t\t\t\t\t\t<div class=\"img-inner dark\" >\n\t\t\t<img loading=\"lazy\" decoding=\"async\" width=\"1502\" height=\"973\" src=\"https:\/\/hydrolite.eu\/wp-content\/uploads\/2022\/05\/material-farm.jpg\" class=\"attachment-original size-original\" alt=\"Company\" srcset=\"https:\/\/hydrolite.eu\/wp-content\/uploads\/2022\/05\/material-farm.jpg 1502w, https:\/\/hydrolite.eu\/wp-content\/uploads\/2022\/05\/material-farm-300x194.jpg 300w, https:\/\/hydrolite.eu\/wp-content\/uploads\/2022\/05\/material-farm-1024x663.jpg 1024w, https:\/\/hydrolite.eu\/wp-content\/uploads\/2022\/05\/material-farm-200x130.jpg 200w, https:\/\/hydrolite.eu\/wp-content\/uploads\/2022\/05\/material-farm-400x259.jpg 400w\" sizes=\"auto, (max-width: 1502px) 100vw, 1502px\" \/>\t\t\t\t\t\t\n\t\t\t\t\t<\/div>\n\t\t\t\t\t\t\t\t\n<style>\n#image_355359167 {\n  width: 100%;\n}\n<\/style>\n\t<\/div>\n\t\n\t\t<\/div>\n\t\t\t<\/div>\n\n\t\n<\/div>\n<div class=\"row row-large row-full-width\"  id=\"row-2109722788\">\n\n\t<div id=\"col-1469899563\" class=\"col medium-4 small-12 large-4\"  >\n\t\t<div class=\"col-inner\"  >\n\t\t\t\n\t\t\t\n\t<div class=\"img has-hover x md-x lg-x y md-y lg-y\" id=\"image_1238398883\">\n\t\t\t\t\t\t\t\t<div class=\"img-inner dark\" >\n\t\t\t<img loading=\"lazy\" decoding=\"async\" width=\"1020\" height=\"639\" src=\"https:\/\/hydrolite.eu\/wp-content\/uploads\/2022\/05\/workshop-1-1024x642.jpg\" class=\"attachment-large size-large\" alt=\"hydrolite\" srcset=\"https:\/\/hydrolite.eu\/wp-content\/uploads\/2022\/05\/workshop-1-1024x642.jpg 1024w, https:\/\/hydrolite.eu\/wp-content\/uploads\/2022\/05\/workshop-1-300x188.jpg 300w, https:\/\/hydrolite.eu\/wp-content\/uploads\/2022\/05\/workshop-1-200x125.jpg 200w, https:\/\/hydrolite.eu\/wp-content\/uploads\/2022\/05\/workshop-1-400x251.jpg 400w, https:\/\/hydrolite.eu\/wp-content\/uploads\/2022\/05\/workshop-1.jpg 1502w\" sizes=\"auto, (max-width: 1020px) 100vw, 1020px\" \/>\t\t\t\t\t\t\n\t\t\t\t\t<\/div>\n\t\t\t\t\t\t\t\t\n<style>\n#image_1238398883 {\n  width: 100%;\n}\n<\/style>\n\t<\/div>\n\t\n\t<div class=\"img has-hover x md-x lg-x y md-y lg-y\" id=\"image_522382058\">\n\t\t\t\t\t\t\t\t<div class=\"img-inner dark\" >\n\t\t\t<img loading=\"lazy\" decoding=\"async\" width=\"1020\" height=\"680\" src=\"https:\/\/hydrolite.eu\/wp-content\/uploads\/2022\/05\/part-of-qc-1024x683.jpg\" class=\"attachment-large size-large\" alt=\"hydrolite\" srcset=\"https:\/\/hydrolite.eu\/wp-content\/uploads\/2022\/05\/part-of-qc-1024x683.jpg 1024w, https:\/\/hydrolite.eu\/wp-content\/uploads\/2022\/05\/part-of-qc-300x200.jpg 300w, https:\/\/hydrolite.eu\/wp-content\/uploads\/2022\/05\/part-of-qc-200x133.jpg 200w, https:\/\/hydrolite.eu\/wp-content\/uploads\/2022\/05\/part-of-qc-400x267.jpg 400w, https:\/\/hydrolite.eu\/wp-content\/uploads\/2022\/05\/part-of-qc.jpg 1180w\" sizes=\"auto, (max-width: 1020px) 100vw, 1020px\" \/>\t\t\t\t\t\t\n\t\t\t\t\t<\/div>\n\t\t\t\t\t\t\t\t\n<style>\n#image_522382058 {\n  width: 100%;\n}\n<\/style>\n\t<\/div>\n\t\n\t\t<\/div>\n\t\t\t<\/div>\n\n\t\n\n\t<div id=\"col-1282986946\" class=\"col medium-8 small-12 large-8\"  >\n\t\t<div class=\"col-inner\"  >\n\t\t\t\n\t\t\t\n<p>\u201eZhengguang\u201d specjalizuje si\u0119 w produkcji \u017cywicy jonowymiennej, biochemicznego medium rozdzielaj\u0105cego i makroporowatych adsorbent\u00f3w. \u017bywica jonowymienna ma cztery g\u0142\u00f3wne serie produkt\u00f3w, takie jak seria styrenu, seria kwasu akrylowego, seria aldehyd\u00f3w fenolowych i seria pier\u015bcieni tlenowych. No\u015bniki do rozdzia\u0142u biochemicznego obejmuj\u0105 no\u015bniki do chromatografii jonowymiennej, no\u015bniki do chromatografii oddzia\u0142ywa\u0144 hydrofobowych, no\u015bniki do chromatografii powinowactwa, no\u015bniki do chromatografii \u017celowej i aktywowane p\u00f3\u0142produkty, pi\u0119\u0107 typ\u00f3w prawie sto odmian. W\u015br\u00f3d adsorbent\u00f3w makroporowatych znajduj\u0105 si\u0119 sorbenty niepolarne, \u015bredniopolarne i polarne, trzy rodzaje blisko kilkudziesi\u0119ciu odmian. Zarejestrowane znaki towarowe to \u201eZhengguang\u201d i \u201eHydorlite\u201d.<\/p>\n<p>\u201eZhengguang\u201d cieszy si\u0119 wysok\u0105 reputacj\u0105 w\u015br\u00f3d klient\u00f3w i tej samej bran\u017cy dzi\u0119ki doskona\u0142ej jako\u015bci produkt\u00f3w, wiod\u0105cej technologii i szczerym us\u0142ugom technicznym. \u201eZhengguang\u201d ma szereg produkt\u00f3w b\u0119d\u0105cych chi\u0144sk\u0105 inicjatyw\u0105 krajow\u0105 i uzyska\u0142 \u201eCertyfikat Nation Key Product\u201d, \u201eCertyfikat Funduszu Innowacji Technologicznej\u201d, \u201eNational Torch Plan\u201d, \u201eChina Electric Power Science and Technology Award\u201d, \u201e Patenty na wzory u\u017cytkowe, \u201epatent na wynalazek\u201d itp. \u00a0\u00a0\u00a0\u017bywica jonowymienna marki \u201eZhengguang\u201d wielokrotnie zdoby\u0142a oznaczenie \u201eS\u0142ynny produkt prowincji Zhejiang\u201d, a marka \u201eZhengguang\u201d otrzyma\u0142a oznaczenie \u201eS\u0142ynna marka prowincji Zhejiang\u201d. Za te nagrody Zhengguang zdoby\u0142 tytu\u0142 \u201ewsparcie krajowego kluczowego przedsi\u0119biorstwa high-tech\u201d, \u201ePrzedsi\u0119biorstwo zaawansowanych technologii prowincji Zhejiang i \u201eCentrum technologii przedsi\u0119biorstw prowincji Zhejiang\u201d.<\/p>\n<p>Marka \u201eZhengguang\u201d i \u017cywice jonowymienne marki \u201eHydrolite\u201d s\u0105 obecnie sprzedawane we wszystkich prowincjach i regionach w zakresie energii elektrycznej, elektronicznej, energii j\u0105drowej, chemikali\u00f3w, przemys\u0142u lekkiego, farmaceutycznego, spo\u017cywczego, napoj\u00f3w, metalurgii i ochrony \u015brodowiska w Chinach. sprzedawany r\u00f3wnie\u017c do Ameryki, Europy, Afryki i kraj\u00f3w Azji Po\u0142udniowo-Wschodniej. \u017bywice marki \u201eZhengguang\u201d odgrywaj\u0105 wa\u017cn\u0105 rol\u0119 dzi\u0119ki doskona\u0142ej wydajno\u015bci w uzdatnianiu wody zasilaj\u0105cej kot\u0142y i kondensacji, uzdatnianiu wody w obiegu pierwotnym i wt\u00f3rnym elektrowni j\u0105drowej, wodzie przemys\u0142owej i ultraczystej wodzie klasy elektronicznej, \u017cywno\u015bci, medycynie i biochemii , maj\u0105 du\u017c\u0105 liczb\u0119 u\u017cytkowych wydajno\u015bci na ca\u0142ym \u015bwiecie.<\/p>\n\t\t<\/div>\n\t\t\t<\/div>\n\n\t\n<\/div>\n<div class=\"row row-large row-full-width\"  id=\"row-1149735122\">\n\n\t<div id=\"col-160086344\" class=\"col medium-4 small-12 large-4\"  >\n\t\t<div class=\"col-inner\"  >\n\t\t\t\n\t\t\t\n<div role=\"form\" class=\"wpcf7\" id=\"wpcf7-f757-o1\" lang=\"ru-RU\" dir=\"ltr\">\n<div class=\"screen-reader-response\"><p role=\"status\" aria-live=\"polite\" aria-atomic=\"true\"><\/p> <ul><\/ul><\/div>\n<form action=\"\/pl\/wp-json\/wp\/v2\/pages\/579#wpcf7-f757-o1\" method=\"post\" class=\"wpcf7-form init\" novalidate=\"novalidate\" data-status=\"init\">\n<div style=\"display: none;\">\n<input type=\"hidden\" name=\"_wpcf7\" value=\"757\" \/>\n<input type=\"hidden\" name=\"_wpcf7_version\" value=\"5.5.5\" \/>\n<input type=\"hidden\" name=\"_wpcf7_locale\" value=\"ru_RU\" \/>\n<input type=\"hidden\" name=\"_wpcf7_unit_tag\" value=\"wpcf7-f757-o1\" \/>\n<input type=\"hidden\" name=\"_wpcf7_container_post\" value=\"0\" \/>\n<input type=\"hidden\" name=\"_wpcf7_posted_data_hash\" value=\"\" \/>\n<\/div>\n<div class=\"form-flat\">\n<span class=\"wpcf7-form-control-wrap your-name\"><input type=\"text\" name=\"your-name\" value=\"\" size=\"40\" class=\"wpcf7-form-control wpcf7-text wpcf7-validates-as-required\" aria-required=\"true\" aria-invalid=\"false\" placeholder=\"Twoje imi\u0119\" \/><\/span><\/p>\n<p><span class=\"wpcf7-form-control-wrap tel-640\"><input type=\"tel\" name=\"tel-640\" value=\"\" size=\"40\" class=\"wpcf7-form-control wpcf7-text wpcf7-tel wpcf7-validates-as-required wpcf7-validates-as-tel\" aria-required=\"true\" aria-invalid=\"false\" placeholder=\"Telefon\" \/><\/span><\/p>\n<p><span class=\"wpcf7-form-control-wrap your-email\"><input type=\"email\" name=\"your-email\" value=\"\" size=\"40\" class=\"wpcf7-form-control wpcf7-text wpcf7-email wpcf7-validates-as-required wpcf7-validates-as-email\" aria-required=\"true\" aria-invalid=\"false\" placeholder=\"Tw\u00f3j email\" \/><\/span> <\/p>\n<p><span class=\"wpcf7-form-control-wrap your-message\"><textarea name=\"your-message\" cols=\"40\" rows=\"10\" class=\"wpcf7-form-control wpcf7-textarea\" aria-invalid=\"false\" placeholder=\"Twoja wiadomo\u015b\u0107\"><\/textarea><\/span> <\/p>\n<p><input type=\"submit\" value=\"Sk\u0142ada\u0107\" class=\"wpcf7-form-control has-spinner wpcf7-submit button\" \/>\n<\/p><\/div>\n<div class=\"wpcf7-response-output\" aria-hidden=\"true\"><\/div><\/form><\/div>\n\t\t<\/div>\n\t\t\t<\/div>\n\n\t\n\n\t<div id=\"col-603660974\" class=\"col medium-8 small-12 large-8\"  >\n\t\t<div class=\"col-inner\"  >\n\t\t\t\n\t\t\t\n\t<div id=\"text-2416638342\" class=\"text\">\n\t\t\n<h2 class=\"uppercase\">Chcesz z nami wsp\u00f3\u0142pracowa\u0107?<\/h2>\n\t\t\n<style>\n#text-2416638342 {\n  text-align: center;\n}\n<\/style>\n\t<\/div>\n\t\n<p class=\"lead\">Napisz do nas.<\/p>\n\t\t<\/div>\n\t\t\t<\/div>\n\n\t\n<\/div>\n","protected":false},"excerpt":{"rendered":"","protected":false},"author":1,"featured_media":348,"parent":0,"menu_order":0,"comment_status":"closed","ping_status":"closed","template":"page-blank.php","meta":{"footnotes":""},"class_list":["post-579","page","type-page","status-publish","has-post-thumbnail","hentry"],"_links":{"self":[{"href":"https:\/\/hydrolite.eu\/pl\/wp-json\/wp\/v2\/pages\/579","targetHints":{"allow":["GET"]}}],"collection":[{"href":"https:\/\/hydrolite.eu\/pl\/wp-json\/wp\/v2\/pages"}],"about":[{"href":"https:\/\/hydrolite.eu\/pl\/wp-json\/wp\/v2\/types\/page"}],"author":[{"embeddable":true,"href":"https:\/\/hydrolite.eu\/pl\/wp-json\/wp\/v2\/users\/1"}],"replies":[{"embeddable":true,"href":"https:\/\/hydrolite.eu\/pl\/wp-json\/wp\/v2\/comments?post=579"}],"version-history":[{"count":4,"href":"https:\/\/hydrolite.eu\/pl\/wp-json\/wp\/v2\/pages\/579\/revisions"}],"predecessor-version":[{"id":1123,"href":"https:\/\/hydrolite.eu\/pl\/wp-json\/wp\/v2\/pages\/579\/revisions\/1123"}],"wp:featuredmedia":[{"embeddable":true,"href":"https:\/\/hydrolite.eu\/pl\/wp-json\/wp\/v2\/media\/348"}],"wp:attachment":[{"href":"https:\/\/hydrolite.eu\/pl\/wp-json\/wp\/v2\/media?parent=579"}],"curies":[{"name":"wp","href":"https:\/\/api.w.org\/{rel}","templated":true}]}}