{"id":6387,"date":"2025-11-27T01:20:54","date_gmt":"2025-11-26T22:20:54","guid":{"rendered":"https:\/\/hydrolite.eu\/?post_type=product&#038;p=6387"},"modified":"2025-11-27T01:24:12","modified_gmt":"2025-11-26T22:24:12","slug":"zgc107fd-sterk-zure-kationenuitwisselingshars","status":"publish","type":"product","link":"https:\/\/hydrolite.eu\/nl\/product\/zgc107fd-sterk-zure-kationenuitwisselingshars\/","title":{"rendered":"ZGC107FD Sterk zure kationenuitwisselingshars"},"content":{"rendered":"<table border=\"0\" width=\"100%\" cellspacing=\"1\" cellpadding=\"0\" align=\"center\" bgcolor=\"dee8f3\">\n<tbody>\n<tr>\n<td align=\"left\" bgcolor=\"054696\" width=\"70%\" height=\"50\">\n<div class=\"zzzzz1\" align=\"center\"><span style=\"vertical-align: inherit;\"><span style=\"vertical-align: inherit;\"><span dir=\"auto\" style=\"vertical-align: inherit;\"><span dir=\"auto\" style=\"vertical-align: inherit;\">ZGC107FD Sterk zure kationenuitwisselingshars<\/span><\/span><\/span><\/span><\/div>\n<\/td>\n<\/tr>\n<tr>\n<td style=\"padding: 20px;\" align=\"left\" bgcolor=\"#FFFFFF\"><strong><span style=\"vertical-align: inherit;\"><span style=\"vertical-align: inherit;\"><span dir=\"auto\" style=\"vertical-align: inherit;\"><span dir=\"auto\" style=\"vertical-align: inherit;\">1. Beschrijving:<\/span><\/span><\/span><\/span><\/strong><\/p>\n<p><span style=\"vertical-align: inherit;\"><span style=\"vertical-align: inherit;\"><span dir=\"auto\" style=\"vertical-align: inherit;\"><span dir=\"auto\" style=\"vertical-align: inherit;\">Hydrolite ZGC107FD is een kationenuitwisselingshars van het geltype met een sulfongroep (-SO3H) in een styreen-diethyleenbenzeencopolymeer met een vernettingsgraad van 7%.<\/span><\/span><\/span><\/span><\/p>\n<p><span style=\"vertical-align: inherit;\"><span style=\"vertical-align: inherit;\"><span dir=\"auto\" style=\"vertical-align: inherit;\"><span dir=\"auto\" style=\"vertical-align: inherit;\">Na een speciale zuiveringsbehandeling voldoet ZGC107FD aan de eisen voor levensmiddelenkwaliteit, heeft het een uitstekende fysische en chemische stabiliteit, een hoge zuiverheid, minimale metaal- en harspori\u00ebnresten en geen organisch oplosbare stoffen. Hierdoor is het bijzonder geschikt voor de zuivering van drinkwater, ontkleuring en ontzilting in de levensmiddelenindustrie (xylitol, aminozuren, citroenzuur, melkzuur, enz.).<\/span><\/span><\/span><\/span><\/p>\n<p><span style=\"vertical-align: inherit;\"><span style=\"vertical-align: inherit;\"><span dir=\"auto\" style=\"vertical-align: inherit;\"><span dir=\"auto\" style=\"vertical-align: inherit;\">Let op: ZGC107FD (ZG exportproducttype) is 001X7FD (ZG binnenlands producttype)<\/span><\/span><\/span><\/span><\/p>\n<p><strong><span style=\"vertical-align: inherit;\"><span style=\"vertical-align: inherit;\"><span dir=\"auto\" style=\"vertical-align: inherit;\"><span dir=\"auto\" style=\"vertical-align: inherit;\">2. Fysische en chemische eigenschappen:<\/span><\/span><\/span><\/span><\/strong><\/p>\n<table border=\"1\" width=\"80%\" align=\"center\">\n<tbody>\n<tr>\n<td align=\"center\" valign=\"center\" width=\"275\"><span dir=\"auto\" style=\"vertical-align: inherit;\"><span dir=\"auto\" style=\"vertical-align: inherit;\">Parameters<\/span><\/span><\/td>\n<td align=\"center\" valign=\"center\" width=\"228\"><span style=\"vertical-align: inherit;\"><span style=\"vertical-align: inherit;\"><span dir=\"auto\" style=\"vertical-align: inherit;\"><span dir=\"auto\" style=\"vertical-align: inherit;\">Index<\/span><\/span><\/span><\/span><\/td>\n<\/tr>\n<tr>\n<td align=\"center\" valign=\"center\" width=\"275\"><span style=\"vertical-align: inherit;\"><span style=\"vertical-align: inherit;\"><span dir=\"auto\" style=\"vertical-align: inherit;\"><span dir=\"auto\" style=\"vertical-align: inherit;\">Verschijning<\/span><\/span><\/span><\/span><\/td>\n<td align=\"center\" valign=\"center\" width=\"228\"><span style=\"vertical-align: inherit;\"><span style=\"vertical-align: inherit;\"><span dir=\"auto\" style=\"vertical-align: inherit;\"><span dir=\"auto\" style=\"vertical-align: inherit;\">Gele transparante ballen<\/span><\/span><\/span><\/span><\/td>\n<\/tr>\n<tr>\n<td align=\"center\" valign=\"center\" width=\"275\"><span style=\"vertical-align: inherit;\"><span style=\"vertical-align: inherit;\"><span dir=\"auto\" style=\"vertical-align: inherit;\"><span dir=\"auto\" style=\"vertical-align: inherit;\">Matrix<\/span><\/span><\/span><\/span><\/td>\n<td align=\"center\" valign=\"top\" width=\"228\"><span style=\"vertical-align: inherit;\"><span style=\"vertical-align: inherit;\"><span dir=\"auto\" style=\"vertical-align: inherit;\"><span dir=\"auto\" style=\"vertical-align: inherit;\">Styreen-DVB<\/span><\/span><\/span><\/span><\/td>\n<\/tr>\n<tr>\n<td align=\"center\" valign=\"center\" width=\"275\"><span style=\"vertical-align: inherit;\"><span style=\"vertical-align: inherit;\"><span dir=\"auto\" style=\"vertical-align: inherit;\"><span dir=\"auto\" style=\"vertical-align: inherit;\">Functionele groep<\/span><\/span><\/span><\/span><\/td>\n<td align=\"center\" valign=\"top\" width=\"228\"><span style=\"vertical-align: inherit;\"><span style=\"vertical-align: inherit;\"><span dir=\"auto\" style=\"vertical-align: inherit;\"><span dir=\"auto\" style=\"vertical-align: inherit;\">(-SO3H)<\/span><\/span><\/span><\/span><\/td>\n<\/tr>\n<tr>\n<td align=\"center\" valign=\"center\" width=\"275\"><span style=\"vertical-align: inherit;\"><span style=\"vertical-align: inherit;\"><span dir=\"auto\" style=\"vertical-align: inherit;\"><span dir=\"auto\" style=\"vertical-align: inherit;\">Ionische vorm<\/span><\/span><\/span><\/span><\/td>\n<td align=\"center\" valign=\"top\" width=\"228\"><span style=\"vertical-align: inherit;\"><span style=\"vertical-align: inherit;\"><span dir=\"auto\" style=\"vertical-align: inherit;\"><span dir=\"auto\" style=\"vertical-align: inherit;\">Na+<\/span><\/span><\/span><\/span><\/td>\n<\/tr>\n<tr>\n<td align=\"center\" valign=\"center\" width=\"275\"><span style=\"vertical-align: inherit;\"><span style=\"vertical-align: inherit;\"><span dir=\"auto\" style=\"vertical-align: inherit;\"><span dir=\"auto\" style=\"vertical-align: inherit;\">Vochtgehalte %<\/span><\/span><\/span><\/span><\/td>\n<td align=\"center\" valign=\"top\" width=\"228\"><span style=\"vertical-align: inherit;\"><span style=\"vertical-align: inherit;\"><span dir=\"auto\" style=\"vertical-align: inherit;\"><span dir=\"auto\" style=\"vertical-align: inherit;\">45 ~ 50<\/span><\/span><\/span><\/span><\/td>\n<\/tr>\n<tr>\n<td align=\"center\" valign=\"center\" width=\"275\"><span style=\"vertical-align: inherit;\"><span style=\"vertical-align: inherit;\"><span dir=\"auto\" style=\"vertical-align: inherit;\"><span dir=\"auto\" style=\"vertical-align: inherit;\">Capaciteit naar gewicht, mmol\/g<\/span><\/span><\/span><\/span><\/td>\n<td align=\"center\" valign=\"top\" width=\"228\"><span style=\"vertical-align: inherit;\"><span style=\"vertical-align: inherit;\"><span dir=\"auto\" style=\"vertical-align: inherit;\"><span dir=\"auto\" style=\"vertical-align: inherit;\">\u2265 4,50<\/span><\/span><\/span><\/span><\/td>\n<\/tr>\n<tr>\n<td align=\"center\" valign=\"center\" width=\"275\"><span style=\"vertical-align: inherit;\"><span style=\"vertical-align: inherit;\"><span dir=\"auto\" style=\"vertical-align: inherit;\"><span dir=\"auto\" style=\"vertical-align: inherit;\">Capaciteit per volume, mmol\/ml<\/span><\/span><\/span><\/span><\/td>\n<td align=\"center\" valign=\"top\" width=\"228\"><span style=\"vertical-align: inherit;\"><span style=\"vertical-align: inherit;\"><span dir=\"auto\" style=\"vertical-align: inherit;\"><span dir=\"auto\" style=\"vertical-align: inherit;\">\u2265 1,90<\/span><\/span><\/span><\/span><\/td>\n<\/tr>\n<tr>\n<td align=\"center\" valign=\"center\" width=\"275\"><span style=\"vertical-align: inherit;\"><span style=\"vertical-align: inherit;\"><span dir=\"auto\" style=\"vertical-align: inherit;\"><span dir=\"auto\" style=\"vertical-align: inherit;\">Massagewicht voor verzending, g\/ml<\/span><\/span><\/span><\/span><\/td>\n<td align=\"center\" valign=\"top\" width=\"228\"><span style=\"vertical-align: inherit;\"><span style=\"vertical-align: inherit;\"><span dir=\"auto\" style=\"vertical-align: inherit;\"><span dir=\"auto\" style=\"vertical-align: inherit;\">1,25~1,29<\/span><\/span><\/span><\/span><\/td>\n<\/tr>\n<tr>\n<td align=\"center\" valign=\"center\" width=\"275\"><span style=\"vertical-align: inherit;\"><span style=\"vertical-align: inherit;\"><span dir=\"auto\" style=\"vertical-align: inherit;\"><span dir=\"auto\" style=\"vertical-align: inherit;\">Dichtheid (nat) g\/ml<\/span><\/span><\/span><\/span><\/td>\n<td align=\"center\" valign=\"top\" width=\"228\"><span style=\"vertical-align: inherit;\"><span style=\"vertical-align: inherit;\"><span dir=\"auto\" style=\"vertical-align: inherit;\"><span dir=\"auto\" style=\"vertical-align: inherit;\">0,77~0,87<\/span><\/span><\/span><\/span><\/td>\n<\/tr>\n<tr>\n<td align=\"center\" valign=\"center\" width=\"275\"><span style=\"vertical-align: inherit;\"><span style=\"vertical-align: inherit;\"><span dir=\"auto\" style=\"vertical-align: inherit;\"><span dir=\"auto\" style=\"vertical-align: inherit;\">Deeltjesgrootte, %<\/span><\/span><\/span><\/span><\/td>\n<td align=\"center\" valign=\"center\" width=\"228\"><span style=\"vertical-align: inherit;\"><span style=\"vertical-align: inherit;\"><span dir=\"auto\" style=\"vertical-align: inherit;\"><span dir=\"auto\" style=\"vertical-align: inherit;\">(0,45~1,25 mm)\u2265 95,0<\/span><\/span><\/span><\/span><\/td>\n<\/tr>\n<tr>\n<td align=\"center\" valign=\"center\" width=\"275\"><span style=\"vertical-align: inherit;\"><span style=\"vertical-align: inherit;\"><span dir=\"auto\" style=\"vertical-align: inherit;\"><span dir=\"auto\" style=\"vertical-align: inherit;\">Ondergrens %,<\/span><\/span><\/span><\/span><\/td>\n<td align=\"center\" valign=\"center\" width=\"228\"><span style=\"vertical-align: inherit;\"><span style=\"vertical-align: inherit;\"><span dir=\"auto\" style=\"vertical-align: inherit;\"><span dir=\"auto\" style=\"vertical-align: inherit;\">(\uff1c0,45 mm) \u2264 1,0<\/span><\/span><\/span><\/span><\/td>\n<\/tr>\n<tr>\n<td align=\"center\" valign=\"center\" width=\"275\"><span style=\"vertical-align: inherit;\"><span style=\"vertical-align: inherit;\"><span dir=\"auto\" style=\"vertical-align: inherit;\"><span dir=\"auto\" style=\"vertical-align: inherit;\">Ge\u00fcnificeerde co\u00ebffici\u00ebnt<\/span><\/span><\/span><\/span><\/td>\n<td align=\"center\" valign=\"center\" width=\"228\"><span style=\"vertical-align: inherit;\"><span style=\"vertical-align: inherit;\"><span dir=\"auto\" style=\"vertical-align: inherit;\"><span dir=\"auto\" style=\"vertical-align: inherit;\">\u2264 1,60<\/span><\/span><\/span><\/span><\/td>\n<\/tr>\n<tr>\n<td align=\"center\" valign=\"center\" width=\"275\"><span style=\"vertical-align: inherit;\"><span style=\"vertical-align: inherit;\"><span dir=\"auto\" style=\"vertical-align: inherit;\"><span dir=\"auto\" style=\"vertical-align: inherit;\">Hele ballen %<\/span><\/span><\/span><\/span><\/td>\n<td align=\"center\" valign=\"center\" width=\"228\"><span style=\"vertical-align: inherit;\"><span style=\"vertical-align: inherit;\"><span dir=\"auto\" style=\"vertical-align: inherit;\"><span dir=\"auto\" style=\"vertical-align: inherit;\">\u2265 95,0<\/span><\/span><\/span><\/span><\/td>\n<\/tr>\n<\/tbody>\n<\/table>\n<p><strong><span style=\"vertical-align: inherit;\"><span style=\"vertical-align: inherit;\"><span dir=\"auto\" style=\"vertical-align: inherit;\"><span dir=\"auto\" style=\"vertical-align: inherit;\">3. Koppelingen<\/span><\/span><\/span><\/span><\/strong><\/p>\n<table border=\"1\" width=\"80%\" align=\"center\">\n<tbody>\n<tr>\n<td align=\"center\" valign=\"center\" width=\"312\"><span style=\"vertical-align: inherit;\"><span style=\"vertical-align: inherit;\"><span dir=\"auto\" style=\"vertical-align: inherit;\"><span dir=\"auto\" style=\"vertical-align: inherit;\">Parameters<\/span><\/span><\/span><\/span><\/td>\n<td align=\"center\" valign=\"center\" width=\"180\"><span style=\"vertical-align: inherit;\"><span style=\"vertical-align: inherit;\"><span dir=\"auto\" style=\"vertical-align: inherit;\"><span dir=\"auto\" style=\"vertical-align: inherit;\">Links<\/span><\/span><\/span><\/span><\/td>\n<\/tr>\n<tr>\n<td align=\"center\" valign=\"top\" width=\"312\"><span style=\"vertical-align: inherit;\"><span style=\"vertical-align: inherit;\"><span dir=\"auto\" style=\"vertical-align: inherit;\"><span dir=\"auto\" style=\"vertical-align: inherit;\">Harslaaghoogte m<\/span><\/span><\/span><\/span><\/td>\n<td align=\"center\" valign=\"top\" width=\"180\"><span style=\"vertical-align: inherit;\"><span style=\"vertical-align: inherit;\"><span dir=\"auto\" style=\"vertical-align: inherit;\"><span dir=\"auto\" style=\"vertical-align: inherit;\">1,5~3,0<\/span><\/span><\/span><\/span><\/td>\n<\/tr>\n<tr>\n<td align=\"center\" valign=\"top\" width=\"312\"><span style=\"vertical-align: inherit;\"><span style=\"vertical-align: inherit;\"><span dir=\"auto\" style=\"vertical-align: inherit;\"><span dir=\"auto\" style=\"vertical-align: inherit;\">Terugspoelruimte %<\/span><\/span><\/span><\/span><\/td>\n<td align=\"center\" valign=\"top\" width=\"180\"><span style=\"vertical-align: inherit;\"><span style=\"vertical-align: inherit;\"><span dir=\"auto\" style=\"vertical-align: inherit;\"><span dir=\"auto\" style=\"vertical-align: inherit;\">50~100<\/span><\/span><\/span><\/span><\/td>\n<\/tr>\n<tr>\n<td align=\"center\" valign=\"top\" width=\"312\"><span style=\"vertical-align: inherit;\"><span style=\"vertical-align: inherit;\"><span dir=\"auto\" style=\"vertical-align: inherit;\"><span dir=\"auto\" style=\"vertical-align: inherit;\">Regeneratiemiddel<\/span><\/span><\/span><\/span><\/td>\n<td align=\"center\" valign=\"top\" width=\"180\"><span style=\"vertical-align: inherit;\"><span style=\"vertical-align: inherit;\"><span dir=\"auto\" style=\"vertical-align: inherit;\"><span dir=\"auto\" style=\"vertical-align: inherit;\">HCl<\/span><\/span><\/span><\/span><\/td>\n<\/tr>\n<tr>\n<td align=\"center\" valign=\"top\" width=\"312\"><span style=\"vertical-align: inherit;\"><span style=\"vertical-align: inherit;\"><span dir=\"auto\" style=\"vertical-align: inherit;\"><span dir=\"auto\" style=\"vertical-align: inherit;\">Dichtheid van regeneraat %<\/span><\/span><\/span><\/span><\/td>\n<td align=\"center\" valign=\"top\" width=\"180\"><span style=\"vertical-align: inherit;\"><span style=\"vertical-align: inherit;\"><span dir=\"auto\" style=\"vertical-align: inherit;\"><span dir=\"auto\" style=\"vertical-align: inherit;\">4~5<\/span><\/span><\/span><\/span><\/td>\n<\/tr>\n<tr>\n<td align=\"center\" valign=\"top\" width=\"312\"><span style=\"vertical-align: inherit;\"><span style=\"vertical-align: inherit;\"><span dir=\"auto\" style=\"vertical-align: inherit;\"><span dir=\"auto\" style=\"vertical-align: inherit;\">Terugwinningsdosering m\u00b3\/m\u00b3-R<\/span><\/span><\/span><\/span><\/td>\n<td align=\"center\" valign=\"top\" width=\"180\"><span style=\"vertical-align: inherit;\"><span style=\"vertical-align: inherit;\"><span dir=\"auto\" style=\"vertical-align: inherit;\"><span dir=\"auto\" style=\"vertical-align: inherit;\">2,0~2,5<\/span><\/span><\/span><\/span><\/td>\n<\/tr>\n<tr>\n<td align=\"center\" valign=\"top\" width=\"312\"><span style=\"vertical-align: inherit;\"><span style=\"vertical-align: inherit;\"><span dir=\"auto\" style=\"vertical-align: inherit;\"><span dir=\"auto\" style=\"vertical-align: inherit;\">Regeneratiecontacttijd min<\/span><\/span><\/span><\/span><\/td>\n<td align=\"center\" valign=\"top\" width=\"180\"><span style=\"vertical-align: inherit;\"><span style=\"vertical-align: inherit;\"><span dir=\"auto\" style=\"vertical-align: inherit;\"><span dir=\"auto\" style=\"vertical-align: inherit;\">40~60<\/span><\/span><\/span><\/span><\/td>\n<\/tr>\n<tr>\n<td align=\"center\" valign=\"top\" width=\"312\"><span style=\"vertical-align: inherit;\"><span style=\"vertical-align: inherit;\"><span dir=\"auto\" style=\"vertical-align: inherit;\"><span dir=\"auto\" style=\"vertical-align: inherit;\">Vervangingstijd min<\/span><\/span><\/span><\/span><\/td>\n<td align=\"center\" valign=\"top\" width=\"180\"><span style=\"vertical-align: inherit;\"><span style=\"vertical-align: inherit;\"><span dir=\"auto\" style=\"vertical-align: inherit;\"><span dir=\"auto\" style=\"vertical-align: inherit;\">\u2265 30<\/span><\/span><\/span><\/span><\/td>\n<\/tr>\n<tr>\n<td align=\"center\" valign=\"top\" width=\"312\"><span style=\"vertical-align: inherit;\"><span style=\"vertical-align: inherit;\"><span dir=\"auto\" style=\"vertical-align: inherit;\"><span dir=\"auto\" style=\"vertical-align: inherit;\">Spoelsnelheid m\u00b3\/u<\/span><\/span><\/span><\/span><\/td>\n<td align=\"center\" valign=\"top\" width=\"180\"><span style=\"vertical-align: inherit;\"><span style=\"vertical-align: inherit;\"><span dir=\"auto\" style=\"vertical-align: inherit;\"><span dir=\"auto\" style=\"vertical-align: inherit;\">15~20<\/span><\/span><\/span><\/span><\/td>\n<\/tr>\n<tr>\n<td align=\"center\" valign=\"top\" width=\"312\"><span style=\"vertical-align: inherit;\"><span style=\"vertical-align: inherit;\"><span dir=\"auto\" style=\"vertical-align: inherit;\"><span dir=\"auto\" style=\"vertical-align: inherit;\">Omgekeerde zwelling %<\/span><\/span><\/span><\/span><\/td>\n<td align=\"center\" valign=\"top\" width=\"180\"><span style=\"vertical-align: inherit;\"><span style=\"vertical-align: inherit;\"><span dir=\"auto\" style=\"vertical-align: inherit;\"><span dir=\"auto\" style=\"vertical-align: inherit;\">\u226410,0<\/span><\/span><\/span><\/span><\/td>\n<\/tr>\n<tr>\n<td align=\"center\" valign=\"top\" width=\"312\"><span style=\"vertical-align: inherit;\"><span style=\"vertical-align: inherit;\"><span dir=\"auto\" style=\"vertical-align: inherit;\"><span dir=\"auto\" style=\"vertical-align: inherit;\">Bedrijfstemperatuur \u2103<\/span><\/span><\/span><\/span><\/td>\n<td align=\"center\" valign=\"top\" width=\"180\"><span style=\"vertical-align: inherit;\"><span style=\"vertical-align: inherit;\"><span dir=\"auto\" style=\"vertical-align: inherit;\"><span dir=\"auto\" style=\"vertical-align: inherit;\">\u2264 80<\/span><\/span><\/span><\/span><\/td>\n<\/tr>\n<tr>\n<td align=\"center\" valign=\"top\" width=\"312\"><span style=\"vertical-align: inherit;\"><span style=\"vertical-align: inherit;\"><span dir=\"auto\" style=\"vertical-align: inherit;\"><span dir=\"auto\" style=\"vertical-align: inherit;\">Temperatuurlimiet \u2103<\/span><\/span><\/span><\/span><\/td>\n<td align=\"center\" valign=\"top\" width=\"180\"><span style=\"vertical-align: inherit;\"><span style=\"vertical-align: inherit;\"><span dir=\"auto\" style=\"vertical-align: inherit;\"><span dir=\"auto\" style=\"vertical-align: inherit;\">120<\/span><\/span><\/span><\/span><\/td>\n<\/tr>\n<tr>\n<td align=\"center\" valign=\"top\" width=\"312\"><span style=\"vertical-align: inherit;\"><span style=\"vertical-align: inherit;\"><span dir=\"auto\" style=\"vertical-align: inherit;\"><span dir=\"auto\" style=\"vertical-align: inherit;\">pH-bereik<\/span><\/span><\/span><\/span><\/td>\n<td align=\"center\" valign=\"top\" width=\"180\"><span style=\"vertical-align: inherit;\"><span style=\"vertical-align: inherit;\"><span dir=\"auto\" style=\"vertical-align: inherit;\"><span dir=\"auto\" style=\"vertical-align: inherit;\">0~14<\/span><\/span><\/span><\/span><\/td>\n<\/tr>\n<\/tbody>\n<\/table>\n<p><strong><span style=\"vertical-align: inherit;\"><span style=\"vertical-align: inherit;\"><span dir=\"auto\" style=\"vertical-align: inherit;\"><span dir=\"auto\" style=\"vertical-align: inherit;\">4. Gebruiksaanwijzing<\/span><\/span><\/span><\/span><\/strong><\/p>\n<table border=\"1\" width=\"80%\" align=\"center\">\n<tbody>\n<tr>\n<td align=\"center\" valign=\"center\" width=\"124\"><span style=\"vertical-align: inherit;\"><span style=\"vertical-align: inherit;\"><span dir=\"auto\" style=\"vertical-align: inherit;\"><span dir=\"auto\" style=\"vertical-align: inherit;\">Operatie<\/span><\/span><\/span><\/span><\/td>\n<td align=\"center\" valign=\"center\" width=\"124\"><span style=\"vertical-align: inherit;\"><span style=\"vertical-align: inherit;\"><span dir=\"auto\" style=\"vertical-align: inherit;\"><span dir=\"auto\" style=\"vertical-align: inherit;\">Oplossing<\/span><\/span><\/span><\/span><\/td>\n<td align=\"center\" valign=\"center\" width=\"158\"><span style=\"vertical-align: inherit;\"><span style=\"vertical-align: inherit;\"><span dir=\"auto\" style=\"vertical-align: inherit;\"><span dir=\"auto\" style=\"vertical-align: inherit;\">Stroomsnelheid (BV\/u)<\/span><\/span><\/span><\/span><\/td>\n<td align=\"center\" valign=\"center\" width=\"105\"><span style=\"vertical-align: inherit;\"><span style=\"vertical-align: inherit;\"><span dir=\"auto\" style=\"vertical-align: inherit;\"><span dir=\"auto\" style=\"vertical-align: inherit;\">Dosering (BV)<\/span><\/span><\/span><\/span><\/td>\n<\/tr>\n<tr>\n<td align=\"center\" valign=\"center\" width=\"124\"><span style=\"vertical-align: inherit;\"><span style=\"vertical-align: inherit;\"><span dir=\"auto\" style=\"vertical-align: inherit;\"><span dir=\"auto\" style=\"vertical-align: inherit;\">Suikerherstel<\/span><\/span><\/span><\/span><\/td>\n<td align=\"center\" valign=\"center\" width=\"124\"><span dir=\"auto\" style=\"vertical-align: inherit;\"><span dir=\"auto\" style=\"vertical-align: inherit;\">Schoon water<\/span><\/span><\/td>\n<td align=\"center\" valign=\"center\" width=\"158\"><span style=\"vertical-align: inherit;\"><span style=\"vertical-align: inherit;\"><span dir=\"auto\" style=\"vertical-align: inherit;\"><span dir=\"auto\" style=\"vertical-align: inherit;\">2.0~4.0<\/span><\/span><\/span><\/span><\/td>\n<td align=\"center\" valign=\"center\" width=\"105\"><span style=\"vertical-align: inherit;\"><span style=\"vertical-align: inherit;\"><span dir=\"auto\" style=\"vertical-align: inherit;\"><span dir=\"auto\" style=\"vertical-align: inherit;\">1,5~2,0<\/span><\/span><\/span><\/span><\/td>\n<\/tr>\n<tr>\n<td align=\"center\" valign=\"center\" width=\"124\"><span style=\"vertical-align: inherit;\"><span style=\"vertical-align: inherit;\"><span dir=\"auto\" style=\"vertical-align: inherit;\"><span dir=\"auto\" style=\"vertical-align: inherit;\">Terugspoeling<\/span><\/span><\/span><\/span><\/td>\n<td align=\"center\" valign=\"center\" width=\"124\"><span style=\"vertical-align: inherit;\"><span style=\"vertical-align: inherit;\"><span dir=\"auto\" style=\"vertical-align: inherit;\"><span dir=\"auto\" style=\"vertical-align: inherit;\">Schoon water<\/span><\/span><\/span><\/span><\/td>\n<td align=\"center\" valign=\"center\" width=\"158\"><span style=\"vertical-align: inherit;\"><span style=\"vertical-align: inherit;\"><span dir=\"auto\" style=\"vertical-align: inherit;\"><span dir=\"auto\" style=\"vertical-align: inherit;\">3,0~5,0<\/span><\/span><\/span><\/span><\/td>\n<td align=\"center\" valign=\"center\" width=\"105\"><span style=\"vertical-align: inherit;\"><span style=\"vertical-align: inherit;\"><span dir=\"auto\" style=\"vertical-align: inherit;\"><span dir=\"auto\" style=\"vertical-align: inherit;\">2,5~3,0<\/span><\/span><\/span><\/span><\/td>\n<\/tr>\n<tr>\n<td align=\"center\" valign=\"center\" width=\"124\"><span style=\"vertical-align: inherit;\"><span style=\"vertical-align: inherit;\"><span dir=\"auto\" style=\"vertical-align: inherit;\"><span dir=\"auto\" style=\"vertical-align: inherit;\">Regeneratie<\/span><\/span><\/span><\/span><\/td>\n<td align=\"center\" valign=\"center\" width=\"124\"><span style=\"vertical-align: inherit;\"><span style=\"vertical-align: inherit;\"><span dir=\"auto\" style=\"vertical-align: inherit;\"><span dir=\"auto\" style=\"vertical-align: inherit;\">3~5% HCl-oplossing<\/span><\/span><\/span><\/span><\/td>\n<td align=\"center\" valign=\"center\" width=\"158\"><span style=\"vertical-align: inherit;\"><span style=\"vertical-align: inherit;\"><span dir=\"auto\" style=\"vertical-align: inherit;\"><span dir=\"auto\" style=\"vertical-align: inherit;\">1,0~2,0<\/span><\/span><\/span><\/span><\/td>\n<td align=\"center\" valign=\"center\" width=\"105\"><span style=\"vertical-align: inherit;\"><span style=\"vertical-align: inherit;\"><span dir=\"auto\" style=\"vertical-align: inherit;\"><span dir=\"auto\" style=\"vertical-align: inherit;\">2,0~2,5<\/span><\/span><\/span><\/span><\/td>\n<\/tr>\n<tr>\n<td align=\"center\" valign=\"center\" width=\"124\"><span style=\"vertical-align: inherit;\"><span style=\"vertical-align: inherit;\"><span dir=\"auto\" style=\"vertical-align: inherit;\"><span dir=\"auto\" style=\"vertical-align: inherit;\">Spoelen na regeneratie<\/span><\/span><\/span><\/span><\/td>\n<td align=\"center\" valign=\"center\" width=\"124\"><span style=\"vertical-align: inherit;\"><span style=\"vertical-align: inherit;\"><span dir=\"auto\" style=\"vertical-align: inherit;\"><span dir=\"auto\" style=\"vertical-align: inherit;\">Schoon water<\/span><\/span><\/span><\/span><\/td>\n<td align=\"center\" valign=\"center\" width=\"158\"><span style=\"vertical-align: inherit;\"><span style=\"vertical-align: inherit;\"><span dir=\"auto\" style=\"vertical-align: inherit;\"><span dir=\"auto\" style=\"vertical-align: inherit;\">4,0~6,0<\/span><\/span><\/span><\/span><\/td>\n<td align=\"center\" valign=\"center\" width=\"105\"><span style=\"vertical-align: inherit;\"><span style=\"vertical-align: inherit;\"><span dir=\"auto\" style=\"vertical-align: inherit;\"><span dir=\"auto\" style=\"vertical-align: inherit;\">2,5~3,0<\/span><\/span><\/span><\/span><\/td>\n<\/tr>\n<\/tbody>\n<\/table>\n<\/td>\n<\/tr>\n<\/tbody>\n<\/table>\n","protected":false},"excerpt":{"rendered":"<p>ZGC107FD Sterk zure kationenuitwisselingshars 1. Beschrijving: Hydrolite ZGC107FD is een kationenuitwisselingshars van het geltype met een sulfongroep (-SO3H) in een styreen-diethyleenbenzeencopolymeer met een vernettingsgraad van 7%. Na een speciale zuiveringsbehandeling voldoet ZGC107FD aan de eisen voor levensmiddelenkwaliteit, heeft het een uitstekende fysische en chemische stabiliteit, een hoge zuiverheid, minimale metaal- en harspori\u00ebnresten en geen organisch&#8230;<\/p>\n","protected":false},"featured_media":1926,"comment_status":"closed","ping_status":"closed","template":"","meta":[],"product_cat":[744],"product_tag":[],"class_list":["post-6387","product","type-product","status-publish","has-post-thumbnail","hentry","product_cat-ongecategoriseerd"],"_links":{"self":[{"href":"https:\/\/hydrolite.eu\/nl\/wp-json\/wp\/v2\/product\/6387","targetHints":{"allow":["GET"]}}],"collection":[{"href":"https:\/\/hydrolite.eu\/nl\/wp-json\/wp\/v2\/product"}],"about":[{"href":"https:\/\/hydrolite.eu\/nl\/wp-json\/wp\/v2\/types\/product"}],"replies":[{"embeddable":true,"href":"https:\/\/hydrolite.eu\/nl\/wp-json\/wp\/v2\/comments?post=6387"}],"wp:featuredmedia":[{"embeddable":true,"href":"https:\/\/hydrolite.eu\/nl\/wp-json\/wp\/v2\/media\/1926"}],"wp:attachment":[{"href":"https:\/\/hydrolite.eu\/nl\/wp-json\/wp\/v2\/media?parent=6387"}],"wp:term":[{"taxonomy":"product_cat","embeddable":true,"href":"https:\/\/hydrolite.eu\/nl\/wp-json\/wp\/v2\/product_cat?post=6387"},{"taxonomy":"product_tag","embeddable":true,"href":"https:\/\/hydrolite.eu\/nl\/wp-json\/wp\/v2\/product_tag?post=6387"}],"curies":[{"name":"wp","href":"https:\/\/api.w.org\/{rel}","templated":true}]}}