{"id":567,"date":"2022-05-23T21:22:31","date_gmt":"2022-05-23T18:22:31","guid":{"rendered":"https:\/\/hydrolite.eu\/product\/zga455fd-h18\/"},"modified":"2024-04-22T16:52:10","modified_gmt":"2024-04-22T13:52:10","slug":"zga455fd-h18","status":"publish","type":"product","link":"https:\/\/hydrolite.eu\/it\/product\/zga455fd-h18\/","title":{"rendered":"ZGA455FD-H18 Polistirenica Macroporosa, Resina anionica debole, Forma base libera, Alta capacit\u00e0, Sweetener Grade"},"content":{"rendered":"<h2 align=\"center\"><strong class=\"proname\"><span style=\"vertical-align: inherit;\"><span style=\"vertical-align: inherit;\">ZGA455FD-H18 Polistirenica Macroporosa, Resina anionica debole, Forma base libera, Alta capacit\u00e0, Sweetener Grade<br \/>\n<\/span><\/span><\/strong><\/h2>\n<p>&nbsp;<\/p>\n<div class=\"xxx\">\n<p><span style=\"vertical-align: inherit;\"><span style=\"vertical-align: inherit;\">ZGA455FD-H18 Anione di base debole con capacit\u00e0 elevata<\/span><\/span><\/p>\n<p><strong><span style=\"vertical-align: inherit;\"><span style=\"vertical-align: inherit;\">1. Introduzione:<\/span><\/span><\/strong><\/p>\n<p><span style=\"vertical-align: inherit;\"><span style=\"vertical-align: inherit;\">&#8220;Hydrolite&#8221; ZGA455FD-H18 \u00e8 una resina a scambio anionico basico debole della serie stirene macroporosa che ZG ha sviluppato per l&#8217;industria alimentare. <\/span><span style=\"vertical-align: inherit;\">Rispetto ad altri anioni basici deboli, ZGA455FD-H18 ha una capacit\u00e0 maggiore e una velocit\u00e0 di scambio pi\u00f9 rapida, \u00e8 molto adatto per adsorbire sostanze organiche e rimuovere l&#8217;anione acido forte in soluzioni acquose e non acquose. <\/span><span style=\"vertical-align: inherit;\">Nelle stesse condizioni, il costo dell&#8217;acqua e dell&#8217;agente rigenerante sar\u00e0 inferiore.<\/span><\/span><\/p>\n<p><span style=\"vertical-align: inherit;\"><span style=\"vertical-align: inherit;\">ZGA 455FD-H18 ha una dimensione dei pori maggiore e un&#8217;area superficiale specifica, potrebbe adsorbire molte sostanze organiche macromolecolari, il tasso di adsorbente potrebbe raggiungere l&#8217;80-95% e il tasso di eluizione \u00e8 superiore al 95%, quindi molto adatto per la desalinizzazione e la decolorazione di amido di zucchero.<\/span><\/span><\/p>\n<p><span style=\"vertical-align: inherit;\"><span style=\"vertical-align: inherit;\">ZGA455FD-H18 \u00e8 con alcuni dei forti gruppi di base, nel processo di funzionamento, non assorbir\u00e0 piccole molecole, \u00e8 con grande resistenza meccanica, elevata capacit\u00e0 e basso tasso di rigonfiamento, quindi molto adatto all&#8217;applicazione di succhi, bevande, acqua potabile e industria alimentare come amido, zucchero, birra, sorbitolo, xilitolo, aminoacido e acido lattico ecc., per migliorare il gusto e la trasparenza dei suoi prodotti.<\/span><\/span><\/p>\n<p><strong><span style=\"vertical-align: inherit;\"><span style=\"vertical-align: inherit;\">2. Propriet\u00e0 fisiche e chimiche:<\/span><\/span><\/strong><\/p>\n<table border=\"1\" width=\"80%\" align=\"center\">\n<tbody>\n<tr>\n<td align=\"center\" valign=\"top\"><span style=\"vertical-align: inherit;\"><span style=\"vertical-align: inherit;\">Elementi<\/span><\/span><\/td>\n<td align=\"center\" valign=\"top\"><span style=\"vertical-align: inherit;\"><span style=\"vertical-align: inherit;\">Indice<\/span><\/span><\/td>\n<\/tr>\n<tr>\n<td align=\"center\" valign=\"top\"><span style=\"vertical-align: inherit;\"><span style=\"vertical-align: inherit;\">Aspetto<\/span><\/span><\/td>\n<td align=\"center\" valign=\"top\"><span style=\"vertical-align: inherit;\"><span style=\"vertical-align: inherit;\">Perle di opacit\u00e0 da bianco latte a giallo chiaro<\/span><\/span><\/td>\n<\/tr>\n<tr>\n<td align=\"center\" valign=\"top\"><span style=\"vertical-align: inherit;\"><span style=\"vertical-align: inherit;\">Matrice<\/span><\/span><\/td>\n<td align=\"center\" valign=\"top\"><span style=\"vertical-align: inherit;\"><span style=\"vertical-align: inherit;\">stirene<\/span><\/span><\/td>\n<\/tr>\n<tr>\n<td align=\"center\" valign=\"top\"><span style=\"vertical-align: inherit;\"><span style=\"vertical-align: inherit;\">Forma ionica<\/span><\/span><\/td>\n<td align=\"center\" valign=\"top\"><span style=\"vertical-align: inherit;\"><span style=\"vertical-align: inherit;\">Ammina libera<\/span><\/span><\/td>\n<\/tr>\n<tr>\n<td align=\"center\" valign=\"top\"><span style=\"vertical-align: inherit;\"><span style=\"vertical-align: inherit;\">Contenuto di umidit\u00e0 %<\/span><\/span><\/td>\n<td align=\"center\" valign=\"top\"><span style=\"vertical-align: inherit;\"><span style=\"vertical-align: inherit;\">42~50<\/span><\/span><\/td>\n<\/tr>\n<tr>\n<td align=\"center\" valign=\"top\"><span style=\"vertical-align: inherit;\"><span style=\"vertical-align: inherit;\">Capacit\u00e0 mmol\/ml<\/span><\/span><\/td>\n<td align=\"center\" valign=\"top\"><span style=\"vertical-align: inherit;\"><span style=\"vertical-align: inherit;\">\u22651,80<\/span><\/span><\/td>\n<\/tr>\n<tr>\n<td align=\"center\" valign=\"top\"><span style=\"vertical-align: inherit;\"><span style=\"vertical-align: inherit;\">Densit\u00e0 vera (bagnata) g\/ml<\/span><\/span><\/td>\n<td align=\"center\" valign=\"top\"><span style=\"vertical-align: inherit;\"><span style=\"vertical-align: inherit;\">1.03~1.06<\/span><\/span><\/td>\n<\/tr>\n<tr>\n<td align=\"center\" valign=\"top\"><span style=\"vertical-align: inherit;\"><span style=\"vertical-align: inherit;\">Peso di spedizione g\/ml<\/span><\/span><\/td>\n<td align=\"center\" valign=\"top\"><span style=\"vertical-align: inherit;\"><span style=\"vertical-align: inherit;\">0,65~0,75<\/span><\/span><\/td>\n<\/tr>\n<tr>\n<td align=\"center\" valign=\"top\"><span style=\"vertical-align: inherit;\"><span style=\"vertical-align: inherit;\">Perle intere %<\/span><\/span><\/td>\n<td align=\"center\" valign=\"top\"><span style=\"vertical-align: inherit;\"><span style=\"vertical-align: inherit;\">\u226590<\/span><\/span><\/td>\n<\/tr>\n<tr>\n<td align=\"center\" valign=\"top\"><span style=\"vertical-align: inherit;\"><span style=\"vertical-align: inherit;\">Rigonfiamento %<\/span><\/span><\/td>\n<td align=\"center\" valign=\"top\"><span style=\"vertical-align: inherit;\"><span style=\"vertical-align: inherit;\">\u226420<\/span><\/span><\/td>\n<\/tr>\n<tr>\n<td align=\"center\" valign=\"center\"><span style=\"vertical-align: inherit;\"><span style=\"vertical-align: inherit;\">Intervallo dimensioni particelle %<\/span><\/span><\/td>\n<td align=\"center\" valign=\"center\"><span style=\"vertical-align: inherit;\"><span style=\"vertical-align: inherit;\">(0,45~1,25 mm) \u226595<\/span><\/span><\/td>\n<\/tr>\n<\/tbody>\n<\/table>\n<p><strong><span style=\"vertical-align: inherit;\"><span style=\"vertical-align: inherit;\">3. Riferimento:<\/span><\/span><\/strong><\/p>\n<table border=\"1\" width=\"80%\" align=\"center\">\n<tbody>\n<tr>\n<td align=\"center\" valign=\"top\" width=\"50%\"><span style=\"vertical-align: inherit;\"><span style=\"vertical-align: inherit;\">Elementi<\/span><\/span><\/td>\n<td align=\"center\" valign=\"top\" width=\"50%\"><span style=\"vertical-align: inherit;\"><span style=\"vertical-align: inherit;\">Indice<\/span><\/span><\/td>\n<\/tr>\n<tr>\n<td align=\"center\" valign=\"top\"><span style=\"vertical-align: inherit;\"><span style=\"vertical-align: inherit;\">Altezza Letto Resina m<\/span><\/span><\/td>\n<td align=\"center\" valign=\"top\"><span style=\"vertical-align: inherit;\"><span style=\"vertical-align: inherit;\">1.5~3.0<\/span><\/span><\/td>\n<\/tr>\n<tr>\n<td align=\"center\" valign=\"top\"><span style=\"vertical-align: inherit;\"><span style=\"vertical-align: inherit;\">Spazio per il lavaggio posteriore progettato %<\/span><\/span><\/td>\n<td align=\"center\" valign=\"top\"><span style=\"vertical-align: inherit;\"><span style=\"vertical-align: inherit;\">80~100<\/span><\/span><\/td>\n<\/tr>\n<tr>\n<td align=\"center\" valign=\"top\"><span style=\"vertical-align: inherit;\"><span style=\"vertical-align: inherit;\">% di lavaggio<\/span><\/span><\/td>\n<td align=\"center\" valign=\"top\"><span style=\"vertical-align: inherit;\"><span style=\"vertical-align: inherit;\">50~85<\/span><\/span><\/td>\n<\/tr>\n<tr>\n<td align=\"center\" valign=\"top\"><span style=\"vertical-align: inherit;\"><span style=\"vertical-align: inherit;\">Rigenera l&#8217;agente<\/span><\/span><\/td>\n<td align=\"center\" valign=\"top\"><span style=\"vertical-align: inherit;\"><span style=\"vertical-align: inherit;\">NaOH<\/span><\/span><\/td>\n<\/tr>\n<tr>\n<td align=\"center\" valign=\"top\"><span style=\"vertical-align: inherit;\"><span style=\"vertical-align: inherit;\">Densit\u00e0 dell&#8217;agente rigenerante %<\/span><\/span><\/td>\n<td align=\"center\" valign=\"top\"><span style=\"vertical-align: inherit;\"><span style=\"vertical-align: inherit;\">4\uff5e5<\/span><\/span><\/td>\n<\/tr>\n<tr>\n<td align=\"center\" valign=\"top\"><span style=\"vertical-align: inherit;\"><span style=\"vertical-align: inherit;\">Dosaggio di Agente Rigenerante m3\/m3-R<\/span><\/span><\/td>\n<td align=\"center\" valign=\"top\"><span style=\"vertical-align: inherit;\"><span style=\"vertical-align: inherit;\">2.2~2.5<\/span><\/span><\/td>\n<\/tr>\n<tr>\n<td align=\"center\" valign=\"top\"><span style=\"vertical-align: inherit;\"><span style=\"vertical-align: inherit;\">Rigenerazione Tempo di contatto min<\/span><\/span><\/td>\n<td align=\"center\" valign=\"top\"><span style=\"vertical-align: inherit;\"><span style=\"vertical-align: inherit;\">50~70<\/span><\/span><\/td>\n<\/tr>\n<tr>\n<td align=\"center\" valign=\"top\"><span style=\"vertical-align: inherit;\"><span style=\"vertical-align: inherit;\">Tempo di sostituzione min<\/span><\/span><\/td>\n<td align=\"center\" valign=\"top\"><span style=\"vertical-align: inherit;\"><span style=\"vertical-align: inherit;\">30~50<\/span><\/span><\/td>\n<\/tr>\n<tr>\n<td align=\"center\" valign=\"top\"><span style=\"vertical-align: inherit;\"><span style=\"vertical-align: inherit;\">Portata risciacquo m\/h<\/span><\/span><\/td>\n<td align=\"center\" valign=\"top\"><span style=\"vertical-align: inherit;\"><span style=\"vertical-align: inherit;\">10~15<\/span><\/span><\/td>\n<\/tr>\n<tr>\n<td align=\"center\" valign=\"top\"><span style=\"vertical-align: inherit;\"><span style=\"vertical-align: inherit;\">Temperatura di esercizio \u00b0C<\/span><\/span><\/td>\n<td align=\"center\" valign=\"top\"><span style=\"vertical-align: inherit;\"><span style=\"vertical-align: inherit;\">30~60<\/span><\/span><\/td>\n<\/tr>\n<tr>\n<td align=\"center\" valign=\"top\"><span style=\"vertical-align: inherit;\"><span style=\"vertical-align: inherit;\">Intervallo di pH<\/span><\/span><\/td>\n<td align=\"center\" valign=\"top\"><span style=\"vertical-align: inherit;\"><span style=\"vertical-align: inherit;\">0~7<\/span><\/span><\/td>\n<\/tr>\n<\/tbody>\n<\/table>\n<p><strong><span style=\"vertical-align: inherit;\"><span style=\"vertical-align: inherit;\">4. Guida operativa<\/span><\/span><\/strong><\/p>\n<table border=\"1\" width=\"80%\" align=\"center\">\n<tbody>\n<tr>\n<td align=\"center\" width=\"120\"><span style=\"vertical-align: inherit;\"><span style=\"vertical-align: inherit;\">Operazione<\/span><\/span><\/td>\n<td align=\"center\" width=\"132\"><span style=\"vertical-align: inherit;\"><span style=\"vertical-align: inherit;\">Soluzione<\/span><\/span><\/td>\n<td align=\"center\" width=\"120\"><span style=\"vertical-align: inherit;\"><span style=\"vertical-align: inherit;\">Portata (BV\/h)<\/span><\/span><\/td>\n<td align=\"center\" width=\"131\"><span style=\"vertical-align: inherit;\"><span style=\"vertical-align: inherit;\">Dosaggio (BV)<\/span><\/span><\/td>\n<\/tr>\n<tr>\n<td align=\"center\" width=\"120\"><span style=\"vertical-align: inherit;\"><span style=\"vertical-align: inherit;\">Recupero dello zucchero<\/span><\/span><\/td>\n<td align=\"center\" width=\"132\"><span style=\"vertical-align: inherit;\"><span style=\"vertical-align: inherit;\">Acqua pulita<\/span><\/span><\/td>\n<td align=\"center\" width=\"120\"><span style=\"vertical-align: inherit;\"><span style=\"vertical-align: inherit;\">2.0~4.0<\/span><\/span><\/td>\n<td align=\"center\" width=\"131\"><span style=\"vertical-align: inherit;\"><span style=\"vertical-align: inherit;\">2.0~3.0<\/span><\/span><\/td>\n<\/tr>\n<tr>\n<td align=\"center\" width=\"120\"><span style=\"vertical-align: inherit;\"><span style=\"vertical-align: inherit;\">Lavaggio alla schiena<\/span><\/span><\/td>\n<td align=\"center\" width=\"132\"><span style=\"vertical-align: inherit;\"><span style=\"vertical-align: inherit;\">Acqua pulita<\/span><\/span><\/td>\n<td align=\"center\" width=\"120\"><span style=\"vertical-align: inherit;\"><span style=\"vertical-align: inherit;\">2.0~4.0<\/span><\/span><\/td>\n<td align=\"center\" width=\"131\"><span style=\"vertical-align: inherit;\"><span style=\"vertical-align: inherit;\">2.5~3.0<\/span><\/span><\/td>\n<\/tr>\n<tr>\n<td align=\"center\" width=\"120\"><span style=\"vertical-align: inherit;\"><span style=\"vertical-align: inherit;\">Rigenerare<\/span><\/span><\/td>\n<td align=\"center\" width=\"132\"><span style=\"vertical-align: inherit;\"><span style=\"vertical-align: inherit;\">Soluzione di NaOH al 4~5%.<\/span><\/span><\/td>\n<td align=\"center\" width=\"120\"><span style=\"vertical-align: inherit;\"><span style=\"vertical-align: inherit;\">1.5~2.0<\/span><\/span><\/td>\n<td align=\"center\" width=\"131\"><span style=\"vertical-align: inherit;\"><span style=\"vertical-align: inherit;\">2.2~2.5<\/span><\/span><\/td>\n<\/tr>\n<tr>\n<td align=\"center\" width=\"120\"><span style=\"vertical-align: inherit;\"><span style=\"vertical-align: inherit;\">Sostituzione<\/span><\/span><\/td>\n<td align=\"center\" width=\"132\"><span style=\"vertical-align: inherit;\"><span style=\"vertical-align: inherit;\">DI o acqua pura<\/span><\/span><\/td>\n<td align=\"center\" width=\"120\"><span style=\"vertical-align: inherit;\"><span style=\"vertical-align: inherit;\">1.0~2.0<\/span><\/span><\/td>\n<td align=\"center\" width=\"131\"><span style=\"vertical-align: inherit;\"><span style=\"vertical-align: inherit;\">1.5~2.0<\/span><\/span><\/td>\n<\/tr>\n<tr>\n<td align=\"center\" width=\"120\"><span style=\"vertical-align: inherit;\"><span style=\"vertical-align: inherit;\">Risciacquo<\/span><\/span><\/td>\n<td align=\"center\" width=\"132\"><span style=\"vertical-align: inherit;\"><span style=\"vertical-align: inherit;\">DI o acqua pura<\/span><\/span><\/td>\n<td align=\"center\" width=\"120\"><span style=\"vertical-align: inherit;\"><span style=\"vertical-align: inherit;\">10~15<\/span><\/span><\/td>\n<td align=\"center\" width=\"131\"><span style=\"vertical-align: inherit;\"><span style=\"vertical-align: inherit;\">5.0~8.0<\/span><\/span><\/td>\n<\/tr>\n<tr>\n<td align=\"center\" width=\"120\"><span style=\"vertical-align: inherit;\"><span style=\"vertical-align: inherit;\">risciacquo<\/span><\/span><\/td>\n<td align=\"center\" width=\"132\"><span style=\"vertical-align: inherit;\"><span style=\"vertical-align: inherit;\">In acqua<\/span><\/span><\/td>\n<td align=\"center\" width=\"120\"><span style=\"vertical-align: inherit;\"><span style=\"vertical-align: inherit;\">10~15<\/span><\/span><\/td>\n<td align=\"center\" width=\"131\"><span style=\"vertical-align: inherit;\"><span style=\"vertical-align: inherit;\">5.0~10.0<\/span><\/span><\/td>\n<\/tr>\n<tr>\n<td align=\"center\" width=\"120\"><span style=\"vertical-align: inherit;\"><span style=\"vertical-align: inherit;\">Operativo<\/span><\/span><\/td>\n<td align=\"center\" width=\"132\"><span style=\"vertical-align: inherit;\"><span style=\"vertical-align: inherit;\">Liquore di zucchero<\/span><\/span><\/td>\n<td align=\"center\" width=\"120\"><span style=\"vertical-align: inherit;\"><span style=\"vertical-align: inherit;\">2.0~4.0<\/span><\/span><\/td>\n<td align=\"center\" width=\"131\"><span style=\"vertical-align: inherit;\"><span style=\"vertical-align: inherit;\">50~100<\/span><\/span><\/td>\n<\/tr>\n<\/tbody>\n<\/table>\n<p><span style=\"vertical-align: inherit;\"><span style=\"vertical-align: inherit;\">Nota: quando si avvia il controlavaggio, la portata deve essere lenta, dopo che tutte le resine sono diventate flessibili, aumentare la portata del controlavaggio passo dopo passo, dopo che le resine sono completamente funzionanti, portata stabile del controlavaggio fino all&#8217;uscita dell&#8217;acqua del controlavaggio \u00e8 pulito.<\/span><\/span><\/p>\n<p><strong><span style=\"vertical-align: inherit;\"><span style=\"vertical-align: inherit;\">5. Curva di dispersione operativa dell&#8217;anione<\/span><\/span><\/strong><\/p>\n<p><strong><span style=\"vertical-align: inherit;\"><span style=\"vertical-align: inherit;\">Luogo di produzione: Ningbo City, Cina.<\/span><\/span><\/strong><\/p>\n<p><strong><span style=\"vertical-align: inherit;\"><span style=\"vertical-align: inherit;\">Distribuzione: Spedito dalla fabbrica ZG Ningbo a tutte le province in Cina e all&#8217;estero.<\/span><\/span><\/strong><\/p>\n<\/div>\n","protected":false},"excerpt":{"rendered":"<p>\u201cHydrolite\u201d ZGA455FD-H18 is a macroporous styrene series weak basic anion exchange resin that ZG developed for food industry. Compare to other weak basic anions, ZGA455FD-H18 has larger capacity and faster exchange speed, it is very suitable to adsorb organics and remove strong acid anion in water and non-water solutions. Under the same condition, the cost of water and regenerate agent will be less.<\/p>\n<p>ZGA 455FD-H18 is with larger pore size and specific surface area, it could adsorb a lot of macromolecule organics, adsorbent rate could reach to 80-95%, and the elution rate is more than 95%, thus very suitable for desalination and decoloration of sugar starch.<\/p>\n<p><span style=\"vertical-align: inherit;\"><span style=\"vertical-align: inherit;\">ZGA455FD-H18 \u00e8 con alcuni dei forti gruppi di base, nel processo di funzionamento, non assorbir\u00e0 piccole molecole, \u00e8 con grande resistenza meccanica, elevata capacit\u00e0 e basso tasso di rigonfiamento, quindi molto adatto all&#8217;applicazione di succhi, bevande, acqua potabile e industria alimentare come amido, zucchero, birra, sorbitolo, xilitolo, aminoacido e acido lattico ecc., per migliorare il gusto e la trasparenza dei suoi prodotti.<\/span><\/span><\/p>\n","protected":false},"featured_media":303,"comment_status":"closed","ping_status":"closed","template":"","meta":[],"product_cat":[147],"product_tag":[],"class_list":["post-567","product","type-product","status-publish","has-post-thumbnail","hentry","product_cat-resine-per-lindustria-dei-dolcificanti"],"_links":{"self":[{"href":"https:\/\/hydrolite.eu\/it\/wp-json\/wp\/v2\/product\/567","targetHints":{"allow":["GET"]}}],"collection":[{"href":"https:\/\/hydrolite.eu\/it\/wp-json\/wp\/v2\/product"}],"about":[{"href":"https:\/\/hydrolite.eu\/it\/wp-json\/wp\/v2\/types\/product"}],"replies":[{"embeddable":true,"href":"https:\/\/hydrolite.eu\/it\/wp-json\/wp\/v2\/comments?post=567"}],"wp:featuredmedia":[{"embeddable":true,"href":"https:\/\/hydrolite.eu\/it\/wp-json\/wp\/v2\/media\/303"}],"wp:attachment":[{"href":"https:\/\/hydrolite.eu\/it\/wp-json\/wp\/v2\/media?parent=567"}],"wp:term":[{"taxonomy":"product_cat","embeddable":true,"href":"https:\/\/hydrolite.eu\/it\/wp-json\/wp\/v2\/product_cat?post=567"},{"taxonomy":"product_tag","embeddable":true,"href":"https:\/\/hydrolite.eu\/it\/wp-json\/wp\/v2\/product_tag?post=567"}],"curies":[{"name":"wp","href":"https:\/\/api.w.org\/{rel}","templated":true}]}}