{"id":4224,"date":"2025-09-21T13:38:31","date_gmt":"2025-10-23T18:40:48","guid":{"rendered":"https:\/\/hydrolite.eu\/?post_type=product&#038;p=4224"},"modified":"2025-10-23T21:40:49","modified_gmt":"2025-10-23T18:40:49","slug":"zg-a-398-copolimero-macroporoso-specifico-di-stirene-e-dvb-con-resina-a-scambio-anionico-di-radicale-ammonio-quark-nch33oh","status":"publish","type":"product","link":"https:\/\/hydrolite.eu\/it\/product\/zg-a-398-copolimero-macroporoso-specifico-di-stirene-e-dvb-con-resina-a-scambio-anionico-di-radicale-ammonio-quark-nch33oh\/","title":{"rendered":"ZG A 398 copolimero macroporoso specifico di stirene e DVB con resina a scambio anionico di radicale ammonio quark [-N(CH3)3OH]"},"content":{"rendered":"<table border=\"0\" width=\"100%\" cellspacing=\"1\" cellpadding=\"0\" align=\"center\" bgcolor=\"dee8f3\">\n<tbody>\n<tr>\n<td align=\"left\" bgcolor=\"054696\" width=\"70%\" height=\"50\">\n<div class=\"zzzzz1\" align=\"center\"><span style=\"vertical-align: inherit;\"><span style=\"vertical-align: inherit;\"><span dir=\"auto\" style=\"vertical-align: inherit;\"><span dir=\"auto\" style=\"vertical-align: inherit;\">ZG A 398 copolimero macroporoso specifico di stirene e DVB con resina a scambio anionico di radicale ammonio quark [-N(CH3)3OH]<\/span><\/span><\/span><\/span><\/div>\n<\/td>\n<\/tr>\n<tr>\n<td style=\"padding: 20px;\" align=\"left\" bgcolor=\"#FFFFFF\">\n<p align=\"justify\"><span style=\"vertical-align: inherit;\"><span style=\"vertical-align: inherit;\"><span dir=\"auto\" style=\"vertical-align: inherit;\"><span dir=\"auto\" style=\"vertical-align: inherit;\">Il marchio Zheng Guang ZG A 398 \u00e8 uno specifico copolimero macroporoso con una resina a scambio ionico a radicale ammonico cationico [-N(CH3 <\/span><\/span><\/span><\/span><sub><span style=\"vertical-align: inherit;\"><span style=\"vertical-align: inherit;\"><span dir=\"auto\" style=\"vertical-align: inherit;\"><span dir=\"auto\" style=\"vertical-align: inherit;\">)<\/span><\/span><\/span><\/span><\/sub><span style=\"vertical-align: inherit;\"><span style=\"vertical-align: inherit;\"><span dir=\"auto\" style=\"vertical-align: inherit;\"><span dir=\"auto\" style=\"vertical-align: inherit;\"> 3OH <\/span><\/span><\/span><\/span><sub><span style=\"vertical-align: inherit;\"><span style=\"vertical-align: inherit;\"><span dir=\"auto\" style=\"vertical-align: inherit;\"><span dir=\"auto\" style=\"vertical-align: inherit;\">]<\/span><\/span><\/span><\/span><\/sub><span style=\"vertical-align: inherit;\"><span style=\"vertical-align: inherit;\"><span dir=\"auto\" style=\"vertical-align: inherit;\"><span dir=\"auto\" style=\"vertical-align: inherit;\"> . Presenta una struttura cellulare specifica e un&#8217;ampia superficie, che gli consentono di adsorbire grandi molecole epatiche e di mostrare un&#8217;elevata resistenza alla contaminazione organica.<\/span><\/span><\/span><\/span><\/p>\n<p align=\"justify\"><strong><span style=\"vertical-align: inherit;\"><span style=\"vertical-align: inherit;\"><span dir=\"auto\" style=\"vertical-align: inherit;\"><span dir=\"auto\" style=\"vertical-align: inherit;\">1: CARATTERISTICHE DELLA RESINA<\/span><\/span><\/span><\/span><\/strong><\/p>\n<p align=\"justify\"><span style=\"vertical-align: inherit;\"><span style=\"vertical-align: inherit;\"><span dir=\"auto\" style=\"vertical-align: inherit;\"><span dir=\"auto\" style=\"vertical-align: inherit;\">La resina a scambio anionico basico forte ZG A 398 (tipo Cl) del marchio Zheng Guang presenta i seguenti vantaggi:<\/span><\/span><\/span><\/span><\/p>\n<p align=\"justify\"><span style=\"vertical-align: inherit;\"><span style=\"vertical-align: inherit;\"><span dir=\"auto\" style=\"vertical-align: inherit;\"><span dir=\"auto\" style=\"vertical-align: inherit;\">1. Forte adsorbimento delle molecole di epatoma. Adsorbendo lo stesso numero di molecole di epatoma, la massa di resina utilizzata \u00e8 minore.<\/span><\/span><\/span><\/span><\/p>\n<p align=\"justify\"><span style=\"vertical-align: inherit;\"><span style=\"vertical-align: inherit;\"><span dir=\"auto\" style=\"vertical-align: inherit;\"><span dir=\"auto\" style=\"vertical-align: inherit;\">2. Il pretrattamento prima dell&#8217;uso \u00e8 molto semplice e consente di risparmiare denaro. Risciacquare la resina nuova tre volte con acqua pulita e lasciarla in acqua pulita a 25~30 \u00b0C per tutta la notte. Il giorno successivo, risciacquare e filtrare la resina pi\u00f9 volte. Dopodich\u00e9, \u00e8 pronta per l&#8217;uso.<\/span><\/span><\/span><\/span><\/p>\n<p align=\"justify\"><span style=\"vertical-align: inherit;\"><span style=\"vertical-align: inherit;\"><span dir=\"auto\" style=\"vertical-align: inherit;\"><span dir=\"auto\" style=\"vertical-align: inherit;\">3. La resina ha una maggiore capacit\u00e0 di combattere l&#8217;inquinamento organico, rendendo il trattamento post-uso non solo semplice ma anche pratico. La contaminazione superficiale viene rimossa con acqua pulita, dopodich\u00e9 la resina viene immersa in una soluzione alcalina (8% NaOH + 20% NaCl) in quantit\u00e0 doppia rispetto al suo peso (peso della resina) per due ore a 40~50 \u00b0C, mescolando costantemente. Quindi, risciacquare con acqua pulita (pH 7) e filtrare. Dopodich\u00e9, la resina \u00e8 pronta per l&#8217;uso.<\/span><\/span><\/span><\/span><\/p>\n<p align=\"justify\"><strong><span style=\"vertical-align: inherit;\"><span style=\"vertical-align: inherit;\"><span dir=\"auto\" style=\"vertical-align: inherit;\"><span dir=\"auto\" style=\"vertical-align: inherit;\">2: STOCCAGGIO<\/span><\/span><\/span><\/span><\/strong><\/p>\n<p align=\"justify\"><span style=\"vertical-align: inherit;\"><span style=\"vertical-align: inherit;\"><span dir=\"auto\" style=\"vertical-align: inherit;\"><span dir=\"auto\" style=\"vertical-align: inherit;\">La resina deve essere conservata al chiuso, lontano dalla luce solare diretta. Non strappare la confezione per evitare perdite d&#8217;acqua. Se la resina ha perso acqua, aggiungere gradualmente una soluzione salina satura e lasciarla marinare per diverse ore, quindi diluire gradualmente con acqua per evitare danni.<\/span><\/span><\/span><\/span><\/p>\n<p align=\"justify\"><strong><span style=\"vertical-align: inherit;\"><span style=\"vertical-align: inherit;\"><span dir=\"auto\" style=\"vertical-align: inherit;\"><span dir=\"auto\" style=\"vertical-align: inherit;\">3: TEMPERATURA DI UTILIZZO E CONSERVAZIONE<\/span><\/span><\/span><\/span><\/strong><\/p>\n<p align=\"justify\"><span style=\"vertical-align: inherit;\"><span style=\"vertical-align: inherit;\"><span dir=\"auto\" style=\"vertical-align: inherit;\"><span dir=\"auto\" style=\"vertical-align: inherit;\">La temperatura non deve superare i 60\u00b0C. Conservare a una temperatura compresa tra 0 e 25\u00b0C. Se la temperatura ambiente \u00e8 inferiore a 0\u00b0C, la resina deve essere conservata in una soluzione salina satura.<\/span><\/span><\/span><\/span><\/p>\n<\/td>\n<\/tr>\n<\/tbody>\n<\/table>\n","protected":false},"excerpt":{"rendered":"<p>ZG A 398 copolimero macroporoso specifico di stirene e DVB con resina a scambio anionico di radicale ammonio quark [-N(CH3)3OH] Il marchio Zheng Guang ZG A 398 \u00e8 uno specifico copolimero macroporoso con una resina a scambio ionico a radicale ammonico cationico [-N(CH3 ) 3OH ] . Presenta una struttura cellulare specifica e un&#8217;ampia superficie,&#8230;<\/p>\n","protected":false},"featured_media":1271,"comment_status":"closed","ping_status":"closed","template":"","meta":[],"product_cat":[509,626],"product_tag":[],"class_list":["post-4224","product","type-product","status-publish","has-post-thumbnail","hentry","product_cat-prodotti","product_cat-resine-comuni"],"_links":{"self":[{"href":"https:\/\/hydrolite.eu\/it\/wp-json\/wp\/v2\/product\/4224","targetHints":{"allow":["GET"]}}],"collection":[{"href":"https:\/\/hydrolite.eu\/it\/wp-json\/wp\/v2\/product"}],"about":[{"href":"https:\/\/hydrolite.eu\/it\/wp-json\/wp\/v2\/types\/product"}],"replies":[{"embeddable":true,"href":"https:\/\/hydrolite.eu\/it\/wp-json\/wp\/v2\/comments?post=4224"}],"wp:featuredmedia":[{"embeddable":true,"href":"https:\/\/hydrolite.eu\/it\/wp-json\/wp\/v2\/media\/1271"}],"wp:attachment":[{"href":"https:\/\/hydrolite.eu\/it\/wp-json\/wp\/v2\/media?parent=4224"}],"wp:term":[{"taxonomy":"product_cat","embeddable":true,"href":"https:\/\/hydrolite.eu\/it\/wp-json\/wp\/v2\/product_cat?post=4224"},{"taxonomy":"product_tag","embeddable":true,"href":"https:\/\/hydrolite.eu\/it\/wp-json\/wp\/v2\/product_tag?post=4224"}],"curies":[{"name":"wp","href":"https:\/\/api.w.org\/{rel}","templated":true}]}}