{"id":578,"date":"2022-02-22T02:12:05","date_gmt":"2022-02-21T23:12:05","guid":{"rendered":"https:\/\/hydrolite.eu\/about-us\/"},"modified":"2023-07-11T22:11:47","modified_gmt":"2023-07-11T19:11:47","slug":"company","status":"publish","type":"page","link":"https:\/\/hydrolite.eu\/it\/company\/","title":{"rendered":"Azienda"},"content":{"rendered":"\t<div id=\"gap-1831320299\" class=\"gap-element clearfix\" style=\"display:block; height:auto;\">\n\t\t\n<style>\n#gap-1831320299 {\n  padding-top: 30px;\n}\n<\/style>\n\t<\/div>\n\t\n<div class=\"row row-large row-full-width\"  id=\"row-1431878554\">\n\n\t<div id=\"col-52373950\" class=\"col medium-8 small-12 large-8\"  >\n\t\t<div class=\"col-inner\"  >\n\t\t\t\n\t\t\t\n<h2 class=\"uppercase\">Chi siamo<\/h2>\n<h3>Questo sito \u00e8 il sito di un rivenditore europeo, EuroEcoTech Company (Germania).<\/h3>\n<p>Resine a scambio ionico TM NIDROLIGHT &#8211; Prodotto innovativo e moderno.<\/p>\n<p>Il nostro produttore Ningbo Zhengguang Resin Co., Ltd. \u00e8 la base di produzione interamente controllata di Zhejiang Zhengguang Industrial Co., Ltd. &#8220;Zhengguang&#8221; \u00e8 una delle pi\u00f9 influenti societ\u00e0 cinesi di produzione e applicazione di resine a scambio ionico. \u00c8 stato trovato nell&#8217;ottobre 1969 e ha pi\u00f9 di 43 anni di esperienza nella ricerca, sviluppo e produzione di resine a scambio ionico. Zhengguang \u00e8 anche vicepresidente del China Ion Exchange Resin Committee e membro della WQA.<\/p>\n<p>Ningbo Zhengguang Resin CO., Ltd si trova nella ZONA DI SVILUPPO ECONOMICO PETROLCHIMICO DI NINGBO. L&#8217;area di pianificazione totale della zona \u00e8 di 56,22 chilometri quadrati ed \u00e8 stata formalmente approvata dal Consiglio di Stato cinese come zona di sviluppo nazionale il 30 dicembre 2011. La ZENHA DI SVILUPPO ECONOMICO PETROLCHIMICO DI NINGBO ha il pi\u00f9 grande bacino di prodotti chimici liquidi del paese, la pi\u00f9 grande raffineria petrolchimica del paese Zhenhai Raffineria e molte aziende chimiche. Queste aziende chimiche forniscono un approccio conveniente per l&#8217;acquisto di materie prime e, allo stesso tempo, il vicino porto di BEILUN fornisce anche condizioni convenienti per l&#8217;importazione e l&#8217;esportazione di materie prime e prodotti.<\/p>\n<p>Ningbo Zhengguang Resin Co., Ltd inizia la cerimonia di inaugurazione nel novembre 2007 e inizia la produzione di prova a settembre 2010. Entro la fine del 2011, Ningbo Zhengguang Resin Co., Ltd \u00e8 passata alla produzione normale e ha ottenuto la licenza di produzione sicura, superata l&#8217;accettazione dell&#8217;ispezione degli impianti di protezione ambientale.<\/p>\n\t\t<\/div>\n\t\t\t<\/div>\n\n\t\n\n\t<div id=\"col-1729542480\" class=\"col medium-4 small-12 large-4 small-col-first\"  >\n\t\t<div class=\"col-inner\"  >\n\t\t\t\n\t\t\t\n\t<div class=\"img has-hover x md-x lg-x y md-y lg-y\" id=\"image_373543074\">\n\t\t\t\t\t\t\t\t<div class=\"img-inner dark\" >\n\t\t\t<img loading=\"lazy\" decoding=\"async\" width=\"1254\" height=\"841\" src=\"https:\/\/hydrolite.eu\/wp-content\/uploads\/2022\/05\/outside-of-workshop.jpg\" class=\"attachment-original size-original\" alt=\"hydrolite\" srcset=\"https:\/\/hydrolite.eu\/wp-content\/uploads\/2022\/05\/outside-of-workshop.jpg 1254w, https:\/\/hydrolite.eu\/wp-content\/uploads\/2022\/05\/outside-of-workshop-300x201.jpg 300w, https:\/\/hydrolite.eu\/wp-content\/uploads\/2022\/05\/outside-of-workshop-1024x687.jpg 1024w, https:\/\/hydrolite.eu\/wp-content\/uploads\/2022\/05\/outside-of-workshop-200x134.jpg 200w, https:\/\/hydrolite.eu\/wp-content\/uploads\/2022\/05\/outside-of-workshop-400x268.jpg 400w\" sizes=\"auto, (max-width: 1254px) 100vw, 1254px\" \/>\t\t\t\t\t\t\n\t\t\t\t\t<\/div>\n\t\t\t\t\t\t\t\t\n<style>\n#image_373543074 {\n  width: 100%;\n}\n<\/style>\n\t<\/div>\n\t\n\t<div class=\"img has-hover x md-x lg-x y md-y lg-y\" id=\"image_582818245\">\n\t\t\t\t\t\t\t\t<div class=\"img-inner dark\" >\n\t\t\t<img loading=\"lazy\" decoding=\"async\" width=\"1502\" height=\"973\" src=\"https:\/\/hydrolite.eu\/wp-content\/uploads\/2022\/05\/material-farm.jpg\" class=\"attachment-original size-original\" alt=\"Company\" srcset=\"https:\/\/hydrolite.eu\/wp-content\/uploads\/2022\/05\/material-farm.jpg 1502w, https:\/\/hydrolite.eu\/wp-content\/uploads\/2022\/05\/material-farm-300x194.jpg 300w, https:\/\/hydrolite.eu\/wp-content\/uploads\/2022\/05\/material-farm-1024x663.jpg 1024w, https:\/\/hydrolite.eu\/wp-content\/uploads\/2022\/05\/material-farm-200x130.jpg 200w, https:\/\/hydrolite.eu\/wp-content\/uploads\/2022\/05\/material-farm-400x259.jpg 400w\" sizes=\"auto, (max-width: 1502px) 100vw, 1502px\" \/>\t\t\t\t\t\t\n\t\t\t\t\t<\/div>\n\t\t\t\t\t\t\t\t\n<style>\n#image_582818245 {\n  width: 100%;\n}\n<\/style>\n\t<\/div>\n\t\n\t\t<\/div>\n\t\t\t<\/div>\n\n\t\n<\/div>\n<div class=\"row row-large row-full-width\"  id=\"row-1127083048\">\n\n\t<div id=\"col-4010541\" class=\"col medium-4 small-12 large-4\"  >\n\t\t<div class=\"col-inner\"  >\n\t\t\t\n\t\t\t\n\t<div class=\"img has-hover x md-x lg-x y md-y lg-y\" id=\"image_189611238\">\n\t\t\t\t\t\t\t\t<div class=\"img-inner dark\" >\n\t\t\t<img loading=\"lazy\" decoding=\"async\" width=\"1020\" height=\"639\" src=\"https:\/\/hydrolite.eu\/wp-content\/uploads\/2022\/05\/workshop-1-1024x642.jpg\" class=\"attachment-large size-large\" alt=\"hydrolite\" srcset=\"https:\/\/hydrolite.eu\/wp-content\/uploads\/2022\/05\/workshop-1-1024x642.jpg 1024w, https:\/\/hydrolite.eu\/wp-content\/uploads\/2022\/05\/workshop-1-300x188.jpg 300w, https:\/\/hydrolite.eu\/wp-content\/uploads\/2022\/05\/workshop-1-200x125.jpg 200w, https:\/\/hydrolite.eu\/wp-content\/uploads\/2022\/05\/workshop-1-400x251.jpg 400w, https:\/\/hydrolite.eu\/wp-content\/uploads\/2022\/05\/workshop-1.jpg 1502w\" sizes=\"auto, (max-width: 1020px) 100vw, 1020px\" \/>\t\t\t\t\t\t\n\t\t\t\t\t<\/div>\n\t\t\t\t\t\t\t\t\n<style>\n#image_189611238 {\n  width: 100%;\n}\n<\/style>\n\t<\/div>\n\t\n\t<div class=\"img has-hover x md-x lg-x y md-y lg-y\" id=\"image_1885168596\">\n\t\t\t\t\t\t\t\t<div class=\"img-inner dark\" >\n\t\t\t<img loading=\"lazy\" decoding=\"async\" width=\"1020\" height=\"680\" src=\"https:\/\/hydrolite.eu\/wp-content\/uploads\/2022\/05\/part-of-qc-1024x683.jpg\" class=\"attachment-large size-large\" alt=\"hydrolite\" srcset=\"https:\/\/hydrolite.eu\/wp-content\/uploads\/2022\/05\/part-of-qc-1024x683.jpg 1024w, https:\/\/hydrolite.eu\/wp-content\/uploads\/2022\/05\/part-of-qc-300x200.jpg 300w, https:\/\/hydrolite.eu\/wp-content\/uploads\/2022\/05\/part-of-qc-200x133.jpg 200w, https:\/\/hydrolite.eu\/wp-content\/uploads\/2022\/05\/part-of-qc-400x267.jpg 400w, https:\/\/hydrolite.eu\/wp-content\/uploads\/2022\/05\/part-of-qc.jpg 1180w\" sizes=\"auto, (max-width: 1020px) 100vw, 1020px\" \/>\t\t\t\t\t\t\n\t\t\t\t\t<\/div>\n\t\t\t\t\t\t\t\t\n<style>\n#image_1885168596 {\n  width: 100%;\n}\n<\/style>\n\t<\/div>\n\t\n\t\t<\/div>\n\t\t\t<\/div>\n\n\t\n\n\t<div id=\"col-1829536345\" class=\"col medium-8 small-12 large-8\"  >\n\t\t<div class=\"col-inner\"  >\n\t\t\t\n\t\t\t\n<p>&#8220;Zhengguang&#8221; \u00e8 specializzata nella produzione di resina a scambio ionico, mezzo di separazione biochimica e adsorbenti macroporosi. La resina a scambio ionico ha quattro serie principali di prodotti, come la serie di stirene, la serie di acido acrilico, la serie di aldeide fenolo e la serie di ossigeno ad anello. Il mezzo di separazione biochimica include mezzi di cromatografia a scambio ionico, mezzi di cromatografia di interazione idrofobica, mezzi di cromatografia di affinit\u00e0, mezzi di cromatografia su gel e intermedi attivati, cinque tipi quasi cento variet\u00e0. Gli adsorbenti macroporosi includono assorbente non polare, assorbente moderatamente polare e polare, tre tipi quasi dozzine di variet\u00e0. I marchi registrati sono \u201cZhengguang\u201d e \u201cHydorlite\u201d.<\/p>\n<p>&#8220;Zhengguang&#8221; gode di un&#8217;ottima reputazione nei clienti e nello stesso settore per l&#8217;eccellente qualit\u00e0 del prodotto, la tecnologia leader e i servizi tecnici sinceri. &#8220;Zhengguang&#8221; ha una serie di prodotti sono l&#8217;iniziativa nazionale cinese e ha ottenuto &#8220;Certificato di Nazione Nuovo prodotto chiave&#8221;, &#8220;Certificato di Fondo per l&#8217;innovazione tecnologica&#8221;, &#8220;Piano della torcia nazionale&#8221;, &#8220;Premio per la scienza e la tecnologia dell&#8217;energia elettrica cinese&#8221;, &#8221; Brevetti per modelli di utilit\u00e0&#8221;, &#8220;Brevetto di invenzione&#8221; ecc. \u00a0\u00a0\u00a0Il marchio &#8220;Zhengguang&#8221; La resina a scambio ionico ha vinto molte volte la designazione &#8220;Prodotto famoso della provincia di Zhejiang&#8221; e il marchio &#8220;Zhengguang&#8221; ha vinto la designazione &#8220;Marchio famoso della provincia di Zhejiang&#8221;. Per questi premi, Zhengguang ha vinto la designazione &#8220;sostegno dell&#8217;impresa high-tech chiave nazionale&#8221;, &#8220;Impresa high-tech della provincia di Zhejiang e &#8220;Centro tecnologico aziendale della provincia di Zhejiang&#8221;.<\/p>\n<p>Le resine a scambio ionico del marchio &#8220;Zhengguang&#8221; e del marchio &#8220;Hydrolite&#8221; sono ora vendute in tutte le province e regioni nei settori dell&#8217;energia elettrica, elettronica, nucleare, chimica, industria leggera, farmaceutica, industria alimentare, bevande, metallurgia e uso ambientale in Cina. venduto anche in America, Europa, Africa e paesi del Sud-est asiatico. Le resine del marchio &#8220;Zhengguang&#8221; svolgono un ruolo importante con le sue eccellenti prestazioni nell&#8217;acqua di alimentazione della caldaia e nel trattamento della condensazione, nel trattamento dell&#8217;acqua del circuito primario e secondario della centrale nucleare, nell&#8217;acqua industriale e nell&#8217;acqua ultrapura di qualit\u00e0 elettronica, nelle aree alimentari e mediche e biochimiche , hanno un gran numero di prestazioni di utilizzo in tutto il mondo.<\/p>\n\t\t<\/div>\n\t\t\t<\/div>\n\n\t\n<\/div>\n<div class=\"row row-large row-full-width\"  id=\"row-260876225\">\n\n\t<div id=\"col-1846095869\" class=\"col medium-4 small-12 large-4\"  >\n\t\t<div class=\"col-inner\"  >\n\t\t\t\n\t\t\t\n<div role=\"form\" class=\"wpcf7\" id=\"wpcf7-f756-o1\" lang=\"ru-RU\" dir=\"ltr\">\n<div class=\"screen-reader-response\"><p role=\"status\" aria-live=\"polite\" aria-atomic=\"true\"><\/p> <ul><\/ul><\/div>\n<form action=\"\/it\/wp-json\/wp\/v2\/pages\/578#wpcf7-f756-o1\" method=\"post\" class=\"wpcf7-form init\" novalidate=\"novalidate\" data-status=\"init\">\n<div style=\"display: none;\">\n<input type=\"hidden\" name=\"_wpcf7\" value=\"756\" \/>\n<input type=\"hidden\" name=\"_wpcf7_version\" value=\"5.5.5\" \/>\n<input type=\"hidden\" name=\"_wpcf7_locale\" value=\"ru_RU\" \/>\n<input type=\"hidden\" name=\"_wpcf7_unit_tag\" value=\"wpcf7-f756-o1\" \/>\n<input type=\"hidden\" name=\"_wpcf7_container_post\" value=\"0\" \/>\n<input type=\"hidden\" name=\"_wpcf7_posted_data_hash\" value=\"\" \/>\n<\/div>\n<div class=\"form-flat\">\n<span class=\"wpcf7-form-control-wrap your-name\"><input type=\"text\" name=\"your-name\" value=\"\" size=\"40\" class=\"wpcf7-form-control wpcf7-text wpcf7-validates-as-required\" aria-required=\"true\" aria-invalid=\"false\" placeholder=\"Il tuo nome\" \/><\/span><\/p>\n<p><span class=\"wpcf7-form-control-wrap tel-640\"><input type=\"tel\" name=\"tel-640\" value=\"\" size=\"40\" class=\"wpcf7-form-control wpcf7-text wpcf7-tel wpcf7-validates-as-required wpcf7-validates-as-tel\" aria-required=\"true\" aria-invalid=\"false\" placeholder=\"Telefono\" \/><\/span><\/p>\n<p><span class=\"wpcf7-form-control-wrap your-email\"><input type=\"email\" name=\"your-email\" value=\"\" size=\"40\" class=\"wpcf7-form-control wpcf7-text wpcf7-email wpcf7-validates-as-required wpcf7-validates-as-email\" aria-required=\"true\" aria-invalid=\"false\" placeholder=\"La tua email\" \/><\/span> <\/p>\n<p><span class=\"wpcf7-form-control-wrap your-message\"><textarea name=\"your-message\" cols=\"40\" rows=\"10\" class=\"wpcf7-form-control wpcf7-textarea\" aria-invalid=\"false\" placeholder=\"Il tuo messaggio\"><\/textarea><\/span> <\/p>\n<p><input type=\"submit\" value=\"Invia\" class=\"wpcf7-form-control has-spinner wpcf7-submit button\" \/>\n<\/p><\/div>\n<div class=\"wpcf7-response-output\" aria-hidden=\"true\"><\/div><\/form><\/div>\n\t\t<\/div>\n\t\t\t<\/div>\n\n\t\n\n\t<div id=\"col-836755365\" class=\"col medium-8 small-12 large-8\"  >\n\t\t<div class=\"col-inner\"  >\n\t\t\t\n\t\t\t\n\t<div id=\"text-1278930874\" class=\"text\">\n\t\t\n<h2 class=\"uppercase\">Vuoi lavorare con noi?<\/h2>\n\t\t\n<style>\n#text-1278930874 {\n  text-align: center;\n}\n<\/style>\n\t<\/div>\n\t\n<p class=\"lead\">Mandaci una riga.<\/p>\n\t\t<\/div>\n\t\t\t<\/div>\n\n\t\n<\/div>\n","protected":false},"excerpt":{"rendered":"","protected":false},"author":1,"featured_media":347,"parent":0,"menu_order":0,"comment_status":"closed","ping_status":"closed","template":"page-blank.php","meta":{"footnotes":""},"class_list":["post-578","page","type-page","status-publish","has-post-thumbnail","hentry"],"_links":{"self":[{"href":"https:\/\/hydrolite.eu\/it\/wp-json\/wp\/v2\/pages\/578","targetHints":{"allow":["GET"]}}],"collection":[{"href":"https:\/\/hydrolite.eu\/it\/wp-json\/wp\/v2\/pages"}],"about":[{"href":"https:\/\/hydrolite.eu\/it\/wp-json\/wp\/v2\/types\/page"}],"author":[{"embeddable":true,"href":"https:\/\/hydrolite.eu\/it\/wp-json\/wp\/v2\/users\/1"}],"replies":[{"embeddable":true,"href":"https:\/\/hydrolite.eu\/it\/wp-json\/wp\/v2\/comments?post=578"}],"version-history":[{"count":6,"href":"https:\/\/hydrolite.eu\/it\/wp-json\/wp\/v2\/pages\/578\/revisions"}],"predecessor-version":[{"id":1125,"href":"https:\/\/hydrolite.eu\/it\/wp-json\/wp\/v2\/pages\/578\/revisions\/1125"}],"wp:featuredmedia":[{"embeddable":true,"href":"https:\/\/hydrolite.eu\/it\/wp-json\/wp\/v2\/media\/347"}],"wp:attachment":[{"href":"https:\/\/hydrolite.eu\/it\/wp-json\/wp\/v2\/media?parent=578"}],"curies":[{"name":"wp","href":"https:\/\/api.w.org\/{rel}","templated":true}]}}