{"id":5117,"date":"2025-09-21T13:39:40","date_gmt":"2025-11-02T22:02:49","guid":{"rendered":"https:\/\/hydrolite.eu\/?post_type=product&#038;p=5117"},"modified":"2025-11-03T01:03:28","modified_gmt":"2025-11-02T22:03:28","slug":"a-zga-700w-egy-makroporozus-ioncserelo-gyanta-gyengen-bazikus-es-egyenletes-reszecskemeretu","status":"publish","type":"product","link":"https:\/\/hydrolite.eu\/hu\/product\/a-zga-700w-egy-makroporozus-ioncserelo-gyanta-gyengen-bazikus-es-egyenletes-reszecskemeretu\/","title":{"rendered":"A ZGA 700W egy makropor\u00f3zus ioncser\u00e9l\u0151 gyanta, gyeng\u00e9n b\u00e1zikus \u00e9s egyenletes r\u00e9szecskem\u00e9ret\u0171."},"content":{"rendered":"<table border=\"0\" width=\"100%\" cellspacing=\"1\" cellpadding=\"0\" align=\"center\" bgcolor=\"dee8f3\">\n<tbody>\n<tr>\n<td align=\"left\" bgcolor=\"054696\" width=\"70%\" height=\"50\">\n<div class=\"zzzzz1\" align=\"center\"><span style=\"vertical-align: inherit;\"><span class=\"\" style=\"vertical-align: inherit;\"><span dir=\"auto\" style=\"vertical-align: inherit;\"><span dir=\"auto\" style=\"vertical-align: inherit;\">A ZGA 700W egy makropor\u00f3zus ioncser\u00e9l\u0151 gyanta, gyeng\u00e9n b\u00e1zikus \u00e9s egyenletes r\u00e9szecskem\u00e9ret\u0171.<\/span><\/span><\/span><\/span><\/div>\n<\/td>\n<\/tr>\n<tr>\n<td style=\"padding: 20px;\" align=\"left\" bgcolor=\"#FFFFFF\"><strong><span style=\"vertical-align: inherit;\"><span style=\"vertical-align: inherit;\"><span dir=\"auto\" style=\"vertical-align: inherit;\"><span dir=\"auto\" style=\"vertical-align: inherit;\">1. Le\u00edr\u00e1s:<\/span><\/span><\/span><\/span><\/strong><\/p>\n<p align=\"justify\"><span style=\"vertical-align: inherit;\"><span style=\"vertical-align: inherit;\"><span dir=\"auto\" style=\"vertical-align: inherit;\"><span dir=\"auto\" style=\"vertical-align: inherit;\">A Hydrolite ZGA 700W egy makropor\u00f3zus, gyeng\u00e9n b\u00e1zikus anioncser\u00e9l\u0151 gyanta, egyenletes r\u00e9szecskem\u00e9ret\u0171 (700 \u00b5m). Nagyon magas ioncser\u00e9l\u0151 kapacit\u00e1ssal, j\u00f3 fizikai stabilit\u00e1ssal \u00e9s ozmotikus terhel\u00e9ssel szembeni ellen\u00e1ll\u00e1ssal rendelkezik. Egyenletes r\u00e9szecskeeloszl\u00e1sa \u200b\u200bgyors ioncser\u00e9t \u00e9s alacsony \u00e1raml\u00e1si ellen\u00e1ll\u00e1st biztos\u00edt. A ZGA 700W <\/span><\/span><\/span><\/span><br \/>\n<span style=\"vertical-align: inherit;\"><span style=\"vertical-align: inherit;\"><span dir=\"auto\" style=\"vertical-align: inherit;\"><span dir=\"auto\" style=\"vertical-align: inherit;\">ide\u00e1lis magas s\u00f3- \u00e9s szervesanyag-tartalm\u00fa v\u00edz kezel\u00e9s\u00e9re, cukor \u00e9s kem\u00e9ny\u00edt\u0151 sz\u00edntelen\u00edt\u00e9s\u00e9re, valamint magas kr\u00f3mtartalm\u00fa szennyv\u00edz, k\u00fcl\u00f6n\u00f6sen s\u0171r\u0171 oldatok elhelyez\u00e9s\u00e9re.<\/span><\/span><\/span><\/span><\/p>\n<p><strong><span style=\"vertical-align: inherit;\"><span style=\"vertical-align: inherit;\"><span dir=\"auto\" style=\"vertical-align: inherit;\"><span dir=\"auto\" style=\"vertical-align: inherit;\">2. Tipikus fizikai \u00e9s k\u00e9miai tulajdons\u00e1gok:<\/span><\/span><\/span><\/span><\/strong><\/p>\n<table class=\"big\" width=\"90%\" cellspacing=\"1\" cellpadding=\"0\" align=\"center\" bgcolor=\"#666666\">\n<tbody>\n<tr bgcolor=\"#fffaee\">\n<td>\n<p align=\"center\"><span dir=\"auto\" style=\"vertical-align: inherit;\"><span dir=\"auto\" style=\"vertical-align: inherit;\">Param\u00e9terek<\/span><\/span><\/p>\n<\/td>\n<td>\n<p align=\"center\"><span style=\"vertical-align: inherit;\"><span style=\"vertical-align: inherit;\"><span dir=\"auto\" style=\"vertical-align: inherit;\"><span dir=\"auto\" style=\"vertical-align: inherit;\">Adat<\/span><\/span><\/span><\/span><\/p>\n<\/td>\n<\/tr>\n<tr bgcolor=\"#ffffff\">\n<td>\n<p align=\"center\"><span style=\"vertical-align: inherit;\"><span style=\"vertical-align: inherit;\"><span dir=\"auto\" style=\"vertical-align: inherit;\"><span dir=\"auto\" style=\"vertical-align: inherit;\">M\u00e1trix<\/span><\/span><\/span><\/span><\/p>\n<\/td>\n<td>\n<p align=\"center\"><span style=\"vertical-align: inherit;\"><span style=\"vertical-align: inherit;\"><span dir=\"auto\" style=\"vertical-align: inherit;\"><span dir=\"auto\" style=\"vertical-align: inherit;\">Polisztirol-DVB<\/span><\/span><\/span><\/span><\/p>\n<\/td>\n<\/tr>\n<tr bgcolor=\"#ffffff\">\n<td>\n<p align=\"center\"><span style=\"vertical-align: inherit;\"><span style=\"vertical-align: inherit;\"><span dir=\"auto\" style=\"vertical-align: inherit;\"><span dir=\"auto\" style=\"vertical-align: inherit;\">Funkcion\u00e1lis csoport<\/span><\/span><\/span><\/span><\/p>\n<\/td>\n<td>\n<p align=\"center\"><span style=\"vertical-align: inherit;\"><span style=\"vertical-align: inherit;\"><span dir=\"auto\" style=\"vertical-align: inherit;\"><span dir=\"auto\" style=\"vertical-align: inherit;\">-N( <\/span><\/span><\/span><\/span><sub><span style=\"vertical-align: inherit;\"><span style=\"vertical-align: inherit;\"><span dir=\"auto\" style=\"vertical-align: inherit;\"><span dir=\"auto\" style=\"vertical-align: inherit;\">CH3<\/span><\/span><\/span><\/span><\/sub><span style=\"vertical-align: inherit;\"><span style=\"vertical-align: inherit;\"><span dir=\"auto\" style=\"vertical-align: inherit;\"><span dir=\"auto\" style=\"vertical-align: inherit;\"> ) <\/span><\/span><\/span><\/span><sub><span style=\"vertical-align: inherit;\"><span style=\"vertical-align: inherit;\"><span dir=\"auto\" style=\"vertical-align: inherit;\"><span dir=\"auto\" style=\"vertical-align: inherit;\">2<\/span><\/span><\/span><\/span><\/sub><\/p>\n<\/td>\n<\/tr>\n<tr bgcolor=\"#ffffff\">\n<td>\n<p align=\"center\"><span style=\"vertical-align: inherit;\"><span style=\"vertical-align: inherit;\"><span dir=\"auto\" style=\"vertical-align: inherit;\"><span dir=\"auto\" style=\"vertical-align: inherit;\">Ionos forma<\/span><\/span><\/span><\/span><\/p>\n<\/td>\n<td>\n<p align=\"center\"><span style=\"vertical-align: inherit;\"><span style=\"vertical-align: inherit;\"><span dir=\"auto\" style=\"vertical-align: inherit;\"><span dir=\"auto\" style=\"vertical-align: inherit;\">Szabad amin<\/span><\/span><\/span><\/span><\/p>\n<\/td>\n<\/tr>\n<tr bgcolor=\"#ffffff\">\n<td>\n<p align=\"center\"><span style=\"vertical-align: inherit;\"><span style=\"vertical-align: inherit;\"><span dir=\"auto\" style=\"vertical-align: inherit;\"><span dir=\"auto\" style=\"vertical-align: inherit;\">Nedvess\u00e9gtartalom %<\/span><\/span><\/span><\/span><\/p>\n<\/td>\n<td>\n<p align=\"center\"><span style=\"vertical-align: inherit;\"><span style=\"vertical-align: inherit;\"><span dir=\"auto\" style=\"vertical-align: inherit;\"><span dir=\"auto\" style=\"vertical-align: inherit;\">48.00-58.00<\/span><\/span><\/span><\/span><\/p>\n<\/td>\n<\/tr>\n<tr bgcolor=\"#ffffff\">\n<td>\n<p align=\"center\"><span style=\"vertical-align: inherit;\"><span style=\"vertical-align: inherit;\"><span dir=\"auto\" style=\"vertical-align: inherit;\"><span dir=\"auto\" style=\"vertical-align: inherit;\">Teljes kicser\u00e9l\u0151d\u00e9si kapacit\u00e1s, mmol\/ml<\/span><\/span><\/span><\/span><\/p>\n<\/td>\n<td>\n<p align=\"center\"><span style=\"vertical-align: inherit;\"><span style=\"vertical-align: inherit;\"><span dir=\"auto\" style=\"vertical-align: inherit;\"><span dir=\"auto\" style=\"vertical-align: inherit;\">\u22651,45<\/span><\/span><\/span><\/span><\/p>\n<\/td>\n<\/tr>\n<tr bgcolor=\"#ffffff\">\n<td>\n<p align=\"center\"><span style=\"vertical-align: inherit;\"><span style=\"vertical-align: inherit;\"><span dir=\"auto\" style=\"vertical-align: inherit;\"><span dir=\"auto\" style=\"vertical-align: inherit;\">T\u00e9rfogats\u0171r\u0171s\u00e9g, g\/ml<\/span><\/span><\/span><\/span><\/p>\n<\/td>\n<td>\n<p align=\"center\"><span style=\"vertical-align: inherit;\"><span style=\"vertical-align: inherit;\"><span dir=\"auto\" style=\"vertical-align: inherit;\"><span dir=\"auto\" style=\"vertical-align: inherit;\">0,65-0,72<\/span><\/span><\/span><\/span><\/p>\n<\/td>\n<\/tr>\n<tr bgcolor=\"#ffffff\">\n<td>\n<p align=\"center\"><span style=\"vertical-align: inherit;\"><span style=\"vertical-align: inherit;\"><span dir=\"auto\" style=\"vertical-align: inherit;\"><span dir=\"auto\" style=\"vertical-align: inherit;\">\u00c1tlagos r\u00e9szecskem\u00e9ret, \u00b5m<\/span><\/span><\/span><\/span><\/p>\n<\/td>\n<td>\n<p align=\"center\"><span style=\"vertical-align: inherit;\"><span style=\"vertical-align: inherit;\"><span dir=\"auto\" style=\"vertical-align: inherit;\"><span dir=\"auto\" style=\"vertical-align: inherit;\">700\u00b1100<\/span><\/span><\/span><\/span><\/p>\n<\/td>\n<\/tr>\n<tr bgcolor=\"#ffffff\">\n<td>\n<p align=\"center\"><span style=\"vertical-align: inherit;\"><span style=\"vertical-align: inherit;\"><span dir=\"auto\" style=\"vertical-align: inherit;\"><span dir=\"auto\" style=\"vertical-align: inherit;\">Homogenit\u00e1si egy\u00fctthat\u00f3<\/span><\/span><\/span><\/span><\/p>\n<\/td>\n<td>\n<p align=\"center\"><span style=\"vertical-align: inherit;\"><span style=\"vertical-align: inherit;\"><span dir=\"auto\" style=\"vertical-align: inherit;\"><span dir=\"auto\" style=\"vertical-align: inherit;\">\u22641,20<\/span><\/span><\/span><\/span><\/p>\n<\/td>\n<\/tr>\n<tr bgcolor=\"#ffffff\">\n<td>\n<p align=\"center\"><span style=\"vertical-align: inherit;\"><span style=\"vertical-align: inherit;\"><span dir=\"auto\" style=\"vertical-align: inherit;\"><span dir=\"auto\" style=\"vertical-align: inherit;\">G\u00f6mbszer\u0171s\u00e9g v\u00e1logat\u00e1s ut\u00e1n, %<\/span><\/span><\/span><\/span><\/p>\n<\/td>\n<td>\n<p align=\"center\"><span style=\"vertical-align: inherit;\"><span style=\"vertical-align: inherit;\"><span dir=\"auto\" style=\"vertical-align: inherit;\"><span dir=\"auto\" style=\"vertical-align: inherit;\">\u226595,00<\/span><\/span><\/span><\/span><\/p>\n<\/td>\n<\/tr>\n<\/tbody>\n<\/table>\n<\/td>\n<\/tr>\n<\/tbody>\n<\/table>\n<div id=\"gtx-trans\" style=\"position: absolute; left: 786px; top: 46.1875px;\">\n<div class=\"gtx-trans-icon\"><\/div>\n<\/div>\n","protected":false},"excerpt":{"rendered":"<p>A ZGA 700W egy makropor\u00f3zus ioncser\u00e9l\u0151 gyanta, gyeng\u00e9n b\u00e1zikus \u00e9s egyenletes r\u00e9szecskem\u00e9ret\u0171. 1. Le\u00edr\u00e1s: A Hydrolite ZGA 700W egy makropor\u00f3zus, gyeng\u00e9n b\u00e1zikus anioncser\u00e9l\u0151 gyanta, egyenletes r\u00e9szecskem\u00e9ret\u0171 (700 \u00b5m). Nagyon magas ioncser\u00e9l\u0151 kapacit\u00e1ssal, j\u00f3 fizikai stabilit\u00e1ssal \u00e9s ozmotikus terhel\u00e9ssel szembeni ellen\u00e1ll\u00e1ssal rendelkezik. Egyenletes r\u00e9szecskeeloszl\u00e1sa \u200b\u200bgyors ioncser\u00e9t \u00e9s alacsony \u00e1raml\u00e1si ellen\u00e1ll\u00e1st biztos\u00edt. A ZGA 700W ide\u00e1lis magas&#8230;<\/p>\n","protected":false},"featured_media":1938,"comment_status":"closed","ping_status":"closed","template":"","meta":[],"product_cat":[716,508],"product_tag":[],"class_list":["post-5117","product","type-product","status-publish","has-post-thumbnail","hentry","product_cat-egyenletes-szemcsemeretu-gyantak","product_cat-termekek"],"_links":{"self":[{"href":"https:\/\/hydrolite.eu\/hu\/wp-json\/wp\/v2\/product\/5117","targetHints":{"allow":["GET"]}}],"collection":[{"href":"https:\/\/hydrolite.eu\/hu\/wp-json\/wp\/v2\/product"}],"about":[{"href":"https:\/\/hydrolite.eu\/hu\/wp-json\/wp\/v2\/types\/product"}],"replies":[{"embeddable":true,"href":"https:\/\/hydrolite.eu\/hu\/wp-json\/wp\/v2\/comments?post=5117"}],"wp:featuredmedia":[{"embeddable":true,"href":"https:\/\/hydrolite.eu\/hu\/wp-json\/wp\/v2\/media\/1938"}],"wp:attachment":[{"href":"https:\/\/hydrolite.eu\/hu\/wp-json\/wp\/v2\/media?parent=5117"}],"wp:term":[{"taxonomy":"product_cat","embeddable":true,"href":"https:\/\/hydrolite.eu\/hu\/wp-json\/wp\/v2\/product_cat?post=5117"},{"taxonomy":"product_tag","embeddable":true,"href":"https:\/\/hydrolite.eu\/hu\/wp-json\/wp\/v2\/product_tag?post=5117"}],"curies":[{"name":"wp","href":"https:\/\/api.w.org\/{rel}","templated":true}]}}