{"id":4660,"date":"2022-05-20T11:01:59","date_gmt":"2025-10-27T15:22:38","guid":{"rendered":"https:\/\/hydrolite.eu\/?post_type=product&#038;p=4660"},"modified":"2025-10-27T18:22:38","modified_gmt":"2025-10-27T15:22:38","slug":"zg-f860-ioncserelo-gyanta-fluorid-eltavolitasara","status":"publish","type":"product","link":"https:\/\/hydrolite.eu\/hu\/product\/zg-f860-ioncserelo-gyanta-fluorid-eltavolitasara\/","title":{"rendered":"ZG F860 ioncser\u00e9l\u0151 gyanta fluorid elt\u00e1vol\u00edt\u00e1s\u00e1ra"},"content":{"rendered":"<h2 align=\"center\"><strong class=\"proname\"><span style=\"vertical-align: inherit;\"><span style=\"vertical-align: inherit;\"><span dir=\"auto\" style=\"vertical-align: inherit;\"><span dir=\"auto\" style=\"vertical-align: inherit;\">ZG F860 ioncser\u00e9l\u0151 gyanta fluorid elt\u00e1vol\u00edt\u00e1s\u00e1ra<\/span><\/span><\/span><\/span><\/strong><\/h2>\n<p>&nbsp;<\/p>\n<div class=\"xxx\">\n<p><strong><span style=\"vertical-align: inherit;\"><span style=\"vertical-align: inherit;\"><span dir=\"auto\" style=\"vertical-align: inherit;\"><span dir=\"auto\" style=\"vertical-align: inherit;\">A ZG F 860<\/span><\/span><\/span><\/span><\/strong><span style=\"vertical-align: inherit;\"><span style=\"vertical-align: inherit;\"><span dir=\"auto\" style=\"vertical-align: inherit;\"><span dir=\"auto\" style=\"vertical-align: inherit;\"> egy speci\u00e1lis, makropor\u00f3zus szerkezet\u0171 gyanta. <\/span><\/span><\/span><span style=\"vertical-align: inherit;\"><span dir=\"auto\" style=\"vertical-align: inherit;\"><span dir=\"auto\" style=\"vertical-align: inherit;\">Ez egy makromolekul\u00e1ris kopolimer akt\u00edv alum\u00edniumcsoporttal sztirol-DVB m\u00e1trixon. <\/span><\/span><\/span><span style=\"vertical-align: inherit;\"><span dir=\"auto\" style=\"vertical-align: inherit;\"><span dir=\"auto\" style=\"vertical-align: inherit;\">Ez a k\u00e9miai szerkezet lehet\u0151v\u00e9 teszi, hogy a v\u00edzben l\u00e9v\u0151 fluoridtartalm\u00fa savas gy\u00f6k\u00f6k stabil komplex vegy\u00fcletet k\u00e9pezzenek, ez\u00e1ltal elt\u00e1vol\u00edtva \u00e9s cs\u00f6kkentve a fluorid koncentr\u00e1ci\u00f3j\u00e1t a v\u00edzben, v\u00e9gs\u0151 soron el\u00e9rve az iv\u00f3v\u00edzre vonatkoz\u00f3 orsz\u00e1gos szabv\u00e1nyt, amely kevesebb, mint 1 mg\/l.<\/span><\/span><\/span><\/span><\/p>\n<p align=\"left\"><strong><span style=\"vertical-align: inherit;\"><span style=\"vertical-align: inherit;\"><span dir=\"auto\" style=\"vertical-align: inherit;\"><span dir=\"auto\" style=\"vertical-align: inherit;\">A ZG F 860<\/span><\/span><\/span><\/span><\/strong><span style=\"vertical-align: inherit;\"><span style=\"vertical-align: inherit;\"><span dir=\"auto\" style=\"vertical-align: inherit;\"><span dir=\"auto\" style=\"vertical-align: inherit;\"> fluoridos sz\u0171r\u0151k\u00f6zegk\u00e9nt \u00e9s fluorid elt\u00e1vol\u00edt\u00f3k\u00e9nt is haszn\u00e1lhat\u00f3, k\u00f6zvetlen\u00fcl a h\u00e1ztart\u00e1si v\u00edzrendszerekb\u0151l t\u00e1vol\u00edtva el a fluoridot. <\/span><\/span><\/span><span style=\"vertical-align: inherit;\"><span dir=\"auto\" style=\"vertical-align: inherit;\"><span dir=\"auto\" style=\"vertical-align: inherit;\">Ezenk\u00edv\u00fcl m\u00e1s sz\u0171r\u0151k\u00f6zegekkel (p\u00e9ld\u00e1ul akt\u00edv sz\u00e9nnel vagy m\u00e1s v\u00edzl\u00e1gy\u00edt\u00f3 gyant\u00e1kkal) egy\u00fctt is haszn\u00e1lhat\u00f3, hogy megfeleljen az \u00fcgyfelek egyedi ig\u00e9nyeinek.<\/span><\/span><\/span><\/span><\/p>\n<table border=\"1\" width=\"540\" cellspacing=\"0\" cellpadding=\"0\" align=\"center\">\n<tbody>\n<tr>\n<td style=\"width: 276px; height: 68px;\">\n<p style=\"text-align: center;\"><strong><span style=\"vertical-align: inherit;\"><span style=\"vertical-align: inherit;\"><span dir=\"auto\" style=\"vertical-align: inherit;\"><span dir=\"auto\" style=\"vertical-align: inherit;\">Index neve<\/span><\/span><\/span><\/span><\/strong><\/p>\n<\/td>\n<td style=\"width: 264px; height: 68px;\">\n<p style=\"text-align: center;\"><strong><span style=\"vertical-align: inherit;\"><span style=\"vertical-align: inherit;\"><span dir=\"auto\" style=\"vertical-align: inherit;\"><span dir=\"auto\" style=\"vertical-align: inherit;\">Indik\u00e1tor<\/span><\/span><\/span><\/span><\/strong><\/p>\n<\/td>\n<\/tr>\n<tr>\n<td style=\"width: 276px; height: 66px;\">\n<p style=\"text-align: center;\"><span style=\"vertical-align: inherit;\"><span style=\"vertical-align: inherit;\"><span dir=\"auto\" style=\"vertical-align: inherit;\"><span dir=\"auto\" style=\"vertical-align: inherit;\">Megjelen\u00e9s<\/span><\/span><\/span><\/span><\/p>\n<\/td>\n<td style=\"width: 264px; height: 66px;\">\n<p style=\"text-align: center;\"><span style=\"vertical-align: inherit;\"><span style=\"vertical-align: inherit;\"><span dir=\"auto\" style=\"vertical-align: inherit;\"><span dir=\"auto\" style=\"vertical-align: inherit;\">Goly\u00f3k vil\u00e1goss\u00e1rg\u00e1t\u00f3l s\u00e1rg\u00e1ig<\/span><\/span><\/span><\/span><\/p>\n<\/td>\n<\/tr>\n<tr>\n<td style=\"width: 276px;\">\n<p style=\"text-align: center;\"><span style=\"vertical-align: inherit;\"><span style=\"vertical-align: inherit;\"><span dir=\"auto\" style=\"vertical-align: inherit;\"><span dir=\"auto\" style=\"vertical-align: inherit;\">Ionos eredet\u0171<\/span><\/span><\/span><\/span><\/p>\n<\/td>\n<td style=\"width: 264px;\">\n<p style=\"text-align: center;\"><span dir=\"auto\" style=\"vertical-align: inherit;\"><span dir=\"auto\" style=\"vertical-align: inherit;\">\u2014\u2014<\/span><\/span><\/p>\n<\/td>\n<\/tr>\n<tr>\n<td style=\"width: 276px;\">\n<p style=\"text-align: center;\"><span style=\"vertical-align: inherit;\"><span style=\"vertical-align: inherit;\"><span dir=\"auto\" style=\"vertical-align: inherit;\"><span dir=\"auto\" style=\"vertical-align: inherit;\">Nedvess\u00e9gtartalom %<\/span><\/span><\/span><\/span><\/p>\n<\/td>\n<td style=\"width: 264px;\">\n<p style=\"text-align: center;\"><span dir=\"auto\" style=\"vertical-align: inherit;\"><span dir=\"auto\" style=\"vertical-align: inherit;\">50,0~65,0<\/span><\/span><\/p>\n<\/td>\n<\/tr>\n<tr>\n<td style=\"width: 276px;\">\n<p style=\"text-align: center;\"><span style=\"vertical-align: inherit;\"><span style=\"vertical-align: inherit;\"><span dir=\"auto\" style=\"vertical-align: inherit;\"><span dir=\"auto\" style=\"vertical-align: inherit;\">Felsz\u00edv\u00f3d\u00e1si kapacit\u00e1s g\/l<\/span><\/span><\/span><\/span><\/p>\n<\/td>\n<td style=\"width: 264px;\">\n<p style=\"text-align: center;\"><span style=\"vertical-align: inherit;\"><span style=\"vertical-align: inherit;\"><span dir=\"auto\" style=\"vertical-align: inherit;\"><span dir=\"auto\" style=\"vertical-align: inherit;\">fluor<\/span><\/span><\/span><\/span><\/p>\n<p style=\"text-align: center;\"><span dir=\"auto\" style=\"vertical-align: inherit;\"><span dir=\"auto\" style=\"vertical-align: inherit;\">\u22652,0<\/span><\/span><\/p>\n<\/td>\n<\/tr>\n<tr>\n<td style=\"width: 276px;\">\n<p style=\"text-align: center;\"><span style=\"vertical-align: inherit;\"><span style=\"vertical-align: inherit;\"><span dir=\"auto\" style=\"vertical-align: inherit;\"><span dir=\"auto\" style=\"vertical-align: inherit;\">R\u00e9szecskem\u00e9ret-tartom\u00e1ny %<\/span><\/span><\/span><\/span><\/p>\n<\/td>\n<td style=\"width: 264px;\">\n<p style=\"text-align: center;\"><span style=\"vertical-align: inherit;\"><span style=\"vertical-align: inherit;\"><span dir=\"auto\" style=\"vertical-align: inherit;\"><span dir=\"auto\" style=\"vertical-align: inherit;\">(0,315~1,25 mm) \u226595,0<\/span><\/span><\/span><\/span><\/p>\n<p style=\"text-align: center;\">\n<\/td>\n<\/tr>\n<tr>\n<td style=\"width: 276px;\">\n<p style=\"text-align: center;\"><span style=\"vertical-align: inherit;\"><span style=\"vertical-align: inherit;\"><span dir=\"auto\" style=\"vertical-align: inherit;\"><span dir=\"auto\" style=\"vertical-align: inherit;\">T\u00f6m\u00f6r gy\u00f6ngy\u00f6k %<\/span><\/span><\/span><\/span><\/p>\n<\/td>\n<td style=\"width: 264px;\">\n<p style=\"text-align: center;\"><span dir=\"auto\" style=\"vertical-align: inherit;\"><span dir=\"auto\" style=\"vertical-align: inherit;\">\u226595,0<\/span><\/span><\/p>\n<\/td>\n<\/tr>\n<tr>\n<td style=\"width: 276px;\">\n<p style=\"text-align: center;\"><span style=\"vertical-align: inherit;\"><span style=\"vertical-align: inherit;\"><span dir=\"auto\" style=\"vertical-align: inherit;\"><span dir=\"auto\" style=\"vertical-align: inherit;\">M\u0171k\u00f6d\u00e9si pH<\/span><\/span><\/span><\/span><\/p>\n<\/td>\n<td style=\"width: 264px;\">\n<p style=\"text-align: center;\"><span dir=\"auto\" style=\"vertical-align: inherit;\"><span dir=\"auto\" style=\"vertical-align: inherit;\">5,0~9,0<\/span><\/span><\/p>\n<\/td>\n<\/tr>\n<tr>\n<td style=\"width: 276px;\">\n<p style=\"text-align: center;\"><span style=\"vertical-align: inherit;\"><span style=\"vertical-align: inherit;\"><span dir=\"auto\" style=\"vertical-align: inherit;\"><span dir=\"auto\" style=\"vertical-align: inherit;\">Alkalmaz\u00e1si h\u0151m\u00e9rs\u00e9klet \u2103<\/span><\/span><\/span><\/span><\/p>\n<\/td>\n<td style=\"width: 264px;\">\n<p style=\"text-align: center;\"><span dir=\"auto\" style=\"vertical-align: inherit;\"><span dir=\"auto\" style=\"vertical-align: inherit;\">~40<\/span><\/span><\/p>\n<\/td>\n<\/tr>\n<tr>\n<td style=\"width: 276px;\">\n<p style=\"text-align: center;\"><span style=\"vertical-align: inherit;\"><span style=\"vertical-align: inherit;\"><span dir=\"auto\" style=\"vertical-align: inherit;\"><span dir=\"auto\" style=\"vertical-align: inherit;\">Korl\u00e1tozott h\u0151m\u00e9rs\u00e9klet \u2103<\/span><\/span><\/span><\/span><\/p>\n<\/td>\n<td style=\"width: 264px;\">\n<p style=\"text-align: center;\"><span dir=\"auto\" style=\"vertical-align: inherit;\"><span dir=\"auto\" style=\"vertical-align: inherit;\">90,0<\/span><\/span><\/p>\n<\/td>\n<\/tr>\n<tr>\n<td style=\"width: 276px;\">\n<p style=\"text-align: center;\"><span style=\"vertical-align: inherit;\"><span style=\"vertical-align: inherit;\"><span dir=\"auto\" style=\"vertical-align: inherit;\"><span dir=\"auto\" style=\"vertical-align: inherit;\">BV fogyaszt\u00e1s\/\u00f3ra<\/span><\/span><\/span><\/span><\/p>\n<\/td>\n<td style=\"width: 264px;\">\n<p style=\"text-align: center;\"><span dir=\"auto\" style=\"vertical-align: inherit;\"><span dir=\"auto\" style=\"vertical-align: inherit;\">5~10<\/span><\/span><\/p>\n<\/td>\n<\/tr>\n<tr>\n<td style=\"width: 276px;\">\n<p style=\"text-align: center;\"><span style=\"vertical-align: inherit;\"><span style=\"vertical-align: inherit;\"><span dir=\"auto\" style=\"vertical-align: inherit;\"><span dir=\"auto\" style=\"vertical-align: inherit;\">Oldhat\u00f3s\u00e1g<\/span><\/span><\/span><\/span><\/p>\n<\/td>\n<td style=\"width: 264px;\">\n<p style=\"text-align: center;\"><span style=\"vertical-align: inherit;\"><span style=\"vertical-align: inherit;\"><span dir=\"auto\" style=\"vertical-align: inherit;\"><span dir=\"auto\" style=\"vertical-align: inherit;\">V\u00edzben, savas, l\u00fagos oldatban oldhatatlan<\/span><\/span><\/span><\/span><\/p>\n<\/td>\n<\/tr>\n<\/tbody>\n<\/table>\n<\/div>\n","protected":false},"excerpt":{"rendered":"<p><strong><span style=\"vertical-align: inherit;\"><span style=\"vertical-align: inherit;\"><span dir=\"auto\" style=\"vertical-align: inherit;\"><span dir=\"auto\" style=\"vertical-align: inherit;\">A ZG F 860<\/span><\/span><\/span><\/span><\/strong><span style=\"vertical-align: inherit;\"><span style=\"vertical-align: inherit;\"><span dir=\"auto\" style=\"vertical-align: inherit;\"><span dir=\"auto\" style=\"vertical-align: inherit;\"> egy speci\u00e1lis, makropor\u00f3zus szerkezet\u0171 gyanta. <\/span><\/span><\/span><span style=\"vertical-align: inherit;\"><span dir=\"auto\" style=\"vertical-align: inherit;\"><span dir=\"auto\" style=\"vertical-align: inherit;\">Ez egy makromolekul\u00e1ris kopolimer akt\u00edv alum\u00edniumcsoporttal sztirol-DVB m\u00e1trixon. <\/span><\/span><\/span><span class=\"\" style=\"vertical-align: inherit;\"><span dir=\"auto\" style=\"vertical-align: inherit;\"><span dir=\"auto\" style=\"vertical-align: inherit;\">Ez a k\u00e9miai szerkezet lehet\u0151v\u00e9 teszi, hogy a v\u00edzben l\u00e9v\u0151 fluoridtartalm\u00fa savas gy\u00f6k\u00f6k stabil komplex vegy\u00fcletet k\u00e9pezzenek, ez\u00e1ltal elt\u00e1vol\u00edtva \u00e9s cs\u00f6kkentve a fluorid koncentr\u00e1ci\u00f3j\u00e1t a v\u00edzben, v\u00e9gs\u0151 soron el\u00e9rve az iv\u00f3v\u00edzre vonatkoz\u00f3 orsz\u00e1gos szabv\u00e1nyt, amely kevesebb, mint 1 mg\/l.<\/span><\/span><\/span><\/span><\/p>\n<p align=\"left\"><strong><span style=\"vertical-align: inherit;\"><span style=\"vertical-align: inherit;\"><span dir=\"auto\" style=\"vertical-align: inherit;\"><span dir=\"auto\" style=\"vertical-align: inherit;\">A ZG F 860<\/span><\/span><\/span><\/span><\/strong><span style=\"vertical-align: inherit;\"><span style=\"vertical-align: inherit;\"><span dir=\"auto\" style=\"vertical-align: inherit;\"><span dir=\"auto\" style=\"vertical-align: inherit;\"> fluoridos sz\u0171r\u0151k\u00f6zegk\u00e9nt \u00e9s fluorid elt\u00e1vol\u00edt\u00f3k\u00e9nt is haszn\u00e1lhat\u00f3, k\u00f6zvetlen\u00fcl a h\u00e1ztart\u00e1si v\u00edzrendszerekb\u0151l t\u00e1vol\u00edtva el a fluoridot. <\/span><\/span><\/span><span style=\"vertical-align: inherit;\"><span dir=\"auto\" style=\"vertical-align: inherit;\"><span dir=\"auto\" style=\"vertical-align: inherit;\">Ezenk\u00edv\u00fcl m\u00e1s sz\u0171r\u0151k\u00f6zegekkel (p\u00e9ld\u00e1ul akt\u00edv sz\u00e9nnel vagy m\u00e1s v\u00edzl\u00e1gy\u00edt\u00f3 gyant\u00e1kkal) egy\u00fctt is haszn\u00e1lhat\u00f3, hogy megfeleljen az \u00fcgyfelek egyedi ig\u00e9nyeinek.<\/span><\/span><\/span><\/span><\/p>\n","protected":false},"featured_media":2120,"comment_status":"closed","ping_status":"closed","template":"","meta":[],"product_cat":[471],"product_tag":[],"class_list":["post-4660","product","type-product","status-publish","has-post-thumbnail","hentry","product_cat-ivovizkezeles"],"_links":{"self":[{"href":"https:\/\/hydrolite.eu\/hu\/wp-json\/wp\/v2\/product\/4660","targetHints":{"allow":["GET"]}}],"collection":[{"href":"https:\/\/hydrolite.eu\/hu\/wp-json\/wp\/v2\/product"}],"about":[{"href":"https:\/\/hydrolite.eu\/hu\/wp-json\/wp\/v2\/types\/product"}],"replies":[{"embeddable":true,"href":"https:\/\/hydrolite.eu\/hu\/wp-json\/wp\/v2\/comments?post=4660"}],"wp:featuredmedia":[{"embeddable":true,"href":"https:\/\/hydrolite.eu\/hu\/wp-json\/wp\/v2\/media\/2120"}],"wp:attachment":[{"href":"https:\/\/hydrolite.eu\/hu\/wp-json\/wp\/v2\/media?parent=4660"}],"wp:term":[{"taxonomy":"product_cat","embeddable":true,"href":"https:\/\/hydrolite.eu\/hu\/wp-json\/wp\/v2\/product_cat?post=4660"},{"taxonomy":"product_tag","embeddable":true,"href":"https:\/\/hydrolite.eu\/hu\/wp-json\/wp\/v2\/product_tag?post=4660"}],"curies":[{"name":"wp","href":"https:\/\/api.w.org\/{rel}","templated":true}]}}