{"id":4651,"date":"2025-09-21T13:38:51","date_gmt":"2025-10-27T15:17:41","guid":{"rendered":"https:\/\/hydrolite.eu\/?post_type=product&#038;p=4651"},"modified":"2025-10-27T18:17:41","modified_gmt":"2025-10-27T15:17:41","slug":"zg-d891-perklorat-eltavolito-gyanta","status":"publish","type":"product","link":"https:\/\/hydrolite.eu\/hu\/product\/zg-d891-perklorat-eltavolito-gyanta\/","title":{"rendered":"ZG D891 perklor\u00e1t elt\u00e1vol\u00edt\u00f3 gyanta"},"content":{"rendered":"<table border=\"0\" width=\"100%\" cellspacing=\"1\" cellpadding=\"0\" align=\"center\" bgcolor=\"dee8f3\">\n<tbody>\n<tr>\n<td align=\"left\" bgcolor=\"054696\" width=\"70%\" height=\"50\">\n<div class=\"zzzzz1\" align=\"center\"><span style=\"vertical-align: inherit;\"><span style=\"vertical-align: inherit;\"><span dir=\"auto\" style=\"vertical-align: inherit;\"><span dir=\"auto\" style=\"vertical-align: inherit;\">ZG D891 perklor\u00e1t elt\u00e1vol\u00edt\u00f3 gyanta<\/span><\/span><\/span><\/span><\/div>\n<\/td>\n<\/tr>\n<tr>\n<td style=\"padding: 20px;\" align=\"left\" bgcolor=\"#FFFFFF\"><span dir=\"auto\" style=\"vertical-align: inherit;\"><span style=\"vertical-align: inherit;\"><span style=\"vertical-align: inherit;\"><span dir=\"auto\" style=\"vertical-align: inherit;\">A perklor\u00e1t egy perzisztens , m\u00e9rgez\u0151 vegyi anyag, amely NH4ClO4 <\/span><\/span><\/span><\/span><sub><span style=\"vertical-align: inherit;\"><span style=\"vertical-align: inherit;\"><span dir=\"auto\" style=\"vertical-align: inherit;\"><span dir=\"auto\" style=\"vertical-align: inherit;\">,<\/span><\/span><\/span><\/span><\/sub><span style=\"vertical-align: inherit;\"><span style=\"vertical-align: inherit;\"><span dir=\"auto\" style=\"vertical-align: inherit;\"><span dir=\"auto\" style=\"vertical-align: inherit;\"> KClO4 <\/span><\/span><\/span><\/span><span dir=\"auto\" style=\"vertical-align: inherit;\"><sub><span style=\"vertical-align: inherit;\"><span style=\"vertical-align: inherit;\"><span dir=\"auto\" style=\"vertical-align: inherit;\">\u00e9s<\/span><\/span><\/span><\/sub><span style=\"vertical-align: inherit;\"><span style=\"vertical-align: inherit;\"><span dir=\"auto\" style=\"vertical-align: inherit;\"> NaClO4 <\/span><\/span><\/span><span style=\"vertical-align: inherit;\"><span style=\"vertical-align: inherit;\"><span dir=\"auto\" style=\"vertical-align: inherit;\">form\u00e1j\u00e1ban l\u00e9tezik <\/span><\/span><\/span><sub><span style=\"vertical-align: inherit;\"><span style=\"vertical-align: inherit;\"><span dir=\"auto\" style=\"vertical-align: inherit;\">. A perklor\u00e1t els\u0151dleges hat\u00e1sa <\/span><\/span><\/span><\/sub><\/span><sub><span style=\"vertical-align: inherit;\"><span style=\"vertical-align: inherit;\"><span dir=\"auto\" style=\"vertical-align: inherit;\"><span dir=\"auto\" style=\"vertical-align: inherit;\">a j\u00f3dfelv\u00e9tel<\/span><\/span><\/span><\/span><\/sub><span dir=\"auto\" style=\"vertical-align: inherit;\"><span style=\"vertical-align: inherit;\"><span style=\"vertical-align: inherit;\"><span dir=\"auto\" style=\"vertical-align: inherit;\"> g\u00e1tl\u00e1sa a pajzsmirigy \u00e1ltal, ami a pajzsmirigyhormonok cs\u00f6kkent elv\u00e1laszt\u00e1s\u00e1hoz vezet, \u00e9s befoly\u00e1solja a fizikai fejl\u0151d\u00e9st, k\u00fcl\u00f6n\u00f6sen az agy fejl\u0151d\u00e9s\u00e9t. A perklor\u00e1t t\u00falzott fogyaszt\u00e1sa pajzsmirigyhormon-hi\u00e1nyhoz vezet, ami g\u00e1tolja az anyagcser\u00e9t \u00e9s a n\u00f6veked\u00e9st, k\u00fcl\u00f6n\u00f6sen gyermekekn\u00e9l.<\/span><\/span><\/span><\/span><span style=\"vertical-align: inherit;\"><span style=\"vertical-align: inherit;\"><span dir=\"auto\" style=\"vertical-align: inherit;\"><span dir=\"auto\" style=\"vertical-align: inherit;\">Mivel a perklor\u00e1t nem p\u00e1rolog el, \u00e9s v\u00edzben j\u00f3l old\u00f3dik, a perklor\u00e1tot nem lehet hagyom\u00e1nyos m\u00f3dszerekkel, p\u00e9ld\u00e1ul sz\u0171r\u00e9ssel vagy kicsap\u00e1ssal elt\u00e1vol\u00edtani. A legjobb elt\u00e1vol\u00edt\u00e1si m\u00f3dszer az ioncsere.<\/span><\/span><\/span><\/span><\/p>\n<p align=\"left\"><strong><span style=\"vertical-align: inherit;\"><span style=\"vertical-align: inherit;\"><span dir=\"auto\" style=\"vertical-align: inherit;\"><span dir=\"auto\" style=\"vertical-align: inherit;\">A ZG D891<\/span><\/span><\/span><\/span><\/strong><span style=\"vertical-align: inherit;\"><span style=\"vertical-align: inherit;\"><span dir=\"auto\" style=\"vertical-align: inherit;\"><span dir=\"auto\" style=\"vertical-align: inherit;\"> egy aniongyanta, amely egy kvaterner amm\u00f3niumcsoportot [-N(CH3 <\/span><\/span><\/span><\/span><sub><span style=\"vertical-align: inherit;\"><span style=\"vertical-align: inherit;\"><span dir=\"auto\" style=\"vertical-align: inherit;\"><span dir=\"auto\" style=\"vertical-align: inherit;\">)<\/span><\/span><\/span><\/span><\/sub><span style=\"vertical-align: inherit;\"><span style=\"vertical-align: inherit;\"><span dir=\"auto\" style=\"vertical-align: inherit;\"><span dir=\"auto\" style=\"vertical-align: inherit;\"> 3OH <\/span><\/span><\/span><\/span><sub><span style=\"vertical-align: inherit;\"><span style=\"vertical-align: inherit;\"><span dir=\"auto\" style=\"vertical-align: inherit;\"><span dir=\"auto\" style=\"vertical-align: inherit;\">]<\/span><\/span><\/span><\/span><\/sub><span style=\"vertical-align: inherit;\"><span style=\"vertical-align: inherit;\"><span dir=\"auto\" style=\"vertical-align: inherit;\"><span dir=\"auto\" style=\"vertical-align: inherit;\"> tartalmaz egy makropor\u00f3zus szerkezet\u0171 sztirol-dietil\u00e9n-benzol kopolimerben. Kifejezetten perkl\u00f3rsav elt\u00e1vol\u00edt\u00e1s\u00e1ra, valamint v\u00edzell\u00e1t\u00f3 rendszerek \u00e9s iv\u00f3v\u00edz tiszt\u00edt\u00e1s\u00e1ra haszn\u00e1lj\u00e1k; a perklor\u00e1t ir\u00e1nti szelektivit\u00e1sa kiv\u00e1l\u00f3.<\/span><\/span><\/span><\/span><\/p>\n<p align=\"center\"><strong><span style=\"vertical-align: inherit;\"><span style=\"vertical-align: inherit;\"><span dir=\"auto\" style=\"vertical-align: inherit;\"><span dir=\"auto\" style=\"vertical-align: inherit;\">A Hydrolite ZG D891 fizikai \u00e9s k\u00e9miai tulajdons\u00e1gai:<\/span><\/span><\/span><\/span><\/strong><\/p>\n<table style=\"width: 516px;\" border=\"1\" width=\"516\" cellspacing=\"0\" cellpadding=\"0\" align=\"center\">\n<tbody>\n<tr>\n<td style=\"width: 300px; height: 25px;\">\n<p align=\"center\"><strong><span style=\"vertical-align: inherit;\"><span style=\"vertical-align: inherit;\"><span dir=\"auto\" style=\"vertical-align: inherit;\"><span dir=\"auto\" style=\"vertical-align: inherit;\">Param\u00e9ter neve<\/span><\/span><\/span><\/span><\/strong><\/p>\n<\/td>\n<td style=\"width: 216px; height: 25px;\">\n<p align=\"center\"><strong><span dir=\"auto\" style=\"vertical-align: inherit;\"><span dir=\"auto\" style=\"vertical-align: inherit;\">Param\u00e9ter<\/span><\/span><\/strong><\/p>\n<\/td>\n<\/tr>\n<tr>\n<td style=\"width: 300px; height: 24px;\"><span style=\"vertical-align: inherit;\"><span style=\"vertical-align: inherit;\"><span dir=\"auto\" style=\"vertical-align: inherit;\"><span dir=\"auto\" style=\"vertical-align: inherit;\">Ionos forma<\/span><\/span><\/span><\/span><\/td>\n<td style=\"width: 216px; height: 24px;\">\n<p align=\"center\"><span style=\"vertical-align: inherit;\"><span style=\"vertical-align: inherit;\"><span dir=\"auto\" style=\"vertical-align: inherit;\"><span dir=\"auto\" style=\"vertical-align: inherit;\">CL<\/span><\/span><\/span><\/span><\/p>\n<\/td>\n<\/tr>\n<tr>\n<td style=\"width: 300px; height: 14px;\"><span style=\"vertical-align: inherit;\"><span style=\"vertical-align: inherit;\"><span dir=\"auto\" style=\"vertical-align: inherit;\"><span dir=\"auto\" style=\"vertical-align: inherit;\">Nedvess\u00e9gtartalom %<\/span><\/span><\/span><\/span><\/td>\n<td style=\"width: 216px; height: 14px;\">\n<p align=\"center\"><span style=\"vertical-align: inherit;\"><span style=\"vertical-align: inherit;\"><span dir=\"auto\" style=\"vertical-align: inherit;\"><span dir=\"auto\" style=\"vertical-align: inherit;\">52,0~62,0<\/span><\/span><\/span><\/span><\/p>\n<\/td>\n<\/tr>\n<tr>\n<td style=\"width: 300px; height: 15px;\"><span style=\"vertical-align: inherit;\"><span style=\"vertical-align: inherit;\"><span dir=\"auto\" style=\"vertical-align: inherit;\"><span dir=\"auto\" style=\"vertical-align: inherit;\">S\u00falycsere-kapacit\u00e1s mmol\/g<\/span><\/span><\/span><\/span><\/td>\n<td style=\"width: 216px; height: 15px;\">\n<p align=\"center\"><span style=\"vertical-align: inherit;\"><span style=\"vertical-align: inherit;\"><span dir=\"auto\" style=\"vertical-align: inherit;\"><span dir=\"auto\" style=\"vertical-align: inherit;\">\u2265 3,00<\/span><\/span><\/span><\/span><\/p>\n<\/td>\n<\/tr>\n<tr>\n<td style=\"width: 300px; height: 15px;\"><span style=\"vertical-align: inherit;\"><span style=\"vertical-align: inherit;\"><span dir=\"auto\" style=\"vertical-align: inherit;\"><span dir=\"auto\" style=\"vertical-align: inherit;\">Perklor\u00e1t adszorpci\u00f3s kapacit\u00e1s g\/l<\/span><\/span><\/span><\/span><\/td>\n<td style=\"width: 216px; height: 15px;\">\n<p align=\"center\"><span style=\"vertical-align: inherit;\"><span style=\"vertical-align: inherit;\"><span dir=\"auto\" style=\"vertical-align: inherit;\"><span dir=\"auto\" style=\"vertical-align: inherit;\">\u226525,0<\/span><\/span><\/span><\/span><\/p>\n<\/td>\n<\/tr>\n<tr>\n<td style=\"width: 300px; height: 31px;\"><span style=\"vertical-align: inherit;\"><span style=\"vertical-align: inherit;\"><span dir=\"auto\" style=\"vertical-align: inherit;\"><span dir=\"auto\" style=\"vertical-align: inherit;\">R\u00e9szecskem\u00e9ret %<\/span><\/span><\/span><\/span><\/td>\n<td style=\"width: 216px; height: 31px;\">\n<p align=\"center\"><span style=\"vertical-align: inherit;\"><span style=\"vertical-align: inherit;\"><span dir=\"auto\" style=\"vertical-align: inherit;\"><span dir=\"auto\" style=\"vertical-align: inherit;\">(0,315~1,25 mm) \u226595,0<\/span><\/span><\/span><\/span><\/p>\n<\/td>\n<\/tr>\n<\/tbody>\n<\/table>\n<\/td>\n<\/tr>\n<\/tbody>\n<\/table>\n<div id=\"gtx-trans\" style=\"position: absolute; left: 202px; top: 46.0852px;\">\n<div class=\"gtx-trans-icon\"><\/div>\n<\/div>\n","protected":false},"excerpt":{"rendered":"<p>ZG D891 perklor\u00e1t elt\u00e1vol\u00edt\u00f3 gyanta A perklor\u00e1t egy perzisztens , m\u00e9rgez\u0151 vegyi anyag, amely NH4ClO4 , KClO4 \u00e9s NaClO4 form\u00e1j\u00e1ban l\u00e9tezik . A perklor\u00e1t els\u0151dleges hat\u00e1sa a j\u00f3dfelv\u00e9tel g\u00e1tl\u00e1sa a pajzsmirigy \u00e1ltal, ami a pajzsmirigyhormonok cs\u00f6kkent elv\u00e1laszt\u00e1s\u00e1hoz vezet, \u00e9s befoly\u00e1solja a fizikai fejl\u0151d\u00e9st, k\u00fcl\u00f6n\u00f6sen az agy fejl\u0151d\u00e9s\u00e9t. A perklor\u00e1t t\u00falzott fogyaszt\u00e1sa pajzsmirigyhormon-hi\u00e1nyhoz vezet, ami g\u00e1tolja&#8230;<\/p>\n","protected":false},"featured_media":1938,"comment_status":"closed","ping_status":"closed","template":"","meta":[],"product_cat":[638,508],"product_tag":[],"class_list":["post-4651","product","type-product","status-publish","has-post-thumbnail","hentry","product_cat-ivoviz-es-elelmiszeripar","product_cat-termekek"],"_links":{"self":[{"href":"https:\/\/hydrolite.eu\/hu\/wp-json\/wp\/v2\/product\/4651","targetHints":{"allow":["GET"]}}],"collection":[{"href":"https:\/\/hydrolite.eu\/hu\/wp-json\/wp\/v2\/product"}],"about":[{"href":"https:\/\/hydrolite.eu\/hu\/wp-json\/wp\/v2\/types\/product"}],"replies":[{"embeddable":true,"href":"https:\/\/hydrolite.eu\/hu\/wp-json\/wp\/v2\/comments?post=4651"}],"wp:featuredmedia":[{"embeddable":true,"href":"https:\/\/hydrolite.eu\/hu\/wp-json\/wp\/v2\/media\/1938"}],"wp:attachment":[{"href":"https:\/\/hydrolite.eu\/hu\/wp-json\/wp\/v2\/media?parent=4651"}],"wp:term":[{"taxonomy":"product_cat","embeddable":true,"href":"https:\/\/hydrolite.eu\/hu\/wp-json\/wp\/v2\/product_cat?post=4651"},{"taxonomy":"product_tag","embeddable":true,"href":"https:\/\/hydrolite.eu\/hu\/wp-json\/wp\/v2\/product_tag?post=4651"}],"curies":[{"name":"wp","href":"https:\/\/api.w.org\/{rel}","templated":true}]}}