{"id":4650,"date":"2025-09-21T13:38:51","date_gmt":"2025-10-27T15:10:01","guid":{"rendered":"https:\/\/hydrolite.eu\/?post_type=product&#038;p=4650"},"modified":"2025-10-27T18:10:02","modified_gmt":"2025-10-27T15:10:02","slug":"zgc-858-vas-eltavolito-gyanta","status":"publish","type":"product","link":"https:\/\/hydrolite.eu\/hu\/product\/zgc-858-vas-eltavolito-gyanta\/","title":{"rendered":"ZGC 858 vas elt\u00e1vol\u00edt\u00f3 gyanta"},"content":{"rendered":"<table border=\"0\" width=\"100%\" cellspacing=\"1\" cellpadding=\"0\" align=\"center\" bgcolor=\"dee8f3\">\n<tbody>\n<tr>\n<td align=\"left\" bgcolor=\"054696\" width=\"70%\" height=\"50\">\n<div class=\"zzzzz1\" align=\"center\"><span style=\"vertical-align: inherit;\"><span style=\"vertical-align: inherit;\"><span dir=\"auto\" style=\"vertical-align: inherit;\"><span dir=\"auto\" style=\"vertical-align: inherit;\">ZGC 858 vas elt\u00e1vol\u00edt\u00f3 gyanta<\/span><\/span><\/span><\/span><\/div>\n<\/td>\n<\/tr>\n<tr>\n<td style=\"padding: 20px;\" align=\"left\" bgcolor=\"#FFFFFF\"><strong><span style=\"vertical-align: inherit;\"><span style=\"vertical-align: inherit;\"><span dir=\"auto\" style=\"vertical-align: inherit;\"><span dir=\"auto\" style=\"vertical-align: inherit;\">A Hydrolite <\/span><\/span><\/span><\/span><\/strong><strong><span style=\"vertical-align: inherit;\"><span style=\"vertical-align: inherit;\"><span dir=\"auto\" style=\"vertical-align: inherit;\"><span dir=\"auto\" style=\"vertical-align: inherit;\">ZGC 858<\/span><\/span><\/span><\/span><\/strong><span style=\"vertical-align: inherit;\"><span style=\"vertical-align: inherit;\"><span dir=\"auto\" style=\"vertical-align: inherit;\"><span dir=\"auto\" style=\"vertical-align: inherit;\"> egy er\u0151sen savas kationos gyanta, amely sztirol-DVB-vel t\u00e9rh\u00e1l\u00f3s\u00edtott, inert maggal \u00e9s sek\u00e9ly szulfon\u00e1ci\u00f3t mutat\u00f3 fel\u00fcleti szerkezettel. Rendk\u00edv\u00fcl hat\u00e9kony gyanta a vas elt\u00e1vol\u00edt\u00e1s\u00e1ra \u00e9s a v\u00edzl\u00e1gy\u00edt\u00e1sra. A funkci\u00f3s csoportok k\u00f6z\u00f6tti kis t\u00e1vols\u00e1goknak k\u00f6sz\u00f6nhet\u0151en a funkci\u00f3s csoportok 90%-a a gyantagy\u00f6ngy\u00f6k fel\u00fclet\u00e9n oszlik el, ami magas kicser\u00e9l\u0151d\u00e9si ar\u00e1nyt tesz lehet\u0151v\u00e9. Minden kicser\u00e9l\u0151d\u00e9si reakci\u00f3 a gyantagy\u00f6ngy\u00f6k fel\u00fclet\u00e9n megy v\u00e9gbe, an\u00e9lk\u00fcl, hogy a gyant\u00e1ba kellene behatolni. Ez megakad\u00e1lyozza az ionsziv\u00e1rg\u00e1st \u00e9s biztos\u00edtja a gyanta teljes regener\u00e1l\u00f3d\u00e1s\u00e1t.<\/span><\/span><\/span><\/span><span style=\"vertical-align: inherit;\"><span style=\"vertical-align: inherit;\"><span dir=\"auto\" style=\"vertical-align: inherit;\"><span dir=\"auto\" style=\"vertical-align: inherit;\">K\u00fcl\u00f6nleges szerkezet\u00e9nek \u00e9s egyedi fizikai \u00e9s k\u00e9miai tulajdons\u00e1gainak k\u00f6sz\u00f6nhet\u0151en <\/span><\/span><\/span><\/span><strong><span style=\"vertical-align: inherit;\"><span style=\"vertical-align: inherit;\"><span dir=\"auto\" style=\"vertical-align: inherit;\"><span dir=\"auto\" style=\"vertical-align: inherit;\">a ZGC 858<\/span><\/span><\/span><\/span><\/strong><span style=\"vertical-align: inherit;\"><span style=\"vertical-align: inherit;\"><span dir=\"auto\" style=\"vertical-align: inherit;\"><span dir=\"auto\" style=\"vertical-align: inherit;\"> a legjobb term\u00e9k a vas, a kalcium \u00e9s a magn\u00e9zium elt\u00e1vol\u00edt\u00e1s\u00e1ra az iv\u00f3v\u00edzb\u0151l.<\/span><\/span><\/span><\/span><\/p>\n<p align=\"center\"><strong><span style=\"vertical-align: inherit;\"><span style=\"vertical-align: inherit;\"><span dir=\"auto\" style=\"vertical-align: inherit;\"><span dir=\"auto\" style=\"vertical-align: inherit;\">A Hydrolite ZGC 858 fizikai \u00e9s k\u00e9miai tulajdons\u00e1gai<\/span><\/span><\/span><\/span><\/strong><\/p>\n<table style=\"width: 561px;\" border=\"1\" width=\"561\" cellspacing=\"0\" cellpadding=\"0\" align=\"center\">\n<tbody>\n<tr>\n<td style=\"width: 312px; height: 25px;\">\n<p align=\"center\"><strong><span style=\"vertical-align: inherit;\"><span style=\"vertical-align: inherit;\"><span dir=\"auto\" style=\"vertical-align: inherit;\"><span dir=\"auto\" style=\"vertical-align: inherit;\">Param\u00e9ter neve<\/span><\/span><\/span><\/span><\/strong><\/p>\n<\/td>\n<td style=\"width: 249px; height: 25px;\">\n<p align=\"center\"><strong><span dir=\"auto\" style=\"vertical-align: inherit;\"><span dir=\"auto\" style=\"vertical-align: inherit;\">Param\u00e9ter<\/span><\/span><\/strong><\/p>\n<\/td>\n<\/tr>\n<tr>\n<td style=\"width: 312px; height: 14px;\"><span style=\"vertical-align: inherit;\"><span style=\"vertical-align: inherit;\"><span dir=\"auto\" style=\"vertical-align: inherit;\"><span dir=\"auto\" style=\"vertical-align: inherit;\">Megjelen\u00e9s<\/span><\/span><\/span><\/span><\/td>\n<td style=\"width: 249px; height: 14px;\">\n<p align=\"center\"><span style=\"vertical-align: inherit;\"><span style=\"vertical-align: inherit;\"><span dir=\"auto\" style=\"vertical-align: inherit;\"><span dir=\"auto\" style=\"vertical-align: inherit;\">Barna vagy fekete goly\u00f3k<\/span><\/span><\/span><\/span><\/p>\n<\/td>\n<\/tr>\n<tr>\n<td style=\"width: 312px; height: 14px;\"><span style=\"vertical-align: inherit;\"><span style=\"vertical-align: inherit;\"><span dir=\"auto\" style=\"vertical-align: inherit;\"><span dir=\"auto\" style=\"vertical-align: inherit;\">Ionos forma<\/span><\/span><\/span><\/span><\/td>\n<td style=\"width: 249px; height: 14px;\">\n<p align=\"center\"><span style=\"vertical-align: inherit;\"><span style=\"vertical-align: inherit;\"><span dir=\"auto\" style=\"vertical-align: inherit;\"><span dir=\"auto\" style=\"vertical-align: inherit;\">Mi<\/span><\/span><\/span><\/span><\/p>\n<\/td>\n<\/tr>\n<tr>\n<td style=\"width: 312px; height: 14px;\"><span style=\"vertical-align: inherit;\"><span style=\"vertical-align: inherit;\"><span dir=\"auto\" style=\"vertical-align: inherit;\"><span dir=\"auto\" style=\"vertical-align: inherit;\">Nedvess\u00e9gtartalom %<\/span><\/span><\/span><\/span><\/td>\n<td style=\"width: 249px; height: 14px;\">\n<p align=\"center\"><span style=\"vertical-align: inherit;\"><span style=\"vertical-align: inherit;\"><span dir=\"auto\" style=\"vertical-align: inherit;\"><span dir=\"auto\" style=\"vertical-align: inherit;\">48,0~56,0<\/span><\/span><\/span><\/span><\/p>\n<\/td>\n<\/tr>\n<tr>\n<td style=\"width: 312px; height: 14px;\"><span style=\"vertical-align: inherit;\"><span style=\"vertical-align: inherit;\"><span dir=\"auto\" style=\"vertical-align: inherit;\"><span dir=\"auto\" style=\"vertical-align: inherit;\">S\u00falycsere-kapacit\u00e1s mmol\/g<\/span><\/span><\/span><\/span><\/td>\n<td style=\"width: 249px; height: 14px;\">\n<p align=\"center\"><span style=\"vertical-align: inherit;\"><span style=\"vertical-align: inherit;\"><span dir=\"auto\" style=\"vertical-align: inherit;\"><span dir=\"auto\" style=\"vertical-align: inherit;\">\u22653,10<\/span><\/span><\/span><\/span><\/p>\n<\/td>\n<\/tr>\n<tr>\n<td style=\"width: 312px; height: 14px;\"><span style=\"vertical-align: inherit;\"><span style=\"vertical-align: inherit;\"><span dir=\"auto\" style=\"vertical-align: inherit;\"><span dir=\"auto\" style=\"vertical-align: inherit;\">Vas adszorpci\u00f3s kapacit\u00e1s g\/l<\/span><\/span><\/span><\/span><\/td>\n<td style=\"width: 249px; height: 14px;\">\n<p align=\"center\"><span style=\"vertical-align: inherit;\"><span style=\"vertical-align: inherit;\"><span dir=\"auto\" style=\"vertical-align: inherit;\"><span dir=\"auto\" style=\"vertical-align: inherit;\">\u2265 14,5<\/span><\/span><\/span><\/span><\/p>\n<\/td>\n<\/tr>\n<\/tbody>\n<\/table>\n<\/td>\n<\/tr>\n<\/tbody>\n<\/table>\n<div id=\"gtx-trans\" style=\"position: absolute; left: 82px; top: 46.0852px;\">\n<div class=\"gtx-trans-icon\"><\/div>\n<\/div>\n","protected":false},"excerpt":{"rendered":"<p>ZGC 858 vas elt\u00e1vol\u00edt\u00f3 gyanta A Hydrolite ZGC 858 egy er\u0151sen savas kationos gyanta, amely sztirol-DVB-vel t\u00e9rh\u00e1l\u00f3s\u00edtott, inert maggal \u00e9s sek\u00e9ly szulfon\u00e1ci\u00f3t mutat\u00f3 fel\u00fcleti szerkezettel. Rendk\u00edv\u00fcl hat\u00e9kony gyanta a vas elt\u00e1vol\u00edt\u00e1s\u00e1ra \u00e9s a v\u00edzl\u00e1gy\u00edt\u00e1sra. A funkci\u00f3s csoportok k\u00f6z\u00f6tti kis t\u00e1vols\u00e1goknak k\u00f6sz\u00f6nhet\u0151en a funkci\u00f3s csoportok 90%-a a gyantagy\u00f6ngy\u00f6k fel\u00fclet\u00e9n oszlik el, ami magas kicser\u00e9l\u0151d\u00e9si ar\u00e1nyt tesz&#8230;<\/p>\n","protected":false},"featured_media":1938,"comment_status":"closed","ping_status":"closed","template":"","meta":[],"product_cat":[638,508],"product_tag":[],"class_list":["post-4650","product","type-product","status-publish","has-post-thumbnail","hentry","product_cat-ivoviz-es-elelmiszeripar","product_cat-termekek"],"_links":{"self":[{"href":"https:\/\/hydrolite.eu\/hu\/wp-json\/wp\/v2\/product\/4650","targetHints":{"allow":["GET"]}}],"collection":[{"href":"https:\/\/hydrolite.eu\/hu\/wp-json\/wp\/v2\/product"}],"about":[{"href":"https:\/\/hydrolite.eu\/hu\/wp-json\/wp\/v2\/types\/product"}],"replies":[{"embeddable":true,"href":"https:\/\/hydrolite.eu\/hu\/wp-json\/wp\/v2\/comments?post=4650"}],"wp:featuredmedia":[{"embeddable":true,"href":"https:\/\/hydrolite.eu\/hu\/wp-json\/wp\/v2\/media\/1938"}],"wp:attachment":[{"href":"https:\/\/hydrolite.eu\/hu\/wp-json\/wp\/v2\/media?parent=4650"}],"wp:term":[{"taxonomy":"product_cat","embeddable":true,"href":"https:\/\/hydrolite.eu\/hu\/wp-json\/wp\/v2\/product_cat?post=4650"},{"taxonomy":"product_tag","embeddable":true,"href":"https:\/\/hydrolite.eu\/hu\/wp-json\/wp\/v2\/product_tag?post=4650"}],"curies":[{"name":"wp","href":"https:\/\/api.w.org\/{rel}","templated":true}]}}