{"id":4200,"date":"2022-05-19T22:29:52","date_gmt":"2025-10-23T18:20:20","guid":{"rendered":"https:\/\/hydrolite.eu\/?post_type=product&#038;p=4200"},"modified":"2025-10-23T21:20:20","modified_gmt":"2025-10-23T18:20:20","slug":"zga-352-sorozatu-erosen-bazikus-ii-tipusu-sztirolbol-keszult-anioncserelo-gyanta","status":"publish","type":"product","link":"https:\/\/hydrolite.eu\/hu\/product\/zga-352-sorozatu-erosen-bazikus-ii-tipusu-sztirolbol-keszult-anioncserelo-gyanta\/","title":{"rendered":"ZGA 352 sorozat\u00fa, er\u0151sen b\u00e1zikus, II. t\u00edpus\u00fa sztirolb\u00f3l k\u00e9sz\u00fclt anioncser\u00e9l\u0151 gyanta"},"content":{"rendered":"<h2 align=\"center\"><strong class=\"proname\"><span style=\"vertical-align: inherit;\"><span style=\"vertical-align: inherit;\"><span dir=\"auto\" style=\"vertical-align: inherit;\"><span dir=\"auto\" style=\"vertical-align: inherit;\">ZGA 352 sorozat\u00fa, er\u0151sen b\u00e1zikus, II. t\u00edpus\u00fa sztirolb\u00f3l k\u00e9sz\u00fclt anioncser\u00e9l\u0151 gyanta<\/span><\/span><\/span><\/span><\/strong><\/h2>\n<p>&nbsp;<\/p>\n<div class=\"xxx\">\n<p><strong><span style=\"vertical-align: inherit;\"><span style=\"vertical-align: inherit;\"><span dir=\"auto\" style=\"vertical-align: inherit;\"><span dir=\"auto\" style=\"vertical-align: inherit;\">1. Le\u00edr\u00e1s<\/span><\/span><\/span><\/span><\/strong><\/p>\n<p align=\"justify\"><span dir=\"auto\" style=\"vertical-align: inherit;\"><sub><span style=\"vertical-align: inherit;\"><span class=\"\" style=\"vertical-align: inherit;\"><span dir=\"auto\" style=\"vertical-align: inherit;\">A \u201eHydrolite\u201d ZGA 352 egy kvaterner amm\u00f3niumcsoportot [N-(CH3)2C2H4OH<\/span><\/span><\/span><\/sub><span style=\"vertical-align: inherit;\"><span class=\"\" style=\"vertical-align: inherit;\"><span dir=\"auto\" style=\"vertical-align: inherit;\"> ] tartalmaz\u00f3 anioncser\u00e9l\u0151 gyanta <\/span><\/span><\/span><span style=\"vertical-align: inherit;\"><span class=\"\" style=\"vertical-align: inherit;\"><span dir=\"auto\" style=\"vertical-align: inherit;\">, makropor\u00f3zus szerkezet\u0171 sztirol-dietil\u00e9n-benzol kopolimerben. <\/span><\/span><\/span><\/span><sub><span style=\"vertical-align: inherit;\"><span class=\"\" style=\"vertical-align: inherit;\"><span dir=\"auto\" style=\"vertical-align: inherit;\"><span dir=\"auto\" style=\"vertical-align: inherit;\">F\u0151k\u00e9nt <\/span><\/span><\/span><\/span><\/sub><span dir=\"auto\" style=\"vertical-align: inherit;\"><sub><span style=\"vertical-align: inherit;\"><span class=\"\" style=\"vertical-align: inherit;\"><span dir=\"auto\" style=\"vertical-align: inherit;\">tiszta<\/span><\/span><\/span><\/sub><\/span><span style=\"vertical-align: inherit;\"><span class=\"\" style=\"vertical-align: inherit;\"><span dir=\"auto\" style=\"vertical-align: inherit;\"><span dir=\"auto\" style=\"vertical-align: inherit;\"> v\u00edz <\/span><\/span><\/span><\/span><span dir=\"auto\" style=\"vertical-align: inherit;\"><span style=\"vertical-align: inherit;\"><span class=\"\" style=\"vertical-align: inherit;\"><span dir=\"auto\" style=\"vertical-align: inherit;\">el\u0151\u00e1ll\u00edt\u00e1s\u00e1ra <\/span><\/span><\/span><span style=\"vertical-align: inherit;\"><span class=\"\" style=\"vertical-align: inherit;\"><span dir=\"auto\" style=\"vertical-align: inherit;\">haszn\u00e1lj\u00e1k <\/span><\/span><\/span><sub><span style=\"vertical-align: inherit;\"><span class=\"\" style=\"vertical-align: inherit;\"><span dir=\"auto\" style=\"vertical-align: inherit;\">,<\/span><\/span><\/span><\/sub><span style=\"vertical-align: inherit;\"><span class=\"\" style=\"vertical-align: inherit;\"><span dir=\"auto\" style=\"vertical-align: inherit;\"> olyan tulajdons\u00e1gokkal, mint a magas regener\u00e1ci\u00f3s hat\u00e9konys\u00e1g \u00e9s a nagy ioncser\u00e9l\u0151 kapacit\u00e1s stb., \u00e9s k\u00fcl\u00f6n\u00f6sen alkalmas magas s\u00f3tartalm\u00fa v\u00edzk\u00e9szletekhez.<\/span><\/span><\/span><\/span><\/p>\n<p><strong><span style=\"vertical-align: inherit;\"><span style=\"vertical-align: inherit;\"><span dir=\"auto\" style=\"vertical-align: inherit;\"><span dir=\"auto\" style=\"vertical-align: inherit;\">2. Teljes\u00edtm\u00e9nyszabv\u00e1nyok:<\/span><\/span><\/span><\/span><\/strong><span style=\"vertical-align: inherit;\"><span style=\"vertical-align: inherit;\"><span dir=\"auto\" style=\"vertical-align: inherit;\"><span dir=\"auto\" style=\"vertical-align: inherit;\"> \u00a0HG\/T2754-1996 DL\/T519-2004 SH2605.08-2003<\/span><\/span><\/span><\/span><\/p>\n<p><strong><span style=\"vertical-align: inherit;\"><span class=\"\" style=\"vertical-align: inherit;\"><span dir=\"auto\" style=\"vertical-align: inherit;\"><span dir=\"auto\" style=\"vertical-align: inherit;\">3. Tipikus fizikai \u00e9s k\u00e9miai tulajdons\u00e1gok:<\/span><\/span><\/span><\/span><\/strong><\/p>\n<table class=\"big\" style=\"line-height: 25px; font-family: \u00cb\u00ce\u00cc\u00e5; color: #000000; width: 90%; height: 792px;\" width=\"90%\" cellspacing=\"1\" cellpadding=\"0\" align=\"center\" bgcolor=\"#666666\">\n<tbody>\n<tr style=\"height: 53px;\" bgcolor=\"#fffaee\">\n<td style=\"height: 53px;\">\n<p align=\"center\"><span style=\"vertical-align: inherit;\"><span style=\"vertical-align: inherit;\"><span dir=\"auto\" style=\"vertical-align: inherit;\"><span dir=\"auto\" style=\"vertical-align: inherit;\">PARAM\u00c9TEREK<\/span><\/span><\/span><\/span><\/p>\n<\/td>\n<td style=\"height: 53px;\">\n<p align=\"center\"><span style=\"vertical-align: inherit;\"><span style=\"vertical-align: inherit;\"><span dir=\"auto\" style=\"vertical-align: inherit;\"><span dir=\"auto\" style=\"vertical-align: inherit;\">ADAT<\/span><\/span><\/span><\/span><\/p>\n<\/td>\n<\/tr>\n<tr style=\"height: 78px;\" bgcolor=\"#ffffff\">\n<td style=\"height: 78px;\">\n<p align=\"center\"><span style=\"vertical-align: inherit;\"><span style=\"vertical-align: inherit;\"><span dir=\"auto\" style=\"vertical-align: inherit;\"><span dir=\"auto\" style=\"vertical-align: inherit;\">Megjelen\u00e9s<\/span><\/span><\/span><\/span><\/p>\n<\/td>\n<td style=\"height: 78px;\">\n<p align=\"center\"><span style=\"vertical-align: inherit;\"><span style=\"vertical-align: inherit;\"><span dir=\"auto\" style=\"vertical-align: inherit;\"><span dir=\"auto\" style=\"vertical-align: inherit;\">\u00c1tl\u00e1tszatlan, g\u00f6mb alak\u00fa szemcse, tejszer\u0171t\u0151l lens\u00e1rga sz\u00edn\u0171ig<\/span><\/span><\/span><\/span><\/p>\n<\/td>\n<\/tr>\n<tr style=\"height: 53px;\" bgcolor=\"#ffffff\">\n<td style=\"height: 53px;\">\n<p align=\"center\"><span style=\"vertical-align: inherit;\"><span style=\"vertical-align: inherit;\"><span dir=\"auto\" style=\"vertical-align: inherit;\"><span dir=\"auto\" style=\"vertical-align: inherit;\">Ionos forma<\/span><\/span><\/span><\/span><\/p>\n<\/td>\n<td style=\"height: 53px;\">\n<p align=\"center\"><span style=\"vertical-align: inherit;\"><span style=\"vertical-align: inherit;\"><span dir=\"auto\" style=\"vertical-align: inherit;\"><span dir=\"auto\" style=\"vertical-align: inherit;\">Cl<\/span><\/span><\/span><\/span><\/p>\n<\/td>\n<\/tr>\n<tr style=\"height: 53px;\" bgcolor=\"#ffffff\">\n<td style=\"height: 53px;\">\n<p align=\"center\"><span style=\"vertical-align: inherit;\"><span style=\"vertical-align: inherit;\"><span dir=\"auto\" style=\"vertical-align: inherit;\"><span dir=\"auto\" style=\"vertical-align: inherit;\">Nedvess\u00e9gtartalom %<\/span><\/span><\/span><\/span><\/p>\n<\/td>\n<td style=\"height: 53px;\">\n<p align=\"center\"><span dir=\"auto\" style=\"vertical-align: inherit;\"><span dir=\"auto\" style=\"vertical-align: inherit;\">47.00-57.00<\/span><\/span><\/p>\n<\/td>\n<\/tr>\n<tr style=\"height: 53px;\" bgcolor=\"#ffffff\">\n<td style=\"height: 53px;\">\n<p align=\"center\"><span style=\"vertical-align: inherit;\"><span style=\"vertical-align: inherit;\"><span dir=\"auto\" style=\"vertical-align: inherit;\"><span dir=\"auto\" style=\"vertical-align: inherit;\">Maxim\u00e1lis regener\u00e1ci\u00f3s kapacit\u00e1s mmol\/g<\/span><\/span><\/span><\/span><\/p>\n<\/td>\n<td style=\"height: 53px;\">\n<p align=\"center\"><span dir=\"auto\" style=\"vertical-align: inherit;\"><span dir=\"auto\" style=\"vertical-align: inherit;\">\u22653,70<\/span><\/span><\/p>\n<\/td>\n<\/tr>\n<tr style=\"height: 78px;\" bgcolor=\"#ffffff\">\n<td style=\"height: 78px;\">\n<p align=\"center\"><span style=\"vertical-align: inherit;\"><span style=\"vertical-align: inherit;\"><span dir=\"auto\" style=\"vertical-align: inherit;\"><span dir=\"auto\" style=\"vertical-align: inherit;\">Er\u0151s funkci\u00f3s csoport csoportcsere-kapacit\u00e1sa mmol\/g<\/span><\/span><\/span><\/span><\/p>\n<\/td>\n<td style=\"height: 78px;\">\n<p align=\"center\"><span dir=\"auto\" style=\"vertical-align: inherit;\"><span dir=\"auto\" style=\"vertical-align: inherit;\">\u22653,40<\/span><\/span><\/p>\n<\/td>\n<\/tr>\n<tr style=\"height: 53px;\" bgcolor=\"#ffffff\">\n<td style=\"height: 53px;\">\n<p align=\"center\"><span style=\"vertical-align: inherit;\"><span style=\"vertical-align: inherit;\"><span dir=\"auto\" style=\"vertical-align: inherit;\"><span dir=\"auto\" style=\"vertical-align: inherit;\">Teljes kicser\u00e9l\u0151d\u00e9si kapacit\u00e1s mmol\/ml<\/span><\/span><\/span><\/span><\/p>\n<\/td>\n<td style=\"height: 53px;\">\n<p align=\"center\"><span dir=\"auto\" style=\"vertical-align: inherit;\"><span dir=\"auto\" style=\"vertical-align: inherit;\">\u22651,20<\/span><\/span><\/p>\n<\/td>\n<\/tr>\n<tr style=\"height: 53px;\" bgcolor=\"#ffffff\">\n<td style=\"height: 53px;\">\n<p align=\"center\"><span style=\"vertical-align: inherit;\"><span style=\"vertical-align: inherit;\"><span dir=\"auto\" style=\"vertical-align: inherit;\"><span dir=\"auto\" style=\"vertical-align: inherit;\">Csomagol\u00e1sban l\u00e9v\u0151 t\u00f6meg g\/ml<\/span><\/span><\/span><\/span><\/p>\n<\/td>\n<td style=\"height: 53px;\">\n<p align=\"center\"><span dir=\"auto\" style=\"vertical-align: inherit;\"><span dir=\"auto\" style=\"vertical-align: inherit;\">0,68-0,74<\/span><\/span><\/p>\n<\/td>\n<\/tr>\n<tr style=\"height: 53px;\" bgcolor=\"#ffffff\">\n<td style=\"height: 53px;\">\n<p align=\"center\"><span style=\"vertical-align: inherit;\"><span style=\"vertical-align: inherit;\"><span dir=\"auto\" style=\"vertical-align: inherit;\"><span dir=\"auto\" style=\"vertical-align: inherit;\">Val\u00f3di s\u0171r\u0171s\u00e9g g\/ml<\/span><\/span><\/span><\/span><\/p>\n<\/td>\n<td style=\"height: 53px;\">\n<p align=\"center\"><span dir=\"auto\" style=\"vertical-align: inherit;\"><span dir=\"auto\" style=\"vertical-align: inherit;\">1,070-1,120<\/span><\/span><\/p>\n<\/td>\n<\/tr>\n<tr style=\"height: 53px;\" bgcolor=\"#ffffff\">\n<td style=\"height: 53px;\">\n<p align=\"center\"><span style=\"vertical-align: inherit;\"><span style=\"vertical-align: inherit;\"><span dir=\"auto\" style=\"vertical-align: inherit;\"><span dir=\"auto\" style=\"vertical-align: inherit;\">R\u00e9szecskem\u00e9ret-tartom\u00e1ny %<\/span><\/span><\/span><\/span><\/p>\n<\/td>\n<td style=\"height: 53px;\">\n<p align=\"center\"><span style=\"vertical-align: inherit;\"><span style=\"vertical-align: inherit;\"><span dir=\"auto\" style=\"vertical-align: inherit;\"><span dir=\"auto\" style=\"vertical-align: inherit;\">(0,315\u20131,25 mm) \u226595<\/span><\/span><\/span><\/span><\/p>\n<\/td>\n<\/tr>\n<tr style=\"height: 53px;\" bgcolor=\"#ffffff\">\n<td style=\"height: 53px;\">\n<p align=\"center\"><span style=\"vertical-align: inherit;\"><span style=\"vertical-align: inherit;\"><span dir=\"auto\" style=\"vertical-align: inherit;\"><span dir=\"auto\" style=\"vertical-align: inherit;\">Als\u00f3 hat\u00e1r\u00e9rt\u00e9k m\u00e9rete (%)<\/span><\/span><\/span><\/span><\/p>\n<\/td>\n<td style=\"height: 53px;\">\n<p align=\"center\"><span style=\"vertical-align: inherit;\"><span style=\"vertical-align: inherit;\"><span dir=\"auto\" style=\"vertical-align: inherit;\"><span dir=\"auto\" style=\"vertical-align: inherit;\">(&lt;0,315 mm)\u22641<\/span><\/span><\/span><\/span><\/p>\n<\/td>\n<\/tr>\n<tr style=\"height: 53px;\" bgcolor=\"#ffffff\">\n<td style=\"height: 53px;\">\n<p align=\"center\"><span style=\"vertical-align: inherit;\"><span style=\"vertical-align: inherit;\"><span dir=\"auto\" style=\"vertical-align: inherit;\"><span dir=\"auto\" style=\"vertical-align: inherit;\">Effekt\u00edv m\u00e9ret mm<\/span><\/span><\/span><\/span><\/p>\n<\/td>\n<td style=\"height: 53px;\">\n<p align=\"center\"><span dir=\"auto\" style=\"vertical-align: inherit;\"><span dir=\"auto\" style=\"vertical-align: inherit;\">0,400\u20130,700<\/span><\/span><\/p>\n<\/td>\n<\/tr>\n<tr style=\"height: 53px;\" bgcolor=\"#ffffff\">\n<td style=\"height: 53px;\">\n<p align=\"center\"><span style=\"vertical-align: inherit;\"><span style=\"vertical-align: inherit;\"><span dir=\"auto\" style=\"vertical-align: inherit;\"><span dir=\"auto\" style=\"vertical-align: inherit;\">Homogenit\u00e1si egy\u00fctthat\u00f3<\/span><\/span><\/span><\/span><\/p>\n<\/td>\n<td style=\"height: 53px;\">\n<p align=\"center\"><span dir=\"auto\" style=\"vertical-align: inherit;\"><span dir=\"auto\" style=\"vertical-align: inherit;\">\u22641,60<\/span><\/span><\/p>\n<\/td>\n<\/tr>\n<tr style=\"height: 53px;\" bgcolor=\"#ffffff\">\n<td style=\"height: 53px;\">\n<p align=\"center\"><span style=\"vertical-align: inherit;\"><span style=\"vertical-align: inherit;\"><span dir=\"auto\" style=\"vertical-align: inherit;\"><span dir=\"auto\" style=\"vertical-align: inherit;\">G\u00f6mbszer\u0171s\u00e9g ozm\u00f3zis-kop\u00e1s ut\u00e1n %<\/span><\/span><\/span><\/span><\/p>\n<\/td>\n<td style=\"height: 53px;\">\n<p align=\"center\"><span dir=\"auto\" style=\"vertical-align: inherit;\"><span dir=\"auto\" style=\"vertical-align: inherit;\">\u226590,00<\/span><\/span><\/p>\n<\/td>\n<\/tr>\n<\/tbody>\n<\/table>\n<p><strong><span style=\"vertical-align: inherit;\"><span style=\"vertical-align: inherit;\"><span dir=\"auto\" style=\"vertical-align: inherit;\"><span dir=\"auto\" style=\"vertical-align: inherit;\">4. Referenciaindexek haszn\u00e1latuk eset\u00e9n<\/span><\/span><\/span><\/span><\/strong><\/p>\n<table class=\"big\" style=\"line-height: 25px; font-family: \u00cb\u00ce\u00cc\u00e5; color: #000000;\" width=\"90%\" cellspacing=\"1\" cellpadding=\"0\" align=\"center\" bgcolor=\"#666666\">\n<tbody>\n<tr bgcolor=\"#fffaee\">\n<td>\n<p align=\"center\"><span style=\"vertical-align: inherit;\"><span dir=\"auto\" style=\"vertical-align: inherit;\"><span dir=\"auto\" style=\"vertical-align: inherit;\">PARAM\u00c9TEREK<\/span><\/span><\/span><\/p>\n<\/td>\n<td>\n<p align=\"center\"><span style=\"vertical-align: inherit;\"><span style=\"vertical-align: inherit;\"><span dir=\"auto\" style=\"vertical-align: inherit;\"><span dir=\"auto\" style=\"vertical-align: inherit;\">Kezdeti \u00e9rt\u00e9k<\/span><\/span><\/span><\/span><\/p>\n<\/td>\n<\/tr>\n<tr bgcolor=\"#ffffff\">\n<td>\n<p align=\"center\"><span style=\"vertical-align: inherit;\"><span style=\"vertical-align: inherit;\"><span dir=\"auto\" style=\"vertical-align: inherit;\"><span dir=\"auto\" style=\"vertical-align: inherit;\">pH-tartom\u00e1ny<\/span><\/span><\/span><\/span><\/p>\n<\/td>\n<td>\n<p align=\"center\"><span dir=\"auto\" style=\"vertical-align: inherit;\"><span dir=\"auto\" style=\"vertical-align: inherit;\">1-14<\/span><\/span><\/p>\n<\/td>\n<\/tr>\n<tr bgcolor=\"#ffffff\">\n<td>\n<p align=\"center\"><span style=\"vertical-align: inherit;\"><span style=\"vertical-align: inherit;\"><span dir=\"auto\" style=\"vertical-align: inherit;\"><span dir=\"auto\" style=\"vertical-align: inherit;\">Max. <\/span><\/span><\/span><span style=\"vertical-align: inherit;\"><span dir=\"auto\" style=\"vertical-align: inherit;\"><span dir=\"auto\" style=\"vertical-align: inherit;\">\u00fczemi h\u0151m\u00e9rs\u00e9klet kl\u00f3r form\u00e1j\u00e1ban \u00b0C<\/span><\/span><\/span><\/span><\/p>\n<\/td>\n<td>\n<p align=\"center\"><span dir=\"auto\" style=\"vertical-align: inherit;\"><span dir=\"auto\" style=\"vertical-align: inherit;\">60<\/span><\/span><\/p>\n<\/td>\n<\/tr>\n<tr bgcolor=\"#ffffff\">\n<td>\n<p align=\"center\"><span style=\"vertical-align: inherit;\"><span style=\"vertical-align: inherit;\"><span dir=\"auto\" style=\"vertical-align: inherit;\"><span dir=\"auto\" style=\"vertical-align: inherit;\">Duzzad\u00e1s teljes \u00e1talakul\u00e1skor (Cl\u207b <\/span><\/span><\/span><\/span><sup><span style=\"vertical-align: inherit;\"><span style=\"vertical-align: inherit;\"><span dir=\"auto\" style=\"vertical-align: inherit;\"><span dir=\"auto\" style=\"vertical-align: inherit;\">&#8211;<\/span><\/span><\/span><\/span><\/sup><span style=\"vertical-align: inherit;\"><span style=\"vertical-align: inherit;\"><span dir=\"auto\" style=\"vertical-align: inherit;\"><span dir=\"auto\" style=\"vertical-align: inherit;\"> OH\u207b <\/span><\/span><\/span><\/span><sup><span style=\"vertical-align: inherit;\"><span style=\"vertical-align: inherit;\"><span dir=\"auto\" style=\"vertical-align: inherit;\"><span dir=\"auto\" style=\"vertical-align: inherit;\">)<\/span><\/span><\/span><\/span><\/sup><span style=\"vertical-align: inherit;\"><span style=\"vertical-align: inherit;\"><span dir=\"auto\" style=\"vertical-align: inherit;\"><span dir=\"auto\" style=\"vertical-align: inherit;\"> %<\/span><\/span><\/span><\/span><\/p>\n<\/td>\n<td>\n<p align=\"center\"><span dir=\"auto\" style=\"vertical-align: inherit;\"><span dir=\"auto\" style=\"vertical-align: inherit;\">\u226412<\/span><\/span><\/p>\n<\/td>\n<\/tr>\n<tr bgcolor=\"#ffffff\">\n<td>\n<p align=\"center\"><span style=\"vertical-align: inherit;\"><span style=\"vertical-align: inherit;\"><span dir=\"auto\" style=\"vertical-align: inherit;\"><span dir=\"auto\" style=\"vertical-align: inherit;\">Munkacsere-kapacit\u00e1s mmol\/l<\/span><\/span><\/span><\/span><\/p>\n<\/td>\n<td>\n<p align=\"center\"><span dir=\"auto\" style=\"vertical-align: inherit;\"><span dir=\"auto\" style=\"vertical-align: inherit;\">\u2265650<\/span><\/span><\/p>\n<\/td>\n<\/tr>\n<tr bgcolor=\"#ffffff\">\n<td>\n<p align=\"center\"><span style=\"vertical-align: inherit;\"><span style=\"vertical-align: inherit;\"><span dir=\"auto\" style=\"vertical-align: inherit;\"><span dir=\"auto\" style=\"vertical-align: inherit;\">\u00dczemi \u00e1raml\u00e1s m\/h<\/span><\/span><\/span><\/span><\/p>\n<\/td>\n<td>\n<p align=\"center\"><span dir=\"auto\" style=\"vertical-align: inherit;\"><span dir=\"auto\" style=\"vertical-align: inherit;\">15-30<\/span><\/span><\/p>\n<\/td>\n<\/tr>\n<\/tbody>\n<\/table>\n<\/div>\n","protected":false},"excerpt":{"rendered":"<p><strong><span style=\"vertical-align: inherit;\"><span style=\"vertical-align: inherit;\"><span dir=\"auto\" style=\"vertical-align: inherit;\"><span dir=\"auto\" style=\"vertical-align: inherit;\">A \u201eHydrolite\u201d ZGA 352<\/span><\/span><\/span><\/span><\/strong><span style=\"vertical-align: inherit;\"><span style=\"vertical-align: inherit;\"><span dir=\"auto\" style=\"vertical-align: inherit;\"><span dir=\"auto\" style=\"vertical-align: inherit;\"> egy kvaterner amm\u00f3niumcsoportot [N-(CH3 <\/span><\/span><\/span><\/span><span dir=\"auto\" style=\"vertical-align: inherit;\"><sub><span style=\"vertical-align: inherit;\"><span style=\"vertical-align: inherit;\"><span dir=\"auto\" style=\"vertical-align: inherit;\">)2C2H4OH <\/span><\/span><\/span><\/sub><\/span><sub><span style=\"vertical-align: inherit;\"><span style=\"vertical-align: inherit;\"><span dir=\"auto\" style=\"vertical-align: inherit;\"><span dir=\"auto\" style=\"vertical-align: inherit;\">]<\/span><\/span><\/span><\/span><\/sub><span dir=\"auto\" style=\"vertical-align: inherit;\"><span style=\"vertical-align: inherit;\"><span style=\"vertical-align: inherit;\"><span dir=\"auto\" style=\"vertical-align: inherit;\"> tartalmaz\u00f3 anioncser\u00e9l\u0151 gyanta , makropor\u00f3zus szerkezet\u0171 sztirol-dietil\u00e9n-benzol kopolimerben. <\/span><\/span><\/span><sub><span style=\"vertical-align: inherit;\"><span style=\"vertical-align: inherit;\"><span dir=\"auto\" style=\"vertical-align: inherit;\">F\u0151k\u00e9nt<\/span><\/span><\/span><\/sub><\/span><span style=\"vertical-align: inherit;\"><span style=\"vertical-align: inherit;\"><span dir=\"auto\" style=\"vertical-align: inherit;\"><span dir=\"auto\" style=\"vertical-align: inherit;\"> tiszta <\/span><\/span><\/span><\/span><span dir=\"auto\" style=\"vertical-align: inherit;\"><span style=\"vertical-align: inherit;\"><span style=\"vertical-align: inherit;\"><span dir=\"auto\" style=\"vertical-align: inherit;\">v\u00edz el\u0151\u00e1ll\u00edt\u00e1s\u00e1ra <\/span><\/span><\/span><span style=\"vertical-align: inherit;\"><span style=\"vertical-align: inherit;\"><span dir=\"auto\" style=\"vertical-align: inherit;\">haszn\u00e1lj\u00e1k <\/span><\/span><\/span><sub><span style=\"vertical-align: inherit;\"><span style=\"vertical-align: inherit;\"><span dir=\"auto\" style=\"vertical-align: inherit;\">,<\/span><\/span><\/span><\/sub><span style=\"vertical-align: inherit;\"><span style=\"vertical-align: inherit;\"><span dir=\"auto\" style=\"vertical-align: inherit;\"> olyan tulajdons\u00e1gokkal, mint a magas regener\u00e1ci\u00f3s hat\u00e9konys\u00e1g \u00e9s a nagy ioncser\u00e9l\u0151 kapacit\u00e1s stb., \u00e9s k\u00fcl\u00f6n\u00f6sen alkalmas magas s\u00f3tartalm\u00fa v\u00edzk\u00e9szletekhez.<\/span><\/span><\/span><\/span><\/p>\n","protected":false},"featured_media":2120,"comment_status":"closed","ping_status":"closed","template":"","meta":[],"product_cat":[384],"product_tag":[],"class_list":["post-4200","product","type-product","status-publish","has-post-thumbnail","hentry","product_cat-altalanos-gyantak"],"_links":{"self":[{"href":"https:\/\/hydrolite.eu\/hu\/wp-json\/wp\/v2\/product\/4200","targetHints":{"allow":["GET"]}}],"collection":[{"href":"https:\/\/hydrolite.eu\/hu\/wp-json\/wp\/v2\/product"}],"about":[{"href":"https:\/\/hydrolite.eu\/hu\/wp-json\/wp\/v2\/types\/product"}],"replies":[{"embeddable":true,"href":"https:\/\/hydrolite.eu\/hu\/wp-json\/wp\/v2\/comments?post=4200"}],"wp:featuredmedia":[{"embeddable":true,"href":"https:\/\/hydrolite.eu\/hu\/wp-json\/wp\/v2\/media\/2120"}],"wp:attachment":[{"href":"https:\/\/hydrolite.eu\/hu\/wp-json\/wp\/v2\/media?parent=4200"}],"wp:term":[{"taxonomy":"product_cat","embeddable":true,"href":"https:\/\/hydrolite.eu\/hu\/wp-json\/wp\/v2\/product_cat?post=4200"},{"taxonomy":"product_tag","embeddable":true,"href":"https:\/\/hydrolite.eu\/hu\/wp-json\/wp\/v2\/product_tag?post=4200"}],"curies":[{"name":"wp","href":"https:\/\/api.w.org\/{rel}","templated":true}]}}