{"id":4181,"date":"2025-09-21T13:38:31","date_gmt":"2025-10-23T18:04:03","guid":{"rendered":"https:\/\/hydrolite.eu\/?post_type=product&#038;p=4181"},"modified":"2025-10-23T21:04:04","modified_gmt":"2025-10-23T18:04:04","slug":"zg-a-398-specifikus-makroporozus-sztirol-es-dvb-kopolimer-kvarkammonium-gyokos-nch33oh-anioncserelo-gyantaval","status":"publish","type":"product","link":"https:\/\/hydrolite.eu\/hu\/product\/zg-a-398-specifikus-makroporozus-sztirol-es-dvb-kopolimer-kvarkammonium-gyokos-nch33oh-anioncserelo-gyantaval\/","title":{"rendered":"ZG A 398 specifikus makropor\u00f3zus sztirol \u00e9s DVB kopolimer kvarkamm\u00f3nium gy\u00f6k\u00f6s [-N(CH3)3OH] anioncser\u00e9l\u0151 gyant\u00e1val"},"content":{"rendered":"<table border=\"0\" width=\"100%\" cellspacing=\"1\" cellpadding=\"0\" align=\"center\" bgcolor=\"dee8f3\">\n<tbody>\n<tr>\n<td align=\"left\" bgcolor=\"054696\" width=\"70%\" height=\"50\">\n<div class=\"zzzzz1\" align=\"center\"><span style=\"vertical-align: inherit;\"><span style=\"vertical-align: inherit;\"><span dir=\"auto\" style=\"vertical-align: inherit;\"><span dir=\"auto\" style=\"vertical-align: inherit;\">ZG A 398 specifikus makropor\u00f3zus sztirol \u00e9s DVB kopolimer kvarkamm\u00f3nium gy\u00f6k\u00f6s [-N(CH3)3OH] anioncser\u00e9l\u0151 gyant\u00e1val<\/span><\/span><\/span><\/span><\/div>\n<\/td>\n<\/tr>\n<tr>\n<td style=\"padding: 20px;\" align=\"left\" bgcolor=\"#FFFFFF\">\n<p align=\"justify\"><span style=\"vertical-align: inherit;\"><span style=\"vertical-align: inherit;\"><span dir=\"auto\" style=\"vertical-align: inherit;\"><span dir=\"auto\" style=\"vertical-align: inherit;\">A Zheng Guang ZG A 398 m\u00e1rk\u00e1j\u00fa term\u00e9ke egy specifikus makropor\u00f3zus kopolimer kationos amm\u00f3niumgy\u00f6k\u00f6s [-N(CH3 <\/span><\/span><\/span><\/span><sub><span style=\"vertical-align: inherit;\"><span style=\"vertical-align: inherit;\"><span dir=\"auto\" style=\"vertical-align: inherit;\"><span dir=\"auto\" style=\"vertical-align: inherit;\">)<\/span><\/span><\/span><\/span><\/sub><span style=\"vertical-align: inherit;\"><span style=\"vertical-align: inherit;\"><span dir=\"auto\" style=\"vertical-align: inherit;\"><span dir=\"auto\" style=\"vertical-align: inherit;\"> 3OH <\/span><\/span><\/span><\/span><sub><span style=\"vertical-align: inherit;\"><span style=\"vertical-align: inherit;\"><span dir=\"auto\" style=\"vertical-align: inherit;\"><span dir=\"auto\" style=\"vertical-align: inherit;\">]<\/span><\/span><\/span><\/span><\/sub><span style=\"vertical-align: inherit;\"><span style=\"vertical-align: inherit;\"><span dir=\"auto\" style=\"vertical-align: inherit;\"><span dir=\"auto\" style=\"vertical-align: inherit;\"> anioncser\u00e9l\u0151 gyant\u00e1val. Specifikus sejtszerkezettel \u00e9s nagy fel\u00fclettel rendelkezik, amely lehet\u0151v\u00e9 teszi nagy m\u00e1jmolekul\u00e1k adszorbe\u00e1l\u00e1s\u00e1t \u00e9s a szerves szennyez\u0151d\u00e9sekkel szembeni nagyfok\u00fa ellen\u00e1ll\u00e1st.<\/span><\/span><\/span><\/span><\/p>\n<p align=\"justify\"><strong><span style=\"vertical-align: inherit;\"><span style=\"vertical-align: inherit;\"><span dir=\"auto\" style=\"vertical-align: inherit;\"><span dir=\"auto\" style=\"vertical-align: inherit;\">1: GYANTA JELLEMZ\u0150I<\/span><\/span><\/span><\/span><\/strong><\/p>\n<p align=\"justify\"><span style=\"vertical-align: inherit;\"><span style=\"vertical-align: inherit;\"><span dir=\"auto\" style=\"vertical-align: inherit;\"><span dir=\"auto\" style=\"vertical-align: inherit;\">A Zheng Guang m\u00e1rk\u00e1j\u00fa, er\u0151s b\u00e1zikus anioncser\u00e9l\u0151 gyanta, a ZG A 398 (Cl t\u00edpus\u00fa), a k\u00f6vetkez\u0151 el\u0151ny\u00f6kkel rendelkezik:<\/span><\/span><\/span><\/span><\/p>\n<p align=\"justify\"><span style=\"vertical-align: inherit;\"><span style=\"vertical-align: inherit;\"><span dir=\"auto\" style=\"vertical-align: inherit;\"><span dir=\"auto\" style=\"vertical-align: inherit;\">1. A hepatrom molekul\u00e1k er\u0151s adszorpci\u00f3ja. Ugyanannyi hepatrom molekula adszorbe\u00e1l\u00e1s\u00e1val kisebb a felhaszn\u00e1lt gyanta t\u00f6mege.<\/span><\/span><\/span><\/span><\/p>\n<p align=\"justify\"><span style=\"vertical-align: inherit;\"><span style=\"vertical-align: inherit;\"><span dir=\"auto\" style=\"vertical-align: inherit;\"><span dir=\"auto\" style=\"vertical-align: inherit;\">2. A haszn\u00e1lat el\u0151tti el\u0151kezel\u00e9s nagyon egyszer\u0171, \u00e9s p\u00e9nzt takar\u00edt meg. Az \u00faj gyant\u00e1t h\u00e1romszor \u00f6bl\u00edtse le tiszta v\u00edzzel, majd hagyja tiszta v\u00edzben 25~30\u00b0C-on egy \u00e9jszak\u00e1n \u00e1t. M\u00e1snap \u00f6bl\u00edtse le \u00e9s sz\u0171rje le a gyant\u00e1t t\u00f6bbsz\u00f6r. Ezut\u00e1n haszn\u00e1latra k\u00e9sz.<\/span><\/span><\/span><\/span><\/p>\n<p align=\"justify\"><span style=\"vertical-align: inherit;\"><span style=\"vertical-align: inherit;\"><span dir=\"auto\" style=\"vertical-align: inherit;\"><span dir=\"auto\" style=\"vertical-align: inherit;\">3. A gyanta er\u0151sebben k\u00fczd a szerves szennyez\u0151d\u00e9sekkel, \u00edgy a haszn\u00e1lat ut\u00e1ni kezel\u00e9s nemcsak egyszer\u0171, de k\u00e9nyelmes is. A fel\u00fcleti szennyez\u0151d\u00e9seket tiszta v\u00edzzel t\u00e1vol\u00edtj\u00e1k el, majd a gyant\u00e1t k\u00e9tszeres s\u00faly\u00fa (gyanta t\u00f6meg) l\u00fagos oldatban (8% NaOH + 20% NaCl) p\u00e1colj\u00e1k k\u00e9t \u00f3r\u00e1n \u00e1t 40-50\u00b0C-on, folyamatos kever\u00e9s mellett. Ezut\u00e1n tiszta v\u00edzzel (pH 7) \u00f6bl\u00edtik \u00e9s sz\u0171rik. Ezt k\u00f6vet\u0151en a gyanta haszn\u00e1latra k\u00e9sz.<\/span><\/span><\/span><\/span><\/p>\n<p align=\"justify\"><strong><span style=\"vertical-align: inherit;\"><span style=\"vertical-align: inherit;\"><span dir=\"auto\" style=\"vertical-align: inherit;\"><span dir=\"auto\" style=\"vertical-align: inherit;\">2: T\u00c1ROL\u00c1S<\/span><\/span><\/span><\/span><\/strong><\/p>\n<p align=\"justify\"><span style=\"vertical-align: inherit;\"><span style=\"vertical-align: inherit;\"><span dir=\"auto\" style=\"vertical-align: inherit;\"><span dir=\"auto\" style=\"vertical-align: inherit;\">A gyant\u00e1t belt\u00e9rben, k\u00f6zvetlen napf\u00e9nyt\u0151l v\u00e9dve kell t\u00e1rolni. A v\u00edzvesztes\u00e9g elker\u00fcl\u00e9se \u00e9rdek\u00e9ben ne t\u00e9pje fel a csomagol\u00e1st. Ha a gyanta vizet vesz\u00edtett, fokozatosan adjon hozz\u00e1 tel\u00edtett s\u00f3oldatot, \u00e9s p\u00e1colja n\u00e9h\u00e1ny \u00f3r\u00e1n \u00e1t, majd fokozatosan h\u00edg\u00edtsa fel v\u00edzzel a k\u00e1rosod\u00e1s elker\u00fcl\u00e9se \u00e9rdek\u00e9ben.<\/span><\/span><\/span><\/span><\/p>\n<p align=\"justify\"><strong><span style=\"vertical-align: inherit;\"><span style=\"vertical-align: inherit;\"><span dir=\"auto\" style=\"vertical-align: inherit;\"><span dir=\"auto\" style=\"vertical-align: inherit;\">3: HASZN\u00c1LATI \u00c9S T\u00c1ROL\u00c1SI H\u0150M\u00c9RS\u00c9KLET<\/span><\/span><\/span><\/span><\/strong><\/p>\n<p align=\"justify\"><span style=\"vertical-align: inherit;\"><span style=\"vertical-align: inherit;\"><span dir=\"auto\" style=\"vertical-align: inherit;\"><span dir=\"auto\" style=\"vertical-align: inherit;\">A h\u0151m\u00e9rs\u00e9klet nem haladhatja meg a 60 \u2103-ot. 0\u201325 \u00b0C k\u00f6z\u00f6tt t\u00e1roland\u00f3. Ha a k\u00f6rnyezeti h\u0151m\u00e9rs\u00e9klet 0 \u2103 alatt van, a gyant\u00e1t tel\u00edtett s\u00f3oldatban kell t\u00e1rolni.<\/span><\/span><\/span><\/span><\/p>\n<\/td>\n<\/tr>\n<\/tbody>\n<\/table>\n","protected":false},"excerpt":{"rendered":"<p>ZG A 398 specifikus makropor\u00f3zus sztirol \u00e9s DVB kopolimer kvarkamm\u00f3nium gy\u00f6k\u00f6s [-N(CH3)3OH] anioncser\u00e9l\u0151 gyant\u00e1val A Zheng Guang ZG A 398 m\u00e1rk\u00e1j\u00fa term\u00e9ke egy specifikus makropor\u00f3zus kopolimer kationos amm\u00f3niumgy\u00f6k\u00f6s [-N(CH3 ) 3OH ] anioncser\u00e9l\u0151 gyant\u00e1val. Specifikus sejtszerkezettel \u00e9s nagy fel\u00fclettel rendelkezik, amely lehet\u0151v\u00e9 teszi nagy m\u00e1jmolekul\u00e1k adszorbe\u00e1l\u00e1s\u00e1t \u00e9s a szerves szennyez\u0151d\u00e9sekkel szembeni nagyfok\u00fa ellen\u00e1ll\u00e1st. 1: GYANTA&#8230;<\/p>\n","protected":false},"featured_media":1938,"comment_status":"closed","ping_status":"closed","template":"","meta":[],"product_cat":[625,508],"product_tag":[],"class_list":["post-4181","product","type-product","status-publish","has-post-thumbnail","hentry","product_cat-gyakori-gyantak","product_cat-termekek"],"_links":{"self":[{"href":"https:\/\/hydrolite.eu\/hu\/wp-json\/wp\/v2\/product\/4181","targetHints":{"allow":["GET"]}}],"collection":[{"href":"https:\/\/hydrolite.eu\/hu\/wp-json\/wp\/v2\/product"}],"about":[{"href":"https:\/\/hydrolite.eu\/hu\/wp-json\/wp\/v2\/types\/product"}],"replies":[{"embeddable":true,"href":"https:\/\/hydrolite.eu\/hu\/wp-json\/wp\/v2\/comments?post=4181"}],"wp:featuredmedia":[{"embeddable":true,"href":"https:\/\/hydrolite.eu\/hu\/wp-json\/wp\/v2\/media\/1938"}],"wp:attachment":[{"href":"https:\/\/hydrolite.eu\/hu\/wp-json\/wp\/v2\/media?parent=4181"}],"wp:term":[{"taxonomy":"product_cat","embeddable":true,"href":"https:\/\/hydrolite.eu\/hu\/wp-json\/wp\/v2\/product_cat?post=4181"},{"taxonomy":"product_tag","embeddable":true,"href":"https:\/\/hydrolite.eu\/hu\/wp-json\/wp\/v2\/product_tag?post=4181"}],"curies":[{"name":"wp","href":"https:\/\/api.w.org\/{rel}","templated":true}]}}