{"id":4179,"date":"2025-09-21T13:38:31","date_gmt":"2025-10-23T18:03:29","guid":{"rendered":"https:\/\/hydrolite.eu\/?post_type=product&#038;p=4179"},"modified":"2025-10-23T21:03:30","modified_gmt":"2025-10-23T18:03:30","slug":"a-zg-107so-cserelo-gyanta-lipofil-es-hidrofobic-tulajdonsagokkal-rendelkezik","status":"publish","type":"product","link":"https:\/\/hydrolite.eu\/hu\/product\/a-zg-107so-cserelo-gyanta-lipofil-es-hidrofobic-tulajdonsagokkal-rendelkezik\/","title":{"rendered":"A ZG 107SO cser\u00e9l\u0151 gyanta lipofil \u00e9s hidrofobic tulajdons\u00e1gokkal rendelkezik."},"content":{"rendered":"<table border=\"0\" width=\"100%\" cellspacing=\"1\" cellpadding=\"0\" align=\"center\" bgcolor=\"dee8f3\">\n<tbody>\n<tr>\n<td align=\"left\" bgcolor=\"054696\" width=\"70%\" height=\"50\">\n<div class=\"zzzzz1\" align=\"center\"><span style=\"vertical-align: inherit;\"><span style=\"vertical-align: inherit;\"><span dir=\"auto\" style=\"vertical-align: inherit;\"><span dir=\"auto\" style=\"vertical-align: inherit;\">A ZG 107SO cser\u00e9l\u0151 gyanta lipofil \u00e9s hidrofobic tulajdons\u00e1gokkal rendelkezik.<\/span><\/span><\/span><\/span><\/div>\n<\/td>\n<\/tr>\n<tr>\n<td style=\"padding: 20px;\" align=\"left\" bgcolor=\"#FFFFFF\">\n<ol>\n<li><strong><span style=\"vertical-align: inherit;\"><span style=\"vertical-align: inherit;\"><span dir=\"auto\" style=\"vertical-align: inherit;\"><span dir=\"auto\" style=\"vertical-align: inherit;\">Le\u00edr\u00e1s:\u00a0<\/span><\/span><\/span><\/span><\/strong><\/li>\n<\/ol>\n<p><span style=\"vertical-align: inherit;\"><span style=\"vertical-align: inherit;\"><span dir=\"auto\" style=\"vertical-align: inherit;\"><span dir=\"auto\" style=\"vertical-align: inherit;\">Az olajcser\u00e9l\u0151 gyant\u00e1kkal t\u00f6rt\u00e9n\u0151 olajelt\u00e1vol\u00edt\u00e1s technikai alapja a speci\u00e1lis, magas h\u0151m\u00e9rs\u00e9klet\u0171 olajcser\u00e9l\u0151 gyant\u00e1k lipofil \u00e9s hidrof\u00f3b tulajdons\u00e1gainak kihaszn\u00e1l\u00e1sa az emulge\u00e1lt olajmolekul\u00e1k olajban old\u00f3d\u00f3 molekul\u00e1kt\u00f3l val\u00f3 elv\u00e1laszt\u00e1s\u00e1ra, egyidej\u0171leg az olaj elt\u00e1vol\u00edt\u00e1s\u00e1val. Egy olajcser\u00e9l\u0151 sz\u0171r\u0151 felszerel\u00e9se az olajcser\u00e9l\u0151 gyanta sz\u00e1m\u00e1ra lehet\u0151v\u00e9 teszi, hogy az olajcser\u00e9l\u0151 gyanta \u00f6sszegy\u0171jtse az olajmolekul\u00e1kat a v\u00edzb\u0151l, \u00e9s adszorbe\u00e1lja azokat a gyanta fel\u00fclet\u00e9n. Amikor az olajadszorpci\u00f3 el\u00e9ri a hat\u00e1r\u00e1t, az \u00f6sszegy\u0171jt\u00f6tt olaj term\u00e9szetes m\u00f3don olajcsoportk\u00e9nt v\u00e1lik ki, amely ezut\u00e1n a g\u00e9p olaj-v\u00edz elv\u00e1laszt\u00f3 r\u00e9sz\u00e9be ker\u00fcl. A ZG 107 SO egy speci\u00e1lis, magas h\u0151m\u00e9rs\u00e9klet\u0171 olajcser\u00e9l\u0151 gyanta az olaj elt\u00e1vol\u00edt\u00e1s\u00e1hoz ezzel a technol\u00f3gi\u00e1val.<\/span><\/span><\/span><\/span><\/p>\n<p><strong style=\"color: #555555; font-family: inherit; font-size: inherit;\"><span style=\"vertical-align: inherit;\"><span style=\"vertical-align: inherit;\"><span dir=\"auto\" style=\"vertical-align: inherit;\"><span dir=\"auto\" style=\"vertical-align: inherit;\">2. K\u00e9miai \u00e9s fizikai tulajdons\u00e1gok:<\/span><\/span><\/span><\/span><\/strong><\/p>\n<table style=\"width: 451px;\" border=\"1\" cellspacing=\"0\">\n<tbody>\n<tr>\n<td style=\"width: 193px;\"><span style=\"vertical-align: inherit;\"><span style=\"vertical-align: inherit;\"><span dir=\"auto\" style=\"vertical-align: inherit;\"><span dir=\"auto\" style=\"vertical-align: inherit;\">Adatt\u00edpus<\/span><\/span><\/span><\/span><\/td>\n<td style=\"width: 258px;\">\n<p align=\"center\"><span style=\"vertical-align: inherit;\"><span style=\"vertical-align: inherit;\"><span dir=\"auto\" style=\"vertical-align: inherit;\"><span dir=\"auto\" style=\"vertical-align: inherit;\">ZG107SO<\/span><\/span><\/span><\/span><\/p>\n<\/td>\n<\/tr>\n<tr>\n<td style=\"width: 193px;\"><span style=\"vertical-align: inherit;\"><span style=\"vertical-align: inherit;\"><span dir=\"auto\" style=\"vertical-align: inherit;\"><span dir=\"auto\" style=\"vertical-align: inherit;\">P\u00e1ratartalom %<\/span><\/span><\/span><\/span><\/td>\n<td style=\"width: 258px;\">\n<p align=\"center\"><span style=\"vertical-align: inherit;\"><span style=\"vertical-align: inherit;\"><span dir=\"auto\" style=\"vertical-align: inherit;\"><span dir=\"auto\" style=\"vertical-align: inherit;\">40~55<\/span><\/span><\/span><\/span><\/p>\n<\/td>\n<\/tr>\n<tr>\n<td style=\"width: 193px;\"><span style=\"vertical-align: inherit;\"><span style=\"vertical-align: inherit;\"><span dir=\"auto\" style=\"vertical-align: inherit;\"><span dir=\"auto\" style=\"vertical-align: inherit;\">Sz\u00e1ll\u00edt\u00e1si s\u00faly g\/ml<\/span><\/span><\/span><\/span><\/td>\n<td style=\"width: 258px;\">\n<p align=\"center\"><span style=\"vertical-align: inherit;\"><span style=\"vertical-align: inherit;\"><span dir=\"auto\" style=\"vertical-align: inherit;\"><span dir=\"auto\" style=\"vertical-align: inherit;\">0,78~0,90<\/span><\/span><\/span><\/span><\/p>\n<\/td>\n<\/tr>\n<tr>\n<td style=\"width: 193px;\"><span style=\"vertical-align: inherit;\"><span style=\"vertical-align: inherit;\"><span dir=\"auto\" style=\"vertical-align: inherit;\"><span dir=\"auto\" style=\"vertical-align: inherit;\">Val\u00f3di s\u0171r\u0171s\u00e9g g\/ml<\/span><\/span><\/span><\/span><\/td>\n<td style=\"width: 258px;\">\n<p align=\"center\"><span style=\"vertical-align: inherit;\"><span style=\"vertical-align: inherit;\"><span dir=\"auto\" style=\"vertical-align: inherit;\"><span dir=\"auto\" style=\"vertical-align: inherit;\">1,23~1,33<\/span><\/span><\/span><\/span><\/p>\n<\/td>\n<\/tr>\n<tr>\n<td style=\"width: 193px;\"><span style=\"vertical-align: inherit;\"><span style=\"vertical-align: inherit;\"><span dir=\"auto\" style=\"vertical-align: inherit;\"><span dir=\"auto\" style=\"vertical-align: inherit;\">R\u00e9szecskem\u00e9ret mm<\/span><\/span><\/span><\/span><\/td>\n<td style=\"width: 258px;\">\n<p align=\"center\"><span style=\"vertical-align: inherit;\"><span style=\"vertical-align: inherit;\"><span dir=\"auto\" style=\"vertical-align: inherit;\"><span dir=\"auto\" style=\"vertical-align: inherit;\">0,450~1,25<\/span><\/span><\/span><\/span><\/p>\n<\/td>\n<\/tr>\n<\/tbody>\n<\/table>\n<p>&nbsp;<\/td>\n<\/tr>\n<\/tbody>\n<\/table>\n","protected":false},"excerpt":{"rendered":"<p>A ZG 107SO cser\u00e9l\u0151 gyanta lipofil \u00e9s hidrofobic tulajdons\u00e1gokkal rendelkezik. Le\u00edr\u00e1s:\u00a0 Az olajcser\u00e9l\u0151 gyant\u00e1kkal t\u00f6rt\u00e9n\u0151 olajelt\u00e1vol\u00edt\u00e1s technikai alapja a speci\u00e1lis, magas h\u0151m\u00e9rs\u00e9klet\u0171 olajcser\u00e9l\u0151 gyant\u00e1k lipofil \u00e9s hidrof\u00f3b tulajdons\u00e1gainak kihaszn\u00e1l\u00e1sa az emulge\u00e1lt olajmolekul\u00e1k olajban old\u00f3d\u00f3 molekul\u00e1kt\u00f3l val\u00f3 elv\u00e1laszt\u00e1s\u00e1ra, egyidej\u0171leg az olaj elt\u00e1vol\u00edt\u00e1s\u00e1val. Egy olajcser\u00e9l\u0151 sz\u0171r\u0151 felszerel\u00e9se az olajcser\u00e9l\u0151 gyanta sz\u00e1m\u00e1ra lehet\u0151v\u00e9 teszi, hogy az olajcser\u00e9l\u0151 gyanta&#8230;<\/p>\n","protected":false},"featured_media":1938,"comment_status":"closed","ping_status":"closed","template":"","meta":[],"product_cat":[625,508],"product_tag":[],"class_list":["post-4179","product","type-product","status-publish","has-post-thumbnail","hentry","product_cat-gyakori-gyantak","product_cat-termekek"],"_links":{"self":[{"href":"https:\/\/hydrolite.eu\/hu\/wp-json\/wp\/v2\/product\/4179","targetHints":{"allow":["GET"]}}],"collection":[{"href":"https:\/\/hydrolite.eu\/hu\/wp-json\/wp\/v2\/product"}],"about":[{"href":"https:\/\/hydrolite.eu\/hu\/wp-json\/wp\/v2\/types\/product"}],"replies":[{"embeddable":true,"href":"https:\/\/hydrolite.eu\/hu\/wp-json\/wp\/v2\/comments?post=4179"}],"wp:featuredmedia":[{"embeddable":true,"href":"https:\/\/hydrolite.eu\/hu\/wp-json\/wp\/v2\/media\/1938"}],"wp:attachment":[{"href":"https:\/\/hydrolite.eu\/hu\/wp-json\/wp\/v2\/media?parent=4179"}],"wp:term":[{"taxonomy":"product_cat","embeddable":true,"href":"https:\/\/hydrolite.eu\/hu\/wp-json\/wp\/v2\/product_cat?post=4179"},{"taxonomy":"product_tag","embeddable":true,"href":"https:\/\/hydrolite.eu\/hu\/wp-json\/wp\/v2\/product_tag?post=4179"}],"curies":[{"name":"wp","href":"https:\/\/api.w.org\/{rel}","templated":true}]}}