{"id":4175,"date":"2025-09-21T13:38:50","date_gmt":"2025-10-23T17:59:15","guid":{"rendered":"https:\/\/hydrolite.eu\/?post_type=product&#038;p=4175"},"modified":"2025-10-23T20:59:16","modified_gmt":"2025-10-23T17:59:16","slug":"a-zg-bsl-egy-erosen-kationos-indikatorgyanta-amely-vizben-levo-kationokkal-reakcioba-lepve-kifejezett-szinvaltozast-idezhet-elo","status":"publish","type":"product","link":"https:\/\/hydrolite.eu\/hu\/product\/a-zg-bsl-egy-erosen-kationos-indikatorgyanta-amely-vizben-levo-kationokkal-reakcioba-lepve-kifejezett-szinvaltozast-idezhet-elo\/","title":{"rendered":"A ZG BSL egy er\u0151sen kationos indik\u00e1torgyanta, amely v\u00edzben l\u00e9v\u0151 kationokkal reakci\u00f3ba l\u00e9pve kifejezett sz\u00ednv\u00e1ltoz\u00e1st id\u00e9zhet el\u0151."},"content":{"rendered":"<table border=\"0\" width=\"100%\" cellspacing=\"1\" cellpadding=\"0\" align=\"center\" bgcolor=\"dee8f3\">\n<tbody>\n<tr>\n<td align=\"left\" bgcolor=\"054696\" width=\"70%\" height=\"50\">\n<div class=\"zzzzz1\" align=\"center\"><span style=\"vertical-align: inherit;\"><span style=\"vertical-align: inherit;\"><span dir=\"auto\" style=\"vertical-align: inherit;\"><span dir=\"auto\" style=\"vertical-align: inherit;\">A ZG BSL egy er\u0151sen kationos indik\u00e1torgyanta, amely v\u00edzben l\u00e9v\u0151 kationokkal reakci\u00f3ba l\u00e9pve kifejezett sz\u00ednv\u00e1ltoz\u00e1st id\u00e9zhet el\u0151.<\/span><\/span><\/span><\/span><\/div>\n<\/td>\n<\/tr>\n<tr>\n<td style=\"padding: 20px;\" align=\"left\" bgcolor=\"#FFFFFF\">\n<ul style=\"list-style-type: square;\">\n<li><strong><span style=\"vertical-align: inherit;\"><span style=\"vertical-align: inherit;\"><span dir=\"auto\" style=\"vertical-align: inherit;\"><span dir=\"auto\" style=\"vertical-align: inherit;\">Le\u00edr\u00e1s<\/span><\/span><\/span><\/span><\/strong><\/li>\n<\/ul>\n<p style=\"margin-left: 18.0000pt;\"><span style=\"vertical-align: inherit;\"><span style=\"vertical-align: inherit;\"><span dir=\"auto\" style=\"vertical-align: inherit;\"><span dir=\"auto\" style=\"vertical-align: inherit;\">A Hydrolite ZG BSL egy er\u0151sen kationos indik\u00e1torgyanta, amely reakci\u00f3ba l\u00e9phet a v\u00edzben l\u00e9v\u0151 kationokkal, ami \u00e9szrevehet\u0151 sz\u00ednv\u00e1ltoz\u00e1st okozhat. Kezdetben ez a gyanta z\u00f6ld, de amikor hat\u00e1stalann\u00e1 v\u00e1lik, k\u00e9kre v\u00e1ltozik \u2013 ami egy nagyon \u00e9szrevehet\u0151 sz\u00ednk\u00fcl\u00f6nbs\u00e9g.<\/span><\/span><\/span><\/span><\/p>\n<p style=\"margin-left: 18.0000pt;\"><span style=\"vertical-align: inherit;\"><span style=\"vertical-align: inherit;\"><span dir=\"auto\" style=\"vertical-align: inherit;\"><span dir=\"auto\" style=\"vertical-align: inherit;\">A ZG BSL sz\u00ednes gyant\u00e1t els\u0151sorban a kationok vezet\u0151k\u00e9pess\u00e9g\u00e9nek vizsg\u00e1lat\u00e1ra haszn\u00e1lj\u00e1k a g\u0151zb\u0151l \u00e9s kondenz\u00e1tumb\u00f3l \u00e1ll\u00f3 kevert \u00e1gyas oszlopb\u00f3l kil\u00e9p\u0151 v\u00edzben. A gyant\u00e1t egy 50 mm-n\u00e9l kisebb \u00e1tm\u00e9r\u0151j\u0171 \u00e1tl\u00e1tsz\u00f3 ioncser\u00e9l\u0151 oszlopba t\u00f6ltik. A gyanta a v\u00edzben l\u00e9v\u0151 nyomelemeket savv\u00e1 alak\u00edtja, jav\u00edtva a kationm\u00e9r\u00e9sek pontoss\u00e1g\u00e1t. Amikor a gyanta hat\u00e1stalann\u00e1 v\u00e1lik, sz\u00edne k\u00e9kre v\u00e1ltozik, \u00edgy a sz\u00ednv\u00e1ltoz\u00e1s megfigyel\u00e9s\u00e9vel nyomon k\u00f6vethet\u0151 az oszlop teljes\u00edtm\u00e9nye.<\/span><\/span><\/span><\/span><\/p>\n<p style=\"margin-left: 18.0000pt;\"><span style=\"vertical-align: inherit;\"><span style=\"vertical-align: inherit;\"><span dir=\"auto\" style=\"vertical-align: inherit;\"><span dir=\"auto\" style=\"vertical-align: inherit;\">A ZG BSL sz\u00ednes gyanta ZG BSY aniongyant\u00e1val (vagy er\u0151s b\u00e1zikus aniongyant\u00e1val) egy\u00fctt haszn\u00e1lhat\u00f3 az \u00e1tl\u00e1tsz\u00f3 kevert\u00e1gyas ioncser\u00e9l\u0151 oszlop indik\u00e1torgyantak\u00e9nt val\u00f3 t\u00f6lt\u00e9s\u00e9re a kevert\u00e1gyas oszlopban.<\/span><\/span><\/span><\/span><\/p>\n<ul style=\"list-style-type: square;\">\n<li><strong><span style=\"vertical-align: inherit;\"><span style=\"vertical-align: inherit;\"><span dir=\"auto\" style=\"vertical-align: inherit;\"><span dir=\"auto\" style=\"vertical-align: inherit;\">Fizikai-k\u00e9miai tulajdons\u00e1gok:<\/span><\/span><\/span><\/span><\/strong><\/li>\n<\/ul>\n<table style=\"width: 564px;\" border=\"1\" cellspacing=\"1\" align=\"center\">\n<tbody>\n<tr>\n<td style=\"width: 263px;\">\n<p align=\"center\"><span style=\"vertical-align: inherit;\"><span style=\"vertical-align: inherit;\"><span dir=\"auto\" style=\"vertical-align: inherit;\"><span dir=\"auto\" style=\"vertical-align: inherit;\">Param\u00e9ter neve<\/span><\/span><\/span><\/span><\/p>\n<\/td>\n<td style=\"width: 298px;\">\n<p align=\"center\"><span style=\"vertical-align: inherit;\"><span style=\"vertical-align: inherit;\"><span dir=\"auto\" style=\"vertical-align: inherit;\"><span dir=\"auto\" style=\"vertical-align: inherit;\">Index<\/span><\/span><\/span><\/span><\/p>\n<\/td>\n<\/tr>\n<tr>\n<td style=\"width: 263px;\">\n<p align=\"center\"><span style=\"vertical-align: inherit;\"><span style=\"vertical-align: inherit;\"><span dir=\"auto\" style=\"vertical-align: inherit;\"><span dir=\"auto\" style=\"vertical-align: inherit;\">Ionos forma<\/span><\/span><\/span><\/span><\/p>\n<\/td>\n<td style=\"width: 298px;\">\n<p align=\"center\"><span style=\"vertical-align: inherit;\"><span style=\"vertical-align: inherit;\"><span dir=\"auto\" style=\"vertical-align: inherit;\"><span dir=\"auto\" style=\"vertical-align: inherit;\">Mi<\/span><\/span><\/span><\/span><\/p>\n<\/td>\n<\/tr>\n<tr>\n<td style=\"width: 263px;\">\n<p align=\"center\"><span style=\"vertical-align: inherit;\"><span style=\"vertical-align: inherit;\"><span dir=\"auto\" style=\"vertical-align: inherit;\"><span dir=\"auto\" style=\"vertical-align: inherit;\">Megjelen\u00e9s<\/span><\/span><\/span><\/span><\/p>\n<\/td>\n<td style=\"width: 298px;\">\n<p align=\"center\"><span style=\"vertical-align: inherit;\"><span style=\"vertical-align: inherit;\"><span dir=\"auto\" style=\"vertical-align: inherit;\"><span dir=\"auto\" style=\"vertical-align: inherit;\">K\u00e9k granul\u00e1tumok (hat\u00e1stalanok)<\/span><\/span><\/span><\/span><\/p>\n<\/td>\n<\/tr>\n<tr>\n<td style=\"width: 263px;\">\n<p align=\"center\"><span style=\"vertical-align: inherit;\"><span style=\"vertical-align: inherit;\"><span dir=\"auto\" style=\"vertical-align: inherit;\"><span dir=\"auto\" style=\"vertical-align: inherit;\">Nedvess\u00e9gtartalom %<\/span><\/span><\/span><\/span><\/p>\n<\/td>\n<td style=\"width: 298px;\">\n<p align=\"center\"><span style=\"vertical-align: inherit;\"><span style=\"vertical-align: inherit;\"><span dir=\"auto\" style=\"vertical-align: inherit;\"><span dir=\"auto\" style=\"vertical-align: inherit;\">45,0-52,0<\/span><\/span><\/span><\/span><\/p>\n<\/td>\n<\/tr>\n<tr>\n<td style=\"width: 263px;\">\n<p align=\"center\"><span style=\"vertical-align: inherit;\"><span style=\"vertical-align: inherit;\"><span dir=\"auto\" style=\"vertical-align: inherit;\"><span dir=\"auto\" style=\"vertical-align: inherit;\">Teljes kicser\u00e9l\u0151d\u00e9si kapacit\u00e1s (mmol\/g)<\/span><\/span><\/span><\/span><\/p>\n<\/td>\n<td style=\"width: 298px;\">\n<p align=\"center\"><span style=\"vertical-align: inherit;\"><span style=\"vertical-align: inherit;\"><span dir=\"auto\" style=\"vertical-align: inherit;\"><span dir=\"auto\" style=\"vertical-align: inherit;\">\u22654,40<\/span><\/span><\/span><\/span><\/p>\n<\/td>\n<\/tr>\n<tr>\n<td style=\"width: 263px;\">\n<p align=\"center\"><span style=\"vertical-align: inherit;\"><span style=\"vertical-align: inherit;\"><span dir=\"auto\" style=\"vertical-align: inherit;\"><span dir=\"auto\" style=\"vertical-align: inherit;\">Teljes kicser\u00e9l\u0151d\u00e9si kapacit\u00e1s (mmol\/ml)<\/span><\/span><\/span><\/span><\/p>\n<\/td>\n<td style=\"width: 298px;\">\n<p align=\"center\"><span style=\"vertical-align: inherit;\"><span style=\"vertical-align: inherit;\"><span dir=\"auto\" style=\"vertical-align: inherit;\"><span dir=\"auto\" style=\"vertical-align: inherit;\">\u22651,80<\/span><\/span><\/span><\/span><\/p>\n<\/td>\n<\/tr>\n<tr>\n<td style=\"width: 263px;\">\n<p align=\"center\"><span style=\"vertical-align: inherit;\"><span style=\"vertical-align: inherit;\"><span dir=\"auto\" style=\"vertical-align: inherit;\"><span dir=\"auto\" style=\"vertical-align: inherit;\">Sz\u00e1ll\u00edt\u00e1si s\u00faly (g\/ml)<\/span><\/span><\/span><\/span><\/p>\n<\/td>\n<td style=\"width: 298px;\">\n<p align=\"center\"><span style=\"vertical-align: inherit;\"><span style=\"vertical-align: inherit;\"><span dir=\"auto\" style=\"vertical-align: inherit;\"><span dir=\"auto\" style=\"vertical-align: inherit;\">0,79-0,89<\/span><\/span><\/span><\/span><\/p>\n<\/td>\n<\/tr>\n<tr>\n<td style=\"width: 263px;\">\n<p align=\"center\"><span style=\"vertical-align: inherit;\"><span style=\"vertical-align: inherit;\"><span dir=\"auto\" style=\"vertical-align: inherit;\"><span dir=\"auto\" style=\"vertical-align: inherit;\">R\u00e9szecskem\u00e9ret (tartom\u00e1ny) %<\/span><\/span><\/span><\/span><\/p>\n<\/td>\n<td style=\"width: 298px;\">\n<p align=\"center\"><span dir=\"auto\" style=\"vertical-align: inherit;\"><span dir=\"auto\" style=\"vertical-align: inherit;\">(0,315\u20131,25 mm) \u226595,0<\/span><\/span><\/p>\n<\/td>\n<\/tr>\n<\/tbody>\n<\/table>\n<div style=\"clear: both;\"><\/div>\n<p>&nbsp;<\/td>\n<\/tr>\n<\/tbody>\n<\/table>\n","protected":false},"excerpt":{"rendered":"<p>A ZG BSL egy er\u0151sen kationos indik\u00e1torgyanta, amely v\u00edzben l\u00e9v\u0151 kationokkal reakci\u00f3ba l\u00e9pve kifejezett sz\u00ednv\u00e1ltoz\u00e1st id\u00e9zhet el\u0151. Le\u00edr\u00e1s A Hydrolite ZG BSL egy er\u0151sen kationos indik\u00e1torgyanta, amely reakci\u00f3ba l\u00e9phet a v\u00edzben l\u00e9v\u0151 kationokkal, ami \u00e9szrevehet\u0151 sz\u00ednv\u00e1ltoz\u00e1st okozhat. Kezdetben ez a gyanta z\u00f6ld, de amikor hat\u00e1stalann\u00e1 v\u00e1lik, k\u00e9kre v\u00e1ltozik \u2013 ami egy nagyon \u00e9szrevehet\u0151 sz\u00ednk\u00fcl\u00f6nbs\u00e9g. A&#8230;<\/p>\n","protected":false},"featured_media":1938,"comment_status":"closed","ping_status":"closed","template":"","meta":[],"product_cat":[625,508],"product_tag":[],"class_list":["post-4175","product","type-product","status-publish","has-post-thumbnail","hentry","product_cat-gyakori-gyantak","product_cat-termekek"],"_links":{"self":[{"href":"https:\/\/hydrolite.eu\/hu\/wp-json\/wp\/v2\/product\/4175","targetHints":{"allow":["GET"]}}],"collection":[{"href":"https:\/\/hydrolite.eu\/hu\/wp-json\/wp\/v2\/product"}],"about":[{"href":"https:\/\/hydrolite.eu\/hu\/wp-json\/wp\/v2\/types\/product"}],"replies":[{"embeddable":true,"href":"https:\/\/hydrolite.eu\/hu\/wp-json\/wp\/v2\/comments?post=4175"}],"wp:featuredmedia":[{"embeddable":true,"href":"https:\/\/hydrolite.eu\/hu\/wp-json\/wp\/v2\/media\/1938"}],"wp:attachment":[{"href":"https:\/\/hydrolite.eu\/hu\/wp-json\/wp\/v2\/media?parent=4175"}],"wp:term":[{"taxonomy":"product_cat","embeddable":true,"href":"https:\/\/hydrolite.eu\/hu\/wp-json\/wp\/v2\/product_cat?post=4175"},{"taxonomy":"product_tag","embeddable":true,"href":"https:\/\/hydrolite.eu\/hu\/wp-json\/wp\/v2\/product_tag?post=4175"}],"curies":[{"name":"wp","href":"https:\/\/api.w.org\/{rel}","templated":true}]}}