{"id":3257,"date":"2025-09-21T13:39:39","date_gmt":"2025-10-07T16:28:58","guid":{"rendered":"https:\/\/hydrolite.eu\/?post_type=product&#038;p=3257"},"modified":"2025-10-07T19:28:58","modified_gmt":"2025-10-07T16:28:58","slug":"zg-bsl-kationcserelo-gyanta-szinjelzessel","status":"publish","type":"product","link":"https:\/\/hydrolite.eu\/hu\/product\/zg-bsl-kationcserelo-gyanta-szinjelzessel\/","title":{"rendered":"ZG BSL kationcser\u00e9l\u0151 gyanta sz\u00ednjelz\u00e9ssel"},"content":{"rendered":"<p><strong><span style=\"vertical-align: inherit;\"><span style=\"vertical-align: inherit;\"><span dir=\"auto\" style=\"vertical-align: inherit;\"><span dir=\"auto\" style=\"vertical-align: inherit;\">1. Bevezet\u00e9s<\/span><\/span><\/span><\/span><\/strong><\/p>\n<p align=\"justify\"><span style=\"vertical-align: inherit;\"><span class=\"\" style=\"vertical-align: inherit;\"><span dir=\"auto\" style=\"vertical-align: inherit;\"><span dir=\"auto\" style=\"vertical-align: inherit;\">A Hydrolite ZG BSL kationos indik\u00e1torgyanta egy er\u0151sen savas kationos indik\u00e1torgyanta, amely nemcsak oldatban cser\u00e9li ki a kationokat, hanem jellegzetes sz\u00ednindik\u00e1tor-jellemz\u0151ket is mutat. Ez a gyanta reduk\u00e1lt form\u00e1ban smaragdz\u00f6ld (H), \u00e9s boml\u00e1skor s\u00f6t\u00e9tk\u00e9kre v\u00e1ltozik (Na). A sz\u00ednv\u00e1ltoz\u00e1s nagyon kifejezett. A ZG BSL indik\u00e1torgyant\u00e1t els\u0151sorban g\u0151z \u00e9s kondenzv\u00edz kationvezet\u0151 k\u00e9pess\u00e9g\u00e9nek m\u00e9r\u00e9s\u00e9re haszn\u00e1lj\u00e1k vegyes \u00fcled\u00e9ksz\u0171r\u0151kben a kimenetn\u00e9l. Az indik\u00e1torgyant\u00e1t egy 50 mm-n\u00e9l kisebb \u00e1tm\u00e9r\u0151j\u0171 \u00e1tl\u00e1tsz\u00f3 cser\u00e9l\u0151ed\u00e9nybe t\u00f6ltik, ahol a v\u00edzben l\u00e9v\u0151 nyomelemek savval cser\u00e9l\u0151dhetnek, jelent\u0151sen n\u00f6velve a kationmonitoroz\u00e1s \u00e9rz\u00e9kenys\u00e9g\u00e9t. Ugyanakkor a gyanta sz\u00edne s\u00f6t\u00e9tk\u00e9kre v\u00e1ltozik boml\u00e1skor, jelezve a cser\u00e9l\u0151ed\u00e9ny \u00fczem\u00e1llapot\u00e1t. A ZG BSL indik\u00e1torsz\u00edn kationos gyant\u00e1ja \u00f6sszekeverhet\u0151 a ZG BSY indik\u00e1torsz\u00edn anionos gyant\u00e1j\u00e1val (vagy egy er\u0151sen b\u00e1zikus anionos gyant\u00e1val) egy \u00e1tl\u00e1tsz\u00f3 cser\u00e9l\u0151kaz\u00e1nba is, indik\u00e1torral keverve, er\u0151m\u0171vekben a gener\u00e1tor bels\u0151 h\u0171t\u0151viz\u00e9nek vagy az \u00e9lelmiszeripar \u00e9s az orvostechnikai ipar elektronikus eszk\u00f6zeinek monitoroz\u00e1s\u00e1ra.<\/span><\/span><\/span><\/span><\/p>\n<p><strong><span style=\"vertical-align: inherit;\"><span style=\"vertical-align: inherit;\"><span dir=\"auto\" style=\"vertical-align: inherit;\"><span dir=\"auto\" style=\"vertical-align: inherit;\">2. Fizikai \u00e9s k\u00e9miai tulajdons\u00e1gok<\/span><\/span><\/span><\/span><\/strong><\/p>\n<table class=\"big\" width=\"90%\" cellspacing=\"1\" cellpadding=\"0\" align=\"center\" bgcolor=\"#666666\">\n<tbody>\n<tr bgcolor=\"#fffaee\">\n<td>\n<p align=\"center\"><span style=\"vertical-align: inherit;\"><span style=\"vertical-align: inherit;\"><span dir=\"auto\" style=\"vertical-align: inherit;\"><span dir=\"auto\" style=\"vertical-align: inherit;\">A mutat\u00f3 neve<\/span><\/span><\/span><\/span><\/p>\n<\/td>\n<td>\n<p align=\"center\"><span style=\"vertical-align: inherit;\"><span style=\"vertical-align: inherit;\"><span dir=\"auto\" style=\"vertical-align: inherit;\"><span dir=\"auto\" style=\"vertical-align: inherit;\">Indik\u00e1tor<\/span><\/span><\/span><\/span><\/p>\n<\/td>\n<\/tr>\n<tr bgcolor=\"#ffffff\">\n<td>\n<p align=\"center\"><span style=\"vertical-align: inherit;\"><span style=\"vertical-align: inherit;\"><span dir=\"auto\" style=\"vertical-align: inherit;\"><span dir=\"auto\" style=\"vertical-align: inherit;\">Elad\u00e1si \u0171rlap<\/span><\/span><\/span><\/span><\/p>\n<\/td>\n<td>\n<p align=\"center\"><span style=\"vertical-align: inherit;\"><span style=\"vertical-align: inherit;\"><span dir=\"auto\" style=\"vertical-align: inherit;\"><span dir=\"auto\" style=\"vertical-align: inherit;\">Mi<\/span><\/span><\/span><\/span><\/p>\n<\/td>\n<\/tr>\n<tr bgcolor=\"#ffffff\">\n<td>\n<p align=\"center\"><span style=\"vertical-align: inherit;\"><span style=\"vertical-align: inherit;\"><span dir=\"auto\" style=\"vertical-align: inherit;\"><span dir=\"auto\" style=\"vertical-align: inherit;\">Megjelen\u00e9s<\/span><\/span><\/span><\/span><\/p>\n<\/td>\n<td>\n<p align=\"center\"><span style=\"vertical-align: inherit;\"><span style=\"vertical-align: inherit;\"><span dir=\"auto\" style=\"vertical-align: inherit;\"><span dir=\"auto\" style=\"vertical-align: inherit;\">S\u00f6t\u00e9tk\u00e9k g\u00f6mb alak\u00fa szemcs\u00e9k<\/span><\/span><\/span><\/span><\/p>\n<\/td>\n<\/tr>\n<tr bgcolor=\"#ffffff\">\n<td>\n<p align=\"center\"><span style=\"vertical-align: inherit;\"><span style=\"vertical-align: inherit;\"><span dir=\"auto\" style=\"vertical-align: inherit;\"><span dir=\"auto\" style=\"vertical-align: inherit;\">V\u00edztartalom %<\/span><\/span><\/span><\/span><\/p>\n<\/td>\n<td>\n<p align=\"center\"><span style=\"vertical-align: inherit;\"><span style=\"vertical-align: inherit;\"><span dir=\"auto\" style=\"vertical-align: inherit;\"><span dir=\"auto\" style=\"vertical-align: inherit;\">45,0-52,0<\/span><\/span><\/span><\/span><\/p>\n<\/td>\n<\/tr>\n<tr bgcolor=\"#ffffff\">\n<td>\n<p align=\"center\"><span style=\"vertical-align: inherit;\"><span style=\"vertical-align: inherit;\"><span dir=\"auto\" style=\"vertical-align: inherit;\"><span dir=\"auto\" style=\"vertical-align: inherit;\">Teljes kicser\u00e9l\u0151d\u00e9si kapacit\u00e1s min\u0151s\u00e9g szerint, mmol\/g<\/span><\/span><\/span><\/span><\/p>\n<\/td>\n<td>\n<p align=\"center\"><span style=\"vertical-align: inherit;\"><span style=\"vertical-align: inherit;\"><span dir=\"auto\" style=\"vertical-align: inherit;\"><span dir=\"auto\" style=\"vertical-align: inherit;\">\u22654,40<\/span><\/span><\/span><\/span><\/p>\n<\/td>\n<\/tr>\n<tr bgcolor=\"#ffffff\">\n<td>\n<p align=\"center\"><span style=\"vertical-align: inherit;\"><span style=\"vertical-align: inherit;\"><span dir=\"auto\" style=\"vertical-align: inherit;\"><span dir=\"auto\" style=\"vertical-align: inherit;\">T\u00e9rfogatcsere-kapacit\u00e1s, mmol\/ml<\/span><\/span><\/span><\/span><\/p>\n<\/td>\n<td>\n<p align=\"center\"><span style=\"vertical-align: inherit;\"><span style=\"vertical-align: inherit;\"><span dir=\"auto\" style=\"vertical-align: inherit;\"><span dir=\"auto\" style=\"vertical-align: inherit;\">\u22651,80<\/span><\/span><\/span><\/span><\/p>\n<\/td>\n<\/tr>\n<tr bgcolor=\"#ffffff\">\n<td>\n<p align=\"center\"><span style=\"vertical-align: inherit;\"><span style=\"vertical-align: inherit;\"><span dir=\"auto\" style=\"vertical-align: inherit;\"><span dir=\"auto\" style=\"vertical-align: inherit;\">S\u0171r\u0171s\u00e9g t\u00e9rfogat szerint, g\/ml<\/span><\/span><\/span><\/span><\/p>\n<\/td>\n<td>\n<p align=\"center\"><span style=\"vertical-align: inherit;\"><span style=\"vertical-align: inherit;\"><span dir=\"auto\" style=\"vertical-align: inherit;\"><span dir=\"auto\" style=\"vertical-align: inherit;\">0,79-0,89<\/span><\/span><\/span><\/span><\/p>\n<\/td>\n<\/tr>\n<tr bgcolor=\"#ffffff\">\n<td>\n<p align=\"center\"><span style=\"vertical-align: inherit;\"><span style=\"vertical-align: inherit;\"><span dir=\"auto\" style=\"vertical-align: inherit;\"><span dir=\"auto\" style=\"vertical-align: inherit;\">Szemcsem\u00e9ret, %<\/span><\/span><\/span><\/span><\/p>\n<\/td>\n<td>\n<p align=\"center\"><span dir=\"auto\" style=\"vertical-align: inherit;\"><span dir=\"auto\" style=\"vertical-align: inherit;\">(0,600\u20131,25 mm) \u226595,0<\/span><\/span><\/p>\n<\/td>\n<\/tr>\n<\/tbody>\n<\/table>\n","protected":false},"excerpt":{"rendered":"<p>1. Bevezet\u00e9s A Hydrolite ZG BSL kationos indik\u00e1torgyanta egy er\u0151sen savas kationos indik\u00e1torgyanta, amely nemcsak oldatban cser\u00e9li ki a kationokat, hanem jellegzetes sz\u00ednindik\u00e1tor-jellemz\u0151ket is mutat. Ez a gyanta reduk\u00e1lt form\u00e1ban smaragdz\u00f6ld (H), \u00e9s boml\u00e1skor s\u00f6t\u00e9tk\u00e9kre v\u00e1ltozik (Na). A sz\u00ednv\u00e1ltoz\u00e1s nagyon kifejezett. A ZG BSL indik\u00e1torgyant\u00e1t els\u0151sorban g\u0151z \u00e9s kondenzv\u00edz kationvezet\u0151 k\u00e9pess\u00e9g\u00e9nek m\u00e9r\u00e9s\u00e9re haszn\u00e1lj\u00e1k vegyes \u00fcled\u00e9ksz\u0171r\u0151kben&#8230;<\/p>\n","protected":false},"featured_media":1938,"comment_status":"closed","ping_status":"closed","template":"","meta":[],"product_cat":[573,508],"product_tag":[],"class_list":["post-3257","product","type-product","status-publish","has-post-thumbnail","hentry","product_cat-indikatorgyantak-hu","product_cat-termekek"],"_links":{"self":[{"href":"https:\/\/hydrolite.eu\/hu\/wp-json\/wp\/v2\/product\/3257","targetHints":{"allow":["GET"]}}],"collection":[{"href":"https:\/\/hydrolite.eu\/hu\/wp-json\/wp\/v2\/product"}],"about":[{"href":"https:\/\/hydrolite.eu\/hu\/wp-json\/wp\/v2\/types\/product"}],"replies":[{"embeddable":true,"href":"https:\/\/hydrolite.eu\/hu\/wp-json\/wp\/v2\/comments?post=3257"}],"wp:featuredmedia":[{"embeddable":true,"href":"https:\/\/hydrolite.eu\/hu\/wp-json\/wp\/v2\/media\/1938"}],"wp:attachment":[{"href":"https:\/\/hydrolite.eu\/hu\/wp-json\/wp\/v2\/media?parent=3257"}],"wp:term":[{"taxonomy":"product_cat","embeddable":true,"href":"https:\/\/hydrolite.eu\/hu\/wp-json\/wp\/v2\/product_cat?post=3257"},{"taxonomy":"product_tag","embeddable":true,"href":"https:\/\/hydrolite.eu\/hu\/wp-json\/wp\/v2\/product_tag?post=3257"}],"curies":[{"name":"wp","href":"https:\/\/api.w.org\/{rel}","templated":true}]}}