{"id":3254,"date":"2025-09-21T13:39:40","date_gmt":"2025-10-07T15:45:41","guid":{"rendered":"https:\/\/hydrolite.eu\/?post_type=product&#038;p=3254"},"modified":"2025-10-07T18:45:41","modified_gmt":"2025-10-07T15:45:41","slug":"zg-bsh-kationos-indikatorgyanta","status":"publish","type":"product","link":"https:\/\/hydrolite.eu\/hu\/product\/zg-bsh-kationos-indikatorgyanta\/","title":{"rendered":"ZG BSH kationos indik\u00e1torgyanta"},"content":{"rendered":"<p><strong><span style=\"vertical-align: inherit;\"><span style=\"vertical-align: inherit;\"><span dir=\"auto\" style=\"vertical-align: inherit;\"><span dir=\"auto\" style=\"vertical-align: inherit;\">1. Bevezet\u00e9s<\/span><\/span><\/span><\/span><\/strong><\/p>\n<p align=\"justify\"><span style=\"vertical-align: inherit;\"><span class=\"\" style=\"vertical-align: inherit;\"><span dir=\"auto\" style=\"vertical-align: inherit;\"><span dir=\"auto\" style=\"vertical-align: inherit;\">A Hydrolite ZG BSH sz\u00ednindik\u00e1toros kationos gyant\u00e1ja egy er\u0151sen savas kationcser\u00e9l\u0151 gyanta be\u00e9p\u00edtett indik\u00e1torral. Nemcsak oldatban cser\u00e9li ki a kationokat, hanem hat\u00e1rozott sz\u00ednv\u00e1ltoz\u00e1st is mutat. Ez a gyanta reduk\u00e1lt \u00e1llapotban barn\u00e1ss\u00e1rga (H), deaktiv\u00e1l\u00f3d\u00e1skor pedig r\u00f3zsasz\u00ednesv\u00f6r\u00f6sre (Na) v\u00e1ltozik. Ez a sz\u00ednv\u00e1ltoz\u00e1s j\u00f3l l\u00e1that\u00f3. <\/span><\/span><\/span><\/span> <span style=\"vertical-align: inherit;\"><span class=\"\" style=\"vertical-align: inherit;\"><span dir=\"auto\" style=\"vertical-align: inherit;\"><span dir=\"auto\" style=\"vertical-align: inherit;\">A sz\u00ednindik\u00e1toros ZG BSH gyant\u00e1t els\u0151sorban a bep\u00e1rl\u00f3kb\u00f3l \u00e9s kondenz\u00e1tumokb\u00f3l sz\u00e1rmaz\u00f3 v\u00edz kationos vezet\u0151k\u00e9pess\u00e9g\u00e9nek m\u00e9r\u00e9s\u00e9re haszn\u00e1lj\u00e1k kevert \u00e1gyakban. A sz\u00ednindik\u00e1toros gyant\u00e1t egy 50 mm-n\u00e9l kisebb \u00e1tm\u00e9r\u0151j\u0171 \u00e1tl\u00e1tsz\u00f3 kationcser\u00e9l\u0151 tart\u00e1lyba t\u00f6ltik. A v\u00edzben l\u00e9v\u0151 mikroelemek savra cser\u00e9l\u0151dhetnek, ami jelent\u0151sen jav\u00edtja a kationmonitoroz\u00e1s \u00e9rz\u00e9kenys\u00e9g\u00e9t. Ugyanakkor a gyanta sz\u00edne r\u00f3zsasz\u00ednesv\u00f6r\u00f6sre v\u00e1ltozhat, amikor a gyanta inakt\u00edvv\u00e1 v\u00e1lik, jelezve a kationcser\u00e9l\u0151 tart\u00e1ly \u00fczem\u00e1llapot\u00e1t. A <\/span><\/span><\/span><\/span> <span style=\"vertical-align: inherit;\"><span class=\"\" style=\"vertical-align: inherit;\"><span dir=\"auto\" style=\"vertical-align: inherit;\"><span dir=\"auto\" style=\"vertical-align: inherit;\">ZG BSH sz\u00ednindik\u00e1toros gyanta egy\u00fctt haszn\u00e1lhat\u00f3 ZG BSY anionos sz\u00ednindik\u00e1toros gyant\u00e1val (vagy er\u0151sen b\u00e1zikus anionos gyant\u00e1val) is, amelyet \u00e1tl\u00e1tsz\u00f3 kaz\u00e1nba t\u00f6ltenek indik\u00e1torgyanta kevert \u00e1gyak\u00e9nt az orvosi term\u00e9kek \u00e9s az \u00e9lelmiszeripar monitoroz\u00e1s\u00e1ban.<\/span><\/span><\/span><\/span><\/p>\n<p><strong><span style=\"vertical-align: inherit;\"><span style=\"vertical-align: inherit;\"><span dir=\"auto\" style=\"vertical-align: inherit;\"><span dir=\"auto\" style=\"vertical-align: inherit;\">2. Fizikai-k\u00e9miai tulajdons\u00e1gok<\/span><\/span><\/span><\/span><\/strong><\/p>\n<table class=\"big\" width=\"90%\" cellspacing=\"1\" cellpadding=\"0\" align=\"center\" bgcolor=\"#666666\">\n<tbody>\n<tr bgcolor=\"#fffaee\">\n<td>\n<p align=\"center\"><span style=\"vertical-align: inherit;\"><span style=\"vertical-align: inherit;\"><span dir=\"auto\" style=\"vertical-align: inherit;\"><span dir=\"auto\" style=\"vertical-align: inherit;\">A mutat\u00f3 neve<\/span><\/span><\/span><\/span><\/p>\n<\/td>\n<td>\n<p align=\"center\"><span style=\"vertical-align: inherit;\"><span style=\"vertical-align: inherit;\"><span dir=\"auto\" style=\"vertical-align: inherit;\"><span dir=\"auto\" style=\"vertical-align: inherit;\">Indik\u00e1tor<\/span><\/span><\/span><\/span><\/p>\n<\/td>\n<\/tr>\n<tr bgcolor=\"#ffffff\">\n<td>\n<p align=\"center\"><span style=\"vertical-align: inherit;\"><span style=\"vertical-align: inherit;\"><span dir=\"auto\" style=\"vertical-align: inherit;\"><span dir=\"auto\" style=\"vertical-align: inherit;\">\u00c9rt\u00e9kes\u00edt\u00e9si \u0171rlap<\/span><\/span><\/span><\/span><\/p>\n<\/td>\n<td>\n<p align=\"center\"><span style=\"vertical-align: inherit;\"><span style=\"vertical-align: inherit;\"><span dir=\"auto\" style=\"vertical-align: inherit;\"><span dir=\"auto\" style=\"vertical-align: inherit;\">Mi<\/span><\/span><\/span><\/span><\/p>\n<\/td>\n<\/tr>\n<tr bgcolor=\"#ffffff\">\n<td>\n<p align=\"center\"><span style=\"vertical-align: inherit;\"><span style=\"vertical-align: inherit;\"><span dir=\"auto\" style=\"vertical-align: inherit;\"><span dir=\"auto\" style=\"vertical-align: inherit;\">Megjelen\u00e9s<\/span><\/span><\/span><\/span><\/p>\n<\/td>\n<td>\n<p align=\"center\"><span style=\"vertical-align: inherit;\"><span style=\"vertical-align: inherit;\"><span dir=\"auto\" style=\"vertical-align: inherit;\"><span dir=\"auto\" style=\"vertical-align: inherit;\">R\u00f3zsasz\u00edn-v\u00f6r\u00f6s g\u00f6mb alak\u00fa szemcs\u00e9k<\/span><\/span><\/span><\/span><\/p>\n<\/td>\n<\/tr>\n<tr bgcolor=\"#ffffff\">\n<td>\n<p align=\"center\"><span style=\"vertical-align: inherit;\"><span style=\"vertical-align: inherit;\"><span dir=\"auto\" style=\"vertical-align: inherit;\"><span dir=\"auto\" style=\"vertical-align: inherit;\">V\u00edzmegtart\u00f3 k\u00e9pess\u00e9g %<\/span><\/span><\/span><\/span><\/p>\n<\/td>\n<td>\n<p align=\"center\"><span style=\"vertical-align: inherit;\"><span style=\"vertical-align: inherit;\"><span dir=\"auto\" style=\"vertical-align: inherit;\"><span dir=\"auto\" style=\"vertical-align: inherit;\">45,0-52,0<\/span><\/span><\/span><\/span><\/p>\n<\/td>\n<\/tr>\n<tr bgcolor=\"#ffffff\">\n<td>\n<p align=\"center\"><span style=\"vertical-align: inherit;\"><span style=\"vertical-align: inherit;\"><span dir=\"auto\" style=\"vertical-align: inherit;\"><span dir=\"auto\" style=\"vertical-align: inherit;\">Teljes kicser\u00e9l\u0151d\u00e9si kapacit\u00e1s mmol\/g<\/span><\/span><\/span><\/span><\/p>\n<\/td>\n<td>\n<p align=\"center\"><span style=\"vertical-align: inherit;\"><span style=\"vertical-align: inherit;\"><span dir=\"auto\" style=\"vertical-align: inherit;\"><span dir=\"auto\" style=\"vertical-align: inherit;\">\u22654,40<\/span><\/span><\/span><\/span><\/p>\n<\/td>\n<\/tr>\n<tr bgcolor=\"#ffffff\">\n<td>\n<p align=\"center\"><span style=\"vertical-align: inherit;\"><span style=\"vertical-align: inherit;\"><span dir=\"auto\" style=\"vertical-align: inherit;\"><span dir=\"auto\" style=\"vertical-align: inherit;\">T\u00e9rfogatcsere-kapacit\u00e1s mmol\/ml<\/span><\/span><\/span><\/span><\/p>\n<\/td>\n<td>\n<p align=\"center\"><span style=\"vertical-align: inherit;\"><span style=\"vertical-align: inherit;\"><span dir=\"auto\" style=\"vertical-align: inherit;\"><span dir=\"auto\" style=\"vertical-align: inherit;\">\u22651,80<\/span><\/span><\/span><\/span><\/p>\n<\/td>\n<\/tr>\n<tr bgcolor=\"#ffffff\">\n<td>\n<p align=\"center\"><span style=\"vertical-align: inherit;\"><span style=\"vertical-align: inherit;\"><span dir=\"auto\" style=\"vertical-align: inherit;\"><span dir=\"auto\" style=\"vertical-align: inherit;\">T\u00e9rfogats\u0171r\u0171s\u00e9g g\/ml<\/span><\/span><\/span><\/span><\/p>\n<\/td>\n<td>\n<p align=\"center\"><span style=\"vertical-align: inherit;\"><span style=\"vertical-align: inherit;\"><span dir=\"auto\" style=\"vertical-align: inherit;\"><span dir=\"auto\" style=\"vertical-align: inherit;\">0,79-0,89<\/span><\/span><\/span><\/span><\/p>\n<\/td>\n<\/tr>\n<tr bgcolor=\"#ffffff\">\n<td>\n<p align=\"center\"><span style=\"vertical-align: inherit;\"><span style=\"vertical-align: inherit;\"><span dir=\"auto\" style=\"vertical-align: inherit;\"><span dir=\"auto\" style=\"vertical-align: inherit;\">Szemcsem\u00e9ret %<\/span><\/span><\/span><\/span><\/p>\n<\/td>\n<td>\n<p align=\"center\"><span dir=\"auto\" style=\"vertical-align: inherit;\"><span dir=\"auto\" style=\"vertical-align: inherit;\">(0,600\u20131,25 mm) \u226595,0<\/span><\/span><\/p>\n<\/td>\n<\/tr>\n<\/tbody>\n<\/table>\n","protected":false},"excerpt":{"rendered":"<p>1. Bevezet\u00e9s A Hydrolite ZG BSH sz\u00ednindik\u00e1toros kationos gyant\u00e1ja egy er\u0151sen savas kationcser\u00e9l\u0151 gyanta be\u00e9p\u00edtett indik\u00e1torral. Nemcsak oldatban cser\u00e9li ki a kationokat, hanem hat\u00e1rozott sz\u00ednv\u00e1ltoz\u00e1st is mutat. Ez a gyanta reduk\u00e1lt \u00e1llapotban barn\u00e1ss\u00e1rga (H), deaktiv\u00e1l\u00f3d\u00e1skor pedig r\u00f3zsasz\u00ednesv\u00f6r\u00f6sre (Na) v\u00e1ltozik. Ez a sz\u00ednv\u00e1ltoz\u00e1s j\u00f3l l\u00e1that\u00f3. A sz\u00ednindik\u00e1toros ZG BSH gyant\u00e1t els\u0151sorban a bep\u00e1rl\u00f3kb\u00f3l \u00e9s kondenz\u00e1tumokb\u00f3l sz\u00e1rmaz\u00f3&#8230;<\/p>\n","protected":false},"featured_media":1938,"comment_status":"closed","ping_status":"closed","template":"","meta":[],"product_cat":[573,508],"product_tag":[],"class_list":["post-3254","product","type-product","status-publish","has-post-thumbnail","hentry","product_cat-indikatorgyantak-hu","product_cat-termekek"],"_links":{"self":[{"href":"https:\/\/hydrolite.eu\/hu\/wp-json\/wp\/v2\/product\/3254","targetHints":{"allow":["GET"]}}],"collection":[{"href":"https:\/\/hydrolite.eu\/hu\/wp-json\/wp\/v2\/product"}],"about":[{"href":"https:\/\/hydrolite.eu\/hu\/wp-json\/wp\/v2\/types\/product"}],"replies":[{"embeddable":true,"href":"https:\/\/hydrolite.eu\/hu\/wp-json\/wp\/v2\/comments?post=3254"}],"wp:featuredmedia":[{"embeddable":true,"href":"https:\/\/hydrolite.eu\/hu\/wp-json\/wp\/v2\/media\/1938"}],"wp:attachment":[{"href":"https:\/\/hydrolite.eu\/hu\/wp-json\/wp\/v2\/media?parent=3254"}],"wp:term":[{"taxonomy":"product_cat","embeddable":true,"href":"https:\/\/hydrolite.eu\/hu\/wp-json\/wp\/v2\/product_cat?post=3254"},{"taxonomy":"product_tag","embeddable":true,"href":"https:\/\/hydrolite.eu\/hu\/wp-json\/wp\/v2\/product_tag?post=3254"}],"curies":[{"name":"wp","href":"https:\/\/api.w.org\/{rel}","templated":true}]}}