{"id":3047,"date":"2025-09-21T13:39:31","date_gmt":"2025-10-05T13:55:04","guid":{"rendered":"https:\/\/hydrolite.eu\/?post_type=product&#038;p=3047"},"modified":"2025-10-05T16:55:05","modified_gmt":"2025-10-05T13:55:05","slug":"zga313-erosen-bazikus-anioncserelo-gyanta","status":"publish","type":"product","link":"https:\/\/hydrolite.eu\/hu\/product\/zga313-erosen-bazikus-anioncserelo-gyanta\/","title":{"rendered":"ZGA313 Er\u0151sen b\u00e1zikus anioncser\u00e9l\u0151 gyanta"},"content":{"rendered":"<table border=\"0\" width=\"100%\" cellspacing=\"1\" cellpadding=\"0\" align=\"center\" bgcolor=\"dee8f3\">\n<tbody>\n<tr>\n<td align=\"left\" bgcolor=\"054696\" width=\"70%\" height=\"50\">\n<div class=\"zzzzz1\" align=\"center\"><span style=\"vertical-align: inherit;\"><span style=\"vertical-align: inherit;\"><span dir=\"auto\" style=\"vertical-align: inherit;\"><span dir=\"auto\" style=\"vertical-align: inherit;\">ZGA313 Er\u0151sen b\u00e1zikus anioncser\u00e9l\u0151 gyanta<\/span><\/span><\/span><\/span><\/div>\n<\/td>\n<\/tr>\n<tr>\n<td style=\"padding: 20px;\" align=\"left\" bgcolor=\"#FFFFFF\"><span style=\"vertical-align: inherit;\"><span style=\"vertical-align: inherit;\"><span dir=\"auto\" style=\"vertical-align: inherit;\"><span dir=\"auto\" style=\"vertical-align: inherit;\">TERM\u00c9KLE\u00cdR\u00c1S<\/span><\/span><\/span><\/span><span style=\"vertical-align: inherit;\"><span style=\"vertical-align: inherit;\"><span dir=\"auto\" style=\"vertical-align: inherit;\"><span dir=\"auto\" style=\"vertical-align: inherit;\">A ZGA313 egy I. t\u00edpus\u00fa anioncser\u00e9l\u0151 g\u00e9lgyanta er\u0151s b\u00e1zissal \u00e9s akril b\u00e1zissal. Az akril m\u00e1trix kiv\u00e1l\u00f3 szervesanyag-elt\u00e1vol\u00edt\u00e1st biztos\u00edt a t\u00e1pv\u00edzb\u0151l, majd a regener\u00e1l\u00e1s sor\u00e1n is elt\u00e1vol\u00edtja azt, hogy megv\u00e9dje a szerves szennyez\u0151d\u00e9sekt\u0151l. Ezt a gyant\u00e1t tiszta \u00e9s ultratiszta v\u00edz el\u0151\u00e1ll\u00edt\u00e1s\u00e1ra haszn\u00e1lj\u00e1k I. t\u00edpus\u00fa polisztirol gyanta helyett. K\u00fcl\u00f6n\u00f6sen alkalmas magas szervesanyag-tartalm\u00fa v\u00edzhez.<\/span><\/span><\/span><\/span><\/p>\n<p>&nbsp;<\/p>\n<p><span style=\"vertical-align: inherit;\"><span style=\"vertical-align: inherit;\"><span dir=\"auto\" style=\"vertical-align: inherit;\"><span dir=\"auto\" style=\"vertical-align: inherit;\">EL\u0150NY\u00d6K \u00c9S JELLEMZ\u0150K<\/span><\/span><\/span><\/span><\/p>\n<p><span style=\"vertical-align: inherit;\"><span style=\"vertical-align: inherit;\"><span dir=\"auto\" style=\"vertical-align: inherit;\"><span dir=\"auto\" style=\"vertical-align: inherit;\">\u25cf EGYENLETES KOSARM\u00c9RET<\/span><\/span><\/span><\/span><\/p>\n<p><span style=\"vertical-align: inherit;\"><span style=\"vertical-align: inherit;\"><span dir=\"auto\" style=\"vertical-align: inherit;\"><span dir=\"auto\" style=\"vertical-align: inherit;\">A r\u00e9szecsk\u00e9k 95%-a a megadott tartom\u00e1nyon bel\u00fcl van, ami alacsonyabb nyom\u00e1ses\u00e9st \u00e9s jobb kinetik\u00e1t eredm\u00e9nyez.<\/span><\/span><\/span><\/span><\/p>\n<p><span style=\"vertical-align: inherit;\"><span style=\"vertical-align: inherit;\"><span dir=\"auto\" style=\"vertical-align: inherit;\"><span dir=\"auto\" style=\"vertical-align: inherit;\">\u25cf NAGY KAPACIT\u00c1S BIO TERM\u00c9KEKHEZ<\/span><\/span><\/span><\/span><\/p>\n<p><span style=\"vertical-align: inherit;\"><span style=\"vertical-align: inherit;\"><span dir=\"auto\" style=\"vertical-align: inherit;\"><span dir=\"auto\" style=\"vertical-align: inherit;\">Az akril szerkezet nagy kapacit\u00e1st tesz lehet\u0151v\u00e9 olyan alkalmaz\u00e1sokban, ahol magas a szervesanyag-tartalom a v\u00edzben. Ez kiv\u00e1l\u00f3 ellen\u00e1ll\u00e1st biztos\u00edt a szerves szennyez\u0151d\u00e9sekkel szemben.<\/span><\/span><\/span><\/span><\/p>\n<p><span style=\"vertical-align: inherit;\"><span style=\"vertical-align: inherit;\"><span dir=\"auto\" style=\"vertical-align: inherit;\"><span dir=\"auto\" style=\"vertical-align: inherit;\">\u25cf KIV\u00c1L\u00d3 REGENER\u00c1CI\u00d3S HAT\u00c9KONYS\u00c1G<\/span><\/span><\/span><\/span><\/p>\n<p><span style=\"vertical-align: inherit;\"><span style=\"vertical-align: inherit;\"><span dir=\"auto\" style=\"vertical-align: inherit;\"><span dir=\"auto\" style=\"vertical-align: inherit;\">A jobb kinetikai jellemz\u0151k \u00e9s az alacsony kl\u00f3rszelektivit\u00e1s magas regener\u00e1ci\u00f3s hat\u00e9konys\u00e1got biztos\u00edtanak.<\/span><\/span><\/span><\/span><\/p>\n<p><span style=\"vertical-align: inherit;\"><span style=\"vertical-align: inherit;\"><span dir=\"auto\" style=\"vertical-align: inherit;\"><span dir=\"auto\" style=\"vertical-align: inherit;\">\u25cf MAGAS FIZIKAI STABILIT\u00c1S<\/span><\/span><\/span><\/span><\/p>\n<p><span style=\"vertical-align: inherit;\"><span style=\"vertical-align: inherit;\"><span dir=\"auto\" style=\"vertical-align: inherit;\"><span dir=\"auto\" style=\"vertical-align: inherit;\">A t\u00f6bb mint 93%-os g\u00f6mbszer\u0171s\u00e9g, a magas mechanikai tulajdons\u00e1gok \u00e9s az egyenletes r\u00e9szecskem\u00e9ret kombin\u00e1ci\u00f3ja nagyfok\u00fa ellen\u00e1ll\u00e1st biztos\u00edt a mechanikai, termikus vagy ozmotikus terhel\u00e9sek okozta r\u00e9szecsket\u00f6r\u00e9ssel szemben.<\/span><\/span><\/span><\/span><\/p>\n<p>&nbsp;<\/p>\n<p><span style=\"vertical-align: inherit;\"><span style=\"vertical-align: inherit;\"><span dir=\"auto\" style=\"vertical-align: inherit;\"><span dir=\"auto\" style=\"vertical-align: inherit;\">FIZIKAI \u00c9S K\u00c9MIAI TULAJDONS\u00c1GOK<\/span><\/span><\/span><\/span><\/p>\n<table style=\"width: 569px;\" border=\"1\" cellspacing=\"0\">\n<tbody>\n<tr>\n<td style=\"width: 283px;\" colspan=\"2\">\n<p style=\"margin-left: 5.4500pt;\"><span style=\"vertical-align: inherit;\"><span style=\"vertical-align: inherit;\"><span dir=\"auto\" style=\"vertical-align: inherit;\"><span dir=\"auto\" style=\"vertical-align: inherit;\">Megjelen\u00e9s<\/span><\/span><\/span><\/span><\/p>\n<\/td>\n<td style=\"width: 286px;\">\n<p style=\"margin-left: 29.8000pt;\"><span style=\"vertical-align: inherit;\"><span style=\"vertical-align: inherit;\"><span dir=\"auto\" style=\"vertical-align: inherit;\"><span dir=\"auto\" style=\"vertical-align: inherit;\">Tejszer\u0171en \u00e1tl\u00e1tsz\u00f3 g\u00f6mbszeletek<\/span><\/span><\/span><\/span><\/p>\n<\/td>\n<\/tr>\n<tr>\n<td style=\"width: 283px;\" colspan=\"2\">\n<p style=\"margin-left: 5.6500pt;\"><span style=\"vertical-align: inherit;\"><span style=\"vertical-align: inherit;\"><span dir=\"auto\" style=\"vertical-align: inherit;\"><span dir=\"auto\" style=\"vertical-align: inherit;\">Polimer m\u00e1trix<\/span><\/span><\/span><\/span><\/p>\n<\/td>\n<td style=\"width: 286px;\">\n<p style=\"margin-left: 79.9500pt;\"><span style=\"vertical-align: inherit;\"><span style=\"vertical-align: inherit;\"><span dir=\"auto\" style=\"vertical-align: inherit;\"><span dir=\"auto\" style=\"vertical-align: inherit;\">Akrilsav<\/span><\/span><\/span><\/span><\/p>\n<\/td>\n<\/tr>\n<tr>\n<td style=\"width: 283px;\" colspan=\"2\">\n<p style=\"margin-left: 5.7500pt;\"><span dir=\"auto\" style=\"vertical-align: inherit;\"><span dir=\"auto\" style=\"vertical-align: inherit;\">T\u00edpus<\/span><\/span><\/p>\n<\/td>\n<td style=\"width: 286px;\">\n<p style=\"margin-left: 52.4000pt;\"><span style=\"vertical-align: inherit;\"><span style=\"vertical-align: inherit;\"><span dir=\"auto\" style=\"vertical-align: inherit;\"><span dir=\"auto\" style=\"vertical-align: inherit;\">G\u00e9l Er\u0151s Alapoz\u00f3 II. T\u00edpus<\/span><\/span><\/span><\/span><\/p>\n<\/td>\n<\/tr>\n<tr>\n<td style=\"width: 283px;\" colspan=\"2\">\n<p style=\"margin-left: 5.6000pt;\"><span style=\"vertical-align: inherit;\"><span style=\"vertical-align: inherit;\"><span dir=\"auto\" style=\"vertical-align: inherit;\"><span dir=\"auto\" style=\"vertical-align: inherit;\">Funkcion\u00e1lis csoport<\/span><\/span><\/span><\/span><\/p>\n<\/td>\n<td style=\"width: 286px;\">\n<p style=\"margin-left: 70.6000pt;\"><span style=\"vertical-align: inherit;\"><span style=\"vertical-align: inherit;\"><span dir=\"auto\" style=\"vertical-align: inherit;\"><span dir=\"auto\" style=\"vertical-align: inherit;\">P\u2014H+ (CH3)3 X-<\/span><\/span><\/span><\/span><\/p>\n<\/td>\n<\/tr>\n<tr>\n<td style=\"width: 283px;\" colspan=\"2\">\n<p style=\"margin-left: 5.6000pt;\"><span style=\"vertical-align: inherit;\"><span style=\"vertical-align: inherit;\"><span dir=\"auto\" style=\"vertical-align: inherit;\"><span dir=\"auto\" style=\"vertical-align: inherit;\">Ionos forma<\/span><\/span><\/span><\/span><\/p>\n<\/td>\n<td style=\"width: 286px;\">\n<p style=\"margin-left: 102.0500pt;\"><span style=\"vertical-align: inherit;\"><span style=\"vertical-align: inherit;\"><span dir=\"auto\" style=\"vertical-align: inherit;\"><span dir=\"auto\" style=\"vertical-align: inherit;\">Cl<\/span><\/span><\/span><\/span><\/p>\n<\/td>\n<\/tr>\n<tr>\n<td style=\"width: 283px;\" colspan=\"2\">\n<p style=\"margin-left: 5.6000pt;\"><span style=\"vertical-align: inherit;\"><span style=\"vertical-align: inherit;\"><span dir=\"auto\" style=\"vertical-align: inherit;\"><span dir=\"auto\" style=\"vertical-align: inherit;\">Nedvess\u00e9gtartalom %<\/span><\/span><\/span><\/span><\/p>\n<\/td>\n<td style=\"width: 286px;\">\n<p style=\"margin-left: 97.6000pt;\"><span style=\"vertical-align: inherit;\"><span style=\"vertical-align: inherit;\"><span dir=\"auto\" style=\"vertical-align: inherit;\"><span dir=\"auto\" style=\"vertical-align: inherit;\">54-64<\/span><\/span><\/span><\/span><\/p>\n<\/td>\n<\/tr>\n<tr>\n<td style=\"width: 283px;\" colspan=\"2\">\n<p style=\"margin-left: 5.8000pt;\"><span style=\"vertical-align: inherit;\"><span style=\"vertical-align: inherit;\"><span dir=\"auto\" style=\"vertical-align: inherit;\"><span dir=\"auto\" style=\"vertical-align: inherit;\">Kapacit\u00e1s t\u00e9rfogat szerint mmol\/ml<\/span><\/span><\/span><\/span><\/p>\n<\/td>\n<td style=\"width: 286px;\">\n<p style=\"margin-left: 93.8000pt;\"><span style=\"vertical-align: inherit;\"><span style=\"vertical-align: inherit;\"><span dir=\"auto\" style=\"vertical-align: inherit;\"><span dir=\"auto\" style=\"vertical-align: inherit;\">\u2265 1,2<\/span><\/span><\/span><\/span><\/p>\n<\/td>\n<\/tr>\n<tr>\n<td style=\"width: 283px;\" colspan=\"2\">\n<p style=\"margin-left: 5.9000pt;\"><span style=\"vertical-align: inherit;\"><span style=\"vertical-align: inherit;\"><span dir=\"auto\" style=\"vertical-align: inherit;\"><span dir=\"auto\" style=\"vertical-align: inherit;\">Sz\u00e1ll\u00edt\u00e1si s\u00faly g\/ml<\/span><\/span><\/span><\/span><\/p>\n<\/td>\n<td style=\"width: 286px;\">\n<p style=\"margin-left: 84.9000pt;\"><span style=\"vertical-align: inherit;\"><span style=\"vertical-align: inherit;\"><span dir=\"auto\" style=\"vertical-align: inherit;\"><span dir=\"auto\" style=\"vertical-align: inherit;\">0,68\u20130,75<\/span><\/span><\/span><\/span><\/p>\n<\/td>\n<\/tr>\n<tr>\n<td style=\"width: 130px;\">\n<p style=\"margin-left: 5.5000pt;\"><span style=\"vertical-align: inherit;\"><span style=\"vertical-align: inherit;\"><span dir=\"auto\" style=\"vertical-align: inherit;\"><span dir=\"auto\" style=\"vertical-align: inherit;\">S\u0171r\u0171s\u00e9g<\/span><\/span><\/span><\/span><\/p>\n<\/td>\n<td style=\"width: 153px;\">\n<p style=\"margin-left: 58.1500pt;\"><span style=\"vertical-align: inherit;\"><span style=\"vertical-align: inherit;\"><span dir=\"auto\" style=\"vertical-align: inherit;\"><span dir=\"auto\" style=\"vertical-align: inherit;\">g\/ml<\/span><\/span><\/span><\/span><\/p>\n<\/td>\n<td style=\"width: 286px;\">\n<p style=\"margin-left: 87.4000pt;\"><span style=\"vertical-align: inherit;\"><span style=\"vertical-align: inherit;\"><span dir=\"auto\" style=\"vertical-align: inherit;\"><span dir=\"auto\" style=\"vertical-align: inherit;\">1.05-1.10<\/span><\/span><\/span><\/span><\/p>\n<\/td>\n<\/tr>\n<tr>\n<td style=\"width: 283px;\" colspan=\"2\">\n<p style=\"margin-left: 5.8000pt;\"><span style=\"vertical-align: inherit;\"><span style=\"vertical-align: inherit;\"><span dir=\"auto\" style=\"vertical-align: inherit;\"><span dir=\"auto\" style=\"vertical-align: inherit;\">Szemcsem\u00e9ret (0,315-1,25 mm) %<\/span><\/span><\/span><\/span><\/p>\n<\/td>\n<td style=\"width: 286px;\">\n<p style=\"margin-left: 95.1000pt;\"><span style=\"vertical-align: inherit;\"><span style=\"vertical-align: inherit;\"><span dir=\"auto\" style=\"vertical-align: inherit;\"><span dir=\"auto\" style=\"vertical-align: inherit;\">\u2265 95<\/span><\/span><\/span><\/span><\/p>\n<\/td>\n<\/tr>\n<\/tbody>\n<\/table>\n<p>&nbsp;<\/p>\n<div>\n<table style=\"width: 569px;\" border=\"1\" cellspacing=\"0\">\n<tbody>\n<tr>\n<td style=\"width: 283px;\">\n<p style=\"margin-left: 5.6000pt;\"><span style=\"vertical-align: inherit;\"><span style=\"vertical-align: inherit;\"><span dir=\"auto\" style=\"vertical-align: inherit;\"><span dir=\"auto\" style=\"vertical-align: inherit;\">Hat\u00e9kony r\u00e9szecskem\u00e9ret-tartom\u00e1ny mm<\/span><\/span><\/span><\/span><\/p>\n<\/td>\n<td style=\"width: 286px;\">\n<p style=\"margin-left: 84.9000pt;\"><span style=\"vertical-align: inherit;\"><span style=\"vertical-align: inherit;\"><span dir=\"auto\" style=\"vertical-align: inherit;\"><span dir=\"auto\" style=\"vertical-align: inherit;\">0,45\u20130,70<\/span><\/span><\/span><\/span><\/p>\n<\/td>\n<\/tr>\n<tr>\n<td style=\"width: 283px;\">\n<p style=\"margin-left: 5.6000pt;\"><span style=\"vertical-align: inherit;\"><span style=\"vertical-align: inherit;\"><span dir=\"auto\" style=\"vertical-align: inherit;\"><span dir=\"auto\" style=\"vertical-align: inherit;\">Homogenit\u00e1si egy\u00fctthat\u00f3<\/span><\/span><\/span><\/span><\/p>\n<\/td>\n<td style=\"width: 286px;\">\n<p style=\"margin-left: 90.9000pt;\"><span style=\"vertical-align: inherit;\"><span style=\"vertical-align: inherit;\"><span dir=\"auto\" style=\"vertical-align: inherit;\"><span dir=\"auto\" style=\"vertical-align: inherit;\">\u2264 1,60<\/span><\/span><\/span><\/span><\/p>\n<\/td>\n<\/tr>\n<tr>\n<td style=\"width: 283px;\">\n<p style=\"margin-left: 5.6000pt;\"><span style=\"vertical-align: inherit;\"><span style=\"vertical-align: inherit;\"><span dir=\"auto\" style=\"vertical-align: inherit;\"><span dir=\"auto\" style=\"vertical-align: inherit;\">M\u0171k\u00f6d\u00e9si pH-tartom\u00e1ny<\/span><\/span><\/span><\/span><\/p>\n<\/td>\n<td style=\"width: 286px;\">\n<p style=\"margin-left: 75.8000pt;\"><span style=\"vertical-align: inherit;\"><span style=\"vertical-align: inherit;\"><span dir=\"auto\" style=\"vertical-align: inherit;\"><span dir=\"auto\" style=\"vertical-align: inherit;\">1\u201314<\/span><\/span><\/span><\/span><\/p>\n<\/td>\n<\/tr>\n<tr>\n<td style=\"width: 283px;\">\n<p style=\"margin-left: 5.7000pt;\"><span dir=\"auto\" style=\"vertical-align: inherit;\"><span dir=\"auto\" style=\"vertical-align: inherit;\">Max. v\u00edzh\u0151m\u00e9rs\u00e9klet<\/span><\/span><\/p>\n<\/td>\n<td style=\"width: 286px;\">\n<p style=\"margin-left: 59.7500pt;\"><span style=\"vertical-align: inherit;\"><span style=\"vertical-align: inherit;\"><span dir=\"auto\" style=\"vertical-align: inherit;\"><span dir=\"auto\" style=\"vertical-align: inherit;\">+ 50\u00b0C<\/span><\/span><\/span><\/span><\/p>\n<\/td>\n<\/tr>\n<tr>\n<td style=\"width: 283px;\">\n<p style=\"margin-left: 5.7000pt;\"><span style=\"vertical-align: inherit;\"><span style=\"vertical-align: inherit;\"><span dir=\"auto\" style=\"vertical-align: inherit;\"><span dir=\"auto\" style=\"vertical-align: inherit;\">Max. feldolgoz\u00e1si sebess\u00e9g<\/span><\/span><\/span><\/span><\/p>\n<\/td>\n<td style=\"width: 286px;\">\n<p style=\"margin-left: 66.3500pt;\"><span style=\"vertical-align: inherit;\"><span style=\"vertical-align: inherit;\"><span dir=\"auto\" style=\"vertical-align: inherit;\"><span dir=\"auto\" style=\"vertical-align: inherit;\">5,0 m\/perc<\/span><\/span><\/span><\/span><\/p>\n<\/td>\n<\/tr>\n<\/tbody>\n<\/table>\n<\/div>\n<p>&nbsp;<\/td>\n<\/tr>\n<\/tbody>\n<\/table>\n<div id=\"gtx-trans\" style=\"position: absolute; left: 174px; top: 1.63068px;\">\n<div class=\"gtx-trans-icon\"><\/div>\n<\/div>\n","protected":false},"excerpt":{"rendered":"<p>ZGA313 Er\u0151sen b\u00e1zikus anioncser\u00e9l\u0151 gyanta TERM\u00c9KLE\u00cdR\u00c1SA ZGA313 egy I. t\u00edpus\u00fa anioncser\u00e9l\u0151 g\u00e9lgyanta er\u0151s b\u00e1zissal \u00e9s akril b\u00e1zissal. Az akril m\u00e1trix kiv\u00e1l\u00f3 szervesanyag-elt\u00e1vol\u00edt\u00e1st biztos\u00edt a t\u00e1pv\u00edzb\u0151l, majd a regener\u00e1l\u00e1s sor\u00e1n is elt\u00e1vol\u00edtja azt, hogy megv\u00e9dje a szerves szennyez\u0151d\u00e9sekt\u0151l. Ezt a gyant\u00e1t tiszta \u00e9s ultratiszta v\u00edz el\u0151\u00e1ll\u00edt\u00e1s\u00e1ra haszn\u00e1lj\u00e1k I. t\u00edpus\u00fa polisztirol gyanta helyett. K\u00fcl\u00f6n\u00f6sen alkalmas magas szervesanyag-tartalm\u00fa&#8230;<\/p>\n","protected":false},"featured_media":1938,"comment_status":"closed","ping_status":"closed","template":"","meta":[],"product_cat":[560,508],"product_tag":[],"class_list":["post-3047","product","type-product","status-publish","has-post-thumbnail","hentry","product_cat-egyeb-gyantak","product_cat-termekek"],"_links":{"self":[{"href":"https:\/\/hydrolite.eu\/hu\/wp-json\/wp\/v2\/product\/3047","targetHints":{"allow":["GET"]}}],"collection":[{"href":"https:\/\/hydrolite.eu\/hu\/wp-json\/wp\/v2\/product"}],"about":[{"href":"https:\/\/hydrolite.eu\/hu\/wp-json\/wp\/v2\/types\/product"}],"replies":[{"embeddable":true,"href":"https:\/\/hydrolite.eu\/hu\/wp-json\/wp\/v2\/comments?post=3047"}],"wp:featuredmedia":[{"embeddable":true,"href":"https:\/\/hydrolite.eu\/hu\/wp-json\/wp\/v2\/media\/1938"}],"wp:attachment":[{"href":"https:\/\/hydrolite.eu\/hu\/wp-json\/wp\/v2\/media?parent=3047"}],"wp:term":[{"taxonomy":"product_cat","embeddable":true,"href":"https:\/\/hydrolite.eu\/hu\/wp-json\/wp\/v2\/product_cat?post=3047"},{"taxonomy":"product_tag","embeddable":true,"href":"https:\/\/hydrolite.eu\/hu\/wp-json\/wp\/v2\/product_tag?post=3047"}],"curies":[{"name":"wp","href":"https:\/\/api.w.org\/{rel}","templated":true}]}}