{"id":3038,"date":"2025-09-21T13:39:31","date_gmt":"2025-10-05T13:48:52","guid":{"rendered":"https:\/\/hydrolite.eu\/?post_type=product&#038;p=3038"},"modified":"2025-10-05T16:48:52","modified_gmt":"2025-10-05T13:48:52","slug":"zga302-eros-bazisu-anioncserelo-gyanta-ii-tipus","status":"publish","type":"product","link":"https:\/\/hydrolite.eu\/hu\/product\/zga302-eros-bazisu-anioncserelo-gyanta-ii-tipus\/","title":{"rendered":"ZGA302 Er\u0151s b\u00e1zis\u00fa anioncser\u00e9l\u0151 gyanta II. t\u00edpus"},"content":{"rendered":"<table border=\"0\" width=\"100%\" cellspacing=\"1\" cellpadding=\"0\" align=\"center\" bgcolor=\"dee8f3\">\n<tbody>\n<tr>\n<td align=\"left\" bgcolor=\"054696\" width=\"70%\" height=\"50\">\n<div class=\"zzzzz1\" align=\"center\"><span style=\"vertical-align: inherit;\"><span style=\"vertical-align: inherit;\"><span dir=\"auto\" style=\"vertical-align: inherit;\"><span dir=\"auto\" style=\"vertical-align: inherit;\">ZGA302 Er\u0151s b\u00e1zis\u00fa anioncser\u00e9l\u0151 gyanta II. t\u00edpus<\/span><\/span><\/span><\/span><\/div>\n<\/td>\n<\/tr>\n<tr>\n<td style=\"padding: 20px;\" align=\"left\" bgcolor=\"#FFFFFF\"><span style=\"vertical-align: inherit;\"><span style=\"vertical-align: inherit;\"><span dir=\"auto\" style=\"vertical-align: inherit;\"><span dir=\"auto\" style=\"vertical-align: inherit;\">TERM\u00c9KLE\u00cdR\u00c1S<\/span><\/span><\/span><\/span><span style=\"vertical-align: inherit;\"><span style=\"vertical-align: inherit;\"><span dir=\"auto\" style=\"vertical-align: inherit;\"><span dir=\"auto\" style=\"vertical-align: inherit;\">A ZGA302 egy standard II. t\u00edpus\u00fa g\u00e9l, er\u0151s b\u00e1zis\u00fa anioncser\u00e9l\u0151 gyanta kvaterner amm\u00f3niumcsoporttal \u00e9s sztirol-DVB kopolimer m\u00e1trixszal. Nagy m\u0171k\u00f6d\u00e9si kapacit\u00e1ssal \u00e9s kiv\u00e1l\u00f3 regener\u00e1ci\u00f3s hat\u00e9konys\u00e1ggal rendelkezik. Ez a gyanta jobban ellen\u00e1ll a szerves szennyez\u0151d\u00e9seknek, mint a II. t\u00edpus\u00fa er\u0151s b\u00e1zis\u00fa anioncser\u00e9l\u0151 gyant\u00e1k. Alkalmas magas \u00e1sv\u00e1nyianyag- \u00e9s szervesanyag-koncentr\u00e1ci\u00f3j\u00fa v\u00edzhez. A ZGA302 minden t\u00edpus\u00fa \u00e1sv\u00e1nyianyag-mentes\u00edt\u0151ben haszn\u00e1lhat\u00f3.<\/span><\/span><\/span><\/span><\/p>\n<p><span style=\"vertical-align: inherit;\"><span style=\"vertical-align: inherit;\"><span dir=\"auto\" style=\"vertical-align: inherit;\"><span dir=\"auto\" style=\"vertical-align: inherit;\">JELLEMZ\u0150K \u00c9S EL\u0150NY\u00d6K<\/span><\/span><\/span><\/span><\/p>\n<p><span style=\"vertical-align: inherit;\"><span style=\"vertical-align: inherit;\"><span dir=\"auto\" style=\"vertical-align: inherit;\"><span dir=\"auto\" style=\"vertical-align: inherit;\">\u25cf FINOM R\u00c9SZECSKEM\u00c9RET<\/span><\/span><\/span><\/span><\/p>\n<p><span style=\"vertical-align: inherit;\"><span style=\"vertical-align: inherit;\"><span dir=\"auto\" style=\"vertical-align: inherit;\"><span dir=\"auto\" style=\"vertical-align: inherit;\">Az \u00f6sszes r\u00e9szecske 95%-a a megadott tartom\u00e1nyon bel\u00fcl van, ami alacsonyabb nyom\u00e1ses\u00e9st \u00e9s jobb kinetik\u00e1t biztos\u00edt.<\/span><\/span><\/span><\/span><\/p>\n<p><span style=\"vertical-align: inherit;\"><span style=\"vertical-align: inherit;\"><span dir=\"auto\" style=\"vertical-align: inherit;\"><span dir=\"auto\" style=\"vertical-align: inherit;\">\u25cf Ellen\u00e1ll a szerves szennyez\u0151d\u00e9snek \u00e9s nagy munkak\u00e9pess\u00e9g\u0171<\/span><\/span><\/span><\/span><\/p>\n<p><span style=\"vertical-align: inherit;\"><span style=\"vertical-align: inherit;\"><span dir=\"auto\" style=\"vertical-align: inherit;\"><span dir=\"auto\" style=\"vertical-align: inherit;\">A gyanta nagyobb regener\u00e1ci\u00f3s hat\u00e9konys\u00e1got \u00e9s kiv\u00e1l\u00f3 ellen\u00e1ll\u00e1st biztos\u00edt a szerves szennyez\u0151d\u00e9sekkel szemben a II. t\u00edpus\u00fa funkcion\u00e1lis csoportj\u00e1nak k\u00f6sz\u00f6nhet\u0151en.<\/span><\/span><\/span><\/span><\/p>\n<p><span style=\"vertical-align: inherit;\"><span style=\"vertical-align: inherit;\"><span dir=\"auto\" style=\"vertical-align: inherit;\"><span dir=\"auto\" style=\"vertical-align: inherit;\">\u25cf MAGAS FIZIKAI STABILIT\u00c1S<\/span><\/span><\/span><\/span><\/p>\n<p><span style=\"vertical-align: inherit;\"><span style=\"vertical-align: inherit;\"><span dir=\"auto\" style=\"vertical-align: inherit;\"><span dir=\"auto\" style=\"vertical-align: inherit;\">A gyanta magas mechanikai, termikus \u00e9s ozmotikus stabilit\u00e1ssal, valamint kiv\u00e1l\u00f3 dinamikus tulajdons\u00e1gokkal rendelkezik.<\/span><\/span><\/span><\/span><\/p>\n<p>&nbsp;<\/p>\n<p><span style=\"vertical-align: inherit;\"><span style=\"vertical-align: inherit;\"><span dir=\"auto\" style=\"vertical-align: inherit;\"><span dir=\"auto\" style=\"vertical-align: inherit;\">FIZIKAI \u00c9S K\u00c9MIAI TULAJDONS\u00c1GOK<\/span><\/span><\/span><\/span><\/p>\n<table style=\"width: 569px;\" border=\"1\" cellspacing=\"0\">\n<tbody>\n<tr>\n<td style=\"width: 283px;\" colspan=\"2\"><span style=\"vertical-align: inherit;\"><span style=\"vertical-align: inherit;\"><span dir=\"auto\" style=\"vertical-align: inherit;\"><span dir=\"auto\" style=\"vertical-align: inherit;\">Megjelen\u00e9s<\/span><\/span><\/span><\/span><\/td>\n<td style=\"width: 285px;\"><span style=\"vertical-align: inherit;\"><span style=\"vertical-align: inherit;\"><span dir=\"auto\" style=\"vertical-align: inherit;\"><span dir=\"auto\" style=\"vertical-align: inherit;\">Feh\u00e9r vagy vil\u00e1gos s\u00e1rga g\u00f6mb alak\u00fa szemcs\u00e9k<\/span><\/span><\/span><\/span><\/td>\n<\/tr>\n<tr>\n<td style=\"width: 283px;\" colspan=\"2\"><span style=\"vertical-align: inherit;\"><span style=\"vertical-align: inherit;\"><span dir=\"auto\" style=\"vertical-align: inherit;\"><span dir=\"auto\" style=\"vertical-align: inherit;\">Polimer m\u00e1trix<\/span><\/span><\/span><\/span><\/td>\n<td style=\"width: 285px;\"><span dir=\"auto\" style=\"vertical-align: inherit;\"><span dir=\"auto\" style=\"vertical-align: inherit;\">Stirol-DVB<\/span><\/span><\/td>\n<\/tr>\n<tr>\n<td style=\"width: 283px;\" colspan=\"2\"><span dir=\"auto\" style=\"vertical-align: inherit;\"><span dir=\"auto\" style=\"vertical-align: inherit;\">T\u00edpus<\/span><\/span><\/td>\n<td style=\"width: 285px;\"><span style=\"vertical-align: inherit;\"><span style=\"vertical-align: inherit;\"><span dir=\"auto\" style=\"vertical-align: inherit;\"><span dir=\"auto\" style=\"vertical-align: inherit;\">II. t\u00edpus\u00fa er\u0151sen b\u00e1zikus g\u00e9l<\/span><\/span><\/span><\/span><\/td>\n<\/tr>\n<tr>\n<td style=\"width: 283px;\" colspan=\"2\"><span style=\"vertical-align: inherit;\"><span style=\"vertical-align: inherit;\"><span dir=\"auto\" style=\"vertical-align: inherit;\"><span dir=\"auto\" style=\"vertical-align: inherit;\">Funkcion\u00e1lis csoport<\/span><\/span><\/span><\/span><\/td>\n<td style=\"width: 285px;\"><span style=\"vertical-align: inherit;\"><span style=\"vertical-align: inherit;\"><span dir=\"auto\" style=\"vertical-align: inherit;\"><span dir=\"auto\" style=\"vertical-align: inherit;\">P\u2014 H+(CHR 3R )R 2RP &#8230;<\/span><\/span><\/span><\/span><\/td>\n<\/tr>\n<tr>\n<td style=\"width: 283px;\" colspan=\"2\"><span style=\"vertical-align: inherit;\"><span style=\"vertical-align: inherit;\"><span dir=\"auto\" style=\"vertical-align: inherit;\"><span dir=\"auto\" style=\"vertical-align: inherit;\">Ionos forma<\/span><\/span><\/span><\/span><\/td>\n<td style=\"width: 285px;\"><span style=\"vertical-align: inherit;\"><span style=\"vertical-align: inherit;\"><span dir=\"auto\" style=\"vertical-align: inherit;\"><span dir=\"auto\" style=\"vertical-align: inherit;\">Cl-<\/span><\/span><\/span><\/span><\/td>\n<\/tr>\n<tr>\n<td style=\"width: 283px;\" colspan=\"2\"><span style=\"vertical-align: inherit;\"><span style=\"vertical-align: inherit;\"><span dir=\"auto\" style=\"vertical-align: inherit;\"><span dir=\"auto\" style=\"vertical-align: inherit;\">Nedvess\u00e9gtartalom %<\/span><\/span><\/span><\/span><\/td>\n<td style=\"width: 285px;\"><span style=\"vertical-align: inherit;\"><span style=\"vertical-align: inherit;\"><span dir=\"auto\" style=\"vertical-align: inherit;\"><span dir=\"auto\" style=\"vertical-align: inherit;\">36 &#8211; 46<\/span><\/span><\/span><\/span><\/td>\n<\/tr>\n<\/tbody>\n<\/table>\n<p>&nbsp;<\/p>\n<table style=\"width: 565px;\" border=\"1\" cellspacing=\"0\">\n<tbody>\n<tr>\n<td style=\"width: 235px;\" colspan=\"2\"><span style=\"vertical-align: inherit;\"><span style=\"vertical-align: inherit;\"><span dir=\"auto\" style=\"vertical-align: inherit;\"><span dir=\"auto\" style=\"vertical-align: inherit;\">pH-tartom\u00e1ny<\/span><\/span><\/span><\/span><\/td>\n<td style=\"width: 329px;\" colspan=\"2\"><span style=\"vertical-align: inherit;\"><span style=\"vertical-align: inherit;\"><span dir=\"auto\" style=\"vertical-align: inherit;\"><span dir=\"auto\" style=\"vertical-align: inherit;\">1 \u2013 14<\/span><\/span><\/span><\/span><\/td>\n<\/tr>\n<tr>\n<td style=\"width: 235px;\" colspan=\"2\"><span style=\"vertical-align: inherit;\"><span style=\"vertical-align: inherit;\"><span dir=\"auto\" style=\"vertical-align: inherit;\"><span dir=\"auto\" style=\"vertical-align: inherit;\">Maxim\u00e1lis h\u0151m\u00e9rs\u00e9klet \u00b0C<\/span><\/span><\/span><\/span><\/td>\n<td style=\"width: 168px;\"><span dir=\"auto\" style=\"vertical-align: inherit;\"><span dir=\"auto\" style=\"vertical-align: inherit;\">\u2264 60 (Cl forma)<\/span><\/span><\/td>\n<td style=\"width: 162px;\"><span dir=\"auto\" style=\"vertical-align: inherit;\"><span dir=\"auto\" style=\"vertical-align: inherit;\">\u2264 40 (OH forma)<\/span><\/span><\/td>\n<\/tr>\n<\/tbody>\n<\/table>\n<p>&nbsp;<\/p>\n<p><span style=\"vertical-align: inherit;\"><span style=\"vertical-align: inherit;\"><span dir=\"auto\" style=\"vertical-align: inherit;\"><span dir=\"auto\" style=\"vertical-align: inherit;\">ALKALMAZ\u00c1S<\/span><\/span><\/span><\/span><\/p>\n<p><span style=\"vertical-align: inherit;\"><span style=\"vertical-align: inherit;\"><span dir=\"auto\" style=\"vertical-align: inherit;\"><span dir=\"auto\" style=\"vertical-align: inherit;\">A ZGA302 kiv\u00e1l\u00f3 fizikai stabilit\u00e1st \u00e9s magas regener\u00e1ci\u00f3s hat\u00e9konys\u00e1got mutat. A szerves szennyez\u0151d\u00e9sekkel szembeni magas ellen\u00e1ll\u00e1sa hossz\u00fa \u00e9lettartamot biztos\u00edt, k\u00fcl\u00f6n\u00f6sen az \u00e1sv\u00e1nyi anyagokban \u00e9s szerves adal\u00e9kokban gazdag vizet kezel\u0151 v\u00edzkezel\u0151 rendszerekben.<\/span><\/span><\/span><\/span><\/td>\n<\/tr>\n<\/tbody>\n<\/table>\n","protected":false},"excerpt":{"rendered":"<p>ZGA302 Er\u0151s b\u00e1zis\u00fa anioncser\u00e9l\u0151 gyanta II. t\u00edpus TERM\u00c9KLE\u00cdR\u00c1SA ZGA302 egy standard II. t\u00edpus\u00fa g\u00e9l, er\u0151s b\u00e1zis\u00fa anioncser\u00e9l\u0151 gyanta kvaterner amm\u00f3niumcsoporttal \u00e9s sztirol-DVB kopolimer m\u00e1trixszal. Nagy m\u0171k\u00f6d\u00e9si kapacit\u00e1ssal \u00e9s kiv\u00e1l\u00f3 regener\u00e1ci\u00f3s hat\u00e9konys\u00e1ggal rendelkezik. Ez a gyanta jobban ellen\u00e1ll a szerves szennyez\u0151d\u00e9seknek, mint a II. t\u00edpus\u00fa er\u0151s b\u00e1zis\u00fa anioncser\u00e9l\u0151 gyant\u00e1k. Alkalmas magas \u00e1sv\u00e1nyianyag- \u00e9s szervesanyag-koncentr\u00e1ci\u00f3j\u00fa v\u00edzhez. A&#8230;<\/p>\n","protected":false},"featured_media":1938,"comment_status":"closed","ping_status":"closed","template":"","meta":[],"product_cat":[560,508],"product_tag":[],"class_list":["post-3038","product","type-product","status-publish","has-post-thumbnail","hentry","product_cat-egyeb-gyantak","product_cat-termekek"],"_links":{"self":[{"href":"https:\/\/hydrolite.eu\/hu\/wp-json\/wp\/v2\/product\/3038","targetHints":{"allow":["GET"]}}],"collection":[{"href":"https:\/\/hydrolite.eu\/hu\/wp-json\/wp\/v2\/product"}],"about":[{"href":"https:\/\/hydrolite.eu\/hu\/wp-json\/wp\/v2\/types\/product"}],"replies":[{"embeddable":true,"href":"https:\/\/hydrolite.eu\/hu\/wp-json\/wp\/v2\/comments?post=3038"}],"wp:featuredmedia":[{"embeddable":true,"href":"https:\/\/hydrolite.eu\/hu\/wp-json\/wp\/v2\/media\/1938"}],"wp:attachment":[{"href":"https:\/\/hydrolite.eu\/hu\/wp-json\/wp\/v2\/media?parent=3038"}],"wp:term":[{"taxonomy":"product_cat","embeddable":true,"href":"https:\/\/hydrolite.eu\/hu\/wp-json\/wp\/v2\/product_cat?post=3038"},{"taxonomy":"product_tag","embeddable":true,"href":"https:\/\/hydrolite.eu\/hu\/wp-json\/wp\/v2\/product_tag?post=3038"}],"curies":[{"name":"wp","href":"https:\/\/api.w.org\/{rel}","templated":true}]}}