{"id":2144,"date":"2025-09-21T13:39:58","date_gmt":"2025-09-27T22:31:00","guid":{"rendered":"https:\/\/hydrolite.eu\/?post_type=product&#038;p=2144"},"modified":"2025-09-28T01:31:01","modified_gmt":"2025-09-27T22:31:01","slug":"zgd870b-furoeltavolito-gyanta","status":"publish","type":"product","link":"https:\/\/hydrolite.eu\/hu\/product\/zgd870b-furoeltavolito-gyanta\/","title":{"rendered":"ZGD870B f\u00far\u00f3elt\u00e1vol\u00edt\u00f3 gyanta"},"content":{"rendered":"<table border=\"0\" width=\"100%\" cellspacing=\"1\" cellpadding=\"0\" align=\"center\" bgcolor=\"dee8f3\">\n<tbody>\n<tr>\n<td align=\"left\" bgcolor=\"054696\" width=\"70%\" height=\"50\">\n<div class=\"zzzzz1\" align=\"center\"><span style=\"vertical-align: inherit;\"><span style=\"vertical-align: inherit;\"><span dir=\"auto\" style=\"vertical-align: inherit;\"><span dir=\"auto\" style=\"vertical-align: inherit;\">ZGD870B f\u00far\u00f3elt\u00e1vol\u00edt\u00f3 gyanta<\/span><\/span><\/span><\/span><\/div>\n<\/td>\n<\/tr>\n<tr>\n<td style=\"padding: 20px;\" align=\"left\" bgcolor=\"#FFFFFF\"><strong><span style=\"vertical-align: inherit;\"><span class=\"\" style=\"vertical-align: inherit;\"><span dir=\"auto\" style=\"vertical-align: inherit;\"><span dir=\"auto\" style=\"vertical-align: inherit;\">A &#8222;Hydrolite&#8221; <\/span><\/span><\/span><\/span><\/strong><span dir=\"auto\" style=\"vertical-align: inherit;\"><strong><span style=\"vertical-align: inherit;\"><span class=\"\" style=\"vertical-align: inherit;\"><span dir=\"auto\" style=\"vertical-align: inherit;\">ZG D870B<\/span><\/span><\/span><\/strong><span style=\"vertical-align: inherit;\"><span class=\"\" style=\"vertical-align: inherit;\"><span dir=\"auto\" style=\"vertical-align: inherit;\"> egy anioncser\u00e9l\u0151 gyanta, amely koordin\u00e1l\u00f3 aminocsoportokat tartalmaz egy makropor\u00f3zus szerkezet\u0171 mos\u00f3 kopolimerben. Ez a k\u00e9miai szerkezet el\u0151seg\u00edti a stabil b\u00f3rkomplexek k\u00e9pz\u0151d\u00e9s\u00e9t v\u00edzben, cs\u00f6kkentve a b\u00f3rkoncentr\u00e1ci\u00f3t a vizes oldatokban. Iv\u00f3- \u00e9s \u00f6nt\u00f6z\u0151v\u00edzb\u0151l b\u00f3r elt\u00e1vol\u00edt\u00e1s\u00e1ra haszn\u00e1lj\u00e1k, nagy kapacit\u00e1ssal \u00e9s magas ioncsere-ar\u00e1ny\u00fa tulajdons\u00e1gokkal rendelkezik. Kezel\u00e9s ut\u00e1n a b\u00f3rkoncentr\u00e1ci\u00f3 el\u00e9rheti a Nemzeti Iv\u00f3v\u00edz Szabv\u00e1ny (NDS) 0,5 mg\/l alatti \u00e9rt\u00e9k\u00e9t.<\/span><\/span><\/span><\/span><span style=\"vertical-align: inherit;\"><span class=\"\" style=\"vertical-align: inherit;\"> \u00a0<\/span><\/span><\/p>\n<p align=\"center\"><strong><span style=\"vertical-align: inherit;\"><span style=\"vertical-align: inherit;\"><span dir=\"auto\" style=\"vertical-align: inherit;\"><span dir=\"auto\" style=\"vertical-align: inherit;\">A ZG D870B fizikai-k\u00e9miai jellemz\u0151i<\/span><\/span><\/span><\/span><\/strong><\/p>\n<table style=\"width: 551px;\" border=\"1\" width=\"551\" cellspacing=\"0\" cellpadding=\"0\" align=\"center\">\n<tbody>\n<tr>\n<td style=\"width: 311px; height: 25px;\">\n<p align=\"center\"><strong><span dir=\"auto\" style=\"vertical-align: inherit;\"><span dir=\"auto\" style=\"vertical-align: inherit;\">Param\u00e9terek<\/span><\/span><\/strong><\/p>\n<\/td>\n<td style=\"width: 240px; height: 25px;\">\n<p align=\"center\"><strong><span style=\"vertical-align: inherit;\"><span style=\"vertical-align: inherit;\"><span dir=\"auto\" style=\"vertical-align: inherit;\"><span dir=\"auto\" style=\"vertical-align: inherit;\">Jelent\u00e9s<\/span><\/span><\/span><\/span><\/strong><\/p>\n<\/td>\n<\/tr>\n<tr>\n<td style=\"width: 311px; height: 14px;\"><span style=\"vertical-align: inherit;\"><span style=\"vertical-align: inherit;\"><span dir=\"auto\" style=\"vertical-align: inherit;\"><span dir=\"auto\" style=\"vertical-align: inherit;\">Megjelen\u00e9s<\/span><\/span><\/span><\/span><\/td>\n<td style=\"width: 240px; height: 14px;\">\n<p align=\"center\"><span style=\"vertical-align: inherit;\"><span style=\"vertical-align: inherit;\"><span dir=\"auto\" style=\"vertical-align: inherit;\"><span dir=\"auto\" style=\"vertical-align: inherit;\">Tejfeh\u00e9r vagy b\u00e9zs sz\u00edn\u0171, \u00e1tl\u00e1tszatlan granul\u00e1tumok<\/span><\/span><\/span><\/span><\/p>\n<\/td>\n<\/tr>\n<tr>\n<td style=\"width: 311px; height: 15px;\"><span style=\"vertical-align: inherit;\"><span style=\"vertical-align: inherit;\"><span dir=\"auto\" style=\"vertical-align: inherit;\"><span dir=\"auto\" style=\"vertical-align: inherit;\">Ionos forma<\/span><\/span><\/span><\/span><\/td>\n<td style=\"width: 240px; height: 15px;\">\n<p align=\"center\"><span style=\"vertical-align: inherit;\"><span class=\"\" style=\"vertical-align: inherit;\"><span dir=\"auto\" style=\"vertical-align: inherit;\"><span dir=\"auto\" style=\"vertical-align: inherit;\">OH<\/span><\/span><\/span><\/span><\/p>\n<\/td>\n<\/tr>\n<tr>\n<td style=\"width: 311px; height: 21px;\"><span style=\"vertical-align: inherit;\"><span style=\"vertical-align: inherit;\"><span dir=\"auto\" style=\"vertical-align: inherit;\"><span dir=\"auto\" style=\"vertical-align: inherit;\">T\u00e9rfogatcsere-kapacit\u00e1s, mmol\/ml<\/span><\/span><\/span><\/span><\/td>\n<td style=\"width: 240px; height: 21px;\">\n<p align=\"center\"><span style=\"vertical-align: inherit;\"><span style=\"vertical-align: inherit;\"><span dir=\"auto\" style=\"vertical-align: inherit;\"><span dir=\"auto\" style=\"vertical-align: inherit;\">\u22650,80<\/span><\/span><\/span><\/span><\/p>\n<\/td>\n<\/tr>\n<tr>\n<td style=\"width: 311px; height: 31px;\"><span style=\"vertical-align: inherit;\"><span style=\"vertical-align: inherit;\"><span dir=\"auto\" style=\"vertical-align: inherit;\"><span dir=\"auto\" style=\"vertical-align: inherit;\">Nedvess\u00e9gtartalom, %<\/span><\/span><\/span><\/span><\/td>\n<td style=\"width: 240px; height: 31px;\">\n<p align=\"center\"><span style=\"vertical-align: inherit;\"><span style=\"vertical-align: inherit;\"><span dir=\"auto\" style=\"vertical-align: inherit;\"><span dir=\"auto\" style=\"vertical-align: inherit;\">43~53<\/span><\/span><\/span><\/span><\/p>\n<\/td>\n<\/tr>\n<tr>\n<td style=\"width: 311px; height: 31px;\"><span style=\"vertical-align: inherit;\"><span style=\"vertical-align: inherit;\"><span dir=\"auto\" style=\"vertical-align: inherit;\"><span dir=\"auto\" style=\"vertical-align: inherit;\">Szemcsem\u00e9ret-tartom\u00e1ny, mm<\/span><\/span><\/span><\/span><\/td>\n<td style=\"width: 240px; height: 31px;\">\n<p align=\"center\"><span style=\"vertical-align: inherit;\"><span style=\"vertical-align: inherit;\"><span dir=\"auto\" style=\"vertical-align: inherit;\"><span dir=\"auto\" style=\"vertical-align: inherit;\">0,315~1,25<\/span><\/span><\/span><\/span><\/p>\n<\/td>\n<\/tr>\n<\/tbody>\n<\/table>\n<\/td>\n<\/tr>\n<\/tbody>\n<\/table>\n<div id=\"gtx-trans\" style=\"position: absolute; left: 99px; top: 74.3906px;\">\n<div class=\"gtx-trans-icon\"><\/div>\n<\/div>\n","protected":false},"excerpt":{"rendered":"<p>ZGD870B f\u00far\u00f3elt\u00e1vol\u00edt\u00f3 gyanta A &#8222;Hydrolite&#8221; ZG D870B egy anioncser\u00e9l\u0151 gyanta, amely koordin\u00e1l\u00f3 aminocsoportokat tartalmaz egy makropor\u00f3zus szerkezet\u0171 mos\u00f3 kopolimerben. Ez a k\u00e9miai szerkezet el\u0151seg\u00edti a stabil b\u00f3rkomplexek k\u00e9pz\u0151d\u00e9s\u00e9t v\u00edzben, cs\u00f6kkentve a b\u00f3rkoncentr\u00e1ci\u00f3t a vizes oldatokban. Iv\u00f3- \u00e9s \u00f6nt\u00f6z\u0151v\u00edzb\u0151l b\u00f3r elt\u00e1vol\u00edt\u00e1s\u00e1ra haszn\u00e1lj\u00e1k, nagy kapacit\u00e1ssal \u00e9s magas ioncsere-ar\u00e1ny\u00fa tulajdons\u00e1gokkal rendelkezik. Kezel\u00e9s ut\u00e1n a b\u00f3rkoncentr\u00e1ci\u00f3 el\u00e9rheti a Nemzeti&#8230;<\/p>\n","protected":false},"featured_media":1938,"comment_status":"closed","ping_status":"closed","template":"","meta":[],"product_cat":[421,534,299,508,326],"product_tag":[],"class_list":["post-2144","product","type-product","status-publish","has-post-thumbnail","hentry","product_cat-hidrometallurgia-es-banyaszat","product_cat-hidrometallurgiai-gyantak-hu","product_cat-ipar","product_cat-termekek","product_cat-uj-energia"],"_links":{"self":[{"href":"https:\/\/hydrolite.eu\/hu\/wp-json\/wp\/v2\/product\/2144","targetHints":{"allow":["GET"]}}],"collection":[{"href":"https:\/\/hydrolite.eu\/hu\/wp-json\/wp\/v2\/product"}],"about":[{"href":"https:\/\/hydrolite.eu\/hu\/wp-json\/wp\/v2\/types\/product"}],"replies":[{"embeddable":true,"href":"https:\/\/hydrolite.eu\/hu\/wp-json\/wp\/v2\/comments?post=2144"}],"wp:featuredmedia":[{"embeddable":true,"href":"https:\/\/hydrolite.eu\/hu\/wp-json\/wp\/v2\/media\/1938"}],"wp:attachment":[{"href":"https:\/\/hydrolite.eu\/hu\/wp-json\/wp\/v2\/media?parent=2144"}],"wp:term":[{"taxonomy":"product_cat","embeddable":true,"href":"https:\/\/hydrolite.eu\/hu\/wp-json\/wp\/v2\/product_cat?post=2144"},{"taxonomy":"product_tag","embeddable":true,"href":"https:\/\/hydrolite.eu\/hu\/wp-json\/wp\/v2\/product_tag?post=2144"}],"curies":[{"name":"wp","href":"https:\/\/api.w.org\/{rel}","templated":true}]}}