{"id":5465,"date":"2025-11-07T12:48:18","date_gmt":"2025-11-07T09:48:18","guid":{"rendered":"https:\/\/hydrolite.eu\/?page_id=5465"},"modified":"2025-11-07T12:48:18","modified_gmt":"2025-11-07T09:48:18","slug":"vallalat","status":"publish","type":"page","link":"https:\/\/hydrolite.eu\/hu\/vallalat\/","title":{"rendered":"V\u00e1llalat"},"content":{"rendered":"\t<div id=\"gap-156167795\" class=\"gap-element clearfix\" style=\"display:block; height:auto;\">\n\t\t\n<style>\n#gap-156167795 {\n  padding-top: 30px;\n}\n<\/style>\n\t<\/div>\n\t\n<div class=\"row row-large row-full-width\"  id=\"row-1337939485\">\n\n\t<div id=\"col-1469786362\" class=\"col medium-8 small-12 large-8\"  >\n\t\t<div class=\"col-inner\"  >\n\t\t\t\n\t\t\t\n<h2 class=\"uppercase\">R\u00f3lunk<\/h2>\n<h3>Ez az eur\u00f3pai keresked\u0151, az EuroEcoTech (N\u00e9metorsz\u00e1g) weboldala.<\/h3>\n<p>Ioncser\u00e9l\u0151 gyant\u00e1k TM NIDROLIGHT &#8211; Innovat\u00edv \u00e9s modern term\u00e9k.<\/p>\n<p>Gy\u00e1rt\u00f3nk, a Ningbo Zhengguang Resin Co., Ltd. teljes eg\u00e9sz\u00e9ben a Zhejiang Zhengguang Industrial Co., Ltd. termel\u00e9si b\u00e1zis tulajdon\u00e1ban van. A Zhengguang K\u00edna egyik legbefoly\u00e1sosabb v\u00e1llalata az ioncser\u00e9l\u0151 gyant\u00e1k gy\u00e1rt\u00e1sa \u00e9s alkalmaz\u00e1sa ter\u00e9n. Az 1969 okt\u00f3ber\u00e9ben alap\u00edtott v\u00e1llalat t\u00f6bb mint 43 \u00e9ves tapasztalattal rendelkezik az ioncser\u00e9l\u0151 gyant\u00e1k kutat\u00e1sa, fejleszt\u00e9se \u00e9s gy\u00e1rt\u00e1sa ter\u00e9n. A Zhengguang a K\u00ednai Ioncser\u00e9l\u0151 Gyanta Bizotts\u00e1g aleln\u00f6ke \u00e9s tagja a World Quality Associationnek.<\/p>\n<p>A Ningbo Zhengguang Resin Co., Ltd. a NINGBO PETROK\u00c9MIAI GAZDAS\u00c1GFEJLESZT\u00c9SI \u00d6VEZETBEN tal\u00e1lhat\u00f3. A tervez\u00e9si \u00f6vezet teljes ter\u00fclete 56,22 n\u00e9gyzetkilom\u00e9ter, \u00e9s a K\u00ednai \u00c1llamtan\u00e1cs 2011. december 30-\u00e1n hivatalosan nemzeti fejleszt\u00e9si \u00f6vezett\u00e9 nyilv\u00e1n\u00edtotta. A NINGBO PETROK\u00c9MIAI GAZDAS\u00c1GFEJLESZT\u00c9SI \u00d6VEZET ad otthont az orsz\u00e1g legnagyobb foly\u00e9kony vegyipari dokkj\u00e1nak, az orsz\u00e1g legnagyobb petrolk\u00e9miai feldolgoz\u00f3\u00fczem\u00e9nek, a Zhenhai-nak, \u00e9s az olajfinom\u00edt\u00f3knak, valamint sz\u00e1mos vegyipari v\u00e1llalatnak. Ezek a vegyipari v\u00e1llalatok k\u00e9nyelmes hozz\u00e1f\u00e9r\u00e9st biztos\u00edtanak a nyersanyag-beszerz\u00e9shez, m\u00edg a k\u00f6zeli Beilong kik\u00f6t\u0151 szint\u00e9n k\u00e9nyelmes felt\u00e9teleket teremt a nyersanyagok \u00e9s term\u00e9kek importj\u00e1hoz \u00e9s exportj\u00e1hoz.<\/p>\n<p>A Ningbo Zhengguang Resin Co., Ltd. 2007 november\u00e9ben tartotta az alapk\u0151let\u00e9teli \u00fcnneps\u00e9get, \u00e9s 2010 szeptember\u00e9ben kezdte meg a tesztgy\u00e1rt\u00e1st. 2011 v\u00e9g\u00e9re a Ningbo Zhengguang Resin Co., Ltd. megkezdte a norm\u00e1l termel\u00e9st, \u00e9s megszerezte a biztons\u00e1gos gy\u00e1rt\u00e1si enged\u00e9lyt, valamint a k\u00f6rnyezetv\u00e9delmi ellen\u0151rz\u00e9si \u00e1tv\u00e9telt.<\/p>\n\t\t<\/div>\n\t\t\t<\/div>\n\n\t\n\n\t<div id=\"col-777588031\" class=\"col medium-4 small-12 large-4 small-col-first\"  >\n\t\t<div class=\"col-inner\"  >\n\t\t\t\n\t\t\t\n\t<div class=\"img has-hover x md-x lg-x y md-y lg-y\" id=\"image_368624684\">\n\t\t\t\t\t\t\t\t<div class=\"img-inner dark\" >\n\t\t\t<img loading=\"lazy\" decoding=\"async\" width=\"1254\" height=\"841\" src=\"https:\/\/hydrolite.eu\/wp-content\/uploads\/2022\/05\/outside-of-workshop.jpg\" class=\"attachment-original size-original\" alt=\"hydrolite\" srcset=\"https:\/\/hydrolite.eu\/wp-content\/uploads\/2022\/05\/outside-of-workshop.jpg 1254w, https:\/\/hydrolite.eu\/wp-content\/uploads\/2022\/05\/outside-of-workshop-300x201.jpg 300w, https:\/\/hydrolite.eu\/wp-content\/uploads\/2022\/05\/outside-of-workshop-1024x687.jpg 1024w, https:\/\/hydrolite.eu\/wp-content\/uploads\/2022\/05\/outside-of-workshop-200x134.jpg 200w, https:\/\/hydrolite.eu\/wp-content\/uploads\/2022\/05\/outside-of-workshop-400x268.jpg 400w\" sizes=\"auto, (max-width: 1254px) 100vw, 1254px\" \/>\t\t\t\t\t\t\n\t\t\t\t\t<\/div>\n\t\t\t\t\t\t\t\t\n<style>\n#image_368624684 {\n  width: 100%;\n}\n<\/style>\n\t<\/div>\n\t\n\t<div class=\"img has-hover x md-x lg-x y md-y lg-y\" id=\"image_2117895687\">\n\t\t\t\t\t\t\t\t<div class=\"img-inner dark\" >\n\t\t\t<img loading=\"lazy\" decoding=\"async\" width=\"1502\" height=\"973\" src=\"https:\/\/hydrolite.eu\/wp-content\/uploads\/2022\/05\/material-farm.jpg\" class=\"attachment-original size-original\" alt=\"Company\" srcset=\"https:\/\/hydrolite.eu\/wp-content\/uploads\/2022\/05\/material-farm.jpg 1502w, https:\/\/hydrolite.eu\/wp-content\/uploads\/2022\/05\/material-farm-300x194.jpg 300w, https:\/\/hydrolite.eu\/wp-content\/uploads\/2022\/05\/material-farm-1024x663.jpg 1024w, https:\/\/hydrolite.eu\/wp-content\/uploads\/2022\/05\/material-farm-200x130.jpg 200w, https:\/\/hydrolite.eu\/wp-content\/uploads\/2022\/05\/material-farm-400x259.jpg 400w\" sizes=\"auto, (max-width: 1502px) 100vw, 1502px\" \/>\t\t\t\t\t\t\n\t\t\t\t\t<\/div>\n\t\t\t\t\t\t\t\t\n<style>\n#image_2117895687 {\n  width: 100%;\n}\n<\/style>\n\t<\/div>\n\t\n\t\t<\/div>\n\t\t\t<\/div>\n\n\t\n<\/div>\n<div class=\"row row-large row-full-width\"  id=\"row-1597149023\">\n\n\t<div id=\"col-3866905\" class=\"col medium-4 small-12 large-4\"  >\n\t\t<div class=\"col-inner\"  >\n\t\t\t\n\t\t\t\n\t<div class=\"img has-hover x md-x lg-x y md-y lg-y\" id=\"image_1506746883\">\n\t\t\t\t\t\t\t\t<div class=\"img-inner dark\" >\n\t\t\t<img loading=\"lazy\" decoding=\"async\" width=\"1020\" height=\"639\" src=\"https:\/\/hydrolite.eu\/wp-content\/uploads\/2022\/05\/workshop-1-1024x642.jpg\" class=\"attachment-large size-large\" alt=\"hydrolite\" srcset=\"https:\/\/hydrolite.eu\/wp-content\/uploads\/2022\/05\/workshop-1-1024x642.jpg 1024w, https:\/\/hydrolite.eu\/wp-content\/uploads\/2022\/05\/workshop-1-300x188.jpg 300w, https:\/\/hydrolite.eu\/wp-content\/uploads\/2022\/05\/workshop-1-200x125.jpg 200w, https:\/\/hydrolite.eu\/wp-content\/uploads\/2022\/05\/workshop-1-400x251.jpg 400w, https:\/\/hydrolite.eu\/wp-content\/uploads\/2022\/05\/workshop-1.jpg 1502w\" sizes=\"auto, (max-width: 1020px) 100vw, 1020px\" \/>\t\t\t\t\t\t\n\t\t\t\t\t<\/div>\n\t\t\t\t\t\t\t\t\n<style>\n#image_1506746883 {\n  width: 100%;\n}\n<\/style>\n\t<\/div>\n\t\n\t<div class=\"img has-hover x md-x lg-x y md-y lg-y\" id=\"image_325626808\">\n\t\t\t\t\t\t\t\t<div class=\"img-inner dark\" >\n\t\t\t<img loading=\"lazy\" decoding=\"async\" width=\"1020\" height=\"680\" src=\"https:\/\/hydrolite.eu\/wp-content\/uploads\/2022\/05\/part-of-qc-1024x683.jpg\" class=\"attachment-large size-large\" alt=\"hydrolite\" srcset=\"https:\/\/hydrolite.eu\/wp-content\/uploads\/2022\/05\/part-of-qc-1024x683.jpg 1024w, https:\/\/hydrolite.eu\/wp-content\/uploads\/2022\/05\/part-of-qc-300x200.jpg 300w, https:\/\/hydrolite.eu\/wp-content\/uploads\/2022\/05\/part-of-qc-200x133.jpg 200w, https:\/\/hydrolite.eu\/wp-content\/uploads\/2022\/05\/part-of-qc-400x267.jpg 400w, https:\/\/hydrolite.eu\/wp-content\/uploads\/2022\/05\/part-of-qc.jpg 1180w\" sizes=\"auto, (max-width: 1020px) 100vw, 1020px\" \/>\t\t\t\t\t\t\n\t\t\t\t\t<\/div>\n\t\t\t\t\t\t\t\t\n<style>\n#image_325626808 {\n  width: 100%;\n}\n<\/style>\n\t<\/div>\n\t\n\t\t<\/div>\n\t\t\t<\/div>\n\n\t\n\n\t<div id=\"col-1453083795\" class=\"col medium-8 small-12 large-8\"  >\n\t\t<div class=\"col-inner\"  >\n\t\t\t\n\t\t\t\n<p>A Zhengguang ioncser\u00e9l\u0151 gyant\u00e1k, biok\u00e9miai elv\u00e1laszt\u00f3 k\u00f6zegek \u00e9s makropor\u00f3zus adszorbensek gy\u00e1rt\u00e1s\u00e1ra specializ\u00e1l\u00f3dott. Az ioncser\u00e9l\u0151 gyanta term\u00e9kcsal\u00e1d n\u00e9gy f\u0151 sorozatb\u00f3l \u00e1ll: sztirol sorozat, akrilsav sorozat, fenol-aldehid sorozat \u00e9s gy\u0171r\u0171s oxig\u00e9n sorozat. A biok\u00e9miai elv\u00e1laszt\u00f3 k\u00f6zegek k\u00f6z\u00e9 tartoznak az ioncser\u00e9l\u0151 kromatogr\u00e1fi\u00e1s k\u00f6zegek, a hidrof\u00f3b k\u00f6lcs\u00f6nhat\u00e1s\u00fa kromatogr\u00e1fi\u00e1s k\u00f6zegek, az affinit\u00e1skromatogr\u00e1fi\u00e1s k\u00f6zegek, a g\u00e9lkromatogr\u00e1fi\u00e1s k\u00f6zegek \u00e9s az aktiv\u00e1lt intermedierek, amelyek \u00f6t t\u00edpust \u00e9s k\u00f6zel 100 v\u00e1ltozatot tartalmaznak. A makropor\u00f3zus szorbensek k\u00f6z\u00e9 tartoznak a nem pol\u00e1ris, m\u00e9rs\u00e9kelten pol\u00e1ris \u00e9s pol\u00e1ris szorbensek h\u00e1rom t\u00edpusban \u00e9s k\u00f6zel egy tucat v\u00e1ltozatban. A bejegyzett v\u00e9djegyek k\u00f6z\u00e9 tartozik a &#8222;Zhengguang&#8221; \u00e9s a &#8222;Hydorlite&#8221;.<\/p>\n<p>A Zhengguang kiv\u00e1l\u00f3 term\u00e9kmin\u0151s\u00e9g\u00e9nek, fejlett technol\u00f3gi\u00e1j\u00e1nak \u00e9s \u0151szinte m\u0171szaki szolg\u00e1ltat\u00e1sainak k\u00f6sz\u00f6nhet\u0151en j\u00f3 h\u00edrn\u00e9vnek \u00f6rvend az \u00fcgyfelek \u00e9s az ipar\u00e1g k\u00f6r\u00e9ben. A Zhengguang sz\u00e1mos term\u00e9ket fejlesztett ki K\u00edna kezdem\u00e9nyez\u00e9s\u00e9re, \u00e9s t\u00f6bbek k\u00f6z\u00f6tt megkapta a \u201eNemzeti Kulcsfontoss\u00e1g\u00fa \u00daj Term\u00e9k Tan\u00fas\u00edtv\u00e1ny\u201d, a \u201eTechnol\u00f3giai Innov\u00e1ci\u00f3s Alap Tan\u00fas\u00edtv\u00e1ny\u201d, a \u201eNemzeti F\u00e1klyaterv\u201d, a \u201eK\u00ednai Villamosenergia-tudom\u00e1nyi \u00e9s Technol\u00f3giai D\u00edj\u201d, a \u201eHaszns\u00e1gi Minta Szabadalmak\u201d \u00e9s a \u201eTal\u00e1lm\u00e1nyi Szabadalmak\u201d d\u00edjakat. A Zhengguang ioncser\u00e9l\u0151 gyant\u00e1j\u00e1t t\u00f6bbsz\u00f6r is \u201eZhejiang tartom\u00e1ny h\u00edres term\u00e9ke\u201d c\u00edmmel t\u00fcntett\u00e9k ki, m\u00e1rk\u00e1j\u00e1t pedig \u201eZhejiang tartom\u00e1ny h\u00edres m\u00e1rk\u00e1ja\u201d c\u00edmmel. Ezen d\u00edjak alapj\u00e1n a Zhengguangot \u201eNemzeti Kulcsfontoss\u00e1g\u00fa Cs\u00facstechnol\u00f3giai V\u00e1llalkoz\u00e1st\u00e1mogat\u00e1s\u201d, \u201eZhejiang tartom\u00e1ny cs\u00facstechnol\u00f3giai v\u00e1llalkoz\u00e1sa\u201d \u00e9s \u201eZhejiang Tartom\u00e1nyi V\u00e1llalati Technol\u00f3giai K\u00f6zpont\u201d c\u00edmmel t\u00fcntett\u00e9k ki.<\/p>\n<p>A Zhengguang \u00e9s a Hydrlite m\u00e1rk\u00e1j\u00fa ioncser\u00e9l\u0151 gyant\u00e1kat jelenleg K\u00edna sz\u00e1mos tartom\u00e1ny\u00e1ban \u00e9s r\u00e9gi\u00f3j\u00e1ban \u00e9rt\u00e9kes\u00edtik az elektromos energia, az elektronika, az atomenergia, a vegyipar, a k\u00f6nny\u0171ipar, a gy\u00f3gyszeripar, az \u00e9lelmiszeripar, az italgy\u00e1rt\u00e1s, a koh\u00e1szat \u00e9s a k\u00f6rnyezetv\u00e9delmi ipar\u00e1gakban. Amerik\u00e1ban, Eur\u00f3p\u00e1ban, Afrik\u00e1ban \u00e9s D\u00e9lkelet-\u00c1zsi\u00e1ban is \u00e9rt\u00e9kes\u00edtik \u0151ket. A Zhengguang gyant\u00e1k fontos szerepet j\u00e1tszanak a kaz\u00e1nt\u00e1pv\u00edz \u00e9s a kondenzv\u00edz kezel\u00e9s\u00e9ben, az atomer\u0151m\u0171vek primer \u00e9s szekunder k\u00f6ri v\u00edzkezel\u00e9s\u00e9ben, a technol\u00f3giai v\u00edzben \u00e9s az elektronikai min\u0151s\u00e9g\u0171 ultratiszta v\u00edzben, valamint kiv\u00e1l\u00f3 teljes\u00edtm\u00e9ny\u00fcknek k\u00f6sz\u00f6nhet\u0151en az \u00e9lelmiszeripar, az orvostudom\u00e1ny \u00e9s a biok\u00e9mia ter\u00fclet\u00e9n. Vil\u00e1gszerte sz\u00e9les k\u00f6rben alkalmazz\u00e1k \u0151ket.<\/p>\n\t\t<\/div>\n\t\t\t<\/div>\n\n\t\n<\/div>\n<div class=\"row row-large row-full-width\"  id=\"row-356380761\">\n\n\t<div id=\"col-1594863134\" class=\"col medium-4 small-12 large-4\"  >\n\t\t<div class=\"col-inner\"  >\n\t\t\t\n\t\t\t\n<div role=\"form\" class=\"wpcf7\" id=\"wpcf7-f27-o1\" lang=\"ru-RU\" dir=\"ltr\">\n<div class=\"screen-reader-response\"><p role=\"status\" aria-live=\"polite\" aria-atomic=\"true\"><\/p> <ul><\/ul><\/div>\n<form action=\"\/hu\/wp-json\/wp\/v2\/pages\/5465#wpcf7-f27-o1\" method=\"post\" class=\"wpcf7-form init\" novalidate=\"novalidate\" data-status=\"init\">\n<div style=\"display: none;\">\n<input type=\"hidden\" name=\"_wpcf7\" value=\"27\" \/>\n<input type=\"hidden\" name=\"_wpcf7_version\" value=\"5.5.5\" \/>\n<input type=\"hidden\" name=\"_wpcf7_locale\" value=\"ru_RU\" \/>\n<input type=\"hidden\" name=\"_wpcf7_unit_tag\" value=\"wpcf7-f27-o1\" \/>\n<input type=\"hidden\" name=\"_wpcf7_container_post\" value=\"0\" \/>\n<input type=\"hidden\" name=\"_wpcf7_posted_data_hash\" value=\"\" \/>\n<\/div>\n<div class=\"form-flat\">\n<span class=\"wpcf7-form-control-wrap your-name\"><input type=\"text\" name=\"your-name\" value=\"\" size=\"40\" class=\"wpcf7-form-control wpcf7-text wpcf7-validates-as-required\" aria-required=\"true\" aria-invalid=\"false\" placeholder=\"Your Name\" \/><\/span><\/p>\n<p><span class=\"wpcf7-form-control-wrap tel-640\"><input type=\"tel\" name=\"tel-640\" value=\"\" size=\"40\" class=\"wpcf7-form-control wpcf7-text wpcf7-tel wpcf7-validates-as-required wpcf7-validates-as-tel\" aria-required=\"true\" aria-invalid=\"false\" placeholder=\"Phone\" \/><\/span><\/p>\n<p><span class=\"wpcf7-form-control-wrap your-email\"><input type=\"email\" name=\"your-email\" value=\"\" size=\"40\" class=\"wpcf7-form-control wpcf7-text wpcf7-email wpcf7-validates-as-required wpcf7-validates-as-email\" aria-required=\"true\" aria-invalid=\"false\" placeholder=\"Your Email\" \/><\/span> <\/p>\n<p><span class=\"wpcf7-form-control-wrap your-message\"><textarea name=\"your-message\" cols=\"40\" rows=\"10\" class=\"wpcf7-form-control wpcf7-textarea\" aria-invalid=\"false\" placeholder=\"Your Message\"><\/textarea><\/span> <\/p>\n<p><input type=\"submit\" value=\"Submit\" class=\"wpcf7-form-control has-spinner wpcf7-submit button\" \/>\n<\/p><\/div>\n<div class=\"wpcf7-response-output\" aria-hidden=\"true\"><\/div><\/form><\/div>\n\t\t<\/div>\n\t\t\t<\/div>\n\n\t\n\n\t<div id=\"col-689290709\" class=\"col medium-8 small-12 large-8\"  >\n\t\t<div class=\"col-inner\"  >\n\t\t\t\n\t\t\t\n\t<div id=\"text-1758054701\" class=\"text\">\n\t\t\n<h2 class=\"uppercase\">Szeretne vel\u00fcnk dolgozni?<\/h2>\n\t\t\n<style>\n#text-1758054701 {\n  text-align: center;\n}\n<\/style>\n\t<\/div>\n\t\n<p class=\"lead\">Csak \u00edrjon nek\u00fcnk.<\/p>\n\t\t<\/div>\n\t\t\t<\/div>\n\n\t\n<\/div>\n","protected":false},"excerpt":{"rendered":"","protected":false},"author":1,"featured_media":5012,"parent":0,"menu_order":0,"comment_status":"closed","ping_status":"closed","template":"page-blank.php","meta":{"footnotes":""},"class_list":["post-5465","page","type-page","status-publish","has-post-thumbnail","hentry"],"_links":{"self":[{"href":"https:\/\/hydrolite.eu\/hu\/wp-json\/wp\/v2\/pages\/5465","targetHints":{"allow":["GET"]}}],"collection":[{"href":"https:\/\/hydrolite.eu\/hu\/wp-json\/wp\/v2\/pages"}],"about":[{"href":"https:\/\/hydrolite.eu\/hu\/wp-json\/wp\/v2\/types\/page"}],"author":[{"embeddable":true,"href":"https:\/\/hydrolite.eu\/hu\/wp-json\/wp\/v2\/users\/1"}],"replies":[{"embeddable":true,"href":"https:\/\/hydrolite.eu\/hu\/wp-json\/wp\/v2\/comments?post=5465"}],"version-history":[{"count":3,"href":"https:\/\/hydrolite.eu\/hu\/wp-json\/wp\/v2\/pages\/5465\/revisions"}],"predecessor-version":[{"id":5480,"href":"https:\/\/hydrolite.eu\/hu\/wp-json\/wp\/v2\/pages\/5465\/revisions\/5480"}],"wp:featuredmedia":[{"embeddable":true,"href":"https:\/\/hydrolite.eu\/hu\/wp-json\/wp\/v2\/media\/5012"}],"wp:attachment":[{"href":"https:\/\/hydrolite.eu\/hu\/wp-json\/wp\/v2\/media?parent=5465"}],"curies":[{"name":"wp","href":"https:\/\/api.w.org\/{rel}","templated":true}]}}